{"id":455998,"date":"2021-07-20T08:27:15","date_gmt":"2021-07-20T06:27:15","guid":{"rendered":"https:\/\/www.daisho.be\/produit\/knoechelschutz-adidas-anti-rutsch-schwarz\/"},"modified":"2025-10-09T14:13:29","modified_gmt":"2025-10-09T12:13:29","slug":"knoechelschutz-adidas-anti-rutsch-schwarz","status":"publish","type":"product","link":"https:\/\/www.daisho.be\/de\/produit\/knoechelschutz-adidas-anti-rutsch-schwarz\/","title":{"rendered":"Kn\u00f6chelschutz adidas Anti-Rutsch schwarz"},"content":{"rendered":"<p>Dieser Kn\u00f6chelschutz ist aus Neopren gefertigt. Der Kn\u00f6chelschutz st\u00fctzt Ihren Kn\u00f6chel und bietet zus\u00e4tzlichen Halt f\u00fcr die rutschfesten Spikes an der Unterseite. Der Kn\u00f6chelschutz ist elastisch, damit er an Ort und Stelle bleibt.<br \/>\nDieser Kn\u00f6chelschutz eignet sich f\u00fcr Kickboxen, Thaiboxen, MMA, Boxen, Karate usw.<br \/>\nVorteile:<br \/>\n&#8211; Schutz Ihrer Kn\u00f6chel<br \/>\n&#8211; elastisch<br \/>\n&#8211; Spikes f\u00fcr Anti-Rutsch.  <\/p>\n","protected":false},"excerpt":{"rendered":"<p>Dieser Kn\u00f6chelschutz ist aus Neopren gefertigt. Der Kn\u00f6chelschutz st\u00fctzt Ihren Kn\u00f6chel und bietet zus\u00e4tzlichen Halt f\u00fcr die rutschfesten Spikes an der Unterseite. Der Kn\u00f6chelschutz ist elastisch, damit er an Ort und Stelle bleibt. Dieser Kn\u00f6chelschutz eignet sich f\u00fcr Kickboxen, Thaiboxen, MMA, Boxen, Karate usw. Vorteile: &#8211; Schutz Ihrer Kn\u00f6chel &#8211; elastisch &#8211; Spikes f\u00fcr Anti-Rutsch.<\/p>\n","protected":false},"featured_media":456005,"comment_status":"open","ping_status":"closed","template":"","meta":{"inline_featured_image":false},"product_brand":[],"product_cat":[2277,2261,2297,2051],"product_tag":[2178],"sport":[],"class_list":{"0":"post-455998","1":"product","2":"type-product","3":"status-publish","4":"has-post-thumbnail","6":"product_cat-kick-boxing-protektoren-adidas","7":"product_cat-mma-protektoren-adidas","8":"product_cat-muay-thai-protektoren-adidas","9":"product_cat-schutz","10":"product_tag-adidas-de","11":"pa_size-l","12":"pa_size-m","13":"pa_size-s","14":"pa_size-xl","16":"first","17":"instock","18":"taxable","19":"shipping-taxable","20":"purchasable","21":"product-type-variable"},"yoast_head":"<!-- This site is optimized with the Yoast SEO plugin v27.2 - https:\/\/yoast.com\/product\/yoast-seo-wordpress\/ -->\n<title>Kn\u00f6chelschutz adidas Anti-Rutsch schwarz &#8211; Daisho<\/title>\n<meta name=\"description\" content=\"Entdecken Sie die Kn\u00f6chelsch\u00fctzer, die Ihre Kn\u00f6chel vollst\u00e4ndig unterst\u00fctzen. Kaufen Sie sie auf unserer Website www.daisho.be|Daisho.\" \/>\n<meta name=\"robots\" content=\"index, follow, max-snippet:-1, max-image-preview:large, max-video-preview:-1\" \/>\n<link rel=\"canonical\" href=\"https:\/\/www.daisho.be\/de\/produit\/knoechelschutz-adidas-anti-rutsch-schwarz\/\" \/>\n<meta property=\"og:locale\" content=\"de_DE\" \/>\n<meta property=\"og:type\" content=\"article\" \/>\n<meta property=\"og:title\" content=\"Kn\u00f6chelschutz adidas Anti-Rutsch schwarz &#8211; Daisho\" \/>\n<meta property=\"og:description\" content=\"Entdecken Sie die Kn\u00f6chelsch\u00fctzer, die Ihre Kn\u00f6chel vollst\u00e4ndig unterst\u00fctzen. Kaufen Sie sie auf unserer Website www.daisho.be|Daisho.\" \/>\n<meta property=\"og:url\" content=\"https:\/\/www.daisho.be\/de\/produit\/knoechelschutz-adidas-anti-rutsch-schwarz\/\" \/>\n<meta property=\"og:site_name\" content=\"Daisho\" \/>\n<meta property=\"article:modified_time\" content=\"2025-10-09T12:13:29+00:00\" \/>\n<meta property=\"og:image\" content=\"https:\/\/www.daisho.be\/wp-content\/uploads\/2024\/11\/image-50.jpg\" \/>\n\t<meta property=\"og:image:width\" content=\"650\" \/>\n\t<meta property=\"og:image:height\" content=\"650\" \/>\n\t<meta property=\"og:image:type\" content=\"image\/jpeg\" \/>\n<meta name=\"twitter:card\" content=\"summary_large_image\" \/>\n<script type=\"application\/ld+json\" class=\"yoast-schema-graph\">{\"@context\":\"https:\/\/schema.org\",\"@graph\":[{\"@type\":\"WebPage\",\"@id\":\"https:\/\/www.daisho.be\/de\/produit\/knoechelschutz-adidas-anti-rutsch-schwarz\/\",\"url\":\"https:\/\/www.daisho.be\/de\/produit\/knoechelschutz-adidas-anti-rutsch-schwarz\/\",\"name\":\"Kn\u00f6chelschutz adidas Anti-Rutsch schwarz &#8211; Daisho\",\"isPartOf\":{\"@id\":\"https:\/\/www.daisho.be\/de\/#website\"},\"primaryImageOfPage\":{\"@id\":\"https:\/\/www.daisho.be\/de\/produit\/knoechelschutz-adidas-anti-rutsch-schwarz\/#primaryimage\"},\"image\":{\"@id\":\"https:\/\/www.daisho.be\/de\/produit\/knoechelschutz-adidas-anti-rutsch-schwarz\/#primaryimage\"},\"thumbnailUrl\":\"https:\/\/www.daisho.be\/wp-content\/uploads\/2024\/11\/image-50.jpg\",\"datePublished\":\"2021-07-20T06:27:15+00:00\",\"dateModified\":\"2025-10-09T12:13:29+00:00\",\"description\":\"Entdecken Sie die Kn\u00f6chelsch\u00fctzer, die Ihre Kn\u00f6chel vollst\u00e4ndig unterst\u00fctzen. Kaufen Sie sie auf unserer Website www.daisho.be|Daisho.\",\"breadcrumb\":{\"@id\":\"https:\/\/www.daisho.be\/de\/produit\/knoechelschutz-adidas-anti-rutsch-schwarz\/#breadcrumb\"},\"inLanguage\":\"de\",\"potentialAction\":[{\"@type\":\"ReadAction\",\"target\":[\"https:\/\/www.daisho.be\/de\/produit\/knoechelschutz-adidas-anti-rutsch-schwarz\/\"]}]},{\"@type\":\"ImageObject\",\"inLanguage\":\"de\",\"@id\":\"https:\/\/www.daisho.be\/de\/produit\/knoechelschutz-adidas-anti-rutsch-schwarz\/#primaryimage\",\"url\":\"https:\/\/www.daisho.be\/wp-content\/uploads\/2024\/11\/image-50.jpg\",\"contentUrl\":\"https:\/\/www.daisho.be\/wp-content\/uploads\/2024\/11\/image-50.jpg\",\"width\":650,\"height\":650,\"caption\":\"adidas Antirutsch-Kn\u00f6chelsch\u00fctzer schwarz-1\"},{\"@type\":\"BreadcrumbList\",\"@id\":\"https:\/\/www.daisho.be\/de\/produit\/knoechelschutz-adidas-anti-rutsch-schwarz\/#breadcrumb\",\"itemListElement\":[{\"@type\":\"ListItem\",\"position\":1,\"name\":\"Accueil\",\"item\":\"https:\/\/www.daisho.be\/de\/\"},{\"@type\":\"ListItem\",\"position\":2,\"name\":\"Produkte\",\"item\":\"https:\/\/www.daisho.be\/de\/produkte\/\"},{\"@type\":\"ListItem\",\"position\":3,\"name\":\"ADIDAS COMBAT SPORTS\",\"item\":\"https:\/\/www.daisho.be\/de\/categorie-produit\/adidas-combat-sports-de\/\"},{\"@type\":\"ListItem\",\"position\":4,\"name\":\"Kick-Boxing\",\"item\":\"https:\/\/www.daisho.be\/de\/categorie-produit\/adidas-combat-sports-de\/kick-boxing-de\/\"},{\"@type\":\"ListItem\",\"position\":5,\"name\":\"Kick-Boxing Protektoren Adidas\",\"item\":\"https:\/\/www.daisho.be\/de\/categorie-produit\/adidas-combat-sports-de\/kick-boxing-de\/kick-boxing-protektoren-adidas\/\"},{\"@type\":\"ListItem\",\"position\":6,\"name\":\"Kn\u00f6chelschutz adidas Anti-Rutsch schwarz\"}]},{\"@type\":\"WebSite\",\"@id\":\"https:\/\/www.daisho.be\/de\/#website\",\"url\":\"https:\/\/www.daisho.be\/de\/\",\"name\":\"Daisho\",\"description\":\"Sp&eacute;cialiste de l'&eacute;quipement sportif d'arts martiaux\",\"publisher\":{\"@id\":\"https:\/\/www.daisho.be\/de\/#organization\"},\"potentialAction\":[{\"@type\":\"SearchAction\",\"target\":{\"@type\":\"EntryPoint\",\"urlTemplate\":\"https:\/\/www.daisho.be\/de\/?s={search_term_string}\"},\"query-input\":{\"@type\":\"PropertyValueSpecification\",\"valueRequired\":true,\"valueName\":\"search_term_string\"}}],\"inLanguage\":\"de\"},{\"@type\":\"Organization\",\"@id\":\"https:\/\/www.daisho.be\/de\/#organization\",\"name\":\"Daisho\",\"url\":\"https:\/\/www.daisho.be\/de\/\",\"logo\":{\"@type\":\"ImageObject\",\"inLanguage\":\"de\",\"@id\":\"https:\/\/www.daisho.be\/de\/#\/schema\/logo\/image\/\",\"url\":\"https:\/\/www.daisho.be\/wp-content\/uploads\/2019\/07\/color-nothing-horizontale4x-e1564486100247.png\",\"contentUrl\":\"https:\/\/www.daisho.be\/wp-content\/uploads\/2019\/07\/color-nothing-horizontale4x-e1564486100247.png\",\"width\":1547,\"height\":385,\"caption\":\"Daisho\"},\"image\":{\"@id\":\"https:\/\/www.daisho.be\/de\/#\/schema\/logo\/image\/\"}}]}<\/script>\n<!-- \/ Yoast SEO plugin. -->","yoast_head_json":{"title":"Kn\u00f6chelschutz adidas Anti-Rutsch schwarz &#8211; Daisho","description":"Entdecken Sie die Kn\u00f6chelsch\u00fctzer, die Ihre Kn\u00f6chel vollst\u00e4ndig unterst\u00fctzen. Kaufen Sie sie auf unserer Website www.daisho.be|Daisho.","robots":{"index":"index","follow":"follow","max-snippet":"max-snippet:-1","max-image-preview":"max-image-preview:large","max-video-preview":"max-video-preview:-1"},"canonical":"https:\/\/www.daisho.be\/de\/produit\/knoechelschutz-adidas-anti-rutsch-schwarz\/","og_locale":"de_DE","og_type":"article","og_title":"Kn\u00f6chelschutz adidas Anti-Rutsch schwarz &#8211; Daisho","og_description":"Entdecken Sie die Kn\u00f6chelsch\u00fctzer, die Ihre Kn\u00f6chel vollst\u00e4ndig unterst\u00fctzen. Kaufen Sie sie auf unserer Website www.daisho.be|Daisho.","og_url":"https:\/\/www.daisho.be\/de\/produit\/knoechelschutz-adidas-anti-rutsch-schwarz\/","og_site_name":"Daisho","article_modified_time":"2025-10-09T12:13:29+00:00","og_image":[{"width":650,"height":650,"url":"https:\/\/www.daisho.be\/wp-content\/uploads\/2024\/11\/image-50.jpg","type":"image\/jpeg"}],"twitter_card":"summary_large_image","schema":{"@context":"https:\/\/schema.org","@graph":[{"@type":"WebPage","@id":"https:\/\/www.daisho.be\/de\/produit\/knoechelschutz-adidas-anti-rutsch-schwarz\/","url":"https:\/\/www.daisho.be\/de\/produit\/knoechelschutz-adidas-anti-rutsch-schwarz\/","name":"Kn\u00f6chelschutz adidas Anti-Rutsch schwarz &#8211; Daisho","isPartOf":{"@id":"https:\/\/www.daisho.be\/de\/#website"},"primaryImageOfPage":{"@id":"https:\/\/www.daisho.be\/de\/produit\/knoechelschutz-adidas-anti-rutsch-schwarz\/#primaryimage"},"image":{"@id":"https:\/\/www.daisho.be\/de\/produit\/knoechelschutz-adidas-anti-rutsch-schwarz\/#primaryimage"},"thumbnailUrl":"https:\/\/www.daisho.be\/wp-content\/uploads\/2024\/11\/image-50.jpg","datePublished":"2021-07-20T06:27:15+00:00","dateModified":"2025-10-09T12:13:29+00:00","description":"Entdecken Sie die Kn\u00f6chelsch\u00fctzer, die Ihre Kn\u00f6chel vollst\u00e4ndig unterst\u00fctzen. Kaufen Sie sie auf unserer Website www.daisho.be|Daisho.","breadcrumb":{"@id":"https:\/\/www.daisho.be\/de\/produit\/knoechelschutz-adidas-anti-rutsch-schwarz\/#breadcrumb"},"inLanguage":"de","potentialAction":[{"@type":"ReadAction","target":["https:\/\/www.daisho.be\/de\/produit\/knoechelschutz-adidas-anti-rutsch-schwarz\/"]}]},{"@type":"ImageObject","inLanguage":"de","@id":"https:\/\/www.daisho.be\/de\/produit\/knoechelschutz-adidas-anti-rutsch-schwarz\/#primaryimage","url":"https:\/\/www.daisho.be\/wp-content\/uploads\/2024\/11\/image-50.jpg","contentUrl":"https:\/\/www.daisho.be\/wp-content\/uploads\/2024\/11\/image-50.jpg","width":650,"height":650,"caption":"adidas Antirutsch-Kn\u00f6chelsch\u00fctzer schwarz-1"},{"@type":"BreadcrumbList","@id":"https:\/\/www.daisho.be\/de\/produit\/knoechelschutz-adidas-anti-rutsch-schwarz\/#breadcrumb","itemListElement":[{"@type":"ListItem","position":1,"name":"Accueil","item":"https:\/\/www.daisho.be\/de\/"},{"@type":"ListItem","position":2,"name":"Produkte","item":"https:\/\/www.daisho.be\/de\/produkte\/"},{"@type":"ListItem","position":3,"name":"ADIDAS COMBAT SPORTS","item":"https:\/\/www.daisho.be\/de\/categorie-produit\/adidas-combat-sports-de\/"},{"@type":"ListItem","position":4,"name":"Kick-Boxing","item":"https:\/\/www.daisho.be\/de\/categorie-produit\/adidas-combat-sports-de\/kick-boxing-de\/"},{"@type":"ListItem","position":5,"name":"Kick-Boxing Protektoren Adidas","item":"https:\/\/www.daisho.be\/de\/categorie-produit\/adidas-combat-sports-de\/kick-boxing-de\/kick-boxing-protektoren-adidas\/"},{"@type":"ListItem","position":6,"name":"Kn\u00f6chelschutz adidas Anti-Rutsch schwarz"}]},{"@type":"WebSite","@id":"https:\/\/www.daisho.be\/de\/#website","url":"https:\/\/www.daisho.be\/de\/","name":"Daisho","description":"Sp&eacute;cialiste de l'&eacute;quipement sportif d'arts martiaux","publisher":{"@id":"https:\/\/www.daisho.be\/de\/#organization"},"potentialAction":[{"@type":"SearchAction","target":{"@type":"EntryPoint","urlTemplate":"https:\/\/www.daisho.be\/de\/?s={search_term_string}"},"query-input":{"@type":"PropertyValueSpecification","valueRequired":true,"valueName":"search_term_string"}}],"inLanguage":"de"},{"@type":"Organization","@id":"https:\/\/www.daisho.be\/de\/#organization","name":"Daisho","url":"https:\/\/www.daisho.be\/de\/","logo":{"@type":"ImageObject","inLanguage":"de","@id":"https:\/\/www.daisho.be\/de\/#\/schema\/logo\/image\/","url":"https:\/\/www.daisho.be\/wp-content\/uploads\/2019\/07\/color-nothing-horizontale4x-e1564486100247.png","contentUrl":"https:\/\/www.daisho.be\/wp-content\/uploads\/2019\/07\/color-nothing-horizontale4x-e1564486100247.png","width":1547,"height":385,"caption":"Daisho"},"image":{"@id":"https:\/\/www.daisho.be\/de\/#\/schema\/logo\/image\/"}}]}},"_links":{"self":[{"href":"https:\/\/www.daisho.be\/de\/wp-json\/wp\/v2\/product\/455998","targetHints":{"allow":["GET"]}}],"collection":[{"href":"https:\/\/www.daisho.be\/de\/wp-json\/wp\/v2\/product"}],"about":[{"href":"https:\/\/www.daisho.be\/de\/wp-json\/wp\/v2\/types\/product"}],"replies":[{"embeddable":true,"href":"https:\/\/www.daisho.be\/de\/wp-json\/wp\/v2\/comments?post=455998"}],"wp:featuredmedia":[{"embeddable":true,"href":"https:\/\/www.daisho.be\/de\/wp-json\/wp\/v2\/media\/456005"}],"wp:attachment":[{"href":"https:\/\/www.daisho.be\/de\/wp-json\/wp\/v2\/media?parent=455998"}],"wp:term":[{"taxonomy":"product_brand","embeddable":true,"href":"https:\/\/www.daisho.be\/de\/wp-json\/wp\/v2\/product_brand?post=455998"},{"taxonomy":"product_cat","embeddable":true,"href":"https:\/\/www.daisho.be\/de\/wp-json\/wp\/v2\/product_cat?post=455998"},{"taxonomy":"product_tag","embeddable":true,"href":"https:\/\/www.daisho.be\/de\/wp-json\/wp\/v2\/product_tag?post=455998"},{"taxonomy":"sport","embeddable":true,"href":"https:\/\/www.daisho.be\/de\/wp-json\/wp\/v2\/sport?post=455998"}],"curies":[{"name":"wp","href":"https:\/\/api.w.org\/{rel}","templated":true}]}}