{"id":455960,"date":"2021-07-21T22:45:57","date_gmt":"2021-07-21T20:45:57","guid":{"rendered":"https:\/\/www.daisho.be\/produit\/adidas-reversible-plastron-erwachsene\/"},"modified":"2025-10-09T14:13:09","modified_gmt":"2025-10-09T12:13:09","slug":"adidas-reversible-plastron-erwachsene","status":"publish","type":"product","link":"https:\/\/www.daisho.be\/de\/produit\/adidas-reversible-plastron-erwachsene\/","title":{"rendered":"adidas Reversible Plastron Erwachsene"},"content":{"rendered":"<p>Der adidas Brustpanzer f\u00fcr Erwachsene. Dieser wendbare Brustpanzer ist anatomisch geformt f\u00fcr eine perfekte Passform und ist mit zus\u00e4tzlichen Schulterklappen f\u00fcr den notwendigen Schutz ausgestattet.<br \/>\nDer Brustpanzer hat eine rote und eine blaue Seite und kann gewendet werden. Der Brustpanzer hat eine spezielle Schn\u00fcrung auf der R\u00fcckseite f\u00fcr eine perfekte Passform. Der Brustpanzer besteht aus PU, das sehr angenehm zu tragen und sehr strapazierf\u00e4hig ist.<br \/>\nDer Brustpanzer ist von der WTF zugelassen.<br \/>\nVorteile:<br \/>\n&#8211; Gute Sto\u00dfd\u00e4mpfung<br \/>\n&#8211; WTF zugelassen<br \/>\n&#8211; Perfekte Passform durch Schn\u00fcrung<br \/>\n&#8211; Ausgestattet mit dem adidas Logo<br \/>\n&#8211; Anatomisches Design   <\/p>\n","protected":false},"excerpt":{"rendered":"<p>Der adidas Brustpanzer f\u00fcr Erwachsene. Dieser wendbare Brustpanzer ist anatomisch geformt f\u00fcr eine perfekte Passform und ist mit zus\u00e4tzlichen Schulterklappen f\u00fcr den notwendigen Schutz ausgestattet. Der Brustpanzer hat eine rote und eine blaue Seite und kann gewendet werden. Der Brustpanzer hat eine spezielle Schn\u00fcrung auf der R\u00fcckseite f\u00fcr eine perfekte Passform. Der Brustpanzer besteht aus [&hellip;]<\/p>\n","protected":false},"featured_media":455971,"comment_status":"open","ping_status":"closed","template":"","meta":{"inline_featured_image":false},"product_brand":[],"product_cat":[2051,2092,2183],"product_tag":[2178],"sport":[],"class_list":{"0":"post-455960","1":"product","2":"type-product","3":"status-publish","4":"has-post-thumbnail","6":"product_cat-schutz","7":"product_cat-taekwondo-protektoren","8":"product_cat-taekwondo-protektoren-adidas","9":"product_tag-adidas-de","10":"pa_size-l","11":"pa_size-m","12":"pa_size-s","13":"pa_size-xl","14":"pa_size-xs","15":"pa_size-xxl","17":"first","18":"instock","19":"taxable","20":"shipping-taxable","21":"purchasable","22":"product-type-variable"},"yoast_head":"<!-- This site is optimized with the Yoast SEO plugin v27.2 - https:\/\/yoast.com\/product\/yoast-seo-wordpress\/ -->\n<title>adidas Reversible Plastron Erwachsene &#8211; Daisho<\/title>\n<meta name=\"description\" content=\"Entdecken Sie den umkehrbaren Brustpanzer, der speziell f\u00fcr Erwachsene entwickelt wurde. Er bietet optimalen Schutz und Komfort. Kaufen Sie es auf www.daisho.be\" \/>\n<meta name=\"robots\" content=\"index, follow, max-snippet:-1, max-image-preview:large, max-video-preview:-1\" \/>\n<link rel=\"canonical\" href=\"https:\/\/www.daisho.be\/de\/produit\/adidas-reversible-plastron-erwachsene\/\" \/>\n<meta property=\"og:locale\" content=\"de_DE\" \/>\n<meta property=\"og:type\" content=\"article\" \/>\n<meta property=\"og:title\" content=\"adidas Reversible Plastron Erwachsene &#8211; Daisho\" \/>\n<meta property=\"og:description\" content=\"Entdecken Sie den umkehrbaren Brustpanzer, der speziell f\u00fcr Erwachsene entwickelt wurde. Er bietet optimalen Schutz und Komfort. Kaufen Sie es auf www.daisho.be\" \/>\n<meta property=\"og:url\" content=\"https:\/\/www.daisho.be\/de\/produit\/adidas-reversible-plastron-erwachsene\/\" \/>\n<meta property=\"og:site_name\" content=\"Daisho\" \/>\n<meta property=\"article:modified_time\" content=\"2025-10-09T12:13:09+00:00\" \/>\n<meta property=\"og:image\" content=\"https:\/\/www.daisho.be\/wp-content\/uploads\/2024\/07\/image-17.jpg\" \/>\n\t<meta property=\"og:image:width\" content=\"650\" \/>\n\t<meta property=\"og:image:height\" content=\"650\" \/>\n\t<meta property=\"og:image:type\" content=\"image\/jpeg\" \/>\n<meta name=\"twitter:card\" content=\"summary_large_image\" \/>\n<meta name=\"twitter:label1\" content=\"Gesch\u00e4tzte Lesezeit\" \/>\n\t<meta name=\"twitter:data1\" content=\"1\u00a0Minute\" \/>\n<script type=\"application\/ld+json\" class=\"yoast-schema-graph\">{\"@context\":\"https:\/\/schema.org\",\"@graph\":[{\"@type\":\"WebPage\",\"@id\":\"https:\/\/www.daisho.be\/de\/produit\/adidas-reversible-plastron-erwachsene\/\",\"url\":\"https:\/\/www.daisho.be\/de\/produit\/adidas-reversible-plastron-erwachsene\/\",\"name\":\"adidas Reversible Plastron Erwachsene &#8211; Daisho\",\"isPartOf\":{\"@id\":\"https:\/\/www.daisho.be\/de\/#website\"},\"primaryImageOfPage\":{\"@id\":\"https:\/\/www.daisho.be\/de\/produit\/adidas-reversible-plastron-erwachsene\/#primaryimage\"},\"image\":{\"@id\":\"https:\/\/www.daisho.be\/de\/produit\/adidas-reversible-plastron-erwachsene\/#primaryimage\"},\"thumbnailUrl\":\"https:\/\/www.daisho.be\/wp-content\/uploads\/2024\/07\/image-17.jpg\",\"datePublished\":\"2021-07-21T20:45:57+00:00\",\"dateModified\":\"2025-10-09T12:13:09+00:00\",\"description\":\"Entdecken Sie den umkehrbaren Brustpanzer, der speziell f\u00fcr Erwachsene entwickelt wurde. Er bietet optimalen Schutz und Komfort. Kaufen Sie es auf www.daisho.be\",\"breadcrumb\":{\"@id\":\"https:\/\/www.daisho.be\/de\/produit\/adidas-reversible-plastron-erwachsene\/#breadcrumb\"},\"inLanguage\":\"de\",\"potentialAction\":[{\"@type\":\"ReadAction\",\"target\":[\"https:\/\/www.daisho.be\/de\/produit\/adidas-reversible-plastron-erwachsene\/\"]}]},{\"@type\":\"ImageObject\",\"inLanguage\":\"de\",\"@id\":\"https:\/\/www.daisho.be\/de\/produit\/adidas-reversible-plastron-erwachsene\/#primaryimage\",\"url\":\"https:\/\/www.daisho.be\/wp-content\/uploads\/2024\/07\/image-17.jpg\",\"contentUrl\":\"https:\/\/www.daisho.be\/wp-content\/uploads\/2024\/07\/image-17.jpg\",\"width\":650,\"height\":650,\"caption\":\"adidas Reversible Plastron Erwachsene-1\"},{\"@type\":\"BreadcrumbList\",\"@id\":\"https:\/\/www.daisho.be\/de\/produit\/adidas-reversible-plastron-erwachsene\/#breadcrumb\",\"itemListElement\":[{\"@type\":\"ListItem\",\"position\":1,\"name\":\"Accueil\",\"item\":\"https:\/\/www.daisho.be\/de\/\"},{\"@type\":\"ListItem\",\"position\":2,\"name\":\"Produkte\",\"item\":\"https:\/\/www.daisho.be\/de\/produkte\/\"},{\"@type\":\"ListItem\",\"position\":3,\"name\":\"Ausr\u00fcstung und Kleidung f\u00fcr Kampfkunst und Kampfsport\",\"item\":\"https:\/\/www.daisho.be\/de\/categorie-produit\/ausrustung-und-kleidung-fur-kampfkunst-und-kampfsport\/\"},{\"@type\":\"ListItem\",\"position\":4,\"name\":\"Taekwondo\",\"item\":\"https:\/\/www.daisho.be\/de\/categorie-produit\/ausrustung-und-kleidung-fur-kampfkunst-und-kampfsport\/taekwondo-de-2\/\"},{\"@type\":\"ListItem\",\"position\":5,\"name\":\"Taekwondo Protektoren\",\"item\":\"https:\/\/www.daisho.be\/de\/categorie-produit\/ausrustung-und-kleidung-fur-kampfkunst-und-kampfsport\/taekwondo-de-2\/taekwondo-protektoren\/\"},{\"@type\":\"ListItem\",\"position\":6,\"name\":\"adidas Reversible Plastron Erwachsene\"}]},{\"@type\":\"WebSite\",\"@id\":\"https:\/\/www.daisho.be\/de\/#website\",\"url\":\"https:\/\/www.daisho.be\/de\/\",\"name\":\"Daisho\",\"description\":\"Sp&eacute;cialiste de l'&eacute;quipement sportif d'arts martiaux\",\"publisher\":{\"@id\":\"https:\/\/www.daisho.be\/de\/#organization\"},\"potentialAction\":[{\"@type\":\"SearchAction\",\"target\":{\"@type\":\"EntryPoint\",\"urlTemplate\":\"https:\/\/www.daisho.be\/de\/?s={search_term_string}\"},\"query-input\":{\"@type\":\"PropertyValueSpecification\",\"valueRequired\":true,\"valueName\":\"search_term_string\"}}],\"inLanguage\":\"de\"},{\"@type\":\"Organization\",\"@id\":\"https:\/\/www.daisho.be\/de\/#organization\",\"name\":\"Daisho\",\"url\":\"https:\/\/www.daisho.be\/de\/\",\"logo\":{\"@type\":\"ImageObject\",\"inLanguage\":\"de\",\"@id\":\"https:\/\/www.daisho.be\/de\/#\/schema\/logo\/image\/\",\"url\":\"https:\/\/www.daisho.be\/wp-content\/uploads\/2019\/07\/color-nothing-horizontale4x-e1564486100247.png\",\"contentUrl\":\"https:\/\/www.daisho.be\/wp-content\/uploads\/2019\/07\/color-nothing-horizontale4x-e1564486100247.png\",\"width\":1547,\"height\":385,\"caption\":\"Daisho\"},\"image\":{\"@id\":\"https:\/\/www.daisho.be\/de\/#\/schema\/logo\/image\/\"}}]}<\/script>\n<!-- \/ Yoast SEO plugin. -->","yoast_head_json":{"title":"adidas Reversible Plastron Erwachsene &#8211; Daisho","description":"Entdecken Sie den umkehrbaren Brustpanzer, der speziell f\u00fcr Erwachsene entwickelt wurde. Er bietet optimalen Schutz und Komfort. Kaufen Sie es auf www.daisho.be","robots":{"index":"index","follow":"follow","max-snippet":"max-snippet:-1","max-image-preview":"max-image-preview:large","max-video-preview":"max-video-preview:-1"},"canonical":"https:\/\/www.daisho.be\/de\/produit\/adidas-reversible-plastron-erwachsene\/","og_locale":"de_DE","og_type":"article","og_title":"adidas Reversible Plastron Erwachsene &#8211; Daisho","og_description":"Entdecken Sie den umkehrbaren Brustpanzer, der speziell f\u00fcr Erwachsene entwickelt wurde. Er bietet optimalen Schutz und Komfort. Kaufen Sie es auf www.daisho.be","og_url":"https:\/\/www.daisho.be\/de\/produit\/adidas-reversible-plastron-erwachsene\/","og_site_name":"Daisho","article_modified_time":"2025-10-09T12:13:09+00:00","og_image":[{"width":650,"height":650,"url":"https:\/\/www.daisho.be\/wp-content\/uploads\/2024\/07\/image-17.jpg","type":"image\/jpeg"}],"twitter_card":"summary_large_image","twitter_misc":{"Gesch\u00e4tzte Lesezeit":"1\u00a0Minute"},"schema":{"@context":"https:\/\/schema.org","@graph":[{"@type":"WebPage","@id":"https:\/\/www.daisho.be\/de\/produit\/adidas-reversible-plastron-erwachsene\/","url":"https:\/\/www.daisho.be\/de\/produit\/adidas-reversible-plastron-erwachsene\/","name":"adidas Reversible Plastron Erwachsene &#8211; Daisho","isPartOf":{"@id":"https:\/\/www.daisho.be\/de\/#website"},"primaryImageOfPage":{"@id":"https:\/\/www.daisho.be\/de\/produit\/adidas-reversible-plastron-erwachsene\/#primaryimage"},"image":{"@id":"https:\/\/www.daisho.be\/de\/produit\/adidas-reversible-plastron-erwachsene\/#primaryimage"},"thumbnailUrl":"https:\/\/www.daisho.be\/wp-content\/uploads\/2024\/07\/image-17.jpg","datePublished":"2021-07-21T20:45:57+00:00","dateModified":"2025-10-09T12:13:09+00:00","description":"Entdecken Sie den umkehrbaren Brustpanzer, der speziell f\u00fcr Erwachsene entwickelt wurde. Er bietet optimalen Schutz und Komfort. Kaufen Sie es auf www.daisho.be","breadcrumb":{"@id":"https:\/\/www.daisho.be\/de\/produit\/adidas-reversible-plastron-erwachsene\/#breadcrumb"},"inLanguage":"de","potentialAction":[{"@type":"ReadAction","target":["https:\/\/www.daisho.be\/de\/produit\/adidas-reversible-plastron-erwachsene\/"]}]},{"@type":"ImageObject","inLanguage":"de","@id":"https:\/\/www.daisho.be\/de\/produit\/adidas-reversible-plastron-erwachsene\/#primaryimage","url":"https:\/\/www.daisho.be\/wp-content\/uploads\/2024\/07\/image-17.jpg","contentUrl":"https:\/\/www.daisho.be\/wp-content\/uploads\/2024\/07\/image-17.jpg","width":650,"height":650,"caption":"adidas Reversible Plastron Erwachsene-1"},{"@type":"BreadcrumbList","@id":"https:\/\/www.daisho.be\/de\/produit\/adidas-reversible-plastron-erwachsene\/#breadcrumb","itemListElement":[{"@type":"ListItem","position":1,"name":"Accueil","item":"https:\/\/www.daisho.be\/de\/"},{"@type":"ListItem","position":2,"name":"Produkte","item":"https:\/\/www.daisho.be\/de\/produkte\/"},{"@type":"ListItem","position":3,"name":"Ausr\u00fcstung und Kleidung f\u00fcr Kampfkunst und Kampfsport","item":"https:\/\/www.daisho.be\/de\/categorie-produit\/ausrustung-und-kleidung-fur-kampfkunst-und-kampfsport\/"},{"@type":"ListItem","position":4,"name":"Taekwondo","item":"https:\/\/www.daisho.be\/de\/categorie-produit\/ausrustung-und-kleidung-fur-kampfkunst-und-kampfsport\/taekwondo-de-2\/"},{"@type":"ListItem","position":5,"name":"Taekwondo Protektoren","item":"https:\/\/www.daisho.be\/de\/categorie-produit\/ausrustung-und-kleidung-fur-kampfkunst-und-kampfsport\/taekwondo-de-2\/taekwondo-protektoren\/"},{"@type":"ListItem","position":6,"name":"adidas Reversible Plastron Erwachsene"}]},{"@type":"WebSite","@id":"https:\/\/www.daisho.be\/de\/#website","url":"https:\/\/www.daisho.be\/de\/","name":"Daisho","description":"Sp&eacute;cialiste de l'&eacute;quipement sportif d'arts martiaux","publisher":{"@id":"https:\/\/www.daisho.be\/de\/#organization"},"potentialAction":[{"@type":"SearchAction","target":{"@type":"EntryPoint","urlTemplate":"https:\/\/www.daisho.be\/de\/?s={search_term_string}"},"query-input":{"@type":"PropertyValueSpecification","valueRequired":true,"valueName":"search_term_string"}}],"inLanguage":"de"},{"@type":"Organization","@id":"https:\/\/www.daisho.be\/de\/#organization","name":"Daisho","url":"https:\/\/www.daisho.be\/de\/","logo":{"@type":"ImageObject","inLanguage":"de","@id":"https:\/\/www.daisho.be\/de\/#\/schema\/logo\/image\/","url":"https:\/\/www.daisho.be\/wp-content\/uploads\/2019\/07\/color-nothing-horizontale4x-e1564486100247.png","contentUrl":"https:\/\/www.daisho.be\/wp-content\/uploads\/2019\/07\/color-nothing-horizontale4x-e1564486100247.png","width":1547,"height":385,"caption":"Daisho"},"image":{"@id":"https:\/\/www.daisho.be\/de\/#\/schema\/logo\/image\/"}}]}},"_links":{"self":[{"href":"https:\/\/www.daisho.be\/de\/wp-json\/wp\/v2\/product\/455960","targetHints":{"allow":["GET"]}}],"collection":[{"href":"https:\/\/www.daisho.be\/de\/wp-json\/wp\/v2\/product"}],"about":[{"href":"https:\/\/www.daisho.be\/de\/wp-json\/wp\/v2\/types\/product"}],"replies":[{"embeddable":true,"href":"https:\/\/www.daisho.be\/de\/wp-json\/wp\/v2\/comments?post=455960"}],"wp:featuredmedia":[{"embeddable":true,"href":"https:\/\/www.daisho.be\/de\/wp-json\/wp\/v2\/media\/455971"}],"wp:attachment":[{"href":"https:\/\/www.daisho.be\/de\/wp-json\/wp\/v2\/media?parent=455960"}],"wp:term":[{"taxonomy":"product_brand","embeddable":true,"href":"https:\/\/www.daisho.be\/de\/wp-json\/wp\/v2\/product_brand?post=455960"},{"taxonomy":"product_cat","embeddable":true,"href":"https:\/\/www.daisho.be\/de\/wp-json\/wp\/v2\/product_cat?post=455960"},{"taxonomy":"product_tag","embeddable":true,"href":"https:\/\/www.daisho.be\/de\/wp-json\/wp\/v2\/product_tag?post=455960"},{"taxonomy":"sport","embeddable":true,"href":"https:\/\/www.daisho.be\/de\/wp-json\/wp\/v2\/sport?post=455960"}],"curies":[{"name":"wp","href":"https:\/\/api.w.org\/{rel}","templated":true}]}}