{"id":455950,"date":"2021-07-21T23:07:09","date_gmt":"2021-07-21T21:07:09","guid":{"rendered":"https:\/\/www.daisho.be\/produit\/geschwungene-praezisionsbaerentatze-adidas-economy-schwarz-gold\/"},"modified":"2025-10-09T14:13:02","modified_gmt":"2025-10-09T12:13:02","slug":"geschwungene-praezisionsbaerentatze-adidas-economy-schwarz-gold","status":"publish","type":"product","link":"https:\/\/www.daisho.be\/de\/produit\/geschwungene-praezisionsbaerentatze-adidas-economy-schwarz-gold\/","title":{"rendered":"Geschwungene Pr\u00e4zisionsb\u00e4rentatze adidas Economy Schwarz\/Gold"},"content":{"rendered":"<p>Diese Pr\u00e4zisions-B\u00e4rentatze von adidas Economy besteht aus PU und hat eine gebogene Form. Sie hat einen EVA-Schaum und ist gef\u00fcttert und mit einem Griffball f\u00fcr mehr Komfort und Griffigkeit ausgestattet.<x id=\"gid_0\"><\/x>Die B\u00e4rentatzen werden paarweise geliefert.<x id=\"gid_1\"><\/x>Geeignet f\u00fcr alle Kampfsportler. Sowohl f\u00fcr den Trainer als auch f\u00fcr den Sch\u00fcler.<br \/>\nVorteile:<br \/>\n&#8211; aus PU<br \/>\n&#8211; Verdickung am Handgelenk f\u00fcr mehr Halt und Komfort<br \/>\n&#8211; ideale Polsterung zur Sto\u00dfd\u00e4mpfung<br \/>\n&#8211; geeignet f\u00fcr Trainer und Sch\u00fcler<br \/>\n&#8211; Grip Ball f\u00fcr gute Griffigkeit<br \/>\n&#8211; leicht.  <\/p>\n","protected":false},"excerpt":{"rendered":"<p>Diese Pr\u00e4zisions-B\u00e4rentatze von adidas Economy besteht aus PU und hat eine gebogene Form. Sie hat einen EVA-Schaum und ist gef\u00fcttert und mit einem Griffball f\u00fcr mehr Komfort und Griffigkeit ausgestattet.Die B\u00e4rentatzen werden paarweise geliefert.Geeignet f\u00fcr alle Kampfsportler. Sowohl f\u00fcr den Trainer als auch f\u00fcr den Sch\u00fcler. Vorteile: &#8211; aus PU &#8211; Verdickung am Handgelenk f\u00fcr [&hellip;]<\/p>\n","protected":false},"featured_media":455952,"comment_status":"open","ping_status":"closed","template":"","meta":{"inline_featured_image":false},"product_brand":[],"product_cat":[2132,2252,2278,2251],"product_tag":[2178],"sport":[],"class_list":{"0":"post-455950","1":"product","2":"type-product","3":"status-publish","4":"has-post-thumbnail","6":"product_cat-boxsacke","7":"product_cat-boxsacke-und-trainingszubehor","8":"product_cat-boxsacke-und-trainingszubehor-boxen","9":"product_cat-boxsacke-und-trainingszubehor-karate","10":"product_tag-adidas-de","11":"pa_size-sans-taille","13":"first","14":"instock","15":"taxable","16":"shipping-taxable","17":"purchasable","18":"product-type-simple"},"yoast_head":"<!-- This site is optimized with the Yoast SEO plugin v27.2 - https:\/\/yoast.com\/product\/yoast-seo-wordpress\/ -->\n<title>Geschwungene Pr\u00e4zisionsb\u00e4rentatze adidas Economy Schwarz\/Gold &#8211; Daisho<\/title>\n<meta name=\"description\" content=\"Entdecken Sie die B\u00e4rentatzen f\u00fcr alle Kampfsportler. Kaufen Sie sie jetzt auf unserer Website www.daisho.be|Daisho.\" \/>\n<meta name=\"robots\" content=\"index, follow, max-snippet:-1, max-image-preview:large, max-video-preview:-1\" \/>\n<link rel=\"canonical\" href=\"https:\/\/www.daisho.be\/de\/produit\/geschwungene-praezisionsbaerentatze-adidas-economy-schwarz-gold\/\" \/>\n<meta property=\"og:locale\" content=\"de_DE\" \/>\n<meta property=\"og:type\" content=\"article\" \/>\n<meta property=\"og:title\" content=\"Geschwungene Pr\u00e4zisionsb\u00e4rentatze adidas Economy Schwarz\/Gold &#8211; Daisho\" \/>\n<meta property=\"og:description\" content=\"Entdecken Sie die B\u00e4rentatzen f\u00fcr alle Kampfsportler. Kaufen Sie sie jetzt auf unserer Website www.daisho.be|Daisho.\" \/>\n<meta property=\"og:url\" content=\"https:\/\/www.daisho.be\/de\/produit\/geschwungene-praezisionsbaerentatze-adidas-economy-schwarz-gold\/\" \/>\n<meta property=\"og:site_name\" content=\"Daisho\" \/>\n<meta property=\"article:modified_time\" content=\"2025-10-09T12:13:02+00:00\" \/>\n<meta property=\"og:image\" content=\"https:\/\/www.daisho.be\/wp-content\/uploads\/2024\/10\/image-3.jpg\" \/>\n\t<meta property=\"og:image:width\" content=\"650\" \/>\n\t<meta property=\"og:image:height\" content=\"650\" \/>\n\t<meta property=\"og:image:type\" content=\"image\/jpeg\" \/>\n<meta name=\"twitter:card\" content=\"summary_large_image\" \/>\n<script type=\"application\/ld+json\" class=\"yoast-schema-graph\">{\"@context\":\"https:\/\/schema.org\",\"@graph\":[{\"@type\":\"WebPage\",\"@id\":\"https:\/\/www.daisho.be\/de\/produit\/geschwungene-praezisionsbaerentatze-adidas-economy-schwarz-gold\/\",\"url\":\"https:\/\/www.daisho.be\/de\/produit\/geschwungene-praezisionsbaerentatze-adidas-economy-schwarz-gold\/\",\"name\":\"Geschwungene Pr\u00e4zisionsb\u00e4rentatze adidas Economy Schwarz\/Gold &#8211; Daisho\",\"isPartOf\":{\"@id\":\"https:\/\/www.daisho.be\/de\/#website\"},\"primaryImageOfPage\":{\"@id\":\"https:\/\/www.daisho.be\/de\/produit\/geschwungene-praezisionsbaerentatze-adidas-economy-schwarz-gold\/#primaryimage\"},\"image\":{\"@id\":\"https:\/\/www.daisho.be\/de\/produit\/geschwungene-praezisionsbaerentatze-adidas-economy-schwarz-gold\/#primaryimage\"},\"thumbnailUrl\":\"https:\/\/www.daisho.be\/wp-content\/uploads\/2024\/10\/image-3.jpg\",\"datePublished\":\"2021-07-21T21:07:09+00:00\",\"dateModified\":\"2025-10-09T12:13:02+00:00\",\"description\":\"Entdecken Sie die B\u00e4rentatzen f\u00fcr alle Kampfsportler. Kaufen Sie sie jetzt auf unserer Website www.daisho.be|Daisho.\",\"breadcrumb\":{\"@id\":\"https:\/\/www.daisho.be\/de\/produit\/geschwungene-praezisionsbaerentatze-adidas-economy-schwarz-gold\/#breadcrumb\"},\"inLanguage\":\"de\",\"potentialAction\":[{\"@type\":\"ReadAction\",\"target\":[\"https:\/\/www.daisho.be\/de\/produit\/geschwungene-praezisionsbaerentatze-adidas-economy-schwarz-gold\/\"]}]},{\"@type\":\"ImageObject\",\"inLanguage\":\"de\",\"@id\":\"https:\/\/www.daisho.be\/de\/produit\/geschwungene-praezisionsbaerentatze-adidas-economy-schwarz-gold\/#primaryimage\",\"url\":\"https:\/\/www.daisho.be\/wp-content\/uploads\/2024\/10\/image-3.jpg\",\"contentUrl\":\"https:\/\/www.daisho.be\/wp-content\/uploads\/2024\/10\/image-3.jpg\",\"width\":650,\"height\":650,\"caption\":\"Geschwungene Pr\u00e4zisionsb\u00e4rentatze adidas Economy Schwarz\/Gold-1\"},{\"@type\":\"BreadcrumbList\",\"@id\":\"https:\/\/www.daisho.be\/de\/produit\/geschwungene-praezisionsbaerentatze-adidas-economy-schwarz-gold\/#breadcrumb\",\"itemListElement\":[{\"@type\":\"ListItem\",\"position\":1,\"name\":\"Accueil\",\"item\":\"https:\/\/www.daisho.be\/de\/\"},{\"@type\":\"ListItem\",\"position\":2,\"name\":\"Produkte\",\"item\":\"https:\/\/www.daisho.be\/de\/produkte\/\"},{\"@type\":\"ListItem\",\"position\":3,\"name\":\"ADIDAS COMBAT SPORTS\",\"item\":\"https:\/\/www.daisho.be\/de\/categorie-produit\/adidas-combat-sports-de\/\"},{\"@type\":\"ListItem\",\"position\":4,\"name\":\"MMA\",\"item\":\"https:\/\/www.daisho.be\/de\/categorie-produit\/adidas-combat-sports-de\/mma-de\/\"},{\"@type\":\"ListItem\",\"position\":5,\"name\":\"Boxs\u00e4cke und Trainingszubeh\u00f6r\",\"item\":\"https:\/\/www.daisho.be\/de\/categorie-produit\/adidas-combat-sports-de\/mma-de\/boxsacke-und-trainingszubehor\/\"},{\"@type\":\"ListItem\",\"position\":6,\"name\":\"Geschwungene Pr\u00e4zisionsb\u00e4rentatze adidas Economy Schwarz\/Gold\"}]},{\"@type\":\"WebSite\",\"@id\":\"https:\/\/www.daisho.be\/de\/#website\",\"url\":\"https:\/\/www.daisho.be\/de\/\",\"name\":\"Daisho\",\"description\":\"Sp&eacute;cialiste de l'&eacute;quipement sportif d'arts martiaux\",\"publisher\":{\"@id\":\"https:\/\/www.daisho.be\/de\/#organization\"},\"potentialAction\":[{\"@type\":\"SearchAction\",\"target\":{\"@type\":\"EntryPoint\",\"urlTemplate\":\"https:\/\/www.daisho.be\/de\/?s={search_term_string}\"},\"query-input\":{\"@type\":\"PropertyValueSpecification\",\"valueRequired\":true,\"valueName\":\"search_term_string\"}}],\"inLanguage\":\"de\"},{\"@type\":\"Organization\",\"@id\":\"https:\/\/www.daisho.be\/de\/#organization\",\"name\":\"Daisho\",\"url\":\"https:\/\/www.daisho.be\/de\/\",\"logo\":{\"@type\":\"ImageObject\",\"inLanguage\":\"de\",\"@id\":\"https:\/\/www.daisho.be\/de\/#\/schema\/logo\/image\/\",\"url\":\"https:\/\/www.daisho.be\/wp-content\/uploads\/2019\/07\/color-nothing-horizontale4x-e1564486100247.png\",\"contentUrl\":\"https:\/\/www.daisho.be\/wp-content\/uploads\/2019\/07\/color-nothing-horizontale4x-e1564486100247.png\",\"width\":1547,\"height\":385,\"caption\":\"Daisho\"},\"image\":{\"@id\":\"https:\/\/www.daisho.be\/de\/#\/schema\/logo\/image\/\"}}]}<\/script>\n<!-- \/ Yoast SEO plugin. -->","yoast_head_json":{"title":"Geschwungene Pr\u00e4zisionsb\u00e4rentatze adidas Economy Schwarz\/Gold &#8211; Daisho","description":"Entdecken Sie die B\u00e4rentatzen f\u00fcr alle Kampfsportler. Kaufen Sie sie jetzt auf unserer Website www.daisho.be|Daisho.","robots":{"index":"index","follow":"follow","max-snippet":"max-snippet:-1","max-image-preview":"max-image-preview:large","max-video-preview":"max-video-preview:-1"},"canonical":"https:\/\/www.daisho.be\/de\/produit\/geschwungene-praezisionsbaerentatze-adidas-economy-schwarz-gold\/","og_locale":"de_DE","og_type":"article","og_title":"Geschwungene Pr\u00e4zisionsb\u00e4rentatze adidas Economy Schwarz\/Gold &#8211; Daisho","og_description":"Entdecken Sie die B\u00e4rentatzen f\u00fcr alle Kampfsportler. Kaufen Sie sie jetzt auf unserer Website www.daisho.be|Daisho.","og_url":"https:\/\/www.daisho.be\/de\/produit\/geschwungene-praezisionsbaerentatze-adidas-economy-schwarz-gold\/","og_site_name":"Daisho","article_modified_time":"2025-10-09T12:13:02+00:00","og_image":[{"width":650,"height":650,"url":"https:\/\/www.daisho.be\/wp-content\/uploads\/2024\/10\/image-3.jpg","type":"image\/jpeg"}],"twitter_card":"summary_large_image","schema":{"@context":"https:\/\/schema.org","@graph":[{"@type":"WebPage","@id":"https:\/\/www.daisho.be\/de\/produit\/geschwungene-praezisionsbaerentatze-adidas-economy-schwarz-gold\/","url":"https:\/\/www.daisho.be\/de\/produit\/geschwungene-praezisionsbaerentatze-adidas-economy-schwarz-gold\/","name":"Geschwungene Pr\u00e4zisionsb\u00e4rentatze adidas Economy Schwarz\/Gold &#8211; Daisho","isPartOf":{"@id":"https:\/\/www.daisho.be\/de\/#website"},"primaryImageOfPage":{"@id":"https:\/\/www.daisho.be\/de\/produit\/geschwungene-praezisionsbaerentatze-adidas-economy-schwarz-gold\/#primaryimage"},"image":{"@id":"https:\/\/www.daisho.be\/de\/produit\/geschwungene-praezisionsbaerentatze-adidas-economy-schwarz-gold\/#primaryimage"},"thumbnailUrl":"https:\/\/www.daisho.be\/wp-content\/uploads\/2024\/10\/image-3.jpg","datePublished":"2021-07-21T21:07:09+00:00","dateModified":"2025-10-09T12:13:02+00:00","description":"Entdecken Sie die B\u00e4rentatzen f\u00fcr alle Kampfsportler. Kaufen Sie sie jetzt auf unserer Website www.daisho.be|Daisho.","breadcrumb":{"@id":"https:\/\/www.daisho.be\/de\/produit\/geschwungene-praezisionsbaerentatze-adidas-economy-schwarz-gold\/#breadcrumb"},"inLanguage":"de","potentialAction":[{"@type":"ReadAction","target":["https:\/\/www.daisho.be\/de\/produit\/geschwungene-praezisionsbaerentatze-adidas-economy-schwarz-gold\/"]}]},{"@type":"ImageObject","inLanguage":"de","@id":"https:\/\/www.daisho.be\/de\/produit\/geschwungene-praezisionsbaerentatze-adidas-economy-schwarz-gold\/#primaryimage","url":"https:\/\/www.daisho.be\/wp-content\/uploads\/2024\/10\/image-3.jpg","contentUrl":"https:\/\/www.daisho.be\/wp-content\/uploads\/2024\/10\/image-3.jpg","width":650,"height":650,"caption":"Geschwungene Pr\u00e4zisionsb\u00e4rentatze adidas Economy Schwarz\/Gold-1"},{"@type":"BreadcrumbList","@id":"https:\/\/www.daisho.be\/de\/produit\/geschwungene-praezisionsbaerentatze-adidas-economy-schwarz-gold\/#breadcrumb","itemListElement":[{"@type":"ListItem","position":1,"name":"Accueil","item":"https:\/\/www.daisho.be\/de\/"},{"@type":"ListItem","position":2,"name":"Produkte","item":"https:\/\/www.daisho.be\/de\/produkte\/"},{"@type":"ListItem","position":3,"name":"ADIDAS COMBAT SPORTS","item":"https:\/\/www.daisho.be\/de\/categorie-produit\/adidas-combat-sports-de\/"},{"@type":"ListItem","position":4,"name":"MMA","item":"https:\/\/www.daisho.be\/de\/categorie-produit\/adidas-combat-sports-de\/mma-de\/"},{"@type":"ListItem","position":5,"name":"Boxs\u00e4cke und Trainingszubeh\u00f6r","item":"https:\/\/www.daisho.be\/de\/categorie-produit\/adidas-combat-sports-de\/mma-de\/boxsacke-und-trainingszubehor\/"},{"@type":"ListItem","position":6,"name":"Geschwungene Pr\u00e4zisionsb\u00e4rentatze adidas Economy Schwarz\/Gold"}]},{"@type":"WebSite","@id":"https:\/\/www.daisho.be\/de\/#website","url":"https:\/\/www.daisho.be\/de\/","name":"Daisho","description":"Sp&eacute;cialiste de l'&eacute;quipement sportif d'arts martiaux","publisher":{"@id":"https:\/\/www.daisho.be\/de\/#organization"},"potentialAction":[{"@type":"SearchAction","target":{"@type":"EntryPoint","urlTemplate":"https:\/\/www.daisho.be\/de\/?s={search_term_string}"},"query-input":{"@type":"PropertyValueSpecification","valueRequired":true,"valueName":"search_term_string"}}],"inLanguage":"de"},{"@type":"Organization","@id":"https:\/\/www.daisho.be\/de\/#organization","name":"Daisho","url":"https:\/\/www.daisho.be\/de\/","logo":{"@type":"ImageObject","inLanguage":"de","@id":"https:\/\/www.daisho.be\/de\/#\/schema\/logo\/image\/","url":"https:\/\/www.daisho.be\/wp-content\/uploads\/2019\/07\/color-nothing-horizontale4x-e1564486100247.png","contentUrl":"https:\/\/www.daisho.be\/wp-content\/uploads\/2019\/07\/color-nothing-horizontale4x-e1564486100247.png","width":1547,"height":385,"caption":"Daisho"},"image":{"@id":"https:\/\/www.daisho.be\/de\/#\/schema\/logo\/image\/"}}]}},"_links":{"self":[{"href":"https:\/\/www.daisho.be\/de\/wp-json\/wp\/v2\/product\/455950","targetHints":{"allow":["GET"]}}],"collection":[{"href":"https:\/\/www.daisho.be\/de\/wp-json\/wp\/v2\/product"}],"about":[{"href":"https:\/\/www.daisho.be\/de\/wp-json\/wp\/v2\/types\/product"}],"replies":[{"embeddable":true,"href":"https:\/\/www.daisho.be\/de\/wp-json\/wp\/v2\/comments?post=455950"}],"wp:featuredmedia":[{"embeddable":true,"href":"https:\/\/www.daisho.be\/de\/wp-json\/wp\/v2\/media\/455952"}],"wp:attachment":[{"href":"https:\/\/www.daisho.be\/de\/wp-json\/wp\/v2\/media?parent=455950"}],"wp:term":[{"taxonomy":"product_brand","embeddable":true,"href":"https:\/\/www.daisho.be\/de\/wp-json\/wp\/v2\/product_brand?post=455950"},{"taxonomy":"product_cat","embeddable":true,"href":"https:\/\/www.daisho.be\/de\/wp-json\/wp\/v2\/product_cat?post=455950"},{"taxonomy":"product_tag","embeddable":true,"href":"https:\/\/www.daisho.be\/de\/wp-json\/wp\/v2\/product_tag?post=455950"},{"taxonomy":"sport","embeddable":true,"href":"https:\/\/www.daisho.be\/de\/wp-json\/wp\/v2\/sport?post=455950"}],"curies":[{"name":"wp","href":"https:\/\/api.w.org\/{rel}","templated":true}]}}