{"id":455941,"date":"2021-07-21T22:46:37","date_gmt":"2021-07-21T20:46:37","guid":{"rendered":"https:\/\/www.daisho.be\/produit\/adidas-reversible-brustpanzer-fuer-kinder\/"},"modified":"2025-12-24T16:27:58","modified_gmt":"2025-12-24T15:27:58","slug":"adidas-reversible-brustpanzer-fuer-kinder","status":"publish","type":"product","link":"https:\/\/www.daisho.be\/de\/produit\/adidas-reversible-brustpanzer-fuer-kinder\/","title":{"rendered":"Adidas Brustpanzer, umkehrbar"},"content":{"rendered":"<p>Der adidas Brustpanzer f\u00fcr Kinder.<br \/>\nDieser wendbare Brustpanzer aus 100% PU hat eine anatomische Form f\u00fcr Kinder f\u00fcr eine perfekte Passform und ist mit zus\u00e4tzlichen Schulterpolstern f\u00fcr den notwendigen Schutz ausgestattet.<br \/>\nDer Brustpanzer hat eine rote und eine blaue Seite und kann gewendet werden.<br \/>\nDer Brustpanzer hat einen speziellen und einfachen Klettverschluss auf der R\u00fcckseite f\u00fcr eine perfekte Passform.<br \/>\nDer Brustpanzer ist von der WTF zugelassen.<br \/>\nVorteile:<br \/>\n&#8211; Gute Sto\u00dfd\u00e4mpfung<br \/>\n&#8211; WTF zugelassen<br \/>\n&#8211; Perfekte Passform durch Klettverschluss<br \/>\n&#8211; Ausgestattet mit dem adidas-Logo<br \/>\n&#8211; Anatomisches Design<\/p>\n","protected":false},"excerpt":{"rendered":"<p>Der adidas Brustpanzer f\u00fcr Kinder. Dieser wendbare Brustpanzer aus 100% PU hat eine anatomische Form f\u00fcr Kinder f\u00fcr eine perfekte Passform und ist mit zus\u00e4tzlichen Schulterpolstern f\u00fcr den notwendigen Schutz ausgestattet. Der Brustpanzer hat eine rote und eine blaue Seite und kann gewendet werden. Der Brustpanzer hat einen speziellen und einfachen Klettverschluss auf der R\u00fcckseite [&hellip;]<\/p>\n","protected":false},"featured_media":553442,"comment_status":"open","ping_status":"closed","template":"","meta":{"inline_featured_image":false},"product_brand":[],"product_cat":[2062,2051,2092,2183],"product_tag":[2178],"sport":[],"class_list":{"0":"post-455941","1":"product","2":"type-product","3":"status-publish","4":"has-post-thumbnail","6":"product_cat-karate-schutzkleidung","7":"product_cat-schutz","8":"product_cat-taekwondo-protektoren","9":"product_cat-taekwondo-protektoren-adidas","10":"product_tag-adidas-de","11":"pa_size-l","12":"pa_size-m","13":"pa_size-s","14":"pa_size-xl","15":"pa_size-xs","16":"pa_size-xxs","18":"first","19":"instock","20":"taxable","21":"shipping-taxable","22":"purchasable","23":"product-type-variable"},"yoast_head":"<!-- This site is optimized with the Yoast SEO plugin v27.2 - https:\/\/yoast.com\/product\/yoast-seo-wordpress\/ -->\n<title>Adidas Brustpanzer, umkehrbar &#8211; Daisho<\/title>\n<meta name=\"description\" content=\"Entdecken Sie den Brustpanzer, der speziell f\u00fcr Ihre Kinder entwickelt wurde. Er bietet Komfort und Schutz. Kaufen Sie es auf unserer Website www.daisho.be|Daisho\" \/>\n<meta name=\"robots\" content=\"index, follow, max-snippet:-1, max-image-preview:large, max-video-preview:-1\" \/>\n<link rel=\"canonical\" href=\"https:\/\/www.daisho.be\/de\/produit\/adidas-reversible-brustpanzer-fuer-kinder\/\" \/>\n<meta property=\"og:locale\" content=\"de_DE\" \/>\n<meta property=\"og:type\" content=\"article\" \/>\n<meta property=\"og:title\" content=\"Adidas Brustpanzer, umkehrbar &#8211; Daisho\" \/>\n<meta property=\"og:description\" content=\"Entdecken Sie den Brustpanzer, der speziell f\u00fcr Ihre Kinder entwickelt wurde. Er bietet Komfort und Schutz. Kaufen Sie es auf unserer Website www.daisho.be|Daisho\" \/>\n<meta property=\"og:url\" content=\"https:\/\/www.daisho.be\/de\/produit\/adidas-reversible-brustpanzer-fuer-kinder\/\" \/>\n<meta property=\"og:site_name\" content=\"Daisho\" \/>\n<meta property=\"article:modified_time\" content=\"2025-12-24T15:27:58+00:00\" \/>\n<meta property=\"og:image\" content=\"https:\/\/www.daisho.be\/wp-content\/uploads\/2025\/09\/image-6.png\" \/>\n\t<meta property=\"og:image:width\" content=\"589\" \/>\n\t<meta property=\"og:image:height\" content=\"566\" \/>\n\t<meta property=\"og:image:type\" content=\"image\/png\" \/>\n<meta name=\"twitter:card\" content=\"summary_large_image\" \/>\n<script type=\"application\/ld+json\" class=\"yoast-schema-graph\">{\"@context\":\"https:\/\/schema.org\",\"@graph\":[{\"@type\":\"WebPage\",\"@id\":\"https:\/\/www.daisho.be\/de\/produit\/adidas-reversible-brustpanzer-fuer-kinder\/\",\"url\":\"https:\/\/www.daisho.be\/de\/produit\/adidas-reversible-brustpanzer-fuer-kinder\/\",\"name\":\"Adidas Brustpanzer, umkehrbar &#8211; Daisho\",\"isPartOf\":{\"@id\":\"https:\/\/www.daisho.be\/de\/#website\"},\"primaryImageOfPage\":{\"@id\":\"https:\/\/www.daisho.be\/de\/produit\/adidas-reversible-brustpanzer-fuer-kinder\/#primaryimage\"},\"image\":{\"@id\":\"https:\/\/www.daisho.be\/de\/produit\/adidas-reversible-brustpanzer-fuer-kinder\/#primaryimage\"},\"thumbnailUrl\":\"https:\/\/www.daisho.be\/wp-content\/uploads\/2025\/09\/image-6.png\",\"datePublished\":\"2021-07-21T20:46:37+00:00\",\"dateModified\":\"2025-12-24T15:27:58+00:00\",\"description\":\"Entdecken Sie den Brustpanzer, der speziell f\u00fcr Ihre Kinder entwickelt wurde. Er bietet Komfort und Schutz. Kaufen Sie es auf unserer Website www.daisho.be|Daisho\",\"breadcrumb\":{\"@id\":\"https:\/\/www.daisho.be\/de\/produit\/adidas-reversible-brustpanzer-fuer-kinder\/#breadcrumb\"},\"inLanguage\":\"de\",\"potentialAction\":[{\"@type\":\"ReadAction\",\"target\":[\"https:\/\/www.daisho.be\/de\/produit\/adidas-reversible-brustpanzer-fuer-kinder\/\"]}]},{\"@type\":\"ImageObject\",\"inLanguage\":\"de\",\"@id\":\"https:\/\/www.daisho.be\/de\/produit\/adidas-reversible-brustpanzer-fuer-kinder\/#primaryimage\",\"url\":\"https:\/\/www.daisho.be\/wp-content\/uploads\/2025\/09\/image-6.png\",\"contentUrl\":\"https:\/\/www.daisho.be\/wp-content\/uploads\/2025\/09\/image-6.png\",\"width\":589,\"height\":566,\"caption\":\"Adidas Brustpanzer, umkehrbar -1\"},{\"@type\":\"BreadcrumbList\",\"@id\":\"https:\/\/www.daisho.be\/de\/produit\/adidas-reversible-brustpanzer-fuer-kinder\/#breadcrumb\",\"itemListElement\":[{\"@type\":\"ListItem\",\"position\":1,\"name\":\"Accueil\",\"item\":\"https:\/\/www.daisho.be\/de\/\"},{\"@type\":\"ListItem\",\"position\":2,\"name\":\"Produkte\",\"item\":\"https:\/\/www.daisho.be\/de\/produkte\/\"},{\"@type\":\"ListItem\",\"position\":3,\"name\":\"Ausr\u00fcstung und Kleidung f\u00fcr Kampfkunst und Kampfsport\",\"item\":\"https:\/\/www.daisho.be\/de\/categorie-produit\/ausrustung-und-kleidung-fur-kampfkunst-und-kampfsport\/\"},{\"@type\":\"ListItem\",\"position\":4,\"name\":\"Karate\",\"item\":\"https:\/\/www.daisho.be\/de\/categorie-produit\/ausrustung-und-kleidung-fur-kampfkunst-und-kampfsport\/karate-de-2\/\"},{\"@type\":\"ListItem\",\"position\":5,\"name\":\"Karate-Schutzkleidung\",\"item\":\"https:\/\/www.daisho.be\/de\/categorie-produit\/ausrustung-und-kleidung-fur-kampfkunst-und-kampfsport\/karate-de-2\/karate-schutzkleidung\/\"},{\"@type\":\"ListItem\",\"position\":6,\"name\":\"Adidas Brustpanzer, umkehrbar\"}]},{\"@type\":\"WebSite\",\"@id\":\"https:\/\/www.daisho.be\/de\/#website\",\"url\":\"https:\/\/www.daisho.be\/de\/\",\"name\":\"Daisho\",\"description\":\"Sp&eacute;cialiste de l'&eacute;quipement sportif d'arts martiaux\",\"publisher\":{\"@id\":\"https:\/\/www.daisho.be\/de\/#organization\"},\"potentialAction\":[{\"@type\":\"SearchAction\",\"target\":{\"@type\":\"EntryPoint\",\"urlTemplate\":\"https:\/\/www.daisho.be\/de\/?s={search_term_string}\"},\"query-input\":{\"@type\":\"PropertyValueSpecification\",\"valueRequired\":true,\"valueName\":\"search_term_string\"}}],\"inLanguage\":\"de\"},{\"@type\":\"Organization\",\"@id\":\"https:\/\/www.daisho.be\/de\/#organization\",\"name\":\"Daisho\",\"url\":\"https:\/\/www.daisho.be\/de\/\",\"logo\":{\"@type\":\"ImageObject\",\"inLanguage\":\"de\",\"@id\":\"https:\/\/www.daisho.be\/de\/#\/schema\/logo\/image\/\",\"url\":\"https:\/\/www.daisho.be\/wp-content\/uploads\/2019\/07\/color-nothing-horizontale4x-e1564486100247.png\",\"contentUrl\":\"https:\/\/www.daisho.be\/wp-content\/uploads\/2019\/07\/color-nothing-horizontale4x-e1564486100247.png\",\"width\":1547,\"height\":385,\"caption\":\"Daisho\"},\"image\":{\"@id\":\"https:\/\/www.daisho.be\/de\/#\/schema\/logo\/image\/\"}}]}<\/script>\n<!-- \/ Yoast SEO plugin. -->","yoast_head_json":{"title":"Adidas Brustpanzer, umkehrbar &#8211; Daisho","description":"Entdecken Sie den Brustpanzer, der speziell f\u00fcr Ihre Kinder entwickelt wurde. Er bietet Komfort und Schutz. Kaufen Sie es auf unserer Website www.daisho.be|Daisho","robots":{"index":"index","follow":"follow","max-snippet":"max-snippet:-1","max-image-preview":"max-image-preview:large","max-video-preview":"max-video-preview:-1"},"canonical":"https:\/\/www.daisho.be\/de\/produit\/adidas-reversible-brustpanzer-fuer-kinder\/","og_locale":"de_DE","og_type":"article","og_title":"Adidas Brustpanzer, umkehrbar &#8211; Daisho","og_description":"Entdecken Sie den Brustpanzer, der speziell f\u00fcr Ihre Kinder entwickelt wurde. Er bietet Komfort und Schutz. Kaufen Sie es auf unserer Website www.daisho.be|Daisho","og_url":"https:\/\/www.daisho.be\/de\/produit\/adidas-reversible-brustpanzer-fuer-kinder\/","og_site_name":"Daisho","article_modified_time":"2025-12-24T15:27:58+00:00","og_image":[{"width":589,"height":566,"url":"https:\/\/www.daisho.be\/wp-content\/uploads\/2025\/09\/image-6.png","type":"image\/png"}],"twitter_card":"summary_large_image","schema":{"@context":"https:\/\/schema.org","@graph":[{"@type":"WebPage","@id":"https:\/\/www.daisho.be\/de\/produit\/adidas-reversible-brustpanzer-fuer-kinder\/","url":"https:\/\/www.daisho.be\/de\/produit\/adidas-reversible-brustpanzer-fuer-kinder\/","name":"Adidas Brustpanzer, umkehrbar &#8211; Daisho","isPartOf":{"@id":"https:\/\/www.daisho.be\/de\/#website"},"primaryImageOfPage":{"@id":"https:\/\/www.daisho.be\/de\/produit\/adidas-reversible-brustpanzer-fuer-kinder\/#primaryimage"},"image":{"@id":"https:\/\/www.daisho.be\/de\/produit\/adidas-reversible-brustpanzer-fuer-kinder\/#primaryimage"},"thumbnailUrl":"https:\/\/www.daisho.be\/wp-content\/uploads\/2025\/09\/image-6.png","datePublished":"2021-07-21T20:46:37+00:00","dateModified":"2025-12-24T15:27:58+00:00","description":"Entdecken Sie den Brustpanzer, der speziell f\u00fcr Ihre Kinder entwickelt wurde. Er bietet Komfort und Schutz. Kaufen Sie es auf unserer Website www.daisho.be|Daisho","breadcrumb":{"@id":"https:\/\/www.daisho.be\/de\/produit\/adidas-reversible-brustpanzer-fuer-kinder\/#breadcrumb"},"inLanguage":"de","potentialAction":[{"@type":"ReadAction","target":["https:\/\/www.daisho.be\/de\/produit\/adidas-reversible-brustpanzer-fuer-kinder\/"]}]},{"@type":"ImageObject","inLanguage":"de","@id":"https:\/\/www.daisho.be\/de\/produit\/adidas-reversible-brustpanzer-fuer-kinder\/#primaryimage","url":"https:\/\/www.daisho.be\/wp-content\/uploads\/2025\/09\/image-6.png","contentUrl":"https:\/\/www.daisho.be\/wp-content\/uploads\/2025\/09\/image-6.png","width":589,"height":566,"caption":"Adidas Brustpanzer, umkehrbar -1"},{"@type":"BreadcrumbList","@id":"https:\/\/www.daisho.be\/de\/produit\/adidas-reversible-brustpanzer-fuer-kinder\/#breadcrumb","itemListElement":[{"@type":"ListItem","position":1,"name":"Accueil","item":"https:\/\/www.daisho.be\/de\/"},{"@type":"ListItem","position":2,"name":"Produkte","item":"https:\/\/www.daisho.be\/de\/produkte\/"},{"@type":"ListItem","position":3,"name":"Ausr\u00fcstung und Kleidung f\u00fcr Kampfkunst und Kampfsport","item":"https:\/\/www.daisho.be\/de\/categorie-produit\/ausrustung-und-kleidung-fur-kampfkunst-und-kampfsport\/"},{"@type":"ListItem","position":4,"name":"Karate","item":"https:\/\/www.daisho.be\/de\/categorie-produit\/ausrustung-und-kleidung-fur-kampfkunst-und-kampfsport\/karate-de-2\/"},{"@type":"ListItem","position":5,"name":"Karate-Schutzkleidung","item":"https:\/\/www.daisho.be\/de\/categorie-produit\/ausrustung-und-kleidung-fur-kampfkunst-und-kampfsport\/karate-de-2\/karate-schutzkleidung\/"},{"@type":"ListItem","position":6,"name":"Adidas Brustpanzer, umkehrbar"}]},{"@type":"WebSite","@id":"https:\/\/www.daisho.be\/de\/#website","url":"https:\/\/www.daisho.be\/de\/","name":"Daisho","description":"Sp&eacute;cialiste de l'&eacute;quipement sportif d'arts martiaux","publisher":{"@id":"https:\/\/www.daisho.be\/de\/#organization"},"potentialAction":[{"@type":"SearchAction","target":{"@type":"EntryPoint","urlTemplate":"https:\/\/www.daisho.be\/de\/?s={search_term_string}"},"query-input":{"@type":"PropertyValueSpecification","valueRequired":true,"valueName":"search_term_string"}}],"inLanguage":"de"},{"@type":"Organization","@id":"https:\/\/www.daisho.be\/de\/#organization","name":"Daisho","url":"https:\/\/www.daisho.be\/de\/","logo":{"@type":"ImageObject","inLanguage":"de","@id":"https:\/\/www.daisho.be\/de\/#\/schema\/logo\/image\/","url":"https:\/\/www.daisho.be\/wp-content\/uploads\/2019\/07\/color-nothing-horizontale4x-e1564486100247.png","contentUrl":"https:\/\/www.daisho.be\/wp-content\/uploads\/2019\/07\/color-nothing-horizontale4x-e1564486100247.png","width":1547,"height":385,"caption":"Daisho"},"image":{"@id":"https:\/\/www.daisho.be\/de\/#\/schema\/logo\/image\/"}}]}},"_links":{"self":[{"href":"https:\/\/www.daisho.be\/de\/wp-json\/wp\/v2\/product\/455941","targetHints":{"allow":["GET"]}}],"collection":[{"href":"https:\/\/www.daisho.be\/de\/wp-json\/wp\/v2\/product"}],"about":[{"href":"https:\/\/www.daisho.be\/de\/wp-json\/wp\/v2\/types\/product"}],"replies":[{"embeddable":true,"href":"https:\/\/www.daisho.be\/de\/wp-json\/wp\/v2\/comments?post=455941"}],"wp:featuredmedia":[{"embeddable":true,"href":"https:\/\/www.daisho.be\/de\/wp-json\/wp\/v2\/media\/553442"}],"wp:attachment":[{"href":"https:\/\/www.daisho.be\/de\/wp-json\/wp\/v2\/media?parent=455941"}],"wp:term":[{"taxonomy":"product_brand","embeddable":true,"href":"https:\/\/www.daisho.be\/de\/wp-json\/wp\/v2\/product_brand?post=455941"},{"taxonomy":"product_cat","embeddable":true,"href":"https:\/\/www.daisho.be\/de\/wp-json\/wp\/v2\/product_cat?post=455941"},{"taxonomy":"product_tag","embeddable":true,"href":"https:\/\/www.daisho.be\/de\/wp-json\/wp\/v2\/product_tag?post=455941"},{"taxonomy":"sport","embeddable":true,"href":"https:\/\/www.daisho.be\/de\/wp-json\/wp\/v2\/sport?post=455941"}],"curies":[{"name":"wp","href":"https:\/\/api.w.org\/{rel}","templated":true}]}}