{"id":455806,"date":"2021-07-22T13:56:35","date_gmt":"2021-07-22T11:56:35","guid":{"rendered":"https:\/\/www.daisho.be\/produit\/adidas-dobok-frau-weiss-blau\/"},"modified":"2025-11-18T09:32:04","modified_gmt":"2025-11-18T08:32:04","slug":"adidas-dobok-frau-weiss-blau","status":"publish","type":"product","link":"https:\/\/www.daisho.be\/de\/produit\/adidas-dobok-frau-weiss-blau\/","title":{"rendered":"DOBOK ADIDAS POOMSAE SENIOR FRAU"},"content":{"rendered":"<p>Dieser Poomsae-Dobok f\u00fcr Erwachsene aus der offiziellen Adidas-Kollektion wurde entworfen, um Komfort, Eleganz und Leistung zu bieten.<br \/>\nDie offene Jacke l\u00e4sst sich an den Seiten mit seitlichen B\u00e4ndern leicht binden, mit einem dezenten Adidas-Logo auf der rechten Brust.<br \/>\nDas schwarze Revers sorgt f\u00fcr einen traditionellen Touch, w\u00e4hrend die blaue Hose mit elastischem Bund und Schn\u00fcrsenkeln Halt und Bewegungsfreiheit bietet.<\/p>\n<p>Dieser Dobok besteht aus einer 55\/45 Baumwoll-Polyester-Mischung und verbindet Weichheit, Leichtigkeit und Haltbarkeit.<br \/>\nEr ist WT approved und entspricht den offiziellen Anforderungen f\u00fcr Training und Wettkampf.<\/p>\n<p>Merkmale :<\/p>\n<p>&#8211; Wei\u00dfe Jacke mit schwarzem Revers, traditioneller Poomsae-Schnitt<\/p>\n<p>&#8211; Verschluss mit seitlichen B\u00e4ndern<\/p>\n<p>&#8211; Blaue Hose, elastischer Bund + Kordel<\/p>\n<p>&#8211; Adidas-Logos: Jacke (rechte Brust) &amp; Hose (rechter Oberschenkel)<\/p>\n<p>&#8211; Material: 65 % Baumwolle, 35 % Polyester<\/p>\n<p>&#8211; Gr\u00f6\u00dfen: 150 bis 190 cm (pro 10)<\/p>\n<p>&#8211; WT approved (World Taekwondo)<\/p>\n","protected":false},"excerpt":{"rendered":"<p>Dieser Poomsae-Dobok f\u00fcr Erwachsene aus der offiziellen Adidas-Kollektion wurde entworfen, um Komfort, Eleganz und Leistung zu bieten. Die offene Jacke l\u00e4sst sich an den Seiten mit seitlichen B\u00e4ndern leicht binden, mit einem dezenten Adidas-Logo auf der rechten Brust. Das schwarze Revers sorgt f\u00fcr einen traditionellen Touch, w\u00e4hrend die blaue Hose mit elastischem Bund und Schn\u00fcrsenkeln [&hellip;]<\/p>\n","protected":false},"featured_media":455813,"comment_status":"closed","ping_status":"closed","template":"","meta":{"inline_featured_image":false},"product_brand":[],"product_cat":[2289,2118,2168],"product_tag":[2178],"sport":[],"class_list":{"0":"post-455806","1":"product","2":"type-product","3":"status-publish","4":"has-post-thumbnail","6":"product_cat-kimono-dobok-adidas-de","7":"product_cat-kleidung-kimonos","8":"product_cat-taekwondo-dobok-kleidung","9":"product_tag-adidas-de","10":"pa_size-380","11":"pa_size-379","12":"pa_size-378","13":"pa_size-377","14":"pa_size-376","16":"first","17":"onbackorder","18":"taxable","19":"shipping-taxable","20":"purchasable","21":"product-type-variable"},"yoast_head":"<!-- This site is optimized with the Yoast SEO plugin v27.2 - https:\/\/yoast.com\/product\/yoast-seo-wordpress\/ -->\n<title>DOBOK ADIDAS POOMSAE SENIOR FRAU &#8211; Daisho<\/title>\n<meta name=\"description\" content=\"Adidas Poomsae Dobok f\u00fcr Erwachsene, wei\u00dfe Jacke mit schwarzem Revers und blaue Hose, WT approved. Finden Sie ihn auf Daisho.be | Daisho\" \/>\n<meta name=\"robots\" content=\"index, follow, max-snippet:-1, max-image-preview:large, max-video-preview:-1\" \/>\n<link rel=\"canonical\" href=\"https:\/\/www.daisho.be\/de\/produit\/adidas-dobok-frau-weiss-blau\/\" \/>\n<meta property=\"og:locale\" content=\"de_DE\" \/>\n<meta property=\"og:type\" content=\"article\" \/>\n<meta property=\"og:title\" content=\"DOBOK ADIDAS POOMSAE SENIOR FRAU &#8211; Daisho\" \/>\n<meta property=\"og:description\" content=\"Adidas Poomsae Dobok f\u00fcr Erwachsene, wei\u00dfe Jacke mit schwarzem Revers und blaue Hose, WT approved. Finden Sie ihn auf Daisho.be | Daisho\" \/>\n<meta property=\"og:url\" content=\"https:\/\/www.daisho.be\/de\/produit\/adidas-dobok-frau-weiss-blau\/\" \/>\n<meta property=\"og:site_name\" content=\"Daisho\" \/>\n<meta property=\"article:modified_time\" content=\"2025-11-18T08:32:04+00:00\" \/>\n<meta property=\"og:image\" content=\"https:\/\/www.daisho.be\/wp-content\/uploads\/2024\/09\/image-3.webp\" \/>\n\t<meta property=\"og:image:width\" content=\"500\" \/>\n\t<meta property=\"og:image:height\" content=\"500\" \/>\n\t<meta property=\"og:image:type\" content=\"image\/webp\" \/>\n<meta name=\"twitter:card\" content=\"summary_large_image\" \/>\n<meta name=\"twitter:label1\" content=\"Gesch\u00e4tzte Lesezeit\" \/>\n\t<meta name=\"twitter:data1\" content=\"1\u00a0Minute\" \/>\n<script type=\"application\/ld+json\" class=\"yoast-schema-graph\">{\"@context\":\"https:\/\/schema.org\",\"@graph\":[{\"@type\":\"WebPage\",\"@id\":\"https:\/\/www.daisho.be\/de\/produit\/adidas-dobok-frau-weiss-blau\/\",\"url\":\"https:\/\/www.daisho.be\/de\/produit\/adidas-dobok-frau-weiss-blau\/\",\"name\":\"DOBOK ADIDAS POOMSAE SENIOR FRAU &#8211; Daisho\",\"isPartOf\":{\"@id\":\"https:\/\/www.daisho.be\/de\/#website\"},\"primaryImageOfPage\":{\"@id\":\"https:\/\/www.daisho.be\/de\/produit\/adidas-dobok-frau-weiss-blau\/#primaryimage\"},\"image\":{\"@id\":\"https:\/\/www.daisho.be\/de\/produit\/adidas-dobok-frau-weiss-blau\/#primaryimage\"},\"thumbnailUrl\":\"https:\/\/www.daisho.be\/wp-content\/uploads\/2024\/09\/image-3.webp\",\"datePublished\":\"2021-07-22T11:56:35+00:00\",\"dateModified\":\"2025-11-18T08:32:04+00:00\",\"description\":\"Adidas Poomsae Dobok f\u00fcr Erwachsene, wei\u00dfe Jacke mit schwarzem Revers und blaue Hose, WT approved. Finden Sie ihn auf Daisho.be | Daisho\",\"breadcrumb\":{\"@id\":\"https:\/\/www.daisho.be\/de\/produit\/adidas-dobok-frau-weiss-blau\/#breadcrumb\"},\"inLanguage\":\"de\",\"potentialAction\":[{\"@type\":\"ReadAction\",\"target\":[\"https:\/\/www.daisho.be\/de\/produit\/adidas-dobok-frau-weiss-blau\/\"]}]},{\"@type\":\"ImageObject\",\"inLanguage\":\"de\",\"@id\":\"https:\/\/www.daisho.be\/de\/produit\/adidas-dobok-frau-weiss-blau\/#primaryimage\",\"url\":\"https:\/\/www.daisho.be\/wp-content\/uploads\/2024\/09\/image-3.webp\",\"contentUrl\":\"https:\/\/www.daisho.be\/wp-content\/uploads\/2024\/09\/image-3.webp\",\"width\":500,\"height\":500,\"caption\":\"DOBOK ADIDAS POOMSAE SENIOR FRAU-4\"},{\"@type\":\"BreadcrumbList\",\"@id\":\"https:\/\/www.daisho.be\/de\/produit\/adidas-dobok-frau-weiss-blau\/#breadcrumb\",\"itemListElement\":[{\"@type\":\"ListItem\",\"position\":1,\"name\":\"Accueil\",\"item\":\"https:\/\/www.daisho.be\/de\/\"},{\"@type\":\"ListItem\",\"position\":2,\"name\":\"Produkte\",\"item\":\"https:\/\/www.daisho.be\/de\/produkte\/\"},{\"@type\":\"ListItem\",\"position\":3,\"name\":\"ADIDAS COMBAT SPORTS\",\"item\":\"https:\/\/www.daisho.be\/de\/categorie-produit\/adidas-combat-sports-de\/\"},{\"@type\":\"ListItem\",\"position\":4,\"name\":\"Taekwondo\",\"item\":\"https:\/\/www.daisho.be\/de\/categorie-produit\/adidas-combat-sports-de\/taekwondo-de\/\"},{\"@type\":\"ListItem\",\"position\":5,\"name\":\"Kimono - Dobok Adidas\",\"item\":\"https:\/\/www.daisho.be\/de\/categorie-produit\/adidas-combat-sports-de\/taekwondo-de\/kimono-dobok-adidas-de\/\"},{\"@type\":\"ListItem\",\"position\":6,\"name\":\"DOBOK ADIDAS POOMSAE SENIOR FRAU\"}]},{\"@type\":\"WebSite\",\"@id\":\"https:\/\/www.daisho.be\/de\/#website\",\"url\":\"https:\/\/www.daisho.be\/de\/\",\"name\":\"Daisho\",\"description\":\"Sp&eacute;cialiste de l'&eacute;quipement sportif d'arts martiaux\",\"publisher\":{\"@id\":\"https:\/\/www.daisho.be\/de\/#organization\"},\"potentialAction\":[{\"@type\":\"SearchAction\",\"target\":{\"@type\":\"EntryPoint\",\"urlTemplate\":\"https:\/\/www.daisho.be\/de\/?s={search_term_string}\"},\"query-input\":{\"@type\":\"PropertyValueSpecification\",\"valueRequired\":true,\"valueName\":\"search_term_string\"}}],\"inLanguage\":\"de\"},{\"@type\":\"Organization\",\"@id\":\"https:\/\/www.daisho.be\/de\/#organization\",\"name\":\"Daisho\",\"url\":\"https:\/\/www.daisho.be\/de\/\",\"logo\":{\"@type\":\"ImageObject\",\"inLanguage\":\"de\",\"@id\":\"https:\/\/www.daisho.be\/de\/#\/schema\/logo\/image\/\",\"url\":\"https:\/\/www.daisho.be\/wp-content\/uploads\/2019\/07\/color-nothing-horizontale4x-e1564486100247.png\",\"contentUrl\":\"https:\/\/www.daisho.be\/wp-content\/uploads\/2019\/07\/color-nothing-horizontale4x-e1564486100247.png\",\"width\":1547,\"height\":385,\"caption\":\"Daisho\"},\"image\":{\"@id\":\"https:\/\/www.daisho.be\/de\/#\/schema\/logo\/image\/\"}}]}<\/script>\n<!-- \/ Yoast SEO plugin. -->","yoast_head_json":{"title":"DOBOK ADIDAS POOMSAE SENIOR FRAU &#8211; Daisho","description":"Adidas Poomsae Dobok f\u00fcr Erwachsene, wei\u00dfe Jacke mit schwarzem Revers und blaue Hose, WT approved. Finden Sie ihn auf Daisho.be | Daisho","robots":{"index":"index","follow":"follow","max-snippet":"max-snippet:-1","max-image-preview":"max-image-preview:large","max-video-preview":"max-video-preview:-1"},"canonical":"https:\/\/www.daisho.be\/de\/produit\/adidas-dobok-frau-weiss-blau\/","og_locale":"de_DE","og_type":"article","og_title":"DOBOK ADIDAS POOMSAE SENIOR FRAU &#8211; Daisho","og_description":"Adidas Poomsae Dobok f\u00fcr Erwachsene, wei\u00dfe Jacke mit schwarzem Revers und blaue Hose, WT approved. Finden Sie ihn auf Daisho.be | Daisho","og_url":"https:\/\/www.daisho.be\/de\/produit\/adidas-dobok-frau-weiss-blau\/","og_site_name":"Daisho","article_modified_time":"2025-11-18T08:32:04+00:00","og_image":[{"width":500,"height":500,"url":"https:\/\/www.daisho.be\/wp-content\/uploads\/2024\/09\/image-3.webp","type":"image\/webp"}],"twitter_card":"summary_large_image","twitter_misc":{"Gesch\u00e4tzte Lesezeit":"1\u00a0Minute"},"schema":{"@context":"https:\/\/schema.org","@graph":[{"@type":"WebPage","@id":"https:\/\/www.daisho.be\/de\/produit\/adidas-dobok-frau-weiss-blau\/","url":"https:\/\/www.daisho.be\/de\/produit\/adidas-dobok-frau-weiss-blau\/","name":"DOBOK ADIDAS POOMSAE SENIOR FRAU &#8211; Daisho","isPartOf":{"@id":"https:\/\/www.daisho.be\/de\/#website"},"primaryImageOfPage":{"@id":"https:\/\/www.daisho.be\/de\/produit\/adidas-dobok-frau-weiss-blau\/#primaryimage"},"image":{"@id":"https:\/\/www.daisho.be\/de\/produit\/adidas-dobok-frau-weiss-blau\/#primaryimage"},"thumbnailUrl":"https:\/\/www.daisho.be\/wp-content\/uploads\/2024\/09\/image-3.webp","datePublished":"2021-07-22T11:56:35+00:00","dateModified":"2025-11-18T08:32:04+00:00","description":"Adidas Poomsae Dobok f\u00fcr Erwachsene, wei\u00dfe Jacke mit schwarzem Revers und blaue Hose, WT approved. Finden Sie ihn auf Daisho.be | Daisho","breadcrumb":{"@id":"https:\/\/www.daisho.be\/de\/produit\/adidas-dobok-frau-weiss-blau\/#breadcrumb"},"inLanguage":"de","potentialAction":[{"@type":"ReadAction","target":["https:\/\/www.daisho.be\/de\/produit\/adidas-dobok-frau-weiss-blau\/"]}]},{"@type":"ImageObject","inLanguage":"de","@id":"https:\/\/www.daisho.be\/de\/produit\/adidas-dobok-frau-weiss-blau\/#primaryimage","url":"https:\/\/www.daisho.be\/wp-content\/uploads\/2024\/09\/image-3.webp","contentUrl":"https:\/\/www.daisho.be\/wp-content\/uploads\/2024\/09\/image-3.webp","width":500,"height":500,"caption":"DOBOK ADIDAS POOMSAE SENIOR FRAU-4"},{"@type":"BreadcrumbList","@id":"https:\/\/www.daisho.be\/de\/produit\/adidas-dobok-frau-weiss-blau\/#breadcrumb","itemListElement":[{"@type":"ListItem","position":1,"name":"Accueil","item":"https:\/\/www.daisho.be\/de\/"},{"@type":"ListItem","position":2,"name":"Produkte","item":"https:\/\/www.daisho.be\/de\/produkte\/"},{"@type":"ListItem","position":3,"name":"ADIDAS COMBAT SPORTS","item":"https:\/\/www.daisho.be\/de\/categorie-produit\/adidas-combat-sports-de\/"},{"@type":"ListItem","position":4,"name":"Taekwondo","item":"https:\/\/www.daisho.be\/de\/categorie-produit\/adidas-combat-sports-de\/taekwondo-de\/"},{"@type":"ListItem","position":5,"name":"Kimono - Dobok Adidas","item":"https:\/\/www.daisho.be\/de\/categorie-produit\/adidas-combat-sports-de\/taekwondo-de\/kimono-dobok-adidas-de\/"},{"@type":"ListItem","position":6,"name":"DOBOK ADIDAS POOMSAE SENIOR FRAU"}]},{"@type":"WebSite","@id":"https:\/\/www.daisho.be\/de\/#website","url":"https:\/\/www.daisho.be\/de\/","name":"Daisho","description":"Sp&eacute;cialiste de l'&eacute;quipement sportif d'arts martiaux","publisher":{"@id":"https:\/\/www.daisho.be\/de\/#organization"},"potentialAction":[{"@type":"SearchAction","target":{"@type":"EntryPoint","urlTemplate":"https:\/\/www.daisho.be\/de\/?s={search_term_string}"},"query-input":{"@type":"PropertyValueSpecification","valueRequired":true,"valueName":"search_term_string"}}],"inLanguage":"de"},{"@type":"Organization","@id":"https:\/\/www.daisho.be\/de\/#organization","name":"Daisho","url":"https:\/\/www.daisho.be\/de\/","logo":{"@type":"ImageObject","inLanguage":"de","@id":"https:\/\/www.daisho.be\/de\/#\/schema\/logo\/image\/","url":"https:\/\/www.daisho.be\/wp-content\/uploads\/2019\/07\/color-nothing-horizontale4x-e1564486100247.png","contentUrl":"https:\/\/www.daisho.be\/wp-content\/uploads\/2019\/07\/color-nothing-horizontale4x-e1564486100247.png","width":1547,"height":385,"caption":"Daisho"},"image":{"@id":"https:\/\/www.daisho.be\/de\/#\/schema\/logo\/image\/"}}]}},"_links":{"self":[{"href":"https:\/\/www.daisho.be\/de\/wp-json\/wp\/v2\/product\/455806","targetHints":{"allow":["GET"]}}],"collection":[{"href":"https:\/\/www.daisho.be\/de\/wp-json\/wp\/v2\/product"}],"about":[{"href":"https:\/\/www.daisho.be\/de\/wp-json\/wp\/v2\/types\/product"}],"replies":[{"embeddable":true,"href":"https:\/\/www.daisho.be\/de\/wp-json\/wp\/v2\/comments?post=455806"}],"wp:featuredmedia":[{"embeddable":true,"href":"https:\/\/www.daisho.be\/de\/wp-json\/wp\/v2\/media\/455813"}],"wp:attachment":[{"href":"https:\/\/www.daisho.be\/de\/wp-json\/wp\/v2\/media?parent=455806"}],"wp:term":[{"taxonomy":"product_brand","embeddable":true,"href":"https:\/\/www.daisho.be\/de\/wp-json\/wp\/v2\/product_brand?post=455806"},{"taxonomy":"product_cat","embeddable":true,"href":"https:\/\/www.daisho.be\/de\/wp-json\/wp\/v2\/product_cat?post=455806"},{"taxonomy":"product_tag","embeddable":true,"href":"https:\/\/www.daisho.be\/de\/wp-json\/wp\/v2\/product_tag?post=455806"},{"taxonomy":"sport","embeddable":true,"href":"https:\/\/www.daisho.be\/de\/wp-json\/wp\/v2\/sport?post=455806"}],"curies":[{"name":"wp","href":"https:\/\/api.w.org\/{rel}","templated":true}]}}