{"id":455724,"date":"2021-07-24T16:12:08","date_gmt":"2021-07-24T14:12:08","guid":{"rendered":"https:\/\/www.daisho.be\/produit\/judogi-adidas-j500-training-weiss\/"},"modified":"2025-12-22T15:55:24","modified_gmt":"2025-12-22T14:55:24","slug":"judogi-adidas-j500-training-weiss","status":"publish","type":"product","link":"https:\/\/www.daisho.be\/de\/produit\/judogi-adidas-j500-training-weiss\/","title":{"rendered":"Judogi Adidas J500 Training Wei\u00df"},"content":{"rendered":"<p>Der adidas J500 Judogi ist f\u00fcr den rekreativen Judoka gedacht. Der Judogi besteht zu 60% aus Baumwolle und zu 40% aus Baumwolle und ist an verschiedenen Stellen verst\u00e4rkt.<br \/>\nDie Hose hat einen elastischen Bund in Gr\u00f6\u00dfe 150 und eine Schn\u00fcrung in den Gr\u00f6\u00dfen 160 bis 200, um einen optimalen Tragekomfort zu gew\u00e4hrleisten.<br \/>\nDie adidas-Streifen und das adidas-Logo sind auf die Schultern gestickt.<br \/>\nDer Judogi besteht zu 60% aus Baumwolle und zu 40% aus Polyester.<br \/>\nDer Judogi ist an verschiedenen Stellen verst\u00e4rkt, um eine l\u00e4ngere Lebensdauer zu gew\u00e4hrleisten.<br \/>\nF\u00fcr die Mittelstufe.<br \/>\nStoff: Polycotton 500 g\/m\u00b2. <\/p>\n","protected":false},"excerpt":{"rendered":"<p>Der adidas J500 Judogi ist f\u00fcr den rekreativen Judoka gedacht. Der Judogi besteht zu 60% aus Baumwolle und zu 40% aus Baumwolle und ist an verschiedenen Stellen verst\u00e4rkt. Die Hose hat einen elastischen Bund in Gr\u00f6\u00dfe 150 und eine Schn\u00fcrung in den Gr\u00f6\u00dfen 160 bis 200, um einen optimalen Tragekomfort zu gew\u00e4hrleisten. Die adidas-Streifen und [&hellip;]<\/p>\n","protected":false},"featured_media":455730,"comment_status":"open","ping_status":"closed","template":"","meta":{"inline_featured_image":false},"product_brand":[],"product_cat":[2230,2287],"product_tag":[2178],"sport":[],"class_list":{"0":"post-455724","1":"product","2":"type-product","3":"status-publish","4":"has-post-thumbnail","6":"product_cat-judo-kimonos-de","7":"product_cat-kimono-judogi-adidas-de","8":"product_tag-adidas-de","9":"pa_size-380","10":"pa_size-379","11":"pa_size-378","12":"pa_size-377","13":"pa_size-376","14":"pa_size-383","16":"first","17":"instock","18":"taxable","19":"shipping-taxable","20":"purchasable","21":"product-type-variable"},"yoast_head":"<!-- This site is optimized with the Yoast SEO plugin v27.2 - https:\/\/yoast.com\/product\/yoast-seo-wordpress\/ -->\n<title>Judogi Adidas J500 Training Wei\u00df &#8211; Daisho<\/title>\n<meta name=\"description\" content=\"Entdecken Sie den Judogi J500, der speziell f\u00fcr Freizeitjudoka entwickelt wurde. Kaufen Sie ihn jetzt auf unserer Website www.daisho.be|Daisho.\" \/>\n<meta name=\"robots\" content=\"index, follow, max-snippet:-1, max-image-preview:large, max-video-preview:-1\" \/>\n<link rel=\"canonical\" href=\"https:\/\/www.daisho.be\/de\/produit\/judogi-adidas-j500-training-weiss\/\" \/>\n<meta property=\"og:locale\" content=\"de_DE\" \/>\n<meta property=\"og:type\" content=\"article\" \/>\n<meta property=\"og:title\" content=\"Judogi Adidas J500 Training Wei\u00df &#8211; Daisho\" \/>\n<meta property=\"og:description\" content=\"Entdecken Sie den Judogi J500, der speziell f\u00fcr Freizeitjudoka entwickelt wurde. Kaufen Sie ihn jetzt auf unserer Website www.daisho.be|Daisho.\" \/>\n<meta property=\"og:url\" content=\"https:\/\/www.daisho.be\/de\/produit\/judogi-adidas-j500-training-weiss\/\" \/>\n<meta property=\"og:site_name\" content=\"Daisho\" \/>\n<meta property=\"article:modified_time\" content=\"2025-12-22T14:55:24+00:00\" \/>\n<meta property=\"og:image\" content=\"https:\/\/www.daisho.be\/wp-content\/uploads\/2024\/08\/image-14.png\" \/>\n\t<meta property=\"og:image:width\" content=\"700\" \/>\n\t<meta property=\"og:image:height\" content=\"701\" \/>\n\t<meta property=\"og:image:type\" content=\"image\/png\" \/>\n<meta name=\"twitter:card\" content=\"summary_large_image\" \/>\n<script type=\"application\/ld+json\" class=\"yoast-schema-graph\">{\"@context\":\"https:\/\/schema.org\",\"@graph\":[{\"@type\":\"WebPage\",\"@id\":\"https:\/\/www.daisho.be\/de\/produit\/judogi-adidas-j500-training-weiss\/\",\"url\":\"https:\/\/www.daisho.be\/de\/produit\/judogi-adidas-j500-training-weiss\/\",\"name\":\"Judogi Adidas J500 Training Wei\u00df &#8211; Daisho\",\"isPartOf\":{\"@id\":\"https:\/\/www.daisho.be\/de\/#website\"},\"primaryImageOfPage\":{\"@id\":\"https:\/\/www.daisho.be\/de\/produit\/judogi-adidas-j500-training-weiss\/#primaryimage\"},\"image\":{\"@id\":\"https:\/\/www.daisho.be\/de\/produit\/judogi-adidas-j500-training-weiss\/#primaryimage\"},\"thumbnailUrl\":\"https:\/\/www.daisho.be\/wp-content\/uploads\/2024\/08\/image-14.png\",\"datePublished\":\"2021-07-24T14:12:08+00:00\",\"dateModified\":\"2025-12-22T14:55:24+00:00\",\"description\":\"Entdecken Sie den Judogi J500, der speziell f\u00fcr Freizeitjudoka entwickelt wurde. Kaufen Sie ihn jetzt auf unserer Website www.daisho.be|Daisho.\",\"breadcrumb\":{\"@id\":\"https:\/\/www.daisho.be\/de\/produit\/judogi-adidas-j500-training-weiss\/#breadcrumb\"},\"inLanguage\":\"de\",\"potentialAction\":[{\"@type\":\"ReadAction\",\"target\":[\"https:\/\/www.daisho.be\/de\/produit\/judogi-adidas-j500-training-weiss\/\"]}]},{\"@type\":\"ImageObject\",\"inLanguage\":\"de\",\"@id\":\"https:\/\/www.daisho.be\/de\/produit\/judogi-adidas-j500-training-weiss\/#primaryimage\",\"url\":\"https:\/\/www.daisho.be\/wp-content\/uploads\/2024\/08\/image-14.png\",\"contentUrl\":\"https:\/\/www.daisho.be\/wp-content\/uploads\/2024\/08\/image-14.png\",\"width\":700,\"height\":701,\"caption\":\"Judogi Adidas J500 Training Wei\u00df-1\"},{\"@type\":\"BreadcrumbList\",\"@id\":\"https:\/\/www.daisho.be\/de\/produit\/judogi-adidas-j500-training-weiss\/#breadcrumb\",\"itemListElement\":[{\"@type\":\"ListItem\",\"position\":1,\"name\":\"Accueil\",\"item\":\"https:\/\/www.daisho.be\/de\/\"},{\"@type\":\"ListItem\",\"position\":2,\"name\":\"Produkte\",\"item\":\"https:\/\/www.daisho.be\/de\/produkte\/\"},{\"@type\":\"ListItem\",\"position\":3,\"name\":\"Ausr\u00fcstung und Kleidung f\u00fcr Kampfkunst und Kampfsport\",\"item\":\"https:\/\/www.daisho.be\/de\/categorie-produit\/ausrustung-und-kleidung-fur-kampfkunst-und-kampfsport\/\"},{\"@type\":\"ListItem\",\"position\":4,\"name\":\"Judo\",\"item\":\"https:\/\/www.daisho.be\/de\/categorie-produit\/ausrustung-und-kleidung-fur-kampfkunst-und-kampfsport\/judo-de-2\/\"},{\"@type\":\"ListItem\",\"position\":5,\"name\":\"Judo-Kimonos\",\"item\":\"https:\/\/www.daisho.be\/de\/categorie-produit\/ausrustung-und-kleidung-fur-kampfkunst-und-kampfsport\/judo-de-2\/judo-kimonos-de\/\"},{\"@type\":\"ListItem\",\"position\":6,\"name\":\"Judogi Adidas J500 Training Wei\u00df\"}]},{\"@type\":\"WebSite\",\"@id\":\"https:\/\/www.daisho.be\/de\/#website\",\"url\":\"https:\/\/www.daisho.be\/de\/\",\"name\":\"Daisho\",\"description\":\"Sp&eacute;cialiste de l'&eacute;quipement sportif d'arts martiaux\",\"publisher\":{\"@id\":\"https:\/\/www.daisho.be\/de\/#organization\"},\"potentialAction\":[{\"@type\":\"SearchAction\",\"target\":{\"@type\":\"EntryPoint\",\"urlTemplate\":\"https:\/\/www.daisho.be\/de\/?s={search_term_string}\"},\"query-input\":{\"@type\":\"PropertyValueSpecification\",\"valueRequired\":true,\"valueName\":\"search_term_string\"}}],\"inLanguage\":\"de\"},{\"@type\":\"Organization\",\"@id\":\"https:\/\/www.daisho.be\/de\/#organization\",\"name\":\"Daisho\",\"url\":\"https:\/\/www.daisho.be\/de\/\",\"logo\":{\"@type\":\"ImageObject\",\"inLanguage\":\"de\",\"@id\":\"https:\/\/www.daisho.be\/de\/#\/schema\/logo\/image\/\",\"url\":\"https:\/\/www.daisho.be\/wp-content\/uploads\/2019\/07\/color-nothing-horizontale4x-e1564486100247.png\",\"contentUrl\":\"https:\/\/www.daisho.be\/wp-content\/uploads\/2019\/07\/color-nothing-horizontale4x-e1564486100247.png\",\"width\":1547,\"height\":385,\"caption\":\"Daisho\"},\"image\":{\"@id\":\"https:\/\/www.daisho.be\/de\/#\/schema\/logo\/image\/\"}}]}<\/script>\n<!-- \/ Yoast SEO plugin. -->","yoast_head_json":{"title":"Judogi Adidas J500 Training Wei\u00df &#8211; Daisho","description":"Entdecken Sie den Judogi J500, der speziell f\u00fcr Freizeitjudoka entwickelt wurde. Kaufen Sie ihn jetzt auf unserer Website www.daisho.be|Daisho.","robots":{"index":"index","follow":"follow","max-snippet":"max-snippet:-1","max-image-preview":"max-image-preview:large","max-video-preview":"max-video-preview:-1"},"canonical":"https:\/\/www.daisho.be\/de\/produit\/judogi-adidas-j500-training-weiss\/","og_locale":"de_DE","og_type":"article","og_title":"Judogi Adidas J500 Training Wei\u00df &#8211; Daisho","og_description":"Entdecken Sie den Judogi J500, der speziell f\u00fcr Freizeitjudoka entwickelt wurde. Kaufen Sie ihn jetzt auf unserer Website www.daisho.be|Daisho.","og_url":"https:\/\/www.daisho.be\/de\/produit\/judogi-adidas-j500-training-weiss\/","og_site_name":"Daisho","article_modified_time":"2025-12-22T14:55:24+00:00","og_image":[{"width":700,"height":701,"url":"https:\/\/www.daisho.be\/wp-content\/uploads\/2024\/08\/image-14.png","type":"image\/png"}],"twitter_card":"summary_large_image","schema":{"@context":"https:\/\/schema.org","@graph":[{"@type":"WebPage","@id":"https:\/\/www.daisho.be\/de\/produit\/judogi-adidas-j500-training-weiss\/","url":"https:\/\/www.daisho.be\/de\/produit\/judogi-adidas-j500-training-weiss\/","name":"Judogi Adidas J500 Training Wei\u00df &#8211; Daisho","isPartOf":{"@id":"https:\/\/www.daisho.be\/de\/#website"},"primaryImageOfPage":{"@id":"https:\/\/www.daisho.be\/de\/produit\/judogi-adidas-j500-training-weiss\/#primaryimage"},"image":{"@id":"https:\/\/www.daisho.be\/de\/produit\/judogi-adidas-j500-training-weiss\/#primaryimage"},"thumbnailUrl":"https:\/\/www.daisho.be\/wp-content\/uploads\/2024\/08\/image-14.png","datePublished":"2021-07-24T14:12:08+00:00","dateModified":"2025-12-22T14:55:24+00:00","description":"Entdecken Sie den Judogi J500, der speziell f\u00fcr Freizeitjudoka entwickelt wurde. Kaufen Sie ihn jetzt auf unserer Website www.daisho.be|Daisho.","breadcrumb":{"@id":"https:\/\/www.daisho.be\/de\/produit\/judogi-adidas-j500-training-weiss\/#breadcrumb"},"inLanguage":"de","potentialAction":[{"@type":"ReadAction","target":["https:\/\/www.daisho.be\/de\/produit\/judogi-adidas-j500-training-weiss\/"]}]},{"@type":"ImageObject","inLanguage":"de","@id":"https:\/\/www.daisho.be\/de\/produit\/judogi-adidas-j500-training-weiss\/#primaryimage","url":"https:\/\/www.daisho.be\/wp-content\/uploads\/2024\/08\/image-14.png","contentUrl":"https:\/\/www.daisho.be\/wp-content\/uploads\/2024\/08\/image-14.png","width":700,"height":701,"caption":"Judogi Adidas J500 Training Wei\u00df-1"},{"@type":"BreadcrumbList","@id":"https:\/\/www.daisho.be\/de\/produit\/judogi-adidas-j500-training-weiss\/#breadcrumb","itemListElement":[{"@type":"ListItem","position":1,"name":"Accueil","item":"https:\/\/www.daisho.be\/de\/"},{"@type":"ListItem","position":2,"name":"Produkte","item":"https:\/\/www.daisho.be\/de\/produkte\/"},{"@type":"ListItem","position":3,"name":"Ausr\u00fcstung und Kleidung f\u00fcr Kampfkunst und Kampfsport","item":"https:\/\/www.daisho.be\/de\/categorie-produit\/ausrustung-und-kleidung-fur-kampfkunst-und-kampfsport\/"},{"@type":"ListItem","position":4,"name":"Judo","item":"https:\/\/www.daisho.be\/de\/categorie-produit\/ausrustung-und-kleidung-fur-kampfkunst-und-kampfsport\/judo-de-2\/"},{"@type":"ListItem","position":5,"name":"Judo-Kimonos","item":"https:\/\/www.daisho.be\/de\/categorie-produit\/ausrustung-und-kleidung-fur-kampfkunst-und-kampfsport\/judo-de-2\/judo-kimonos-de\/"},{"@type":"ListItem","position":6,"name":"Judogi Adidas J500 Training Wei\u00df"}]},{"@type":"WebSite","@id":"https:\/\/www.daisho.be\/de\/#website","url":"https:\/\/www.daisho.be\/de\/","name":"Daisho","description":"Sp&eacute;cialiste de l'&eacute;quipement sportif d'arts martiaux","publisher":{"@id":"https:\/\/www.daisho.be\/de\/#organization"},"potentialAction":[{"@type":"SearchAction","target":{"@type":"EntryPoint","urlTemplate":"https:\/\/www.daisho.be\/de\/?s={search_term_string}"},"query-input":{"@type":"PropertyValueSpecification","valueRequired":true,"valueName":"search_term_string"}}],"inLanguage":"de"},{"@type":"Organization","@id":"https:\/\/www.daisho.be\/de\/#organization","name":"Daisho","url":"https:\/\/www.daisho.be\/de\/","logo":{"@type":"ImageObject","inLanguage":"de","@id":"https:\/\/www.daisho.be\/de\/#\/schema\/logo\/image\/","url":"https:\/\/www.daisho.be\/wp-content\/uploads\/2019\/07\/color-nothing-horizontale4x-e1564486100247.png","contentUrl":"https:\/\/www.daisho.be\/wp-content\/uploads\/2019\/07\/color-nothing-horizontale4x-e1564486100247.png","width":1547,"height":385,"caption":"Daisho"},"image":{"@id":"https:\/\/www.daisho.be\/de\/#\/schema\/logo\/image\/"}}]}},"_links":{"self":[{"href":"https:\/\/www.daisho.be\/de\/wp-json\/wp\/v2\/product\/455724","targetHints":{"allow":["GET"]}}],"collection":[{"href":"https:\/\/www.daisho.be\/de\/wp-json\/wp\/v2\/product"}],"about":[{"href":"https:\/\/www.daisho.be\/de\/wp-json\/wp\/v2\/types\/product"}],"replies":[{"embeddable":true,"href":"https:\/\/www.daisho.be\/de\/wp-json\/wp\/v2\/comments?post=455724"}],"wp:featuredmedia":[{"embeddable":true,"href":"https:\/\/www.daisho.be\/de\/wp-json\/wp\/v2\/media\/455730"}],"wp:attachment":[{"href":"https:\/\/www.daisho.be\/de\/wp-json\/wp\/v2\/media?parent=455724"}],"wp:term":[{"taxonomy":"product_brand","embeddable":true,"href":"https:\/\/www.daisho.be\/de\/wp-json\/wp\/v2\/product_brand?post=455724"},{"taxonomy":"product_cat","embeddable":true,"href":"https:\/\/www.daisho.be\/de\/wp-json\/wp\/v2\/product_cat?post=455724"},{"taxonomy":"product_tag","embeddable":true,"href":"https:\/\/www.daisho.be\/de\/wp-json\/wp\/v2\/product_tag?post=455724"},{"taxonomy":"sport","embeddable":true,"href":"https:\/\/www.daisho.be\/de\/wp-json\/wp\/v2\/sport?post=455724"}],"curies":[{"name":"wp","href":"https:\/\/api.w.org\/{rel}","templated":true}]}}