{"id":455531,"date":"2021-08-01T14:35:50","date_gmt":"2021-08-01T12:35:50","guid":{"rendered":"https:\/\/www.daisho.be\/produit\/adidas-upppercut-bag-70x30-cm\/"},"modified":"2025-03-04T10:42:28","modified_gmt":"2025-03-04T09:42:28","slug":"adidas-upppercut-bag-70x30-cm","status":"publish","type":"product","link":"https:\/\/www.daisho.be\/de\/produit\/adidas-upppercut-bag-70x30-cm\/","title":{"rendered":"adidas Upppercut Bag 70&#215;30 cm"},"content":{"rendered":"<p>Diese Uppercut-Tasche ist ideal f\u00fcr das Schlagtraining.<br \/>\nDie Uppercut-Tasche besteht aus PU3G, dieses Material ist genauso flexibel, haltbar und sch\u00f6n wie echtes Leder.<br \/>\nDie Uppercut-Tasche l\u00e4sst sich leicht an den Metallhaken aufh\u00e4ngen.<br \/>\nPerfekt geeignet f\u00fcr normales Training und Liegest\u00fctze, Ellenbogen und Knie.<br \/>\nDie Tasche wurde zu Ihrer Sicherheit gescannt.<\/p>\n","protected":false},"excerpt":{"rendered":"<p>Diese Uppercut-Tasche ist ideal f\u00fcr das Schlagtraining. Die Uppercut-Tasche besteht aus PU3G, dieses Material ist genauso flexibel, haltbar und sch\u00f6n wie echtes Leder. Die Uppercut-Tasche l\u00e4sst sich leicht an den Metallhaken aufh\u00e4ngen. Perfekt geeignet f\u00fcr normales Training und Liegest\u00fctze, Ellenbogen und Knie. Die Tasche wurde zu Ihrer Sicherheit gescannt.<\/p>\n","protected":false},"featured_media":455534,"comment_status":"open","ping_status":"closed","template":"","meta":{"inline_featured_image":false},"product_brand":[],"product_cat":[2252,2278,2256],"product_tag":[2178],"sport":[],"class_list":{"0":"post-455531","1":"product","2":"type-product","3":"status-publish","4":"has-post-thumbnail","6":"product_cat-boxsacke-und-trainingszubehor","7":"product_cat-boxsacke-und-trainingszubehor-boxen","8":"product_cat-taekwondo-boxsacke-und-trainingszubehor-von-adidas","9":"product_tag-adidas-de","10":"pa_size-sans-taille","12":"first","13":"instock","14":"taxable","15":"shipping-taxable","16":"purchasable","17":"product-type-variable"},"yoast_head":"<!-- This site is optimized with the Yoast SEO plugin v27.2 - https:\/\/yoast.com\/product\/yoast-seo-wordpress\/ -->\n<title>adidas Upppercut Bag 70x30 cm &#8211; Daisho<\/title>\n<meta name=\"description\" content=\"Die Uppercut-Tasche wurde entwickelt, um Ihr Schlagtraining zu verbessern. Kaufen Sie ihn auf unserer Webseite www.daisho.be|Daisho\" \/>\n<meta name=\"robots\" content=\"index, follow, max-snippet:-1, max-image-preview:large, max-video-preview:-1\" \/>\n<link rel=\"canonical\" href=\"https:\/\/www.daisho.be\/de\/produit\/adidas-upppercut-bag-70x30-cm\/\" \/>\n<meta property=\"og:locale\" content=\"de_DE\" \/>\n<meta property=\"og:type\" content=\"article\" \/>\n<meta property=\"og:title\" content=\"adidas Upppercut Bag 70x30 cm &#8211; Daisho\" \/>\n<meta property=\"og:description\" content=\"Die Uppercut-Tasche wurde entwickelt, um Ihr Schlagtraining zu verbessern. Kaufen Sie ihn auf unserer Webseite www.daisho.be|Daisho\" \/>\n<meta property=\"og:url\" content=\"https:\/\/www.daisho.be\/de\/produit\/adidas-upppercut-bag-70x30-cm\/\" \/>\n<meta property=\"og:site_name\" content=\"Daisho\" \/>\n<meta property=\"article:modified_time\" content=\"2025-03-04T09:42:28+00:00\" \/>\n<meta property=\"og:image\" content=\"https:\/\/www.daisho.be\/wp-content\/uploads\/2021\/08\/image-11.jpg\" \/>\n\t<meta property=\"og:image:width\" content=\"650\" \/>\n\t<meta property=\"og:image:height\" content=\"650\" \/>\n\t<meta property=\"og:image:type\" content=\"image\/jpeg\" \/>\n<meta name=\"twitter:card\" content=\"summary_large_image\" \/>\n<script type=\"application\/ld+json\" class=\"yoast-schema-graph\">{\"@context\":\"https:\/\/schema.org\",\"@graph\":[{\"@type\":\"WebPage\",\"@id\":\"https:\/\/www.daisho.be\/de\/produit\/adidas-upppercut-bag-70x30-cm\/\",\"url\":\"https:\/\/www.daisho.be\/de\/produit\/adidas-upppercut-bag-70x30-cm\/\",\"name\":\"adidas Upppercut Bag 70x30 cm &#8211; Daisho\",\"isPartOf\":{\"@id\":\"https:\/\/www.daisho.be\/de\/#website\"},\"primaryImageOfPage\":{\"@id\":\"https:\/\/www.daisho.be\/de\/produit\/adidas-upppercut-bag-70x30-cm\/#primaryimage\"},\"image\":{\"@id\":\"https:\/\/www.daisho.be\/de\/produit\/adidas-upppercut-bag-70x30-cm\/#primaryimage\"},\"thumbnailUrl\":\"https:\/\/www.daisho.be\/wp-content\/uploads\/2021\/08\/image-11.jpg\",\"datePublished\":\"2021-08-01T12:35:50+00:00\",\"dateModified\":\"2025-03-04T09:42:28+00:00\",\"description\":\"Die Uppercut-Tasche wurde entwickelt, um Ihr Schlagtraining zu verbessern. Kaufen Sie ihn auf unserer Webseite www.daisho.be|Daisho\",\"breadcrumb\":{\"@id\":\"https:\/\/www.daisho.be\/de\/produit\/adidas-upppercut-bag-70x30-cm\/#breadcrumb\"},\"inLanguage\":\"de\",\"potentialAction\":[{\"@type\":\"ReadAction\",\"target\":[\"https:\/\/www.daisho.be\/de\/produit\/adidas-upppercut-bag-70x30-cm\/\"]}]},{\"@type\":\"ImageObject\",\"inLanguage\":\"de\",\"@id\":\"https:\/\/www.daisho.be\/de\/produit\/adidas-upppercut-bag-70x30-cm\/#primaryimage\",\"url\":\"https:\/\/www.daisho.be\/wp-content\/uploads\/2021\/08\/image-11.jpg\",\"contentUrl\":\"https:\/\/www.daisho.be\/wp-content\/uploads\/2021\/08\/image-11.jpg\",\"width\":650,\"height\":650},{\"@type\":\"BreadcrumbList\",\"@id\":\"https:\/\/www.daisho.be\/de\/produit\/adidas-upppercut-bag-70x30-cm\/#breadcrumb\",\"itemListElement\":[{\"@type\":\"ListItem\",\"position\":1,\"name\":\"Accueil\",\"item\":\"https:\/\/www.daisho.be\/de\/\"},{\"@type\":\"ListItem\",\"position\":2,\"name\":\"Produkte\",\"item\":\"https:\/\/www.daisho.be\/de\/produkte\/\"},{\"@type\":\"ListItem\",\"position\":3,\"name\":\"ADIDAS COMBAT SPORTS\",\"item\":\"https:\/\/www.daisho.be\/de\/categorie-produit\/adidas-combat-sports-de\/\"},{\"@type\":\"ListItem\",\"position\":4,\"name\":\"MMA\",\"item\":\"https:\/\/www.daisho.be\/de\/categorie-produit\/adidas-combat-sports-de\/mma-de\/\"},{\"@type\":\"ListItem\",\"position\":5,\"name\":\"Boxs\u00e4cke und Trainingszubeh\u00f6r\",\"item\":\"https:\/\/www.daisho.be\/de\/categorie-produit\/adidas-combat-sports-de\/mma-de\/boxsacke-und-trainingszubehor\/\"},{\"@type\":\"ListItem\",\"position\":6,\"name\":\"adidas Upppercut Bag 70&#215;30 cm\"}]},{\"@type\":\"WebSite\",\"@id\":\"https:\/\/www.daisho.be\/de\/#website\",\"url\":\"https:\/\/www.daisho.be\/de\/\",\"name\":\"Daisho\",\"description\":\"Sp&eacute;cialiste de l'&eacute;quipement sportif d'arts martiaux\",\"publisher\":{\"@id\":\"https:\/\/www.daisho.be\/de\/#organization\"},\"potentialAction\":[{\"@type\":\"SearchAction\",\"target\":{\"@type\":\"EntryPoint\",\"urlTemplate\":\"https:\/\/www.daisho.be\/de\/?s={search_term_string}\"},\"query-input\":{\"@type\":\"PropertyValueSpecification\",\"valueRequired\":true,\"valueName\":\"search_term_string\"}}],\"inLanguage\":\"de\"},{\"@type\":\"Organization\",\"@id\":\"https:\/\/www.daisho.be\/de\/#organization\",\"name\":\"Daisho\",\"url\":\"https:\/\/www.daisho.be\/de\/\",\"logo\":{\"@type\":\"ImageObject\",\"inLanguage\":\"de\",\"@id\":\"https:\/\/www.daisho.be\/de\/#\/schema\/logo\/image\/\",\"url\":\"https:\/\/www.daisho.be\/wp-content\/uploads\/2019\/07\/color-nothing-horizontale4x-e1564486100247.png\",\"contentUrl\":\"https:\/\/www.daisho.be\/wp-content\/uploads\/2019\/07\/color-nothing-horizontale4x-e1564486100247.png\",\"width\":1547,\"height\":385,\"caption\":\"Daisho\"},\"image\":{\"@id\":\"https:\/\/www.daisho.be\/de\/#\/schema\/logo\/image\/\"}}]}<\/script>\n<!-- \/ Yoast SEO plugin. -->","yoast_head_json":{"title":"adidas Upppercut Bag 70x30 cm &#8211; Daisho","description":"Die Uppercut-Tasche wurde entwickelt, um Ihr Schlagtraining zu verbessern. Kaufen Sie ihn auf unserer Webseite www.daisho.be|Daisho","robots":{"index":"index","follow":"follow","max-snippet":"max-snippet:-1","max-image-preview":"max-image-preview:large","max-video-preview":"max-video-preview:-1"},"canonical":"https:\/\/www.daisho.be\/de\/produit\/adidas-upppercut-bag-70x30-cm\/","og_locale":"de_DE","og_type":"article","og_title":"adidas Upppercut Bag 70x30 cm &#8211; Daisho","og_description":"Die Uppercut-Tasche wurde entwickelt, um Ihr Schlagtraining zu verbessern. Kaufen Sie ihn auf unserer Webseite www.daisho.be|Daisho","og_url":"https:\/\/www.daisho.be\/de\/produit\/adidas-upppercut-bag-70x30-cm\/","og_site_name":"Daisho","article_modified_time":"2025-03-04T09:42:28+00:00","og_image":[{"width":650,"height":650,"url":"https:\/\/www.daisho.be\/wp-content\/uploads\/2021\/08\/image-11.jpg","type":"image\/jpeg"}],"twitter_card":"summary_large_image","schema":{"@context":"https:\/\/schema.org","@graph":[{"@type":"WebPage","@id":"https:\/\/www.daisho.be\/de\/produit\/adidas-upppercut-bag-70x30-cm\/","url":"https:\/\/www.daisho.be\/de\/produit\/adidas-upppercut-bag-70x30-cm\/","name":"adidas Upppercut Bag 70x30 cm &#8211; Daisho","isPartOf":{"@id":"https:\/\/www.daisho.be\/de\/#website"},"primaryImageOfPage":{"@id":"https:\/\/www.daisho.be\/de\/produit\/adidas-upppercut-bag-70x30-cm\/#primaryimage"},"image":{"@id":"https:\/\/www.daisho.be\/de\/produit\/adidas-upppercut-bag-70x30-cm\/#primaryimage"},"thumbnailUrl":"https:\/\/www.daisho.be\/wp-content\/uploads\/2021\/08\/image-11.jpg","datePublished":"2021-08-01T12:35:50+00:00","dateModified":"2025-03-04T09:42:28+00:00","description":"Die Uppercut-Tasche wurde entwickelt, um Ihr Schlagtraining zu verbessern. Kaufen Sie ihn auf unserer Webseite www.daisho.be|Daisho","breadcrumb":{"@id":"https:\/\/www.daisho.be\/de\/produit\/adidas-upppercut-bag-70x30-cm\/#breadcrumb"},"inLanguage":"de","potentialAction":[{"@type":"ReadAction","target":["https:\/\/www.daisho.be\/de\/produit\/adidas-upppercut-bag-70x30-cm\/"]}]},{"@type":"ImageObject","inLanguage":"de","@id":"https:\/\/www.daisho.be\/de\/produit\/adidas-upppercut-bag-70x30-cm\/#primaryimage","url":"https:\/\/www.daisho.be\/wp-content\/uploads\/2021\/08\/image-11.jpg","contentUrl":"https:\/\/www.daisho.be\/wp-content\/uploads\/2021\/08\/image-11.jpg","width":650,"height":650},{"@type":"BreadcrumbList","@id":"https:\/\/www.daisho.be\/de\/produit\/adidas-upppercut-bag-70x30-cm\/#breadcrumb","itemListElement":[{"@type":"ListItem","position":1,"name":"Accueil","item":"https:\/\/www.daisho.be\/de\/"},{"@type":"ListItem","position":2,"name":"Produkte","item":"https:\/\/www.daisho.be\/de\/produkte\/"},{"@type":"ListItem","position":3,"name":"ADIDAS COMBAT SPORTS","item":"https:\/\/www.daisho.be\/de\/categorie-produit\/adidas-combat-sports-de\/"},{"@type":"ListItem","position":4,"name":"MMA","item":"https:\/\/www.daisho.be\/de\/categorie-produit\/adidas-combat-sports-de\/mma-de\/"},{"@type":"ListItem","position":5,"name":"Boxs\u00e4cke und Trainingszubeh\u00f6r","item":"https:\/\/www.daisho.be\/de\/categorie-produit\/adidas-combat-sports-de\/mma-de\/boxsacke-und-trainingszubehor\/"},{"@type":"ListItem","position":6,"name":"adidas Upppercut Bag 70&#215;30 cm"}]},{"@type":"WebSite","@id":"https:\/\/www.daisho.be\/de\/#website","url":"https:\/\/www.daisho.be\/de\/","name":"Daisho","description":"Sp&eacute;cialiste de l'&eacute;quipement sportif d'arts martiaux","publisher":{"@id":"https:\/\/www.daisho.be\/de\/#organization"},"potentialAction":[{"@type":"SearchAction","target":{"@type":"EntryPoint","urlTemplate":"https:\/\/www.daisho.be\/de\/?s={search_term_string}"},"query-input":{"@type":"PropertyValueSpecification","valueRequired":true,"valueName":"search_term_string"}}],"inLanguage":"de"},{"@type":"Organization","@id":"https:\/\/www.daisho.be\/de\/#organization","name":"Daisho","url":"https:\/\/www.daisho.be\/de\/","logo":{"@type":"ImageObject","inLanguage":"de","@id":"https:\/\/www.daisho.be\/de\/#\/schema\/logo\/image\/","url":"https:\/\/www.daisho.be\/wp-content\/uploads\/2019\/07\/color-nothing-horizontale4x-e1564486100247.png","contentUrl":"https:\/\/www.daisho.be\/wp-content\/uploads\/2019\/07\/color-nothing-horizontale4x-e1564486100247.png","width":1547,"height":385,"caption":"Daisho"},"image":{"@id":"https:\/\/www.daisho.be\/de\/#\/schema\/logo\/image\/"}}]}},"_links":{"self":[{"href":"https:\/\/www.daisho.be\/de\/wp-json\/wp\/v2\/product\/455531","targetHints":{"allow":["GET"]}}],"collection":[{"href":"https:\/\/www.daisho.be\/de\/wp-json\/wp\/v2\/product"}],"about":[{"href":"https:\/\/www.daisho.be\/de\/wp-json\/wp\/v2\/types\/product"}],"replies":[{"embeddable":true,"href":"https:\/\/www.daisho.be\/de\/wp-json\/wp\/v2\/comments?post=455531"}],"wp:featuredmedia":[{"embeddable":true,"href":"https:\/\/www.daisho.be\/de\/wp-json\/wp\/v2\/media\/455534"}],"wp:attachment":[{"href":"https:\/\/www.daisho.be\/de\/wp-json\/wp\/v2\/media?parent=455531"}],"wp:term":[{"taxonomy":"product_brand","embeddable":true,"href":"https:\/\/www.daisho.be\/de\/wp-json\/wp\/v2\/product_brand?post=455531"},{"taxonomy":"product_cat","embeddable":true,"href":"https:\/\/www.daisho.be\/de\/wp-json\/wp\/v2\/product_cat?post=455531"},{"taxonomy":"product_tag","embeddable":true,"href":"https:\/\/www.daisho.be\/de\/wp-json\/wp\/v2\/product_tag?post=455531"},{"taxonomy":"sport","embeddable":true,"href":"https:\/\/www.daisho.be\/de\/wp-json\/wp\/v2\/sport?post=455531"}],"curies":[{"name":"wp","href":"https:\/\/api.w.org\/{rel}","templated":true}]}}