{"id":455411,"date":"2021-08-31T15:34:27","date_gmt":"2021-08-31T13:34:27","guid":{"rendered":"https:\/\/www.daisho.be\/produit\/boxbaender-adidas-4-55m-gelb\/"},"modified":"2025-03-04T09:56:30","modified_gmt":"2025-03-04T08:56:30","slug":"boxbaender-adidas-4-55m-gelb","status":"publish","type":"product","link":"https:\/\/www.daisho.be\/de\/produit\/boxbaender-adidas-4-55m-gelb\/","title":{"rendered":"Boxb\u00e4nder Adidas 4.55m gelb"},"content":{"rendered":"<p>Die adidas Boxb\u00e4nder bestehen zu 100% aus weicher, gewebter Baumwolle, sind leicht dehnbar und haben einen f\u00fcnf Zentimeter langen Klettverschluss.<br \/>\nDie Boxb\u00e4nder sind 4,55 Meter lang und haben eine Daumenschlaufe f\u00fcr einfaches Anbringen. Erh\u00e4ltlich in f\u00fcnf Farben.<br \/>\nDie B\u00e4nder eignen sich f\u00fcr alle Kampfk\u00fcnstler wie MMA, K1 und (Kick-)Boxen.<br \/>\nVorteile:<br \/>\n&#8211; verschiedene L\u00e4ngen<br \/>\n&#8211; verschiedene Farben<br \/>\n&#8211; mit Daumenschlaufe und Klettverschluss<br \/>\n&#8211; sehr stark und dehnbar. <\/p>\n","protected":false},"excerpt":{"rendered":"<p>Die adidas Boxb\u00e4nder bestehen zu 100% aus weicher, gewebter Baumwolle, sind leicht dehnbar und haben einen f\u00fcnf Zentimeter langen Klettverschluss. Die Boxb\u00e4nder sind 4,55 Meter lang und haben eine Daumenschlaufe f\u00fcr einfaches Anbringen. Erh\u00e4ltlich in f\u00fcnf Farben. Die B\u00e4nder eignen sich f\u00fcr alle Kampfk\u00fcnstler wie MMA, K1 und (Kick-)Boxen. Vorteile: &#8211; verschiedene L\u00e4ngen &#8211; verschiedene [&hellip;]<\/p>\n","protected":false},"featured_media":455412,"comment_status":"open","ping_status":"closed","template":"","meta":{"inline_featured_image":false},"product_brand":[],"product_cat":[2271],"product_tag":[2178],"sport":[],"class_list":{"0":"post-455411","1":"product","2":"type-product","3":"status-publish","4":"has-post-thumbnail","6":"product_cat-adidas-boxing-protektoren","7":"product_tag-adidas-de","8":"pa_size-sans-taille","10":"first","11":"instock","12":"taxable","13":"shipping-taxable","14":"purchasable","15":"product-type-simple"},"yoast_head":"<!-- This site is optimized with the Yoast SEO plugin v27.2 - https:\/\/yoast.com\/product\/yoast-seo-wordpress\/ -->\n<title>Boxb\u00e4nder Adidas 4.55m gelb &#8211; Daisho<\/title>\n<meta name=\"description\" content=\"Entdecken Sie die Boxb\u00e4nder von Adidas, die Komfort und Qualit\u00e4t vereinen. Kaufen Sie sie jetzt auf unserer Website www.daisho.be|Daisho\" \/>\n<meta name=\"robots\" content=\"index, follow, max-snippet:-1, max-image-preview:large, max-video-preview:-1\" \/>\n<link rel=\"canonical\" href=\"https:\/\/www.daisho.be\/de\/produit\/boxbaender-adidas-4-55m-gelb\/\" \/>\n<meta property=\"og:locale\" content=\"de_DE\" \/>\n<meta property=\"og:type\" content=\"article\" \/>\n<meta property=\"og:title\" content=\"Boxb\u00e4nder Adidas 4.55m gelb &#8211; Daisho\" \/>\n<meta property=\"og:description\" content=\"Entdecken Sie die Boxb\u00e4nder von Adidas, die Komfort und Qualit\u00e4t vereinen. Kaufen Sie sie jetzt auf unserer Website www.daisho.be|Daisho\" \/>\n<meta property=\"og:url\" content=\"https:\/\/www.daisho.be\/de\/produit\/boxbaender-adidas-4-55m-gelb\/\" \/>\n<meta property=\"og:site_name\" content=\"Daisho\" \/>\n<meta property=\"article:modified_time\" content=\"2025-03-04T08:56:30+00:00\" \/>\n<meta property=\"og:image\" content=\"https:\/\/www.daisho.be\/wp-content\/uploads\/2023\/12\/image-53.jpg\" \/>\n\t<meta property=\"og:image:width\" content=\"650\" \/>\n\t<meta property=\"og:image:height\" content=\"650\" \/>\n\t<meta property=\"og:image:type\" content=\"image\/jpeg\" \/>\n<meta name=\"twitter:card\" content=\"summary_large_image\" \/>\n<script type=\"application\/ld+json\" class=\"yoast-schema-graph\">{\"@context\":\"https:\/\/schema.org\",\"@graph\":[{\"@type\":\"WebPage\",\"@id\":\"https:\/\/www.daisho.be\/de\/produit\/boxbaender-adidas-4-55m-gelb\/\",\"url\":\"https:\/\/www.daisho.be\/de\/produit\/boxbaender-adidas-4-55m-gelb\/\",\"name\":\"Boxb\u00e4nder Adidas 4.55m gelb &#8211; Daisho\",\"isPartOf\":{\"@id\":\"https:\/\/www.daisho.be\/de\/#website\"},\"primaryImageOfPage\":{\"@id\":\"https:\/\/www.daisho.be\/de\/produit\/boxbaender-adidas-4-55m-gelb\/#primaryimage\"},\"image\":{\"@id\":\"https:\/\/www.daisho.be\/de\/produit\/boxbaender-adidas-4-55m-gelb\/#primaryimage\"},\"thumbnailUrl\":\"https:\/\/www.daisho.be\/wp-content\/uploads\/2023\/12\/image-53.jpg\",\"datePublished\":\"2021-08-31T13:34:27+00:00\",\"dateModified\":\"2025-03-04T08:56:30+00:00\",\"description\":\"Entdecken Sie die Boxb\u00e4nder von Adidas, die Komfort und Qualit\u00e4t vereinen. Kaufen Sie sie jetzt auf unserer Website www.daisho.be|Daisho\",\"breadcrumb\":{\"@id\":\"https:\/\/www.daisho.be\/de\/produit\/boxbaender-adidas-4-55m-gelb\/#breadcrumb\"},\"inLanguage\":\"de\",\"potentialAction\":[{\"@type\":\"ReadAction\",\"target\":[\"https:\/\/www.daisho.be\/de\/produit\/boxbaender-adidas-4-55m-gelb\/\"]}]},{\"@type\":\"ImageObject\",\"inLanguage\":\"de\",\"@id\":\"https:\/\/www.daisho.be\/de\/produit\/boxbaender-adidas-4-55m-gelb\/#primaryimage\",\"url\":\"https:\/\/www.daisho.be\/wp-content\/uploads\/2023\/12\/image-53.jpg\",\"contentUrl\":\"https:\/\/www.daisho.be\/wp-content\/uploads\/2023\/12\/image-53.jpg\",\"width\":650,\"height\":650,\"caption\":\"Boxb\u00e4nder Adidas 4.55m gelb-1\"},{\"@type\":\"BreadcrumbList\",\"@id\":\"https:\/\/www.daisho.be\/de\/produit\/boxbaender-adidas-4-55m-gelb\/#breadcrumb\",\"itemListElement\":[{\"@type\":\"ListItem\",\"position\":1,\"name\":\"Accueil\",\"item\":\"https:\/\/www.daisho.be\/de\/\"},{\"@type\":\"ListItem\",\"position\":2,\"name\":\"Produkte\",\"item\":\"https:\/\/www.daisho.be\/de\/produkte\/\"},{\"@type\":\"ListItem\",\"position\":3,\"name\":\"ADIDAS COMBAT SPORTS\",\"item\":\"https:\/\/www.daisho.be\/de\/categorie-produit\/adidas-combat-sports-de\/\"},{\"@type\":\"ListItem\",\"position\":4,\"name\":\"Boxen\",\"item\":\"https:\/\/www.daisho.be\/de\/categorie-produit\/adidas-combat-sports-de\/boxen\/\"},{\"@type\":\"ListItem\",\"position\":5,\"name\":\"Adidas Boxing Protektoren\",\"item\":\"https:\/\/www.daisho.be\/de\/categorie-produit\/adidas-combat-sports-de\/boxen\/adidas-boxing-protektoren\/\"},{\"@type\":\"ListItem\",\"position\":6,\"name\":\"Boxb\u00e4nder Adidas 4.55m gelb\"}]},{\"@type\":\"WebSite\",\"@id\":\"https:\/\/www.daisho.be\/de\/#website\",\"url\":\"https:\/\/www.daisho.be\/de\/\",\"name\":\"Daisho\",\"description\":\"Sp&eacute;cialiste de l'&eacute;quipement sportif d'arts martiaux\",\"publisher\":{\"@id\":\"https:\/\/www.daisho.be\/de\/#organization\"},\"potentialAction\":[{\"@type\":\"SearchAction\",\"target\":{\"@type\":\"EntryPoint\",\"urlTemplate\":\"https:\/\/www.daisho.be\/de\/?s={search_term_string}\"},\"query-input\":{\"@type\":\"PropertyValueSpecification\",\"valueRequired\":true,\"valueName\":\"search_term_string\"}}],\"inLanguage\":\"de\"},{\"@type\":\"Organization\",\"@id\":\"https:\/\/www.daisho.be\/de\/#organization\",\"name\":\"Daisho\",\"url\":\"https:\/\/www.daisho.be\/de\/\",\"logo\":{\"@type\":\"ImageObject\",\"inLanguage\":\"de\",\"@id\":\"https:\/\/www.daisho.be\/de\/#\/schema\/logo\/image\/\",\"url\":\"https:\/\/www.daisho.be\/wp-content\/uploads\/2019\/07\/color-nothing-horizontale4x-e1564486100247.png\",\"contentUrl\":\"https:\/\/www.daisho.be\/wp-content\/uploads\/2019\/07\/color-nothing-horizontale4x-e1564486100247.png\",\"width\":1547,\"height\":385,\"caption\":\"Daisho\"},\"image\":{\"@id\":\"https:\/\/www.daisho.be\/de\/#\/schema\/logo\/image\/\"}}]}<\/script>\n<!-- \/ Yoast SEO plugin. -->","yoast_head_json":{"title":"Boxb\u00e4nder Adidas 4.55m gelb &#8211; Daisho","description":"Entdecken Sie die Boxb\u00e4nder von Adidas, die Komfort und Qualit\u00e4t vereinen. Kaufen Sie sie jetzt auf unserer Website www.daisho.be|Daisho","robots":{"index":"index","follow":"follow","max-snippet":"max-snippet:-1","max-image-preview":"max-image-preview:large","max-video-preview":"max-video-preview:-1"},"canonical":"https:\/\/www.daisho.be\/de\/produit\/boxbaender-adidas-4-55m-gelb\/","og_locale":"de_DE","og_type":"article","og_title":"Boxb\u00e4nder Adidas 4.55m gelb &#8211; Daisho","og_description":"Entdecken Sie die Boxb\u00e4nder von Adidas, die Komfort und Qualit\u00e4t vereinen. Kaufen Sie sie jetzt auf unserer Website www.daisho.be|Daisho","og_url":"https:\/\/www.daisho.be\/de\/produit\/boxbaender-adidas-4-55m-gelb\/","og_site_name":"Daisho","article_modified_time":"2025-03-04T08:56:30+00:00","og_image":[{"width":650,"height":650,"url":"https:\/\/www.daisho.be\/wp-content\/uploads\/2023\/12\/image-53.jpg","type":"image\/jpeg"}],"twitter_card":"summary_large_image","schema":{"@context":"https:\/\/schema.org","@graph":[{"@type":"WebPage","@id":"https:\/\/www.daisho.be\/de\/produit\/boxbaender-adidas-4-55m-gelb\/","url":"https:\/\/www.daisho.be\/de\/produit\/boxbaender-adidas-4-55m-gelb\/","name":"Boxb\u00e4nder Adidas 4.55m gelb &#8211; Daisho","isPartOf":{"@id":"https:\/\/www.daisho.be\/de\/#website"},"primaryImageOfPage":{"@id":"https:\/\/www.daisho.be\/de\/produit\/boxbaender-adidas-4-55m-gelb\/#primaryimage"},"image":{"@id":"https:\/\/www.daisho.be\/de\/produit\/boxbaender-adidas-4-55m-gelb\/#primaryimage"},"thumbnailUrl":"https:\/\/www.daisho.be\/wp-content\/uploads\/2023\/12\/image-53.jpg","datePublished":"2021-08-31T13:34:27+00:00","dateModified":"2025-03-04T08:56:30+00:00","description":"Entdecken Sie die Boxb\u00e4nder von Adidas, die Komfort und Qualit\u00e4t vereinen. Kaufen Sie sie jetzt auf unserer Website www.daisho.be|Daisho","breadcrumb":{"@id":"https:\/\/www.daisho.be\/de\/produit\/boxbaender-adidas-4-55m-gelb\/#breadcrumb"},"inLanguage":"de","potentialAction":[{"@type":"ReadAction","target":["https:\/\/www.daisho.be\/de\/produit\/boxbaender-adidas-4-55m-gelb\/"]}]},{"@type":"ImageObject","inLanguage":"de","@id":"https:\/\/www.daisho.be\/de\/produit\/boxbaender-adidas-4-55m-gelb\/#primaryimage","url":"https:\/\/www.daisho.be\/wp-content\/uploads\/2023\/12\/image-53.jpg","contentUrl":"https:\/\/www.daisho.be\/wp-content\/uploads\/2023\/12\/image-53.jpg","width":650,"height":650,"caption":"Boxb\u00e4nder Adidas 4.55m gelb-1"},{"@type":"BreadcrumbList","@id":"https:\/\/www.daisho.be\/de\/produit\/boxbaender-adidas-4-55m-gelb\/#breadcrumb","itemListElement":[{"@type":"ListItem","position":1,"name":"Accueil","item":"https:\/\/www.daisho.be\/de\/"},{"@type":"ListItem","position":2,"name":"Produkte","item":"https:\/\/www.daisho.be\/de\/produkte\/"},{"@type":"ListItem","position":3,"name":"ADIDAS COMBAT SPORTS","item":"https:\/\/www.daisho.be\/de\/categorie-produit\/adidas-combat-sports-de\/"},{"@type":"ListItem","position":4,"name":"Boxen","item":"https:\/\/www.daisho.be\/de\/categorie-produit\/adidas-combat-sports-de\/boxen\/"},{"@type":"ListItem","position":5,"name":"Adidas Boxing Protektoren","item":"https:\/\/www.daisho.be\/de\/categorie-produit\/adidas-combat-sports-de\/boxen\/adidas-boxing-protektoren\/"},{"@type":"ListItem","position":6,"name":"Boxb\u00e4nder Adidas 4.55m gelb"}]},{"@type":"WebSite","@id":"https:\/\/www.daisho.be\/de\/#website","url":"https:\/\/www.daisho.be\/de\/","name":"Daisho","description":"Sp&eacute;cialiste de l'&eacute;quipement sportif d'arts martiaux","publisher":{"@id":"https:\/\/www.daisho.be\/de\/#organization"},"potentialAction":[{"@type":"SearchAction","target":{"@type":"EntryPoint","urlTemplate":"https:\/\/www.daisho.be\/de\/?s={search_term_string}"},"query-input":{"@type":"PropertyValueSpecification","valueRequired":true,"valueName":"search_term_string"}}],"inLanguage":"de"},{"@type":"Organization","@id":"https:\/\/www.daisho.be\/de\/#organization","name":"Daisho","url":"https:\/\/www.daisho.be\/de\/","logo":{"@type":"ImageObject","inLanguage":"de","@id":"https:\/\/www.daisho.be\/de\/#\/schema\/logo\/image\/","url":"https:\/\/www.daisho.be\/wp-content\/uploads\/2019\/07\/color-nothing-horizontale4x-e1564486100247.png","contentUrl":"https:\/\/www.daisho.be\/wp-content\/uploads\/2019\/07\/color-nothing-horizontale4x-e1564486100247.png","width":1547,"height":385,"caption":"Daisho"},"image":{"@id":"https:\/\/www.daisho.be\/de\/#\/schema\/logo\/image\/"}}]}},"_links":{"self":[{"href":"https:\/\/www.daisho.be\/de\/wp-json\/wp\/v2\/product\/455411","targetHints":{"allow":["GET"]}}],"collection":[{"href":"https:\/\/www.daisho.be\/de\/wp-json\/wp\/v2\/product"}],"about":[{"href":"https:\/\/www.daisho.be\/de\/wp-json\/wp\/v2\/types\/product"}],"replies":[{"embeddable":true,"href":"https:\/\/www.daisho.be\/de\/wp-json\/wp\/v2\/comments?post=455411"}],"wp:featuredmedia":[{"embeddable":true,"href":"https:\/\/www.daisho.be\/de\/wp-json\/wp\/v2\/media\/455412"}],"wp:attachment":[{"href":"https:\/\/www.daisho.be\/de\/wp-json\/wp\/v2\/media?parent=455411"}],"wp:term":[{"taxonomy":"product_brand","embeddable":true,"href":"https:\/\/www.daisho.be\/de\/wp-json\/wp\/v2\/product_brand?post=455411"},{"taxonomy":"product_cat","embeddable":true,"href":"https:\/\/www.daisho.be\/de\/wp-json\/wp\/v2\/product_cat?post=455411"},{"taxonomy":"product_tag","embeddable":true,"href":"https:\/\/www.daisho.be\/de\/wp-json\/wp\/v2\/product_tag?post=455411"},{"taxonomy":"sport","embeddable":true,"href":"https:\/\/www.daisho.be\/de\/wp-json\/wp\/v2\/sport?post=455411"}],"curies":[{"name":"wp","href":"https:\/\/api.w.org\/{rel}","templated":true}]}}