{"id":455289,"date":"2020-12-01T23:11:51","date_gmt":"2020-12-01T22:11:51","guid":{"rendered":"https:\/\/www.daisho.be\/produit\/karatehandschuhe-adidas-mit-daumen-rot\/"},"modified":"2025-10-09T14:03:47","modified_gmt":"2025-10-09T12:03:47","slug":"karatehandschuhe-adidas-mit-daumen-rot","status":"publish","type":"product","link":"https:\/\/www.daisho.be\/de\/produit\/karatehandschuhe-adidas-mit-daumen-rot\/","title":{"rendered":"Karatehandschuhe Adidas mit Daumen &#8211; Rot"},"content":{"rendered":"<p>WKF Karate F\u00e4ustlinge mit Daumen Adidas.<br \/>\nOffizielle F\u00e4ustlinge des Karate Weltverbandes.<br \/>\nIdeal f\u00fcr den Wettkampf.<br \/>\nMaterial: PU3G.<br \/>\nPaarweise erh\u00e4ltlich.<br \/>\nVon der WKF zugelassenes Modell und Form.<br \/>\nOffizielle F\u00e4ustlinge des Karate Weltverbandes in blau und rot erh\u00e4ltlich.<br \/>\nNeues PU3G Au\u00dfenmaterial.<br \/>\nErgonomische Form in \u00dcbereinstimmung mit den neuen internationalen Regeln.<br \/>\nElastischer Verschluss.<br \/>\nModell mit Daumen.<br \/>\nFarben: Rot &#8211; Blau.<br \/>\nGr\u00f6\u00dfen: S &#8211; M &#8211; L &#8211; XL.<\/p>\n<p>Gr\u00f6\u00dfenberater:<br \/>\nS: 150\/160 cm<br \/>\nM: 160\/170 cm<br \/>\nL: 170\/180 cm<br \/>\nXL: 180\/190 cm<\/p>\n","protected":false},"excerpt":{"rendered":"<p>WKF Karate F\u00e4ustlinge mit Daumen Adidas. Offizielle F\u00e4ustlinge des Karate Weltverbandes. Ideal f\u00fcr den Wettkampf. Material: PU3G. Paarweise erh\u00e4ltlich. Von der WKF zugelassenes Modell und Form. Offizielle F\u00e4ustlinge des Karate Weltverbandes in blau und rot erh\u00e4ltlich. Neues PU3G Au\u00dfenmaterial. Ergonomische Form in \u00dcbereinstimmung mit den neuen internationalen Regeln. Elastischer Verschluss. Modell mit Daumen. Farben: Rot [&hellip;]<\/p>\n","protected":false},"featured_media":455301,"comment_status":"open","ping_status":"closed","template":"","meta":{"inline_featured_image":false},"product_brand":[],"product_cat":[2062,2180,2051],"product_tag":[2178],"sport":[],"class_list":{"0":"post-455289","1":"product","2":"type-product","3":"status-publish","4":"has-post-thumbnail","6":"product_cat-karate-schutzkleidung","7":"product_cat-karate-schutzkleidung-adidas","8":"product_cat-schutz","9":"product_tag-adidas-de","10":"pa_size-l","11":"pa_size-m","12":"pa_size-s","13":"pa_size-xl","14":"pa_size-xs","16":"first","17":"instock","18":"taxable","19":"shipping-taxable","20":"purchasable","21":"product-type-variable"},"yoast_head":"<!-- This site is optimized with the Yoast SEO plugin v27.2 - https:\/\/yoast.com\/product\/yoast-seo-wordpress\/ -->\n<title>Karatehandschuhe Adidas mit Daumen - Rot &#8211; Daisho<\/title>\n<meta name=\"description\" content=\"Entdecken Sie die Karatehandschuhe von Adidas, die von der World Karate Federation offiziell anerkannt sind. Kaufen Sie sie bei www.daisho.be|Daisho.\" \/>\n<meta name=\"robots\" content=\"index, follow, max-snippet:-1, max-image-preview:large, max-video-preview:-1\" \/>\n<link rel=\"canonical\" href=\"https:\/\/www.daisho.be\/de\/produit\/karatehandschuhe-adidas-mit-daumen-rot\/\" \/>\n<meta property=\"og:locale\" content=\"de_DE\" \/>\n<meta property=\"og:type\" content=\"article\" \/>\n<meta property=\"og:title\" content=\"Karatehandschuhe Adidas mit Daumen - Rot &#8211; Daisho\" \/>\n<meta property=\"og:description\" content=\"Entdecken Sie die Karatehandschuhe von Adidas, die von der World Karate Federation offiziell anerkannt sind. Kaufen Sie sie bei www.daisho.be|Daisho.\" \/>\n<meta property=\"og:url\" content=\"https:\/\/www.daisho.be\/de\/produit\/karatehandschuhe-adidas-mit-daumen-rot\/\" \/>\n<meta property=\"og:site_name\" content=\"Daisho\" \/>\n<meta property=\"article:modified_time\" content=\"2025-10-09T12:03:47+00:00\" \/>\n<meta property=\"og:image\" content=\"https:\/\/www.daisho.be\/wp-content\/uploads\/2023\/05\/image-69.jpg\" \/>\n\t<meta property=\"og:image:width\" content=\"1920\" \/>\n\t<meta property=\"og:image:height\" content=\"1920\" \/>\n\t<meta property=\"og:image:type\" content=\"image\/jpeg\" \/>\n<meta name=\"twitter:card\" content=\"summary_large_image\" \/>\n<script type=\"application\/ld+json\" class=\"yoast-schema-graph\">{\"@context\":\"https:\/\/schema.org\",\"@graph\":[{\"@type\":\"WebPage\",\"@id\":\"https:\/\/www.daisho.be\/de\/produit\/karatehandschuhe-adidas-mit-daumen-rot\/\",\"url\":\"https:\/\/www.daisho.be\/de\/produit\/karatehandschuhe-adidas-mit-daumen-rot\/\",\"name\":\"Karatehandschuhe Adidas mit Daumen - Rot &#8211; Daisho\",\"isPartOf\":{\"@id\":\"https:\/\/www.daisho.be\/de\/#website\"},\"primaryImageOfPage\":{\"@id\":\"https:\/\/www.daisho.be\/de\/produit\/karatehandschuhe-adidas-mit-daumen-rot\/#primaryimage\"},\"image\":{\"@id\":\"https:\/\/www.daisho.be\/de\/produit\/karatehandschuhe-adidas-mit-daumen-rot\/#primaryimage\"},\"thumbnailUrl\":\"https:\/\/www.daisho.be\/wp-content\/uploads\/2023\/05\/image-69.jpg\",\"datePublished\":\"2020-12-01T22:11:51+00:00\",\"dateModified\":\"2025-10-09T12:03:47+00:00\",\"description\":\"Entdecken Sie die Karatehandschuhe von Adidas, die von der World Karate Federation offiziell anerkannt sind. Kaufen Sie sie bei www.daisho.be|Daisho.\",\"breadcrumb\":{\"@id\":\"https:\/\/www.daisho.be\/de\/produit\/karatehandschuhe-adidas-mit-daumen-rot\/#breadcrumb\"},\"inLanguage\":\"de\",\"potentialAction\":[{\"@type\":\"ReadAction\",\"target\":[\"https:\/\/www.daisho.be\/de\/produit\/karatehandschuhe-adidas-mit-daumen-rot\/\"]}]},{\"@type\":\"ImageObject\",\"inLanguage\":\"de\",\"@id\":\"https:\/\/www.daisho.be\/de\/produit\/karatehandschuhe-adidas-mit-daumen-rot\/#primaryimage\",\"url\":\"https:\/\/www.daisho.be\/wp-content\/uploads\/2023\/05\/image-69.jpg\",\"contentUrl\":\"https:\/\/www.daisho.be\/wp-content\/uploads\/2023\/05\/image-69.jpg\",\"width\":1920,\"height\":1920,\"caption\":\"Karatehandschuhe Adidas mit Daumen - Rot-1\"},{\"@type\":\"BreadcrumbList\",\"@id\":\"https:\/\/www.daisho.be\/de\/produit\/karatehandschuhe-adidas-mit-daumen-rot\/#breadcrumb\",\"itemListElement\":[{\"@type\":\"ListItem\",\"position\":1,\"name\":\"Accueil\",\"item\":\"https:\/\/www.daisho.be\/de\/\"},{\"@type\":\"ListItem\",\"position\":2,\"name\":\"Produkte\",\"item\":\"https:\/\/www.daisho.be\/de\/produkte\/\"},{\"@type\":\"ListItem\",\"position\":3,\"name\":\"Ausr\u00fcstung und Kleidung f\u00fcr Kampfkunst und Kampfsport\",\"item\":\"https:\/\/www.daisho.be\/de\/categorie-produit\/ausrustung-und-kleidung-fur-kampfkunst-und-kampfsport\/\"},{\"@type\":\"ListItem\",\"position\":4,\"name\":\"Karate\",\"item\":\"https:\/\/www.daisho.be\/de\/categorie-produit\/ausrustung-und-kleidung-fur-kampfkunst-und-kampfsport\/karate-de-2\/\"},{\"@type\":\"ListItem\",\"position\":5,\"name\":\"Karate-Schutzkleidung\",\"item\":\"https:\/\/www.daisho.be\/de\/categorie-produit\/ausrustung-und-kleidung-fur-kampfkunst-und-kampfsport\/karate-de-2\/karate-schutzkleidung\/\"},{\"@type\":\"ListItem\",\"position\":6,\"name\":\"Karatehandschuhe Adidas mit Daumen &#8211; Rot\"}]},{\"@type\":\"WebSite\",\"@id\":\"https:\/\/www.daisho.be\/de\/#website\",\"url\":\"https:\/\/www.daisho.be\/de\/\",\"name\":\"Daisho\",\"description\":\"Sp&eacute;cialiste de l'&eacute;quipement sportif d'arts martiaux\",\"publisher\":{\"@id\":\"https:\/\/www.daisho.be\/de\/#organization\"},\"potentialAction\":[{\"@type\":\"SearchAction\",\"target\":{\"@type\":\"EntryPoint\",\"urlTemplate\":\"https:\/\/www.daisho.be\/de\/?s={search_term_string}\"},\"query-input\":{\"@type\":\"PropertyValueSpecification\",\"valueRequired\":true,\"valueName\":\"search_term_string\"}}],\"inLanguage\":\"de\"},{\"@type\":\"Organization\",\"@id\":\"https:\/\/www.daisho.be\/de\/#organization\",\"name\":\"Daisho\",\"url\":\"https:\/\/www.daisho.be\/de\/\",\"logo\":{\"@type\":\"ImageObject\",\"inLanguage\":\"de\",\"@id\":\"https:\/\/www.daisho.be\/de\/#\/schema\/logo\/image\/\",\"url\":\"https:\/\/www.daisho.be\/wp-content\/uploads\/2019\/07\/color-nothing-horizontale4x-e1564486100247.png\",\"contentUrl\":\"https:\/\/www.daisho.be\/wp-content\/uploads\/2019\/07\/color-nothing-horizontale4x-e1564486100247.png\",\"width\":1547,\"height\":385,\"caption\":\"Daisho\"},\"image\":{\"@id\":\"https:\/\/www.daisho.be\/de\/#\/schema\/logo\/image\/\"}}]}<\/script>\n<!-- \/ Yoast SEO plugin. -->","yoast_head_json":{"title":"Karatehandschuhe Adidas mit Daumen - Rot &#8211; Daisho","description":"Entdecken Sie die Karatehandschuhe von Adidas, die von der World Karate Federation offiziell anerkannt sind. Kaufen Sie sie bei www.daisho.be|Daisho.","robots":{"index":"index","follow":"follow","max-snippet":"max-snippet:-1","max-image-preview":"max-image-preview:large","max-video-preview":"max-video-preview:-1"},"canonical":"https:\/\/www.daisho.be\/de\/produit\/karatehandschuhe-adidas-mit-daumen-rot\/","og_locale":"de_DE","og_type":"article","og_title":"Karatehandschuhe Adidas mit Daumen - Rot &#8211; Daisho","og_description":"Entdecken Sie die Karatehandschuhe von Adidas, die von der World Karate Federation offiziell anerkannt sind. Kaufen Sie sie bei www.daisho.be|Daisho.","og_url":"https:\/\/www.daisho.be\/de\/produit\/karatehandschuhe-adidas-mit-daumen-rot\/","og_site_name":"Daisho","article_modified_time":"2025-10-09T12:03:47+00:00","og_image":[{"width":1920,"height":1920,"url":"https:\/\/www.daisho.be\/wp-content\/uploads\/2023\/05\/image-69.jpg","type":"image\/jpeg"}],"twitter_card":"summary_large_image","schema":{"@context":"https:\/\/schema.org","@graph":[{"@type":"WebPage","@id":"https:\/\/www.daisho.be\/de\/produit\/karatehandschuhe-adidas-mit-daumen-rot\/","url":"https:\/\/www.daisho.be\/de\/produit\/karatehandschuhe-adidas-mit-daumen-rot\/","name":"Karatehandschuhe Adidas mit Daumen - Rot &#8211; Daisho","isPartOf":{"@id":"https:\/\/www.daisho.be\/de\/#website"},"primaryImageOfPage":{"@id":"https:\/\/www.daisho.be\/de\/produit\/karatehandschuhe-adidas-mit-daumen-rot\/#primaryimage"},"image":{"@id":"https:\/\/www.daisho.be\/de\/produit\/karatehandschuhe-adidas-mit-daumen-rot\/#primaryimage"},"thumbnailUrl":"https:\/\/www.daisho.be\/wp-content\/uploads\/2023\/05\/image-69.jpg","datePublished":"2020-12-01T22:11:51+00:00","dateModified":"2025-10-09T12:03:47+00:00","description":"Entdecken Sie die Karatehandschuhe von Adidas, die von der World Karate Federation offiziell anerkannt sind. Kaufen Sie sie bei www.daisho.be|Daisho.","breadcrumb":{"@id":"https:\/\/www.daisho.be\/de\/produit\/karatehandschuhe-adidas-mit-daumen-rot\/#breadcrumb"},"inLanguage":"de","potentialAction":[{"@type":"ReadAction","target":["https:\/\/www.daisho.be\/de\/produit\/karatehandschuhe-adidas-mit-daumen-rot\/"]}]},{"@type":"ImageObject","inLanguage":"de","@id":"https:\/\/www.daisho.be\/de\/produit\/karatehandschuhe-adidas-mit-daumen-rot\/#primaryimage","url":"https:\/\/www.daisho.be\/wp-content\/uploads\/2023\/05\/image-69.jpg","contentUrl":"https:\/\/www.daisho.be\/wp-content\/uploads\/2023\/05\/image-69.jpg","width":1920,"height":1920,"caption":"Karatehandschuhe Adidas mit Daumen - Rot-1"},{"@type":"BreadcrumbList","@id":"https:\/\/www.daisho.be\/de\/produit\/karatehandschuhe-adidas-mit-daumen-rot\/#breadcrumb","itemListElement":[{"@type":"ListItem","position":1,"name":"Accueil","item":"https:\/\/www.daisho.be\/de\/"},{"@type":"ListItem","position":2,"name":"Produkte","item":"https:\/\/www.daisho.be\/de\/produkte\/"},{"@type":"ListItem","position":3,"name":"Ausr\u00fcstung und Kleidung f\u00fcr Kampfkunst und Kampfsport","item":"https:\/\/www.daisho.be\/de\/categorie-produit\/ausrustung-und-kleidung-fur-kampfkunst-und-kampfsport\/"},{"@type":"ListItem","position":4,"name":"Karate","item":"https:\/\/www.daisho.be\/de\/categorie-produit\/ausrustung-und-kleidung-fur-kampfkunst-und-kampfsport\/karate-de-2\/"},{"@type":"ListItem","position":5,"name":"Karate-Schutzkleidung","item":"https:\/\/www.daisho.be\/de\/categorie-produit\/ausrustung-und-kleidung-fur-kampfkunst-und-kampfsport\/karate-de-2\/karate-schutzkleidung\/"},{"@type":"ListItem","position":6,"name":"Karatehandschuhe Adidas mit Daumen &#8211; Rot"}]},{"@type":"WebSite","@id":"https:\/\/www.daisho.be\/de\/#website","url":"https:\/\/www.daisho.be\/de\/","name":"Daisho","description":"Sp&eacute;cialiste de l'&eacute;quipement sportif d'arts martiaux","publisher":{"@id":"https:\/\/www.daisho.be\/de\/#organization"},"potentialAction":[{"@type":"SearchAction","target":{"@type":"EntryPoint","urlTemplate":"https:\/\/www.daisho.be\/de\/?s={search_term_string}"},"query-input":{"@type":"PropertyValueSpecification","valueRequired":true,"valueName":"search_term_string"}}],"inLanguage":"de"},{"@type":"Organization","@id":"https:\/\/www.daisho.be\/de\/#organization","name":"Daisho","url":"https:\/\/www.daisho.be\/de\/","logo":{"@type":"ImageObject","inLanguage":"de","@id":"https:\/\/www.daisho.be\/de\/#\/schema\/logo\/image\/","url":"https:\/\/www.daisho.be\/wp-content\/uploads\/2019\/07\/color-nothing-horizontale4x-e1564486100247.png","contentUrl":"https:\/\/www.daisho.be\/wp-content\/uploads\/2019\/07\/color-nothing-horizontale4x-e1564486100247.png","width":1547,"height":385,"caption":"Daisho"},"image":{"@id":"https:\/\/www.daisho.be\/de\/#\/schema\/logo\/image\/"}}]}},"_links":{"self":[{"href":"https:\/\/www.daisho.be\/de\/wp-json\/wp\/v2\/product\/455289","targetHints":{"allow":["GET"]}}],"collection":[{"href":"https:\/\/www.daisho.be\/de\/wp-json\/wp\/v2\/product"}],"about":[{"href":"https:\/\/www.daisho.be\/de\/wp-json\/wp\/v2\/types\/product"}],"replies":[{"embeddable":true,"href":"https:\/\/www.daisho.be\/de\/wp-json\/wp\/v2\/comments?post=455289"}],"wp:featuredmedia":[{"embeddable":true,"href":"https:\/\/www.daisho.be\/de\/wp-json\/wp\/v2\/media\/455301"}],"wp:attachment":[{"href":"https:\/\/www.daisho.be\/de\/wp-json\/wp\/v2\/media?parent=455289"}],"wp:term":[{"taxonomy":"product_brand","embeddable":true,"href":"https:\/\/www.daisho.be\/de\/wp-json\/wp\/v2\/product_brand?post=455289"},{"taxonomy":"product_cat","embeddable":true,"href":"https:\/\/www.daisho.be\/de\/wp-json\/wp\/v2\/product_cat?post=455289"},{"taxonomy":"product_tag","embeddable":true,"href":"https:\/\/www.daisho.be\/de\/wp-json\/wp\/v2\/product_tag?post=455289"},{"taxonomy":"sport","embeddable":true,"href":"https:\/\/www.daisho.be\/de\/wp-json\/wp\/v2\/sport?post=455289"}],"curies":[{"name":"wp","href":"https:\/\/api.w.org\/{rel}","templated":true}]}}