{"id":455094,"date":"2020-12-01T23:20:47","date_gmt":"2020-12-01T22:20:47","guid":{"rendered":"https:\/\/www.daisho.be\/produit\/schienbeinschuetzer-weiss\/"},"modified":"2020-12-01T23:20:47","modified_gmt":"2020-12-01T22:20:47","slug":"schienbeinschuetzer-weiss","status":"publish","type":"product","link":"https:\/\/www.daisho.be\/de\/produit\/schienbeinschuetzer-weiss\/","title":{"rendered":"Schienbeinsch\u00fctzer &#8211; Wei\u00df"},"content":{"rendered":"<p>Schienbeinsch\u00fctzer aus 100% PU.<br \/>\nDoppelte EVA-Schaumstoffpolsterung.<br \/>\nPassform durch Band und Klettverschluss hinten f\u00fcr einen festen Sitz.<\/p>\n","protected":false},"excerpt":{"rendered":"<p>Schienbeinsch\u00fctzer aus 100% PU. Doppelte EVA-Schaumstoffpolsterung. Passform durch Band und Klettverschluss hinten f\u00fcr einen festen Sitz.<\/p>\n","protected":false},"featured_media":455102,"comment_status":"open","ping_status":"closed","template":"","meta":{"inline_featured_image":false},"product_brand":[],"product_cat":[2180,2183],"product_tag":[2178],"sport":[],"class_list":{"0":"post-455094","1":"product","2":"type-product","3":"status-publish","4":"has-post-thumbnail","6":"product_cat-karate-schutzkleidung-adidas","7":"product_cat-taekwondo-protektoren-adidas","8":"product_tag-adidas-de","9":"pa_size-l","10":"pa_size-m","11":"pa_size-s","12":"pa_size-xl","13":"pa_size-xs","15":"first","16":"instock","17":"taxable","18":"shipping-taxable","19":"purchasable","20":"product-type-variable"},"yoast_head":"<!-- This site is optimized with the Yoast SEO plugin v27.2 - https:\/\/yoast.com\/product\/yoast-seo-wordpress\/ -->\n<title>Schienbeinsch\u00fctzer - Wei\u00df &#8211; Daisho<\/title>\n<meta name=\"robots\" content=\"index, follow, max-snippet:-1, max-image-preview:large, max-video-preview:-1\" \/>\n<link rel=\"canonical\" href=\"https:\/\/www.daisho.be\/de\/produit\/schienbeinschuetzer-weiss\/\" \/>\n<meta property=\"og:locale\" content=\"de_DE\" \/>\n<meta property=\"og:type\" content=\"article\" \/>\n<meta property=\"og:title\" content=\"Schienbeinsch\u00fctzer - Wei\u00df &#8211; Daisho\" \/>\n<meta property=\"og:description\" content=\"Schienbeinsch\u00fctzer aus 100% PU. Doppelte EVA-Schaumstoffpolsterung. Passform durch Band und Klettverschluss hinten f\u00fcr einen festen Sitz.\" \/>\n<meta property=\"og:url\" content=\"https:\/\/www.daisho.be\/de\/produit\/schienbeinschuetzer-weiss\/\" \/>\n<meta property=\"og:site_name\" content=\"Daisho\" \/>\n<meta property=\"og:image\" content=\"https:\/\/www.daisho.be\/wp-content\/uploads\/2024\/10\/image-57-scaled.jpg\" \/>\n\t<meta property=\"og:image:width\" content=\"2048\" \/>\n\t<meta property=\"og:image:height\" content=\"2048\" \/>\n\t<meta property=\"og:image:type\" content=\"image\/jpeg\" \/>\n<meta name=\"twitter:card\" content=\"summary_large_image\" \/>\n<script type=\"application\/ld+json\" class=\"yoast-schema-graph\">{\"@context\":\"https:\/\/schema.org\",\"@graph\":[{\"@type\":\"WebPage\",\"@id\":\"https:\/\/www.daisho.be\/de\/produit\/schienbeinschuetzer-weiss\/\",\"url\":\"https:\/\/www.daisho.be\/de\/produit\/schienbeinschuetzer-weiss\/\",\"name\":\"Schienbeinsch\u00fctzer - Wei\u00df &#8211; Daisho\",\"isPartOf\":{\"@id\":\"https:\/\/www.daisho.be\/de\/#website\"},\"primaryImageOfPage\":{\"@id\":\"https:\/\/www.daisho.be\/de\/produit\/schienbeinschuetzer-weiss\/#primaryimage\"},\"image\":{\"@id\":\"https:\/\/www.daisho.be\/de\/produit\/schienbeinschuetzer-weiss\/#primaryimage\"},\"thumbnailUrl\":\"https:\/\/www.daisho.be\/wp-content\/uploads\/2024\/10\/image-57-scaled.jpg\",\"datePublished\":\"2020-12-01T22:20:47+00:00\",\"breadcrumb\":{\"@id\":\"https:\/\/www.daisho.be\/de\/produit\/schienbeinschuetzer-weiss\/#breadcrumb\"},\"inLanguage\":\"de\",\"potentialAction\":[{\"@type\":\"ReadAction\",\"target\":[\"https:\/\/www.daisho.be\/de\/produit\/schienbeinschuetzer-weiss\/\"]}]},{\"@type\":\"ImageObject\",\"inLanguage\":\"de\",\"@id\":\"https:\/\/www.daisho.be\/de\/produit\/schienbeinschuetzer-weiss\/#primaryimage\",\"url\":\"https:\/\/www.daisho.be\/wp-content\/uploads\/2024\/10\/image-57-scaled.jpg\",\"contentUrl\":\"https:\/\/www.daisho.be\/wp-content\/uploads\/2024\/10\/image-57-scaled.jpg\",\"width\":2048,\"height\":2048},{\"@type\":\"BreadcrumbList\",\"@id\":\"https:\/\/www.daisho.be\/de\/produit\/schienbeinschuetzer-weiss\/#breadcrumb\",\"itemListElement\":[{\"@type\":\"ListItem\",\"position\":1,\"name\":\"Accueil\",\"item\":\"https:\/\/www.daisho.be\/de\/\"},{\"@type\":\"ListItem\",\"position\":2,\"name\":\"Produkte\",\"item\":\"https:\/\/www.daisho.be\/de\/produkte\/\"},{\"@type\":\"ListItem\",\"position\":3,\"name\":\"ADIDAS COMBAT SPORTS\",\"item\":\"https:\/\/www.daisho.be\/de\/categorie-produit\/adidas-combat-sports-de\/\"},{\"@type\":\"ListItem\",\"position\":4,\"name\":\"Karate\",\"item\":\"https:\/\/www.daisho.be\/de\/categorie-produit\/adidas-combat-sports-de\/karate-de\/\"},{\"@type\":\"ListItem\",\"position\":5,\"name\":\"Karate-Schutzkleidung Adidas\",\"item\":\"https:\/\/www.daisho.be\/de\/categorie-produit\/adidas-combat-sports-de\/karate-de\/karate-schutzkleidung-adidas\/\"},{\"@type\":\"ListItem\",\"position\":6,\"name\":\"Schienbeinsch\u00fctzer &#8211; Wei\u00df\"}]},{\"@type\":\"WebSite\",\"@id\":\"https:\/\/www.daisho.be\/de\/#website\",\"url\":\"https:\/\/www.daisho.be\/de\/\",\"name\":\"Daisho\",\"description\":\"Sp&eacute;cialiste de l'&eacute;quipement sportif d'arts martiaux\",\"publisher\":{\"@id\":\"https:\/\/www.daisho.be\/de\/#organization\"},\"potentialAction\":[{\"@type\":\"SearchAction\",\"target\":{\"@type\":\"EntryPoint\",\"urlTemplate\":\"https:\/\/www.daisho.be\/de\/?s={search_term_string}\"},\"query-input\":{\"@type\":\"PropertyValueSpecification\",\"valueRequired\":true,\"valueName\":\"search_term_string\"}}],\"inLanguage\":\"de\"},{\"@type\":\"Organization\",\"@id\":\"https:\/\/www.daisho.be\/de\/#organization\",\"name\":\"Daisho\",\"url\":\"https:\/\/www.daisho.be\/de\/\",\"logo\":{\"@type\":\"ImageObject\",\"inLanguage\":\"de\",\"@id\":\"https:\/\/www.daisho.be\/de\/#\/schema\/logo\/image\/\",\"url\":\"https:\/\/www.daisho.be\/wp-content\/uploads\/2019\/07\/color-nothing-horizontale4x-e1564486100247.png\",\"contentUrl\":\"https:\/\/www.daisho.be\/wp-content\/uploads\/2019\/07\/color-nothing-horizontale4x-e1564486100247.png\",\"width\":1547,\"height\":385,\"caption\":\"Daisho\"},\"image\":{\"@id\":\"https:\/\/www.daisho.be\/de\/#\/schema\/logo\/image\/\"}}]}<\/script>\n<!-- \/ Yoast SEO plugin. -->","yoast_head_json":{"title":"Schienbeinsch\u00fctzer - Wei\u00df &#8211; Daisho","robots":{"index":"index","follow":"follow","max-snippet":"max-snippet:-1","max-image-preview":"max-image-preview:large","max-video-preview":"max-video-preview:-1"},"canonical":"https:\/\/www.daisho.be\/de\/produit\/schienbeinschuetzer-weiss\/","og_locale":"de_DE","og_type":"article","og_title":"Schienbeinsch\u00fctzer - Wei\u00df &#8211; Daisho","og_description":"Schienbeinsch\u00fctzer aus 100% PU. Doppelte EVA-Schaumstoffpolsterung. Passform durch Band und Klettverschluss hinten f\u00fcr einen festen Sitz.","og_url":"https:\/\/www.daisho.be\/de\/produit\/schienbeinschuetzer-weiss\/","og_site_name":"Daisho","og_image":[{"width":2048,"height":2048,"url":"https:\/\/www.daisho.be\/wp-content\/uploads\/2024\/10\/image-57-scaled.jpg","type":"image\/jpeg"}],"twitter_card":"summary_large_image","schema":{"@context":"https:\/\/schema.org","@graph":[{"@type":"WebPage","@id":"https:\/\/www.daisho.be\/de\/produit\/schienbeinschuetzer-weiss\/","url":"https:\/\/www.daisho.be\/de\/produit\/schienbeinschuetzer-weiss\/","name":"Schienbeinsch\u00fctzer - Wei\u00df &#8211; Daisho","isPartOf":{"@id":"https:\/\/www.daisho.be\/de\/#website"},"primaryImageOfPage":{"@id":"https:\/\/www.daisho.be\/de\/produit\/schienbeinschuetzer-weiss\/#primaryimage"},"image":{"@id":"https:\/\/www.daisho.be\/de\/produit\/schienbeinschuetzer-weiss\/#primaryimage"},"thumbnailUrl":"https:\/\/www.daisho.be\/wp-content\/uploads\/2024\/10\/image-57-scaled.jpg","datePublished":"2020-12-01T22:20:47+00:00","breadcrumb":{"@id":"https:\/\/www.daisho.be\/de\/produit\/schienbeinschuetzer-weiss\/#breadcrumb"},"inLanguage":"de","potentialAction":[{"@type":"ReadAction","target":["https:\/\/www.daisho.be\/de\/produit\/schienbeinschuetzer-weiss\/"]}]},{"@type":"ImageObject","inLanguage":"de","@id":"https:\/\/www.daisho.be\/de\/produit\/schienbeinschuetzer-weiss\/#primaryimage","url":"https:\/\/www.daisho.be\/wp-content\/uploads\/2024\/10\/image-57-scaled.jpg","contentUrl":"https:\/\/www.daisho.be\/wp-content\/uploads\/2024\/10\/image-57-scaled.jpg","width":2048,"height":2048},{"@type":"BreadcrumbList","@id":"https:\/\/www.daisho.be\/de\/produit\/schienbeinschuetzer-weiss\/#breadcrumb","itemListElement":[{"@type":"ListItem","position":1,"name":"Accueil","item":"https:\/\/www.daisho.be\/de\/"},{"@type":"ListItem","position":2,"name":"Produkte","item":"https:\/\/www.daisho.be\/de\/produkte\/"},{"@type":"ListItem","position":3,"name":"ADIDAS COMBAT SPORTS","item":"https:\/\/www.daisho.be\/de\/categorie-produit\/adidas-combat-sports-de\/"},{"@type":"ListItem","position":4,"name":"Karate","item":"https:\/\/www.daisho.be\/de\/categorie-produit\/adidas-combat-sports-de\/karate-de\/"},{"@type":"ListItem","position":5,"name":"Karate-Schutzkleidung Adidas","item":"https:\/\/www.daisho.be\/de\/categorie-produit\/adidas-combat-sports-de\/karate-de\/karate-schutzkleidung-adidas\/"},{"@type":"ListItem","position":6,"name":"Schienbeinsch\u00fctzer &#8211; Wei\u00df"}]},{"@type":"WebSite","@id":"https:\/\/www.daisho.be\/de\/#website","url":"https:\/\/www.daisho.be\/de\/","name":"Daisho","description":"Sp&eacute;cialiste de l'&eacute;quipement sportif d'arts martiaux","publisher":{"@id":"https:\/\/www.daisho.be\/de\/#organization"},"potentialAction":[{"@type":"SearchAction","target":{"@type":"EntryPoint","urlTemplate":"https:\/\/www.daisho.be\/de\/?s={search_term_string}"},"query-input":{"@type":"PropertyValueSpecification","valueRequired":true,"valueName":"search_term_string"}}],"inLanguage":"de"},{"@type":"Organization","@id":"https:\/\/www.daisho.be\/de\/#organization","name":"Daisho","url":"https:\/\/www.daisho.be\/de\/","logo":{"@type":"ImageObject","inLanguage":"de","@id":"https:\/\/www.daisho.be\/de\/#\/schema\/logo\/image\/","url":"https:\/\/www.daisho.be\/wp-content\/uploads\/2019\/07\/color-nothing-horizontale4x-e1564486100247.png","contentUrl":"https:\/\/www.daisho.be\/wp-content\/uploads\/2019\/07\/color-nothing-horizontale4x-e1564486100247.png","width":1547,"height":385,"caption":"Daisho"},"image":{"@id":"https:\/\/www.daisho.be\/de\/#\/schema\/logo\/image\/"}}]}},"_links":{"self":[{"href":"https:\/\/www.daisho.be\/de\/wp-json\/wp\/v2\/product\/455094","targetHints":{"allow":["GET"]}}],"collection":[{"href":"https:\/\/www.daisho.be\/de\/wp-json\/wp\/v2\/product"}],"about":[{"href":"https:\/\/www.daisho.be\/de\/wp-json\/wp\/v2\/types\/product"}],"replies":[{"embeddable":true,"href":"https:\/\/www.daisho.be\/de\/wp-json\/wp\/v2\/comments?post=455094"}],"wp:featuredmedia":[{"embeddable":true,"href":"https:\/\/www.daisho.be\/de\/wp-json\/wp\/v2\/media\/455102"}],"wp:attachment":[{"href":"https:\/\/www.daisho.be\/de\/wp-json\/wp\/v2\/media?parent=455094"}],"wp:term":[{"taxonomy":"product_brand","embeddable":true,"href":"https:\/\/www.daisho.be\/de\/wp-json\/wp\/v2\/product_brand?post=455094"},{"taxonomy":"product_cat","embeddable":true,"href":"https:\/\/www.daisho.be\/de\/wp-json\/wp\/v2\/product_cat?post=455094"},{"taxonomy":"product_tag","embeddable":true,"href":"https:\/\/www.daisho.be\/de\/wp-json\/wp\/v2\/product_tag?post=455094"},{"taxonomy":"sport","embeddable":true,"href":"https:\/\/www.daisho.be\/de\/wp-json\/wp\/v2\/sport?post=455094"}],"curies":[{"name":"wp","href":"https:\/\/api.w.org\/{rel}","templated":true}]}}