{"id":455081,"date":"2020-12-01T23:19:16","date_gmt":"2020-12-01T22:19:16","guid":{"rendered":"https:\/\/www.daisho.be\/produit\/full-contact-fussschuetzer-rot\/"},"modified":"2025-12-24T10:58:30","modified_gmt":"2025-12-24T09:58:30","slug":"full-contact-fussschuetzer-rot","status":"publish","type":"product","link":"https:\/\/www.daisho.be\/de\/produit\/full-contact-fussschuetzer-rot\/","title":{"rendered":"Full Contact Fu\u00dfsch\u00fctzer &#8211; Rot"},"content":{"rendered":"<p>Full Contact Fu\u00dfschutz<br \/>\nMaterial: PU3G mit hochwertigem, geformtem Polyurethanschaum gef\u00fcttert.<br \/>\nFarbe: Rot<br \/>\nDer Fu\u00dfschutz sorgt daf\u00fcr, dass Ihr Rist, die Kn\u00f6chel und die Zehen perfekt gesch\u00fctzt sind.<br \/>\nAusgestattet mit elastischen Zehen mit Neopren\u00fcberzug. Mit einem vier Zentimeter breiten, elastischen Klettverschluss.<br \/>\nDer adidas Super Safety Kick, geeignet f\u00fcr Kickboxen, K1, regul\u00e4res Boxen, &#8230; <\/p>\n","protected":false},"excerpt":{"rendered":"<p>Full Contact Fu\u00dfschutz Material: PU3G mit hochwertigem, geformtem Polyurethanschaum gef\u00fcttert. Farbe: Rot Der Fu\u00dfschutz sorgt daf\u00fcr, dass Ihr Rist, die Kn\u00f6chel und die Zehen perfekt gesch\u00fctzt sind. Ausgestattet mit elastischen Zehen mit Neopren\u00fcberzug. Mit einem vier Zentimeter breiten, elastischen Klettverschluss. Der adidas Super Safety Kick, geeignet f\u00fcr Kickboxen, K1, regul\u00e4res Boxen, &#8230;<\/p>\n","protected":false},"featured_media":486734,"comment_status":"open","ping_status":"closed","template":"","meta":{"inline_featured_image":false},"product_brand":[],"product_cat":[2277,2021,2051],"product_tag":[2178],"sport":[],"class_list":{"0":"post-455081","1":"product","2":"type-product","3":"status-publish","4":"has-post-thumbnail","6":"product_cat-kick-boxing-protektoren-adidas","7":"product_cat-protektoren-kick-boxing","8":"product_cat-schutz","9":"product_tag-adidas-de","10":"pa_size-l","11":"pa_size-m","12":"pa_size-s","13":"pa_size-xl","14":"pa_size-xs","16":"first","17":"instock","18":"taxable","19":"shipping-taxable","20":"purchasable","21":"product-type-variable"},"yoast_head":"<!-- This site is optimized with the Yoast SEO plugin v27.2 - https:\/\/yoast.com\/product\/yoast-seo-wordpress\/ -->\n<title>Full Contact Fu\u00dfsch\u00fctzer - Rot &#8211; Daisho<\/title>\n<meta name=\"description\" content=\"Der Full-Contact Fu\u00dfschutz wurde f\u00fcr einen optimalen Schutz entwickelt. Er bedeckt den Kn\u00f6chel und die Zehen. Kaufen Sie ihn auf www.daisho.be|Daisho\" \/>\n<meta name=\"robots\" content=\"index, follow, max-snippet:-1, max-image-preview:large, max-video-preview:-1\" \/>\n<link rel=\"canonical\" href=\"https:\/\/www.daisho.be\/de\/produit\/full-contact-fussschuetzer-rot\/\" \/>\n<meta property=\"og:locale\" content=\"de_DE\" \/>\n<meta property=\"og:type\" content=\"article\" \/>\n<meta property=\"og:title\" content=\"Full Contact Fu\u00dfsch\u00fctzer - Rot &#8211; Daisho\" \/>\n<meta property=\"og:description\" content=\"Der Full-Contact Fu\u00dfschutz wurde f\u00fcr einen optimalen Schutz entwickelt. Er bedeckt den Kn\u00f6chel und die Zehen. Kaufen Sie ihn auf www.daisho.be|Daisho\" \/>\n<meta property=\"og:url\" content=\"https:\/\/www.daisho.be\/de\/produit\/full-contact-fussschuetzer-rot\/\" \/>\n<meta property=\"og:site_name\" content=\"Daisho\" \/>\n<meta property=\"article:modified_time\" content=\"2025-12-24T09:58:30+00:00\" \/>\n<meta property=\"og:image\" content=\"https:\/\/www.daisho.be\/wp-content\/uploads\/2025\/01\/image-13.png\" \/>\n\t<meta property=\"og:image:width\" content=\"263\" \/>\n\t<meta property=\"og:image:height\" content=\"252\" \/>\n\t<meta property=\"og:image:type\" content=\"image\/png\" \/>\n<meta name=\"twitter:card\" content=\"summary_large_image\" \/>\n<script type=\"application\/ld+json\" class=\"yoast-schema-graph\">{\"@context\":\"https:\/\/schema.org\",\"@graph\":[{\"@type\":\"WebPage\",\"@id\":\"https:\/\/www.daisho.be\/de\/produit\/full-contact-fussschuetzer-rot\/\",\"url\":\"https:\/\/www.daisho.be\/de\/produit\/full-contact-fussschuetzer-rot\/\",\"name\":\"Full Contact Fu\u00dfsch\u00fctzer - Rot &#8211; Daisho\",\"isPartOf\":{\"@id\":\"https:\/\/www.daisho.be\/de\/#website\"},\"primaryImageOfPage\":{\"@id\":\"https:\/\/www.daisho.be\/de\/produit\/full-contact-fussschuetzer-rot\/#primaryimage\"},\"image\":{\"@id\":\"https:\/\/www.daisho.be\/de\/produit\/full-contact-fussschuetzer-rot\/#primaryimage\"},\"thumbnailUrl\":\"https:\/\/www.daisho.be\/wp-content\/uploads\/2025\/01\/image-13.png\",\"datePublished\":\"2020-12-01T22:19:16+00:00\",\"dateModified\":\"2025-12-24T09:58:30+00:00\",\"description\":\"Der Full-Contact Fu\u00dfschutz wurde f\u00fcr einen optimalen Schutz entwickelt. Er bedeckt den Kn\u00f6chel und die Zehen. Kaufen Sie ihn auf www.daisho.be|Daisho\",\"breadcrumb\":{\"@id\":\"https:\/\/www.daisho.be\/de\/produit\/full-contact-fussschuetzer-rot\/#breadcrumb\"},\"inLanguage\":\"de\",\"potentialAction\":[{\"@type\":\"ReadAction\",\"target\":[\"https:\/\/www.daisho.be\/de\/produit\/full-contact-fussschuetzer-rot\/\"]}]},{\"@type\":\"ImageObject\",\"inLanguage\":\"de\",\"@id\":\"https:\/\/www.daisho.be\/de\/produit\/full-contact-fussschuetzer-rot\/#primaryimage\",\"url\":\"https:\/\/www.daisho.be\/wp-content\/uploads\/2025\/01\/image-13.png\",\"contentUrl\":\"https:\/\/www.daisho.be\/wp-content\/uploads\/2025\/01\/image-13.png\",\"width\":263,\"height\":252,\"caption\":\"Full Contact Fu\u00dfsch\u00fctzer - Rot-1\"},{\"@type\":\"BreadcrumbList\",\"@id\":\"https:\/\/www.daisho.be\/de\/produit\/full-contact-fussschuetzer-rot\/#breadcrumb\",\"itemListElement\":[{\"@type\":\"ListItem\",\"position\":1,\"name\":\"Accueil\",\"item\":\"https:\/\/www.daisho.be\/de\/\"},{\"@type\":\"ListItem\",\"position\":2,\"name\":\"Produkte\",\"item\":\"https:\/\/www.daisho.be\/de\/produkte\/\"},{\"@type\":\"ListItem\",\"position\":3,\"name\":\"ADIDAS COMBAT SPORTS\",\"item\":\"https:\/\/www.daisho.be\/de\/categorie-produit\/adidas-combat-sports-de\/\"},{\"@type\":\"ListItem\",\"position\":4,\"name\":\"Kick-Boxing\",\"item\":\"https:\/\/www.daisho.be\/de\/categorie-produit\/adidas-combat-sports-de\/kick-boxing-de\/\"},{\"@type\":\"ListItem\",\"position\":5,\"name\":\"Kick-Boxing Protektoren Adidas\",\"item\":\"https:\/\/www.daisho.be\/de\/categorie-produit\/adidas-combat-sports-de\/kick-boxing-de\/kick-boxing-protektoren-adidas\/\"},{\"@type\":\"ListItem\",\"position\":6,\"name\":\"Full Contact Fu\u00dfsch\u00fctzer &#8211; Rot\"}]},{\"@type\":\"WebSite\",\"@id\":\"https:\/\/www.daisho.be\/de\/#website\",\"url\":\"https:\/\/www.daisho.be\/de\/\",\"name\":\"Daisho\",\"description\":\"Sp&eacute;cialiste de l'&eacute;quipement sportif d'arts martiaux\",\"publisher\":{\"@id\":\"https:\/\/www.daisho.be\/de\/#organization\"},\"potentialAction\":[{\"@type\":\"SearchAction\",\"target\":{\"@type\":\"EntryPoint\",\"urlTemplate\":\"https:\/\/www.daisho.be\/de\/?s={search_term_string}\"},\"query-input\":{\"@type\":\"PropertyValueSpecification\",\"valueRequired\":true,\"valueName\":\"search_term_string\"}}],\"inLanguage\":\"de\"},{\"@type\":\"Organization\",\"@id\":\"https:\/\/www.daisho.be\/de\/#organization\",\"name\":\"Daisho\",\"url\":\"https:\/\/www.daisho.be\/de\/\",\"logo\":{\"@type\":\"ImageObject\",\"inLanguage\":\"de\",\"@id\":\"https:\/\/www.daisho.be\/de\/#\/schema\/logo\/image\/\",\"url\":\"https:\/\/www.daisho.be\/wp-content\/uploads\/2019\/07\/color-nothing-horizontale4x-e1564486100247.png\",\"contentUrl\":\"https:\/\/www.daisho.be\/wp-content\/uploads\/2019\/07\/color-nothing-horizontale4x-e1564486100247.png\",\"width\":1547,\"height\":385,\"caption\":\"Daisho\"},\"image\":{\"@id\":\"https:\/\/www.daisho.be\/de\/#\/schema\/logo\/image\/\"}}]}<\/script>\n<!-- \/ Yoast SEO plugin. -->","yoast_head_json":{"title":"Full Contact Fu\u00dfsch\u00fctzer - Rot &#8211; Daisho","description":"Der Full-Contact Fu\u00dfschutz wurde f\u00fcr einen optimalen Schutz entwickelt. Er bedeckt den Kn\u00f6chel und die Zehen. Kaufen Sie ihn auf www.daisho.be|Daisho","robots":{"index":"index","follow":"follow","max-snippet":"max-snippet:-1","max-image-preview":"max-image-preview:large","max-video-preview":"max-video-preview:-1"},"canonical":"https:\/\/www.daisho.be\/de\/produit\/full-contact-fussschuetzer-rot\/","og_locale":"de_DE","og_type":"article","og_title":"Full Contact Fu\u00dfsch\u00fctzer - Rot &#8211; Daisho","og_description":"Der Full-Contact Fu\u00dfschutz wurde f\u00fcr einen optimalen Schutz entwickelt. Er bedeckt den Kn\u00f6chel und die Zehen. Kaufen Sie ihn auf www.daisho.be|Daisho","og_url":"https:\/\/www.daisho.be\/de\/produit\/full-contact-fussschuetzer-rot\/","og_site_name":"Daisho","article_modified_time":"2025-12-24T09:58:30+00:00","og_image":[{"width":263,"height":252,"url":"https:\/\/www.daisho.be\/wp-content\/uploads\/2025\/01\/image-13.png","type":"image\/png"}],"twitter_card":"summary_large_image","schema":{"@context":"https:\/\/schema.org","@graph":[{"@type":"WebPage","@id":"https:\/\/www.daisho.be\/de\/produit\/full-contact-fussschuetzer-rot\/","url":"https:\/\/www.daisho.be\/de\/produit\/full-contact-fussschuetzer-rot\/","name":"Full Contact Fu\u00dfsch\u00fctzer - Rot &#8211; Daisho","isPartOf":{"@id":"https:\/\/www.daisho.be\/de\/#website"},"primaryImageOfPage":{"@id":"https:\/\/www.daisho.be\/de\/produit\/full-contact-fussschuetzer-rot\/#primaryimage"},"image":{"@id":"https:\/\/www.daisho.be\/de\/produit\/full-contact-fussschuetzer-rot\/#primaryimage"},"thumbnailUrl":"https:\/\/www.daisho.be\/wp-content\/uploads\/2025\/01\/image-13.png","datePublished":"2020-12-01T22:19:16+00:00","dateModified":"2025-12-24T09:58:30+00:00","description":"Der Full-Contact Fu\u00dfschutz wurde f\u00fcr einen optimalen Schutz entwickelt. Er bedeckt den Kn\u00f6chel und die Zehen. Kaufen Sie ihn auf www.daisho.be|Daisho","breadcrumb":{"@id":"https:\/\/www.daisho.be\/de\/produit\/full-contact-fussschuetzer-rot\/#breadcrumb"},"inLanguage":"de","potentialAction":[{"@type":"ReadAction","target":["https:\/\/www.daisho.be\/de\/produit\/full-contact-fussschuetzer-rot\/"]}]},{"@type":"ImageObject","inLanguage":"de","@id":"https:\/\/www.daisho.be\/de\/produit\/full-contact-fussschuetzer-rot\/#primaryimage","url":"https:\/\/www.daisho.be\/wp-content\/uploads\/2025\/01\/image-13.png","contentUrl":"https:\/\/www.daisho.be\/wp-content\/uploads\/2025\/01\/image-13.png","width":263,"height":252,"caption":"Full Contact Fu\u00dfsch\u00fctzer - Rot-1"},{"@type":"BreadcrumbList","@id":"https:\/\/www.daisho.be\/de\/produit\/full-contact-fussschuetzer-rot\/#breadcrumb","itemListElement":[{"@type":"ListItem","position":1,"name":"Accueil","item":"https:\/\/www.daisho.be\/de\/"},{"@type":"ListItem","position":2,"name":"Produkte","item":"https:\/\/www.daisho.be\/de\/produkte\/"},{"@type":"ListItem","position":3,"name":"ADIDAS COMBAT SPORTS","item":"https:\/\/www.daisho.be\/de\/categorie-produit\/adidas-combat-sports-de\/"},{"@type":"ListItem","position":4,"name":"Kick-Boxing","item":"https:\/\/www.daisho.be\/de\/categorie-produit\/adidas-combat-sports-de\/kick-boxing-de\/"},{"@type":"ListItem","position":5,"name":"Kick-Boxing Protektoren Adidas","item":"https:\/\/www.daisho.be\/de\/categorie-produit\/adidas-combat-sports-de\/kick-boxing-de\/kick-boxing-protektoren-adidas\/"},{"@type":"ListItem","position":6,"name":"Full Contact Fu\u00dfsch\u00fctzer &#8211; Rot"}]},{"@type":"WebSite","@id":"https:\/\/www.daisho.be\/de\/#website","url":"https:\/\/www.daisho.be\/de\/","name":"Daisho","description":"Sp&eacute;cialiste de l'&eacute;quipement sportif d'arts martiaux","publisher":{"@id":"https:\/\/www.daisho.be\/de\/#organization"},"potentialAction":[{"@type":"SearchAction","target":{"@type":"EntryPoint","urlTemplate":"https:\/\/www.daisho.be\/de\/?s={search_term_string}"},"query-input":{"@type":"PropertyValueSpecification","valueRequired":true,"valueName":"search_term_string"}}],"inLanguage":"de"},{"@type":"Organization","@id":"https:\/\/www.daisho.be\/de\/#organization","name":"Daisho","url":"https:\/\/www.daisho.be\/de\/","logo":{"@type":"ImageObject","inLanguage":"de","@id":"https:\/\/www.daisho.be\/de\/#\/schema\/logo\/image\/","url":"https:\/\/www.daisho.be\/wp-content\/uploads\/2019\/07\/color-nothing-horizontale4x-e1564486100247.png","contentUrl":"https:\/\/www.daisho.be\/wp-content\/uploads\/2019\/07\/color-nothing-horizontale4x-e1564486100247.png","width":1547,"height":385,"caption":"Daisho"},"image":{"@id":"https:\/\/www.daisho.be\/de\/#\/schema\/logo\/image\/"}}]}},"_links":{"self":[{"href":"https:\/\/www.daisho.be\/de\/wp-json\/wp\/v2\/product\/455081","targetHints":{"allow":["GET"]}}],"collection":[{"href":"https:\/\/www.daisho.be\/de\/wp-json\/wp\/v2\/product"}],"about":[{"href":"https:\/\/www.daisho.be\/de\/wp-json\/wp\/v2\/types\/product"}],"replies":[{"embeddable":true,"href":"https:\/\/www.daisho.be\/de\/wp-json\/wp\/v2\/comments?post=455081"}],"wp:featuredmedia":[{"embeddable":true,"href":"https:\/\/www.daisho.be\/de\/wp-json\/wp\/v2\/media\/486734"}],"wp:attachment":[{"href":"https:\/\/www.daisho.be\/de\/wp-json\/wp\/v2\/media?parent=455081"}],"wp:term":[{"taxonomy":"product_brand","embeddable":true,"href":"https:\/\/www.daisho.be\/de\/wp-json\/wp\/v2\/product_brand?post=455081"},{"taxonomy":"product_cat","embeddable":true,"href":"https:\/\/www.daisho.be\/de\/wp-json\/wp\/v2\/product_cat?post=455081"},{"taxonomy":"product_tag","embeddable":true,"href":"https:\/\/www.daisho.be\/de\/wp-json\/wp\/v2\/product_tag?post=455081"},{"taxonomy":"sport","embeddable":true,"href":"https:\/\/www.daisho.be\/de\/wp-json\/wp\/v2\/sport?post=455081"}],"curies":[{"name":"wp","href":"https:\/\/api.w.org\/{rel}","templated":true}]}}