{"id":454975,"date":"2020-12-01T23:23:02","date_gmt":"2020-12-01T22:23:02","guid":{"rendered":"https:\/\/www.daisho.be\/produit\/adidas-wkf-schienbein-fussschuetzer-rot\/"},"modified":"2025-10-09T14:02:25","modified_gmt":"2025-10-09T12:02:25","slug":"adidas-wkf-schienbein-fussschuetzer-rot","status":"publish","type":"product","link":"https:\/\/www.daisho.be\/de\/produit\/adidas-wkf-schienbein-fussschuetzer-rot\/","title":{"rendered":"Adidas WKF Schienbein-\/Fu\u00dfsch\u00fctzer &#8211; Rot"},"content":{"rendered":"<p>Diese Schienbeinsch\u00fctzer sind ideal f\u00fcr alle Kampfsportler, da sie leicht und strapazierf\u00e4hig sind.<br \/>\nDas innovative Au\u00dfenmaterial bietet optimalen Schutz bei gleichzeitiger Bewegungsfreiheit.<br \/>\nDer abnehmbare Fu\u00df passt sich jeder K\u00f6rperform an und sorgt f\u00fcr unvergleichlichen Komfort.<br \/>\nVertrauen Sie auf Adidas, wenn es um die Ausr\u00fcstung f\u00fcr Ihr Training geht.<\/p>\n<p>Eigenschaften:<br \/>\n&#8211; WKF-zugelassenes Modell.<br \/>\n&#8211; Offizielles Modell des Karate-Weltverbandes, erh\u00e4ltlich in rot oder blau.<br \/>\n&#8211; PU3G-Au\u00dfenmaterial<br \/>\n&#8211; Ergonomische Form in \u00dcbereinstimmung mit den neuen internationalen Vorschriften<br \/>\n&#8211; Befestigung mit Gummiband und Klettverschluss.<br \/>\n&#8211; Abnehmbarer Fu\u00df.<br \/>\n&#8211; Schutz am hinteren Fu\u00df.<\/p>\n<p><img loading=\"lazy\" decoding=\"async\" class=\"alignleft\" src=\"https:\/\/www.daisho.be\/wp-content\/uploads\/2024\/10\/w-k-f-logo.png\" alt=\"\" width=\"80\" height=\"80\"><\/p>\n","protected":false},"excerpt":{"rendered":"<p>Diese Schienbeinsch\u00fctzer sind ideal f\u00fcr alle Kampfsportler, da sie leicht und strapazierf\u00e4hig sind. Das innovative Au\u00dfenmaterial bietet optimalen Schutz bei gleichzeitiger Bewegungsfreiheit. Der abnehmbare Fu\u00df passt sich jeder K\u00f6rperform an und sorgt f\u00fcr unvergleichlichen Komfort. Vertrauen Sie auf Adidas, wenn es um die Ausr\u00fcstung f\u00fcr Ihr Training geht. Eigenschaften: &#8211; WKF-zugelassenes Modell. &#8211; Offizielles Modell [&hellip;]<\/p>\n","protected":false},"featured_media":454981,"comment_status":"open","ping_status":"closed","template":"","meta":{"inline_featured_image":false},"product_brand":[],"product_cat":[2062,2180,2277,2051],"product_tag":[2178],"sport":[],"class_list":{"0":"post-454975","1":"product","2":"type-product","3":"status-publish","4":"has-post-thumbnail","6":"product_cat-karate-schutzkleidung","7":"product_cat-karate-schutzkleidung-adidas","8":"product_cat-kick-boxing-protektoren-adidas","9":"product_cat-schutz","10":"product_tag-adidas-de","11":"pa_size-l","12":"pa_size-m","13":"pa_size-s","14":"pa_size-xl","15":"pa_size-xs","17":"first","18":"instock","19":"taxable","20":"shipping-taxable","21":"purchasable","22":"product-type-variable"},"yoast_head":"<!-- This site is optimized with the Yoast SEO plugin v27.2 - https:\/\/yoast.com\/product\/yoast-seo-wordpress\/ -->\n<title>Adidas WKF Schienbein-\/Fu\u00dfsch\u00fctzer - Rot &#8211; Daisho<\/title>\n<meta name=\"description\" content=\"Entdecken Sie die Schienbeinsch\u00fctzer f\u00fcr alle Kampfsportler, die von der WKF anerkannt sind. Kaufen Sie sie auf unserer Website www.daisho.be|Daisho.\" \/>\n<meta name=\"robots\" content=\"index, follow, max-snippet:-1, max-image-preview:large, max-video-preview:-1\" \/>\n<link rel=\"canonical\" href=\"https:\/\/www.daisho.be\/de\/produit\/adidas-wkf-schienbein-fussschuetzer-rot\/\" \/>\n<meta property=\"og:locale\" content=\"de_DE\" \/>\n<meta property=\"og:type\" content=\"article\" \/>\n<meta property=\"og:title\" content=\"Adidas WKF Schienbein-\/Fu\u00dfsch\u00fctzer - Rot &#8211; Daisho\" \/>\n<meta property=\"og:description\" content=\"Entdecken Sie die Schienbeinsch\u00fctzer f\u00fcr alle Kampfsportler, die von der WKF anerkannt sind. Kaufen Sie sie auf unserer Website www.daisho.be|Daisho.\" \/>\n<meta property=\"og:url\" content=\"https:\/\/www.daisho.be\/de\/produit\/adidas-wkf-schienbein-fussschuetzer-rot\/\" \/>\n<meta property=\"og:site_name\" content=\"Daisho\" \/>\n<meta property=\"article:modified_time\" content=\"2025-10-09T12:02:25+00:00\" \/>\n<meta property=\"og:image\" content=\"https:\/\/www.daisho.be\/wp-content\/uploads\/2024\/10\/image-34.png\" \/>\n\t<meta property=\"og:image:width\" content=\"512\" \/>\n\t<meta property=\"og:image:height\" content=\"694\" \/>\n\t<meta property=\"og:image:type\" content=\"image\/png\" \/>\n<meta name=\"twitter:card\" content=\"summary_large_image\" \/>\n<script type=\"application\/ld+json\" class=\"yoast-schema-graph\">{\"@context\":\"https:\/\/schema.org\",\"@graph\":[{\"@type\":\"WebPage\",\"@id\":\"https:\/\/www.daisho.be\/de\/produit\/adidas-wkf-schienbein-fussschuetzer-rot\/\",\"url\":\"https:\/\/www.daisho.be\/de\/produit\/adidas-wkf-schienbein-fussschuetzer-rot\/\",\"name\":\"Adidas WKF Schienbein-\/Fu\u00dfsch\u00fctzer - Rot &#8211; Daisho\",\"isPartOf\":{\"@id\":\"https:\/\/www.daisho.be\/de\/#website\"},\"primaryImageOfPage\":{\"@id\":\"https:\/\/www.daisho.be\/de\/produit\/adidas-wkf-schienbein-fussschuetzer-rot\/#primaryimage\"},\"image\":{\"@id\":\"https:\/\/www.daisho.be\/de\/produit\/adidas-wkf-schienbein-fussschuetzer-rot\/#primaryimage\"},\"thumbnailUrl\":\"https:\/\/www.daisho.be\/wp-content\/uploads\/2024\/10\/image-34.png\",\"datePublished\":\"2020-12-01T22:23:02+00:00\",\"dateModified\":\"2025-10-09T12:02:25+00:00\",\"description\":\"Entdecken Sie die Schienbeinsch\u00fctzer f\u00fcr alle Kampfsportler, die von der WKF anerkannt sind. Kaufen Sie sie auf unserer Website www.daisho.be|Daisho.\",\"breadcrumb\":{\"@id\":\"https:\/\/www.daisho.be\/de\/produit\/adidas-wkf-schienbein-fussschuetzer-rot\/#breadcrumb\"},\"inLanguage\":\"de\",\"potentialAction\":[{\"@type\":\"ReadAction\",\"target\":[\"https:\/\/www.daisho.be\/de\/produit\/adidas-wkf-schienbein-fussschuetzer-rot\/\"]}]},{\"@type\":\"ImageObject\",\"inLanguage\":\"de\",\"@id\":\"https:\/\/www.daisho.be\/de\/produit\/adidas-wkf-schienbein-fussschuetzer-rot\/#primaryimage\",\"url\":\"https:\/\/www.daisho.be\/wp-content\/uploads\/2024\/10\/image-34.png\",\"contentUrl\":\"https:\/\/www.daisho.be\/wp-content\/uploads\/2024\/10\/image-34.png\",\"width\":512,\"height\":694,\"caption\":\"Adidas Fu\u00df-\/Schienbeinsch\u00fctzer - Rot-6\"},{\"@type\":\"BreadcrumbList\",\"@id\":\"https:\/\/www.daisho.be\/de\/produit\/adidas-wkf-schienbein-fussschuetzer-rot\/#breadcrumb\",\"itemListElement\":[{\"@type\":\"ListItem\",\"position\":1,\"name\":\"Accueil\",\"item\":\"https:\/\/www.daisho.be\/de\/\"},{\"@type\":\"ListItem\",\"position\":2,\"name\":\"Produkte\",\"item\":\"https:\/\/www.daisho.be\/de\/produkte\/\"},{\"@type\":\"ListItem\",\"position\":3,\"name\":\"Ausr\u00fcstung und Kleidung f\u00fcr Kampfkunst und Kampfsport\",\"item\":\"https:\/\/www.daisho.be\/de\/categorie-produit\/ausrustung-und-kleidung-fur-kampfkunst-und-kampfsport\/\"},{\"@type\":\"ListItem\",\"position\":4,\"name\":\"Karate\",\"item\":\"https:\/\/www.daisho.be\/de\/categorie-produit\/ausrustung-und-kleidung-fur-kampfkunst-und-kampfsport\/karate-de-2\/\"},{\"@type\":\"ListItem\",\"position\":5,\"name\":\"Karate-Schutzkleidung\",\"item\":\"https:\/\/www.daisho.be\/de\/categorie-produit\/ausrustung-und-kleidung-fur-kampfkunst-und-kampfsport\/karate-de-2\/karate-schutzkleidung\/\"},{\"@type\":\"ListItem\",\"position\":6,\"name\":\"Adidas WKF Schienbein-\/Fu\u00dfsch\u00fctzer &#8211; Rot\"}]},{\"@type\":\"WebSite\",\"@id\":\"https:\/\/www.daisho.be\/de\/#website\",\"url\":\"https:\/\/www.daisho.be\/de\/\",\"name\":\"Daisho\",\"description\":\"Sp&eacute;cialiste de l'&eacute;quipement sportif d'arts martiaux\",\"publisher\":{\"@id\":\"https:\/\/www.daisho.be\/de\/#organization\"},\"potentialAction\":[{\"@type\":\"SearchAction\",\"target\":{\"@type\":\"EntryPoint\",\"urlTemplate\":\"https:\/\/www.daisho.be\/de\/?s={search_term_string}\"},\"query-input\":{\"@type\":\"PropertyValueSpecification\",\"valueRequired\":true,\"valueName\":\"search_term_string\"}}],\"inLanguage\":\"de\"},{\"@type\":\"Organization\",\"@id\":\"https:\/\/www.daisho.be\/de\/#organization\",\"name\":\"Daisho\",\"url\":\"https:\/\/www.daisho.be\/de\/\",\"logo\":{\"@type\":\"ImageObject\",\"inLanguage\":\"de\",\"@id\":\"https:\/\/www.daisho.be\/de\/#\/schema\/logo\/image\/\",\"url\":\"https:\/\/www.daisho.be\/wp-content\/uploads\/2019\/07\/color-nothing-horizontale4x-e1564486100247.png\",\"contentUrl\":\"https:\/\/www.daisho.be\/wp-content\/uploads\/2019\/07\/color-nothing-horizontale4x-e1564486100247.png\",\"width\":1547,\"height\":385,\"caption\":\"Daisho\"},\"image\":{\"@id\":\"https:\/\/www.daisho.be\/de\/#\/schema\/logo\/image\/\"}}]}<\/script>\n<!-- \/ Yoast SEO plugin. -->","yoast_head_json":{"title":"Adidas WKF Schienbein-\/Fu\u00dfsch\u00fctzer - Rot &#8211; Daisho","description":"Entdecken Sie die Schienbeinsch\u00fctzer f\u00fcr alle Kampfsportler, die von der WKF anerkannt sind. Kaufen Sie sie auf unserer Website www.daisho.be|Daisho.","robots":{"index":"index","follow":"follow","max-snippet":"max-snippet:-1","max-image-preview":"max-image-preview:large","max-video-preview":"max-video-preview:-1"},"canonical":"https:\/\/www.daisho.be\/de\/produit\/adidas-wkf-schienbein-fussschuetzer-rot\/","og_locale":"de_DE","og_type":"article","og_title":"Adidas WKF Schienbein-\/Fu\u00dfsch\u00fctzer - Rot &#8211; Daisho","og_description":"Entdecken Sie die Schienbeinsch\u00fctzer f\u00fcr alle Kampfsportler, die von der WKF anerkannt sind. Kaufen Sie sie auf unserer Website www.daisho.be|Daisho.","og_url":"https:\/\/www.daisho.be\/de\/produit\/adidas-wkf-schienbein-fussschuetzer-rot\/","og_site_name":"Daisho","article_modified_time":"2025-10-09T12:02:25+00:00","og_image":[{"width":512,"height":694,"url":"https:\/\/www.daisho.be\/wp-content\/uploads\/2024\/10\/image-34.png","type":"image\/png"}],"twitter_card":"summary_large_image","schema":{"@context":"https:\/\/schema.org","@graph":[{"@type":"WebPage","@id":"https:\/\/www.daisho.be\/de\/produit\/adidas-wkf-schienbein-fussschuetzer-rot\/","url":"https:\/\/www.daisho.be\/de\/produit\/adidas-wkf-schienbein-fussschuetzer-rot\/","name":"Adidas WKF Schienbein-\/Fu\u00dfsch\u00fctzer - Rot &#8211; Daisho","isPartOf":{"@id":"https:\/\/www.daisho.be\/de\/#website"},"primaryImageOfPage":{"@id":"https:\/\/www.daisho.be\/de\/produit\/adidas-wkf-schienbein-fussschuetzer-rot\/#primaryimage"},"image":{"@id":"https:\/\/www.daisho.be\/de\/produit\/adidas-wkf-schienbein-fussschuetzer-rot\/#primaryimage"},"thumbnailUrl":"https:\/\/www.daisho.be\/wp-content\/uploads\/2024\/10\/image-34.png","datePublished":"2020-12-01T22:23:02+00:00","dateModified":"2025-10-09T12:02:25+00:00","description":"Entdecken Sie die Schienbeinsch\u00fctzer f\u00fcr alle Kampfsportler, die von der WKF anerkannt sind. Kaufen Sie sie auf unserer Website www.daisho.be|Daisho.","breadcrumb":{"@id":"https:\/\/www.daisho.be\/de\/produit\/adidas-wkf-schienbein-fussschuetzer-rot\/#breadcrumb"},"inLanguage":"de","potentialAction":[{"@type":"ReadAction","target":["https:\/\/www.daisho.be\/de\/produit\/adidas-wkf-schienbein-fussschuetzer-rot\/"]}]},{"@type":"ImageObject","inLanguage":"de","@id":"https:\/\/www.daisho.be\/de\/produit\/adidas-wkf-schienbein-fussschuetzer-rot\/#primaryimage","url":"https:\/\/www.daisho.be\/wp-content\/uploads\/2024\/10\/image-34.png","contentUrl":"https:\/\/www.daisho.be\/wp-content\/uploads\/2024\/10\/image-34.png","width":512,"height":694,"caption":"Adidas Fu\u00df-\/Schienbeinsch\u00fctzer - Rot-6"},{"@type":"BreadcrumbList","@id":"https:\/\/www.daisho.be\/de\/produit\/adidas-wkf-schienbein-fussschuetzer-rot\/#breadcrumb","itemListElement":[{"@type":"ListItem","position":1,"name":"Accueil","item":"https:\/\/www.daisho.be\/de\/"},{"@type":"ListItem","position":2,"name":"Produkte","item":"https:\/\/www.daisho.be\/de\/produkte\/"},{"@type":"ListItem","position":3,"name":"Ausr\u00fcstung und Kleidung f\u00fcr Kampfkunst und Kampfsport","item":"https:\/\/www.daisho.be\/de\/categorie-produit\/ausrustung-und-kleidung-fur-kampfkunst-und-kampfsport\/"},{"@type":"ListItem","position":4,"name":"Karate","item":"https:\/\/www.daisho.be\/de\/categorie-produit\/ausrustung-und-kleidung-fur-kampfkunst-und-kampfsport\/karate-de-2\/"},{"@type":"ListItem","position":5,"name":"Karate-Schutzkleidung","item":"https:\/\/www.daisho.be\/de\/categorie-produit\/ausrustung-und-kleidung-fur-kampfkunst-und-kampfsport\/karate-de-2\/karate-schutzkleidung\/"},{"@type":"ListItem","position":6,"name":"Adidas WKF Schienbein-\/Fu\u00dfsch\u00fctzer &#8211; Rot"}]},{"@type":"WebSite","@id":"https:\/\/www.daisho.be\/de\/#website","url":"https:\/\/www.daisho.be\/de\/","name":"Daisho","description":"Sp&eacute;cialiste de l'&eacute;quipement sportif d'arts martiaux","publisher":{"@id":"https:\/\/www.daisho.be\/de\/#organization"},"potentialAction":[{"@type":"SearchAction","target":{"@type":"EntryPoint","urlTemplate":"https:\/\/www.daisho.be\/de\/?s={search_term_string}"},"query-input":{"@type":"PropertyValueSpecification","valueRequired":true,"valueName":"search_term_string"}}],"inLanguage":"de"},{"@type":"Organization","@id":"https:\/\/www.daisho.be\/de\/#organization","name":"Daisho","url":"https:\/\/www.daisho.be\/de\/","logo":{"@type":"ImageObject","inLanguage":"de","@id":"https:\/\/www.daisho.be\/de\/#\/schema\/logo\/image\/","url":"https:\/\/www.daisho.be\/wp-content\/uploads\/2019\/07\/color-nothing-horizontale4x-e1564486100247.png","contentUrl":"https:\/\/www.daisho.be\/wp-content\/uploads\/2019\/07\/color-nothing-horizontale4x-e1564486100247.png","width":1547,"height":385,"caption":"Daisho"},"image":{"@id":"https:\/\/www.daisho.be\/de\/#\/schema\/logo\/image\/"}}]}},"_links":{"self":[{"href":"https:\/\/www.daisho.be\/de\/wp-json\/wp\/v2\/product\/454975","targetHints":{"allow":["GET"]}}],"collection":[{"href":"https:\/\/www.daisho.be\/de\/wp-json\/wp\/v2\/product"}],"about":[{"href":"https:\/\/www.daisho.be\/de\/wp-json\/wp\/v2\/types\/product"}],"replies":[{"embeddable":true,"href":"https:\/\/www.daisho.be\/de\/wp-json\/wp\/v2\/comments?post=454975"}],"wp:featuredmedia":[{"embeddable":true,"href":"https:\/\/www.daisho.be\/de\/wp-json\/wp\/v2\/media\/454981"}],"wp:attachment":[{"href":"https:\/\/www.daisho.be\/de\/wp-json\/wp\/v2\/media?parent=454975"}],"wp:term":[{"taxonomy":"product_brand","embeddable":true,"href":"https:\/\/www.daisho.be\/de\/wp-json\/wp\/v2\/product_brand?post=454975"},{"taxonomy":"product_cat","embeddable":true,"href":"https:\/\/www.daisho.be\/de\/wp-json\/wp\/v2\/product_cat?post=454975"},{"taxonomy":"product_tag","embeddable":true,"href":"https:\/\/www.daisho.be\/de\/wp-json\/wp\/v2\/product_tag?post=454975"},{"taxonomy":"sport","embeddable":true,"href":"https:\/\/www.daisho.be\/de\/wp-json\/wp\/v2\/sport?post=454975"}],"curies":[{"name":"wp","href":"https:\/\/api.w.org\/{rel}","templated":true}]}}