{"id":454777,"date":"2020-12-02T23:14:31","date_gmt":"2020-12-02T22:14:31","guid":{"rendered":"https:\/\/www.daisho.be\/produit\/boxsack-xl-kunstleder-schwarz-mit-bodenplatte\/"},"modified":"2025-11-18T17:39:40","modified_gmt":"2025-11-18T16:39:40","slug":"boxsack-xl-kunstleder-schwarz-mit-bodenplatte","status":"publish","type":"product","link":"https:\/\/www.daisho.be\/de\/produit\/boxsack-xl-kunstleder-schwarz-mit-bodenplatte\/","title":{"rendered":"BOXSACK XL KUNSTLEDER SCHWARZ MIT BODENPLATTE"},"content":{"rendered":"<p>Kunstlederbeutel mit Boden, der mit Wasser oder Sand gef\u00fcllt werden kann.<br \/>\nHochwertiger Kunstlederbezug.<br \/>\nBoden aus PE, der in einem St\u00fcck geformt wurde.<br \/>\nHohe Festigkeit und Haltbarkeit.<br \/>\nIdeal f\u00fcr das Training der F\u00e4uste und Beine.<br \/>\nGesamtgr\u00f6\u00dfe: 68 x 180 cm.<br \/>\nBeutelgr\u00f6\u00dfe: 38 x 140 cm.<br \/>\nWird leer geliefert.<br \/>\nGewicht gef\u00fcllt: 115 kg mit Wasser, 140 kg mit Sand.  <\/p>\n","protected":false},"excerpt":{"rendered":"<p>Kunstlederbeutel mit Boden, der mit Wasser oder Sand gef\u00fcllt werden kann. Hochwertiger Kunstlederbezug. Boden aus PE, der in einem St\u00fcck geformt wurde. Hohe Festigkeit und Haltbarkeit. Ideal f\u00fcr das Training der F\u00e4uste und Beine. Gesamtgr\u00f6\u00dfe: 68 x 180 cm. Beutelgr\u00f6\u00dfe: 38 x 140 cm. Wird leer geliefert. Gewicht gef\u00fcllt: 115 kg mit Wasser, 140 kg [&hellip;]<\/p>\n","protected":false},"featured_media":454785,"comment_status":"open","ping_status":"closed","template":"","meta":{"inline_featured_image":false},"product_brand":[],"product_cat":[2132,2055,2056,2043],"product_tag":[2053,2554],"sport":[],"class_list":{"0":"post-454777","1":"product","2":"type-product","3":"status-publish","4":"has-post-thumbnail","6":"product_cat-boxsacke","7":"product_cat-karate-trainingsmaterial","8":"product_cat-kick-boxing-trainingsmaterial","9":"product_cat-trainingsmaterial-boxen","10":"product_tag-daisho-de","11":"product_tag-kostenvoranschlag","12":"product_shipping_class-schwere-produkte","13":"pa_size-sans-taille-defaut","15":"first","16":"instock","17":"taxable","18":"shipping-taxable","19":"purchasable","20":"product-type-variable"},"yoast_head":"<!-- This site is optimized with the Yoast SEO plugin v27.2 - https:\/\/yoast.com\/product\/yoast-seo-wordpress\/ -->\n<title>BOXSACK XL KUNSTLEDER SCHWARZ MIT BODENPLATTE &#8211; Daisho<\/title>\n<meta name=\"robots\" content=\"index, follow, max-snippet:-1, max-image-preview:large, max-video-preview:-1\" \/>\n<link rel=\"canonical\" href=\"https:\/\/www.daisho.be\/de\/produit\/boxsack-xl-kunstleder-schwarz-mit-bodenplatte\/\" \/>\n<meta property=\"og:locale\" content=\"de_DE\" \/>\n<meta property=\"og:type\" content=\"article\" \/>\n<meta property=\"og:title\" content=\"BOXSACK XL KUNSTLEDER SCHWARZ MIT BODENPLATTE &#8211; Daisho\" \/>\n<meta property=\"og:description\" content=\"Kunstlederbeutel mit Boden, der mit Wasser oder Sand gef\u00fcllt werden kann. Hochwertiger Kunstlederbezug. Boden aus PE, der in einem St\u00fcck geformt wurde. Hohe Festigkeit und Haltbarkeit. Ideal f\u00fcr das Training der F\u00e4uste und Beine. Gesamtgr\u00f6\u00dfe: 68 x 180 cm. Beutelgr\u00f6\u00dfe: 38 x 140 cm. Wird leer geliefert. Gewicht gef\u00fcllt: 115 kg mit Wasser, 140 kg [&hellip;]\" \/>\n<meta property=\"og:url\" content=\"https:\/\/www.daisho.be\/de\/produit\/boxsack-xl-kunstleder-schwarz-mit-bodenplatte\/\" \/>\n<meta property=\"og:site_name\" content=\"Daisho\" \/>\n<meta property=\"article:modified_time\" content=\"2025-11-18T16:39:40+00:00\" \/>\n<meta property=\"og:image\" content=\"https:\/\/www.daisho.be\/wp-content\/uploads\/2023\/04\/image-5.png\" \/>\n\t<meta property=\"og:image:width\" content=\"494\" \/>\n\t<meta property=\"og:image:height\" content=\"520\" \/>\n\t<meta property=\"og:image:type\" content=\"image\/png\" \/>\n<meta name=\"twitter:card\" content=\"summary_large_image\" \/>\n<script type=\"application\/ld+json\" class=\"yoast-schema-graph\">{\"@context\":\"https:\/\/schema.org\",\"@graph\":[{\"@type\":\"WebPage\",\"@id\":\"https:\/\/www.daisho.be\/de\/produit\/boxsack-xl-kunstleder-schwarz-mit-bodenplatte\/\",\"url\":\"https:\/\/www.daisho.be\/de\/produit\/boxsack-xl-kunstleder-schwarz-mit-bodenplatte\/\",\"name\":\"BOXSACK XL KUNSTLEDER SCHWARZ MIT BODENPLATTE &#8211; Daisho\",\"isPartOf\":{\"@id\":\"https:\/\/www.daisho.be\/de\/#website\"},\"primaryImageOfPage\":{\"@id\":\"https:\/\/www.daisho.be\/de\/produit\/boxsack-xl-kunstleder-schwarz-mit-bodenplatte\/#primaryimage\"},\"image\":{\"@id\":\"https:\/\/www.daisho.be\/de\/produit\/boxsack-xl-kunstleder-schwarz-mit-bodenplatte\/#primaryimage\"},\"thumbnailUrl\":\"https:\/\/www.daisho.be\/wp-content\/uploads\/2023\/04\/image-5.png\",\"datePublished\":\"2020-12-02T22:14:31+00:00\",\"dateModified\":\"2025-11-18T16:39:40+00:00\",\"breadcrumb\":{\"@id\":\"https:\/\/www.daisho.be\/de\/produit\/boxsack-xl-kunstleder-schwarz-mit-bodenplatte\/#breadcrumb\"},\"inLanguage\":\"de\",\"potentialAction\":[{\"@type\":\"ReadAction\",\"target\":[\"https:\/\/www.daisho.be\/de\/produit\/boxsack-xl-kunstleder-schwarz-mit-bodenplatte\/\"]}]},{\"@type\":\"ImageObject\",\"inLanguage\":\"de\",\"@id\":\"https:\/\/www.daisho.be\/de\/produit\/boxsack-xl-kunstleder-schwarz-mit-bodenplatte\/#primaryimage\",\"url\":\"https:\/\/www.daisho.be\/wp-content\/uploads\/2023\/04\/image-5.png\",\"contentUrl\":\"https:\/\/www.daisho.be\/wp-content\/uploads\/2023\/04\/image-5.png\",\"width\":494,\"height\":520,\"caption\":\"BOXSACK XL KUNSTLEDER SCHWARZ MIT BASE-1\"},{\"@type\":\"BreadcrumbList\",\"@id\":\"https:\/\/www.daisho.be\/de\/produit\/boxsack-xl-kunstleder-schwarz-mit-bodenplatte\/#breadcrumb\",\"itemListElement\":[{\"@type\":\"ListItem\",\"position\":1,\"name\":\"Accueil\",\"item\":\"https:\/\/www.daisho.be\/de\/\"},{\"@type\":\"ListItem\",\"position\":2,\"name\":\"Produkte\",\"item\":\"https:\/\/www.daisho.be\/de\/produkte\/\"},{\"@type\":\"ListItem\",\"position\":3,\"name\":\"Ausr\u00fcstung und Kleidung f\u00fcr Kampfkunst und Kampfsport\",\"item\":\"https:\/\/www.daisho.be\/de\/categorie-produit\/ausrustung-und-kleidung-fur-kampfkunst-und-kampfsport\/\"},{\"@type\":\"ListItem\",\"position\":4,\"name\":\"Karate\",\"item\":\"https:\/\/www.daisho.be\/de\/categorie-produit\/ausrustung-und-kleidung-fur-kampfkunst-und-kampfsport\/karate-de-2\/\"},{\"@type\":\"ListItem\",\"position\":5,\"name\":\"Karate Trainingsmaterial\",\"item\":\"https:\/\/www.daisho.be\/de\/categorie-produit\/ausrustung-und-kleidung-fur-kampfkunst-und-kampfsport\/karate-de-2\/karate-trainingsmaterial\/\"},{\"@type\":\"ListItem\",\"position\":6,\"name\":\"BOXSACK XL KUNSTLEDER SCHWARZ MIT BODENPLATTE\"}]},{\"@type\":\"WebSite\",\"@id\":\"https:\/\/www.daisho.be\/de\/#website\",\"url\":\"https:\/\/www.daisho.be\/de\/\",\"name\":\"Daisho\",\"description\":\"Sp&eacute;cialiste de l'&eacute;quipement sportif d'arts martiaux\",\"publisher\":{\"@id\":\"https:\/\/www.daisho.be\/de\/#organization\"},\"potentialAction\":[{\"@type\":\"SearchAction\",\"target\":{\"@type\":\"EntryPoint\",\"urlTemplate\":\"https:\/\/www.daisho.be\/de\/?s={search_term_string}\"},\"query-input\":{\"@type\":\"PropertyValueSpecification\",\"valueRequired\":true,\"valueName\":\"search_term_string\"}}],\"inLanguage\":\"de\"},{\"@type\":\"Organization\",\"@id\":\"https:\/\/www.daisho.be\/de\/#organization\",\"name\":\"Daisho\",\"url\":\"https:\/\/www.daisho.be\/de\/\",\"logo\":{\"@type\":\"ImageObject\",\"inLanguage\":\"de\",\"@id\":\"https:\/\/www.daisho.be\/de\/#\/schema\/logo\/image\/\",\"url\":\"https:\/\/www.daisho.be\/wp-content\/uploads\/2019\/07\/color-nothing-horizontale4x-e1564486100247.png\",\"contentUrl\":\"https:\/\/www.daisho.be\/wp-content\/uploads\/2019\/07\/color-nothing-horizontale4x-e1564486100247.png\",\"width\":1547,\"height\":385,\"caption\":\"Daisho\"},\"image\":{\"@id\":\"https:\/\/www.daisho.be\/de\/#\/schema\/logo\/image\/\"}}]}<\/script>\n<!-- \/ Yoast SEO plugin. -->","yoast_head_json":{"title":"BOXSACK XL KUNSTLEDER SCHWARZ MIT BODENPLATTE &#8211; Daisho","robots":{"index":"index","follow":"follow","max-snippet":"max-snippet:-1","max-image-preview":"max-image-preview:large","max-video-preview":"max-video-preview:-1"},"canonical":"https:\/\/www.daisho.be\/de\/produit\/boxsack-xl-kunstleder-schwarz-mit-bodenplatte\/","og_locale":"de_DE","og_type":"article","og_title":"BOXSACK XL KUNSTLEDER SCHWARZ MIT BODENPLATTE &#8211; Daisho","og_description":"Kunstlederbeutel mit Boden, der mit Wasser oder Sand gef\u00fcllt werden kann. Hochwertiger Kunstlederbezug. Boden aus PE, der in einem St\u00fcck geformt wurde. Hohe Festigkeit und Haltbarkeit. Ideal f\u00fcr das Training der F\u00e4uste und Beine. Gesamtgr\u00f6\u00dfe: 68 x 180 cm. Beutelgr\u00f6\u00dfe: 38 x 140 cm. Wird leer geliefert. Gewicht gef\u00fcllt: 115 kg mit Wasser, 140 kg [&hellip;]","og_url":"https:\/\/www.daisho.be\/de\/produit\/boxsack-xl-kunstleder-schwarz-mit-bodenplatte\/","og_site_name":"Daisho","article_modified_time":"2025-11-18T16:39:40+00:00","og_image":[{"width":494,"height":520,"url":"https:\/\/www.daisho.be\/wp-content\/uploads\/2023\/04\/image-5.png","type":"image\/png"}],"twitter_card":"summary_large_image","schema":{"@context":"https:\/\/schema.org","@graph":[{"@type":"WebPage","@id":"https:\/\/www.daisho.be\/de\/produit\/boxsack-xl-kunstleder-schwarz-mit-bodenplatte\/","url":"https:\/\/www.daisho.be\/de\/produit\/boxsack-xl-kunstleder-schwarz-mit-bodenplatte\/","name":"BOXSACK XL KUNSTLEDER SCHWARZ MIT BODENPLATTE &#8211; Daisho","isPartOf":{"@id":"https:\/\/www.daisho.be\/de\/#website"},"primaryImageOfPage":{"@id":"https:\/\/www.daisho.be\/de\/produit\/boxsack-xl-kunstleder-schwarz-mit-bodenplatte\/#primaryimage"},"image":{"@id":"https:\/\/www.daisho.be\/de\/produit\/boxsack-xl-kunstleder-schwarz-mit-bodenplatte\/#primaryimage"},"thumbnailUrl":"https:\/\/www.daisho.be\/wp-content\/uploads\/2023\/04\/image-5.png","datePublished":"2020-12-02T22:14:31+00:00","dateModified":"2025-11-18T16:39:40+00:00","breadcrumb":{"@id":"https:\/\/www.daisho.be\/de\/produit\/boxsack-xl-kunstleder-schwarz-mit-bodenplatte\/#breadcrumb"},"inLanguage":"de","potentialAction":[{"@type":"ReadAction","target":["https:\/\/www.daisho.be\/de\/produit\/boxsack-xl-kunstleder-schwarz-mit-bodenplatte\/"]}]},{"@type":"ImageObject","inLanguage":"de","@id":"https:\/\/www.daisho.be\/de\/produit\/boxsack-xl-kunstleder-schwarz-mit-bodenplatte\/#primaryimage","url":"https:\/\/www.daisho.be\/wp-content\/uploads\/2023\/04\/image-5.png","contentUrl":"https:\/\/www.daisho.be\/wp-content\/uploads\/2023\/04\/image-5.png","width":494,"height":520,"caption":"BOXSACK XL KUNSTLEDER SCHWARZ MIT BASE-1"},{"@type":"BreadcrumbList","@id":"https:\/\/www.daisho.be\/de\/produit\/boxsack-xl-kunstleder-schwarz-mit-bodenplatte\/#breadcrumb","itemListElement":[{"@type":"ListItem","position":1,"name":"Accueil","item":"https:\/\/www.daisho.be\/de\/"},{"@type":"ListItem","position":2,"name":"Produkte","item":"https:\/\/www.daisho.be\/de\/produkte\/"},{"@type":"ListItem","position":3,"name":"Ausr\u00fcstung und Kleidung f\u00fcr Kampfkunst und Kampfsport","item":"https:\/\/www.daisho.be\/de\/categorie-produit\/ausrustung-und-kleidung-fur-kampfkunst-und-kampfsport\/"},{"@type":"ListItem","position":4,"name":"Karate","item":"https:\/\/www.daisho.be\/de\/categorie-produit\/ausrustung-und-kleidung-fur-kampfkunst-und-kampfsport\/karate-de-2\/"},{"@type":"ListItem","position":5,"name":"Karate Trainingsmaterial","item":"https:\/\/www.daisho.be\/de\/categorie-produit\/ausrustung-und-kleidung-fur-kampfkunst-und-kampfsport\/karate-de-2\/karate-trainingsmaterial\/"},{"@type":"ListItem","position":6,"name":"BOXSACK XL KUNSTLEDER SCHWARZ MIT BODENPLATTE"}]},{"@type":"WebSite","@id":"https:\/\/www.daisho.be\/de\/#website","url":"https:\/\/www.daisho.be\/de\/","name":"Daisho","description":"Sp&eacute;cialiste de l'&eacute;quipement sportif d'arts martiaux","publisher":{"@id":"https:\/\/www.daisho.be\/de\/#organization"},"potentialAction":[{"@type":"SearchAction","target":{"@type":"EntryPoint","urlTemplate":"https:\/\/www.daisho.be\/de\/?s={search_term_string}"},"query-input":{"@type":"PropertyValueSpecification","valueRequired":true,"valueName":"search_term_string"}}],"inLanguage":"de"},{"@type":"Organization","@id":"https:\/\/www.daisho.be\/de\/#organization","name":"Daisho","url":"https:\/\/www.daisho.be\/de\/","logo":{"@type":"ImageObject","inLanguage":"de","@id":"https:\/\/www.daisho.be\/de\/#\/schema\/logo\/image\/","url":"https:\/\/www.daisho.be\/wp-content\/uploads\/2019\/07\/color-nothing-horizontale4x-e1564486100247.png","contentUrl":"https:\/\/www.daisho.be\/wp-content\/uploads\/2019\/07\/color-nothing-horizontale4x-e1564486100247.png","width":1547,"height":385,"caption":"Daisho"},"image":{"@id":"https:\/\/www.daisho.be\/de\/#\/schema\/logo\/image\/"}}]}},"_links":{"self":[{"href":"https:\/\/www.daisho.be\/de\/wp-json\/wp\/v2\/product\/454777","targetHints":{"allow":["GET"]}}],"collection":[{"href":"https:\/\/www.daisho.be\/de\/wp-json\/wp\/v2\/product"}],"about":[{"href":"https:\/\/www.daisho.be\/de\/wp-json\/wp\/v2\/types\/product"}],"replies":[{"embeddable":true,"href":"https:\/\/www.daisho.be\/de\/wp-json\/wp\/v2\/comments?post=454777"}],"wp:featuredmedia":[{"embeddable":true,"href":"https:\/\/www.daisho.be\/de\/wp-json\/wp\/v2\/media\/454785"}],"wp:attachment":[{"href":"https:\/\/www.daisho.be\/de\/wp-json\/wp\/v2\/media?parent=454777"}],"wp:term":[{"taxonomy":"product_brand","embeddable":true,"href":"https:\/\/www.daisho.be\/de\/wp-json\/wp\/v2\/product_brand?post=454777"},{"taxonomy":"product_cat","embeddable":true,"href":"https:\/\/www.daisho.be\/de\/wp-json\/wp\/v2\/product_cat?post=454777"},{"taxonomy":"product_tag","embeddable":true,"href":"https:\/\/www.daisho.be\/de\/wp-json\/wp\/v2\/product_tag?post=454777"},{"taxonomy":"sport","embeddable":true,"href":"https:\/\/www.daisho.be\/de\/wp-json\/wp\/v2\/sport?post=454777"}],"curies":[{"name":"wp","href":"https:\/\/api.w.org\/{rel}","templated":true}]}}