{"id":454770,"date":"2020-12-11T15:08:50","date_gmt":"2020-12-11T14:08:50","guid":{"rendered":"https:\/\/www.daisho.be\/produit\/runde-uebungsscheibe-rot\/"},"modified":"2025-12-24T11:57:40","modified_gmt":"2025-12-24T10:57:40","slug":"runde-uebungsscheibe-rot","status":"publish","type":"product","link":"https:\/\/www.daisho.be\/de\/produit\/runde-uebungsscheibe-rot\/","title":{"rendered":"RUNDE \u00dcBUNGSSCHEIBE &#8211; ROT"},"content":{"rendered":"<p>Diese Karate Zielscheibe wurde von vielen Karatelehrern getestet, die mit ihren Sch\u00fclern Pr\u00e4zision, Geschwindigkeit und Schnelligkeit trainieren wollten. Dieses einfach zu verwendende Zubeh\u00f6r wird sich schnell zum besten Trainingszubeh\u00f6r in Karate-Dojos entwickeln.<\/p>\n<p>Beschreibung<br \/>\n&#8211; Exklusiv f\u00fcr Karate entwickelt,<br \/>\n&#8211; Strapazierf\u00e4higes Au\u00dfenmaterial, das mit einem feuchten Tuch und Seife leicht zu reinigen ist,<br \/>\n&#8211; Schnelles Anlegen der Hand, die sich einfach in das Accessoire einf\u00e4deln l\u00e4sst,<br \/>\n&#8211; Leichtes Accessoire f\u00fcr optimale Nutzung und schnelle Arbeit an beweglichen Zielen,<br \/>\n&#8211; Farbe: Rot. <\/p>\n","protected":false},"excerpt":{"rendered":"<p>Diese Karate Zielscheibe wurde von vielen Karatelehrern getestet, die mit ihren Sch\u00fclern Pr\u00e4zision, Geschwindigkeit und Schnelligkeit trainieren wollten. Dieses einfach zu verwendende Zubeh\u00f6r wird sich schnell zum besten Trainingszubeh\u00f6r in Karate-Dojos entwickeln. Beschreibung &#8211; Exklusiv f\u00fcr Karate entwickelt, &#8211; Strapazierf\u00e4higes Au\u00dfenmaterial, das mit einem feuchten Tuch und Seife leicht zu reinigen ist, &#8211; Schnelles Anlegen [&hellip;]<\/p>\n","protected":false},"featured_media":454771,"comment_status":"open","ping_status":"closed","template":"","meta":{"inline_featured_image":false},"product_brand":[],"product_cat":[2251,2055,2056,2027],"product_tag":[2178],"sport":[],"class_list":{"0":"post-454770","1":"product","2":"type-product","3":"status-publish","4":"has-post-thumbnail","6":"product_cat-boxsacke-und-trainingszubehor-karate","7":"product_cat-karate-trainingsmaterial","8":"product_cat-kick-boxing-trainingsmaterial","9":"product_cat-taekwondo-trainingsmaterial","10":"product_tag-adidas-de","11":"pa_size-sans-taille-defaut","13":"first","14":"instock","15":"taxable","16":"shipping-taxable","17":"purchasable","18":"product-type-variable"},"yoast_head":"<!-- This site is optimized with the Yoast SEO plugin v27.2 - https:\/\/yoast.com\/product\/yoast-seo-wordpress\/ -->\n<title>RUNDE \u00dcBUNGSSCHEIBE - ROT &#8211; Daisho<\/title>\n<meta name=\"description\" content=\"Entdecken Sie die Trainingsscheibe, die speziell f\u00fcr Karate entwickelt wurde. Es dient zur Verbesserung der Pr\u00e4zision und Geschwindigkeit. Kaufen Sie es auf www.daisho.be|Daisho\" \/>\n<meta name=\"robots\" content=\"index, follow, max-snippet:-1, max-image-preview:large, max-video-preview:-1\" \/>\n<link rel=\"canonical\" href=\"https:\/\/www.daisho.be\/de\/produit\/runde-uebungsscheibe-rot\/\" \/>\n<meta property=\"og:locale\" content=\"de_DE\" \/>\n<meta property=\"og:type\" content=\"article\" \/>\n<meta property=\"og:title\" content=\"RUNDE \u00dcBUNGSSCHEIBE - ROT &#8211; Daisho\" \/>\n<meta property=\"og:description\" content=\"Entdecken Sie die Trainingsscheibe, die speziell f\u00fcr Karate entwickelt wurde. Es dient zur Verbesserung der Pr\u00e4zision und Geschwindigkeit. Kaufen Sie es auf www.daisho.be|Daisho\" \/>\n<meta property=\"og:url\" content=\"https:\/\/www.daisho.be\/de\/produit\/runde-uebungsscheibe-rot\/\" \/>\n<meta property=\"og:site_name\" content=\"Daisho\" \/>\n<meta property=\"article:modified_time\" content=\"2025-12-24T10:57:40+00:00\" \/>\n<meta property=\"og:image\" content=\"https:\/\/www.daisho.be\/wp-content\/uploads\/2024\/01\/image-243-scaled.jpg\" \/>\n\t<meta property=\"og:image:width\" content=\"2048\" \/>\n\t<meta property=\"og:image:height\" content=\"2048\" \/>\n\t<meta property=\"og:image:type\" content=\"image\/jpeg\" \/>\n<meta name=\"twitter:card\" content=\"summary_large_image\" \/>\n<script type=\"application\/ld+json\" class=\"yoast-schema-graph\">{\"@context\":\"https:\/\/schema.org\",\"@graph\":[{\"@type\":\"WebPage\",\"@id\":\"https:\/\/www.daisho.be\/de\/produit\/runde-uebungsscheibe-rot\/\",\"url\":\"https:\/\/www.daisho.be\/de\/produit\/runde-uebungsscheibe-rot\/\",\"name\":\"RUNDE \u00dcBUNGSSCHEIBE - ROT &#8211; Daisho\",\"isPartOf\":{\"@id\":\"https:\/\/www.daisho.be\/de\/#website\"},\"primaryImageOfPage\":{\"@id\":\"https:\/\/www.daisho.be\/de\/produit\/runde-uebungsscheibe-rot\/#primaryimage\"},\"image\":{\"@id\":\"https:\/\/www.daisho.be\/de\/produit\/runde-uebungsscheibe-rot\/#primaryimage\"},\"thumbnailUrl\":\"https:\/\/www.daisho.be\/wp-content\/uploads\/2024\/01\/image-243-scaled.jpg\",\"datePublished\":\"2020-12-11T14:08:50+00:00\",\"dateModified\":\"2025-12-24T10:57:40+00:00\",\"description\":\"Entdecken Sie die Trainingsscheibe, die speziell f\u00fcr Karate entwickelt wurde. Es dient zur Verbesserung der Pr\u00e4zision und Geschwindigkeit. Kaufen Sie es auf www.daisho.be|Daisho\",\"breadcrumb\":{\"@id\":\"https:\/\/www.daisho.be\/de\/produit\/runde-uebungsscheibe-rot\/#breadcrumb\"},\"inLanguage\":\"de\",\"potentialAction\":[{\"@type\":\"ReadAction\",\"target\":[\"https:\/\/www.daisho.be\/de\/produit\/runde-uebungsscheibe-rot\/\"]}]},{\"@type\":\"ImageObject\",\"inLanguage\":\"de\",\"@id\":\"https:\/\/www.daisho.be\/de\/produit\/runde-uebungsscheibe-rot\/#primaryimage\",\"url\":\"https:\/\/www.daisho.be\/wp-content\/uploads\/2024\/01\/image-243-scaled.jpg\",\"contentUrl\":\"https:\/\/www.daisho.be\/wp-content\/uploads\/2024\/01\/image-243-scaled.jpg\",\"width\":2048,\"height\":2048,\"caption\":\"RUNDE \u00dcBUNGSSCHEIBE - ROT-1\"},{\"@type\":\"BreadcrumbList\",\"@id\":\"https:\/\/www.daisho.be\/de\/produit\/runde-uebungsscheibe-rot\/#breadcrumb\",\"itemListElement\":[{\"@type\":\"ListItem\",\"position\":1,\"name\":\"Accueil\",\"item\":\"https:\/\/www.daisho.be\/de\/\"},{\"@type\":\"ListItem\",\"position\":2,\"name\":\"Produkte\",\"item\":\"https:\/\/www.daisho.be\/de\/produkte\/\"},{\"@type\":\"ListItem\",\"position\":3,\"name\":\"ADIDAS COMBAT SPORTS\",\"item\":\"https:\/\/www.daisho.be\/de\/categorie-produit\/adidas-combat-sports-de\/\"},{\"@type\":\"ListItem\",\"position\":4,\"name\":\"Karate\",\"item\":\"https:\/\/www.daisho.be\/de\/categorie-produit\/adidas-combat-sports-de\/karate-de\/\"},{\"@type\":\"ListItem\",\"position\":5,\"name\":\"Boxs\u00e4cke und Trainingszubeh\u00f6r Karate\",\"item\":\"https:\/\/www.daisho.be\/de\/categorie-produit\/adidas-combat-sports-de\/karate-de\/boxsacke-und-trainingszubehor-karate\/\"},{\"@type\":\"ListItem\",\"position\":6,\"name\":\"RUNDE \u00dcBUNGSSCHEIBE &#8211; ROT\"}]},{\"@type\":\"WebSite\",\"@id\":\"https:\/\/www.daisho.be\/de\/#website\",\"url\":\"https:\/\/www.daisho.be\/de\/\",\"name\":\"Daisho\",\"description\":\"Sp&eacute;cialiste de l'&eacute;quipement sportif d'arts martiaux\",\"publisher\":{\"@id\":\"https:\/\/www.daisho.be\/de\/#organization\"},\"potentialAction\":[{\"@type\":\"SearchAction\",\"target\":{\"@type\":\"EntryPoint\",\"urlTemplate\":\"https:\/\/www.daisho.be\/de\/?s={search_term_string}\"},\"query-input\":{\"@type\":\"PropertyValueSpecification\",\"valueRequired\":true,\"valueName\":\"search_term_string\"}}],\"inLanguage\":\"de\"},{\"@type\":\"Organization\",\"@id\":\"https:\/\/www.daisho.be\/de\/#organization\",\"name\":\"Daisho\",\"url\":\"https:\/\/www.daisho.be\/de\/\",\"logo\":{\"@type\":\"ImageObject\",\"inLanguage\":\"de\",\"@id\":\"https:\/\/www.daisho.be\/de\/#\/schema\/logo\/image\/\",\"url\":\"https:\/\/www.daisho.be\/wp-content\/uploads\/2019\/07\/color-nothing-horizontale4x-e1564486100247.png\",\"contentUrl\":\"https:\/\/www.daisho.be\/wp-content\/uploads\/2019\/07\/color-nothing-horizontale4x-e1564486100247.png\",\"width\":1547,\"height\":385,\"caption\":\"Daisho\"},\"image\":{\"@id\":\"https:\/\/www.daisho.be\/de\/#\/schema\/logo\/image\/\"}}]}<\/script>\n<!-- \/ Yoast SEO plugin. -->","yoast_head_json":{"title":"RUNDE \u00dcBUNGSSCHEIBE - ROT &#8211; Daisho","description":"Entdecken Sie die Trainingsscheibe, die speziell f\u00fcr Karate entwickelt wurde. Es dient zur Verbesserung der Pr\u00e4zision und Geschwindigkeit. Kaufen Sie es auf www.daisho.be|Daisho","robots":{"index":"index","follow":"follow","max-snippet":"max-snippet:-1","max-image-preview":"max-image-preview:large","max-video-preview":"max-video-preview:-1"},"canonical":"https:\/\/www.daisho.be\/de\/produit\/runde-uebungsscheibe-rot\/","og_locale":"de_DE","og_type":"article","og_title":"RUNDE \u00dcBUNGSSCHEIBE - ROT &#8211; Daisho","og_description":"Entdecken Sie die Trainingsscheibe, die speziell f\u00fcr Karate entwickelt wurde. Es dient zur Verbesserung der Pr\u00e4zision und Geschwindigkeit. Kaufen Sie es auf www.daisho.be|Daisho","og_url":"https:\/\/www.daisho.be\/de\/produit\/runde-uebungsscheibe-rot\/","og_site_name":"Daisho","article_modified_time":"2025-12-24T10:57:40+00:00","og_image":[{"width":2048,"height":2048,"url":"https:\/\/www.daisho.be\/wp-content\/uploads\/2024\/01\/image-243-scaled.jpg","type":"image\/jpeg"}],"twitter_card":"summary_large_image","schema":{"@context":"https:\/\/schema.org","@graph":[{"@type":"WebPage","@id":"https:\/\/www.daisho.be\/de\/produit\/runde-uebungsscheibe-rot\/","url":"https:\/\/www.daisho.be\/de\/produit\/runde-uebungsscheibe-rot\/","name":"RUNDE \u00dcBUNGSSCHEIBE - ROT &#8211; Daisho","isPartOf":{"@id":"https:\/\/www.daisho.be\/de\/#website"},"primaryImageOfPage":{"@id":"https:\/\/www.daisho.be\/de\/produit\/runde-uebungsscheibe-rot\/#primaryimage"},"image":{"@id":"https:\/\/www.daisho.be\/de\/produit\/runde-uebungsscheibe-rot\/#primaryimage"},"thumbnailUrl":"https:\/\/www.daisho.be\/wp-content\/uploads\/2024\/01\/image-243-scaled.jpg","datePublished":"2020-12-11T14:08:50+00:00","dateModified":"2025-12-24T10:57:40+00:00","description":"Entdecken Sie die Trainingsscheibe, die speziell f\u00fcr Karate entwickelt wurde. Es dient zur Verbesserung der Pr\u00e4zision und Geschwindigkeit. Kaufen Sie es auf www.daisho.be|Daisho","breadcrumb":{"@id":"https:\/\/www.daisho.be\/de\/produit\/runde-uebungsscheibe-rot\/#breadcrumb"},"inLanguage":"de","potentialAction":[{"@type":"ReadAction","target":["https:\/\/www.daisho.be\/de\/produit\/runde-uebungsscheibe-rot\/"]}]},{"@type":"ImageObject","inLanguage":"de","@id":"https:\/\/www.daisho.be\/de\/produit\/runde-uebungsscheibe-rot\/#primaryimage","url":"https:\/\/www.daisho.be\/wp-content\/uploads\/2024\/01\/image-243-scaled.jpg","contentUrl":"https:\/\/www.daisho.be\/wp-content\/uploads\/2024\/01\/image-243-scaled.jpg","width":2048,"height":2048,"caption":"RUNDE \u00dcBUNGSSCHEIBE - ROT-1"},{"@type":"BreadcrumbList","@id":"https:\/\/www.daisho.be\/de\/produit\/runde-uebungsscheibe-rot\/#breadcrumb","itemListElement":[{"@type":"ListItem","position":1,"name":"Accueil","item":"https:\/\/www.daisho.be\/de\/"},{"@type":"ListItem","position":2,"name":"Produkte","item":"https:\/\/www.daisho.be\/de\/produkte\/"},{"@type":"ListItem","position":3,"name":"ADIDAS COMBAT SPORTS","item":"https:\/\/www.daisho.be\/de\/categorie-produit\/adidas-combat-sports-de\/"},{"@type":"ListItem","position":4,"name":"Karate","item":"https:\/\/www.daisho.be\/de\/categorie-produit\/adidas-combat-sports-de\/karate-de\/"},{"@type":"ListItem","position":5,"name":"Boxs\u00e4cke und Trainingszubeh\u00f6r Karate","item":"https:\/\/www.daisho.be\/de\/categorie-produit\/adidas-combat-sports-de\/karate-de\/boxsacke-und-trainingszubehor-karate\/"},{"@type":"ListItem","position":6,"name":"RUNDE \u00dcBUNGSSCHEIBE &#8211; ROT"}]},{"@type":"WebSite","@id":"https:\/\/www.daisho.be\/de\/#website","url":"https:\/\/www.daisho.be\/de\/","name":"Daisho","description":"Sp&eacute;cialiste de l'&eacute;quipement sportif d'arts martiaux","publisher":{"@id":"https:\/\/www.daisho.be\/de\/#organization"},"potentialAction":[{"@type":"SearchAction","target":{"@type":"EntryPoint","urlTemplate":"https:\/\/www.daisho.be\/de\/?s={search_term_string}"},"query-input":{"@type":"PropertyValueSpecification","valueRequired":true,"valueName":"search_term_string"}}],"inLanguage":"de"},{"@type":"Organization","@id":"https:\/\/www.daisho.be\/de\/#organization","name":"Daisho","url":"https:\/\/www.daisho.be\/de\/","logo":{"@type":"ImageObject","inLanguage":"de","@id":"https:\/\/www.daisho.be\/de\/#\/schema\/logo\/image\/","url":"https:\/\/www.daisho.be\/wp-content\/uploads\/2019\/07\/color-nothing-horizontale4x-e1564486100247.png","contentUrl":"https:\/\/www.daisho.be\/wp-content\/uploads\/2019\/07\/color-nothing-horizontale4x-e1564486100247.png","width":1547,"height":385,"caption":"Daisho"},"image":{"@id":"https:\/\/www.daisho.be\/de\/#\/schema\/logo\/image\/"}}]}},"_links":{"self":[{"href":"https:\/\/www.daisho.be\/de\/wp-json\/wp\/v2\/product\/454770","targetHints":{"allow":["GET"]}}],"collection":[{"href":"https:\/\/www.daisho.be\/de\/wp-json\/wp\/v2\/product"}],"about":[{"href":"https:\/\/www.daisho.be\/de\/wp-json\/wp\/v2\/types\/product"}],"replies":[{"embeddable":true,"href":"https:\/\/www.daisho.be\/de\/wp-json\/wp\/v2\/comments?post=454770"}],"wp:featuredmedia":[{"embeddable":true,"href":"https:\/\/www.daisho.be\/de\/wp-json\/wp\/v2\/media\/454771"}],"wp:attachment":[{"href":"https:\/\/www.daisho.be\/de\/wp-json\/wp\/v2\/media?parent=454770"}],"wp:term":[{"taxonomy":"product_brand","embeddable":true,"href":"https:\/\/www.daisho.be\/de\/wp-json\/wp\/v2\/product_brand?post=454770"},{"taxonomy":"product_cat","embeddable":true,"href":"https:\/\/www.daisho.be\/de\/wp-json\/wp\/v2\/product_cat?post=454770"},{"taxonomy":"product_tag","embeddable":true,"href":"https:\/\/www.daisho.be\/de\/wp-json\/wp\/v2\/product_tag?post=454770"},{"taxonomy":"sport","embeddable":true,"href":"https:\/\/www.daisho.be\/de\/wp-json\/wp\/v2\/sport?post=454770"}],"curies":[{"name":"wp","href":"https:\/\/api.w.org\/{rel}","templated":true}]}}