{"id":454667,"date":"2021-01-04T10:44:34","date_gmt":"2021-01-04T09:44:34","guid":{"rendered":"https:\/\/www.daisho.be\/produit\/boxpuppe\/"},"modified":"2025-11-20T12:12:55","modified_gmt":"2025-11-20T11:12:55","slug":"boxpuppe","status":"publish","type":"product","link":"https:\/\/www.daisho.be\/de\/produit\/boxpuppe\/","title":{"rendered":"Boxpuppe"},"content":{"rendered":"<p>Diese Boxpuppe von Victory Sports ist ideal f\u00fcr das Training von (Kick-)Boxen, MMA und anderen Kampfsportarten.<br \/>\nDie Puppe hat eine echte K\u00f6rperform, so dass Sie gezielter in den vitalen Bereichen des K\u00f6rpers trainieren k\u00f6nnen.<br \/>\nDer Fu\u00df kann mit Sand oder Kies gef\u00fcllt werden, bis zu einem Gewicht von 125 kg. Dadurch steht der Dummy fest an seinem Platz und wird nicht verrutschen.<br \/>\nMaterial: Festes PU mit Schaumstoff im Inneren. <\/p>\n","protected":false},"excerpt":{"rendered":"<p>Diese Boxpuppe von Victory Sports ist ideal f\u00fcr das Training von (Kick-)Boxen, MMA und anderen Kampfsportarten. Die Puppe hat eine echte K\u00f6rperform, so dass Sie gezielter in den vitalen Bereichen des K\u00f6rpers trainieren k\u00f6nnen. Der Fu\u00df kann mit Sand oder Kies gef\u00fcllt werden, bis zu einem Gewicht von 125 kg. Dadurch steht der Dummy fest [&hellip;]<\/p>\n","protected":false},"featured_media":454668,"comment_status":"closed","ping_status":"closed","template":"","meta":{"inline_featured_image":false},"product_brand":[],"product_cat":[2132,2056,2100,2043],"product_tag":[2554,2268],"sport":[448,446,73,447,431,455],"class_list":{"0":"post-454667","1":"product","2":"type-product","3":"status-publish","4":"has-post-thumbnail","6":"product_cat-boxsacke","7":"product_cat-kick-boxing-trainingsmaterial","8":"product_cat-mma-trainingsmaterial","9":"product_cat-trainingsmaterial-boxen","10":"product_tag-kostenvoranschlag","11":"product_tag-victory-sports-de","12":"product_shipping_class-schwere-produkte","13":"sport-kick-boxing","14":"sport-boxe","15":"sport-karate","16":"sport-krav-maga","17":"sport-mma","18":"sport-muay-thai","20":"first","21":"instock","22":"taxable","23":"shipping-taxable","24":"purchasable","25":"product-type-simple"},"yoast_head":"<!-- This site is optimized with the Yoast SEO plugin v27.2 - https:\/\/yoast.com\/product\/yoast-seo-wordpress\/ -->\n<title>Boxsack Boxpuppe im Big Bob Stil | Daisho<\/title>\n<meta name=\"description\" content=\"Mit dem Boxsack im Big Bob-Stil k\u00f6nnen Sie an einer fast echten Zielscheibe trainieren. Entdecken Sie ihn bei Daisho\" \/>\n<meta name=\"robots\" content=\"index, follow, max-snippet:-1, max-image-preview:large, max-video-preview:-1\" \/>\n<link rel=\"canonical\" href=\"https:\/\/www.daisho.be\/de\/produit\/boxpuppe\/\" \/>\n<meta property=\"og:locale\" content=\"de_DE\" \/>\n<meta property=\"og:type\" content=\"article\" \/>\n<meta property=\"og:title\" content=\"Boxsack Boxpuppe im Big Bob Stil | Daisho\" \/>\n<meta property=\"og:description\" content=\"Mit dem Boxsack im Big Bob-Stil k\u00f6nnen Sie an einer fast echten Zielscheibe trainieren. Entdecken Sie ihn bei Daisho\" \/>\n<meta property=\"og:url\" content=\"https:\/\/www.daisho.be\/de\/produit\/boxpuppe\/\" \/>\n<meta property=\"og:site_name\" content=\"Daisho\" \/>\n<meta property=\"article:modified_time\" content=\"2025-11-20T11:12:55+00:00\" \/>\n<meta property=\"og:image\" content=\"https:\/\/www.daisho.be\/wp-content\/uploads\/2023\/10\/image-26.jpg\" \/>\n\t<meta property=\"og:image:width\" content=\"468\" \/>\n\t<meta property=\"og:image:height\" content=\"468\" \/>\n\t<meta property=\"og:image:type\" content=\"image\/jpeg\" \/>\n<meta name=\"twitter:card\" content=\"summary_large_image\" \/>\n<script type=\"application\/ld+json\" class=\"yoast-schema-graph\">{\"@context\":\"https:\/\/schema.org\",\"@graph\":[{\"@type\":\"WebPage\",\"@id\":\"https:\/\/www.daisho.be\/de\/produit\/boxpuppe\/\",\"url\":\"https:\/\/www.daisho.be\/de\/produit\/boxpuppe\/\",\"name\":\"Boxsack Boxpuppe im Big Bob Stil | Daisho\",\"isPartOf\":{\"@id\":\"https:\/\/www.daisho.be\/de\/#website\"},\"primaryImageOfPage\":{\"@id\":\"https:\/\/www.daisho.be\/de\/produit\/boxpuppe\/#primaryimage\"},\"image\":{\"@id\":\"https:\/\/www.daisho.be\/de\/produit\/boxpuppe\/#primaryimage\"},\"thumbnailUrl\":\"https:\/\/www.daisho.be\/wp-content\/uploads\/2023\/10\/image-26.jpg\",\"datePublished\":\"2021-01-04T09:44:34+00:00\",\"dateModified\":\"2025-11-20T11:12:55+00:00\",\"description\":\"Mit dem Boxsack im Big Bob-Stil k\u00f6nnen Sie an einer fast echten Zielscheibe trainieren. Entdecken Sie ihn bei Daisho\",\"breadcrumb\":{\"@id\":\"https:\/\/www.daisho.be\/de\/produit\/boxpuppe\/#breadcrumb\"},\"inLanguage\":\"de\",\"potentialAction\":[{\"@type\":\"ReadAction\",\"target\":[\"https:\/\/www.daisho.be\/de\/produit\/boxpuppe\/\"]}]},{\"@type\":\"ImageObject\",\"inLanguage\":\"de\",\"@id\":\"https:\/\/www.daisho.be\/de\/produit\/boxpuppe\/#primaryimage\",\"url\":\"https:\/\/www.daisho.be\/wp-content\/uploads\/2023\/10\/image-26.jpg\",\"contentUrl\":\"https:\/\/www.daisho.be\/wp-content\/uploads\/2023\/10\/image-26.jpg\",\"width\":468,\"height\":468,\"caption\":\"Boxpuppe-1\"},{\"@type\":\"BreadcrumbList\",\"@id\":\"https:\/\/www.daisho.be\/de\/produit\/boxpuppe\/#breadcrumb\",\"itemListElement\":[{\"@type\":\"ListItem\",\"position\":1,\"name\":\"Accueil\",\"item\":\"https:\/\/www.daisho.be\/de\/\"},{\"@type\":\"ListItem\",\"position\":2,\"name\":\"Produkte\",\"item\":\"https:\/\/www.daisho.be\/de\/produkte\/\"},{\"@type\":\"ListItem\",\"position\":3,\"name\":\"Ausr\u00fcstung und Kleidung f\u00fcr Kampfkunst und Kampfsport\",\"item\":\"https:\/\/www.daisho.be\/de\/categorie-produit\/ausrustung-und-kleidung-fur-kampfkunst-und-kampfsport\/\"},{\"@type\":\"ListItem\",\"position\":4,\"name\":\"Kick Boxing\",\"item\":\"https:\/\/www.daisho.be\/de\/categorie-produit\/ausrustung-und-kleidung-fur-kampfkunst-und-kampfsport\/kick-boxing-de-2\/\"},{\"@type\":\"ListItem\",\"position\":5,\"name\":\"Kick-Boxing Trainingsmaterial\",\"item\":\"https:\/\/www.daisho.be\/de\/categorie-produit\/ausrustung-und-kleidung-fur-kampfkunst-und-kampfsport\/kick-boxing-de-2\/kick-boxing-trainingsmaterial\/\"},{\"@type\":\"ListItem\",\"position\":6,\"name\":\"Boxpuppe\"}]},{\"@type\":\"WebSite\",\"@id\":\"https:\/\/www.daisho.be\/de\/#website\",\"url\":\"https:\/\/www.daisho.be\/de\/\",\"name\":\"Daisho\",\"description\":\"Sp&eacute;cialiste de l'&eacute;quipement sportif d'arts martiaux\",\"publisher\":{\"@id\":\"https:\/\/www.daisho.be\/de\/#organization\"},\"potentialAction\":[{\"@type\":\"SearchAction\",\"target\":{\"@type\":\"EntryPoint\",\"urlTemplate\":\"https:\/\/www.daisho.be\/de\/?s={search_term_string}\"},\"query-input\":{\"@type\":\"PropertyValueSpecification\",\"valueRequired\":true,\"valueName\":\"search_term_string\"}}],\"inLanguage\":\"de\"},{\"@type\":\"Organization\",\"@id\":\"https:\/\/www.daisho.be\/de\/#organization\",\"name\":\"Daisho\",\"url\":\"https:\/\/www.daisho.be\/de\/\",\"logo\":{\"@type\":\"ImageObject\",\"inLanguage\":\"de\",\"@id\":\"https:\/\/www.daisho.be\/de\/#\/schema\/logo\/image\/\",\"url\":\"https:\/\/www.daisho.be\/wp-content\/uploads\/2019\/07\/color-nothing-horizontale4x-e1564486100247.png\",\"contentUrl\":\"https:\/\/www.daisho.be\/wp-content\/uploads\/2019\/07\/color-nothing-horizontale4x-e1564486100247.png\",\"width\":1547,\"height\":385,\"caption\":\"Daisho\"},\"image\":{\"@id\":\"https:\/\/www.daisho.be\/de\/#\/schema\/logo\/image\/\"}}]}<\/script>\n<!-- \/ Yoast SEO plugin. -->","yoast_head_json":{"title":"Boxsack Boxpuppe im Big Bob Stil | Daisho","description":"Mit dem Boxsack im Big Bob-Stil k\u00f6nnen Sie an einer fast echten Zielscheibe trainieren. Entdecken Sie ihn bei Daisho","robots":{"index":"index","follow":"follow","max-snippet":"max-snippet:-1","max-image-preview":"max-image-preview:large","max-video-preview":"max-video-preview:-1"},"canonical":"https:\/\/www.daisho.be\/de\/produit\/boxpuppe\/","og_locale":"de_DE","og_type":"article","og_title":"Boxsack Boxpuppe im Big Bob Stil | Daisho","og_description":"Mit dem Boxsack im Big Bob-Stil k\u00f6nnen Sie an einer fast echten Zielscheibe trainieren. Entdecken Sie ihn bei Daisho","og_url":"https:\/\/www.daisho.be\/de\/produit\/boxpuppe\/","og_site_name":"Daisho","article_modified_time":"2025-11-20T11:12:55+00:00","og_image":[{"width":468,"height":468,"url":"https:\/\/www.daisho.be\/wp-content\/uploads\/2023\/10\/image-26.jpg","type":"image\/jpeg"}],"twitter_card":"summary_large_image","schema":{"@context":"https:\/\/schema.org","@graph":[{"@type":"WebPage","@id":"https:\/\/www.daisho.be\/de\/produit\/boxpuppe\/","url":"https:\/\/www.daisho.be\/de\/produit\/boxpuppe\/","name":"Boxsack Boxpuppe im Big Bob Stil | Daisho","isPartOf":{"@id":"https:\/\/www.daisho.be\/de\/#website"},"primaryImageOfPage":{"@id":"https:\/\/www.daisho.be\/de\/produit\/boxpuppe\/#primaryimage"},"image":{"@id":"https:\/\/www.daisho.be\/de\/produit\/boxpuppe\/#primaryimage"},"thumbnailUrl":"https:\/\/www.daisho.be\/wp-content\/uploads\/2023\/10\/image-26.jpg","datePublished":"2021-01-04T09:44:34+00:00","dateModified":"2025-11-20T11:12:55+00:00","description":"Mit dem Boxsack im Big Bob-Stil k\u00f6nnen Sie an einer fast echten Zielscheibe trainieren. Entdecken Sie ihn bei Daisho","breadcrumb":{"@id":"https:\/\/www.daisho.be\/de\/produit\/boxpuppe\/#breadcrumb"},"inLanguage":"de","potentialAction":[{"@type":"ReadAction","target":["https:\/\/www.daisho.be\/de\/produit\/boxpuppe\/"]}]},{"@type":"ImageObject","inLanguage":"de","@id":"https:\/\/www.daisho.be\/de\/produit\/boxpuppe\/#primaryimage","url":"https:\/\/www.daisho.be\/wp-content\/uploads\/2023\/10\/image-26.jpg","contentUrl":"https:\/\/www.daisho.be\/wp-content\/uploads\/2023\/10\/image-26.jpg","width":468,"height":468,"caption":"Boxpuppe-1"},{"@type":"BreadcrumbList","@id":"https:\/\/www.daisho.be\/de\/produit\/boxpuppe\/#breadcrumb","itemListElement":[{"@type":"ListItem","position":1,"name":"Accueil","item":"https:\/\/www.daisho.be\/de\/"},{"@type":"ListItem","position":2,"name":"Produkte","item":"https:\/\/www.daisho.be\/de\/produkte\/"},{"@type":"ListItem","position":3,"name":"Ausr\u00fcstung und Kleidung f\u00fcr Kampfkunst und Kampfsport","item":"https:\/\/www.daisho.be\/de\/categorie-produit\/ausrustung-und-kleidung-fur-kampfkunst-und-kampfsport\/"},{"@type":"ListItem","position":4,"name":"Kick Boxing","item":"https:\/\/www.daisho.be\/de\/categorie-produit\/ausrustung-und-kleidung-fur-kampfkunst-und-kampfsport\/kick-boxing-de-2\/"},{"@type":"ListItem","position":5,"name":"Kick-Boxing Trainingsmaterial","item":"https:\/\/www.daisho.be\/de\/categorie-produit\/ausrustung-und-kleidung-fur-kampfkunst-und-kampfsport\/kick-boxing-de-2\/kick-boxing-trainingsmaterial\/"},{"@type":"ListItem","position":6,"name":"Boxpuppe"}]},{"@type":"WebSite","@id":"https:\/\/www.daisho.be\/de\/#website","url":"https:\/\/www.daisho.be\/de\/","name":"Daisho","description":"Sp&eacute;cialiste de l'&eacute;quipement sportif d'arts martiaux","publisher":{"@id":"https:\/\/www.daisho.be\/de\/#organization"},"potentialAction":[{"@type":"SearchAction","target":{"@type":"EntryPoint","urlTemplate":"https:\/\/www.daisho.be\/de\/?s={search_term_string}"},"query-input":{"@type":"PropertyValueSpecification","valueRequired":true,"valueName":"search_term_string"}}],"inLanguage":"de"},{"@type":"Organization","@id":"https:\/\/www.daisho.be\/de\/#organization","name":"Daisho","url":"https:\/\/www.daisho.be\/de\/","logo":{"@type":"ImageObject","inLanguage":"de","@id":"https:\/\/www.daisho.be\/de\/#\/schema\/logo\/image\/","url":"https:\/\/www.daisho.be\/wp-content\/uploads\/2019\/07\/color-nothing-horizontale4x-e1564486100247.png","contentUrl":"https:\/\/www.daisho.be\/wp-content\/uploads\/2019\/07\/color-nothing-horizontale4x-e1564486100247.png","width":1547,"height":385,"caption":"Daisho"},"image":{"@id":"https:\/\/www.daisho.be\/de\/#\/schema\/logo\/image\/"}}]}},"_links":{"self":[{"href":"https:\/\/www.daisho.be\/de\/wp-json\/wp\/v2\/product\/454667","targetHints":{"allow":["GET"]}}],"collection":[{"href":"https:\/\/www.daisho.be\/de\/wp-json\/wp\/v2\/product"}],"about":[{"href":"https:\/\/www.daisho.be\/de\/wp-json\/wp\/v2\/types\/product"}],"replies":[{"embeddable":true,"href":"https:\/\/www.daisho.be\/de\/wp-json\/wp\/v2\/comments?post=454667"}],"wp:featuredmedia":[{"embeddable":true,"href":"https:\/\/www.daisho.be\/de\/wp-json\/wp\/v2\/media\/454668"}],"wp:attachment":[{"href":"https:\/\/www.daisho.be\/de\/wp-json\/wp\/v2\/media?parent=454667"}],"wp:term":[{"taxonomy":"product_brand","embeddable":true,"href":"https:\/\/www.daisho.be\/de\/wp-json\/wp\/v2\/product_brand?post=454667"},{"taxonomy":"product_cat","embeddable":true,"href":"https:\/\/www.daisho.be\/de\/wp-json\/wp\/v2\/product_cat?post=454667"},{"taxonomy":"product_tag","embeddable":true,"href":"https:\/\/www.daisho.be\/de\/wp-json\/wp\/v2\/product_tag?post=454667"},{"taxonomy":"sport","embeddable":true,"href":"https:\/\/www.daisho.be\/de\/wp-json\/wp\/v2\/sport?post=454667"}],"curies":[{"name":"wp","href":"https:\/\/api.w.org\/{rel}","templated":true}]}}