{"id":454593,"date":"2021-01-06T15:55:59","date_gmt":"2021-01-06T14:55:59","guid":{"rendered":"https:\/\/www.daisho.be\/produit\/rhinoc-gear-fresh-reinigungsspray-150-ml\/"},"modified":"2021-01-06T15:55:59","modified_gmt":"2021-01-06T14:55:59","slug":"rhinoc-gear-fresh-reinigungsspray-150-ml","status":"publish","type":"product","link":"https:\/\/www.daisho.be\/de\/produit\/rhinoc-gear-fresh-reinigungsspray-150-ml\/","title":{"rendered":"Rhinoc Gear Fresh Reinigungsspray 150 ML"},"content":{"rendered":"<p>Biologisches Sportspray, das speziell f\u00fcr die sichere, schnelle und effektive Reduzierung von Feuchtigkeits- und Schwei\u00dfgeruch von Sportger\u00e4ten, die nicht in der Waschmaschine gewaschen werden k\u00f6nnen, entwickelt wurde. Ideal f\u00fcr Sportschuhe, Schalen, Handschuhe, Helme, Sporttaschen, &#8230; Die Probiotika verbessern das Klima und reduzieren aktiv das Risiko von Pilzen und Infektionen. Eigenschaften: &#8211; f\u00fcr alle Materialien geeignet, &#8211; sichere und biologische Geruchsneutralisierung, &#8211; auf Basis von Probiotika (ProBio), &#8211; biologisch abbaubar, &#8211; nicht sch\u00e4dlich f\u00fcr Mensch und Umwelt, &#8211; verl\u00e4ngert die Lebensdauer der Materialien,<br \/>\n&#8211; hochkonzentriert,<br \/>\n&#8211; frischer Duft<br \/>\n&#8211; einfach zu verwenden,<br \/>\n&#8211; universell einsetzbar.<\/p>\n","protected":false},"excerpt":{"rendered":"<p>Biologisches Sportspray, das speziell f\u00fcr die sichere, schnelle und effektive Reduzierung von Feuchtigkeits- und Schwei\u00dfgeruch von Sportger\u00e4ten, die nicht in der Waschmaschine gewaschen werden k\u00f6nnen, entwickelt wurde. Ideal f\u00fcr Sportschuhe, Schalen, Handschuhe, Helme, Sporttaschen, &#8230; Die Probiotika verbessern das Klima und reduzieren aktiv das Risiko von Pilzen und Infektionen. Eigenschaften: &#8211; f\u00fcr alle Materialien geeignet, [&hellip;]<\/p>\n","protected":false},"featured_media":454597,"comment_status":"open","ping_status":"closed","template":"","meta":{"inline_featured_image":false},"product_brand":[],"product_cat":[2022,2056,2017],"product_tag":[2018],"sport":[],"class_list":{"0":"post-454593","1":"product","2":"type-product","3":"status-publish","4":"has-post-thumbnail","6":"product_cat-karate-bekleidung","7":"product_cat-kick-boxing-trainingsmaterial","8":"product_cat-pflegeprodukte","9":"product_tag-rhinoc-sport-de","10":"pa_size-sans-taille-defaut","12":"first","13":"instock","14":"taxable","15":"shipping-taxable","16":"purchasable","17":"product-type-variable"},"yoast_head":"<!-- This site is optimized with the Yoast SEO plugin v27.2 - https:\/\/yoast.com\/product\/yoast-seo-wordpress\/ -->\n<title>Rhinoc Gear Fresh Reinigungsspray 150 ML &#8211; Daisho<\/title>\n<meta name=\"robots\" content=\"index, follow, max-snippet:-1, max-image-preview:large, max-video-preview:-1\" \/>\n<link rel=\"canonical\" href=\"https:\/\/www.daisho.be\/de\/produit\/rhinoc-gear-fresh-reinigungsspray-150-ml\/\" \/>\n<meta property=\"og:locale\" content=\"de_DE\" \/>\n<meta property=\"og:type\" content=\"article\" \/>\n<meta property=\"og:title\" content=\"Rhinoc Gear Fresh Reinigungsspray 150 ML &#8211; Daisho\" \/>\n<meta property=\"og:description\" content=\"Biologisches Sportspray, das speziell f\u00fcr die sichere, schnelle und effektive Reduzierung von Feuchtigkeits- und Schwei\u00dfgeruch von Sportger\u00e4ten, die nicht in der Waschmaschine gewaschen werden k\u00f6nnen, entwickelt wurde. Ideal f\u00fcr Sportschuhe, Schalen, Handschuhe, Helme, Sporttaschen, &#8230; Die Probiotika verbessern das Klima und reduzieren aktiv das Risiko von Pilzen und Infektionen. Eigenschaften: &#8211; f\u00fcr alle Materialien geeignet, [&hellip;]\" \/>\n<meta property=\"og:url\" content=\"https:\/\/www.daisho.be\/de\/produit\/rhinoc-gear-fresh-reinigungsspray-150-ml\/\" \/>\n<meta property=\"og:site_name\" content=\"Daisho\" \/>\n<meta property=\"og:image\" content=\"https:\/\/www.daisho.be\/wp-content\/uploads\/2022\/01\/image-29.jpg\" \/>\n\t<meta property=\"og:image:width\" content=\"384\" \/>\n\t<meta property=\"og:image:height\" content=\"543\" \/>\n\t<meta property=\"og:image:type\" content=\"image\/jpeg\" \/>\n<meta name=\"twitter:card\" content=\"summary_large_image\" \/>\n<meta name=\"twitter:label1\" content=\"Gesch\u00e4tzte Lesezeit\" \/>\n\t<meta name=\"twitter:data1\" content=\"1\u00a0Minute\" \/>\n<script type=\"application\/ld+json\" class=\"yoast-schema-graph\">{\"@context\":\"https:\/\/schema.org\",\"@graph\":[{\"@type\":\"WebPage\",\"@id\":\"https:\/\/www.daisho.be\/de\/produit\/rhinoc-gear-fresh-reinigungsspray-150-ml\/\",\"url\":\"https:\/\/www.daisho.be\/de\/produit\/rhinoc-gear-fresh-reinigungsspray-150-ml\/\",\"name\":\"Rhinoc Gear Fresh Reinigungsspray 150 ML &#8211; Daisho\",\"isPartOf\":{\"@id\":\"https:\/\/www.daisho.be\/de\/#website\"},\"primaryImageOfPage\":{\"@id\":\"https:\/\/www.daisho.be\/de\/produit\/rhinoc-gear-fresh-reinigungsspray-150-ml\/#primaryimage\"},\"image\":{\"@id\":\"https:\/\/www.daisho.be\/de\/produit\/rhinoc-gear-fresh-reinigungsspray-150-ml\/#primaryimage\"},\"thumbnailUrl\":\"https:\/\/www.daisho.be\/wp-content\/uploads\/2022\/01\/image-29.jpg\",\"datePublished\":\"2021-01-06T14:55:59+00:00\",\"breadcrumb\":{\"@id\":\"https:\/\/www.daisho.be\/de\/produit\/rhinoc-gear-fresh-reinigungsspray-150-ml\/#breadcrumb\"},\"inLanguage\":\"de\",\"potentialAction\":[{\"@type\":\"ReadAction\",\"target\":[\"https:\/\/www.daisho.be\/de\/produit\/rhinoc-gear-fresh-reinigungsspray-150-ml\/\"]}]},{\"@type\":\"ImageObject\",\"inLanguage\":\"de\",\"@id\":\"https:\/\/www.daisho.be\/de\/produit\/rhinoc-gear-fresh-reinigungsspray-150-ml\/#primaryimage\",\"url\":\"https:\/\/www.daisho.be\/wp-content\/uploads\/2022\/01\/image-29.jpg\",\"contentUrl\":\"https:\/\/www.daisho.be\/wp-content\/uploads\/2022\/01\/image-29.jpg\",\"width\":384,\"height\":543},{\"@type\":\"BreadcrumbList\",\"@id\":\"https:\/\/www.daisho.be\/de\/produit\/rhinoc-gear-fresh-reinigungsspray-150-ml\/#breadcrumb\",\"itemListElement\":[{\"@type\":\"ListItem\",\"position\":1,\"name\":\"Accueil\",\"item\":\"https:\/\/www.daisho.be\/de\/\"},{\"@type\":\"ListItem\",\"position\":2,\"name\":\"Produkte\",\"item\":\"https:\/\/www.daisho.be\/de\/produkte\/\"},{\"@type\":\"ListItem\",\"position\":3,\"name\":\"Ausr\u00fcstung und Kleidung f\u00fcr Kampfkunst und Kampfsport\",\"item\":\"https:\/\/www.daisho.be\/de\/categorie-produit\/ausrustung-und-kleidung-fur-kampfkunst-und-kampfsport\/\"},{\"@type\":\"ListItem\",\"position\":4,\"name\":\"Karate\",\"item\":\"https:\/\/www.daisho.be\/de\/categorie-produit\/ausrustung-und-kleidung-fur-kampfkunst-und-kampfsport\/karate-de-2\/\"},{\"@type\":\"ListItem\",\"position\":5,\"name\":\"Karate-Bekleidung\",\"item\":\"https:\/\/www.daisho.be\/de\/categorie-produit\/ausrustung-und-kleidung-fur-kampfkunst-und-kampfsport\/karate-de-2\/karate-bekleidung\/\"},{\"@type\":\"ListItem\",\"position\":6,\"name\":\"Rhinoc Gear Fresh Reinigungsspray 150 ML\"}]},{\"@type\":\"WebSite\",\"@id\":\"https:\/\/www.daisho.be\/de\/#website\",\"url\":\"https:\/\/www.daisho.be\/de\/\",\"name\":\"Daisho\",\"description\":\"Sp&eacute;cialiste de l'&eacute;quipement sportif d'arts martiaux\",\"publisher\":{\"@id\":\"https:\/\/www.daisho.be\/de\/#organization\"},\"potentialAction\":[{\"@type\":\"SearchAction\",\"target\":{\"@type\":\"EntryPoint\",\"urlTemplate\":\"https:\/\/www.daisho.be\/de\/?s={search_term_string}\"},\"query-input\":{\"@type\":\"PropertyValueSpecification\",\"valueRequired\":true,\"valueName\":\"search_term_string\"}}],\"inLanguage\":\"de\"},{\"@type\":\"Organization\",\"@id\":\"https:\/\/www.daisho.be\/de\/#organization\",\"name\":\"Daisho\",\"url\":\"https:\/\/www.daisho.be\/de\/\",\"logo\":{\"@type\":\"ImageObject\",\"inLanguage\":\"de\",\"@id\":\"https:\/\/www.daisho.be\/de\/#\/schema\/logo\/image\/\",\"url\":\"https:\/\/www.daisho.be\/wp-content\/uploads\/2019\/07\/color-nothing-horizontale4x-e1564486100247.png\",\"contentUrl\":\"https:\/\/www.daisho.be\/wp-content\/uploads\/2019\/07\/color-nothing-horizontale4x-e1564486100247.png\",\"width\":1547,\"height\":385,\"caption\":\"Daisho\"},\"image\":{\"@id\":\"https:\/\/www.daisho.be\/de\/#\/schema\/logo\/image\/\"}}]}<\/script>\n<!-- \/ Yoast SEO plugin. -->","yoast_head_json":{"title":"Rhinoc Gear Fresh Reinigungsspray 150 ML &#8211; Daisho","robots":{"index":"index","follow":"follow","max-snippet":"max-snippet:-1","max-image-preview":"max-image-preview:large","max-video-preview":"max-video-preview:-1"},"canonical":"https:\/\/www.daisho.be\/de\/produit\/rhinoc-gear-fresh-reinigungsspray-150-ml\/","og_locale":"de_DE","og_type":"article","og_title":"Rhinoc Gear Fresh Reinigungsspray 150 ML &#8211; Daisho","og_description":"Biologisches Sportspray, das speziell f\u00fcr die sichere, schnelle und effektive Reduzierung von Feuchtigkeits- und Schwei\u00dfgeruch von Sportger\u00e4ten, die nicht in der Waschmaschine gewaschen werden k\u00f6nnen, entwickelt wurde. Ideal f\u00fcr Sportschuhe, Schalen, Handschuhe, Helme, Sporttaschen, &#8230; Die Probiotika verbessern das Klima und reduzieren aktiv das Risiko von Pilzen und Infektionen. Eigenschaften: &#8211; f\u00fcr alle Materialien geeignet, [&hellip;]","og_url":"https:\/\/www.daisho.be\/de\/produit\/rhinoc-gear-fresh-reinigungsspray-150-ml\/","og_site_name":"Daisho","og_image":[{"width":384,"height":543,"url":"https:\/\/www.daisho.be\/wp-content\/uploads\/2022\/01\/image-29.jpg","type":"image\/jpeg"}],"twitter_card":"summary_large_image","twitter_misc":{"Gesch\u00e4tzte Lesezeit":"1\u00a0Minute"},"schema":{"@context":"https:\/\/schema.org","@graph":[{"@type":"WebPage","@id":"https:\/\/www.daisho.be\/de\/produit\/rhinoc-gear-fresh-reinigungsspray-150-ml\/","url":"https:\/\/www.daisho.be\/de\/produit\/rhinoc-gear-fresh-reinigungsspray-150-ml\/","name":"Rhinoc Gear Fresh Reinigungsspray 150 ML &#8211; Daisho","isPartOf":{"@id":"https:\/\/www.daisho.be\/de\/#website"},"primaryImageOfPage":{"@id":"https:\/\/www.daisho.be\/de\/produit\/rhinoc-gear-fresh-reinigungsspray-150-ml\/#primaryimage"},"image":{"@id":"https:\/\/www.daisho.be\/de\/produit\/rhinoc-gear-fresh-reinigungsspray-150-ml\/#primaryimage"},"thumbnailUrl":"https:\/\/www.daisho.be\/wp-content\/uploads\/2022\/01\/image-29.jpg","datePublished":"2021-01-06T14:55:59+00:00","breadcrumb":{"@id":"https:\/\/www.daisho.be\/de\/produit\/rhinoc-gear-fresh-reinigungsspray-150-ml\/#breadcrumb"},"inLanguage":"de","potentialAction":[{"@type":"ReadAction","target":["https:\/\/www.daisho.be\/de\/produit\/rhinoc-gear-fresh-reinigungsspray-150-ml\/"]}]},{"@type":"ImageObject","inLanguage":"de","@id":"https:\/\/www.daisho.be\/de\/produit\/rhinoc-gear-fresh-reinigungsspray-150-ml\/#primaryimage","url":"https:\/\/www.daisho.be\/wp-content\/uploads\/2022\/01\/image-29.jpg","contentUrl":"https:\/\/www.daisho.be\/wp-content\/uploads\/2022\/01\/image-29.jpg","width":384,"height":543},{"@type":"BreadcrumbList","@id":"https:\/\/www.daisho.be\/de\/produit\/rhinoc-gear-fresh-reinigungsspray-150-ml\/#breadcrumb","itemListElement":[{"@type":"ListItem","position":1,"name":"Accueil","item":"https:\/\/www.daisho.be\/de\/"},{"@type":"ListItem","position":2,"name":"Produkte","item":"https:\/\/www.daisho.be\/de\/produkte\/"},{"@type":"ListItem","position":3,"name":"Ausr\u00fcstung und Kleidung f\u00fcr Kampfkunst und Kampfsport","item":"https:\/\/www.daisho.be\/de\/categorie-produit\/ausrustung-und-kleidung-fur-kampfkunst-und-kampfsport\/"},{"@type":"ListItem","position":4,"name":"Karate","item":"https:\/\/www.daisho.be\/de\/categorie-produit\/ausrustung-und-kleidung-fur-kampfkunst-und-kampfsport\/karate-de-2\/"},{"@type":"ListItem","position":5,"name":"Karate-Bekleidung","item":"https:\/\/www.daisho.be\/de\/categorie-produit\/ausrustung-und-kleidung-fur-kampfkunst-und-kampfsport\/karate-de-2\/karate-bekleidung\/"},{"@type":"ListItem","position":6,"name":"Rhinoc Gear Fresh Reinigungsspray 150 ML"}]},{"@type":"WebSite","@id":"https:\/\/www.daisho.be\/de\/#website","url":"https:\/\/www.daisho.be\/de\/","name":"Daisho","description":"Sp&eacute;cialiste de l'&eacute;quipement sportif d'arts martiaux","publisher":{"@id":"https:\/\/www.daisho.be\/de\/#organization"},"potentialAction":[{"@type":"SearchAction","target":{"@type":"EntryPoint","urlTemplate":"https:\/\/www.daisho.be\/de\/?s={search_term_string}"},"query-input":{"@type":"PropertyValueSpecification","valueRequired":true,"valueName":"search_term_string"}}],"inLanguage":"de"},{"@type":"Organization","@id":"https:\/\/www.daisho.be\/de\/#organization","name":"Daisho","url":"https:\/\/www.daisho.be\/de\/","logo":{"@type":"ImageObject","inLanguage":"de","@id":"https:\/\/www.daisho.be\/de\/#\/schema\/logo\/image\/","url":"https:\/\/www.daisho.be\/wp-content\/uploads\/2019\/07\/color-nothing-horizontale4x-e1564486100247.png","contentUrl":"https:\/\/www.daisho.be\/wp-content\/uploads\/2019\/07\/color-nothing-horizontale4x-e1564486100247.png","width":1547,"height":385,"caption":"Daisho"},"image":{"@id":"https:\/\/www.daisho.be\/de\/#\/schema\/logo\/image\/"}}]}},"_links":{"self":[{"href":"https:\/\/www.daisho.be\/de\/wp-json\/wp\/v2\/product\/454593","targetHints":{"allow":["GET"]}}],"collection":[{"href":"https:\/\/www.daisho.be\/de\/wp-json\/wp\/v2\/product"}],"about":[{"href":"https:\/\/www.daisho.be\/de\/wp-json\/wp\/v2\/types\/product"}],"replies":[{"embeddable":true,"href":"https:\/\/www.daisho.be\/de\/wp-json\/wp\/v2\/comments?post=454593"}],"wp:featuredmedia":[{"embeddable":true,"href":"https:\/\/www.daisho.be\/de\/wp-json\/wp\/v2\/media\/454597"}],"wp:attachment":[{"href":"https:\/\/www.daisho.be\/de\/wp-json\/wp\/v2\/media?parent=454593"}],"wp:term":[{"taxonomy":"product_brand","embeddable":true,"href":"https:\/\/www.daisho.be\/de\/wp-json\/wp\/v2\/product_brand?post=454593"},{"taxonomy":"product_cat","embeddable":true,"href":"https:\/\/www.daisho.be\/de\/wp-json\/wp\/v2\/product_cat?post=454593"},{"taxonomy":"product_tag","embeddable":true,"href":"https:\/\/www.daisho.be\/de\/wp-json\/wp\/v2\/product_tag?post=454593"},{"taxonomy":"sport","embeddable":true,"href":"https:\/\/www.daisho.be\/de\/wp-json\/wp\/v2\/sport?post=454593"}],"curies":[{"name":"wp","href":"https:\/\/api.w.org\/{rel}","templated":true}]}}