{"id":454582,"date":"2021-01-06T16:09:49","date_gmt":"2021-01-06T15:09:49","guid":{"rendered":"https:\/\/www.daisho.be\/produit\/taekwondo-zielscheibe-einfach-blau\/"},"modified":"2026-01-29T15:23:45","modified_gmt":"2026-01-29T14:23:45","slug":"taekwondo-zielscheibe-einfach-blau","status":"publish","type":"product","link":"https:\/\/www.daisho.be\/de\/produit\/taekwondo-zielscheibe-einfach-blau\/","title":{"rendered":"TAEKWONDO-ZIELSCHEIBE EINFACH &#8211; BLAU"},"content":{"rendered":"<p>Taekwondo-Scheibe zum Trainieren von Pr\u00e4zisionsschl\u00e4gen.<br \/>\nAuch geeignet f\u00fcr andere Kampfsportarten wie Karate &#8230;<br \/>\nL\u00e4nge: +\/- 40 cm.<br \/>\nFarbe: Blau.<br \/>\nMit Kunstleder \u00fcberzogen.<br \/>\nStabil und langlebig.<\/p>\n","protected":false},"excerpt":{"rendered":"<p>Taekwondo-Scheibe zum Trainieren von Pr\u00e4zisionsschl\u00e4gen. Auch geeignet f\u00fcr andere Kampfsportarten wie Karate &#8230; L\u00e4nge: +\/- 40 cm. Farbe: Blau. Mit Kunstleder \u00fcberzogen. Stabil und langlebig.<\/p>\n","protected":false},"featured_media":454586,"comment_status":"closed","ping_status":"closed","template":"","meta":{"inline_featured_image":false},"product_brand":[],"product_cat":[2055,2027,2054],"product_tag":[2053],"sport":[73,455,79],"class_list":{"0":"post-454582","1":"product","2":"type-product","3":"status-publish","4":"has-post-thumbnail","6":"product_cat-karate-trainingsmaterial","7":"product_cat-taekwondo-trainingsmaterial","8":"product_cat-trainingsmaterial","9":"product_tag-daisho-de","10":"pa_size-sans-taille","11":"sport-karate","12":"sport-muay-thai","13":"sport-taekwondo","15":"first","16":"outofstock","17":"taxable","18":"shipping-taxable","19":"purchasable","20":"product-type-simple"},"yoast_head":"<!-- This site is optimized with the Yoast SEO plugin v27.2 - https:\/\/yoast.com\/product\/yoast-seo-wordpress\/ -->\n<title>Zielscheibe f\u00fcr Taekwondo-Schl\u00e4ger, einfach, blau | Daisho<\/title>\n<meta name=\"description\" content=\"Die Taekwondo-Zielscheibe oder der Taekwondo-Schl\u00e4ger ist ideal, um die Pr\u00e4zision der Schl\u00e4ge und Tritte zu trainieren. Sie finden es im Daisho-Shop\" \/>\n<meta name=\"robots\" content=\"index, follow, max-snippet:-1, max-image-preview:large, max-video-preview:-1\" \/>\n<link rel=\"canonical\" href=\"https:\/\/www.daisho.be\/de\/produit\/taekwondo-zielscheibe-einfach-blau\/\" \/>\n<meta property=\"og:locale\" content=\"de_DE\" \/>\n<meta property=\"og:type\" content=\"article\" \/>\n<meta property=\"og:title\" content=\"Zielscheibe f\u00fcr Taekwondo-Schl\u00e4ger, einfach, blau | Daisho\" \/>\n<meta property=\"og:description\" content=\"Die Taekwondo-Zielscheibe oder der Taekwondo-Schl\u00e4ger ist ideal, um die Pr\u00e4zision der Schl\u00e4ge und Tritte zu trainieren. Sie finden es im Daisho-Shop\" \/>\n<meta property=\"og:url\" content=\"https:\/\/www.daisho.be\/de\/produit\/taekwondo-zielscheibe-einfach-blau\/\" \/>\n<meta property=\"og:site_name\" content=\"Daisho\" \/>\n<meta property=\"article:modified_time\" content=\"2026-01-29T14:23:45+00:00\" \/>\n<meta property=\"og:image\" content=\"https:\/\/www.daisho.be\/wp-content\/uploads\/2024\/01\/image-87-scaled.jpg\" \/>\n\t<meta property=\"og:image:width\" content=\"1536\" \/>\n\t<meta property=\"og:image:height\" content=\"2048\" \/>\n\t<meta property=\"og:image:type\" content=\"image\/jpeg\" \/>\n<meta name=\"twitter:card\" content=\"summary_large_image\" \/>\n<script type=\"application\/ld+json\" class=\"yoast-schema-graph\">{\"@context\":\"https:\/\/schema.org\",\"@graph\":[{\"@type\":\"WebPage\",\"@id\":\"https:\/\/www.daisho.be\/de\/produit\/taekwondo-zielscheibe-einfach-blau\/\",\"url\":\"https:\/\/www.daisho.be\/de\/produit\/taekwondo-zielscheibe-einfach-blau\/\",\"name\":\"Zielscheibe f\u00fcr Taekwondo-Schl\u00e4ger, einfach, blau | Daisho\",\"isPartOf\":{\"@id\":\"https:\/\/www.daisho.be\/de\/#website\"},\"primaryImageOfPage\":{\"@id\":\"https:\/\/www.daisho.be\/de\/produit\/taekwondo-zielscheibe-einfach-blau\/#primaryimage\"},\"image\":{\"@id\":\"https:\/\/www.daisho.be\/de\/produit\/taekwondo-zielscheibe-einfach-blau\/#primaryimage\"},\"thumbnailUrl\":\"https:\/\/www.daisho.be\/wp-content\/uploads\/2024\/01\/image-87-scaled.jpg\",\"datePublished\":\"2021-01-06T15:09:49+00:00\",\"dateModified\":\"2026-01-29T14:23:45+00:00\",\"description\":\"Die Taekwondo-Zielscheibe oder der Taekwondo-Schl\u00e4ger ist ideal, um die Pr\u00e4zision der Schl\u00e4ge und Tritte zu trainieren. Sie finden es im Daisho-Shop\",\"breadcrumb\":{\"@id\":\"https:\/\/www.daisho.be\/de\/produit\/taekwondo-zielscheibe-einfach-blau\/#breadcrumb\"},\"inLanguage\":\"de\",\"potentialAction\":[{\"@type\":\"ReadAction\",\"target\":[\"https:\/\/www.daisho.be\/de\/produit\/taekwondo-zielscheibe-einfach-blau\/\"]}]},{\"@type\":\"ImageObject\",\"inLanguage\":\"de\",\"@id\":\"https:\/\/www.daisho.be\/de\/produit\/taekwondo-zielscheibe-einfach-blau\/#primaryimage\",\"url\":\"https:\/\/www.daisho.be\/wp-content\/uploads\/2024\/01\/image-87-scaled.jpg\",\"contentUrl\":\"https:\/\/www.daisho.be\/wp-content\/uploads\/2024\/01\/image-87-scaled.jpg\",\"width\":1536,\"height\":2048},{\"@type\":\"BreadcrumbList\",\"@id\":\"https:\/\/www.daisho.be\/de\/produit\/taekwondo-zielscheibe-einfach-blau\/#breadcrumb\",\"itemListElement\":[{\"@type\":\"ListItem\",\"position\":1,\"name\":\"Accueil\",\"item\":\"https:\/\/www.daisho.be\/de\/\"},{\"@type\":\"ListItem\",\"position\":2,\"name\":\"Produkte\",\"item\":\"https:\/\/www.daisho.be\/de\/produkte\/\"},{\"@type\":\"ListItem\",\"position\":3,\"name\":\"Ausr\u00fcstung und Kleidung f\u00fcr Kampfkunst und Kampfsport\",\"item\":\"https:\/\/www.daisho.be\/de\/categorie-produit\/ausrustung-und-kleidung-fur-kampfkunst-und-kampfsport\/\"},{\"@type\":\"ListItem\",\"position\":4,\"name\":\"Karate\",\"item\":\"https:\/\/www.daisho.be\/de\/categorie-produit\/ausrustung-und-kleidung-fur-kampfkunst-und-kampfsport\/karate-de-2\/\"},{\"@type\":\"ListItem\",\"position\":5,\"name\":\"Karate Trainingsmaterial\",\"item\":\"https:\/\/www.daisho.be\/de\/categorie-produit\/ausrustung-und-kleidung-fur-kampfkunst-und-kampfsport\/karate-de-2\/karate-trainingsmaterial\/\"},{\"@type\":\"ListItem\",\"position\":6,\"name\":\"TAEKWONDO-ZIELSCHEIBE EINFACH &#8211; BLAU\"}]},{\"@type\":\"WebSite\",\"@id\":\"https:\/\/www.daisho.be\/de\/#website\",\"url\":\"https:\/\/www.daisho.be\/de\/\",\"name\":\"Daisho\",\"description\":\"Sp&eacute;cialiste de l'&eacute;quipement sportif d'arts martiaux\",\"publisher\":{\"@id\":\"https:\/\/www.daisho.be\/de\/#organization\"},\"potentialAction\":[{\"@type\":\"SearchAction\",\"target\":{\"@type\":\"EntryPoint\",\"urlTemplate\":\"https:\/\/www.daisho.be\/de\/?s={search_term_string}\"},\"query-input\":{\"@type\":\"PropertyValueSpecification\",\"valueRequired\":true,\"valueName\":\"search_term_string\"}}],\"inLanguage\":\"de\"},{\"@type\":\"Organization\",\"@id\":\"https:\/\/www.daisho.be\/de\/#organization\",\"name\":\"Daisho\",\"url\":\"https:\/\/www.daisho.be\/de\/\",\"logo\":{\"@type\":\"ImageObject\",\"inLanguage\":\"de\",\"@id\":\"https:\/\/www.daisho.be\/de\/#\/schema\/logo\/image\/\",\"url\":\"https:\/\/www.daisho.be\/wp-content\/uploads\/2019\/07\/color-nothing-horizontale4x-e1564486100247.png\",\"contentUrl\":\"https:\/\/www.daisho.be\/wp-content\/uploads\/2019\/07\/color-nothing-horizontale4x-e1564486100247.png\",\"width\":1547,\"height\":385,\"caption\":\"Daisho\"},\"image\":{\"@id\":\"https:\/\/www.daisho.be\/de\/#\/schema\/logo\/image\/\"}}]}<\/script>\n<!-- \/ Yoast SEO plugin. -->","yoast_head_json":{"title":"Zielscheibe f\u00fcr Taekwondo-Schl\u00e4ger, einfach, blau | Daisho","description":"Die Taekwondo-Zielscheibe oder der Taekwondo-Schl\u00e4ger ist ideal, um die Pr\u00e4zision der Schl\u00e4ge und Tritte zu trainieren. Sie finden es im Daisho-Shop","robots":{"index":"index","follow":"follow","max-snippet":"max-snippet:-1","max-image-preview":"max-image-preview:large","max-video-preview":"max-video-preview:-1"},"canonical":"https:\/\/www.daisho.be\/de\/produit\/taekwondo-zielscheibe-einfach-blau\/","og_locale":"de_DE","og_type":"article","og_title":"Zielscheibe f\u00fcr Taekwondo-Schl\u00e4ger, einfach, blau | Daisho","og_description":"Die Taekwondo-Zielscheibe oder der Taekwondo-Schl\u00e4ger ist ideal, um die Pr\u00e4zision der Schl\u00e4ge und Tritte zu trainieren. Sie finden es im Daisho-Shop","og_url":"https:\/\/www.daisho.be\/de\/produit\/taekwondo-zielscheibe-einfach-blau\/","og_site_name":"Daisho","article_modified_time":"2026-01-29T14:23:45+00:00","og_image":[{"width":1536,"height":2048,"url":"https:\/\/www.daisho.be\/wp-content\/uploads\/2024\/01\/image-87-scaled.jpg","type":"image\/jpeg"}],"twitter_card":"summary_large_image","schema":{"@context":"https:\/\/schema.org","@graph":[{"@type":"WebPage","@id":"https:\/\/www.daisho.be\/de\/produit\/taekwondo-zielscheibe-einfach-blau\/","url":"https:\/\/www.daisho.be\/de\/produit\/taekwondo-zielscheibe-einfach-blau\/","name":"Zielscheibe f\u00fcr Taekwondo-Schl\u00e4ger, einfach, blau | Daisho","isPartOf":{"@id":"https:\/\/www.daisho.be\/de\/#website"},"primaryImageOfPage":{"@id":"https:\/\/www.daisho.be\/de\/produit\/taekwondo-zielscheibe-einfach-blau\/#primaryimage"},"image":{"@id":"https:\/\/www.daisho.be\/de\/produit\/taekwondo-zielscheibe-einfach-blau\/#primaryimage"},"thumbnailUrl":"https:\/\/www.daisho.be\/wp-content\/uploads\/2024\/01\/image-87-scaled.jpg","datePublished":"2021-01-06T15:09:49+00:00","dateModified":"2026-01-29T14:23:45+00:00","description":"Die Taekwondo-Zielscheibe oder der Taekwondo-Schl\u00e4ger ist ideal, um die Pr\u00e4zision der Schl\u00e4ge und Tritte zu trainieren. Sie finden es im Daisho-Shop","breadcrumb":{"@id":"https:\/\/www.daisho.be\/de\/produit\/taekwondo-zielscheibe-einfach-blau\/#breadcrumb"},"inLanguage":"de","potentialAction":[{"@type":"ReadAction","target":["https:\/\/www.daisho.be\/de\/produit\/taekwondo-zielscheibe-einfach-blau\/"]}]},{"@type":"ImageObject","inLanguage":"de","@id":"https:\/\/www.daisho.be\/de\/produit\/taekwondo-zielscheibe-einfach-blau\/#primaryimage","url":"https:\/\/www.daisho.be\/wp-content\/uploads\/2024\/01\/image-87-scaled.jpg","contentUrl":"https:\/\/www.daisho.be\/wp-content\/uploads\/2024\/01\/image-87-scaled.jpg","width":1536,"height":2048},{"@type":"BreadcrumbList","@id":"https:\/\/www.daisho.be\/de\/produit\/taekwondo-zielscheibe-einfach-blau\/#breadcrumb","itemListElement":[{"@type":"ListItem","position":1,"name":"Accueil","item":"https:\/\/www.daisho.be\/de\/"},{"@type":"ListItem","position":2,"name":"Produkte","item":"https:\/\/www.daisho.be\/de\/produkte\/"},{"@type":"ListItem","position":3,"name":"Ausr\u00fcstung und Kleidung f\u00fcr Kampfkunst und Kampfsport","item":"https:\/\/www.daisho.be\/de\/categorie-produit\/ausrustung-und-kleidung-fur-kampfkunst-und-kampfsport\/"},{"@type":"ListItem","position":4,"name":"Karate","item":"https:\/\/www.daisho.be\/de\/categorie-produit\/ausrustung-und-kleidung-fur-kampfkunst-und-kampfsport\/karate-de-2\/"},{"@type":"ListItem","position":5,"name":"Karate Trainingsmaterial","item":"https:\/\/www.daisho.be\/de\/categorie-produit\/ausrustung-und-kleidung-fur-kampfkunst-und-kampfsport\/karate-de-2\/karate-trainingsmaterial\/"},{"@type":"ListItem","position":6,"name":"TAEKWONDO-ZIELSCHEIBE EINFACH &#8211; BLAU"}]},{"@type":"WebSite","@id":"https:\/\/www.daisho.be\/de\/#website","url":"https:\/\/www.daisho.be\/de\/","name":"Daisho","description":"Sp&eacute;cialiste de l'&eacute;quipement sportif d'arts martiaux","publisher":{"@id":"https:\/\/www.daisho.be\/de\/#organization"},"potentialAction":[{"@type":"SearchAction","target":{"@type":"EntryPoint","urlTemplate":"https:\/\/www.daisho.be\/de\/?s={search_term_string}"},"query-input":{"@type":"PropertyValueSpecification","valueRequired":true,"valueName":"search_term_string"}}],"inLanguage":"de"},{"@type":"Organization","@id":"https:\/\/www.daisho.be\/de\/#organization","name":"Daisho","url":"https:\/\/www.daisho.be\/de\/","logo":{"@type":"ImageObject","inLanguage":"de","@id":"https:\/\/www.daisho.be\/de\/#\/schema\/logo\/image\/","url":"https:\/\/www.daisho.be\/wp-content\/uploads\/2019\/07\/color-nothing-horizontale4x-e1564486100247.png","contentUrl":"https:\/\/www.daisho.be\/wp-content\/uploads\/2019\/07\/color-nothing-horizontale4x-e1564486100247.png","width":1547,"height":385,"caption":"Daisho"},"image":{"@id":"https:\/\/www.daisho.be\/de\/#\/schema\/logo\/image\/"}}]}},"_links":{"self":[{"href":"https:\/\/www.daisho.be\/de\/wp-json\/wp\/v2\/product\/454582","targetHints":{"allow":["GET"]}}],"collection":[{"href":"https:\/\/www.daisho.be\/de\/wp-json\/wp\/v2\/product"}],"about":[{"href":"https:\/\/www.daisho.be\/de\/wp-json\/wp\/v2\/types\/product"}],"replies":[{"embeddable":true,"href":"https:\/\/www.daisho.be\/de\/wp-json\/wp\/v2\/comments?post=454582"}],"wp:featuredmedia":[{"embeddable":true,"href":"https:\/\/www.daisho.be\/de\/wp-json\/wp\/v2\/media\/454586"}],"wp:attachment":[{"href":"https:\/\/www.daisho.be\/de\/wp-json\/wp\/v2\/media?parent=454582"}],"wp:term":[{"taxonomy":"product_brand","embeddable":true,"href":"https:\/\/www.daisho.be\/de\/wp-json\/wp\/v2\/product_brand?post=454582"},{"taxonomy":"product_cat","embeddable":true,"href":"https:\/\/www.daisho.be\/de\/wp-json\/wp\/v2\/product_cat?post=454582"},{"taxonomy":"product_tag","embeddable":true,"href":"https:\/\/www.daisho.be\/de\/wp-json\/wp\/v2\/product_tag?post=454582"},{"taxonomy":"sport","embeddable":true,"href":"https:\/\/www.daisho.be\/de\/wp-json\/wp\/v2\/sport?post=454582"}],"curies":[{"name":"wp","href":"https:\/\/api.w.org\/{rel}","templated":true}]}}