{"id":454306,"date":"2021-03-03T15:23:50","date_gmt":"2021-03-03T14:23:50","guid":{"rendered":"https:\/\/www.daisho.be\/produit\/airfloor-home-3-x-1-m-blau\/"},"modified":"2026-05-05T10:56:10","modified_gmt":"2026-05-05T08:56:10","slug":"airfloor-home-3-x-1-m-blau","status":"publish","type":"product","link":"https:\/\/www.daisho.be\/de\/produit\/airfloor-home-3-x-1-m-blau\/","title":{"rendered":"AirFloor Home 3 x 1 m &#8211; Blau"},"content":{"rendered":"<p>Der Gymnastikboden f\u00fcr Ihr Zuhause.<br \/>\nNehmen Sie das Fitnessstudio mit! Mit dem AirFloor Home k\u00f6nnen Sie auch zu Hause sicher trainieren. Die AirFloor Home ist ideal f\u00fcr Lande\u00fcbungen und der selbstregulierende Luftdruck macht sie ideal zum Prellen, Sto\u00dfen oder Springen. Geeignet f\u00fcr den Einsatz im Innen- und Au\u00dfenbereich. Ideal f\u00fcr akrobatische \u00dcbungen (Gymnastik).<br \/>\nMit dem neuen Design und dem zus\u00e4tzlichen Schutz der N\u00e4hte k\u00f6nnen Sie sicher sein, dass das Produkt viele Jahre lang halten wird.<br \/>\nDer AirFloor Home wird mit einer praktischen Tragetasche geliefert.<br \/>\n5 Jahre Garantie.    <\/p>\n","protected":false},"excerpt":{"rendered":"<p>Der Gymnastikboden f\u00fcr Ihr Zuhause. Nehmen Sie das Fitnessstudio mit! Mit dem AirFloor Home k\u00f6nnen Sie auch zu Hause sicher trainieren. Die AirFloor Home ist ideal f\u00fcr Lande\u00fcbungen und der selbstregulierende Luftdruck macht sie ideal zum Prellen, Sto\u00dfen oder Springen. Geeignet f\u00fcr den Einsatz im Innen- und Au\u00dfenbereich. Ideal f\u00fcr akrobatische \u00dcbungen (Gymnastik). Mit dem [&hellip;]<\/p>\n","protected":false},"featured_media":545782,"comment_status":"open","ping_status":"closed","template":"","meta":{"inline_featured_image":false},"product_brand":[],"product_cat":[2253],"product_tag":[2254],"sport":[],"class_list":{"0":"post-454306","1":"product","2":"type-product","3":"status-publish","4":"has-post-thumbnail","6":"product_cat-teppich","7":"product_tag-airtrack-factory","8":"product_shipping_class-grose-produkte","9":"pa_size-sans-taille-defaut","11":"first","12":"outofstock","13":"taxable","14":"shipping-taxable","15":"purchasable","16":"product-type-simple"},"yoast_head":"<!-- This site is optimized with the Yoast SEO plugin v27.2 - https:\/\/yoast.com\/product\/yoast-seo-wordpress\/ -->\n<title>AirFloor Home 3 x 1 m - Blau &#8211; Daisho<\/title>\n<meta name=\"robots\" content=\"index, follow, max-snippet:-1, max-image-preview:large, max-video-preview:-1\" \/>\n<link rel=\"canonical\" href=\"https:\/\/www.daisho.be\/de\/produit\/airfloor-home-3-x-1-m-blau\/\" \/>\n<meta property=\"og:locale\" content=\"de_DE\" \/>\n<meta property=\"og:type\" content=\"article\" \/>\n<meta property=\"og:title\" content=\"AirFloor Home 3 x 1 m - Blau &#8211; Daisho\" \/>\n<meta property=\"og:description\" content=\"Der Gymnastikboden f\u00fcr Ihr Zuhause. Nehmen Sie das Fitnessstudio mit! Mit dem AirFloor Home k\u00f6nnen Sie auch zu Hause sicher trainieren. Die AirFloor Home ist ideal f\u00fcr Lande\u00fcbungen und der selbstregulierende Luftdruck macht sie ideal zum Prellen, Sto\u00dfen oder Springen. Geeignet f\u00fcr den Einsatz im Innen- und Au\u00dfenbereich. Ideal f\u00fcr akrobatische \u00dcbungen (Gymnastik). Mit dem [&hellip;]\" \/>\n<meta property=\"og:url\" content=\"https:\/\/www.daisho.be\/de\/produit\/airfloor-home-3-x-1-m-blau\/\" \/>\n<meta property=\"og:site_name\" content=\"Daisho\" \/>\n<meta property=\"article:modified_time\" content=\"2026-05-05T08:56:10+00:00\" \/>\n<meta property=\"og:image\" content=\"https:\/\/www.daisho.be\/wp-content\/uploads\/2025\/08\/image-6.png\" \/>\n\t<meta property=\"og:image:width\" content=\"1760\" \/>\n\t<meta property=\"og:image:height\" content=\"845\" \/>\n\t<meta property=\"og:image:type\" content=\"image\/png\" \/>\n<meta name=\"twitter:card\" content=\"summary_large_image\" \/>\n<script type=\"application\/ld+json\" class=\"yoast-schema-graph\">{\"@context\":\"https:\/\/schema.org\",\"@graph\":[{\"@type\":\"WebPage\",\"@id\":\"https:\/\/www.daisho.be\/de\/produit\/airfloor-home-3-x-1-m-blau\/\",\"url\":\"https:\/\/www.daisho.be\/de\/produit\/airfloor-home-3-x-1-m-blau\/\",\"name\":\"AirFloor Home 3 x 1 m - Blau &#8211; Daisho\",\"isPartOf\":{\"@id\":\"https:\/\/www.daisho.be\/de\/#website\"},\"primaryImageOfPage\":{\"@id\":\"https:\/\/www.daisho.be\/de\/produit\/airfloor-home-3-x-1-m-blau\/#primaryimage\"},\"image\":{\"@id\":\"https:\/\/www.daisho.be\/de\/produit\/airfloor-home-3-x-1-m-blau\/#primaryimage\"},\"thumbnailUrl\":\"https:\/\/www.daisho.be\/wp-content\/uploads\/2025\/08\/image-6.png\",\"datePublished\":\"2021-03-03T14:23:50+00:00\",\"dateModified\":\"2026-05-05T08:56:10+00:00\",\"breadcrumb\":{\"@id\":\"https:\/\/www.daisho.be\/de\/produit\/airfloor-home-3-x-1-m-blau\/#breadcrumb\"},\"inLanguage\":\"de\",\"potentialAction\":[{\"@type\":\"ReadAction\",\"target\":[\"https:\/\/www.daisho.be\/de\/produit\/airfloor-home-3-x-1-m-blau\/\"]}]},{\"@type\":\"ImageObject\",\"inLanguage\":\"de\",\"@id\":\"https:\/\/www.daisho.be\/de\/produit\/airfloor-home-3-x-1-m-blau\/#primaryimage\",\"url\":\"https:\/\/www.daisho.be\/wp-content\/uploads\/2025\/08\/image-6.png\",\"contentUrl\":\"https:\/\/www.daisho.be\/wp-content\/uploads\/2025\/08\/image-6.png\",\"width\":1760,\"height\":845,\"caption\":\"AirFloor Home 3 x 1 m - Blau-1\"},{\"@type\":\"BreadcrumbList\",\"@id\":\"https:\/\/www.daisho.be\/de\/produit\/airfloor-home-3-x-1-m-blau\/#breadcrumb\",\"itemListElement\":[{\"@type\":\"ListItem\",\"position\":1,\"name\":\"Accueil\",\"item\":\"https:\/\/www.daisho.be\/de\/\"},{\"@type\":\"ListItem\",\"position\":2,\"name\":\"Produkte\",\"item\":\"https:\/\/www.daisho.be\/de\/produkte\/\"},{\"@type\":\"ListItem\",\"position\":3,\"name\":\"Kampfsportarten\",\"item\":\"https:\/\/www.daisho.be\/de\/categorie-produit\/kampfsportarten\/\"},{\"@type\":\"ListItem\",\"position\":4,\"name\":\"Teppich\",\"item\":\"https:\/\/www.daisho.be\/de\/categorie-produit\/kampfsportarten\/teppich\/\"},{\"@type\":\"ListItem\",\"position\":5,\"name\":\"AirFloor Home 3 x 1 m &#8211; Blau\"}]},{\"@type\":\"WebSite\",\"@id\":\"https:\/\/www.daisho.be\/de\/#website\",\"url\":\"https:\/\/www.daisho.be\/de\/\",\"name\":\"Daisho\",\"description\":\"Sp&eacute;cialiste de l'&eacute;quipement sportif d'arts martiaux\",\"publisher\":{\"@id\":\"https:\/\/www.daisho.be\/de\/#organization\"},\"potentialAction\":[{\"@type\":\"SearchAction\",\"target\":{\"@type\":\"EntryPoint\",\"urlTemplate\":\"https:\/\/www.daisho.be\/de\/?s={search_term_string}\"},\"query-input\":{\"@type\":\"PropertyValueSpecification\",\"valueRequired\":true,\"valueName\":\"search_term_string\"}}],\"inLanguage\":\"de\"},{\"@type\":\"Organization\",\"@id\":\"https:\/\/www.daisho.be\/de\/#organization\",\"name\":\"Daisho\",\"url\":\"https:\/\/www.daisho.be\/de\/\",\"logo\":{\"@type\":\"ImageObject\",\"inLanguage\":\"de\",\"@id\":\"https:\/\/www.daisho.be\/de\/#\/schema\/logo\/image\/\",\"url\":\"https:\/\/www.daisho.be\/wp-content\/uploads\/2019\/07\/color-nothing-horizontale4x-e1564486100247.png\",\"contentUrl\":\"https:\/\/www.daisho.be\/wp-content\/uploads\/2019\/07\/color-nothing-horizontale4x-e1564486100247.png\",\"width\":1547,\"height\":385,\"caption\":\"Daisho\"},\"image\":{\"@id\":\"https:\/\/www.daisho.be\/de\/#\/schema\/logo\/image\/\"}}]}<\/script>\n<!-- \/ Yoast SEO plugin. -->","yoast_head_json":{"title":"AirFloor Home 3 x 1 m - Blau &#8211; Daisho","robots":{"index":"index","follow":"follow","max-snippet":"max-snippet:-1","max-image-preview":"max-image-preview:large","max-video-preview":"max-video-preview:-1"},"canonical":"https:\/\/www.daisho.be\/de\/produit\/airfloor-home-3-x-1-m-blau\/","og_locale":"de_DE","og_type":"article","og_title":"AirFloor Home 3 x 1 m - Blau &#8211; Daisho","og_description":"Der Gymnastikboden f\u00fcr Ihr Zuhause. Nehmen Sie das Fitnessstudio mit! Mit dem AirFloor Home k\u00f6nnen Sie auch zu Hause sicher trainieren. Die AirFloor Home ist ideal f\u00fcr Lande\u00fcbungen und der selbstregulierende Luftdruck macht sie ideal zum Prellen, Sto\u00dfen oder Springen. Geeignet f\u00fcr den Einsatz im Innen- und Au\u00dfenbereich. Ideal f\u00fcr akrobatische \u00dcbungen (Gymnastik). Mit dem [&hellip;]","og_url":"https:\/\/www.daisho.be\/de\/produit\/airfloor-home-3-x-1-m-blau\/","og_site_name":"Daisho","article_modified_time":"2026-05-05T08:56:10+00:00","og_image":[{"width":1760,"height":845,"url":"https:\/\/www.daisho.be\/wp-content\/uploads\/2025\/08\/image-6.png","type":"image\/png"}],"twitter_card":"summary_large_image","schema":{"@context":"https:\/\/schema.org","@graph":[{"@type":"WebPage","@id":"https:\/\/www.daisho.be\/de\/produit\/airfloor-home-3-x-1-m-blau\/","url":"https:\/\/www.daisho.be\/de\/produit\/airfloor-home-3-x-1-m-blau\/","name":"AirFloor Home 3 x 1 m - Blau &#8211; Daisho","isPartOf":{"@id":"https:\/\/www.daisho.be\/de\/#website"},"primaryImageOfPage":{"@id":"https:\/\/www.daisho.be\/de\/produit\/airfloor-home-3-x-1-m-blau\/#primaryimage"},"image":{"@id":"https:\/\/www.daisho.be\/de\/produit\/airfloor-home-3-x-1-m-blau\/#primaryimage"},"thumbnailUrl":"https:\/\/www.daisho.be\/wp-content\/uploads\/2025\/08\/image-6.png","datePublished":"2021-03-03T14:23:50+00:00","dateModified":"2026-05-05T08:56:10+00:00","breadcrumb":{"@id":"https:\/\/www.daisho.be\/de\/produit\/airfloor-home-3-x-1-m-blau\/#breadcrumb"},"inLanguage":"de","potentialAction":[{"@type":"ReadAction","target":["https:\/\/www.daisho.be\/de\/produit\/airfloor-home-3-x-1-m-blau\/"]}]},{"@type":"ImageObject","inLanguage":"de","@id":"https:\/\/www.daisho.be\/de\/produit\/airfloor-home-3-x-1-m-blau\/#primaryimage","url":"https:\/\/www.daisho.be\/wp-content\/uploads\/2025\/08\/image-6.png","contentUrl":"https:\/\/www.daisho.be\/wp-content\/uploads\/2025\/08\/image-6.png","width":1760,"height":845,"caption":"AirFloor Home 3 x 1 m - Blau-1"},{"@type":"BreadcrumbList","@id":"https:\/\/www.daisho.be\/de\/produit\/airfloor-home-3-x-1-m-blau\/#breadcrumb","itemListElement":[{"@type":"ListItem","position":1,"name":"Accueil","item":"https:\/\/www.daisho.be\/de\/"},{"@type":"ListItem","position":2,"name":"Produkte","item":"https:\/\/www.daisho.be\/de\/produkte\/"},{"@type":"ListItem","position":3,"name":"Kampfsportarten","item":"https:\/\/www.daisho.be\/de\/categorie-produit\/kampfsportarten\/"},{"@type":"ListItem","position":4,"name":"Teppich","item":"https:\/\/www.daisho.be\/de\/categorie-produit\/kampfsportarten\/teppich\/"},{"@type":"ListItem","position":5,"name":"AirFloor Home 3 x 1 m &#8211; Blau"}]},{"@type":"WebSite","@id":"https:\/\/www.daisho.be\/de\/#website","url":"https:\/\/www.daisho.be\/de\/","name":"Daisho","description":"Sp&eacute;cialiste de l'&eacute;quipement sportif d'arts martiaux","publisher":{"@id":"https:\/\/www.daisho.be\/de\/#organization"},"potentialAction":[{"@type":"SearchAction","target":{"@type":"EntryPoint","urlTemplate":"https:\/\/www.daisho.be\/de\/?s={search_term_string}"},"query-input":{"@type":"PropertyValueSpecification","valueRequired":true,"valueName":"search_term_string"}}],"inLanguage":"de"},{"@type":"Organization","@id":"https:\/\/www.daisho.be\/de\/#organization","name":"Daisho","url":"https:\/\/www.daisho.be\/de\/","logo":{"@type":"ImageObject","inLanguage":"de","@id":"https:\/\/www.daisho.be\/de\/#\/schema\/logo\/image\/","url":"https:\/\/www.daisho.be\/wp-content\/uploads\/2019\/07\/color-nothing-horizontale4x-e1564486100247.png","contentUrl":"https:\/\/www.daisho.be\/wp-content\/uploads\/2019\/07\/color-nothing-horizontale4x-e1564486100247.png","width":1547,"height":385,"caption":"Daisho"},"image":{"@id":"https:\/\/www.daisho.be\/de\/#\/schema\/logo\/image\/"}}]}},"_links":{"self":[{"href":"https:\/\/www.daisho.be\/de\/wp-json\/wp\/v2\/product\/454306","targetHints":{"allow":["GET"]}}],"collection":[{"href":"https:\/\/www.daisho.be\/de\/wp-json\/wp\/v2\/product"}],"about":[{"href":"https:\/\/www.daisho.be\/de\/wp-json\/wp\/v2\/types\/product"}],"replies":[{"embeddable":true,"href":"https:\/\/www.daisho.be\/de\/wp-json\/wp\/v2\/comments?post=454306"}],"wp:featuredmedia":[{"embeddable":true,"href":"https:\/\/www.daisho.be\/de\/wp-json\/wp\/v2\/media\/545782"}],"wp:attachment":[{"href":"https:\/\/www.daisho.be\/de\/wp-json\/wp\/v2\/media?parent=454306"}],"wp:term":[{"taxonomy":"product_brand","embeddable":true,"href":"https:\/\/www.daisho.be\/de\/wp-json\/wp\/v2\/product_brand?post=454306"},{"taxonomy":"product_cat","embeddable":true,"href":"https:\/\/www.daisho.be\/de\/wp-json\/wp\/v2\/product_cat?post=454306"},{"taxonomy":"product_tag","embeddable":true,"href":"https:\/\/www.daisho.be\/de\/wp-json\/wp\/v2\/product_tag?post=454306"},{"taxonomy":"sport","embeddable":true,"href":"https:\/\/www.daisho.be\/de\/wp-json\/wp\/v2\/sport?post=454306"}],"curies":[{"name":"wp","href":"https:\/\/api.w.org\/{rel}","templated":true}]}}