{"id":454281,"date":"2021-03-03T15:26:22","date_gmt":"2021-03-03T14:26:22","guid":{"rendered":"https:\/\/www.daisho.be\/produit\/airfloor-home-5-x-1-m-blau\/"},"modified":"2026-05-05T11:01:05","modified_gmt":"2026-05-05T09:01:05","slug":"airfloor-home-5-x-1-m-blau","status":"publish","type":"product","link":"https:\/\/www.daisho.be\/de\/produit\/airfloor-home-5-x-1-m-blau\/","title":{"rendered":"AirFloor Home 5 x 1 m &#8211; Blau"},"content":{"rendered":"<p>Der originale Gymnastikboden f\u00fcr das Training zu Hause, jetzt noch mehr!<br \/>\nBringen Sie das Fitnessstudio zu sich nach Hause! Der AirFloor Home XL ist 5 Meter lang und ideal f\u00fcr alle Boden\u00fcbungen und Tumbling-P\u00e4sse. Ob Sie zu Hause, im Urlaub oder bei einem Freund sind, Sie k\u00f6nnen immer wie im Fitnessstudio trainieren!<br \/>\nTesten Sie den AirFloor Home oder gehen Sie mit dem AirFloor Home XL in die Vollen!<br \/>\nDer AirFloor Home ist unser beliebtestes Produkt und bietet alle Vorteile unserer AirTracks in einer kleineren und leichteren Verpackung. Er gibt dem Start einen zus\u00e4tzlichen Schub und hilft mit seinen weichen Eigenschaften, Verletzungen vorzubeugen.<br \/>\n5 Jahre Garantie.<br \/>\nErh\u00e4ltlich in Rosa oder Blau. <\/p>\n","protected":false},"excerpt":{"rendered":"<p>Der originale Gymnastikboden f\u00fcr das Training zu Hause, jetzt noch mehr! Bringen Sie das Fitnessstudio zu sich nach Hause! Der AirFloor Home XL ist 5 Meter lang und ideal f\u00fcr alle Boden\u00fcbungen und Tumbling-P\u00e4sse. Ob Sie zu Hause, im Urlaub oder bei einem Freund sind, Sie k\u00f6nnen immer wie im Fitnessstudio trainieren! Testen Sie den [&hellip;]<\/p>\n","protected":false},"featured_media":545854,"comment_status":"open","ping_status":"closed","template":"","meta":{"inline_featured_image":false},"product_brand":[],"product_cat":[2253],"product_tag":[2254],"sport":[],"class_list":{"0":"post-454281","1":"product","2":"type-product","3":"status-publish","4":"has-post-thumbnail","6":"product_cat-teppich","7":"product_tag-airtrack-factory","8":"product_shipping_class-grose-produkte","9":"pa_size-sans-taille-defaut","11":"first","12":"outofstock","13":"taxable","14":"shipping-taxable","15":"purchasable","16":"product-type-simple"},"yoast_head":"<!-- This site is optimized with the Yoast SEO plugin v27.2 - https:\/\/yoast.com\/product\/yoast-seo-wordpress\/ -->\n<title>AirFloor Home 5 x 1 m - Blau &#8211; Daisho<\/title>\n<meta name=\"robots\" content=\"index, follow, max-snippet:-1, max-image-preview:large, max-video-preview:-1\" \/>\n<link rel=\"canonical\" href=\"https:\/\/www.daisho.be\/de\/produit\/airfloor-home-5-x-1-m-blau\/\" \/>\n<meta property=\"og:locale\" content=\"de_DE\" \/>\n<meta property=\"og:type\" content=\"article\" \/>\n<meta property=\"og:title\" content=\"AirFloor Home 5 x 1 m - Blau &#8211; Daisho\" \/>\n<meta property=\"og:description\" content=\"Der originale Gymnastikboden f\u00fcr das Training zu Hause, jetzt noch mehr! Bringen Sie das Fitnessstudio zu sich nach Hause! Der AirFloor Home XL ist 5 Meter lang und ideal f\u00fcr alle Boden\u00fcbungen und Tumbling-P\u00e4sse. Ob Sie zu Hause, im Urlaub oder bei einem Freund sind, Sie k\u00f6nnen immer wie im Fitnessstudio trainieren! Testen Sie den [&hellip;]\" \/>\n<meta property=\"og:url\" content=\"https:\/\/www.daisho.be\/de\/produit\/airfloor-home-5-x-1-m-blau\/\" \/>\n<meta property=\"og:site_name\" content=\"Daisho\" \/>\n<meta property=\"article:modified_time\" content=\"2026-05-05T09:01:05+00:00\" \/>\n<meta property=\"og:image\" content=\"https:\/\/www.daisho.be\/wp-content\/uploads\/2025\/08\/image-12.png\" \/>\n\t<meta property=\"og:image:width\" content=\"1651\" \/>\n\t<meta property=\"og:image:height\" content=\"591\" \/>\n\t<meta property=\"og:image:type\" content=\"image\/png\" \/>\n<meta name=\"twitter:card\" content=\"summary_large_image\" \/>\n<meta name=\"twitter:label1\" content=\"Gesch\u00e4tzte Lesezeit\" \/>\n\t<meta name=\"twitter:data1\" content=\"1\u00a0Minute\" \/>\n<script type=\"application\/ld+json\" class=\"yoast-schema-graph\">{\"@context\":\"https:\/\/schema.org\",\"@graph\":[{\"@type\":\"WebPage\",\"@id\":\"https:\/\/www.daisho.be\/de\/produit\/airfloor-home-5-x-1-m-blau\/\",\"url\":\"https:\/\/www.daisho.be\/de\/produit\/airfloor-home-5-x-1-m-blau\/\",\"name\":\"AirFloor Home 5 x 1 m - Blau &#8211; Daisho\",\"isPartOf\":{\"@id\":\"https:\/\/www.daisho.be\/de\/#website\"},\"primaryImageOfPage\":{\"@id\":\"https:\/\/www.daisho.be\/de\/produit\/airfloor-home-5-x-1-m-blau\/#primaryimage\"},\"image\":{\"@id\":\"https:\/\/www.daisho.be\/de\/produit\/airfloor-home-5-x-1-m-blau\/#primaryimage\"},\"thumbnailUrl\":\"https:\/\/www.daisho.be\/wp-content\/uploads\/2025\/08\/image-12.png\",\"datePublished\":\"2021-03-03T14:26:22+00:00\",\"dateModified\":\"2026-05-05T09:01:05+00:00\",\"breadcrumb\":{\"@id\":\"https:\/\/www.daisho.be\/de\/produit\/airfloor-home-5-x-1-m-blau\/#breadcrumb\"},\"inLanguage\":\"de\",\"potentialAction\":[{\"@type\":\"ReadAction\",\"target\":[\"https:\/\/www.daisho.be\/de\/produit\/airfloor-home-5-x-1-m-blau\/\"]}]},{\"@type\":\"ImageObject\",\"inLanguage\":\"de\",\"@id\":\"https:\/\/www.daisho.be\/de\/produit\/airfloor-home-5-x-1-m-blau\/#primaryimage\",\"url\":\"https:\/\/www.daisho.be\/wp-content\/uploads\/2025\/08\/image-12.png\",\"contentUrl\":\"https:\/\/www.daisho.be\/wp-content\/uploads\/2025\/08\/image-12.png\",\"width\":1651,\"height\":591,\"caption\":\"AirFloor Home 5 x 1 m - Blau-1\"},{\"@type\":\"BreadcrumbList\",\"@id\":\"https:\/\/www.daisho.be\/de\/produit\/airfloor-home-5-x-1-m-blau\/#breadcrumb\",\"itemListElement\":[{\"@type\":\"ListItem\",\"position\":1,\"name\":\"Accueil\",\"item\":\"https:\/\/www.daisho.be\/de\/\"},{\"@type\":\"ListItem\",\"position\":2,\"name\":\"Produkte\",\"item\":\"https:\/\/www.daisho.be\/de\/produkte\/\"},{\"@type\":\"ListItem\",\"position\":3,\"name\":\"Kampfsportarten\",\"item\":\"https:\/\/www.daisho.be\/de\/categorie-produit\/kampfsportarten\/\"},{\"@type\":\"ListItem\",\"position\":4,\"name\":\"Teppich\",\"item\":\"https:\/\/www.daisho.be\/de\/categorie-produit\/kampfsportarten\/teppich\/\"},{\"@type\":\"ListItem\",\"position\":5,\"name\":\"AirFloor Home 5 x 1 m &#8211; Blau\"}]},{\"@type\":\"WebSite\",\"@id\":\"https:\/\/www.daisho.be\/de\/#website\",\"url\":\"https:\/\/www.daisho.be\/de\/\",\"name\":\"Daisho\",\"description\":\"Sp&eacute;cialiste de l'&eacute;quipement sportif d'arts martiaux\",\"publisher\":{\"@id\":\"https:\/\/www.daisho.be\/de\/#organization\"},\"potentialAction\":[{\"@type\":\"SearchAction\",\"target\":{\"@type\":\"EntryPoint\",\"urlTemplate\":\"https:\/\/www.daisho.be\/de\/?s={search_term_string}\"},\"query-input\":{\"@type\":\"PropertyValueSpecification\",\"valueRequired\":true,\"valueName\":\"search_term_string\"}}],\"inLanguage\":\"de\"},{\"@type\":\"Organization\",\"@id\":\"https:\/\/www.daisho.be\/de\/#organization\",\"name\":\"Daisho\",\"url\":\"https:\/\/www.daisho.be\/de\/\",\"logo\":{\"@type\":\"ImageObject\",\"inLanguage\":\"de\",\"@id\":\"https:\/\/www.daisho.be\/de\/#\/schema\/logo\/image\/\",\"url\":\"https:\/\/www.daisho.be\/wp-content\/uploads\/2019\/07\/color-nothing-horizontale4x-e1564486100247.png\",\"contentUrl\":\"https:\/\/www.daisho.be\/wp-content\/uploads\/2019\/07\/color-nothing-horizontale4x-e1564486100247.png\",\"width\":1547,\"height\":385,\"caption\":\"Daisho\"},\"image\":{\"@id\":\"https:\/\/www.daisho.be\/de\/#\/schema\/logo\/image\/\"}}]}<\/script>\n<!-- \/ Yoast SEO plugin. -->","yoast_head_json":{"title":"AirFloor Home 5 x 1 m - Blau &#8211; Daisho","robots":{"index":"index","follow":"follow","max-snippet":"max-snippet:-1","max-image-preview":"max-image-preview:large","max-video-preview":"max-video-preview:-1"},"canonical":"https:\/\/www.daisho.be\/de\/produit\/airfloor-home-5-x-1-m-blau\/","og_locale":"de_DE","og_type":"article","og_title":"AirFloor Home 5 x 1 m - Blau &#8211; Daisho","og_description":"Der originale Gymnastikboden f\u00fcr das Training zu Hause, jetzt noch mehr! Bringen Sie das Fitnessstudio zu sich nach Hause! Der AirFloor Home XL ist 5 Meter lang und ideal f\u00fcr alle Boden\u00fcbungen und Tumbling-P\u00e4sse. Ob Sie zu Hause, im Urlaub oder bei einem Freund sind, Sie k\u00f6nnen immer wie im Fitnessstudio trainieren! Testen Sie den [&hellip;]","og_url":"https:\/\/www.daisho.be\/de\/produit\/airfloor-home-5-x-1-m-blau\/","og_site_name":"Daisho","article_modified_time":"2026-05-05T09:01:05+00:00","og_image":[{"width":1651,"height":591,"url":"https:\/\/www.daisho.be\/wp-content\/uploads\/2025\/08\/image-12.png","type":"image\/png"}],"twitter_card":"summary_large_image","twitter_misc":{"Gesch\u00e4tzte Lesezeit":"1\u00a0Minute"},"schema":{"@context":"https:\/\/schema.org","@graph":[{"@type":"WebPage","@id":"https:\/\/www.daisho.be\/de\/produit\/airfloor-home-5-x-1-m-blau\/","url":"https:\/\/www.daisho.be\/de\/produit\/airfloor-home-5-x-1-m-blau\/","name":"AirFloor Home 5 x 1 m - Blau &#8211; Daisho","isPartOf":{"@id":"https:\/\/www.daisho.be\/de\/#website"},"primaryImageOfPage":{"@id":"https:\/\/www.daisho.be\/de\/produit\/airfloor-home-5-x-1-m-blau\/#primaryimage"},"image":{"@id":"https:\/\/www.daisho.be\/de\/produit\/airfloor-home-5-x-1-m-blau\/#primaryimage"},"thumbnailUrl":"https:\/\/www.daisho.be\/wp-content\/uploads\/2025\/08\/image-12.png","datePublished":"2021-03-03T14:26:22+00:00","dateModified":"2026-05-05T09:01:05+00:00","breadcrumb":{"@id":"https:\/\/www.daisho.be\/de\/produit\/airfloor-home-5-x-1-m-blau\/#breadcrumb"},"inLanguage":"de","potentialAction":[{"@type":"ReadAction","target":["https:\/\/www.daisho.be\/de\/produit\/airfloor-home-5-x-1-m-blau\/"]}]},{"@type":"ImageObject","inLanguage":"de","@id":"https:\/\/www.daisho.be\/de\/produit\/airfloor-home-5-x-1-m-blau\/#primaryimage","url":"https:\/\/www.daisho.be\/wp-content\/uploads\/2025\/08\/image-12.png","contentUrl":"https:\/\/www.daisho.be\/wp-content\/uploads\/2025\/08\/image-12.png","width":1651,"height":591,"caption":"AirFloor Home 5 x 1 m - Blau-1"},{"@type":"BreadcrumbList","@id":"https:\/\/www.daisho.be\/de\/produit\/airfloor-home-5-x-1-m-blau\/#breadcrumb","itemListElement":[{"@type":"ListItem","position":1,"name":"Accueil","item":"https:\/\/www.daisho.be\/de\/"},{"@type":"ListItem","position":2,"name":"Produkte","item":"https:\/\/www.daisho.be\/de\/produkte\/"},{"@type":"ListItem","position":3,"name":"Kampfsportarten","item":"https:\/\/www.daisho.be\/de\/categorie-produit\/kampfsportarten\/"},{"@type":"ListItem","position":4,"name":"Teppich","item":"https:\/\/www.daisho.be\/de\/categorie-produit\/kampfsportarten\/teppich\/"},{"@type":"ListItem","position":5,"name":"AirFloor Home 5 x 1 m &#8211; Blau"}]},{"@type":"WebSite","@id":"https:\/\/www.daisho.be\/de\/#website","url":"https:\/\/www.daisho.be\/de\/","name":"Daisho","description":"Sp&eacute;cialiste de l'&eacute;quipement sportif d'arts martiaux","publisher":{"@id":"https:\/\/www.daisho.be\/de\/#organization"},"potentialAction":[{"@type":"SearchAction","target":{"@type":"EntryPoint","urlTemplate":"https:\/\/www.daisho.be\/de\/?s={search_term_string}"},"query-input":{"@type":"PropertyValueSpecification","valueRequired":true,"valueName":"search_term_string"}}],"inLanguage":"de"},{"@type":"Organization","@id":"https:\/\/www.daisho.be\/de\/#organization","name":"Daisho","url":"https:\/\/www.daisho.be\/de\/","logo":{"@type":"ImageObject","inLanguage":"de","@id":"https:\/\/www.daisho.be\/de\/#\/schema\/logo\/image\/","url":"https:\/\/www.daisho.be\/wp-content\/uploads\/2019\/07\/color-nothing-horizontale4x-e1564486100247.png","contentUrl":"https:\/\/www.daisho.be\/wp-content\/uploads\/2019\/07\/color-nothing-horizontale4x-e1564486100247.png","width":1547,"height":385,"caption":"Daisho"},"image":{"@id":"https:\/\/www.daisho.be\/de\/#\/schema\/logo\/image\/"}}]}},"_links":{"self":[{"href":"https:\/\/www.daisho.be\/de\/wp-json\/wp\/v2\/product\/454281","targetHints":{"allow":["GET"]}}],"collection":[{"href":"https:\/\/www.daisho.be\/de\/wp-json\/wp\/v2\/product"}],"about":[{"href":"https:\/\/www.daisho.be\/de\/wp-json\/wp\/v2\/types\/product"}],"replies":[{"embeddable":true,"href":"https:\/\/www.daisho.be\/de\/wp-json\/wp\/v2\/comments?post=454281"}],"wp:featuredmedia":[{"embeddable":true,"href":"https:\/\/www.daisho.be\/de\/wp-json\/wp\/v2\/media\/545854"}],"wp:attachment":[{"href":"https:\/\/www.daisho.be\/de\/wp-json\/wp\/v2\/media?parent=454281"}],"wp:term":[{"taxonomy":"product_brand","embeddable":true,"href":"https:\/\/www.daisho.be\/de\/wp-json\/wp\/v2\/product_brand?post=454281"},{"taxonomy":"product_cat","embeddable":true,"href":"https:\/\/www.daisho.be\/de\/wp-json\/wp\/v2\/product_cat?post=454281"},{"taxonomy":"product_tag","embeddable":true,"href":"https:\/\/www.daisho.be\/de\/wp-json\/wp\/v2\/product_tag?post=454281"},{"taxonomy":"sport","embeddable":true,"href":"https:\/\/www.daisho.be\/de\/wp-json\/wp\/v2\/sport?post=454281"}],"curies":[{"name":"wp","href":"https:\/\/api.w.org\/{rel}","templated":true}]}}