{"id":454264,"date":"2021-03-03T15:34:35","date_gmt":"2021-03-03T14:34:35","guid":{"rendered":"https:\/\/www.daisho.be\/produit\/airincline-40-10-cm-2x2-8-m\/"},"modified":"2026-05-05T11:18:14","modified_gmt":"2026-05-05T09:18:14","slug":"airincline-40-10-cm-2x2-8-m","status":"publish","type":"product","link":"https:\/\/www.daisho.be\/de\/produit\/airincline-40-10-cm-2x2-8-m\/","title":{"rendered":"AirIncline 40 &#8211; 10 cm, 2&#215;2.8 m"},"content":{"rendered":"<p>Diese aufblasbare Rampe ist ein gro\u00dfes und vielseitiges Ausr\u00fcstungsteil, um die Grundlagen der Gymnastik zu \u00fcben.<br \/>\nLegen Sie eine Matte auf die Oberseite, um eine weiche Oberfl\u00e4che f\u00fcr die Grundlagen der Flips zu schaffen, oder verwenden Sie sie als Punchpad f\u00fcr mehr H\u00f6he.<br \/>\nLeichte Rampe.<br \/>\nMehrfache Nutzung.<br \/>\n5 Jahre Garantie.<\/p>\n","protected":false},"excerpt":{"rendered":"<p>Diese aufblasbare Rampe ist ein gro\u00dfes und vielseitiges Ausr\u00fcstungsteil, um die Grundlagen der Gymnastik zu \u00fcben. Legen Sie eine Matte auf die Oberseite, um eine weiche Oberfl\u00e4che f\u00fcr die Grundlagen der Flips zu schaffen, oder verwenden Sie sie als Punchpad f\u00fcr mehr H\u00f6he. Leichte Rampe. Mehrfache Nutzung. 5 Jahre Garantie.<\/p>\n","protected":false},"featured_media":690919,"comment_status":"open","ping_status":"closed","template":"","meta":{"inline_featured_image":false},"product_brand":[],"product_cat":[2253],"product_tag":[2254],"sport":[],"class_list":{"0":"post-454264","1":"product","2":"type-product","3":"status-publish","4":"has-post-thumbnail","6":"product_cat-teppich","7":"product_tag-airtrack-factory","8":"product_shipping_class-grose-produkte","9":"pa_size-sans-taille","11":"first","12":"outofstock","13":"taxable","14":"shipping-taxable","15":"purchasable","16":"product-type-simple"},"yoast_head":"<!-- This site is optimized with the Yoast SEO plugin v27.2 - https:\/\/yoast.com\/product\/yoast-seo-wordpress\/ -->\n<title>AirIncline 40 - 10 cm, 2x2.8 m &#8211; Daisho<\/title>\n<meta name=\"robots\" content=\"index, follow, max-snippet:-1, max-image-preview:large, max-video-preview:-1\" \/>\n<link rel=\"canonical\" href=\"https:\/\/www.daisho.be\/de\/produit\/airincline-40-10-cm-2x2-8-m\/\" \/>\n<meta property=\"og:locale\" content=\"de_DE\" \/>\n<meta property=\"og:type\" content=\"article\" \/>\n<meta property=\"og:title\" content=\"AirIncline 40 - 10 cm, 2x2.8 m &#8211; Daisho\" \/>\n<meta property=\"og:description\" content=\"Diese aufblasbare Rampe ist ein gro\u00dfes und vielseitiges Ausr\u00fcstungsteil, um die Grundlagen der Gymnastik zu \u00fcben. Legen Sie eine Matte auf die Oberseite, um eine weiche Oberfl\u00e4che f\u00fcr die Grundlagen der Flips zu schaffen, oder verwenden Sie sie als Punchpad f\u00fcr mehr H\u00f6he. Leichte Rampe. Mehrfache Nutzung. 5 Jahre Garantie.\" \/>\n<meta property=\"og:url\" content=\"https:\/\/www.daisho.be\/de\/produit\/airincline-40-10-cm-2x2-8-m\/\" \/>\n<meta property=\"og:site_name\" content=\"Daisho\" \/>\n<meta property=\"article:modified_time\" content=\"2026-05-05T09:18:14+00:00\" \/>\n<meta property=\"og:image\" content=\"https:\/\/www.daisho.be\/wp-content\/uploads\/2026\/05\/image-3.png\" \/>\n\t<meta property=\"og:image:width\" content=\"1522\" \/>\n\t<meta property=\"og:image:height\" content=\"914\" \/>\n\t<meta property=\"og:image:type\" content=\"image\/png\" \/>\n<meta name=\"twitter:card\" content=\"summary_large_image\" \/>\n<script type=\"application\/ld+json\" class=\"yoast-schema-graph\">{\"@context\":\"https:\/\/schema.org\",\"@graph\":[{\"@type\":\"WebPage\",\"@id\":\"https:\/\/www.daisho.be\/de\/produit\/airincline-40-10-cm-2x2-8-m\/\",\"url\":\"https:\/\/www.daisho.be\/de\/produit\/airincline-40-10-cm-2x2-8-m\/\",\"name\":\"AirIncline 40 - 10 cm, 2x2.8 m &#8211; Daisho\",\"isPartOf\":{\"@id\":\"https:\/\/www.daisho.be\/de\/#website\"},\"primaryImageOfPage\":{\"@id\":\"https:\/\/www.daisho.be\/de\/produit\/airincline-40-10-cm-2x2-8-m\/#primaryimage\"},\"image\":{\"@id\":\"https:\/\/www.daisho.be\/de\/produit\/airincline-40-10-cm-2x2-8-m\/#primaryimage\"},\"thumbnailUrl\":\"https:\/\/www.daisho.be\/wp-content\/uploads\/2026\/05\/image-3.png\",\"datePublished\":\"2021-03-03T14:34:35+00:00\",\"dateModified\":\"2026-05-05T09:18:14+00:00\",\"breadcrumb\":{\"@id\":\"https:\/\/www.daisho.be\/de\/produit\/airincline-40-10-cm-2x2-8-m\/#breadcrumb\"},\"inLanguage\":\"de\",\"potentialAction\":[{\"@type\":\"ReadAction\",\"target\":[\"https:\/\/www.daisho.be\/de\/produit\/airincline-40-10-cm-2x2-8-m\/\"]}]},{\"@type\":\"ImageObject\",\"inLanguage\":\"de\",\"@id\":\"https:\/\/www.daisho.be\/de\/produit\/airincline-40-10-cm-2x2-8-m\/#primaryimage\",\"url\":\"https:\/\/www.daisho.be\/wp-content\/uploads\/2026\/05\/image-3.png\",\"contentUrl\":\"https:\/\/www.daisho.be\/wp-content\/uploads\/2026\/05\/image-3.png\",\"width\":1522,\"height\":914,\"caption\":\"AirIncline 40 - 10 cm, 2x2.8 m-1\"},{\"@type\":\"BreadcrumbList\",\"@id\":\"https:\/\/www.daisho.be\/de\/produit\/airincline-40-10-cm-2x2-8-m\/#breadcrumb\",\"itemListElement\":[{\"@type\":\"ListItem\",\"position\":1,\"name\":\"Accueil\",\"item\":\"https:\/\/www.daisho.be\/de\/\"},{\"@type\":\"ListItem\",\"position\":2,\"name\":\"Produkte\",\"item\":\"https:\/\/www.daisho.be\/de\/produkte\/\"},{\"@type\":\"ListItem\",\"position\":3,\"name\":\"Kampfsportarten\",\"item\":\"https:\/\/www.daisho.be\/de\/categorie-produit\/kampfsportarten\/\"},{\"@type\":\"ListItem\",\"position\":4,\"name\":\"Teppich\",\"item\":\"https:\/\/www.daisho.be\/de\/categorie-produit\/kampfsportarten\/teppich\/\"},{\"@type\":\"ListItem\",\"position\":5,\"name\":\"AirIncline 40 &#8211; 10 cm, 2&#215;2.8 m\"}]},{\"@type\":\"WebSite\",\"@id\":\"https:\/\/www.daisho.be\/de\/#website\",\"url\":\"https:\/\/www.daisho.be\/de\/\",\"name\":\"Daisho\",\"description\":\"Sp&eacute;cialiste de l'&eacute;quipement sportif d'arts martiaux\",\"publisher\":{\"@id\":\"https:\/\/www.daisho.be\/de\/#organization\"},\"potentialAction\":[{\"@type\":\"SearchAction\",\"target\":{\"@type\":\"EntryPoint\",\"urlTemplate\":\"https:\/\/www.daisho.be\/de\/?s={search_term_string}\"},\"query-input\":{\"@type\":\"PropertyValueSpecification\",\"valueRequired\":true,\"valueName\":\"search_term_string\"}}],\"inLanguage\":\"de\"},{\"@type\":\"Organization\",\"@id\":\"https:\/\/www.daisho.be\/de\/#organization\",\"name\":\"Daisho\",\"url\":\"https:\/\/www.daisho.be\/de\/\",\"logo\":{\"@type\":\"ImageObject\",\"inLanguage\":\"de\",\"@id\":\"https:\/\/www.daisho.be\/de\/#\/schema\/logo\/image\/\",\"url\":\"https:\/\/www.daisho.be\/wp-content\/uploads\/2019\/07\/color-nothing-horizontale4x-e1564486100247.png\",\"contentUrl\":\"https:\/\/www.daisho.be\/wp-content\/uploads\/2019\/07\/color-nothing-horizontale4x-e1564486100247.png\",\"width\":1547,\"height\":385,\"caption\":\"Daisho\"},\"image\":{\"@id\":\"https:\/\/www.daisho.be\/de\/#\/schema\/logo\/image\/\"}}]}<\/script>\n<!-- \/ Yoast SEO plugin. -->","yoast_head_json":{"title":"AirIncline 40 - 10 cm, 2x2.8 m &#8211; Daisho","robots":{"index":"index","follow":"follow","max-snippet":"max-snippet:-1","max-image-preview":"max-image-preview:large","max-video-preview":"max-video-preview:-1"},"canonical":"https:\/\/www.daisho.be\/de\/produit\/airincline-40-10-cm-2x2-8-m\/","og_locale":"de_DE","og_type":"article","og_title":"AirIncline 40 - 10 cm, 2x2.8 m &#8211; Daisho","og_description":"Diese aufblasbare Rampe ist ein gro\u00dfes und vielseitiges Ausr\u00fcstungsteil, um die Grundlagen der Gymnastik zu \u00fcben. Legen Sie eine Matte auf die Oberseite, um eine weiche Oberfl\u00e4che f\u00fcr die Grundlagen der Flips zu schaffen, oder verwenden Sie sie als Punchpad f\u00fcr mehr H\u00f6he. Leichte Rampe. Mehrfache Nutzung. 5 Jahre Garantie.","og_url":"https:\/\/www.daisho.be\/de\/produit\/airincline-40-10-cm-2x2-8-m\/","og_site_name":"Daisho","article_modified_time":"2026-05-05T09:18:14+00:00","og_image":[{"width":1522,"height":914,"url":"https:\/\/www.daisho.be\/wp-content\/uploads\/2026\/05\/image-3.png","type":"image\/png"}],"twitter_card":"summary_large_image","schema":{"@context":"https:\/\/schema.org","@graph":[{"@type":"WebPage","@id":"https:\/\/www.daisho.be\/de\/produit\/airincline-40-10-cm-2x2-8-m\/","url":"https:\/\/www.daisho.be\/de\/produit\/airincline-40-10-cm-2x2-8-m\/","name":"AirIncline 40 - 10 cm, 2x2.8 m &#8211; Daisho","isPartOf":{"@id":"https:\/\/www.daisho.be\/de\/#website"},"primaryImageOfPage":{"@id":"https:\/\/www.daisho.be\/de\/produit\/airincline-40-10-cm-2x2-8-m\/#primaryimage"},"image":{"@id":"https:\/\/www.daisho.be\/de\/produit\/airincline-40-10-cm-2x2-8-m\/#primaryimage"},"thumbnailUrl":"https:\/\/www.daisho.be\/wp-content\/uploads\/2026\/05\/image-3.png","datePublished":"2021-03-03T14:34:35+00:00","dateModified":"2026-05-05T09:18:14+00:00","breadcrumb":{"@id":"https:\/\/www.daisho.be\/de\/produit\/airincline-40-10-cm-2x2-8-m\/#breadcrumb"},"inLanguage":"de","potentialAction":[{"@type":"ReadAction","target":["https:\/\/www.daisho.be\/de\/produit\/airincline-40-10-cm-2x2-8-m\/"]}]},{"@type":"ImageObject","inLanguage":"de","@id":"https:\/\/www.daisho.be\/de\/produit\/airincline-40-10-cm-2x2-8-m\/#primaryimage","url":"https:\/\/www.daisho.be\/wp-content\/uploads\/2026\/05\/image-3.png","contentUrl":"https:\/\/www.daisho.be\/wp-content\/uploads\/2026\/05\/image-3.png","width":1522,"height":914,"caption":"AirIncline 40 - 10 cm, 2x2.8 m-1"},{"@type":"BreadcrumbList","@id":"https:\/\/www.daisho.be\/de\/produit\/airincline-40-10-cm-2x2-8-m\/#breadcrumb","itemListElement":[{"@type":"ListItem","position":1,"name":"Accueil","item":"https:\/\/www.daisho.be\/de\/"},{"@type":"ListItem","position":2,"name":"Produkte","item":"https:\/\/www.daisho.be\/de\/produkte\/"},{"@type":"ListItem","position":3,"name":"Kampfsportarten","item":"https:\/\/www.daisho.be\/de\/categorie-produit\/kampfsportarten\/"},{"@type":"ListItem","position":4,"name":"Teppich","item":"https:\/\/www.daisho.be\/de\/categorie-produit\/kampfsportarten\/teppich\/"},{"@type":"ListItem","position":5,"name":"AirIncline 40 &#8211; 10 cm, 2&#215;2.8 m"}]},{"@type":"WebSite","@id":"https:\/\/www.daisho.be\/de\/#website","url":"https:\/\/www.daisho.be\/de\/","name":"Daisho","description":"Sp&eacute;cialiste de l'&eacute;quipement sportif d'arts martiaux","publisher":{"@id":"https:\/\/www.daisho.be\/de\/#organization"},"potentialAction":[{"@type":"SearchAction","target":{"@type":"EntryPoint","urlTemplate":"https:\/\/www.daisho.be\/de\/?s={search_term_string}"},"query-input":{"@type":"PropertyValueSpecification","valueRequired":true,"valueName":"search_term_string"}}],"inLanguage":"de"},{"@type":"Organization","@id":"https:\/\/www.daisho.be\/de\/#organization","name":"Daisho","url":"https:\/\/www.daisho.be\/de\/","logo":{"@type":"ImageObject","inLanguage":"de","@id":"https:\/\/www.daisho.be\/de\/#\/schema\/logo\/image\/","url":"https:\/\/www.daisho.be\/wp-content\/uploads\/2019\/07\/color-nothing-horizontale4x-e1564486100247.png","contentUrl":"https:\/\/www.daisho.be\/wp-content\/uploads\/2019\/07\/color-nothing-horizontale4x-e1564486100247.png","width":1547,"height":385,"caption":"Daisho"},"image":{"@id":"https:\/\/www.daisho.be\/de\/#\/schema\/logo\/image\/"}}]}},"_links":{"self":[{"href":"https:\/\/www.daisho.be\/de\/wp-json\/wp\/v2\/product\/454264","targetHints":{"allow":["GET"]}}],"collection":[{"href":"https:\/\/www.daisho.be\/de\/wp-json\/wp\/v2\/product"}],"about":[{"href":"https:\/\/www.daisho.be\/de\/wp-json\/wp\/v2\/types\/product"}],"replies":[{"embeddable":true,"href":"https:\/\/www.daisho.be\/de\/wp-json\/wp\/v2\/comments?post=454264"}],"wp:featuredmedia":[{"embeddable":true,"href":"https:\/\/www.daisho.be\/de\/wp-json\/wp\/v2\/media\/690919"}],"wp:attachment":[{"href":"https:\/\/www.daisho.be\/de\/wp-json\/wp\/v2\/media?parent=454264"}],"wp:term":[{"taxonomy":"product_brand","embeddable":true,"href":"https:\/\/www.daisho.be\/de\/wp-json\/wp\/v2\/product_brand?post=454264"},{"taxonomy":"product_cat","embeddable":true,"href":"https:\/\/www.daisho.be\/de\/wp-json\/wp\/v2\/product_cat?post=454264"},{"taxonomy":"product_tag","embeddable":true,"href":"https:\/\/www.daisho.be\/de\/wp-json\/wp\/v2\/product_tag?post=454264"},{"taxonomy":"sport","embeddable":true,"href":"https:\/\/www.daisho.be\/de\/wp-json\/wp\/v2\/sport?post=454264"}],"curies":[{"name":"wp","href":"https:\/\/api.w.org\/{rel}","templated":true}]}}