{"id":454221,"date":"2021-03-03T15:42:26","date_gmt":"2021-03-03T14:42:26","guid":{"rendered":"https:\/\/www.daisho.be\/produit\/airjump-8-m-set\/"},"modified":"2026-05-05T11:49:36","modified_gmt":"2026-05-05T09:49:36","slug":"airjump-8-m-set","status":"publish","type":"product","link":"https:\/\/www.daisho.be\/de\/produit\/airjump-8-m-set\/","title":{"rendered":"AirJump 8 m &#8211; Set"},"content":{"rendered":"<p>Das AirJump-Set ist unsere vielseitigste Trainingsausr\u00fcstung.<br \/>\n&#x2122;Es ist eine komplette Trainingsstation, die sich ideal f\u00fcr Sporthallen und Schulen eignet. Mit Hilfe von starken Klettverschl\u00fcssen k\u00f6nnen alle Einzelteile positioniert und verbunden werden, um einen weichen Vogellaufkasten, eine Treppe, eine Neigung, eine Sprungmatte und vieles mehr zu schaffen.<br \/>\nDas umfassendste Set f\u00fcr das Turnen von Kleinkindern.<br \/>\nDas AirJump-Set ist leicht.<br \/>\n5 Jahre Garantie. <\/p>\n","protected":false},"excerpt":{"rendered":"<p>Das AirJump-Set ist unsere vielseitigste Trainingsausr\u00fcstung. &#x2122;Es ist eine komplette Trainingsstation, die sich ideal f\u00fcr Sporthallen und Schulen eignet. Mit Hilfe von starken Klettverschl\u00fcssen k\u00f6nnen alle Einzelteile positioniert und verbunden werden, um einen weichen Vogellaufkasten, eine Treppe, eine Neigung, eine Sprungmatte und vieles mehr zu schaffen. Das umfassendste Set f\u00fcr das Turnen von Kleinkindern. Das [&hellip;]<\/p>\n","protected":false},"featured_media":691033,"comment_status":"open","ping_status":"closed","template":"","meta":{"inline_featured_image":false},"product_brand":[],"product_cat":[2253],"product_tag":[2254],"sport":[],"class_list":{"0":"post-454221","1":"product","2":"type-product","3":"status-publish","4":"has-post-thumbnail","6":"product_cat-teppich","7":"product_tag-airtrack-factory","8":"pa_size-sans-taille","10":"first","11":"outofstock","12":"taxable","13":"shipping-taxable","14":"purchasable","15":"product-type-simple"},"yoast_head":"<!-- This site is optimized with the Yoast SEO plugin v27.2 - https:\/\/yoast.com\/product\/yoast-seo-wordpress\/ -->\n<title>AirJump 8 m - Set &#8211; Daisho<\/title>\n<meta name=\"robots\" content=\"index, follow, max-snippet:-1, max-image-preview:large, max-video-preview:-1\" \/>\n<link rel=\"canonical\" href=\"https:\/\/www.daisho.be\/de\/produit\/airjump-8-m-set\/\" \/>\n<meta property=\"og:locale\" content=\"de_DE\" \/>\n<meta property=\"og:type\" content=\"article\" \/>\n<meta property=\"og:title\" content=\"AirJump 8 m - Set &#8211; Daisho\" \/>\n<meta property=\"og:description\" content=\"Das AirJump-Set ist unsere vielseitigste Trainingsausr\u00fcstung. &#x2122;Es ist eine komplette Trainingsstation, die sich ideal f\u00fcr Sporthallen und Schulen eignet. Mit Hilfe von starken Klettverschl\u00fcssen k\u00f6nnen alle Einzelteile positioniert und verbunden werden, um einen weichen Vogellaufkasten, eine Treppe, eine Neigung, eine Sprungmatte und vieles mehr zu schaffen. Das umfassendste Set f\u00fcr das Turnen von Kleinkindern. Das [&hellip;]\" \/>\n<meta property=\"og:url\" content=\"https:\/\/www.daisho.be\/de\/produit\/airjump-8-m-set\/\" \/>\n<meta property=\"og:site_name\" content=\"Daisho\" \/>\n<meta property=\"article:modified_time\" content=\"2026-05-05T09:49:36+00:00\" \/>\n<meta property=\"og:image\" content=\"https:\/\/www.daisho.be\/wp-content\/uploads\/2026\/05\/image-21.png\" \/>\n\t<meta property=\"og:image:width\" content=\"1519\" \/>\n\t<meta property=\"og:image:height\" content=\"765\" \/>\n\t<meta property=\"og:image:type\" content=\"image\/png\" \/>\n<meta name=\"twitter:card\" content=\"summary_large_image\" \/>\n<script type=\"application\/ld+json\" class=\"yoast-schema-graph\">{\"@context\":\"https:\/\/schema.org\",\"@graph\":[{\"@type\":\"WebPage\",\"@id\":\"https:\/\/www.daisho.be\/de\/produit\/airjump-8-m-set\/\",\"url\":\"https:\/\/www.daisho.be\/de\/produit\/airjump-8-m-set\/\",\"name\":\"AirJump 8 m - Set &#8211; Daisho\",\"isPartOf\":{\"@id\":\"https:\/\/www.daisho.be\/de\/#website\"},\"primaryImageOfPage\":{\"@id\":\"https:\/\/www.daisho.be\/de\/produit\/airjump-8-m-set\/#primaryimage\"},\"image\":{\"@id\":\"https:\/\/www.daisho.be\/de\/produit\/airjump-8-m-set\/#primaryimage\"},\"thumbnailUrl\":\"https:\/\/www.daisho.be\/wp-content\/uploads\/2026\/05\/image-21.png\",\"datePublished\":\"2021-03-03T14:42:26+00:00\",\"dateModified\":\"2026-05-05T09:49:36+00:00\",\"breadcrumb\":{\"@id\":\"https:\/\/www.daisho.be\/de\/produit\/airjump-8-m-set\/#breadcrumb\"},\"inLanguage\":\"de\",\"potentialAction\":[{\"@type\":\"ReadAction\",\"target\":[\"https:\/\/www.daisho.be\/de\/produit\/airjump-8-m-set\/\"]}]},{\"@type\":\"ImageObject\",\"inLanguage\":\"de\",\"@id\":\"https:\/\/www.daisho.be\/de\/produit\/airjump-8-m-set\/#primaryimage\",\"url\":\"https:\/\/www.daisho.be\/wp-content\/uploads\/2026\/05\/image-21.png\",\"contentUrl\":\"https:\/\/www.daisho.be\/wp-content\/uploads\/2026\/05\/image-21.png\",\"width\":1519,\"height\":765,\"caption\":\"AirJump 8 m - Ensemble-1\"},{\"@type\":\"BreadcrumbList\",\"@id\":\"https:\/\/www.daisho.be\/de\/produit\/airjump-8-m-set\/#breadcrumb\",\"itemListElement\":[{\"@type\":\"ListItem\",\"position\":1,\"name\":\"Accueil\",\"item\":\"https:\/\/www.daisho.be\/de\/\"},{\"@type\":\"ListItem\",\"position\":2,\"name\":\"Produkte\",\"item\":\"https:\/\/www.daisho.be\/de\/produkte\/\"},{\"@type\":\"ListItem\",\"position\":3,\"name\":\"Kampfsportarten\",\"item\":\"https:\/\/www.daisho.be\/de\/categorie-produit\/kampfsportarten\/\"},{\"@type\":\"ListItem\",\"position\":4,\"name\":\"Teppich\",\"item\":\"https:\/\/www.daisho.be\/de\/categorie-produit\/kampfsportarten\/teppich\/\"},{\"@type\":\"ListItem\",\"position\":5,\"name\":\"AirJump 8 m &#8211; Set\"}]},{\"@type\":\"WebSite\",\"@id\":\"https:\/\/www.daisho.be\/de\/#website\",\"url\":\"https:\/\/www.daisho.be\/de\/\",\"name\":\"Daisho\",\"description\":\"Sp&eacute;cialiste de l'&eacute;quipement sportif d'arts martiaux\",\"publisher\":{\"@id\":\"https:\/\/www.daisho.be\/de\/#organization\"},\"potentialAction\":[{\"@type\":\"SearchAction\",\"target\":{\"@type\":\"EntryPoint\",\"urlTemplate\":\"https:\/\/www.daisho.be\/de\/?s={search_term_string}\"},\"query-input\":{\"@type\":\"PropertyValueSpecification\",\"valueRequired\":true,\"valueName\":\"search_term_string\"}}],\"inLanguage\":\"de\"},{\"@type\":\"Organization\",\"@id\":\"https:\/\/www.daisho.be\/de\/#organization\",\"name\":\"Daisho\",\"url\":\"https:\/\/www.daisho.be\/de\/\",\"logo\":{\"@type\":\"ImageObject\",\"inLanguage\":\"de\",\"@id\":\"https:\/\/www.daisho.be\/de\/#\/schema\/logo\/image\/\",\"url\":\"https:\/\/www.daisho.be\/wp-content\/uploads\/2019\/07\/color-nothing-horizontale4x-e1564486100247.png\",\"contentUrl\":\"https:\/\/www.daisho.be\/wp-content\/uploads\/2019\/07\/color-nothing-horizontale4x-e1564486100247.png\",\"width\":1547,\"height\":385,\"caption\":\"Daisho\"},\"image\":{\"@id\":\"https:\/\/www.daisho.be\/de\/#\/schema\/logo\/image\/\"}}]}<\/script>\n<!-- \/ Yoast SEO plugin. -->","yoast_head_json":{"title":"AirJump 8 m - Set &#8211; Daisho","robots":{"index":"index","follow":"follow","max-snippet":"max-snippet:-1","max-image-preview":"max-image-preview:large","max-video-preview":"max-video-preview:-1"},"canonical":"https:\/\/www.daisho.be\/de\/produit\/airjump-8-m-set\/","og_locale":"de_DE","og_type":"article","og_title":"AirJump 8 m - Set &#8211; Daisho","og_description":"Das AirJump-Set ist unsere vielseitigste Trainingsausr\u00fcstung. &#x2122;Es ist eine komplette Trainingsstation, die sich ideal f\u00fcr Sporthallen und Schulen eignet. Mit Hilfe von starken Klettverschl\u00fcssen k\u00f6nnen alle Einzelteile positioniert und verbunden werden, um einen weichen Vogellaufkasten, eine Treppe, eine Neigung, eine Sprungmatte und vieles mehr zu schaffen. Das umfassendste Set f\u00fcr das Turnen von Kleinkindern. Das [&hellip;]","og_url":"https:\/\/www.daisho.be\/de\/produit\/airjump-8-m-set\/","og_site_name":"Daisho","article_modified_time":"2026-05-05T09:49:36+00:00","og_image":[{"width":1519,"height":765,"url":"https:\/\/www.daisho.be\/wp-content\/uploads\/2026\/05\/image-21.png","type":"image\/png"}],"twitter_card":"summary_large_image","schema":{"@context":"https:\/\/schema.org","@graph":[{"@type":"WebPage","@id":"https:\/\/www.daisho.be\/de\/produit\/airjump-8-m-set\/","url":"https:\/\/www.daisho.be\/de\/produit\/airjump-8-m-set\/","name":"AirJump 8 m - Set &#8211; Daisho","isPartOf":{"@id":"https:\/\/www.daisho.be\/de\/#website"},"primaryImageOfPage":{"@id":"https:\/\/www.daisho.be\/de\/produit\/airjump-8-m-set\/#primaryimage"},"image":{"@id":"https:\/\/www.daisho.be\/de\/produit\/airjump-8-m-set\/#primaryimage"},"thumbnailUrl":"https:\/\/www.daisho.be\/wp-content\/uploads\/2026\/05\/image-21.png","datePublished":"2021-03-03T14:42:26+00:00","dateModified":"2026-05-05T09:49:36+00:00","breadcrumb":{"@id":"https:\/\/www.daisho.be\/de\/produit\/airjump-8-m-set\/#breadcrumb"},"inLanguage":"de","potentialAction":[{"@type":"ReadAction","target":["https:\/\/www.daisho.be\/de\/produit\/airjump-8-m-set\/"]}]},{"@type":"ImageObject","inLanguage":"de","@id":"https:\/\/www.daisho.be\/de\/produit\/airjump-8-m-set\/#primaryimage","url":"https:\/\/www.daisho.be\/wp-content\/uploads\/2026\/05\/image-21.png","contentUrl":"https:\/\/www.daisho.be\/wp-content\/uploads\/2026\/05\/image-21.png","width":1519,"height":765,"caption":"AirJump 8 m - Ensemble-1"},{"@type":"BreadcrumbList","@id":"https:\/\/www.daisho.be\/de\/produit\/airjump-8-m-set\/#breadcrumb","itemListElement":[{"@type":"ListItem","position":1,"name":"Accueil","item":"https:\/\/www.daisho.be\/de\/"},{"@type":"ListItem","position":2,"name":"Produkte","item":"https:\/\/www.daisho.be\/de\/produkte\/"},{"@type":"ListItem","position":3,"name":"Kampfsportarten","item":"https:\/\/www.daisho.be\/de\/categorie-produit\/kampfsportarten\/"},{"@type":"ListItem","position":4,"name":"Teppich","item":"https:\/\/www.daisho.be\/de\/categorie-produit\/kampfsportarten\/teppich\/"},{"@type":"ListItem","position":5,"name":"AirJump 8 m &#8211; Set"}]},{"@type":"WebSite","@id":"https:\/\/www.daisho.be\/de\/#website","url":"https:\/\/www.daisho.be\/de\/","name":"Daisho","description":"Sp&eacute;cialiste de l'&eacute;quipement sportif d'arts martiaux","publisher":{"@id":"https:\/\/www.daisho.be\/de\/#organization"},"potentialAction":[{"@type":"SearchAction","target":{"@type":"EntryPoint","urlTemplate":"https:\/\/www.daisho.be\/de\/?s={search_term_string}"},"query-input":{"@type":"PropertyValueSpecification","valueRequired":true,"valueName":"search_term_string"}}],"inLanguage":"de"},{"@type":"Organization","@id":"https:\/\/www.daisho.be\/de\/#organization","name":"Daisho","url":"https:\/\/www.daisho.be\/de\/","logo":{"@type":"ImageObject","inLanguage":"de","@id":"https:\/\/www.daisho.be\/de\/#\/schema\/logo\/image\/","url":"https:\/\/www.daisho.be\/wp-content\/uploads\/2019\/07\/color-nothing-horizontale4x-e1564486100247.png","contentUrl":"https:\/\/www.daisho.be\/wp-content\/uploads\/2019\/07\/color-nothing-horizontale4x-e1564486100247.png","width":1547,"height":385,"caption":"Daisho"},"image":{"@id":"https:\/\/www.daisho.be\/de\/#\/schema\/logo\/image\/"}}]}},"_links":{"self":[{"href":"https:\/\/www.daisho.be\/de\/wp-json\/wp\/v2\/product\/454221","targetHints":{"allow":["GET"]}}],"collection":[{"href":"https:\/\/www.daisho.be\/de\/wp-json\/wp\/v2\/product"}],"about":[{"href":"https:\/\/www.daisho.be\/de\/wp-json\/wp\/v2\/types\/product"}],"replies":[{"embeddable":true,"href":"https:\/\/www.daisho.be\/de\/wp-json\/wp\/v2\/comments?post=454221"}],"wp:featuredmedia":[{"embeddable":true,"href":"https:\/\/www.daisho.be\/de\/wp-json\/wp\/v2\/media\/691033"}],"wp:attachment":[{"href":"https:\/\/www.daisho.be\/de\/wp-json\/wp\/v2\/media?parent=454221"}],"wp:term":[{"taxonomy":"product_brand","embeddable":true,"href":"https:\/\/www.daisho.be\/de\/wp-json\/wp\/v2\/product_brand?post=454221"},{"taxonomy":"product_cat","embeddable":true,"href":"https:\/\/www.daisho.be\/de\/wp-json\/wp\/v2\/product_cat?post=454221"},{"taxonomy":"product_tag","embeddable":true,"href":"https:\/\/www.daisho.be\/de\/wp-json\/wp\/v2\/product_tag?post=454221"},{"taxonomy":"sport","embeddable":true,"href":"https:\/\/www.daisho.be\/de\/wp-json\/wp\/v2\/sport?post=454221"}],"curies":[{"name":"wp","href":"https:\/\/api.w.org\/{rel}","templated":true}]}}