{"id":454092,"date":"2021-03-03T16:12:09","date_gmt":"2021-03-03T15:12:09","guid":{"rendered":"https:\/\/www.daisho.be\/produit\/trainingsset-blau\/"},"modified":"2025-12-11T12:17:18","modified_gmt":"2025-12-11T11:17:18","slug":"trainingsset-blau","status":"publish","type":"product","link":"https:\/\/www.daisho.be\/de\/produit\/trainingsset-blau\/","title":{"rendered":"Trainingsset &#8211; Blau"},"content":{"rendered":"<p>Dieses Set aus 3 Bahnen und einem AirRoll bietet Ihnen unbegrenzte Trainingsvarianten.<br \/>\nDank der kompakten Gr\u00f6\u00dfen k\u00f6nnen Sie einfach Ihren Platz in der Turnhalle w\u00e4hlen und mit dem Training beginnen! Robuster Klettverschluss h\u00e4lt die Matten an Ort und Stelle, um Bewegungen w\u00e4hrend des Trainings zu verhindern.<br \/>\nEin komplettes Set f\u00fcr jede Turnhalle.<br \/>\nVielf\u00e4ltige Nutzung.<br \/>\n5 Jahre Garantie. <\/p>\n","protected":false},"excerpt":{"rendered":"<p>Dieses Set aus 3 Bahnen und einem AirRoll bietet Ihnen unbegrenzte Trainingsvarianten. Dank der kompakten Gr\u00f6\u00dfen k\u00f6nnen Sie einfach Ihren Platz in der Turnhalle w\u00e4hlen und mit dem Training beginnen! Robuster Klettverschluss h\u00e4lt die Matten an Ort und Stelle, um Bewegungen w\u00e4hrend des Trainings zu verhindern. Ein komplettes Set f\u00fcr jede Turnhalle. Vielf\u00e4ltige Nutzung. 5 [&hellip;]<\/p>\n","protected":false},"featured_media":454096,"comment_status":"open","ping_status":"closed","template":"","meta":{"inline_featured_image":false},"product_brand":[],"product_cat":[2253],"product_tag":[2254,2554],"sport":[],"class_list":{"0":"post-454092","1":"product","2":"type-product","3":"status-publish","4":"has-post-thumbnail","6":"product_cat-teppich","7":"product_tag-airtrack-factory","8":"product_tag-kostenvoranschlag","9":"pa_size-sans-taille","11":"first","12":"instock","13":"taxable","14":"shipping-taxable","15":"purchasable","16":"product-type-variable"},"yoast_head":"<!-- This site is optimized with the Yoast SEO plugin v27.2 - https:\/\/yoast.com\/product\/yoast-seo-wordpress\/ -->\n<title>Trainingsset - Blau &#8211; Daisho<\/title>\n<meta name=\"robots\" content=\"index, follow, max-snippet:-1, max-image-preview:large, max-video-preview:-1\" \/>\n<link rel=\"canonical\" href=\"https:\/\/www.daisho.be\/de\/produit\/trainingsset-blau\/\" \/>\n<meta property=\"og:locale\" content=\"de_DE\" \/>\n<meta property=\"og:type\" content=\"article\" \/>\n<meta property=\"og:title\" content=\"Trainingsset - Blau &#8211; Daisho\" \/>\n<meta property=\"og:description\" content=\"Dieses Set aus 3 Bahnen und einem AirRoll bietet Ihnen unbegrenzte Trainingsvarianten. Dank der kompakten Gr\u00f6\u00dfen k\u00f6nnen Sie einfach Ihren Platz in der Turnhalle w\u00e4hlen und mit dem Training beginnen! Robuster Klettverschluss h\u00e4lt die Matten an Ort und Stelle, um Bewegungen w\u00e4hrend des Trainings zu verhindern. Ein komplettes Set f\u00fcr jede Turnhalle. Vielf\u00e4ltige Nutzung. 5 [&hellip;]\" \/>\n<meta property=\"og:url\" content=\"https:\/\/www.daisho.be\/de\/produit\/trainingsset-blau\/\" \/>\n<meta property=\"og:site_name\" content=\"Daisho\" \/>\n<meta property=\"article:modified_time\" content=\"2025-12-11T11:17:18+00:00\" \/>\n<meta property=\"og:image\" content=\"https:\/\/www.daisho.be\/wp-content\/uploads\/2021\/03\/image-212.png\" \/>\n\t<meta property=\"og:image:width\" content=\"600\" \/>\n\t<meta property=\"og:image:height\" content=\"336\" \/>\n\t<meta property=\"og:image:type\" content=\"image\/png\" \/>\n<meta name=\"twitter:card\" content=\"summary_large_image\" \/>\n<script type=\"application\/ld+json\" class=\"yoast-schema-graph\">{\"@context\":\"https:\/\/schema.org\",\"@graph\":[{\"@type\":\"WebPage\",\"@id\":\"https:\/\/www.daisho.be\/de\/produit\/trainingsset-blau\/\",\"url\":\"https:\/\/www.daisho.be\/de\/produit\/trainingsset-blau\/\",\"name\":\"Trainingsset - Blau &#8211; Daisho\",\"isPartOf\":{\"@id\":\"https:\/\/www.daisho.be\/de\/#website\"},\"primaryImageOfPage\":{\"@id\":\"https:\/\/www.daisho.be\/de\/produit\/trainingsset-blau\/#primaryimage\"},\"image\":{\"@id\":\"https:\/\/www.daisho.be\/de\/produit\/trainingsset-blau\/#primaryimage\"},\"thumbnailUrl\":\"https:\/\/www.daisho.be\/wp-content\/uploads\/2021\/03\/image-212.png\",\"datePublished\":\"2021-03-03T15:12:09+00:00\",\"dateModified\":\"2025-12-11T11:17:18+00:00\",\"breadcrumb\":{\"@id\":\"https:\/\/www.daisho.be\/de\/produit\/trainingsset-blau\/#breadcrumb\"},\"inLanguage\":\"de\",\"potentialAction\":[{\"@type\":\"ReadAction\",\"target\":[\"https:\/\/www.daisho.be\/de\/produit\/trainingsset-blau\/\"]}]},{\"@type\":\"ImageObject\",\"inLanguage\":\"de\",\"@id\":\"https:\/\/www.daisho.be\/de\/produit\/trainingsset-blau\/#primaryimage\",\"url\":\"https:\/\/www.daisho.be\/wp-content\/uploads\/2021\/03\/image-212.png\",\"contentUrl\":\"https:\/\/www.daisho.be\/wp-content\/uploads\/2021\/03\/image-212.png\",\"width\":600,\"height\":336,\"caption\":\"Trainingsset - Blau-1\"},{\"@type\":\"BreadcrumbList\",\"@id\":\"https:\/\/www.daisho.be\/de\/produit\/trainingsset-blau\/#breadcrumb\",\"itemListElement\":[{\"@type\":\"ListItem\",\"position\":1,\"name\":\"Accueil\",\"item\":\"https:\/\/www.daisho.be\/de\/\"},{\"@type\":\"ListItem\",\"position\":2,\"name\":\"Produkte\",\"item\":\"https:\/\/www.daisho.be\/de\/produkte\/\"},{\"@type\":\"ListItem\",\"position\":3,\"name\":\"Kampfsportarten\",\"item\":\"https:\/\/www.daisho.be\/de\/categorie-produit\/kampfsportarten\/\"},{\"@type\":\"ListItem\",\"position\":4,\"name\":\"Teppich\",\"item\":\"https:\/\/www.daisho.be\/de\/categorie-produit\/kampfsportarten\/teppich\/\"},{\"@type\":\"ListItem\",\"position\":5,\"name\":\"Trainingsset &#8211; Blau\"}]},{\"@type\":\"WebSite\",\"@id\":\"https:\/\/www.daisho.be\/de\/#website\",\"url\":\"https:\/\/www.daisho.be\/de\/\",\"name\":\"Daisho\",\"description\":\"Sp&eacute;cialiste de l'&eacute;quipement sportif d'arts martiaux\",\"publisher\":{\"@id\":\"https:\/\/www.daisho.be\/de\/#organization\"},\"potentialAction\":[{\"@type\":\"SearchAction\",\"target\":{\"@type\":\"EntryPoint\",\"urlTemplate\":\"https:\/\/www.daisho.be\/de\/?s={search_term_string}\"},\"query-input\":{\"@type\":\"PropertyValueSpecification\",\"valueRequired\":true,\"valueName\":\"search_term_string\"}}],\"inLanguage\":\"de\"},{\"@type\":\"Organization\",\"@id\":\"https:\/\/www.daisho.be\/de\/#organization\",\"name\":\"Daisho\",\"url\":\"https:\/\/www.daisho.be\/de\/\",\"logo\":{\"@type\":\"ImageObject\",\"inLanguage\":\"de\",\"@id\":\"https:\/\/www.daisho.be\/de\/#\/schema\/logo\/image\/\",\"url\":\"https:\/\/www.daisho.be\/wp-content\/uploads\/2019\/07\/color-nothing-horizontale4x-e1564486100247.png\",\"contentUrl\":\"https:\/\/www.daisho.be\/wp-content\/uploads\/2019\/07\/color-nothing-horizontale4x-e1564486100247.png\",\"width\":1547,\"height\":385,\"caption\":\"Daisho\"},\"image\":{\"@id\":\"https:\/\/www.daisho.be\/de\/#\/schema\/logo\/image\/\"}}]}<\/script>\n<!-- \/ Yoast SEO plugin. -->","yoast_head_json":{"title":"Trainingsset - Blau &#8211; Daisho","robots":{"index":"index","follow":"follow","max-snippet":"max-snippet:-1","max-image-preview":"max-image-preview:large","max-video-preview":"max-video-preview:-1"},"canonical":"https:\/\/www.daisho.be\/de\/produit\/trainingsset-blau\/","og_locale":"de_DE","og_type":"article","og_title":"Trainingsset - Blau &#8211; Daisho","og_description":"Dieses Set aus 3 Bahnen und einem AirRoll bietet Ihnen unbegrenzte Trainingsvarianten. Dank der kompakten Gr\u00f6\u00dfen k\u00f6nnen Sie einfach Ihren Platz in der Turnhalle w\u00e4hlen und mit dem Training beginnen! Robuster Klettverschluss h\u00e4lt die Matten an Ort und Stelle, um Bewegungen w\u00e4hrend des Trainings zu verhindern. Ein komplettes Set f\u00fcr jede Turnhalle. Vielf\u00e4ltige Nutzung. 5 [&hellip;]","og_url":"https:\/\/www.daisho.be\/de\/produit\/trainingsset-blau\/","og_site_name":"Daisho","article_modified_time":"2025-12-11T11:17:18+00:00","og_image":[{"width":600,"height":336,"url":"https:\/\/www.daisho.be\/wp-content\/uploads\/2021\/03\/image-212.png","type":"image\/png"}],"twitter_card":"summary_large_image","schema":{"@context":"https:\/\/schema.org","@graph":[{"@type":"WebPage","@id":"https:\/\/www.daisho.be\/de\/produit\/trainingsset-blau\/","url":"https:\/\/www.daisho.be\/de\/produit\/trainingsset-blau\/","name":"Trainingsset - Blau &#8211; Daisho","isPartOf":{"@id":"https:\/\/www.daisho.be\/de\/#website"},"primaryImageOfPage":{"@id":"https:\/\/www.daisho.be\/de\/produit\/trainingsset-blau\/#primaryimage"},"image":{"@id":"https:\/\/www.daisho.be\/de\/produit\/trainingsset-blau\/#primaryimage"},"thumbnailUrl":"https:\/\/www.daisho.be\/wp-content\/uploads\/2021\/03\/image-212.png","datePublished":"2021-03-03T15:12:09+00:00","dateModified":"2025-12-11T11:17:18+00:00","breadcrumb":{"@id":"https:\/\/www.daisho.be\/de\/produit\/trainingsset-blau\/#breadcrumb"},"inLanguage":"de","potentialAction":[{"@type":"ReadAction","target":["https:\/\/www.daisho.be\/de\/produit\/trainingsset-blau\/"]}]},{"@type":"ImageObject","inLanguage":"de","@id":"https:\/\/www.daisho.be\/de\/produit\/trainingsset-blau\/#primaryimage","url":"https:\/\/www.daisho.be\/wp-content\/uploads\/2021\/03\/image-212.png","contentUrl":"https:\/\/www.daisho.be\/wp-content\/uploads\/2021\/03\/image-212.png","width":600,"height":336,"caption":"Trainingsset - Blau-1"},{"@type":"BreadcrumbList","@id":"https:\/\/www.daisho.be\/de\/produit\/trainingsset-blau\/#breadcrumb","itemListElement":[{"@type":"ListItem","position":1,"name":"Accueil","item":"https:\/\/www.daisho.be\/de\/"},{"@type":"ListItem","position":2,"name":"Produkte","item":"https:\/\/www.daisho.be\/de\/produkte\/"},{"@type":"ListItem","position":3,"name":"Kampfsportarten","item":"https:\/\/www.daisho.be\/de\/categorie-produit\/kampfsportarten\/"},{"@type":"ListItem","position":4,"name":"Teppich","item":"https:\/\/www.daisho.be\/de\/categorie-produit\/kampfsportarten\/teppich\/"},{"@type":"ListItem","position":5,"name":"Trainingsset &#8211; Blau"}]},{"@type":"WebSite","@id":"https:\/\/www.daisho.be\/de\/#website","url":"https:\/\/www.daisho.be\/de\/","name":"Daisho","description":"Sp&eacute;cialiste de l'&eacute;quipement sportif d'arts martiaux","publisher":{"@id":"https:\/\/www.daisho.be\/de\/#organization"},"potentialAction":[{"@type":"SearchAction","target":{"@type":"EntryPoint","urlTemplate":"https:\/\/www.daisho.be\/de\/?s={search_term_string}"},"query-input":{"@type":"PropertyValueSpecification","valueRequired":true,"valueName":"search_term_string"}}],"inLanguage":"de"},{"@type":"Organization","@id":"https:\/\/www.daisho.be\/de\/#organization","name":"Daisho","url":"https:\/\/www.daisho.be\/de\/","logo":{"@type":"ImageObject","inLanguage":"de","@id":"https:\/\/www.daisho.be\/de\/#\/schema\/logo\/image\/","url":"https:\/\/www.daisho.be\/wp-content\/uploads\/2019\/07\/color-nothing-horizontale4x-e1564486100247.png","contentUrl":"https:\/\/www.daisho.be\/wp-content\/uploads\/2019\/07\/color-nothing-horizontale4x-e1564486100247.png","width":1547,"height":385,"caption":"Daisho"},"image":{"@id":"https:\/\/www.daisho.be\/de\/#\/schema\/logo\/image\/"}}]}},"_links":{"self":[{"href":"https:\/\/www.daisho.be\/de\/wp-json\/wp\/v2\/product\/454092","targetHints":{"allow":["GET"]}}],"collection":[{"href":"https:\/\/www.daisho.be\/de\/wp-json\/wp\/v2\/product"}],"about":[{"href":"https:\/\/www.daisho.be\/de\/wp-json\/wp\/v2\/types\/product"}],"replies":[{"embeddable":true,"href":"https:\/\/www.daisho.be\/de\/wp-json\/wp\/v2\/comments?post=454092"}],"wp:featuredmedia":[{"embeddable":true,"href":"https:\/\/www.daisho.be\/de\/wp-json\/wp\/v2\/media\/454096"}],"wp:attachment":[{"href":"https:\/\/www.daisho.be\/de\/wp-json\/wp\/v2\/media?parent=454092"}],"wp:term":[{"taxonomy":"product_brand","embeddable":true,"href":"https:\/\/www.daisho.be\/de\/wp-json\/wp\/v2\/product_brand?post=454092"},{"taxonomy":"product_cat","embeddable":true,"href":"https:\/\/www.daisho.be\/de\/wp-json\/wp\/v2\/product_cat?post=454092"},{"taxonomy":"product_tag","embeddable":true,"href":"https:\/\/www.daisho.be\/de\/wp-json\/wp\/v2\/product_tag?post=454092"},{"taxonomy":"sport","embeddable":true,"href":"https:\/\/www.daisho.be\/de\/wp-json\/wp\/v2\/sport?post=454092"}],"curies":[{"name":"wp","href":"https:\/\/api.w.org\/{rel}","templated":true}]}}