{"id":454069,"date":"2021-03-03T16:12:47","date_gmt":"2021-03-03T15:12:47","guid":{"rendered":"https:\/\/www.daisho.be\/produit\/trainingsset-haus-rosa\/"},"modified":"2025-12-11T12:17:29","modified_gmt":"2025-12-11T11:17:29","slug":"trainingsset-haus-rosa","status":"publish","type":"product","link":"https:\/\/www.daisho.be\/de\/produit\/trainingsset-haus-rosa\/","title":{"rendered":"Trainingsset &#8222;Haus&#8220; &#8211; Rosa"},"content":{"rendered":"<p>Nehmen Sie Ihr Training mit nach Hause mit dem vielseitigen Trainingsset Home Edition<br \/>\nDas AirTrack Home Edition Trainingsset bietet ein vielseitiges Set f\u00fcr das Training akrobatischer \u00dcbungen zu Hause. Der AirFloor Home bietet eine aufblasbare Basis f\u00fcr die Grundfertigkeiten. Mit dem AirBoard und dem AirBlock kann eine verst\u00e4rkte Sprungfl\u00e4che f\u00fcr Spr\u00fcnge, Spr\u00fcnge und B\u00f6gen geschaffen werden. Das AirBoard kann auch verwendet werden, um die Basis um einen Meter zu verl\u00e4ngern.<br \/>\nOb Sie zu Hause, im Urlaub oder bei einem Freund sind, Sie k\u00f6nnen immer wie in der Turnhalle trainieren. Dank der kompakten Abmessungen k\u00f6nnen Sie einfach Ihren Platz w\u00e4hlen und mit dem Training beginnen! Robuster Klettverschluss h\u00e4lt die Matten an Ort und Stelle, um Bewegungen w\u00e4hrend des Trainings zu verhindern.<br \/>\nDas Set wird mit einer Fu\u00dfpumpe und einer Tasche geliefert.<br \/>\nEin komplettes Set f\u00fcr das Training zu Hause.<br \/>\n5 Jahre Garantie.<br \/>\nZus\u00e4tzlicher Schutz der N\u00e4hte.     <\/p>\n","protected":false},"excerpt":{"rendered":"<p>Nehmen Sie Ihr Training mit nach Hause mit dem vielseitigen Trainingsset Home Edition Das AirTrack Home Edition Trainingsset bietet ein vielseitiges Set f\u00fcr das Training akrobatischer \u00dcbungen zu Hause. Der AirFloor Home bietet eine aufblasbare Basis f\u00fcr die Grundfertigkeiten. Mit dem AirBoard und dem AirBlock kann eine verst\u00e4rkte Sprungfl\u00e4che f\u00fcr Spr\u00fcnge, Spr\u00fcnge und B\u00f6gen geschaffen [&hellip;]<\/p>\n","protected":false},"featured_media":454072,"comment_status":"open","ping_status":"closed","template":"","meta":{"inline_featured_image":false},"product_brand":[],"product_cat":[2253],"product_tag":[2254,2554],"sport":[],"class_list":{"0":"post-454069","1":"product","2":"type-product","3":"status-publish","4":"has-post-thumbnail","6":"product_cat-teppich","7":"product_tag-airtrack-factory","8":"product_tag-kostenvoranschlag","9":"pa_size-sans-taille","11":"first","12":"instock","13":"taxable","14":"shipping-taxable","15":"purchasable","16":"product-type-variable"},"yoast_head":"<!-- This site is optimized with the Yoast SEO plugin v27.2 - https:\/\/yoast.com\/product\/yoast-seo-wordpress\/ -->\n<title>Trainingsset &quot;Haus&quot; - Rosa &#8211; Daisho<\/title>\n<meta name=\"robots\" content=\"index, follow, max-snippet:-1, max-image-preview:large, max-video-preview:-1\" \/>\n<link rel=\"canonical\" href=\"https:\/\/www.daisho.be\/de\/produit\/trainingsset-haus-rosa\/\" \/>\n<meta property=\"og:locale\" content=\"de_DE\" \/>\n<meta property=\"og:type\" content=\"article\" \/>\n<meta property=\"og:title\" content=\"Trainingsset &quot;Haus&quot; - Rosa &#8211; Daisho\" \/>\n<meta property=\"og:description\" content=\"Nehmen Sie Ihr Training mit nach Hause mit dem vielseitigen Trainingsset Home Edition Das AirTrack Home Edition Trainingsset bietet ein vielseitiges Set f\u00fcr das Training akrobatischer \u00dcbungen zu Hause. Der AirFloor Home bietet eine aufblasbare Basis f\u00fcr die Grundfertigkeiten. Mit dem AirBoard und dem AirBlock kann eine verst\u00e4rkte Sprungfl\u00e4che f\u00fcr Spr\u00fcnge, Spr\u00fcnge und B\u00f6gen geschaffen [&hellip;]\" \/>\n<meta property=\"og:url\" content=\"https:\/\/www.daisho.be\/de\/produit\/trainingsset-haus-rosa\/\" \/>\n<meta property=\"og:site_name\" content=\"Daisho\" \/>\n<meta property=\"article:modified_time\" content=\"2025-12-11T11:17:29+00:00\" \/>\n<meta property=\"og:image\" content=\"https:\/\/www.daisho.be\/wp-content\/uploads\/2021\/03\/image-214.png\" \/>\n\t<meta property=\"og:image:width\" content=\"602\" \/>\n\t<meta property=\"og:image:height\" content=\"276\" \/>\n\t<meta property=\"og:image:type\" content=\"image\/png\" \/>\n<meta name=\"twitter:card\" content=\"summary_large_image\" \/>\n<meta name=\"twitter:label1\" content=\"Gesch\u00e4tzte Lesezeit\" \/>\n\t<meta name=\"twitter:data1\" content=\"1\u00a0Minute\" \/>\n<script type=\"application\/ld+json\" class=\"yoast-schema-graph\">{\"@context\":\"https:\/\/schema.org\",\"@graph\":[{\"@type\":\"WebPage\",\"@id\":\"https:\/\/www.daisho.be\/de\/produit\/trainingsset-haus-rosa\/\",\"url\":\"https:\/\/www.daisho.be\/de\/produit\/trainingsset-haus-rosa\/\",\"name\":\"Trainingsset \\\"Haus\\\" - Rosa &#8211; Daisho\",\"isPartOf\":{\"@id\":\"https:\/\/www.daisho.be\/de\/#website\"},\"primaryImageOfPage\":{\"@id\":\"https:\/\/www.daisho.be\/de\/produit\/trainingsset-haus-rosa\/#primaryimage\"},\"image\":{\"@id\":\"https:\/\/www.daisho.be\/de\/produit\/trainingsset-haus-rosa\/#primaryimage\"},\"thumbnailUrl\":\"https:\/\/www.daisho.be\/wp-content\/uploads\/2021\/03\/image-214.png\",\"datePublished\":\"2021-03-03T15:12:47+00:00\",\"dateModified\":\"2025-12-11T11:17:29+00:00\",\"breadcrumb\":{\"@id\":\"https:\/\/www.daisho.be\/de\/produit\/trainingsset-haus-rosa\/#breadcrumb\"},\"inLanguage\":\"de\",\"potentialAction\":[{\"@type\":\"ReadAction\",\"target\":[\"https:\/\/www.daisho.be\/de\/produit\/trainingsset-haus-rosa\/\"]}]},{\"@type\":\"ImageObject\",\"inLanguage\":\"de\",\"@id\":\"https:\/\/www.daisho.be\/de\/produit\/trainingsset-haus-rosa\/#primaryimage\",\"url\":\"https:\/\/www.daisho.be\/wp-content\/uploads\/2021\/03\/image-214.png\",\"contentUrl\":\"https:\/\/www.daisho.be\/wp-content\/uploads\/2021\/03\/image-214.png\",\"width\":602,\"height\":276,\"caption\":\"Trainingsset \\\"Haus\\\" - Rose-1\"},{\"@type\":\"BreadcrumbList\",\"@id\":\"https:\/\/www.daisho.be\/de\/produit\/trainingsset-haus-rosa\/#breadcrumb\",\"itemListElement\":[{\"@type\":\"ListItem\",\"position\":1,\"name\":\"Accueil\",\"item\":\"https:\/\/www.daisho.be\/de\/\"},{\"@type\":\"ListItem\",\"position\":2,\"name\":\"Produkte\",\"item\":\"https:\/\/www.daisho.be\/de\/produkte\/\"},{\"@type\":\"ListItem\",\"position\":3,\"name\":\"Kampfsportarten\",\"item\":\"https:\/\/www.daisho.be\/de\/categorie-produit\/kampfsportarten\/\"},{\"@type\":\"ListItem\",\"position\":4,\"name\":\"Teppich\",\"item\":\"https:\/\/www.daisho.be\/de\/categorie-produit\/kampfsportarten\/teppich\/\"},{\"@type\":\"ListItem\",\"position\":5,\"name\":\"Trainingsset &#8222;Haus&#8220; &#8211; Rosa\"}]},{\"@type\":\"WebSite\",\"@id\":\"https:\/\/www.daisho.be\/de\/#website\",\"url\":\"https:\/\/www.daisho.be\/de\/\",\"name\":\"Daisho\",\"description\":\"Sp&eacute;cialiste de l'&eacute;quipement sportif d'arts martiaux\",\"publisher\":{\"@id\":\"https:\/\/www.daisho.be\/de\/#organization\"},\"potentialAction\":[{\"@type\":\"SearchAction\",\"target\":{\"@type\":\"EntryPoint\",\"urlTemplate\":\"https:\/\/www.daisho.be\/de\/?s={search_term_string}\"},\"query-input\":{\"@type\":\"PropertyValueSpecification\",\"valueRequired\":true,\"valueName\":\"search_term_string\"}}],\"inLanguage\":\"de\"},{\"@type\":\"Organization\",\"@id\":\"https:\/\/www.daisho.be\/de\/#organization\",\"name\":\"Daisho\",\"url\":\"https:\/\/www.daisho.be\/de\/\",\"logo\":{\"@type\":\"ImageObject\",\"inLanguage\":\"de\",\"@id\":\"https:\/\/www.daisho.be\/de\/#\/schema\/logo\/image\/\",\"url\":\"https:\/\/www.daisho.be\/wp-content\/uploads\/2019\/07\/color-nothing-horizontale4x-e1564486100247.png\",\"contentUrl\":\"https:\/\/www.daisho.be\/wp-content\/uploads\/2019\/07\/color-nothing-horizontale4x-e1564486100247.png\",\"width\":1547,\"height\":385,\"caption\":\"Daisho\"},\"image\":{\"@id\":\"https:\/\/www.daisho.be\/de\/#\/schema\/logo\/image\/\"}}]}<\/script>\n<!-- \/ Yoast SEO plugin. -->","yoast_head_json":{"title":"Trainingsset \"Haus\" - Rosa &#8211; Daisho","robots":{"index":"index","follow":"follow","max-snippet":"max-snippet:-1","max-image-preview":"max-image-preview:large","max-video-preview":"max-video-preview:-1"},"canonical":"https:\/\/www.daisho.be\/de\/produit\/trainingsset-haus-rosa\/","og_locale":"de_DE","og_type":"article","og_title":"Trainingsset \"Haus\" - Rosa &#8211; Daisho","og_description":"Nehmen Sie Ihr Training mit nach Hause mit dem vielseitigen Trainingsset Home Edition Das AirTrack Home Edition Trainingsset bietet ein vielseitiges Set f\u00fcr das Training akrobatischer \u00dcbungen zu Hause. Der AirFloor Home bietet eine aufblasbare Basis f\u00fcr die Grundfertigkeiten. Mit dem AirBoard und dem AirBlock kann eine verst\u00e4rkte Sprungfl\u00e4che f\u00fcr Spr\u00fcnge, Spr\u00fcnge und B\u00f6gen geschaffen [&hellip;]","og_url":"https:\/\/www.daisho.be\/de\/produit\/trainingsset-haus-rosa\/","og_site_name":"Daisho","article_modified_time":"2025-12-11T11:17:29+00:00","og_image":[{"width":602,"height":276,"url":"https:\/\/www.daisho.be\/wp-content\/uploads\/2021\/03\/image-214.png","type":"image\/png"}],"twitter_card":"summary_large_image","twitter_misc":{"Gesch\u00e4tzte Lesezeit":"1\u00a0Minute"},"schema":{"@context":"https:\/\/schema.org","@graph":[{"@type":"WebPage","@id":"https:\/\/www.daisho.be\/de\/produit\/trainingsset-haus-rosa\/","url":"https:\/\/www.daisho.be\/de\/produit\/trainingsset-haus-rosa\/","name":"Trainingsset \"Haus\" - Rosa &#8211; Daisho","isPartOf":{"@id":"https:\/\/www.daisho.be\/de\/#website"},"primaryImageOfPage":{"@id":"https:\/\/www.daisho.be\/de\/produit\/trainingsset-haus-rosa\/#primaryimage"},"image":{"@id":"https:\/\/www.daisho.be\/de\/produit\/trainingsset-haus-rosa\/#primaryimage"},"thumbnailUrl":"https:\/\/www.daisho.be\/wp-content\/uploads\/2021\/03\/image-214.png","datePublished":"2021-03-03T15:12:47+00:00","dateModified":"2025-12-11T11:17:29+00:00","breadcrumb":{"@id":"https:\/\/www.daisho.be\/de\/produit\/trainingsset-haus-rosa\/#breadcrumb"},"inLanguage":"de","potentialAction":[{"@type":"ReadAction","target":["https:\/\/www.daisho.be\/de\/produit\/trainingsset-haus-rosa\/"]}]},{"@type":"ImageObject","inLanguage":"de","@id":"https:\/\/www.daisho.be\/de\/produit\/trainingsset-haus-rosa\/#primaryimage","url":"https:\/\/www.daisho.be\/wp-content\/uploads\/2021\/03\/image-214.png","contentUrl":"https:\/\/www.daisho.be\/wp-content\/uploads\/2021\/03\/image-214.png","width":602,"height":276,"caption":"Trainingsset \"Haus\" - Rose-1"},{"@type":"BreadcrumbList","@id":"https:\/\/www.daisho.be\/de\/produit\/trainingsset-haus-rosa\/#breadcrumb","itemListElement":[{"@type":"ListItem","position":1,"name":"Accueil","item":"https:\/\/www.daisho.be\/de\/"},{"@type":"ListItem","position":2,"name":"Produkte","item":"https:\/\/www.daisho.be\/de\/produkte\/"},{"@type":"ListItem","position":3,"name":"Kampfsportarten","item":"https:\/\/www.daisho.be\/de\/categorie-produit\/kampfsportarten\/"},{"@type":"ListItem","position":4,"name":"Teppich","item":"https:\/\/www.daisho.be\/de\/categorie-produit\/kampfsportarten\/teppich\/"},{"@type":"ListItem","position":5,"name":"Trainingsset &#8222;Haus&#8220; &#8211; Rosa"}]},{"@type":"WebSite","@id":"https:\/\/www.daisho.be\/de\/#website","url":"https:\/\/www.daisho.be\/de\/","name":"Daisho","description":"Sp&eacute;cialiste de l'&eacute;quipement sportif d'arts martiaux","publisher":{"@id":"https:\/\/www.daisho.be\/de\/#organization"},"potentialAction":[{"@type":"SearchAction","target":{"@type":"EntryPoint","urlTemplate":"https:\/\/www.daisho.be\/de\/?s={search_term_string}"},"query-input":{"@type":"PropertyValueSpecification","valueRequired":true,"valueName":"search_term_string"}}],"inLanguage":"de"},{"@type":"Organization","@id":"https:\/\/www.daisho.be\/de\/#organization","name":"Daisho","url":"https:\/\/www.daisho.be\/de\/","logo":{"@type":"ImageObject","inLanguage":"de","@id":"https:\/\/www.daisho.be\/de\/#\/schema\/logo\/image\/","url":"https:\/\/www.daisho.be\/wp-content\/uploads\/2019\/07\/color-nothing-horizontale4x-e1564486100247.png","contentUrl":"https:\/\/www.daisho.be\/wp-content\/uploads\/2019\/07\/color-nothing-horizontale4x-e1564486100247.png","width":1547,"height":385,"caption":"Daisho"},"image":{"@id":"https:\/\/www.daisho.be\/de\/#\/schema\/logo\/image\/"}}]}},"_links":{"self":[{"href":"https:\/\/www.daisho.be\/de\/wp-json\/wp\/v2\/product\/454069","targetHints":{"allow":["GET"]}}],"collection":[{"href":"https:\/\/www.daisho.be\/de\/wp-json\/wp\/v2\/product"}],"about":[{"href":"https:\/\/www.daisho.be\/de\/wp-json\/wp\/v2\/types\/product"}],"replies":[{"embeddable":true,"href":"https:\/\/www.daisho.be\/de\/wp-json\/wp\/v2\/comments?post=454069"}],"wp:featuredmedia":[{"embeddable":true,"href":"https:\/\/www.daisho.be\/de\/wp-json\/wp\/v2\/media\/454072"}],"wp:attachment":[{"href":"https:\/\/www.daisho.be\/de\/wp-json\/wp\/v2\/media?parent=454069"}],"wp:term":[{"taxonomy":"product_brand","embeddable":true,"href":"https:\/\/www.daisho.be\/de\/wp-json\/wp\/v2\/product_brand?post=454069"},{"taxonomy":"product_cat","embeddable":true,"href":"https:\/\/www.daisho.be\/de\/wp-json\/wp\/v2\/product_cat?post=454069"},{"taxonomy":"product_tag","embeddable":true,"href":"https:\/\/www.daisho.be\/de\/wp-json\/wp\/v2\/product_tag?post=454069"},{"taxonomy":"sport","embeddable":true,"href":"https:\/\/www.daisho.be\/de\/wp-json\/wp\/v2\/sport?post=454069"}],"curies":[{"name":"wp","href":"https:\/\/api.w.org\/{rel}","templated":true}]}}