{"id":454050,"date":"2021-03-03T16:15:07","date_gmt":"2021-03-03T15:15:07","guid":{"rendered":"https:\/\/www.daisho.be\/produit\/airfloor-wettbewerbsboden-14-x-14-m-set\/"},"modified":"2025-12-11T12:17:44","modified_gmt":"2025-12-11T11:17:44","slug":"airfloor-wettbewerbsboden-14-x-14-m-set","status":"publish","type":"product","link":"https:\/\/www.daisho.be\/de\/produit\/airfloor-wettbewerbsboden-14-x-14-m-set\/","title":{"rendered":"AirFloor Wettbewerbsboden (14 x 14 m) &#8211; Set"},"content":{"rendered":"<p>Revolution\u00e4re Aufbauzeit und leicht zu transportieren.<br \/>\nEin Wettkampfboden, der vollst\u00e4ndig im Druck einstellbar ist, so dass alle Athleten ihre Routine auf einem Boden ausf\u00fchren k\u00f6nnen, der genau auf ihren K\u00f6rpertyp und ihr Leistungsniveau abgestimmt ist.<br \/>\nDer Rebound, den Sie kennen. Die Sicherheit, die Sie erwarten. Eine Vorbereitungszeit, die Sie nie f\u00fcr m\u00f6glich gehalten h\u00e4tten.<br \/>\nVertrauensw\u00fcrdig durch den niederl\u00e4ndischen Gymnastikverband und beliebt bei denjenigen, die ihn viermal schneller aufstellen k\u00f6nnen, als Sie es mit einem regul\u00e4ren Federboden tun k\u00f6nnten.  <\/p>\n","protected":false},"excerpt":{"rendered":"<p>Revolution\u00e4re Aufbauzeit und leicht zu transportieren. Ein Wettkampfboden, der vollst\u00e4ndig im Druck einstellbar ist, so dass alle Athleten ihre Routine auf einem Boden ausf\u00fchren k\u00f6nnen, der genau auf ihren K\u00f6rpertyp und ihr Leistungsniveau abgestimmt ist. Der Rebound, den Sie kennen. Die Sicherheit, die Sie erwarten. Eine Vorbereitungszeit, die Sie nie f\u00fcr m\u00f6glich gehalten h\u00e4tten. Vertrauensw\u00fcrdig [&hellip;]<\/p>\n","protected":false},"featured_media":454053,"comment_status":"open","ping_status":"closed","template":"","meta":{"inline_featured_image":false},"product_brand":[],"product_cat":[2253],"product_tag":[2254,2554],"sport":[],"class_list":{"0":"post-454050","1":"product","2":"type-product","3":"status-publish","4":"has-post-thumbnail","6":"product_cat-teppich","7":"product_tag-airtrack-factory","8":"product_tag-kostenvoranschlag","9":"pa_size-sans-taille","11":"first","12":"instock","13":"taxable","14":"shipping-taxable","15":"purchasable","16":"product-type-variable"},"yoast_head":"<!-- This site is optimized with the Yoast SEO plugin v27.2 - https:\/\/yoast.com\/product\/yoast-seo-wordpress\/ -->\n<title>AirFloor Wettbewerbsboden (14 x 14 m) - Set &#8211; Daisho<\/title>\n<meta name=\"robots\" content=\"index, follow, max-snippet:-1, max-image-preview:large, max-video-preview:-1\" \/>\n<link rel=\"canonical\" href=\"https:\/\/www.daisho.be\/de\/produit\/airfloor-wettbewerbsboden-14-x-14-m-set\/\" \/>\n<meta property=\"og:locale\" content=\"de_DE\" \/>\n<meta property=\"og:type\" content=\"article\" \/>\n<meta property=\"og:title\" content=\"AirFloor Wettbewerbsboden (14 x 14 m) - Set &#8211; Daisho\" \/>\n<meta property=\"og:description\" content=\"Revolution\u00e4re Aufbauzeit und leicht zu transportieren. Ein Wettkampfboden, der vollst\u00e4ndig im Druck einstellbar ist, so dass alle Athleten ihre Routine auf einem Boden ausf\u00fchren k\u00f6nnen, der genau auf ihren K\u00f6rpertyp und ihr Leistungsniveau abgestimmt ist. Der Rebound, den Sie kennen. Die Sicherheit, die Sie erwarten. Eine Vorbereitungszeit, die Sie nie f\u00fcr m\u00f6glich gehalten h\u00e4tten. Vertrauensw\u00fcrdig [&hellip;]\" \/>\n<meta property=\"og:url\" content=\"https:\/\/www.daisho.be\/de\/produit\/airfloor-wettbewerbsboden-14-x-14-m-set\/\" \/>\n<meta property=\"og:site_name\" content=\"Daisho\" \/>\n<meta property=\"article:modified_time\" content=\"2025-12-11T11:17:44+00:00\" \/>\n<meta property=\"og:image\" content=\"https:\/\/www.daisho.be\/wp-content\/uploads\/2021\/03\/image-30.jpg\" \/>\n\t<meta property=\"og:image:width\" content=\"1920\" \/>\n\t<meta property=\"og:image:height\" content=\"891\" \/>\n\t<meta property=\"og:image:type\" content=\"image\/jpeg\" \/>\n<meta name=\"twitter:card\" content=\"summary_large_image\" \/>\n<script type=\"application\/ld+json\" class=\"yoast-schema-graph\">{\"@context\":\"https:\/\/schema.org\",\"@graph\":[{\"@type\":\"WebPage\",\"@id\":\"https:\/\/www.daisho.be\/de\/produit\/airfloor-wettbewerbsboden-14-x-14-m-set\/\",\"url\":\"https:\/\/www.daisho.be\/de\/produit\/airfloor-wettbewerbsboden-14-x-14-m-set\/\",\"name\":\"AirFloor Wettbewerbsboden (14 x 14 m) - Set &#8211; Daisho\",\"isPartOf\":{\"@id\":\"https:\/\/www.daisho.be\/de\/#website\"},\"primaryImageOfPage\":{\"@id\":\"https:\/\/www.daisho.be\/de\/produit\/airfloor-wettbewerbsboden-14-x-14-m-set\/#primaryimage\"},\"image\":{\"@id\":\"https:\/\/www.daisho.be\/de\/produit\/airfloor-wettbewerbsboden-14-x-14-m-set\/#primaryimage\"},\"thumbnailUrl\":\"https:\/\/www.daisho.be\/wp-content\/uploads\/2021\/03\/image-30.jpg\",\"datePublished\":\"2021-03-03T15:15:07+00:00\",\"dateModified\":\"2025-12-11T11:17:44+00:00\",\"breadcrumb\":{\"@id\":\"https:\/\/www.daisho.be\/de\/produit\/airfloor-wettbewerbsboden-14-x-14-m-set\/#breadcrumb\"},\"inLanguage\":\"de\",\"potentialAction\":[{\"@type\":\"ReadAction\",\"target\":[\"https:\/\/www.daisho.be\/de\/produit\/airfloor-wettbewerbsboden-14-x-14-m-set\/\"]}]},{\"@type\":\"ImageObject\",\"inLanguage\":\"de\",\"@id\":\"https:\/\/www.daisho.be\/de\/produit\/airfloor-wettbewerbsboden-14-x-14-m-set\/#primaryimage\",\"url\":\"https:\/\/www.daisho.be\/wp-content\/uploads\/2021\/03\/image-30.jpg\",\"contentUrl\":\"https:\/\/www.daisho.be\/wp-content\/uploads\/2021\/03\/image-30.jpg\",\"width\":1920,\"height\":891,\"caption\":\"AirFloor Wettbewerbsboden (14 x 14 m) - Set-1\"},{\"@type\":\"BreadcrumbList\",\"@id\":\"https:\/\/www.daisho.be\/de\/produit\/airfloor-wettbewerbsboden-14-x-14-m-set\/#breadcrumb\",\"itemListElement\":[{\"@type\":\"ListItem\",\"position\":1,\"name\":\"Accueil\",\"item\":\"https:\/\/www.daisho.be\/de\/\"},{\"@type\":\"ListItem\",\"position\":2,\"name\":\"Produkte\",\"item\":\"https:\/\/www.daisho.be\/de\/produkte\/\"},{\"@type\":\"ListItem\",\"position\":3,\"name\":\"Kampfsportarten\",\"item\":\"https:\/\/www.daisho.be\/de\/categorie-produit\/kampfsportarten\/\"},{\"@type\":\"ListItem\",\"position\":4,\"name\":\"Teppich\",\"item\":\"https:\/\/www.daisho.be\/de\/categorie-produit\/kampfsportarten\/teppich\/\"},{\"@type\":\"ListItem\",\"position\":5,\"name\":\"AirFloor Wettbewerbsboden (14 x 14 m) &#8211; Set\"}]},{\"@type\":\"WebSite\",\"@id\":\"https:\/\/www.daisho.be\/de\/#website\",\"url\":\"https:\/\/www.daisho.be\/de\/\",\"name\":\"Daisho\",\"description\":\"Sp&eacute;cialiste de l'&eacute;quipement sportif d'arts martiaux\",\"publisher\":{\"@id\":\"https:\/\/www.daisho.be\/de\/#organization\"},\"potentialAction\":[{\"@type\":\"SearchAction\",\"target\":{\"@type\":\"EntryPoint\",\"urlTemplate\":\"https:\/\/www.daisho.be\/de\/?s={search_term_string}\"},\"query-input\":{\"@type\":\"PropertyValueSpecification\",\"valueRequired\":true,\"valueName\":\"search_term_string\"}}],\"inLanguage\":\"de\"},{\"@type\":\"Organization\",\"@id\":\"https:\/\/www.daisho.be\/de\/#organization\",\"name\":\"Daisho\",\"url\":\"https:\/\/www.daisho.be\/de\/\",\"logo\":{\"@type\":\"ImageObject\",\"inLanguage\":\"de\",\"@id\":\"https:\/\/www.daisho.be\/de\/#\/schema\/logo\/image\/\",\"url\":\"https:\/\/www.daisho.be\/wp-content\/uploads\/2019\/07\/color-nothing-horizontale4x-e1564486100247.png\",\"contentUrl\":\"https:\/\/www.daisho.be\/wp-content\/uploads\/2019\/07\/color-nothing-horizontale4x-e1564486100247.png\",\"width\":1547,\"height\":385,\"caption\":\"Daisho\"},\"image\":{\"@id\":\"https:\/\/www.daisho.be\/de\/#\/schema\/logo\/image\/\"}}]}<\/script>\n<!-- \/ Yoast SEO plugin. -->","yoast_head_json":{"title":"AirFloor Wettbewerbsboden (14 x 14 m) - Set &#8211; Daisho","robots":{"index":"index","follow":"follow","max-snippet":"max-snippet:-1","max-image-preview":"max-image-preview:large","max-video-preview":"max-video-preview:-1"},"canonical":"https:\/\/www.daisho.be\/de\/produit\/airfloor-wettbewerbsboden-14-x-14-m-set\/","og_locale":"de_DE","og_type":"article","og_title":"AirFloor Wettbewerbsboden (14 x 14 m) - Set &#8211; Daisho","og_description":"Revolution\u00e4re Aufbauzeit und leicht zu transportieren. Ein Wettkampfboden, der vollst\u00e4ndig im Druck einstellbar ist, so dass alle Athleten ihre Routine auf einem Boden ausf\u00fchren k\u00f6nnen, der genau auf ihren K\u00f6rpertyp und ihr Leistungsniveau abgestimmt ist. Der Rebound, den Sie kennen. Die Sicherheit, die Sie erwarten. Eine Vorbereitungszeit, die Sie nie f\u00fcr m\u00f6glich gehalten h\u00e4tten. Vertrauensw\u00fcrdig [&hellip;]","og_url":"https:\/\/www.daisho.be\/de\/produit\/airfloor-wettbewerbsboden-14-x-14-m-set\/","og_site_name":"Daisho","article_modified_time":"2025-12-11T11:17:44+00:00","og_image":[{"width":1920,"height":891,"url":"https:\/\/www.daisho.be\/wp-content\/uploads\/2021\/03\/image-30.jpg","type":"image\/jpeg"}],"twitter_card":"summary_large_image","schema":{"@context":"https:\/\/schema.org","@graph":[{"@type":"WebPage","@id":"https:\/\/www.daisho.be\/de\/produit\/airfloor-wettbewerbsboden-14-x-14-m-set\/","url":"https:\/\/www.daisho.be\/de\/produit\/airfloor-wettbewerbsboden-14-x-14-m-set\/","name":"AirFloor Wettbewerbsboden (14 x 14 m) - Set &#8211; Daisho","isPartOf":{"@id":"https:\/\/www.daisho.be\/de\/#website"},"primaryImageOfPage":{"@id":"https:\/\/www.daisho.be\/de\/produit\/airfloor-wettbewerbsboden-14-x-14-m-set\/#primaryimage"},"image":{"@id":"https:\/\/www.daisho.be\/de\/produit\/airfloor-wettbewerbsboden-14-x-14-m-set\/#primaryimage"},"thumbnailUrl":"https:\/\/www.daisho.be\/wp-content\/uploads\/2021\/03\/image-30.jpg","datePublished":"2021-03-03T15:15:07+00:00","dateModified":"2025-12-11T11:17:44+00:00","breadcrumb":{"@id":"https:\/\/www.daisho.be\/de\/produit\/airfloor-wettbewerbsboden-14-x-14-m-set\/#breadcrumb"},"inLanguage":"de","potentialAction":[{"@type":"ReadAction","target":["https:\/\/www.daisho.be\/de\/produit\/airfloor-wettbewerbsboden-14-x-14-m-set\/"]}]},{"@type":"ImageObject","inLanguage":"de","@id":"https:\/\/www.daisho.be\/de\/produit\/airfloor-wettbewerbsboden-14-x-14-m-set\/#primaryimage","url":"https:\/\/www.daisho.be\/wp-content\/uploads\/2021\/03\/image-30.jpg","contentUrl":"https:\/\/www.daisho.be\/wp-content\/uploads\/2021\/03\/image-30.jpg","width":1920,"height":891,"caption":"AirFloor Wettbewerbsboden (14 x 14 m) - Set-1"},{"@type":"BreadcrumbList","@id":"https:\/\/www.daisho.be\/de\/produit\/airfloor-wettbewerbsboden-14-x-14-m-set\/#breadcrumb","itemListElement":[{"@type":"ListItem","position":1,"name":"Accueil","item":"https:\/\/www.daisho.be\/de\/"},{"@type":"ListItem","position":2,"name":"Produkte","item":"https:\/\/www.daisho.be\/de\/produkte\/"},{"@type":"ListItem","position":3,"name":"Kampfsportarten","item":"https:\/\/www.daisho.be\/de\/categorie-produit\/kampfsportarten\/"},{"@type":"ListItem","position":4,"name":"Teppich","item":"https:\/\/www.daisho.be\/de\/categorie-produit\/kampfsportarten\/teppich\/"},{"@type":"ListItem","position":5,"name":"AirFloor Wettbewerbsboden (14 x 14 m) &#8211; Set"}]},{"@type":"WebSite","@id":"https:\/\/www.daisho.be\/de\/#website","url":"https:\/\/www.daisho.be\/de\/","name":"Daisho","description":"Sp&eacute;cialiste de l'&eacute;quipement sportif d'arts martiaux","publisher":{"@id":"https:\/\/www.daisho.be\/de\/#organization"},"potentialAction":[{"@type":"SearchAction","target":{"@type":"EntryPoint","urlTemplate":"https:\/\/www.daisho.be\/de\/?s={search_term_string}"},"query-input":{"@type":"PropertyValueSpecification","valueRequired":true,"valueName":"search_term_string"}}],"inLanguage":"de"},{"@type":"Organization","@id":"https:\/\/www.daisho.be\/de\/#organization","name":"Daisho","url":"https:\/\/www.daisho.be\/de\/","logo":{"@type":"ImageObject","inLanguage":"de","@id":"https:\/\/www.daisho.be\/de\/#\/schema\/logo\/image\/","url":"https:\/\/www.daisho.be\/wp-content\/uploads\/2019\/07\/color-nothing-horizontale4x-e1564486100247.png","contentUrl":"https:\/\/www.daisho.be\/wp-content\/uploads\/2019\/07\/color-nothing-horizontale4x-e1564486100247.png","width":1547,"height":385,"caption":"Daisho"},"image":{"@id":"https:\/\/www.daisho.be\/de\/#\/schema\/logo\/image\/"}}]}},"_links":{"self":[{"href":"https:\/\/www.daisho.be\/de\/wp-json\/wp\/v2\/product\/454050","targetHints":{"allow":["GET"]}}],"collection":[{"href":"https:\/\/www.daisho.be\/de\/wp-json\/wp\/v2\/product"}],"about":[{"href":"https:\/\/www.daisho.be\/de\/wp-json\/wp\/v2\/types\/product"}],"replies":[{"embeddable":true,"href":"https:\/\/www.daisho.be\/de\/wp-json\/wp\/v2\/comments?post=454050"}],"wp:featuredmedia":[{"embeddable":true,"href":"https:\/\/www.daisho.be\/de\/wp-json\/wp\/v2\/media\/454053"}],"wp:attachment":[{"href":"https:\/\/www.daisho.be\/de\/wp-json\/wp\/v2\/media?parent=454050"}],"wp:term":[{"taxonomy":"product_brand","embeddable":true,"href":"https:\/\/www.daisho.be\/de\/wp-json\/wp\/v2\/product_brand?post=454050"},{"taxonomy":"product_cat","embeddable":true,"href":"https:\/\/www.daisho.be\/de\/wp-json\/wp\/v2\/product_cat?post=454050"},{"taxonomy":"product_tag","embeddable":true,"href":"https:\/\/www.daisho.be\/de\/wp-json\/wp\/v2\/product_tag?post=454050"},{"taxonomy":"sport","embeddable":true,"href":"https:\/\/www.daisho.be\/de\/wp-json\/wp\/v2\/sport?post=454050"}],"curies":[{"name":"wp","href":"https:\/\/api.w.org\/{rel}","templated":true}]}}