{"id":454045,"date":"2021-03-03T16:17:54","date_gmt":"2021-03-03T15:17:54","guid":{"rendered":"https:\/\/www.daisho.be\/produit\/blasgeraet-ov10-220v\/"},"modified":"2025-12-11T17:08:26","modified_gmt":"2025-12-11T16:08:26","slug":"blasgeraet-ov10-220v","status":"publish","type":"product","link":"https:\/\/www.daisho.be\/de\/produit\/blasgeraet-ov10-220v\/","title":{"rendered":"Blasger\u00e4t OV10 220V"},"content":{"rendered":"<p>Der OV10 Blower bl\u00e4st bis zu 250 mbar auf.<br \/>\nDieser AirTrack Blower ist ideal f\u00fcr AirBeam, AirTrack Training Set, AirRolls und andere kleine und mittelgro\u00dfe Objekte.<br \/>\nKann Ihr Luftprodukt nicht besch\u00e4digen und ist sehr einfach zu bedienen.<br \/>\nHoher Druck.<br \/>\n2 Jahre Garantie.<\/p>\n","protected":false},"excerpt":{"rendered":"<p>Der OV10 Blower bl\u00e4st bis zu 250 mbar auf. Dieser AirTrack Blower ist ideal f\u00fcr AirBeam, AirTrack Training Set, AirRolls und andere kleine und mittelgro\u00dfe Objekte. Kann Ihr Luftprodukt nicht besch\u00e4digen und ist sehr einfach zu bedienen. Hoher Druck. 2 Jahre Garantie.<\/p>\n","protected":false},"featured_media":454047,"comment_status":"open","ping_status":"closed","template":"","meta":{"inline_featured_image":false},"product_brand":[],"product_cat":[2253],"product_tag":[2254],"sport":[],"class_list":{"0":"post-454045","1":"product","2":"type-product","3":"status-publish","4":"has-post-thumbnail","6":"product_cat-teppich","7":"product_tag-airtrack-factory","8":"pa_size-sans-taille-defaut","10":"first","11":"instock","12":"taxable","13":"shipping-taxable","14":"purchasable","15":"product-type-variable"},"yoast_head":"<!-- This site is optimized with the Yoast SEO plugin v27.2 - https:\/\/yoast.com\/product\/yoast-seo-wordpress\/ -->\n<title>Blasger\u00e4t OV10 220V &#8211; Daisho<\/title>\n<meta name=\"robots\" content=\"index, follow, max-snippet:-1, max-image-preview:large, max-video-preview:-1\" \/>\n<link rel=\"canonical\" href=\"https:\/\/www.daisho.be\/de\/produit\/blasgeraet-ov10-220v\/\" \/>\n<meta property=\"og:locale\" content=\"de_DE\" \/>\n<meta property=\"og:type\" content=\"article\" \/>\n<meta property=\"og:title\" content=\"Blasger\u00e4t OV10 220V &#8211; Daisho\" \/>\n<meta property=\"og:description\" content=\"Der OV10 Blower bl\u00e4st bis zu 250 mbar auf. Dieser AirTrack Blower ist ideal f\u00fcr AirBeam, AirTrack Training Set, AirRolls und andere kleine und mittelgro\u00dfe Objekte. Kann Ihr Luftprodukt nicht besch\u00e4digen und ist sehr einfach zu bedienen. Hoher Druck. 2 Jahre Garantie.\" \/>\n<meta property=\"og:url\" content=\"https:\/\/www.daisho.be\/de\/produit\/blasgeraet-ov10-220v\/\" \/>\n<meta property=\"og:site_name\" content=\"Daisho\" \/>\n<meta property=\"article:modified_time\" content=\"2025-12-11T16:08:26+00:00\" \/>\n<meta property=\"og:image\" content=\"https:\/\/www.daisho.be\/wp-content\/uploads\/2024\/03\/image-9.png\" \/>\n\t<meta property=\"og:image:width\" content=\"1516\" \/>\n\t<meta property=\"og:image:height\" content=\"1113\" \/>\n\t<meta property=\"og:image:type\" content=\"image\/png\" \/>\n<meta name=\"twitter:card\" content=\"summary_large_image\" \/>\n<script type=\"application\/ld+json\" class=\"yoast-schema-graph\">{\"@context\":\"https:\/\/schema.org\",\"@graph\":[{\"@type\":\"WebPage\",\"@id\":\"https:\/\/www.daisho.be\/de\/produit\/blasgeraet-ov10-220v\/\",\"url\":\"https:\/\/www.daisho.be\/de\/produit\/blasgeraet-ov10-220v\/\",\"name\":\"Blasger\u00e4t OV10 220V &#8211; Daisho\",\"isPartOf\":{\"@id\":\"https:\/\/www.daisho.be\/de\/#website\"},\"primaryImageOfPage\":{\"@id\":\"https:\/\/www.daisho.be\/de\/produit\/blasgeraet-ov10-220v\/#primaryimage\"},\"image\":{\"@id\":\"https:\/\/www.daisho.be\/de\/produit\/blasgeraet-ov10-220v\/#primaryimage\"},\"thumbnailUrl\":\"https:\/\/www.daisho.be\/wp-content\/uploads\/2024\/03\/image-9.png\",\"datePublished\":\"2021-03-03T15:17:54+00:00\",\"dateModified\":\"2025-12-11T16:08:26+00:00\",\"breadcrumb\":{\"@id\":\"https:\/\/www.daisho.be\/de\/produit\/blasgeraet-ov10-220v\/#breadcrumb\"},\"inLanguage\":\"de\",\"potentialAction\":[{\"@type\":\"ReadAction\",\"target\":[\"https:\/\/www.daisho.be\/de\/produit\/blasgeraet-ov10-220v\/\"]}]},{\"@type\":\"ImageObject\",\"inLanguage\":\"de\",\"@id\":\"https:\/\/www.daisho.be\/de\/produit\/blasgeraet-ov10-220v\/#primaryimage\",\"url\":\"https:\/\/www.daisho.be\/wp-content\/uploads\/2024\/03\/image-9.png\",\"contentUrl\":\"https:\/\/www.daisho.be\/wp-content\/uploads\/2024\/03\/image-9.png\",\"width\":1516,\"height\":1113,\"caption\":\"Blasger\u00e4t OV10 220V-1\"},{\"@type\":\"BreadcrumbList\",\"@id\":\"https:\/\/www.daisho.be\/de\/produit\/blasgeraet-ov10-220v\/#breadcrumb\",\"itemListElement\":[{\"@type\":\"ListItem\",\"position\":1,\"name\":\"Accueil\",\"item\":\"https:\/\/www.daisho.be\/de\/\"},{\"@type\":\"ListItem\",\"position\":2,\"name\":\"Produkte\",\"item\":\"https:\/\/www.daisho.be\/de\/produkte\/\"},{\"@type\":\"ListItem\",\"position\":3,\"name\":\"Kampfsportarten\",\"item\":\"https:\/\/www.daisho.be\/de\/categorie-produit\/kampfsportarten\/\"},{\"@type\":\"ListItem\",\"position\":4,\"name\":\"Teppich\",\"item\":\"https:\/\/www.daisho.be\/de\/categorie-produit\/kampfsportarten\/teppich\/\"},{\"@type\":\"ListItem\",\"position\":5,\"name\":\"Blasger\u00e4t OV10 220V\"}]},{\"@type\":\"WebSite\",\"@id\":\"https:\/\/www.daisho.be\/de\/#website\",\"url\":\"https:\/\/www.daisho.be\/de\/\",\"name\":\"Daisho\",\"description\":\"Sp&eacute;cialiste de l'&eacute;quipement sportif d'arts martiaux\",\"publisher\":{\"@id\":\"https:\/\/www.daisho.be\/de\/#organization\"},\"potentialAction\":[{\"@type\":\"SearchAction\",\"target\":{\"@type\":\"EntryPoint\",\"urlTemplate\":\"https:\/\/www.daisho.be\/de\/?s={search_term_string}\"},\"query-input\":{\"@type\":\"PropertyValueSpecification\",\"valueRequired\":true,\"valueName\":\"search_term_string\"}}],\"inLanguage\":\"de\"},{\"@type\":\"Organization\",\"@id\":\"https:\/\/www.daisho.be\/de\/#organization\",\"name\":\"Daisho\",\"url\":\"https:\/\/www.daisho.be\/de\/\",\"logo\":{\"@type\":\"ImageObject\",\"inLanguage\":\"de\",\"@id\":\"https:\/\/www.daisho.be\/de\/#\/schema\/logo\/image\/\",\"url\":\"https:\/\/www.daisho.be\/wp-content\/uploads\/2019\/07\/color-nothing-horizontale4x-e1564486100247.png\",\"contentUrl\":\"https:\/\/www.daisho.be\/wp-content\/uploads\/2019\/07\/color-nothing-horizontale4x-e1564486100247.png\",\"width\":1547,\"height\":385,\"caption\":\"Daisho\"},\"image\":{\"@id\":\"https:\/\/www.daisho.be\/de\/#\/schema\/logo\/image\/\"}}]}<\/script>\n<!-- \/ Yoast SEO plugin. -->","yoast_head_json":{"title":"Blasger\u00e4t OV10 220V &#8211; Daisho","robots":{"index":"index","follow":"follow","max-snippet":"max-snippet:-1","max-image-preview":"max-image-preview:large","max-video-preview":"max-video-preview:-1"},"canonical":"https:\/\/www.daisho.be\/de\/produit\/blasgeraet-ov10-220v\/","og_locale":"de_DE","og_type":"article","og_title":"Blasger\u00e4t OV10 220V &#8211; Daisho","og_description":"Der OV10 Blower bl\u00e4st bis zu 250 mbar auf. Dieser AirTrack Blower ist ideal f\u00fcr AirBeam, AirTrack Training Set, AirRolls und andere kleine und mittelgro\u00dfe Objekte. Kann Ihr Luftprodukt nicht besch\u00e4digen und ist sehr einfach zu bedienen. Hoher Druck. 2 Jahre Garantie.","og_url":"https:\/\/www.daisho.be\/de\/produit\/blasgeraet-ov10-220v\/","og_site_name":"Daisho","article_modified_time":"2025-12-11T16:08:26+00:00","og_image":[{"width":1516,"height":1113,"url":"https:\/\/www.daisho.be\/wp-content\/uploads\/2024\/03\/image-9.png","type":"image\/png"}],"twitter_card":"summary_large_image","schema":{"@context":"https:\/\/schema.org","@graph":[{"@type":"WebPage","@id":"https:\/\/www.daisho.be\/de\/produit\/blasgeraet-ov10-220v\/","url":"https:\/\/www.daisho.be\/de\/produit\/blasgeraet-ov10-220v\/","name":"Blasger\u00e4t OV10 220V &#8211; Daisho","isPartOf":{"@id":"https:\/\/www.daisho.be\/de\/#website"},"primaryImageOfPage":{"@id":"https:\/\/www.daisho.be\/de\/produit\/blasgeraet-ov10-220v\/#primaryimage"},"image":{"@id":"https:\/\/www.daisho.be\/de\/produit\/blasgeraet-ov10-220v\/#primaryimage"},"thumbnailUrl":"https:\/\/www.daisho.be\/wp-content\/uploads\/2024\/03\/image-9.png","datePublished":"2021-03-03T15:17:54+00:00","dateModified":"2025-12-11T16:08:26+00:00","breadcrumb":{"@id":"https:\/\/www.daisho.be\/de\/produit\/blasgeraet-ov10-220v\/#breadcrumb"},"inLanguage":"de","potentialAction":[{"@type":"ReadAction","target":["https:\/\/www.daisho.be\/de\/produit\/blasgeraet-ov10-220v\/"]}]},{"@type":"ImageObject","inLanguage":"de","@id":"https:\/\/www.daisho.be\/de\/produit\/blasgeraet-ov10-220v\/#primaryimage","url":"https:\/\/www.daisho.be\/wp-content\/uploads\/2024\/03\/image-9.png","contentUrl":"https:\/\/www.daisho.be\/wp-content\/uploads\/2024\/03\/image-9.png","width":1516,"height":1113,"caption":"Blasger\u00e4t OV10 220V-1"},{"@type":"BreadcrumbList","@id":"https:\/\/www.daisho.be\/de\/produit\/blasgeraet-ov10-220v\/#breadcrumb","itemListElement":[{"@type":"ListItem","position":1,"name":"Accueil","item":"https:\/\/www.daisho.be\/de\/"},{"@type":"ListItem","position":2,"name":"Produkte","item":"https:\/\/www.daisho.be\/de\/produkte\/"},{"@type":"ListItem","position":3,"name":"Kampfsportarten","item":"https:\/\/www.daisho.be\/de\/categorie-produit\/kampfsportarten\/"},{"@type":"ListItem","position":4,"name":"Teppich","item":"https:\/\/www.daisho.be\/de\/categorie-produit\/kampfsportarten\/teppich\/"},{"@type":"ListItem","position":5,"name":"Blasger\u00e4t OV10 220V"}]},{"@type":"WebSite","@id":"https:\/\/www.daisho.be\/de\/#website","url":"https:\/\/www.daisho.be\/de\/","name":"Daisho","description":"Sp&eacute;cialiste de l'&eacute;quipement sportif d'arts martiaux","publisher":{"@id":"https:\/\/www.daisho.be\/de\/#organization"},"potentialAction":[{"@type":"SearchAction","target":{"@type":"EntryPoint","urlTemplate":"https:\/\/www.daisho.be\/de\/?s={search_term_string}"},"query-input":{"@type":"PropertyValueSpecification","valueRequired":true,"valueName":"search_term_string"}}],"inLanguage":"de"},{"@type":"Organization","@id":"https:\/\/www.daisho.be\/de\/#organization","name":"Daisho","url":"https:\/\/www.daisho.be\/de\/","logo":{"@type":"ImageObject","inLanguage":"de","@id":"https:\/\/www.daisho.be\/de\/#\/schema\/logo\/image\/","url":"https:\/\/www.daisho.be\/wp-content\/uploads\/2019\/07\/color-nothing-horizontale4x-e1564486100247.png","contentUrl":"https:\/\/www.daisho.be\/wp-content\/uploads\/2019\/07\/color-nothing-horizontale4x-e1564486100247.png","width":1547,"height":385,"caption":"Daisho"},"image":{"@id":"https:\/\/www.daisho.be\/de\/#\/schema\/logo\/image\/"}}]}},"_links":{"self":[{"href":"https:\/\/www.daisho.be\/de\/wp-json\/wp\/v2\/product\/454045","targetHints":{"allow":["GET"]}}],"collection":[{"href":"https:\/\/www.daisho.be\/de\/wp-json\/wp\/v2\/product"}],"about":[{"href":"https:\/\/www.daisho.be\/de\/wp-json\/wp\/v2\/types\/product"}],"replies":[{"embeddable":true,"href":"https:\/\/www.daisho.be\/de\/wp-json\/wp\/v2\/comments?post=454045"}],"wp:featuredmedia":[{"embeddable":true,"href":"https:\/\/www.daisho.be\/de\/wp-json\/wp\/v2\/media\/454047"}],"wp:attachment":[{"href":"https:\/\/www.daisho.be\/de\/wp-json\/wp\/v2\/media?parent=454045"}],"wp:term":[{"taxonomy":"product_brand","embeddable":true,"href":"https:\/\/www.daisho.be\/de\/wp-json\/wp\/v2\/product_brand?post=454045"},{"taxonomy":"product_cat","embeddable":true,"href":"https:\/\/www.daisho.be\/de\/wp-json\/wp\/v2\/product_cat?post=454045"},{"taxonomy":"product_tag","embeddable":true,"href":"https:\/\/www.daisho.be\/de\/wp-json\/wp\/v2\/product_tag?post=454045"},{"taxonomy":"sport","embeddable":true,"href":"https:\/\/www.daisho.be\/de\/wp-json\/wp\/v2\/sport?post=454045"}],"curies":[{"name":"wp","href":"https:\/\/api.w.org\/{rel}","templated":true}]}}