{"id":453980,"date":"2019-12-03T12:02:19","date_gmt":"2019-12-03T11:02:19","guid":{"rendered":"https:\/\/www.daisho.be\/produit\/tatami-multisport-basic\/"},"modified":"2025-11-20T12:05:32","modified_gmt":"2025-11-20T11:05:32","slug":"tatami-multisport-basic","status":"publish","type":"product","link":"https:\/\/www.daisho.be\/de\/produit\/tatami-multisport-basic\/","title":{"rendered":"TATAMI MULTISPORT BASIC"},"content":{"rendered":"<p>Die Tatami ProGame Basic ist eine sehr gute L\u00f6sung f\u00fcr alle Arten von Training und f\u00fcr alle grundlegenden Sportaktivit\u00e4ten. Diese vielseitige Matte kombiniert die Kompaktheit und die gute Haftung der Oberfl\u00e4chenschichten mit dem Komfort der Mittelschicht aus Polyethylenschaum, was die Sicherheit des Produkts, einen guten Sto\u00dfd\u00e4mpfungskoeffizienten und eine hohe Langzeitbest\u00e4ndigkeit gew\u00e4hrleistet.<br \/>\nDas Aufh\u00e4ngesystem mit 6 cm breiten Verbindungsst\u00fccken und die Reisstrohpr\u00e4gung garantieren eine schnelle Installation und eine hervorragende Haltbarkeit.<br \/>\nEigenschaften:<br \/>\nAbmessungen: 1000 x 1000 x 22 mm<br \/>\nFarben: Rot\/Blau, Rot\/Schwarz, Rot\/Gr\u00fcn<br \/>\nGewicht: 1,5 kg.<br \/>\nSicherheit: EN 1177 HIC (Head Injury Criteria)<br \/>\nHinweis:<br \/>\nDie Abschlusskanten sind nicht im Lieferumfang der Tatamis enthalten.<br \/>\nBitte kontaktieren Sie uns, um die Verf\u00fcgbarkeit der Bord\u00fcren zu pr\u00fcfen.<\/p>\n","protected":false},"excerpt":{"rendered":"<p>Die Tatami ProGame Basic ist eine sehr gute L\u00f6sung f\u00fcr alle Arten von Training und f\u00fcr alle grundlegenden Sportaktivit\u00e4ten. Diese vielseitige Matte kombiniert die Kompaktheit und die gute Haftung der Oberfl\u00e4chenschichten mit dem Komfort der Mittelschicht aus Polyethylenschaum, was die Sicherheit des Produkts, einen guten Sto\u00dfd\u00e4mpfungskoeffizienten und eine hohe Langzeitbest\u00e4ndigkeit gew\u00e4hrleistet. Das Aufh\u00e4ngesystem mit 6 [&hellip;]<\/p>\n","protected":false},"featured_media":453984,"comment_status":"closed","ping_status":"closed","template":"","meta":{"inline_featured_image":false},"product_brand":[],"product_cat":[2245,2246,2016],"product_tag":[2554,2030],"sport":[73,447,455],"class_list":{"0":"post-453980","1":"product","2":"type-product","3":"status-publish","4":"has-post-thumbnail","6":"product_cat-karate-tatamis","7":"product_cat-taekwondo-tatamis-de","8":"product_cat-tatamis-fur-judo-karate-und-taekwondo-kampfkunste","9":"product_tag-kostenvoranschlag","10":"product_tag-progame-tatamis-de","11":"product_shipping_class-grose-produkte","12":"pa_size-22-cm","13":"sport-karate","14":"sport-krav-maga","15":"sport-muay-thai","17":"first","18":"instock","19":"taxable","20":"shipping-taxable","21":"purchasable","22":"product-type-variable"},"yoast_head":"<!-- This site is optimized with the Yoast SEO plugin v27.2 - https:\/\/yoast.com\/product\/yoast-seo-wordpress\/ -->\n<title>TATAMI MULTISPORT BASIC &#8211; Daisho<\/title>\n<meta name=\"description\" content=\"Brauchen Sie eine Matte, die vielseitig einsetzbar ist und f\u00fcr alle Sportarten geeignet ist? Dann sind die Basic Multisport-Tatami genau das Richtige f\u00fcr Sie. Kaufen Sie sie auf unserer Website www.daisho.be|Daisho\" \/>\n<meta name=\"robots\" content=\"index, follow, max-snippet:-1, max-image-preview:large, max-video-preview:-1\" \/>\n<link rel=\"canonical\" href=\"https:\/\/www.daisho.be\/de\/produit\/tatami-multisport-basic\/\" \/>\n<meta property=\"og:locale\" content=\"de_DE\" \/>\n<meta property=\"og:type\" content=\"article\" \/>\n<meta property=\"og:title\" content=\"TATAMI MULTISPORT BASIC &#8211; Daisho\" \/>\n<meta property=\"og:description\" content=\"Brauchen Sie eine Matte, die vielseitig einsetzbar ist und f\u00fcr alle Sportarten geeignet ist? Dann sind die Basic Multisport-Tatami genau das Richtige f\u00fcr Sie. Kaufen Sie sie auf unserer Website www.daisho.be|Daisho\" \/>\n<meta property=\"og:url\" content=\"https:\/\/www.daisho.be\/de\/produit\/tatami-multisport-basic\/\" \/>\n<meta property=\"og:site_name\" content=\"Daisho\" \/>\n<meta property=\"article:modified_time\" content=\"2025-11-20T11:05:32+00:00\" \/>\n<meta property=\"og:image\" content=\"https:\/\/www.daisho.be\/wp-content\/uploads\/2023\/11\/image-69.jpg\" \/>\n\t<meta property=\"og:image:width\" content=\"1920\" \/>\n\t<meta property=\"og:image:height\" content=\"1440\" \/>\n\t<meta property=\"og:image:type\" content=\"image\/jpeg\" \/>\n<meta name=\"twitter:card\" content=\"summary_large_image\" \/>\n<meta name=\"twitter:label1\" content=\"Gesch\u00e4tzte Lesezeit\" \/>\n\t<meta name=\"twitter:data1\" content=\"1\u00a0Minute\" \/>\n<script type=\"application\/ld+json\" class=\"yoast-schema-graph\">{\"@context\":\"https:\/\/schema.org\",\"@graph\":[{\"@type\":\"WebPage\",\"@id\":\"https:\/\/www.daisho.be\/de\/produit\/tatami-multisport-basic\/\",\"url\":\"https:\/\/www.daisho.be\/de\/produit\/tatami-multisport-basic\/\",\"name\":\"TATAMI MULTISPORT BASIC &#8211; Daisho\",\"isPartOf\":{\"@id\":\"https:\/\/www.daisho.be\/de\/#website\"},\"primaryImageOfPage\":{\"@id\":\"https:\/\/www.daisho.be\/de\/produit\/tatami-multisport-basic\/#primaryimage\"},\"image\":{\"@id\":\"https:\/\/www.daisho.be\/de\/produit\/tatami-multisport-basic\/#primaryimage\"},\"thumbnailUrl\":\"https:\/\/www.daisho.be\/wp-content\/uploads\/2023\/11\/image-69.jpg\",\"datePublished\":\"2019-12-03T11:02:19+00:00\",\"dateModified\":\"2025-11-20T11:05:32+00:00\",\"description\":\"Brauchen Sie eine Matte, die vielseitig einsetzbar ist und f\u00fcr alle Sportarten geeignet ist? Dann sind die Basic Multisport-Tatami genau das Richtige f\u00fcr Sie. Kaufen Sie sie auf unserer Website www.daisho.be|Daisho\",\"breadcrumb\":{\"@id\":\"https:\/\/www.daisho.be\/de\/produit\/tatami-multisport-basic\/#breadcrumb\"},\"inLanguage\":\"de\",\"potentialAction\":[{\"@type\":\"ReadAction\",\"target\":[\"https:\/\/www.daisho.be\/de\/produit\/tatami-multisport-basic\/\"]}]},{\"@type\":\"ImageObject\",\"inLanguage\":\"de\",\"@id\":\"https:\/\/www.daisho.be\/de\/produit\/tatami-multisport-basic\/#primaryimage\",\"url\":\"https:\/\/www.daisho.be\/wp-content\/uploads\/2023\/11\/image-69.jpg\",\"contentUrl\":\"https:\/\/www.daisho.be\/wp-content\/uploads\/2023\/11\/image-69.jpg\",\"width\":1920,\"height\":1440,\"caption\":\"TATAMI MULTISPORT BASIC -6\"},{\"@type\":\"BreadcrumbList\",\"@id\":\"https:\/\/www.daisho.be\/de\/produit\/tatami-multisport-basic\/#breadcrumb\",\"itemListElement\":[{\"@type\":\"ListItem\",\"position\":1,\"name\":\"Accueil\",\"item\":\"https:\/\/www.daisho.be\/de\/\"},{\"@type\":\"ListItem\",\"position\":2,\"name\":\"Produkte\",\"item\":\"https:\/\/www.daisho.be\/de\/produkte\/\"},{\"@type\":\"ListItem\",\"position\":3,\"name\":\"Ausr\u00fcstung und Kleidung f\u00fcr Kampfkunst und Kampfsport\",\"item\":\"https:\/\/www.daisho.be\/de\/categorie-produit\/ausrustung-und-kleidung-fur-kampfkunst-und-kampfsport\/\"},{\"@type\":\"ListItem\",\"position\":4,\"name\":\"Karate\",\"item\":\"https:\/\/www.daisho.be\/de\/categorie-produit\/ausrustung-und-kleidung-fur-kampfkunst-und-kampfsport\/karate-de-2\/\"},{\"@type\":\"ListItem\",\"position\":5,\"name\":\"Karate Tatamis\",\"item\":\"https:\/\/www.daisho.be\/de\/categorie-produit\/ausrustung-und-kleidung-fur-kampfkunst-und-kampfsport\/karate-de-2\/karate-tatamis\/\"},{\"@type\":\"ListItem\",\"position\":6,\"name\":\"TATAMI MULTISPORT BASIC\"}]},{\"@type\":\"WebSite\",\"@id\":\"https:\/\/www.daisho.be\/de\/#website\",\"url\":\"https:\/\/www.daisho.be\/de\/\",\"name\":\"Daisho\",\"description\":\"Sp&eacute;cialiste de l'&eacute;quipement sportif d'arts martiaux\",\"publisher\":{\"@id\":\"https:\/\/www.daisho.be\/de\/#organization\"},\"potentialAction\":[{\"@type\":\"SearchAction\",\"target\":{\"@type\":\"EntryPoint\",\"urlTemplate\":\"https:\/\/www.daisho.be\/de\/?s={search_term_string}\"},\"query-input\":{\"@type\":\"PropertyValueSpecification\",\"valueRequired\":true,\"valueName\":\"search_term_string\"}}],\"inLanguage\":\"de\"},{\"@type\":\"Organization\",\"@id\":\"https:\/\/www.daisho.be\/de\/#organization\",\"name\":\"Daisho\",\"url\":\"https:\/\/www.daisho.be\/de\/\",\"logo\":{\"@type\":\"ImageObject\",\"inLanguage\":\"de\",\"@id\":\"https:\/\/www.daisho.be\/de\/#\/schema\/logo\/image\/\",\"url\":\"https:\/\/www.daisho.be\/wp-content\/uploads\/2019\/07\/color-nothing-horizontale4x-e1564486100247.png\",\"contentUrl\":\"https:\/\/www.daisho.be\/wp-content\/uploads\/2019\/07\/color-nothing-horizontale4x-e1564486100247.png\",\"width\":1547,\"height\":385,\"caption\":\"Daisho\"},\"image\":{\"@id\":\"https:\/\/www.daisho.be\/de\/#\/schema\/logo\/image\/\"}}]}<\/script>\n<!-- \/ Yoast SEO plugin. -->","yoast_head_json":{"title":"TATAMI MULTISPORT BASIC &#8211; Daisho","description":"Brauchen Sie eine Matte, die vielseitig einsetzbar ist und f\u00fcr alle Sportarten geeignet ist? Dann sind die Basic Multisport-Tatami genau das Richtige f\u00fcr Sie. Kaufen Sie sie auf unserer Website www.daisho.be|Daisho","robots":{"index":"index","follow":"follow","max-snippet":"max-snippet:-1","max-image-preview":"max-image-preview:large","max-video-preview":"max-video-preview:-1"},"canonical":"https:\/\/www.daisho.be\/de\/produit\/tatami-multisport-basic\/","og_locale":"de_DE","og_type":"article","og_title":"TATAMI MULTISPORT BASIC &#8211; Daisho","og_description":"Brauchen Sie eine Matte, die vielseitig einsetzbar ist und f\u00fcr alle Sportarten geeignet ist? Dann sind die Basic Multisport-Tatami genau das Richtige f\u00fcr Sie. Kaufen Sie sie auf unserer Website www.daisho.be|Daisho","og_url":"https:\/\/www.daisho.be\/de\/produit\/tatami-multisport-basic\/","og_site_name":"Daisho","article_modified_time":"2025-11-20T11:05:32+00:00","og_image":[{"width":1920,"height":1440,"url":"https:\/\/www.daisho.be\/wp-content\/uploads\/2023\/11\/image-69.jpg","type":"image\/jpeg"}],"twitter_card":"summary_large_image","twitter_misc":{"Gesch\u00e4tzte Lesezeit":"1\u00a0Minute"},"schema":{"@context":"https:\/\/schema.org","@graph":[{"@type":"WebPage","@id":"https:\/\/www.daisho.be\/de\/produit\/tatami-multisport-basic\/","url":"https:\/\/www.daisho.be\/de\/produit\/tatami-multisport-basic\/","name":"TATAMI MULTISPORT BASIC &#8211; Daisho","isPartOf":{"@id":"https:\/\/www.daisho.be\/de\/#website"},"primaryImageOfPage":{"@id":"https:\/\/www.daisho.be\/de\/produit\/tatami-multisport-basic\/#primaryimage"},"image":{"@id":"https:\/\/www.daisho.be\/de\/produit\/tatami-multisport-basic\/#primaryimage"},"thumbnailUrl":"https:\/\/www.daisho.be\/wp-content\/uploads\/2023\/11\/image-69.jpg","datePublished":"2019-12-03T11:02:19+00:00","dateModified":"2025-11-20T11:05:32+00:00","description":"Brauchen Sie eine Matte, die vielseitig einsetzbar ist und f\u00fcr alle Sportarten geeignet ist? Dann sind die Basic Multisport-Tatami genau das Richtige f\u00fcr Sie. Kaufen Sie sie auf unserer Website www.daisho.be|Daisho","breadcrumb":{"@id":"https:\/\/www.daisho.be\/de\/produit\/tatami-multisport-basic\/#breadcrumb"},"inLanguage":"de","potentialAction":[{"@type":"ReadAction","target":["https:\/\/www.daisho.be\/de\/produit\/tatami-multisport-basic\/"]}]},{"@type":"ImageObject","inLanguage":"de","@id":"https:\/\/www.daisho.be\/de\/produit\/tatami-multisport-basic\/#primaryimage","url":"https:\/\/www.daisho.be\/wp-content\/uploads\/2023\/11\/image-69.jpg","contentUrl":"https:\/\/www.daisho.be\/wp-content\/uploads\/2023\/11\/image-69.jpg","width":1920,"height":1440,"caption":"TATAMI MULTISPORT BASIC -6"},{"@type":"BreadcrumbList","@id":"https:\/\/www.daisho.be\/de\/produit\/tatami-multisport-basic\/#breadcrumb","itemListElement":[{"@type":"ListItem","position":1,"name":"Accueil","item":"https:\/\/www.daisho.be\/de\/"},{"@type":"ListItem","position":2,"name":"Produkte","item":"https:\/\/www.daisho.be\/de\/produkte\/"},{"@type":"ListItem","position":3,"name":"Ausr\u00fcstung und Kleidung f\u00fcr Kampfkunst und Kampfsport","item":"https:\/\/www.daisho.be\/de\/categorie-produit\/ausrustung-und-kleidung-fur-kampfkunst-und-kampfsport\/"},{"@type":"ListItem","position":4,"name":"Karate","item":"https:\/\/www.daisho.be\/de\/categorie-produit\/ausrustung-und-kleidung-fur-kampfkunst-und-kampfsport\/karate-de-2\/"},{"@type":"ListItem","position":5,"name":"Karate Tatamis","item":"https:\/\/www.daisho.be\/de\/categorie-produit\/ausrustung-und-kleidung-fur-kampfkunst-und-kampfsport\/karate-de-2\/karate-tatamis\/"},{"@type":"ListItem","position":6,"name":"TATAMI MULTISPORT BASIC"}]},{"@type":"WebSite","@id":"https:\/\/www.daisho.be\/de\/#website","url":"https:\/\/www.daisho.be\/de\/","name":"Daisho","description":"Sp&eacute;cialiste de l'&eacute;quipement sportif d'arts martiaux","publisher":{"@id":"https:\/\/www.daisho.be\/de\/#organization"},"potentialAction":[{"@type":"SearchAction","target":{"@type":"EntryPoint","urlTemplate":"https:\/\/www.daisho.be\/de\/?s={search_term_string}"},"query-input":{"@type":"PropertyValueSpecification","valueRequired":true,"valueName":"search_term_string"}}],"inLanguage":"de"},{"@type":"Organization","@id":"https:\/\/www.daisho.be\/de\/#organization","name":"Daisho","url":"https:\/\/www.daisho.be\/de\/","logo":{"@type":"ImageObject","inLanguage":"de","@id":"https:\/\/www.daisho.be\/de\/#\/schema\/logo\/image\/","url":"https:\/\/www.daisho.be\/wp-content\/uploads\/2019\/07\/color-nothing-horizontale4x-e1564486100247.png","contentUrl":"https:\/\/www.daisho.be\/wp-content\/uploads\/2019\/07\/color-nothing-horizontale4x-e1564486100247.png","width":1547,"height":385,"caption":"Daisho"},"image":{"@id":"https:\/\/www.daisho.be\/de\/#\/schema\/logo\/image\/"}}]}},"_links":{"self":[{"href":"https:\/\/www.daisho.be\/de\/wp-json\/wp\/v2\/product\/453980","targetHints":{"allow":["GET"]}}],"collection":[{"href":"https:\/\/www.daisho.be\/de\/wp-json\/wp\/v2\/product"}],"about":[{"href":"https:\/\/www.daisho.be\/de\/wp-json\/wp\/v2\/types\/product"}],"replies":[{"embeddable":true,"href":"https:\/\/www.daisho.be\/de\/wp-json\/wp\/v2\/comments?post=453980"}],"wp:featuredmedia":[{"embeddable":true,"href":"https:\/\/www.daisho.be\/de\/wp-json\/wp\/v2\/media\/453984"}],"wp:attachment":[{"href":"https:\/\/www.daisho.be\/de\/wp-json\/wp\/v2\/media?parent=453980"}],"wp:term":[{"taxonomy":"product_brand","embeddable":true,"href":"https:\/\/www.daisho.be\/de\/wp-json\/wp\/v2\/product_brand?post=453980"},{"taxonomy":"product_cat","embeddable":true,"href":"https:\/\/www.daisho.be\/de\/wp-json\/wp\/v2\/product_cat?post=453980"},{"taxonomy":"product_tag","embeddable":true,"href":"https:\/\/www.daisho.be\/de\/wp-json\/wp\/v2\/product_tag?post=453980"},{"taxonomy":"sport","embeddable":true,"href":"https:\/\/www.daisho.be\/de\/wp-json\/wp\/v2\/sport?post=453980"}],"curies":[{"name":"wp","href":"https:\/\/api.w.org\/{rel}","templated":true}]}}