{"id":453949,"date":"2019-12-05T22:00:34","date_gmt":"2019-12-05T21:00:34","guid":{"rendered":"https:\/\/www.daisho.be\/produit\/fester-wandarm-fuer-boxsaecke\/"},"modified":"2025-11-13T22:01:06","modified_gmt":"2025-11-13T21:01:06","slug":"fester-wandarm-fuer-boxsaecke","status":"publish","type":"product","link":"https:\/\/www.daisho.be\/de\/produit\/fester-wandarm-fuer-boxsaecke\/","title":{"rendered":"FESTER WANDARM F\u00dcR BOXS\u00c4CKE"},"content":{"rendered":"<p>Boxsackst\u00e4nder mit festem Befestigungssystem f\u00fcr das Schlagtraining in verschiedenen Kampfsportarten und Kampfsportarten.<br \/>\nFester Wandst\u00e4nder, erh\u00e4ltlich mit Versatz:<br \/>\n&#8211; 700 mm, Ref. BOXPF700<x id=\"gid_2\"><\/x>&#8211; 900 mm, Ref. BOXPF900<x id=\"gid_3\"><\/x>&#8211; 1200 mm, Ref. BOXPF1200<br \/>\nAbmessungen:<br \/>\nH\u00f6he:724 mm<br \/>\nBreite: 400 mm<br \/>\nAusladung: 700, 900 oder 1200 mm<\/p>\n<p>Technische Daten :<br \/>\n&#8211; Galgenstruktur aus kunststoffbeschichtetem verzinktem Stahl, 40 x 40 mm<br \/>\n&#8211; Wandbefestigungsplatte aus kunststoffbeschichtetem verzinktem Stahl, 10 mm dick<br \/>\n&#8211; Riegel f\u00fcr die Drehung des Galgens aus Stahl \u00d8 10 mm und Achse \u00d8 12 mm f\u00fcr die klappbare Version<br \/>\n&#8211; Schrauben nicht inbegriffen<br \/>\n&#8211; Wandbefestigungssystem wird geliefert und vom Installateur je nach Art des Untergrunds definiert.   <\/p>\n","protected":false},"excerpt":{"rendered":"<p>Boxsackst\u00e4nder mit festem Befestigungssystem f\u00fcr das Schlagtraining in verschiedenen Kampfsportarten und Kampfsportarten. Fester Wandst\u00e4nder, erh\u00e4ltlich mit Versatz: &#8211; 700 mm, Ref. BOXPF700&#8211; 900 mm, Ref. BOXPF900&#8211; 1200 mm, Ref. BOXPF1200 Abmessungen: H\u00f6he:724 mm Breite: 400 mm Ausladung: 700, 900 oder 1200 mm Technische Daten : &#8211; Galgenstruktur aus kunststoffbeschichtetem verzinktem Stahl, 40 x 40 mm [&hellip;]<\/p>\n","protected":false},"featured_media":453951,"comment_status":"closed","ping_status":"closed","template":"","meta":{"inline_featured_image":false},"product_brand":[],"product_cat":[2134,2054],"product_tag":[],"sport":[448,446,73,447,431,455,79],"class_list":{"0":"post-453949","1":"product","2":"type-product","3":"status-publish","4":"has-post-thumbnail","6":"product_cat-boxsacke-de","7":"product_cat-trainingsmaterial","8":"product_shipping_class-schwere-produkte","9":"pa_size-1200-mm","10":"pa_size-700-mm","11":"pa_size-900-mm","12":"sport-kick-boxing","13":"sport-boxe","14":"sport-karate","15":"sport-krav-maga","16":"sport-mma","17":"sport-muay-thai","18":"sport-taekwondo","20":"first","21":"onbackorder","22":"taxable","23":"shipping-taxable","24":"purchasable","25":"product-type-variable"},"yoast_head":"<!-- This site is optimized with the Yoast SEO plugin v27.2 - https:\/\/yoast.com\/product\/yoast-seo-wordpress\/ -->\n<title>FESTER WANDARM F\u00dcR BOXS\u00c4CKE &#8211; Daisho<\/title>\n<meta name=\"robots\" content=\"index, follow, max-snippet:-1, max-image-preview:large, max-video-preview:-1\" \/>\n<link rel=\"canonical\" href=\"https:\/\/www.daisho.be\/de\/produit\/fester-wandarm-fuer-boxsaecke\/\" \/>\n<meta property=\"og:locale\" content=\"de_DE\" \/>\n<meta property=\"og:type\" content=\"article\" \/>\n<meta property=\"og:title\" content=\"FESTER WANDARM F\u00dcR BOXS\u00c4CKE &#8211; Daisho\" \/>\n<meta property=\"og:description\" content=\"Boxsackst\u00e4nder mit festem Befestigungssystem f\u00fcr das Schlagtraining in verschiedenen Kampfsportarten und Kampfsportarten. Fester Wandst\u00e4nder, erh\u00e4ltlich mit Versatz: &#8211; 700 mm, Ref. BOXPF700&#8211; 900 mm, Ref. BOXPF900&#8211; 1200 mm, Ref. BOXPF1200 Abmessungen: H\u00f6he:724 mm Breite: 400 mm Ausladung: 700, 900 oder 1200 mm Technische Daten : &#8211; Galgenstruktur aus kunststoffbeschichtetem verzinktem Stahl, 40 x 40 mm [&hellip;]\" \/>\n<meta property=\"og:url\" content=\"https:\/\/www.daisho.be\/de\/produit\/fester-wandarm-fuer-boxsaecke\/\" \/>\n<meta property=\"og:site_name\" content=\"Daisho\" \/>\n<meta property=\"article:modified_time\" content=\"2025-11-13T21:01:06+00:00\" \/>\n<meta property=\"og:image\" content=\"https:\/\/www.daisho.be\/wp-content\/uploads\/2024\/10\/image-8.webp\" \/>\n\t<meta property=\"og:image:width\" content=\"880\" \/>\n\t<meta property=\"og:image:height\" content=\"542\" \/>\n\t<meta property=\"og:image:type\" content=\"image\/webp\" \/>\n<meta name=\"twitter:card\" content=\"summary_large_image\" \/>\n<script type=\"application\/ld+json\" class=\"yoast-schema-graph\">{\"@context\":\"https:\/\/schema.org\",\"@graph\":[{\"@type\":\"WebPage\",\"@id\":\"https:\/\/www.daisho.be\/de\/produit\/fester-wandarm-fuer-boxsaecke\/\",\"url\":\"https:\/\/www.daisho.be\/de\/produit\/fester-wandarm-fuer-boxsaecke\/\",\"name\":\"FESTER WANDARM F\u00dcR BOXS\u00c4CKE &#8211; Daisho\",\"isPartOf\":{\"@id\":\"https:\/\/www.daisho.be\/de\/#website\"},\"primaryImageOfPage\":{\"@id\":\"https:\/\/www.daisho.be\/de\/produit\/fester-wandarm-fuer-boxsaecke\/#primaryimage\"},\"image\":{\"@id\":\"https:\/\/www.daisho.be\/de\/produit\/fester-wandarm-fuer-boxsaecke\/#primaryimage\"},\"thumbnailUrl\":\"https:\/\/www.daisho.be\/wp-content\/uploads\/2024\/10\/image-8.webp\",\"datePublished\":\"2019-12-05T21:00:34+00:00\",\"dateModified\":\"2025-11-13T21:01:06+00:00\",\"breadcrumb\":{\"@id\":\"https:\/\/www.daisho.be\/de\/produit\/fester-wandarm-fuer-boxsaecke\/#breadcrumb\"},\"inLanguage\":\"de\",\"potentialAction\":[{\"@type\":\"ReadAction\",\"target\":[\"https:\/\/www.daisho.be\/de\/produit\/fester-wandarm-fuer-boxsaecke\/\"]}]},{\"@type\":\"ImageObject\",\"inLanguage\":\"de\",\"@id\":\"https:\/\/www.daisho.be\/de\/produit\/fester-wandarm-fuer-boxsaecke\/#primaryimage\",\"url\":\"https:\/\/www.daisho.be\/wp-content\/uploads\/2024\/10\/image-8.webp\",\"contentUrl\":\"https:\/\/www.daisho.be\/wp-content\/uploads\/2024\/10\/image-8.webp\",\"width\":880,\"height\":542,\"caption\":\"FESTER WANDARM F\u00dcR BOXSACK-1\"},{\"@type\":\"BreadcrumbList\",\"@id\":\"https:\/\/www.daisho.be\/de\/produit\/fester-wandarm-fuer-boxsaecke\/#breadcrumb\",\"itemListElement\":[{\"@type\":\"ListItem\",\"position\":1,\"name\":\"Accueil\",\"item\":\"https:\/\/www.daisho.be\/de\/\"},{\"@type\":\"ListItem\",\"position\":2,\"name\":\"Produkte\",\"item\":\"https:\/\/www.daisho.be\/de\/produkte\/\"},{\"@type\":\"ListItem\",\"position\":3,\"name\":\"Ausr\u00fcstung und Kleidung f\u00fcr Kampfkunst und Kampfsport\",\"item\":\"https:\/\/www.daisho.be\/de\/categorie-produit\/ausrustung-und-kleidung-fur-kampfkunst-und-kampfsport\/\"},{\"@type\":\"ListItem\",\"position\":4,\"name\":\"Boxen\",\"item\":\"https:\/\/www.daisho.be\/de\/categorie-produit\/ausrustung-und-kleidung-fur-kampfkunst-und-kampfsport\/boxen-de\/\"},{\"@type\":\"ListItem\",\"position\":5,\"name\":\"Boxs\u00e4cke\",\"item\":\"https:\/\/www.daisho.be\/de\/categorie-produit\/ausrustung-und-kleidung-fur-kampfkunst-und-kampfsport\/boxen-de\/boxsacke-de\/\"},{\"@type\":\"ListItem\",\"position\":6,\"name\":\"FESTER WANDARM F\u00dcR BOXS\u00c4CKE\"}]},{\"@type\":\"WebSite\",\"@id\":\"https:\/\/www.daisho.be\/de\/#website\",\"url\":\"https:\/\/www.daisho.be\/de\/\",\"name\":\"Daisho\",\"description\":\"Sp&eacute;cialiste de l'&eacute;quipement sportif d'arts martiaux\",\"publisher\":{\"@id\":\"https:\/\/www.daisho.be\/de\/#organization\"},\"potentialAction\":[{\"@type\":\"SearchAction\",\"target\":{\"@type\":\"EntryPoint\",\"urlTemplate\":\"https:\/\/www.daisho.be\/de\/?s={search_term_string}\"},\"query-input\":{\"@type\":\"PropertyValueSpecification\",\"valueRequired\":true,\"valueName\":\"search_term_string\"}}],\"inLanguage\":\"de\"},{\"@type\":\"Organization\",\"@id\":\"https:\/\/www.daisho.be\/de\/#organization\",\"name\":\"Daisho\",\"url\":\"https:\/\/www.daisho.be\/de\/\",\"logo\":{\"@type\":\"ImageObject\",\"inLanguage\":\"de\",\"@id\":\"https:\/\/www.daisho.be\/de\/#\/schema\/logo\/image\/\",\"url\":\"https:\/\/www.daisho.be\/wp-content\/uploads\/2019\/07\/color-nothing-horizontale4x-e1564486100247.png\",\"contentUrl\":\"https:\/\/www.daisho.be\/wp-content\/uploads\/2019\/07\/color-nothing-horizontale4x-e1564486100247.png\",\"width\":1547,\"height\":385,\"caption\":\"Daisho\"},\"image\":{\"@id\":\"https:\/\/www.daisho.be\/de\/#\/schema\/logo\/image\/\"}}]}<\/script>\n<!-- \/ Yoast SEO plugin. -->","yoast_head_json":{"title":"FESTER WANDARM F\u00dcR BOXS\u00c4CKE &#8211; Daisho","robots":{"index":"index","follow":"follow","max-snippet":"max-snippet:-1","max-image-preview":"max-image-preview:large","max-video-preview":"max-video-preview:-1"},"canonical":"https:\/\/www.daisho.be\/de\/produit\/fester-wandarm-fuer-boxsaecke\/","og_locale":"de_DE","og_type":"article","og_title":"FESTER WANDARM F\u00dcR BOXS\u00c4CKE &#8211; Daisho","og_description":"Boxsackst\u00e4nder mit festem Befestigungssystem f\u00fcr das Schlagtraining in verschiedenen Kampfsportarten und Kampfsportarten. Fester Wandst\u00e4nder, erh\u00e4ltlich mit Versatz: &#8211; 700 mm, Ref. BOXPF700&#8211; 900 mm, Ref. BOXPF900&#8211; 1200 mm, Ref. BOXPF1200 Abmessungen: H\u00f6he:724 mm Breite: 400 mm Ausladung: 700, 900 oder 1200 mm Technische Daten : &#8211; Galgenstruktur aus kunststoffbeschichtetem verzinktem Stahl, 40 x 40 mm [&hellip;]","og_url":"https:\/\/www.daisho.be\/de\/produit\/fester-wandarm-fuer-boxsaecke\/","og_site_name":"Daisho","article_modified_time":"2025-11-13T21:01:06+00:00","og_image":[{"width":880,"height":542,"url":"https:\/\/www.daisho.be\/wp-content\/uploads\/2024\/10\/image-8.webp","type":"image\/webp"}],"twitter_card":"summary_large_image","schema":{"@context":"https:\/\/schema.org","@graph":[{"@type":"WebPage","@id":"https:\/\/www.daisho.be\/de\/produit\/fester-wandarm-fuer-boxsaecke\/","url":"https:\/\/www.daisho.be\/de\/produit\/fester-wandarm-fuer-boxsaecke\/","name":"FESTER WANDARM F\u00dcR BOXS\u00c4CKE &#8211; Daisho","isPartOf":{"@id":"https:\/\/www.daisho.be\/de\/#website"},"primaryImageOfPage":{"@id":"https:\/\/www.daisho.be\/de\/produit\/fester-wandarm-fuer-boxsaecke\/#primaryimage"},"image":{"@id":"https:\/\/www.daisho.be\/de\/produit\/fester-wandarm-fuer-boxsaecke\/#primaryimage"},"thumbnailUrl":"https:\/\/www.daisho.be\/wp-content\/uploads\/2024\/10\/image-8.webp","datePublished":"2019-12-05T21:00:34+00:00","dateModified":"2025-11-13T21:01:06+00:00","breadcrumb":{"@id":"https:\/\/www.daisho.be\/de\/produit\/fester-wandarm-fuer-boxsaecke\/#breadcrumb"},"inLanguage":"de","potentialAction":[{"@type":"ReadAction","target":["https:\/\/www.daisho.be\/de\/produit\/fester-wandarm-fuer-boxsaecke\/"]}]},{"@type":"ImageObject","inLanguage":"de","@id":"https:\/\/www.daisho.be\/de\/produit\/fester-wandarm-fuer-boxsaecke\/#primaryimage","url":"https:\/\/www.daisho.be\/wp-content\/uploads\/2024\/10\/image-8.webp","contentUrl":"https:\/\/www.daisho.be\/wp-content\/uploads\/2024\/10\/image-8.webp","width":880,"height":542,"caption":"FESTER WANDARM F\u00dcR BOXSACK-1"},{"@type":"BreadcrumbList","@id":"https:\/\/www.daisho.be\/de\/produit\/fester-wandarm-fuer-boxsaecke\/#breadcrumb","itemListElement":[{"@type":"ListItem","position":1,"name":"Accueil","item":"https:\/\/www.daisho.be\/de\/"},{"@type":"ListItem","position":2,"name":"Produkte","item":"https:\/\/www.daisho.be\/de\/produkte\/"},{"@type":"ListItem","position":3,"name":"Ausr\u00fcstung und Kleidung f\u00fcr Kampfkunst und Kampfsport","item":"https:\/\/www.daisho.be\/de\/categorie-produit\/ausrustung-und-kleidung-fur-kampfkunst-und-kampfsport\/"},{"@type":"ListItem","position":4,"name":"Boxen","item":"https:\/\/www.daisho.be\/de\/categorie-produit\/ausrustung-und-kleidung-fur-kampfkunst-und-kampfsport\/boxen-de\/"},{"@type":"ListItem","position":5,"name":"Boxs\u00e4cke","item":"https:\/\/www.daisho.be\/de\/categorie-produit\/ausrustung-und-kleidung-fur-kampfkunst-und-kampfsport\/boxen-de\/boxsacke-de\/"},{"@type":"ListItem","position":6,"name":"FESTER WANDARM F\u00dcR BOXS\u00c4CKE"}]},{"@type":"WebSite","@id":"https:\/\/www.daisho.be\/de\/#website","url":"https:\/\/www.daisho.be\/de\/","name":"Daisho","description":"Sp&eacute;cialiste de l'&eacute;quipement sportif d'arts martiaux","publisher":{"@id":"https:\/\/www.daisho.be\/de\/#organization"},"potentialAction":[{"@type":"SearchAction","target":{"@type":"EntryPoint","urlTemplate":"https:\/\/www.daisho.be\/de\/?s={search_term_string}"},"query-input":{"@type":"PropertyValueSpecification","valueRequired":true,"valueName":"search_term_string"}}],"inLanguage":"de"},{"@type":"Organization","@id":"https:\/\/www.daisho.be\/de\/#organization","name":"Daisho","url":"https:\/\/www.daisho.be\/de\/","logo":{"@type":"ImageObject","inLanguage":"de","@id":"https:\/\/www.daisho.be\/de\/#\/schema\/logo\/image\/","url":"https:\/\/www.daisho.be\/wp-content\/uploads\/2019\/07\/color-nothing-horizontale4x-e1564486100247.png","contentUrl":"https:\/\/www.daisho.be\/wp-content\/uploads\/2019\/07\/color-nothing-horizontale4x-e1564486100247.png","width":1547,"height":385,"caption":"Daisho"},"image":{"@id":"https:\/\/www.daisho.be\/de\/#\/schema\/logo\/image\/"}}]}},"_links":{"self":[{"href":"https:\/\/www.daisho.be\/de\/wp-json\/wp\/v2\/product\/453949","targetHints":{"allow":["GET"]}}],"collection":[{"href":"https:\/\/www.daisho.be\/de\/wp-json\/wp\/v2\/product"}],"about":[{"href":"https:\/\/www.daisho.be\/de\/wp-json\/wp\/v2\/types\/product"}],"replies":[{"embeddable":true,"href":"https:\/\/www.daisho.be\/de\/wp-json\/wp\/v2\/comments?post=453949"}],"wp:featuredmedia":[{"embeddable":true,"href":"https:\/\/www.daisho.be\/de\/wp-json\/wp\/v2\/media\/453951"}],"wp:attachment":[{"href":"https:\/\/www.daisho.be\/de\/wp-json\/wp\/v2\/media?parent=453949"}],"wp:term":[{"taxonomy":"product_brand","embeddable":true,"href":"https:\/\/www.daisho.be\/de\/wp-json\/wp\/v2\/product_brand?post=453949"},{"taxonomy":"product_cat","embeddable":true,"href":"https:\/\/www.daisho.be\/de\/wp-json\/wp\/v2\/product_cat?post=453949"},{"taxonomy":"product_tag","embeddable":true,"href":"https:\/\/www.daisho.be\/de\/wp-json\/wp\/v2\/product_tag?post=453949"},{"taxonomy":"sport","embeddable":true,"href":"https:\/\/www.daisho.be\/de\/wp-json\/wp\/v2\/sport?post=453949"}],"curies":[{"name":"wp","href":"https:\/\/api.w.org\/{rel}","templated":true}]}}