{"id":453937,"date":"2019-12-04T13:04:21","date_gmt":"2019-12-04T12:04:21","guid":{"rendered":"https:\/\/www.daisho.be\/produit\/tatami-taekwondo-wt-approved\/"},"modified":"2026-03-31T14:57:18","modified_gmt":"2026-03-31T12:57:18","slug":"tatami-taekwondo-wt-approved","status":"publish","type":"product","link":"https:\/\/www.daisho.be\/de\/produit\/tatami-taekwondo-wt-approved\/","title":{"rendered":"Tatami TAEKWONDO WT Approved"},"content":{"rendered":"<p>Taekwondo ist eine der am weitesten verbreiteten Kampfsportarten der Welt und um der Beste in dieser Disziplin zu sein, reicht es nicht aus, sich auszuzeichnen, sondern man muss seine Grenzen \u00fcberschreiten! Auf der Grundlage dieser grundlegenden Wahrheit hat ProGame by Trocellen eine Matte entwickelt, die keinen Vergleich zu scheuen braucht.<br \/>\nEine Matte, die von der World Taekwondo als f\u00fcr Wettk\u00e4mpfe zugelassene Matte ausgezeichnet wurde.<br \/>\nDie ProGame WT approved Matte besteht aus hochwertigem expandiertem Polyethylen, das in Italien hergestellt wird.<br \/>\nAbmessungen: 1000 x 1000 x 22 mm oder 800 x 800 x 22 mm<br \/>\nGewicht: 1,5 kg bei 100 x 100 mm Seiten und 0,96 kg bei 800 x 800 mm Seiten.<br \/>\nFarben: Blau\/Rot (wie von der World Taekwondo Federation angegeben).<br \/>\nSicherheit: EN 1177 HIC (Head Injury Criteria) HIC: 0,70 m + NF EN 12503.1.<br \/>\nLasergedrucktes TW-Logo.<\/p>\n","protected":false},"excerpt":{"rendered":"<p>Taekwondo ist eine der am weitesten verbreiteten Kampfsportarten der Welt und um der Beste in dieser Disziplin zu sein, reicht es nicht aus, sich auszuzeichnen, sondern man muss seine Grenzen \u00fcberschreiten! Auf der Grundlage dieser grundlegenden Wahrheit hat ProGame by Trocellen eine Matte entwickelt, die keinen Vergleich zu scheuen braucht. Eine Matte, die von der [&hellip;]<\/p>\n","protected":false},"featured_media":453947,"comment_status":"closed","ping_status":"closed","template":"","meta":{"inline_featured_image":false},"product_brand":[],"product_cat":[2027,2016],"product_tag":[2554,2030],"sport":[79],"class_list":{"0":"post-453937","1":"product","2":"type-product","3":"status-publish","4":"has-post-thumbnail","6":"product_cat-taekwondo-trainingsmaterial","7":"product_cat-tatamis-fur-judo-karate-und-taekwondo-kampfkunste","8":"product_tag-kostenvoranschlag","9":"product_tag-progame-tatamis-de","10":"product_shipping_class-grose-produkte","11":"pa_size-22-cm","12":"sport-taekwondo","14":"first","15":"instock","16":"taxable","17":"shipping-taxable","18":"purchasable","19":"product-type-variable"},"yoast_head":"<!-- This site is optimized with the Yoast SEO plugin v27.2 - https:\/\/yoast.com\/product\/yoast-seo-wordpress\/ -->\n<title>Tatami TAEKWONDO WT Approved &#8211; Daisho<\/title>\n<meta name=\"description\" content=\"WT-gepr\u00fcfte ProGame Taekwondo Matte: Premium Stabilit\u00e4t und Elastizit\u00e4t. Hergestellt in Italien! Finden Sie ihn auf www.daisho.be|Daisho\" \/>\n<meta name=\"robots\" content=\"index, follow, max-snippet:-1, max-image-preview:large, max-video-preview:-1\" \/>\n<link rel=\"canonical\" href=\"https:\/\/www.daisho.be\/de\/produit\/tatami-taekwondo-wt-approved\/\" \/>\n<meta property=\"og:locale\" content=\"de_DE\" \/>\n<meta property=\"og:type\" content=\"article\" \/>\n<meta property=\"og:title\" content=\"Tatami TAEKWONDO WT Approved &#8211; Daisho\" \/>\n<meta property=\"og:description\" content=\"WT-gepr\u00fcfte ProGame Taekwondo Matte: Premium Stabilit\u00e4t und Elastizit\u00e4t. Hergestellt in Italien! Finden Sie ihn auf www.daisho.be|Daisho\" \/>\n<meta property=\"og:url\" content=\"https:\/\/www.daisho.be\/de\/produit\/tatami-taekwondo-wt-approved\/\" \/>\n<meta property=\"og:site_name\" content=\"Daisho\" \/>\n<meta property=\"article:modified_time\" content=\"2026-03-31T12:57:18+00:00\" \/>\n<meta property=\"og:image\" content=\"https:\/\/www.daisho.be\/wp-content\/uploads\/2022\/01\/image-92.jpg\" \/>\n\t<meta property=\"og:image:width\" content=\"1920\" \/>\n\t<meta property=\"og:image:height\" content=\"1278\" \/>\n\t<meta property=\"og:image:type\" content=\"image\/jpeg\" \/>\n<meta name=\"twitter:card\" content=\"summary_large_image\" \/>\n<meta name=\"twitter:label1\" content=\"Gesch\u00e4tzte Lesezeit\" \/>\n\t<meta name=\"twitter:data1\" content=\"1\u00a0Minute\" \/>\n<script type=\"application\/ld+json\" class=\"yoast-schema-graph\">{\"@context\":\"https:\/\/schema.org\",\"@graph\":[{\"@type\":\"WebPage\",\"@id\":\"https:\/\/www.daisho.be\/de\/produit\/tatami-taekwondo-wt-approved\/\",\"url\":\"https:\/\/www.daisho.be\/de\/produit\/tatami-taekwondo-wt-approved\/\",\"name\":\"Tatami TAEKWONDO WT Approved &#8211; Daisho\",\"isPartOf\":{\"@id\":\"https:\/\/www.daisho.be\/de\/#website\"},\"primaryImageOfPage\":{\"@id\":\"https:\/\/www.daisho.be\/de\/produit\/tatami-taekwondo-wt-approved\/#primaryimage\"},\"image\":{\"@id\":\"https:\/\/www.daisho.be\/de\/produit\/tatami-taekwondo-wt-approved\/#primaryimage\"},\"thumbnailUrl\":\"https:\/\/www.daisho.be\/wp-content\/uploads\/2022\/01\/image-92.jpg\",\"datePublished\":\"2019-12-04T12:04:21+00:00\",\"dateModified\":\"2026-03-31T12:57:18+00:00\",\"description\":\"WT-gepr\u00fcfte ProGame Taekwondo Matte: Premium Stabilit\u00e4t und Elastizit\u00e4t. Hergestellt in Italien! Finden Sie ihn auf www.daisho.be|Daisho\",\"breadcrumb\":{\"@id\":\"https:\/\/www.daisho.be\/de\/produit\/tatami-taekwondo-wt-approved\/#breadcrumb\"},\"inLanguage\":\"de\",\"potentialAction\":[{\"@type\":\"ReadAction\",\"target\":[\"https:\/\/www.daisho.be\/de\/produit\/tatami-taekwondo-wt-approved\/\"]}]},{\"@type\":\"ImageObject\",\"inLanguage\":\"de\",\"@id\":\"https:\/\/www.daisho.be\/de\/produit\/tatami-taekwondo-wt-approved\/#primaryimage\",\"url\":\"https:\/\/www.daisho.be\/wp-content\/uploads\/2022\/01\/image-92.jpg\",\"contentUrl\":\"https:\/\/www.daisho.be\/wp-content\/uploads\/2022\/01\/image-92.jpg\",\"width\":1920,\"height\":1278,\"caption\":\"Tatami TAEKWONDO WT Approved-1\"},{\"@type\":\"BreadcrumbList\",\"@id\":\"https:\/\/www.daisho.be\/de\/produit\/tatami-taekwondo-wt-approved\/#breadcrumb\",\"itemListElement\":[{\"@type\":\"ListItem\",\"position\":1,\"name\":\"Accueil\",\"item\":\"https:\/\/www.daisho.be\/de\/\"},{\"@type\":\"ListItem\",\"position\":2,\"name\":\"Produkte\",\"item\":\"https:\/\/www.daisho.be\/de\/produkte\/\"},{\"@type\":\"ListItem\",\"position\":3,\"name\":\"Kampfsportarten\",\"item\":\"https:\/\/www.daisho.be\/de\/categorie-produit\/kampfsportarten\/\"},{\"@type\":\"ListItem\",\"position\":4,\"name\":\"Tatamis f\u00fcr Judo, Karate und Taekwondo (Kampfk\u00fcnste)\",\"item\":\"https:\/\/www.daisho.be\/de\/categorie-produit\/kampfsportarten\/tatamis-fur-judo-karate-und-taekwondo-kampfkunste\/\"},{\"@type\":\"ListItem\",\"position\":5,\"name\":\"Tatami TAEKWONDO WT Approved\"}]},{\"@type\":\"WebSite\",\"@id\":\"https:\/\/www.daisho.be\/de\/#website\",\"url\":\"https:\/\/www.daisho.be\/de\/\",\"name\":\"Daisho\",\"description\":\"Sp&eacute;cialiste de l'&eacute;quipement sportif d'arts martiaux\",\"publisher\":{\"@id\":\"https:\/\/www.daisho.be\/de\/#organization\"},\"potentialAction\":[{\"@type\":\"SearchAction\",\"target\":{\"@type\":\"EntryPoint\",\"urlTemplate\":\"https:\/\/www.daisho.be\/de\/?s={search_term_string}\"},\"query-input\":{\"@type\":\"PropertyValueSpecification\",\"valueRequired\":true,\"valueName\":\"search_term_string\"}}],\"inLanguage\":\"de\"},{\"@type\":\"Organization\",\"@id\":\"https:\/\/www.daisho.be\/de\/#organization\",\"name\":\"Daisho\",\"url\":\"https:\/\/www.daisho.be\/de\/\",\"logo\":{\"@type\":\"ImageObject\",\"inLanguage\":\"de\",\"@id\":\"https:\/\/www.daisho.be\/de\/#\/schema\/logo\/image\/\",\"url\":\"https:\/\/www.daisho.be\/wp-content\/uploads\/2019\/07\/color-nothing-horizontale4x-e1564486100247.png\",\"contentUrl\":\"https:\/\/www.daisho.be\/wp-content\/uploads\/2019\/07\/color-nothing-horizontale4x-e1564486100247.png\",\"width\":1547,\"height\":385,\"caption\":\"Daisho\"},\"image\":{\"@id\":\"https:\/\/www.daisho.be\/de\/#\/schema\/logo\/image\/\"}}]}<\/script>\n<!-- \/ Yoast SEO plugin. -->","yoast_head_json":{"title":"Tatami TAEKWONDO WT Approved &#8211; Daisho","description":"WT-gepr\u00fcfte ProGame Taekwondo Matte: Premium Stabilit\u00e4t und Elastizit\u00e4t. Hergestellt in Italien! Finden Sie ihn auf www.daisho.be|Daisho","robots":{"index":"index","follow":"follow","max-snippet":"max-snippet:-1","max-image-preview":"max-image-preview:large","max-video-preview":"max-video-preview:-1"},"canonical":"https:\/\/www.daisho.be\/de\/produit\/tatami-taekwondo-wt-approved\/","og_locale":"de_DE","og_type":"article","og_title":"Tatami TAEKWONDO WT Approved &#8211; Daisho","og_description":"WT-gepr\u00fcfte ProGame Taekwondo Matte: Premium Stabilit\u00e4t und Elastizit\u00e4t. Hergestellt in Italien! Finden Sie ihn auf www.daisho.be|Daisho","og_url":"https:\/\/www.daisho.be\/de\/produit\/tatami-taekwondo-wt-approved\/","og_site_name":"Daisho","article_modified_time":"2026-03-31T12:57:18+00:00","og_image":[{"width":1920,"height":1278,"url":"https:\/\/www.daisho.be\/wp-content\/uploads\/2022\/01\/image-92.jpg","type":"image\/jpeg"}],"twitter_card":"summary_large_image","twitter_misc":{"Gesch\u00e4tzte Lesezeit":"1\u00a0Minute"},"schema":{"@context":"https:\/\/schema.org","@graph":[{"@type":"WebPage","@id":"https:\/\/www.daisho.be\/de\/produit\/tatami-taekwondo-wt-approved\/","url":"https:\/\/www.daisho.be\/de\/produit\/tatami-taekwondo-wt-approved\/","name":"Tatami TAEKWONDO WT Approved &#8211; Daisho","isPartOf":{"@id":"https:\/\/www.daisho.be\/de\/#website"},"primaryImageOfPage":{"@id":"https:\/\/www.daisho.be\/de\/produit\/tatami-taekwondo-wt-approved\/#primaryimage"},"image":{"@id":"https:\/\/www.daisho.be\/de\/produit\/tatami-taekwondo-wt-approved\/#primaryimage"},"thumbnailUrl":"https:\/\/www.daisho.be\/wp-content\/uploads\/2022\/01\/image-92.jpg","datePublished":"2019-12-04T12:04:21+00:00","dateModified":"2026-03-31T12:57:18+00:00","description":"WT-gepr\u00fcfte ProGame Taekwondo Matte: Premium Stabilit\u00e4t und Elastizit\u00e4t. Hergestellt in Italien! Finden Sie ihn auf www.daisho.be|Daisho","breadcrumb":{"@id":"https:\/\/www.daisho.be\/de\/produit\/tatami-taekwondo-wt-approved\/#breadcrumb"},"inLanguage":"de","potentialAction":[{"@type":"ReadAction","target":["https:\/\/www.daisho.be\/de\/produit\/tatami-taekwondo-wt-approved\/"]}]},{"@type":"ImageObject","inLanguage":"de","@id":"https:\/\/www.daisho.be\/de\/produit\/tatami-taekwondo-wt-approved\/#primaryimage","url":"https:\/\/www.daisho.be\/wp-content\/uploads\/2022\/01\/image-92.jpg","contentUrl":"https:\/\/www.daisho.be\/wp-content\/uploads\/2022\/01\/image-92.jpg","width":1920,"height":1278,"caption":"Tatami TAEKWONDO WT Approved-1"},{"@type":"BreadcrumbList","@id":"https:\/\/www.daisho.be\/de\/produit\/tatami-taekwondo-wt-approved\/#breadcrumb","itemListElement":[{"@type":"ListItem","position":1,"name":"Accueil","item":"https:\/\/www.daisho.be\/de\/"},{"@type":"ListItem","position":2,"name":"Produkte","item":"https:\/\/www.daisho.be\/de\/produkte\/"},{"@type":"ListItem","position":3,"name":"Kampfsportarten","item":"https:\/\/www.daisho.be\/de\/categorie-produit\/kampfsportarten\/"},{"@type":"ListItem","position":4,"name":"Tatamis f\u00fcr Judo, Karate und Taekwondo (Kampfk\u00fcnste)","item":"https:\/\/www.daisho.be\/de\/categorie-produit\/kampfsportarten\/tatamis-fur-judo-karate-und-taekwondo-kampfkunste\/"},{"@type":"ListItem","position":5,"name":"Tatami TAEKWONDO WT Approved"}]},{"@type":"WebSite","@id":"https:\/\/www.daisho.be\/de\/#website","url":"https:\/\/www.daisho.be\/de\/","name":"Daisho","description":"Sp&eacute;cialiste de l'&eacute;quipement sportif d'arts martiaux","publisher":{"@id":"https:\/\/www.daisho.be\/de\/#organization"},"potentialAction":[{"@type":"SearchAction","target":{"@type":"EntryPoint","urlTemplate":"https:\/\/www.daisho.be\/de\/?s={search_term_string}"},"query-input":{"@type":"PropertyValueSpecification","valueRequired":true,"valueName":"search_term_string"}}],"inLanguage":"de"},{"@type":"Organization","@id":"https:\/\/www.daisho.be\/de\/#organization","name":"Daisho","url":"https:\/\/www.daisho.be\/de\/","logo":{"@type":"ImageObject","inLanguage":"de","@id":"https:\/\/www.daisho.be\/de\/#\/schema\/logo\/image\/","url":"https:\/\/www.daisho.be\/wp-content\/uploads\/2019\/07\/color-nothing-horizontale4x-e1564486100247.png","contentUrl":"https:\/\/www.daisho.be\/wp-content\/uploads\/2019\/07\/color-nothing-horizontale4x-e1564486100247.png","width":1547,"height":385,"caption":"Daisho"},"image":{"@id":"https:\/\/www.daisho.be\/de\/#\/schema\/logo\/image\/"}}]}},"_links":{"self":[{"href":"https:\/\/www.daisho.be\/de\/wp-json\/wp\/v2\/product\/453937","targetHints":{"allow":["GET"]}}],"collection":[{"href":"https:\/\/www.daisho.be\/de\/wp-json\/wp\/v2\/product"}],"about":[{"href":"https:\/\/www.daisho.be\/de\/wp-json\/wp\/v2\/types\/product"}],"replies":[{"embeddable":true,"href":"https:\/\/www.daisho.be\/de\/wp-json\/wp\/v2\/comments?post=453937"}],"wp:featuredmedia":[{"embeddable":true,"href":"https:\/\/www.daisho.be\/de\/wp-json\/wp\/v2\/media\/453947"}],"wp:attachment":[{"href":"https:\/\/www.daisho.be\/de\/wp-json\/wp\/v2\/media?parent=453937"}],"wp:term":[{"taxonomy":"product_brand","embeddable":true,"href":"https:\/\/www.daisho.be\/de\/wp-json\/wp\/v2\/product_brand?post=453937"},{"taxonomy":"product_cat","embeddable":true,"href":"https:\/\/www.daisho.be\/de\/wp-json\/wp\/v2\/product_cat?post=453937"},{"taxonomy":"product_tag","embeddable":true,"href":"https:\/\/www.daisho.be\/de\/wp-json\/wp\/v2\/product_tag?post=453937"},{"taxonomy":"sport","embeddable":true,"href":"https:\/\/www.daisho.be\/de\/wp-json\/wp\/v2\/sport?post=453937"}],"curies":[{"name":"wp","href":"https:\/\/api.w.org\/{rel}","templated":true}]}}