{"id":453901,"date":"2019-12-12T12:58:30","date_gmt":"2019-12-12T11:58:30","guid":{"rendered":"https:\/\/www.daisho.be\/produit\/propriozeptionsbrett\/"},"modified":"2025-10-09T13:57:36","modified_gmt":"2025-10-09T11:57:36","slug":"propriozeptionsbrett","status":"publish","type":"product","link":"https:\/\/www.daisho.be\/de\/produit\/propriozeptionsbrett\/","title":{"rendered":"SPORTI Balancierteller"},"content":{"rendered":"<p>Ein unverzichtbares Hilfsmittel f\u00fcr die Rehabilitation.<br \/>\nDie Suche nach dem Gleichgewicht erm\u00f6glicht eine effektive Arbeit der tiefen Muskeln und st\u00e4rkt den Bauchg\u00fcrtel.<br \/>\nDie rutschfeste Platte sorgt f\u00fcr sicheres Arbeiten.<br \/>\nMaximales Gewicht: 150 kg.<br \/>\nAbmessungen: Durchmesser 40 cm x H\u00f6he 8 cm.  <\/p>\n","protected":false},"excerpt":{"rendered":"<p>Ein unverzichtbares Hilfsmittel f\u00fcr die Rehabilitation. Die Suche nach dem Gleichgewicht erm\u00f6glicht eine effektive Arbeit der tiefen Muskeln und st\u00e4rkt den Bauchg\u00fcrtel. Die rutschfeste Platte sorgt f\u00fcr sicheres Arbeiten. Maximales Gewicht: 150 kg. Abmessungen: Durchmesser 40 cm x H\u00f6he 8 cm.<\/p>\n","protected":false},"featured_media":515156,"comment_status":"closed","ping_status":"closed","template":"","meta":{"inline_featured_image":false},"product_brand":[],"product_cat":[2244,2243,2151],"product_tag":[2152],"sport":[],"class_list":{"0":"post-453901","1":"product","2":"type-product","3":"status-publish","4":"has-post-thumbnail","6":"product_cat-fitness-crossfit-de","7":"product_cat-trainingsmaterial-de-2","8":"product_cat-zubehor","9":"product_tag-sporti-de","10":"pa_size-sans-taille","12":"first","13":"instock","14":"taxable","15":"shipping-taxable","16":"purchasable","17":"product-type-simple"},"yoast_head":"<!-- This site is optimized with the Yoast SEO plugin v27.2 - https:\/\/yoast.com\/product\/yoast-seo-wordpress\/ -->\n<title>SPORTI Balancierteller &#8211; Daisho<\/title>\n<meta name=\"robots\" content=\"index, follow, max-snippet:-1, max-image-preview:large, max-video-preview:-1\" \/>\n<link rel=\"canonical\" href=\"https:\/\/www.daisho.be\/de\/produit\/propriozeptionsbrett\/\" \/>\n<meta property=\"og:locale\" content=\"de_DE\" \/>\n<meta property=\"og:type\" content=\"article\" \/>\n<meta property=\"og:title\" content=\"SPORTI Balancierteller &#8211; Daisho\" \/>\n<meta property=\"og:description\" content=\"Ein unverzichtbares Hilfsmittel f\u00fcr die Rehabilitation. Die Suche nach dem Gleichgewicht erm\u00f6glicht eine effektive Arbeit der tiefen Muskeln und st\u00e4rkt den Bauchg\u00fcrtel. Die rutschfeste Platte sorgt f\u00fcr sicheres Arbeiten. Maximales Gewicht: 150 kg. Abmessungen: Durchmesser 40 cm x H\u00f6he 8 cm.\" \/>\n<meta property=\"og:url\" content=\"https:\/\/www.daisho.be\/de\/produit\/propriozeptionsbrett\/\" \/>\n<meta property=\"og:site_name\" content=\"Daisho\" \/>\n<meta property=\"article:modified_time\" content=\"2025-10-09T11:57:36+00:00\" \/>\n<meta property=\"og:image\" content=\"https:\/\/www.daisho.be\/wp-content\/uploads\/2025\/04\/image-1-939x1024.png\" \/>\n\t<meta property=\"og:image:width\" content=\"939\" \/>\n\t<meta property=\"og:image:height\" content=\"1024\" \/>\n\t<meta property=\"og:image:type\" content=\"image\/png\" \/>\n<meta name=\"twitter:card\" content=\"summary_large_image\" \/>\n<script type=\"application\/ld+json\" class=\"yoast-schema-graph\">{\"@context\":\"https:\/\/schema.org\",\"@graph\":[{\"@type\":\"WebPage\",\"@id\":\"https:\/\/www.daisho.be\/de\/produit\/propriozeptionsbrett\/\",\"url\":\"https:\/\/www.daisho.be\/de\/produit\/propriozeptionsbrett\/\",\"name\":\"SPORTI Balancierteller &#8211; Daisho\",\"isPartOf\":{\"@id\":\"https:\/\/www.daisho.be\/de\/#website\"},\"primaryImageOfPage\":{\"@id\":\"https:\/\/www.daisho.be\/de\/produit\/propriozeptionsbrett\/#primaryimage\"},\"image\":{\"@id\":\"https:\/\/www.daisho.be\/de\/produit\/propriozeptionsbrett\/#primaryimage\"},\"thumbnailUrl\":\"https:\/\/www.daisho.be\/wp-content\/uploads\/2025\/04\/image-1.png\",\"datePublished\":\"2019-12-12T11:58:30+00:00\",\"dateModified\":\"2025-10-09T11:57:36+00:00\",\"breadcrumb\":{\"@id\":\"https:\/\/www.daisho.be\/de\/produit\/propriozeptionsbrett\/#breadcrumb\"},\"inLanguage\":\"de\",\"potentialAction\":[{\"@type\":\"ReadAction\",\"target\":[\"https:\/\/www.daisho.be\/de\/produit\/propriozeptionsbrett\/\"]}]},{\"@type\":\"ImageObject\",\"inLanguage\":\"de\",\"@id\":\"https:\/\/www.daisho.be\/de\/produit\/propriozeptionsbrett\/#primaryimage\",\"url\":\"https:\/\/www.daisho.be\/wp-content\/uploads\/2025\/04\/image-1.png\",\"contentUrl\":\"https:\/\/www.daisho.be\/wp-content\/uploads\/2025\/04\/image-1.png\",\"width\":1200,\"height\":1308,\"caption\":\"Balancierteller SPORTI-1\"},{\"@type\":\"BreadcrumbList\",\"@id\":\"https:\/\/www.daisho.be\/de\/produit\/propriozeptionsbrett\/#breadcrumb\",\"itemListElement\":[{\"@type\":\"ListItem\",\"position\":1,\"name\":\"Accueil\",\"item\":\"https:\/\/www.daisho.be\/de\/\"},{\"@type\":\"ListItem\",\"position\":2,\"name\":\"Produkte\",\"item\":\"https:\/\/www.daisho.be\/de\/produkte\/\"},{\"@type\":\"ListItem\",\"position\":3,\"name\":\"Fitness - Crossfit\",\"item\":\"https:\/\/www.daisho.be\/de\/categorie-produit\/fitness-crossfit-de\/\"},{\"@type\":\"ListItem\",\"position\":4,\"name\":\"Zubeh\u00f6r\",\"item\":\"https:\/\/www.daisho.be\/de\/categorie-produit\/fitness-crossfit-de\/zubehor\/\"},{\"@type\":\"ListItem\",\"position\":5,\"name\":\"SPORTI Balancierteller\"}]},{\"@type\":\"WebSite\",\"@id\":\"https:\/\/www.daisho.be\/de\/#website\",\"url\":\"https:\/\/www.daisho.be\/de\/\",\"name\":\"Daisho\",\"description\":\"Sp&eacute;cialiste de l'&eacute;quipement sportif d'arts martiaux\",\"publisher\":{\"@id\":\"https:\/\/www.daisho.be\/de\/#organization\"},\"potentialAction\":[{\"@type\":\"SearchAction\",\"target\":{\"@type\":\"EntryPoint\",\"urlTemplate\":\"https:\/\/www.daisho.be\/de\/?s={search_term_string}\"},\"query-input\":{\"@type\":\"PropertyValueSpecification\",\"valueRequired\":true,\"valueName\":\"search_term_string\"}}],\"inLanguage\":\"de\"},{\"@type\":\"Organization\",\"@id\":\"https:\/\/www.daisho.be\/de\/#organization\",\"name\":\"Daisho\",\"url\":\"https:\/\/www.daisho.be\/de\/\",\"logo\":{\"@type\":\"ImageObject\",\"inLanguage\":\"de\",\"@id\":\"https:\/\/www.daisho.be\/de\/#\/schema\/logo\/image\/\",\"url\":\"https:\/\/www.daisho.be\/wp-content\/uploads\/2019\/07\/color-nothing-horizontale4x-e1564486100247.png\",\"contentUrl\":\"https:\/\/www.daisho.be\/wp-content\/uploads\/2019\/07\/color-nothing-horizontale4x-e1564486100247.png\",\"width\":1547,\"height\":385,\"caption\":\"Daisho\"},\"image\":{\"@id\":\"https:\/\/www.daisho.be\/de\/#\/schema\/logo\/image\/\"}}]}<\/script>\n<!-- \/ Yoast SEO plugin. -->","yoast_head_json":{"title":"SPORTI Balancierteller &#8211; Daisho","robots":{"index":"index","follow":"follow","max-snippet":"max-snippet:-1","max-image-preview":"max-image-preview:large","max-video-preview":"max-video-preview:-1"},"canonical":"https:\/\/www.daisho.be\/de\/produit\/propriozeptionsbrett\/","og_locale":"de_DE","og_type":"article","og_title":"SPORTI Balancierteller &#8211; Daisho","og_description":"Ein unverzichtbares Hilfsmittel f\u00fcr die Rehabilitation. Die Suche nach dem Gleichgewicht erm\u00f6glicht eine effektive Arbeit der tiefen Muskeln und st\u00e4rkt den Bauchg\u00fcrtel. Die rutschfeste Platte sorgt f\u00fcr sicheres Arbeiten. Maximales Gewicht: 150 kg. Abmessungen: Durchmesser 40 cm x H\u00f6he 8 cm.","og_url":"https:\/\/www.daisho.be\/de\/produit\/propriozeptionsbrett\/","og_site_name":"Daisho","article_modified_time":"2025-10-09T11:57:36+00:00","og_image":[{"width":939,"height":1024,"url":"https:\/\/www.daisho.be\/wp-content\/uploads\/2025\/04\/image-1-939x1024.png","type":"image\/png"}],"twitter_card":"summary_large_image","schema":{"@context":"https:\/\/schema.org","@graph":[{"@type":"WebPage","@id":"https:\/\/www.daisho.be\/de\/produit\/propriozeptionsbrett\/","url":"https:\/\/www.daisho.be\/de\/produit\/propriozeptionsbrett\/","name":"SPORTI Balancierteller &#8211; Daisho","isPartOf":{"@id":"https:\/\/www.daisho.be\/de\/#website"},"primaryImageOfPage":{"@id":"https:\/\/www.daisho.be\/de\/produit\/propriozeptionsbrett\/#primaryimage"},"image":{"@id":"https:\/\/www.daisho.be\/de\/produit\/propriozeptionsbrett\/#primaryimage"},"thumbnailUrl":"https:\/\/www.daisho.be\/wp-content\/uploads\/2025\/04\/image-1.png","datePublished":"2019-12-12T11:58:30+00:00","dateModified":"2025-10-09T11:57:36+00:00","breadcrumb":{"@id":"https:\/\/www.daisho.be\/de\/produit\/propriozeptionsbrett\/#breadcrumb"},"inLanguage":"de","potentialAction":[{"@type":"ReadAction","target":["https:\/\/www.daisho.be\/de\/produit\/propriozeptionsbrett\/"]}]},{"@type":"ImageObject","inLanguage":"de","@id":"https:\/\/www.daisho.be\/de\/produit\/propriozeptionsbrett\/#primaryimage","url":"https:\/\/www.daisho.be\/wp-content\/uploads\/2025\/04\/image-1.png","contentUrl":"https:\/\/www.daisho.be\/wp-content\/uploads\/2025\/04\/image-1.png","width":1200,"height":1308,"caption":"Balancierteller SPORTI-1"},{"@type":"BreadcrumbList","@id":"https:\/\/www.daisho.be\/de\/produit\/propriozeptionsbrett\/#breadcrumb","itemListElement":[{"@type":"ListItem","position":1,"name":"Accueil","item":"https:\/\/www.daisho.be\/de\/"},{"@type":"ListItem","position":2,"name":"Produkte","item":"https:\/\/www.daisho.be\/de\/produkte\/"},{"@type":"ListItem","position":3,"name":"Fitness - Crossfit","item":"https:\/\/www.daisho.be\/de\/categorie-produit\/fitness-crossfit-de\/"},{"@type":"ListItem","position":4,"name":"Zubeh\u00f6r","item":"https:\/\/www.daisho.be\/de\/categorie-produit\/fitness-crossfit-de\/zubehor\/"},{"@type":"ListItem","position":5,"name":"SPORTI Balancierteller"}]},{"@type":"WebSite","@id":"https:\/\/www.daisho.be\/de\/#website","url":"https:\/\/www.daisho.be\/de\/","name":"Daisho","description":"Sp&eacute;cialiste de l'&eacute;quipement sportif d'arts martiaux","publisher":{"@id":"https:\/\/www.daisho.be\/de\/#organization"},"potentialAction":[{"@type":"SearchAction","target":{"@type":"EntryPoint","urlTemplate":"https:\/\/www.daisho.be\/de\/?s={search_term_string}"},"query-input":{"@type":"PropertyValueSpecification","valueRequired":true,"valueName":"search_term_string"}}],"inLanguage":"de"},{"@type":"Organization","@id":"https:\/\/www.daisho.be\/de\/#organization","name":"Daisho","url":"https:\/\/www.daisho.be\/de\/","logo":{"@type":"ImageObject","inLanguage":"de","@id":"https:\/\/www.daisho.be\/de\/#\/schema\/logo\/image\/","url":"https:\/\/www.daisho.be\/wp-content\/uploads\/2019\/07\/color-nothing-horizontale4x-e1564486100247.png","contentUrl":"https:\/\/www.daisho.be\/wp-content\/uploads\/2019\/07\/color-nothing-horizontale4x-e1564486100247.png","width":1547,"height":385,"caption":"Daisho"},"image":{"@id":"https:\/\/www.daisho.be\/de\/#\/schema\/logo\/image\/"}}]}},"_links":{"self":[{"href":"https:\/\/www.daisho.be\/de\/wp-json\/wp\/v2\/product\/453901","targetHints":{"allow":["GET"]}}],"collection":[{"href":"https:\/\/www.daisho.be\/de\/wp-json\/wp\/v2\/product"}],"about":[{"href":"https:\/\/www.daisho.be\/de\/wp-json\/wp\/v2\/types\/product"}],"replies":[{"embeddable":true,"href":"https:\/\/www.daisho.be\/de\/wp-json\/wp\/v2\/comments?post=453901"}],"wp:featuredmedia":[{"embeddable":true,"href":"https:\/\/www.daisho.be\/de\/wp-json\/wp\/v2\/media\/515156"}],"wp:attachment":[{"href":"https:\/\/www.daisho.be\/de\/wp-json\/wp\/v2\/media?parent=453901"}],"wp:term":[{"taxonomy":"product_brand","embeddable":true,"href":"https:\/\/www.daisho.be\/de\/wp-json\/wp\/v2\/product_brand?post=453901"},{"taxonomy":"product_cat","embeddable":true,"href":"https:\/\/www.daisho.be\/de\/wp-json\/wp\/v2\/product_cat?post=453901"},{"taxonomy":"product_tag","embeddable":true,"href":"https:\/\/www.daisho.be\/de\/wp-json\/wp\/v2\/product_tag?post=453901"},{"taxonomy":"sport","embeddable":true,"href":"https:\/\/www.daisho.be\/de\/wp-json\/wp\/v2\/sport?post=453901"}],"curies":[{"name":"wp","href":"https:\/\/api.w.org\/{rel}","templated":true}]}}