{"id":453887,"date":"2019-12-13T09:14:58","date_gmt":"2019-12-13T08:14:58","guid":{"rendered":"https:\/\/www.daisho.be\/produit\/tatami-multisport-induction-ijf-approved\/"},"modified":"2026-04-14T13:55:20","modified_gmt":"2026-04-14T11:55:20","slug":"tatami-multisport-induction-ijf-approved","status":"publish","type":"product","link":"https:\/\/www.daisho.be\/de\/produit\/tatami-multisport-induction-ijf-approved\/","title":{"rendered":"Tatami MULTISPORT INDUCTION IJF APPROVED"},"content":{"rendered":"<p>Die ProGame Tatami Multisport Induction IJF Approved Matte wurde entwickelt, um den Bed\u00fcrfnissen junger Sportler bei der Einf\u00fchrung in verschiedene Kampfsportarten gerecht zu werden.<br \/>\nEs wurde von der Internationalen Judof\u00f6deration zugelassen und als geeignetes Produkt f\u00fcr den Schulunterricht und die Einf\u00fchrung von Kindern in den Judosport oder andere Kampfsportarten anerkannt.<br \/>\nDer Teppich ist dank seiner Leichtigkeit und des Puzzlesystems einfach und schnell zu handhaben.<br \/>\nEigenschaften:<br \/>\nAbmessungen: 1000 x 1000 x 40 mm<br \/>\nFarben: Gr\u00fcn\/Grau\/Rot<br \/>\nSicherheit: EN 1177 HIC (Head Injury Criteria) &#8211; NF EN 12503.1<br \/>\nLasergedrucktes IJF-Logo.<br \/>\nHinweis:<br \/>\nDie Abschlusskanten sind nicht im Lieferumfang der Tatamis enthalten.<br \/>\nBitte kontaktieren Sie uns, um die Verf\u00fcgbarkeit von Bordsteinen zu pr\u00fcfen.<\/p>\n","protected":false},"excerpt":{"rendered":"<p>Die ProGame Tatami Multisport Induction IJF Approved Matte wurde entwickelt, um den Bed\u00fcrfnissen junger Sportler bei der Einf\u00fchrung in verschiedene Kampfsportarten gerecht zu werden. Es wurde von der Internationalen Judof\u00f6deration zugelassen und als geeignetes Produkt f\u00fcr den Schulunterricht und die Einf\u00fchrung von Kindern in den Judosport oder andere Kampfsportarten anerkannt. Der Teppich ist dank seiner [&hellip;]<\/p>\n","protected":false},"featured_media":453892,"comment_status":"closed","ping_status":"closed","template":"","meta":{"inline_featured_image":false},"product_brand":[],"product_cat":[2016,2099],"product_tag":[2030],"sport":[78],"class_list":{"0":"post-453887","1":"product","2":"type-product","3":"status-publish","4":"has-post-thumbnail","6":"product_cat-tatamis-fur-judo-karate-und-taekwondo-kampfkunste","7":"product_cat-trainingsmaterial-de","8":"product_tag-progame-tatamis-de","9":"product_shipping_class-grose-produkte","10":"pa_size-4-cm","11":"sport-judo","13":"first","14":"instock","15":"taxable","16":"shipping-taxable","17":"purchasable","18":"product-type-variable"},"yoast_head":"<!-- This site is optimized with the Yoast SEO plugin v27.2 - https:\/\/yoast.com\/product\/yoast-seo-wordpress\/ -->\n<title>Tatami MULTISPORT INDUCTION IJF APPROVED &#8211; Daisho<\/title>\n<meta name=\"description\" content=\"Tatami Multisport Induction IJF Approved: Von der Internationalen Judof\u00f6deration zugelassen, leicht und einfach zu handhaben durch das Puzzlesystem.\" \/>\n<meta name=\"robots\" content=\"index, follow, max-snippet:-1, max-image-preview:large, max-video-preview:-1\" \/>\n<link rel=\"canonical\" href=\"https:\/\/www.daisho.be\/de\/produit\/tatami-multisport-induction-ijf-approved\/\" \/>\n<meta property=\"og:locale\" content=\"de_DE\" \/>\n<meta property=\"og:type\" content=\"article\" \/>\n<meta property=\"og:title\" content=\"Tatami MULTISPORT INDUCTION IJF APPROVED &#8211; Daisho\" \/>\n<meta property=\"og:description\" content=\"Tatami Multisport Induction IJF Approved: Von der Internationalen Judof\u00f6deration zugelassen, leicht und einfach zu handhaben durch das Puzzlesystem.\" \/>\n<meta property=\"og:url\" content=\"https:\/\/www.daisho.be\/de\/produit\/tatami-multisport-induction-ijf-approved\/\" \/>\n<meta property=\"og:site_name\" content=\"Daisho\" \/>\n<meta property=\"article:modified_time\" content=\"2026-04-14T11:55:20+00:00\" \/>\n<meta property=\"og:image\" content=\"https:\/\/www.daisho.be\/wp-content\/uploads\/2023\/11\/image-85.jpg\" \/>\n\t<meta property=\"og:image:width\" content=\"1920\" \/>\n\t<meta property=\"og:image:height\" content=\"1440\" \/>\n\t<meta property=\"og:image:type\" content=\"image\/jpeg\" \/>\n<meta name=\"twitter:card\" content=\"summary_large_image\" \/>\n<meta name=\"twitter:label1\" content=\"Gesch\u00e4tzte Lesezeit\" \/>\n\t<meta name=\"twitter:data1\" content=\"1\u00a0Minute\" \/>\n<script type=\"application\/ld+json\" class=\"yoast-schema-graph\">{\"@context\":\"https:\/\/schema.org\",\"@graph\":[{\"@type\":\"WebPage\",\"@id\":\"https:\/\/www.daisho.be\/de\/produit\/tatami-multisport-induction-ijf-approved\/\",\"url\":\"https:\/\/www.daisho.be\/de\/produit\/tatami-multisport-induction-ijf-approved\/\",\"name\":\"Tatami MULTISPORT INDUCTION IJF APPROVED &#8211; Daisho\",\"isPartOf\":{\"@id\":\"https:\/\/www.daisho.be\/de\/#website\"},\"primaryImageOfPage\":{\"@id\":\"https:\/\/www.daisho.be\/de\/produit\/tatami-multisport-induction-ijf-approved\/#primaryimage\"},\"image\":{\"@id\":\"https:\/\/www.daisho.be\/de\/produit\/tatami-multisport-induction-ijf-approved\/#primaryimage\"},\"thumbnailUrl\":\"https:\/\/www.daisho.be\/wp-content\/uploads\/2023\/11\/image-85.jpg\",\"datePublished\":\"2019-12-13T08:14:58+00:00\",\"dateModified\":\"2026-04-14T11:55:20+00:00\",\"description\":\"Tatami Multisport Induction IJF Approved: Von der Internationalen Judof\u00f6deration zugelassen, leicht und einfach zu handhaben durch das Puzzlesystem.\",\"breadcrumb\":{\"@id\":\"https:\/\/www.daisho.be\/de\/produit\/tatami-multisport-induction-ijf-approved\/#breadcrumb\"},\"inLanguage\":\"de\",\"potentialAction\":[{\"@type\":\"ReadAction\",\"target\":[\"https:\/\/www.daisho.be\/de\/produit\/tatami-multisport-induction-ijf-approved\/\"]}]},{\"@type\":\"ImageObject\",\"inLanguage\":\"de\",\"@id\":\"https:\/\/www.daisho.be\/de\/produit\/tatami-multisport-induction-ijf-approved\/#primaryimage\",\"url\":\"https:\/\/www.daisho.be\/wp-content\/uploads\/2023\/11\/image-85.jpg\",\"contentUrl\":\"https:\/\/www.daisho.be\/wp-content\/uploads\/2023\/11\/image-85.jpg\",\"width\":1920,\"height\":1440,\"caption\":\"Tatami MULTISPORT INDUCTION IJF APPROVED-1\"},{\"@type\":\"BreadcrumbList\",\"@id\":\"https:\/\/www.daisho.be\/de\/produit\/tatami-multisport-induction-ijf-approved\/#breadcrumb\",\"itemListElement\":[{\"@type\":\"ListItem\",\"position\":1,\"name\":\"Accueil\",\"item\":\"https:\/\/www.daisho.be\/de\/\"},{\"@type\":\"ListItem\",\"position\":2,\"name\":\"Produkte\",\"item\":\"https:\/\/www.daisho.be\/de\/produkte\/\"},{\"@type\":\"ListItem\",\"position\":3,\"name\":\"Ausr\u00fcstung und Kleidung f\u00fcr Kampfkunst und Kampfsport\",\"item\":\"https:\/\/www.daisho.be\/de\/categorie-produit\/ausrustung-und-kleidung-fur-kampfkunst-und-kampfsport\/\"},{\"@type\":\"ListItem\",\"position\":4,\"name\":\"Judo\",\"item\":\"https:\/\/www.daisho.be\/de\/categorie-produit\/ausrustung-und-kleidung-fur-kampfkunst-und-kampfsport\/judo-de-2\/\"},{\"@type\":\"ListItem\",\"position\":5,\"name\":\"Trainingsmaterial\",\"item\":\"https:\/\/www.daisho.be\/de\/categorie-produit\/ausrustung-und-kleidung-fur-kampfkunst-und-kampfsport\/judo-de-2\/trainingsmaterial-de\/\"},{\"@type\":\"ListItem\",\"position\":6,\"name\":\"Tatami MULTISPORT INDUCTION IJF APPROVED\"}]},{\"@type\":\"WebSite\",\"@id\":\"https:\/\/www.daisho.be\/de\/#website\",\"url\":\"https:\/\/www.daisho.be\/de\/\",\"name\":\"Daisho\",\"description\":\"Sp&eacute;cialiste de l'&eacute;quipement sportif d'arts martiaux\",\"publisher\":{\"@id\":\"https:\/\/www.daisho.be\/de\/#organization\"},\"potentialAction\":[{\"@type\":\"SearchAction\",\"target\":{\"@type\":\"EntryPoint\",\"urlTemplate\":\"https:\/\/www.daisho.be\/de\/?s={search_term_string}\"},\"query-input\":{\"@type\":\"PropertyValueSpecification\",\"valueRequired\":true,\"valueName\":\"search_term_string\"}}],\"inLanguage\":\"de\"},{\"@type\":\"Organization\",\"@id\":\"https:\/\/www.daisho.be\/de\/#organization\",\"name\":\"Daisho\",\"url\":\"https:\/\/www.daisho.be\/de\/\",\"logo\":{\"@type\":\"ImageObject\",\"inLanguage\":\"de\",\"@id\":\"https:\/\/www.daisho.be\/de\/#\/schema\/logo\/image\/\",\"url\":\"https:\/\/www.daisho.be\/wp-content\/uploads\/2019\/07\/color-nothing-horizontale4x-e1564486100247.png\",\"contentUrl\":\"https:\/\/www.daisho.be\/wp-content\/uploads\/2019\/07\/color-nothing-horizontale4x-e1564486100247.png\",\"width\":1547,\"height\":385,\"caption\":\"Daisho\"},\"image\":{\"@id\":\"https:\/\/www.daisho.be\/de\/#\/schema\/logo\/image\/\"}}]}<\/script>\n<!-- \/ Yoast SEO plugin. -->","yoast_head_json":{"title":"Tatami MULTISPORT INDUCTION IJF APPROVED &#8211; Daisho","description":"Tatami Multisport Induction IJF Approved: Von der Internationalen Judof\u00f6deration zugelassen, leicht und einfach zu handhaben durch das Puzzlesystem.","robots":{"index":"index","follow":"follow","max-snippet":"max-snippet:-1","max-image-preview":"max-image-preview:large","max-video-preview":"max-video-preview:-1"},"canonical":"https:\/\/www.daisho.be\/de\/produit\/tatami-multisport-induction-ijf-approved\/","og_locale":"de_DE","og_type":"article","og_title":"Tatami MULTISPORT INDUCTION IJF APPROVED &#8211; Daisho","og_description":"Tatami Multisport Induction IJF Approved: Von der Internationalen Judof\u00f6deration zugelassen, leicht und einfach zu handhaben durch das Puzzlesystem.","og_url":"https:\/\/www.daisho.be\/de\/produit\/tatami-multisport-induction-ijf-approved\/","og_site_name":"Daisho","article_modified_time":"2026-04-14T11:55:20+00:00","og_image":[{"width":1920,"height":1440,"url":"https:\/\/www.daisho.be\/wp-content\/uploads\/2023\/11\/image-85.jpg","type":"image\/jpeg"}],"twitter_card":"summary_large_image","twitter_misc":{"Gesch\u00e4tzte Lesezeit":"1\u00a0Minute"},"schema":{"@context":"https:\/\/schema.org","@graph":[{"@type":"WebPage","@id":"https:\/\/www.daisho.be\/de\/produit\/tatami-multisport-induction-ijf-approved\/","url":"https:\/\/www.daisho.be\/de\/produit\/tatami-multisport-induction-ijf-approved\/","name":"Tatami MULTISPORT INDUCTION IJF APPROVED &#8211; Daisho","isPartOf":{"@id":"https:\/\/www.daisho.be\/de\/#website"},"primaryImageOfPage":{"@id":"https:\/\/www.daisho.be\/de\/produit\/tatami-multisport-induction-ijf-approved\/#primaryimage"},"image":{"@id":"https:\/\/www.daisho.be\/de\/produit\/tatami-multisport-induction-ijf-approved\/#primaryimage"},"thumbnailUrl":"https:\/\/www.daisho.be\/wp-content\/uploads\/2023\/11\/image-85.jpg","datePublished":"2019-12-13T08:14:58+00:00","dateModified":"2026-04-14T11:55:20+00:00","description":"Tatami Multisport Induction IJF Approved: Von der Internationalen Judof\u00f6deration zugelassen, leicht und einfach zu handhaben durch das Puzzlesystem.","breadcrumb":{"@id":"https:\/\/www.daisho.be\/de\/produit\/tatami-multisport-induction-ijf-approved\/#breadcrumb"},"inLanguage":"de","potentialAction":[{"@type":"ReadAction","target":["https:\/\/www.daisho.be\/de\/produit\/tatami-multisport-induction-ijf-approved\/"]}]},{"@type":"ImageObject","inLanguage":"de","@id":"https:\/\/www.daisho.be\/de\/produit\/tatami-multisport-induction-ijf-approved\/#primaryimage","url":"https:\/\/www.daisho.be\/wp-content\/uploads\/2023\/11\/image-85.jpg","contentUrl":"https:\/\/www.daisho.be\/wp-content\/uploads\/2023\/11\/image-85.jpg","width":1920,"height":1440,"caption":"Tatami MULTISPORT INDUCTION IJF APPROVED-1"},{"@type":"BreadcrumbList","@id":"https:\/\/www.daisho.be\/de\/produit\/tatami-multisport-induction-ijf-approved\/#breadcrumb","itemListElement":[{"@type":"ListItem","position":1,"name":"Accueil","item":"https:\/\/www.daisho.be\/de\/"},{"@type":"ListItem","position":2,"name":"Produkte","item":"https:\/\/www.daisho.be\/de\/produkte\/"},{"@type":"ListItem","position":3,"name":"Ausr\u00fcstung und Kleidung f\u00fcr Kampfkunst und Kampfsport","item":"https:\/\/www.daisho.be\/de\/categorie-produit\/ausrustung-und-kleidung-fur-kampfkunst-und-kampfsport\/"},{"@type":"ListItem","position":4,"name":"Judo","item":"https:\/\/www.daisho.be\/de\/categorie-produit\/ausrustung-und-kleidung-fur-kampfkunst-und-kampfsport\/judo-de-2\/"},{"@type":"ListItem","position":5,"name":"Trainingsmaterial","item":"https:\/\/www.daisho.be\/de\/categorie-produit\/ausrustung-und-kleidung-fur-kampfkunst-und-kampfsport\/judo-de-2\/trainingsmaterial-de\/"},{"@type":"ListItem","position":6,"name":"Tatami MULTISPORT INDUCTION IJF APPROVED"}]},{"@type":"WebSite","@id":"https:\/\/www.daisho.be\/de\/#website","url":"https:\/\/www.daisho.be\/de\/","name":"Daisho","description":"Sp&eacute;cialiste de l'&eacute;quipement sportif d'arts martiaux","publisher":{"@id":"https:\/\/www.daisho.be\/de\/#organization"},"potentialAction":[{"@type":"SearchAction","target":{"@type":"EntryPoint","urlTemplate":"https:\/\/www.daisho.be\/de\/?s={search_term_string}"},"query-input":{"@type":"PropertyValueSpecification","valueRequired":true,"valueName":"search_term_string"}}],"inLanguage":"de"},{"@type":"Organization","@id":"https:\/\/www.daisho.be\/de\/#organization","name":"Daisho","url":"https:\/\/www.daisho.be\/de\/","logo":{"@type":"ImageObject","inLanguage":"de","@id":"https:\/\/www.daisho.be\/de\/#\/schema\/logo\/image\/","url":"https:\/\/www.daisho.be\/wp-content\/uploads\/2019\/07\/color-nothing-horizontale4x-e1564486100247.png","contentUrl":"https:\/\/www.daisho.be\/wp-content\/uploads\/2019\/07\/color-nothing-horizontale4x-e1564486100247.png","width":1547,"height":385,"caption":"Daisho"},"image":{"@id":"https:\/\/www.daisho.be\/de\/#\/schema\/logo\/image\/"}}]}},"_links":{"self":[{"href":"https:\/\/www.daisho.be\/de\/wp-json\/wp\/v2\/product\/453887","targetHints":{"allow":["GET"]}}],"collection":[{"href":"https:\/\/www.daisho.be\/de\/wp-json\/wp\/v2\/product"}],"about":[{"href":"https:\/\/www.daisho.be\/de\/wp-json\/wp\/v2\/types\/product"}],"replies":[{"embeddable":true,"href":"https:\/\/www.daisho.be\/de\/wp-json\/wp\/v2\/comments?post=453887"}],"wp:featuredmedia":[{"embeddable":true,"href":"https:\/\/www.daisho.be\/de\/wp-json\/wp\/v2\/media\/453892"}],"wp:attachment":[{"href":"https:\/\/www.daisho.be\/de\/wp-json\/wp\/v2\/media?parent=453887"}],"wp:term":[{"taxonomy":"product_brand","embeddable":true,"href":"https:\/\/www.daisho.be\/de\/wp-json\/wp\/v2\/product_brand?post=453887"},{"taxonomy":"product_cat","embeddable":true,"href":"https:\/\/www.daisho.be\/de\/wp-json\/wp\/v2\/product_cat?post=453887"},{"taxonomy":"product_tag","embeddable":true,"href":"https:\/\/www.daisho.be\/de\/wp-json\/wp\/v2\/product_tag?post=453887"},{"taxonomy":"sport","embeddable":true,"href":"https:\/\/www.daisho.be\/de\/wp-json\/wp\/v2\/sport?post=453887"}],"curies":[{"name":"wp","href":"https:\/\/api.w.org\/{rel}","templated":true}]}}