{"id":453781,"date":"2020-01-18T15:23:14","date_gmt":"2020-01-18T14:23:14","guid":{"rendered":"https:\/\/www.daisho.be\/produit\/judogi-dax-kids-weiss\/"},"modified":"2026-04-07T10:36:50","modified_gmt":"2026-04-07T08:36:50","slug":"judogi-dax-kids-weiss","status":"publish","type":"product","link":"https:\/\/www.daisho.be\/de\/produit\/judogi-dax-kids-weiss\/","title":{"rendered":"JUDOGI DAX KIDS WEISS"},"content":{"rendered":"<p>Der DAX Kids Judogi ist ein sehr guter Einsteiger-Judogi f\u00fcr Kinder und Jugendliche. Alle stark beanspruchten Bereiche sind verst\u00e4rkt, was die Haltbarkeit dieses Judo-Kimonos erheblich erh\u00f6ht. <\/p>\n<p>Merkmale :<\/p>\n<p>&#8211; leicht und angenehm zu tragen,<br \/>\n&#8211; Jacke, die an den Schultern, der Brust und am Revers verst\u00e4rkt ist,<\/p>\n<p>&#8211; Knie mit Doppelstich,<br \/>\n&#8211; Hose mit elastischem Bund,<br \/>\n&#8211; auch f\u00fcr Ju-Jitsu geeignet,<br \/>\n&#8211; Material: 100% Baumwolle, ca. 450 g\/m\u00b2,<br \/>\n&#8211; Schrumpfungsrate: ca. 7%,<br \/>\n&#8211; Lieferumfang: Jacke, Hose, wei\u00dfer G\u00fcrtel.<\/p>\n","protected":false},"excerpt":{"rendered":"<p>Der DAX Kids Judogi ist ein sehr guter Einsteiger-Judogi f\u00fcr Kinder und Jugendliche. Alle stark beanspruchten Bereiche sind verst\u00e4rkt, was die Haltbarkeit dieses Judo-Kimonos erheblich erh\u00f6ht. Merkmale : &#8211; leicht und angenehm zu tragen, &#8211; Jacke, die an den Schultern, der Brust und am Revers verst\u00e4rkt ist, &#8211; Knie mit Doppelstich, &#8211; Hose mit elastischem [&hellip;]<\/p>\n","protected":false},"featured_media":453792,"comment_status":"closed","ping_status":"closed","template":"","meta":{"inline_featured_image":false},"product_brand":[],"product_cat":[2127,2230,2128,2118],"product_tag":[2040],"sport":[429,74,78],"class_list":{"0":"post-453781","1":"product","2":"type-product","3":"status-publish","4":"has-post-thumbnail","6":"product_cat-aikido-kimonos-de","7":"product_cat-judo-kimonos-de","8":"product_cat-jujitsu-kimono-de","9":"product_cat-kleidung-kimonos","10":"product_tag-dax-de","11":"pa_size-437","12":"pa_size-375","13":"pa_size-374","14":"pa_size-373","15":"pa_size-381","16":"pa_size-380","17":"pa_size-379","18":"pa_size-378","19":"pa_size-377","20":"sport-aikido","21":"sport-jiu-jitsu","22":"sport-judo","24":"first","25":"instock","26":"taxable","27":"shipping-taxable","28":"purchasable","29":"product-type-variable"},"yoast_head":"<!-- This site is optimized with the Yoast SEO plugin v27.2 - https:\/\/yoast.com\/product\/yoast-seo-wordpress\/ -->\n<title>Wei\u00dfer Judo-Anzug f\u00fcr Kinder - Judogi Dax Kids | Daisho<\/title>\n<meta name=\"description\" content=\"Beginnt Ihr Kind mit der Aus\u00fcbung von Kampfsportarten? Unser wei\u00dfer Judo-Kimono (Dax) d\u00fcrfte ihm gefallen.... \u2713 Hohe Haltbarkeit\" \/>\n<meta name=\"robots\" content=\"index, follow, max-snippet:-1, max-image-preview:large, max-video-preview:-1\" \/>\n<link rel=\"canonical\" href=\"https:\/\/www.daisho.be\/de\/produit\/judogi-dax-kids-weiss\/\" \/>\n<meta property=\"og:locale\" content=\"de_DE\" \/>\n<meta property=\"og:type\" content=\"article\" \/>\n<meta property=\"og:title\" content=\"Wei\u00dfer Judo-Anzug f\u00fcr Kinder - Judogi Dax Kids | Daisho\" \/>\n<meta property=\"og:description\" content=\"Beginnt Ihr Kind mit der Aus\u00fcbung von Kampfsportarten? Unser wei\u00dfer Judo-Kimono (Dax) d\u00fcrfte ihm gefallen.... \u2713 Hohe Haltbarkeit\" \/>\n<meta property=\"og:url\" content=\"https:\/\/www.daisho.be\/de\/produit\/judogi-dax-kids-weiss\/\" \/>\n<meta property=\"og:site_name\" content=\"Daisho\" \/>\n<meta property=\"article:modified_time\" content=\"2026-04-07T08:36:50+00:00\" \/>\n<meta property=\"og:image\" content=\"https:\/\/www.daisho.be\/wp-content\/uploads\/2023\/06\/image-52.jpg\" \/>\n\t<meta property=\"og:image:width\" content=\"1359\" \/>\n\t<meta property=\"og:image:height\" content=\"1920\" \/>\n\t<meta property=\"og:image:type\" content=\"image\/jpeg\" \/>\n<meta name=\"twitter:card\" content=\"summary_large_image\" \/>\n<script type=\"application\/ld+json\" class=\"yoast-schema-graph\">{\"@context\":\"https:\/\/schema.org\",\"@graph\":[{\"@type\":\"WebPage\",\"@id\":\"https:\/\/www.daisho.be\/de\/produit\/judogi-dax-kids-weiss\/\",\"url\":\"https:\/\/www.daisho.be\/de\/produit\/judogi-dax-kids-weiss\/\",\"name\":\"Wei\u00dfer Judo-Anzug f\u00fcr Kinder - Judogi Dax Kids | Daisho\",\"isPartOf\":{\"@id\":\"https:\/\/www.daisho.be\/de\/#website\"},\"primaryImageOfPage\":{\"@id\":\"https:\/\/www.daisho.be\/de\/produit\/judogi-dax-kids-weiss\/#primaryimage\"},\"image\":{\"@id\":\"https:\/\/www.daisho.be\/de\/produit\/judogi-dax-kids-weiss\/#primaryimage\"},\"thumbnailUrl\":\"https:\/\/www.daisho.be\/wp-content\/uploads\/2023\/06\/image-52.jpg\",\"datePublished\":\"2020-01-18T14:23:14+00:00\",\"dateModified\":\"2026-04-07T08:36:50+00:00\",\"description\":\"Beginnt Ihr Kind mit der Aus\u00fcbung von Kampfsportarten? Unser wei\u00dfer Judo-Kimono (Dax) d\u00fcrfte ihm gefallen.... \u2713 Hohe Haltbarkeit\",\"breadcrumb\":{\"@id\":\"https:\/\/www.daisho.be\/de\/produit\/judogi-dax-kids-weiss\/#breadcrumb\"},\"inLanguage\":\"de\",\"potentialAction\":[{\"@type\":\"ReadAction\",\"target\":[\"https:\/\/www.daisho.be\/de\/produit\/judogi-dax-kids-weiss\/\"]}]},{\"@type\":\"ImageObject\",\"inLanguage\":\"de\",\"@id\":\"https:\/\/www.daisho.be\/de\/produit\/judogi-dax-kids-weiss\/#primaryimage\",\"url\":\"https:\/\/www.daisho.be\/wp-content\/uploads\/2023\/06\/image-52.jpg\",\"contentUrl\":\"https:\/\/www.daisho.be\/wp-content\/uploads\/2023\/06\/image-52.jpg\",\"width\":1359,\"height\":1920,\"caption\":\"JUDOGI DAX KIDS WEISS-1\"},{\"@type\":\"BreadcrumbList\",\"@id\":\"https:\/\/www.daisho.be\/de\/produit\/judogi-dax-kids-weiss\/#breadcrumb\",\"itemListElement\":[{\"@type\":\"ListItem\",\"position\":1,\"name\":\"Accueil\",\"item\":\"https:\/\/www.daisho.be\/de\/\"},{\"@type\":\"ListItem\",\"position\":2,\"name\":\"Produkte\",\"item\":\"https:\/\/www.daisho.be\/de\/produkte\/\"},{\"@type\":\"ListItem\",\"position\":3,\"name\":\"Ausr\u00fcstung und Kleidung f\u00fcr Kampfkunst und Kampfsport\",\"item\":\"https:\/\/www.daisho.be\/de\/categorie-produit\/ausrustung-und-kleidung-fur-kampfkunst-und-kampfsport\/\"},{\"@type\":\"ListItem\",\"position\":4,\"name\":\"A\u00efkido\",\"item\":\"https:\/\/www.daisho.be\/de\/categorie-produit\/ausrustung-und-kleidung-fur-kampfkunst-und-kampfsport\/aikido-de\/\"},{\"@type\":\"ListItem\",\"position\":5,\"name\":\"Aikido Kimonos\",\"item\":\"https:\/\/www.daisho.be\/de\/categorie-produit\/ausrustung-und-kleidung-fur-kampfkunst-und-kampfsport\/aikido-de\/aikido-kimonos-de\/\"},{\"@type\":\"ListItem\",\"position\":6,\"name\":\"JUDOGI DAX KIDS WEISS\"}]},{\"@type\":\"WebSite\",\"@id\":\"https:\/\/www.daisho.be\/de\/#website\",\"url\":\"https:\/\/www.daisho.be\/de\/\",\"name\":\"Daisho\",\"description\":\"Sp&eacute;cialiste de l'&eacute;quipement sportif d'arts martiaux\",\"publisher\":{\"@id\":\"https:\/\/www.daisho.be\/de\/#organization\"},\"potentialAction\":[{\"@type\":\"SearchAction\",\"target\":{\"@type\":\"EntryPoint\",\"urlTemplate\":\"https:\/\/www.daisho.be\/de\/?s={search_term_string}\"},\"query-input\":{\"@type\":\"PropertyValueSpecification\",\"valueRequired\":true,\"valueName\":\"search_term_string\"}}],\"inLanguage\":\"de\"},{\"@type\":\"Organization\",\"@id\":\"https:\/\/www.daisho.be\/de\/#organization\",\"name\":\"Daisho\",\"url\":\"https:\/\/www.daisho.be\/de\/\",\"logo\":{\"@type\":\"ImageObject\",\"inLanguage\":\"de\",\"@id\":\"https:\/\/www.daisho.be\/de\/#\/schema\/logo\/image\/\",\"url\":\"https:\/\/www.daisho.be\/wp-content\/uploads\/2019\/07\/color-nothing-horizontale4x-e1564486100247.png\",\"contentUrl\":\"https:\/\/www.daisho.be\/wp-content\/uploads\/2019\/07\/color-nothing-horizontale4x-e1564486100247.png\",\"width\":1547,\"height\":385,\"caption\":\"Daisho\"},\"image\":{\"@id\":\"https:\/\/www.daisho.be\/de\/#\/schema\/logo\/image\/\"}}]}<\/script>\n<!-- \/ Yoast SEO plugin. -->","yoast_head_json":{"title":"Wei\u00dfer Judo-Anzug f\u00fcr Kinder - Judogi Dax Kids | Daisho","description":"Beginnt Ihr Kind mit der Aus\u00fcbung von Kampfsportarten? Unser wei\u00dfer Judo-Kimono (Dax) d\u00fcrfte ihm gefallen.... \u2713 Hohe Haltbarkeit","robots":{"index":"index","follow":"follow","max-snippet":"max-snippet:-1","max-image-preview":"max-image-preview:large","max-video-preview":"max-video-preview:-1"},"canonical":"https:\/\/www.daisho.be\/de\/produit\/judogi-dax-kids-weiss\/","og_locale":"de_DE","og_type":"article","og_title":"Wei\u00dfer Judo-Anzug f\u00fcr Kinder - Judogi Dax Kids | Daisho","og_description":"Beginnt Ihr Kind mit der Aus\u00fcbung von Kampfsportarten? Unser wei\u00dfer Judo-Kimono (Dax) d\u00fcrfte ihm gefallen.... \u2713 Hohe Haltbarkeit","og_url":"https:\/\/www.daisho.be\/de\/produit\/judogi-dax-kids-weiss\/","og_site_name":"Daisho","article_modified_time":"2026-04-07T08:36:50+00:00","og_image":[{"width":1359,"height":1920,"url":"https:\/\/www.daisho.be\/wp-content\/uploads\/2023\/06\/image-52.jpg","type":"image\/jpeg"}],"twitter_card":"summary_large_image","schema":{"@context":"https:\/\/schema.org","@graph":[{"@type":"WebPage","@id":"https:\/\/www.daisho.be\/de\/produit\/judogi-dax-kids-weiss\/","url":"https:\/\/www.daisho.be\/de\/produit\/judogi-dax-kids-weiss\/","name":"Wei\u00dfer Judo-Anzug f\u00fcr Kinder - Judogi Dax Kids | Daisho","isPartOf":{"@id":"https:\/\/www.daisho.be\/de\/#website"},"primaryImageOfPage":{"@id":"https:\/\/www.daisho.be\/de\/produit\/judogi-dax-kids-weiss\/#primaryimage"},"image":{"@id":"https:\/\/www.daisho.be\/de\/produit\/judogi-dax-kids-weiss\/#primaryimage"},"thumbnailUrl":"https:\/\/www.daisho.be\/wp-content\/uploads\/2023\/06\/image-52.jpg","datePublished":"2020-01-18T14:23:14+00:00","dateModified":"2026-04-07T08:36:50+00:00","description":"Beginnt Ihr Kind mit der Aus\u00fcbung von Kampfsportarten? Unser wei\u00dfer Judo-Kimono (Dax) d\u00fcrfte ihm gefallen.... \u2713 Hohe Haltbarkeit","breadcrumb":{"@id":"https:\/\/www.daisho.be\/de\/produit\/judogi-dax-kids-weiss\/#breadcrumb"},"inLanguage":"de","potentialAction":[{"@type":"ReadAction","target":["https:\/\/www.daisho.be\/de\/produit\/judogi-dax-kids-weiss\/"]}]},{"@type":"ImageObject","inLanguage":"de","@id":"https:\/\/www.daisho.be\/de\/produit\/judogi-dax-kids-weiss\/#primaryimage","url":"https:\/\/www.daisho.be\/wp-content\/uploads\/2023\/06\/image-52.jpg","contentUrl":"https:\/\/www.daisho.be\/wp-content\/uploads\/2023\/06\/image-52.jpg","width":1359,"height":1920,"caption":"JUDOGI DAX KIDS WEISS-1"},{"@type":"BreadcrumbList","@id":"https:\/\/www.daisho.be\/de\/produit\/judogi-dax-kids-weiss\/#breadcrumb","itemListElement":[{"@type":"ListItem","position":1,"name":"Accueil","item":"https:\/\/www.daisho.be\/de\/"},{"@type":"ListItem","position":2,"name":"Produkte","item":"https:\/\/www.daisho.be\/de\/produkte\/"},{"@type":"ListItem","position":3,"name":"Ausr\u00fcstung und Kleidung f\u00fcr Kampfkunst und Kampfsport","item":"https:\/\/www.daisho.be\/de\/categorie-produit\/ausrustung-und-kleidung-fur-kampfkunst-und-kampfsport\/"},{"@type":"ListItem","position":4,"name":"A\u00efkido","item":"https:\/\/www.daisho.be\/de\/categorie-produit\/ausrustung-und-kleidung-fur-kampfkunst-und-kampfsport\/aikido-de\/"},{"@type":"ListItem","position":5,"name":"Aikido Kimonos","item":"https:\/\/www.daisho.be\/de\/categorie-produit\/ausrustung-und-kleidung-fur-kampfkunst-und-kampfsport\/aikido-de\/aikido-kimonos-de\/"},{"@type":"ListItem","position":6,"name":"JUDOGI DAX KIDS WEISS"}]},{"@type":"WebSite","@id":"https:\/\/www.daisho.be\/de\/#website","url":"https:\/\/www.daisho.be\/de\/","name":"Daisho","description":"Sp&eacute;cialiste de l'&eacute;quipement sportif d'arts martiaux","publisher":{"@id":"https:\/\/www.daisho.be\/de\/#organization"},"potentialAction":[{"@type":"SearchAction","target":{"@type":"EntryPoint","urlTemplate":"https:\/\/www.daisho.be\/de\/?s={search_term_string}"},"query-input":{"@type":"PropertyValueSpecification","valueRequired":true,"valueName":"search_term_string"}}],"inLanguage":"de"},{"@type":"Organization","@id":"https:\/\/www.daisho.be\/de\/#organization","name":"Daisho","url":"https:\/\/www.daisho.be\/de\/","logo":{"@type":"ImageObject","inLanguage":"de","@id":"https:\/\/www.daisho.be\/de\/#\/schema\/logo\/image\/","url":"https:\/\/www.daisho.be\/wp-content\/uploads\/2019\/07\/color-nothing-horizontale4x-e1564486100247.png","contentUrl":"https:\/\/www.daisho.be\/wp-content\/uploads\/2019\/07\/color-nothing-horizontale4x-e1564486100247.png","width":1547,"height":385,"caption":"Daisho"},"image":{"@id":"https:\/\/www.daisho.be\/de\/#\/schema\/logo\/image\/"}}]}},"_links":{"self":[{"href":"https:\/\/www.daisho.be\/de\/wp-json\/wp\/v2\/product\/453781","targetHints":{"allow":["GET"]}}],"collection":[{"href":"https:\/\/www.daisho.be\/de\/wp-json\/wp\/v2\/product"}],"about":[{"href":"https:\/\/www.daisho.be\/de\/wp-json\/wp\/v2\/types\/product"}],"replies":[{"embeddable":true,"href":"https:\/\/www.daisho.be\/de\/wp-json\/wp\/v2\/comments?post=453781"}],"wp:featuredmedia":[{"embeddable":true,"href":"https:\/\/www.daisho.be\/de\/wp-json\/wp\/v2\/media\/453792"}],"wp:attachment":[{"href":"https:\/\/www.daisho.be\/de\/wp-json\/wp\/v2\/media?parent=453781"}],"wp:term":[{"taxonomy":"product_brand","embeddable":true,"href":"https:\/\/www.daisho.be\/de\/wp-json\/wp\/v2\/product_brand?post=453781"},{"taxonomy":"product_cat","embeddable":true,"href":"https:\/\/www.daisho.be\/de\/wp-json\/wp\/v2\/product_cat?post=453781"},{"taxonomy":"product_tag","embeddable":true,"href":"https:\/\/www.daisho.be\/de\/wp-json\/wp\/v2\/product_tag?post=453781"},{"taxonomy":"sport","embeddable":true,"href":"https:\/\/www.daisho.be\/de\/wp-json\/wp\/v2\/sport?post=453781"}],"curies":[{"name":"wp","href":"https:\/\/api.w.org\/{rel}","templated":true}]}}