{"id":453761,"date":"2020-01-18T15:22:06","date_gmt":"2020-01-18T14:22:06","guid":{"rendered":"https:\/\/www.daisho.be\/produit\/judogi-dax-bambini-weiss\/"},"modified":"2025-12-22T12:34:04","modified_gmt":"2025-12-22T11:34:04","slug":"judogi-dax-bambini-weiss","status":"publish","type":"product","link":"https:\/\/www.daisho.be\/de\/produit\/judogi-dax-bambini-weiss\/","title":{"rendered":"JUDOGI DAX BAMBINI WEISS"},"content":{"rendered":"<p>Der DAX Bambini ist ein preisg\u00fcnstiger Judogi oder Judokimono im unteren Preissegment, der speziell f\u00fcr Kinder entwickelt und entworfen wurde. Der hochwertige Baumwollstoff ist gut verarbeitet und kratzt nicht.<br \/>\nEigenschaften:<br \/>\n&#8211; Jacke an Schultern, Brust und Revers verst\u00e4rkt,<br \/>\n&#8211; Knie doppelt gen\u00e4ht,<br \/>\n&#8211; Hose mit elastischem G\u00fcrtel,<br \/>\n&#8211; auch f\u00fcr Ju-Jitsu geeignet,<br \/>\n&#8211; Material: 100% Baumwolle, ca. 390 g\/m\u00b2,<br \/>\n&#8211; Schrumpfungsgrad: ca. 7 %,<br \/>\n&#8211; Lieferumfang: Jacke, Hose, wei\u00dfer G\u00fcrtel. <\/p>\n","protected":false},"excerpt":{"rendered":"<p>Der DAX Bambini ist ein preisg\u00fcnstiger Judogi oder Judokimono im unteren Preissegment, der speziell f\u00fcr Kinder entwickelt und entworfen wurde. Der hochwertige Baumwollstoff ist gut verarbeitet und kratzt nicht. Eigenschaften: &#8211; Jacke an Schultern, Brust und Revers verst\u00e4rkt, &#8211; Knie doppelt gen\u00e4ht, &#8211; Hose mit elastischem G\u00fcrtel, &#8211; auch f\u00fcr Ju-Jitsu geeignet, &#8211; Material: 100% [&hellip;]<\/p>\n","protected":false},"featured_media":453780,"comment_status":"closed","ping_status":"closed","template":"","meta":{"inline_featured_image":false},"product_brand":[],"product_cat":[2127,2230,2128,2118],"product_tag":[2040],"sport":[429,74,78],"class_list":{"0":"post-453761","1":"product","2":"type-product","3":"status-publish","4":"has-post-thumbnail","6":"product_cat-aikido-kimonos-de","7":"product_cat-judo-kimonos-de","8":"product_cat-jujitsu-kimono-de","9":"product_cat-kleidung-kimonos","10":"product_tag-dax-de","11":"pa_size-437","12":"pa_size-375","13":"pa_size-374","14":"pa_size-373","15":"pa_size-381","16":"pa_size-380","17":"pa_size-379","18":"pa_size-378","19":"pa_size-438","20":"sport-aikido","21":"sport-jiu-jitsu","22":"sport-judo","24":"first","25":"instock","26":"taxable","27":"shipping-taxable","28":"purchasable","29":"product-type-variable"},"yoast_head":"<!-- This site is optimized with the Yoast SEO plugin v27.2 - https:\/\/yoast.com\/product\/yoast-seo-wordpress\/ -->\n<title>Judoanzug f\u00fcr Kinder - Judogi Dax Bambini Wei\u00df | Daisho<\/title>\n<meta name=\"description\" content=\"M\u00f6chte Ihr Kind mit den Kampfk\u00fcnsten beginnen? Entdecken Sie den Einsteiger-Kimono von Judo Dax. \u2713 Kleiner Preis\" \/>\n<meta name=\"robots\" content=\"index, follow, max-snippet:-1, max-image-preview:large, max-video-preview:-1\" \/>\n<link rel=\"canonical\" href=\"https:\/\/www.daisho.be\/de\/produit\/judogi-dax-bambini-weiss\/\" \/>\n<meta property=\"og:locale\" content=\"de_DE\" \/>\n<meta property=\"og:type\" content=\"article\" \/>\n<meta property=\"og:title\" content=\"Judoanzug f\u00fcr Kinder - Judogi Dax Bambini Wei\u00df | Daisho\" \/>\n<meta property=\"og:description\" content=\"M\u00f6chte Ihr Kind mit den Kampfk\u00fcnsten beginnen? Entdecken Sie den Einsteiger-Kimono von Judo Dax. \u2713 Kleiner Preis\" \/>\n<meta property=\"og:url\" content=\"https:\/\/www.daisho.be\/de\/produit\/judogi-dax-bambini-weiss\/\" \/>\n<meta property=\"og:site_name\" content=\"Daisho\" \/>\n<meta property=\"article:modified_time\" content=\"2025-12-22T11:34:04+00:00\" \/>\n<meta property=\"og:image\" content=\"https:\/\/www.daisho.be\/wp-content\/uploads\/2024\/01\/image-232-scaled.jpg\" \/>\n\t<meta property=\"og:image:width\" content=\"1449\" \/>\n\t<meta property=\"og:image:height\" content=\"2048\" \/>\n\t<meta property=\"og:image:type\" content=\"image\/jpeg\" \/>\n<meta name=\"twitter:card\" content=\"summary_large_image\" \/>\n<script type=\"application\/ld+json\" class=\"yoast-schema-graph\">{\"@context\":\"https:\/\/schema.org\",\"@graph\":[{\"@type\":\"WebPage\",\"@id\":\"https:\/\/www.daisho.be\/de\/produit\/judogi-dax-bambini-weiss\/\",\"url\":\"https:\/\/www.daisho.be\/de\/produit\/judogi-dax-bambini-weiss\/\",\"name\":\"Judoanzug f\u00fcr Kinder - Judogi Dax Bambini Wei\u00df | Daisho\",\"isPartOf\":{\"@id\":\"https:\/\/www.daisho.be\/de\/#website\"},\"primaryImageOfPage\":{\"@id\":\"https:\/\/www.daisho.be\/de\/produit\/judogi-dax-bambini-weiss\/#primaryimage\"},\"image\":{\"@id\":\"https:\/\/www.daisho.be\/de\/produit\/judogi-dax-bambini-weiss\/#primaryimage\"},\"thumbnailUrl\":\"https:\/\/www.daisho.be\/wp-content\/uploads\/2024\/01\/image-232-scaled.jpg\",\"datePublished\":\"2020-01-18T14:22:06+00:00\",\"dateModified\":\"2025-12-22T11:34:04+00:00\",\"description\":\"M\u00f6chte Ihr Kind mit den Kampfk\u00fcnsten beginnen? Entdecken Sie den Einsteiger-Kimono von Judo Dax. \u2713 Kleiner Preis\",\"breadcrumb\":{\"@id\":\"https:\/\/www.daisho.be\/de\/produit\/judogi-dax-bambini-weiss\/#breadcrumb\"},\"inLanguage\":\"de\",\"potentialAction\":[{\"@type\":\"ReadAction\",\"target\":[\"https:\/\/www.daisho.be\/de\/produit\/judogi-dax-bambini-weiss\/\"]}]},{\"@type\":\"ImageObject\",\"inLanguage\":\"de\",\"@id\":\"https:\/\/www.daisho.be\/de\/produit\/judogi-dax-bambini-weiss\/#primaryimage\",\"url\":\"https:\/\/www.daisho.be\/wp-content\/uploads\/2024\/01\/image-232-scaled.jpg\",\"contentUrl\":\"https:\/\/www.daisho.be\/wp-content\/uploads\/2024\/01\/image-232-scaled.jpg\",\"width\":1449,\"height\":2048,\"caption\":\"JUDOGI DAX BAMBINI WEISS-1\"},{\"@type\":\"BreadcrumbList\",\"@id\":\"https:\/\/www.daisho.be\/de\/produit\/judogi-dax-bambini-weiss\/#breadcrumb\",\"itemListElement\":[{\"@type\":\"ListItem\",\"position\":1,\"name\":\"Accueil\",\"item\":\"https:\/\/www.daisho.be\/de\/\"},{\"@type\":\"ListItem\",\"position\":2,\"name\":\"Produkte\",\"item\":\"https:\/\/www.daisho.be\/de\/produkte\/\"},{\"@type\":\"ListItem\",\"position\":3,\"name\":\"Ausr\u00fcstung und Kleidung f\u00fcr Kampfkunst und Kampfsport\",\"item\":\"https:\/\/www.daisho.be\/de\/categorie-produit\/ausrustung-und-kleidung-fur-kampfkunst-und-kampfsport\/\"},{\"@type\":\"ListItem\",\"position\":4,\"name\":\"A\u00efkido\",\"item\":\"https:\/\/www.daisho.be\/de\/categorie-produit\/ausrustung-und-kleidung-fur-kampfkunst-und-kampfsport\/aikido-de\/\"},{\"@type\":\"ListItem\",\"position\":5,\"name\":\"Aikido Kimonos\",\"item\":\"https:\/\/www.daisho.be\/de\/categorie-produit\/ausrustung-und-kleidung-fur-kampfkunst-und-kampfsport\/aikido-de\/aikido-kimonos-de\/\"},{\"@type\":\"ListItem\",\"position\":6,\"name\":\"JUDOGI DAX BAMBINI WEISS\"}]},{\"@type\":\"WebSite\",\"@id\":\"https:\/\/www.daisho.be\/de\/#website\",\"url\":\"https:\/\/www.daisho.be\/de\/\",\"name\":\"Daisho\",\"description\":\"Sp&eacute;cialiste de l'&eacute;quipement sportif d'arts martiaux\",\"publisher\":{\"@id\":\"https:\/\/www.daisho.be\/de\/#organization\"},\"potentialAction\":[{\"@type\":\"SearchAction\",\"target\":{\"@type\":\"EntryPoint\",\"urlTemplate\":\"https:\/\/www.daisho.be\/de\/?s={search_term_string}\"},\"query-input\":{\"@type\":\"PropertyValueSpecification\",\"valueRequired\":true,\"valueName\":\"search_term_string\"}}],\"inLanguage\":\"de\"},{\"@type\":\"Organization\",\"@id\":\"https:\/\/www.daisho.be\/de\/#organization\",\"name\":\"Daisho\",\"url\":\"https:\/\/www.daisho.be\/de\/\",\"logo\":{\"@type\":\"ImageObject\",\"inLanguage\":\"de\",\"@id\":\"https:\/\/www.daisho.be\/de\/#\/schema\/logo\/image\/\",\"url\":\"https:\/\/www.daisho.be\/wp-content\/uploads\/2019\/07\/color-nothing-horizontale4x-e1564486100247.png\",\"contentUrl\":\"https:\/\/www.daisho.be\/wp-content\/uploads\/2019\/07\/color-nothing-horizontale4x-e1564486100247.png\",\"width\":1547,\"height\":385,\"caption\":\"Daisho\"},\"image\":{\"@id\":\"https:\/\/www.daisho.be\/de\/#\/schema\/logo\/image\/\"}}]}<\/script>\n<!-- \/ Yoast SEO plugin. -->","yoast_head_json":{"title":"Judoanzug f\u00fcr Kinder - Judogi Dax Bambini Wei\u00df | Daisho","description":"M\u00f6chte Ihr Kind mit den Kampfk\u00fcnsten beginnen? Entdecken Sie den Einsteiger-Kimono von Judo Dax. \u2713 Kleiner Preis","robots":{"index":"index","follow":"follow","max-snippet":"max-snippet:-1","max-image-preview":"max-image-preview:large","max-video-preview":"max-video-preview:-1"},"canonical":"https:\/\/www.daisho.be\/de\/produit\/judogi-dax-bambini-weiss\/","og_locale":"de_DE","og_type":"article","og_title":"Judoanzug f\u00fcr Kinder - Judogi Dax Bambini Wei\u00df | Daisho","og_description":"M\u00f6chte Ihr Kind mit den Kampfk\u00fcnsten beginnen? Entdecken Sie den Einsteiger-Kimono von Judo Dax. \u2713 Kleiner Preis","og_url":"https:\/\/www.daisho.be\/de\/produit\/judogi-dax-bambini-weiss\/","og_site_name":"Daisho","article_modified_time":"2025-12-22T11:34:04+00:00","og_image":[{"width":1449,"height":2048,"url":"https:\/\/www.daisho.be\/wp-content\/uploads\/2024\/01\/image-232-scaled.jpg","type":"image\/jpeg"}],"twitter_card":"summary_large_image","schema":{"@context":"https:\/\/schema.org","@graph":[{"@type":"WebPage","@id":"https:\/\/www.daisho.be\/de\/produit\/judogi-dax-bambini-weiss\/","url":"https:\/\/www.daisho.be\/de\/produit\/judogi-dax-bambini-weiss\/","name":"Judoanzug f\u00fcr Kinder - Judogi Dax Bambini Wei\u00df | Daisho","isPartOf":{"@id":"https:\/\/www.daisho.be\/de\/#website"},"primaryImageOfPage":{"@id":"https:\/\/www.daisho.be\/de\/produit\/judogi-dax-bambini-weiss\/#primaryimage"},"image":{"@id":"https:\/\/www.daisho.be\/de\/produit\/judogi-dax-bambini-weiss\/#primaryimage"},"thumbnailUrl":"https:\/\/www.daisho.be\/wp-content\/uploads\/2024\/01\/image-232-scaled.jpg","datePublished":"2020-01-18T14:22:06+00:00","dateModified":"2025-12-22T11:34:04+00:00","description":"M\u00f6chte Ihr Kind mit den Kampfk\u00fcnsten beginnen? Entdecken Sie den Einsteiger-Kimono von Judo Dax. \u2713 Kleiner Preis","breadcrumb":{"@id":"https:\/\/www.daisho.be\/de\/produit\/judogi-dax-bambini-weiss\/#breadcrumb"},"inLanguage":"de","potentialAction":[{"@type":"ReadAction","target":["https:\/\/www.daisho.be\/de\/produit\/judogi-dax-bambini-weiss\/"]}]},{"@type":"ImageObject","inLanguage":"de","@id":"https:\/\/www.daisho.be\/de\/produit\/judogi-dax-bambini-weiss\/#primaryimage","url":"https:\/\/www.daisho.be\/wp-content\/uploads\/2024\/01\/image-232-scaled.jpg","contentUrl":"https:\/\/www.daisho.be\/wp-content\/uploads\/2024\/01\/image-232-scaled.jpg","width":1449,"height":2048,"caption":"JUDOGI DAX BAMBINI WEISS-1"},{"@type":"BreadcrumbList","@id":"https:\/\/www.daisho.be\/de\/produit\/judogi-dax-bambini-weiss\/#breadcrumb","itemListElement":[{"@type":"ListItem","position":1,"name":"Accueil","item":"https:\/\/www.daisho.be\/de\/"},{"@type":"ListItem","position":2,"name":"Produkte","item":"https:\/\/www.daisho.be\/de\/produkte\/"},{"@type":"ListItem","position":3,"name":"Ausr\u00fcstung und Kleidung f\u00fcr Kampfkunst und Kampfsport","item":"https:\/\/www.daisho.be\/de\/categorie-produit\/ausrustung-und-kleidung-fur-kampfkunst-und-kampfsport\/"},{"@type":"ListItem","position":4,"name":"A\u00efkido","item":"https:\/\/www.daisho.be\/de\/categorie-produit\/ausrustung-und-kleidung-fur-kampfkunst-und-kampfsport\/aikido-de\/"},{"@type":"ListItem","position":5,"name":"Aikido Kimonos","item":"https:\/\/www.daisho.be\/de\/categorie-produit\/ausrustung-und-kleidung-fur-kampfkunst-und-kampfsport\/aikido-de\/aikido-kimonos-de\/"},{"@type":"ListItem","position":6,"name":"JUDOGI DAX BAMBINI WEISS"}]},{"@type":"WebSite","@id":"https:\/\/www.daisho.be\/de\/#website","url":"https:\/\/www.daisho.be\/de\/","name":"Daisho","description":"Sp&eacute;cialiste de l'&eacute;quipement sportif d'arts martiaux","publisher":{"@id":"https:\/\/www.daisho.be\/de\/#organization"},"potentialAction":[{"@type":"SearchAction","target":{"@type":"EntryPoint","urlTemplate":"https:\/\/www.daisho.be\/de\/?s={search_term_string}"},"query-input":{"@type":"PropertyValueSpecification","valueRequired":true,"valueName":"search_term_string"}}],"inLanguage":"de"},{"@type":"Organization","@id":"https:\/\/www.daisho.be\/de\/#organization","name":"Daisho","url":"https:\/\/www.daisho.be\/de\/","logo":{"@type":"ImageObject","inLanguage":"de","@id":"https:\/\/www.daisho.be\/de\/#\/schema\/logo\/image\/","url":"https:\/\/www.daisho.be\/wp-content\/uploads\/2019\/07\/color-nothing-horizontale4x-e1564486100247.png","contentUrl":"https:\/\/www.daisho.be\/wp-content\/uploads\/2019\/07\/color-nothing-horizontale4x-e1564486100247.png","width":1547,"height":385,"caption":"Daisho"},"image":{"@id":"https:\/\/www.daisho.be\/de\/#\/schema\/logo\/image\/"}}]}},"_links":{"self":[{"href":"https:\/\/www.daisho.be\/de\/wp-json\/wp\/v2\/product\/453761","targetHints":{"allow":["GET"]}}],"collection":[{"href":"https:\/\/www.daisho.be\/de\/wp-json\/wp\/v2\/product"}],"about":[{"href":"https:\/\/www.daisho.be\/de\/wp-json\/wp\/v2\/types\/product"}],"replies":[{"embeddable":true,"href":"https:\/\/www.daisho.be\/de\/wp-json\/wp\/v2\/comments?post=453761"}],"wp:featuredmedia":[{"embeddable":true,"href":"https:\/\/www.daisho.be\/de\/wp-json\/wp\/v2\/media\/453780"}],"wp:attachment":[{"href":"https:\/\/www.daisho.be\/de\/wp-json\/wp\/v2\/media?parent=453761"}],"wp:term":[{"taxonomy":"product_brand","embeddable":true,"href":"https:\/\/www.daisho.be\/de\/wp-json\/wp\/v2\/product_brand?post=453761"},{"taxonomy":"product_cat","embeddable":true,"href":"https:\/\/www.daisho.be\/de\/wp-json\/wp\/v2\/product_cat?post=453761"},{"taxonomy":"product_tag","embeddable":true,"href":"https:\/\/www.daisho.be\/de\/wp-json\/wp\/v2\/product_tag?post=453761"},{"taxonomy":"sport","embeddable":true,"href":"https:\/\/www.daisho.be\/de\/wp-json\/wp\/v2\/sport?post=453761"}],"curies":[{"name":"wp","href":"https:\/\/api.w.org\/{rel}","templated":true}]}}