{"id":453731,"date":"2020-01-18T15:25:37","date_gmt":"2020-01-18T14:25:37","guid":{"rendered":"https:\/\/www.daisho.be\/produit\/judogi-moskito-junior-competition-blau\/"},"modified":"2025-11-21T08:43:42","modified_gmt":"2025-11-21T07:43:42","slug":"judogi-moskito-junior-competition-blau","status":"publish","type":"product","link":"https:\/\/www.daisho.be\/de\/produit\/judogi-moskito-junior-competition-blau\/","title":{"rendered":"JUDOGI MOSKITO JUNIOR COMPETITION BLAU"},"content":{"rendered":"<p>Der blaue Moskito Junior ist der perfekte Judogi f\u00fcr Teenager und Judo-Anf\u00e4nger. Ein erschwinglicher, aber sehr gut verarbeiteter Judogi (oder Judokimono), der sowohl w\u00e4hrend des Trainings als auch w\u00e4hrend des Wettkampfes getragen werden kann.<br \/>\nSchwerer und robuster Judogi mit allen Attributen einer vollwertigen Wettkampf-Judouniform.<br \/>\nEigenschaften:<br \/>\n&#8211; Knie mit Doppelstich,<br \/>\n&#8211; Jacke verst\u00e4rkt an Schultern, Brust und Revers,<br \/>\n&#8211; Moskito-Stickerei auf der Schulter,<br \/>\n&#8211; zugelassen f\u00fcr nationale Meisterschaften und die Bundesliga,<br \/>\n&#8211; Hose mit Kordelzugg\u00fcrtel,<br \/>\n&#8211; Material: 100% Baumwolle, ca. 550 g\/m\u00b2,<br \/>\n&#8211; Schrumpfrate: 7%. <\/p>\n","protected":false},"excerpt":{"rendered":"<p>Der blaue Moskito Junior ist der perfekte Judogi f\u00fcr Teenager und Judo-Anf\u00e4nger. Ein erschwinglicher, aber sehr gut verarbeiteter Judogi (oder Judokimono), der sowohl w\u00e4hrend des Trainings als auch w\u00e4hrend des Wettkampfes getragen werden kann. Schwerer und robuster Judogi mit allen Attributen einer vollwertigen Wettkampf-Judouniform. Eigenschaften: &#8211; Knie mit Doppelstich, &#8211; Jacke verst\u00e4rkt an Schultern, Brust [&hellip;]<\/p>\n","protected":false},"featured_media":453745,"comment_status":"closed","ping_status":"closed","template":"","meta":{"inline_featured_image":false},"product_brand":[],"product_cat":[2230,2118],"product_tag":[2155],"sport":[429,74,78],"class_list":{"0":"post-453731","1":"product","2":"type-product","3":"status-publish","4":"has-post-thumbnail","6":"product_cat-judo-kimonos-de","7":"product_cat-kleidung-kimonos","8":"product_tag-moskito-de","9":"pa_size-373","10":"pa_size-381","11":"pa_size-380","12":"pa_size-379","13":"pa_size-378","14":"pa_size-377","15":"pa_size-376","16":"pa_size-383","17":"sport-aikido","18":"sport-jiu-jitsu","19":"sport-judo","21":"first","22":"instock","23":"taxable","24":"shipping-taxable","25":"purchasable","26":"product-type-variable"},"yoast_head":"<!-- This site is optimized with the Yoast SEO plugin v27.2 - https:\/\/yoast.com\/product\/yoast-seo-wordpress\/ -->\n<title>Judo-Kimono (blau) f\u00fcr Kinder &amp; Anf\u00e4nger - Judogi Moskito Junior Wettkampf<\/title>\n<meta name=\"description\" content=\"Erschwinglich, robust, bestickt... Der Judokimono f\u00fcr Kinder &quot;Moskito Junior&quot; ist ideal f\u00fcr das Training und den Wettkampf. \u2713 Gepr\u00fcfter Judogi\" \/>\n<meta name=\"robots\" content=\"index, follow, max-snippet:-1, max-image-preview:large, max-video-preview:-1\" \/>\n<link rel=\"canonical\" href=\"https:\/\/www.daisho.be\/de\/produit\/judogi-moskito-junior-competition-blau\/\" \/>\n<meta property=\"og:locale\" content=\"de_DE\" \/>\n<meta property=\"og:type\" content=\"article\" \/>\n<meta property=\"og:title\" content=\"Judo-Kimono (blau) f\u00fcr Kinder &amp; Anf\u00e4nger - Judogi Moskito Junior Wettkampf\" \/>\n<meta property=\"og:description\" content=\"Erschwinglich, robust, bestickt... Der Judokimono f\u00fcr Kinder &quot;Moskito Junior&quot; ist ideal f\u00fcr das Training und den Wettkampf. \u2713 Gepr\u00fcfter Judogi\" \/>\n<meta property=\"og:url\" content=\"https:\/\/www.daisho.be\/de\/produit\/judogi-moskito-junior-competition-blau\/\" \/>\n<meta property=\"og:site_name\" content=\"Daisho\" \/>\n<meta property=\"article:modified_time\" content=\"2025-11-21T07:43:42+00:00\" \/>\n<meta property=\"og:image\" content=\"https:\/\/www.daisho.be\/wp-content\/uploads\/2024\/08\/image-32.jpg\" \/>\n\t<meta property=\"og:image:width\" content=\"384\" \/>\n\t<meta property=\"og:image:height\" content=\"543\" \/>\n\t<meta property=\"og:image:type\" content=\"image\/jpeg\" \/>\n<meta name=\"twitter:card\" content=\"summary_large_image\" \/>\n<script type=\"application\/ld+json\" class=\"yoast-schema-graph\">{\"@context\":\"https:\/\/schema.org\",\"@graph\":[{\"@type\":\"WebPage\",\"@id\":\"https:\/\/www.daisho.be\/de\/produit\/judogi-moskito-junior-competition-blau\/\",\"url\":\"https:\/\/www.daisho.be\/de\/produit\/judogi-moskito-junior-competition-blau\/\",\"name\":\"Judo-Kimono (blau) f\u00fcr Kinder & Anf\u00e4nger - Judogi Moskito Junior Wettkampf\",\"isPartOf\":{\"@id\":\"https:\/\/www.daisho.be\/de\/#website\"},\"primaryImageOfPage\":{\"@id\":\"https:\/\/www.daisho.be\/de\/produit\/judogi-moskito-junior-competition-blau\/#primaryimage\"},\"image\":{\"@id\":\"https:\/\/www.daisho.be\/de\/produit\/judogi-moskito-junior-competition-blau\/#primaryimage\"},\"thumbnailUrl\":\"https:\/\/www.daisho.be\/wp-content\/uploads\/2024\/08\/image-32.jpg\",\"datePublished\":\"2020-01-18T14:25:37+00:00\",\"dateModified\":\"2025-11-21T07:43:42+00:00\",\"description\":\"Erschwinglich, robust, bestickt... Der Judokimono f\u00fcr Kinder \\\"Moskito Junior\\\" ist ideal f\u00fcr das Training und den Wettkampf. \u2713 Gepr\u00fcfter Judogi\",\"breadcrumb\":{\"@id\":\"https:\/\/www.daisho.be\/de\/produit\/judogi-moskito-junior-competition-blau\/#breadcrumb\"},\"inLanguage\":\"de\",\"potentialAction\":[{\"@type\":\"ReadAction\",\"target\":[\"https:\/\/www.daisho.be\/de\/produit\/judogi-moskito-junior-competition-blau\/\"]}]},{\"@type\":\"ImageObject\",\"inLanguage\":\"de\",\"@id\":\"https:\/\/www.daisho.be\/de\/produit\/judogi-moskito-junior-competition-blau\/#primaryimage\",\"url\":\"https:\/\/www.daisho.be\/wp-content\/uploads\/2024\/08\/image-32.jpg\",\"contentUrl\":\"https:\/\/www.daisho.be\/wp-content\/uploads\/2024\/08\/image-32.jpg\",\"width\":384,\"height\":543,\"caption\":\"JUDOGI MOSKITO JUNIOR COMPETITION BLAU-1\"},{\"@type\":\"BreadcrumbList\",\"@id\":\"https:\/\/www.daisho.be\/de\/produit\/judogi-moskito-junior-competition-blau\/#breadcrumb\",\"itemListElement\":[{\"@type\":\"ListItem\",\"position\":1,\"name\":\"Accueil\",\"item\":\"https:\/\/www.daisho.be\/de\/\"},{\"@type\":\"ListItem\",\"position\":2,\"name\":\"Produkte\",\"item\":\"https:\/\/www.daisho.be\/de\/produkte\/\"},{\"@type\":\"ListItem\",\"position\":3,\"name\":\"Ausr\u00fcstung und Kleidung f\u00fcr Kampfkunst und Kampfsport\",\"item\":\"https:\/\/www.daisho.be\/de\/categorie-produit\/ausrustung-und-kleidung-fur-kampfkunst-und-kampfsport\/\"},{\"@type\":\"ListItem\",\"position\":4,\"name\":\"Judo\",\"item\":\"https:\/\/www.daisho.be\/de\/categorie-produit\/ausrustung-und-kleidung-fur-kampfkunst-und-kampfsport\/judo-de-2\/\"},{\"@type\":\"ListItem\",\"position\":5,\"name\":\"Judo-Kimonos\",\"item\":\"https:\/\/www.daisho.be\/de\/categorie-produit\/ausrustung-und-kleidung-fur-kampfkunst-und-kampfsport\/judo-de-2\/judo-kimonos-de\/\"},{\"@type\":\"ListItem\",\"position\":6,\"name\":\"JUDOGI MOSKITO JUNIOR COMPETITION BLAU\"}]},{\"@type\":\"WebSite\",\"@id\":\"https:\/\/www.daisho.be\/de\/#website\",\"url\":\"https:\/\/www.daisho.be\/de\/\",\"name\":\"Daisho\",\"description\":\"Sp&eacute;cialiste de l'&eacute;quipement sportif d'arts martiaux\",\"publisher\":{\"@id\":\"https:\/\/www.daisho.be\/de\/#organization\"},\"potentialAction\":[{\"@type\":\"SearchAction\",\"target\":{\"@type\":\"EntryPoint\",\"urlTemplate\":\"https:\/\/www.daisho.be\/de\/?s={search_term_string}\"},\"query-input\":{\"@type\":\"PropertyValueSpecification\",\"valueRequired\":true,\"valueName\":\"search_term_string\"}}],\"inLanguage\":\"de\"},{\"@type\":\"Organization\",\"@id\":\"https:\/\/www.daisho.be\/de\/#organization\",\"name\":\"Daisho\",\"url\":\"https:\/\/www.daisho.be\/de\/\",\"logo\":{\"@type\":\"ImageObject\",\"inLanguage\":\"de\",\"@id\":\"https:\/\/www.daisho.be\/de\/#\/schema\/logo\/image\/\",\"url\":\"https:\/\/www.daisho.be\/wp-content\/uploads\/2019\/07\/color-nothing-horizontale4x-e1564486100247.png\",\"contentUrl\":\"https:\/\/www.daisho.be\/wp-content\/uploads\/2019\/07\/color-nothing-horizontale4x-e1564486100247.png\",\"width\":1547,\"height\":385,\"caption\":\"Daisho\"},\"image\":{\"@id\":\"https:\/\/www.daisho.be\/de\/#\/schema\/logo\/image\/\"}}]}<\/script>\n<!-- \/ Yoast SEO plugin. -->","yoast_head_json":{"title":"Judo-Kimono (blau) f\u00fcr Kinder & Anf\u00e4nger - Judogi Moskito Junior Wettkampf","description":"Erschwinglich, robust, bestickt... Der Judokimono f\u00fcr Kinder \"Moskito Junior\" ist ideal f\u00fcr das Training und den Wettkampf. \u2713 Gepr\u00fcfter Judogi","robots":{"index":"index","follow":"follow","max-snippet":"max-snippet:-1","max-image-preview":"max-image-preview:large","max-video-preview":"max-video-preview:-1"},"canonical":"https:\/\/www.daisho.be\/de\/produit\/judogi-moskito-junior-competition-blau\/","og_locale":"de_DE","og_type":"article","og_title":"Judo-Kimono (blau) f\u00fcr Kinder & Anf\u00e4nger - Judogi Moskito Junior Wettkampf","og_description":"Erschwinglich, robust, bestickt... Der Judokimono f\u00fcr Kinder \"Moskito Junior\" ist ideal f\u00fcr das Training und den Wettkampf. \u2713 Gepr\u00fcfter Judogi","og_url":"https:\/\/www.daisho.be\/de\/produit\/judogi-moskito-junior-competition-blau\/","og_site_name":"Daisho","article_modified_time":"2025-11-21T07:43:42+00:00","og_image":[{"width":384,"height":543,"url":"https:\/\/www.daisho.be\/wp-content\/uploads\/2024\/08\/image-32.jpg","type":"image\/jpeg"}],"twitter_card":"summary_large_image","schema":{"@context":"https:\/\/schema.org","@graph":[{"@type":"WebPage","@id":"https:\/\/www.daisho.be\/de\/produit\/judogi-moskito-junior-competition-blau\/","url":"https:\/\/www.daisho.be\/de\/produit\/judogi-moskito-junior-competition-blau\/","name":"Judo-Kimono (blau) f\u00fcr Kinder & Anf\u00e4nger - Judogi Moskito Junior Wettkampf","isPartOf":{"@id":"https:\/\/www.daisho.be\/de\/#website"},"primaryImageOfPage":{"@id":"https:\/\/www.daisho.be\/de\/produit\/judogi-moskito-junior-competition-blau\/#primaryimage"},"image":{"@id":"https:\/\/www.daisho.be\/de\/produit\/judogi-moskito-junior-competition-blau\/#primaryimage"},"thumbnailUrl":"https:\/\/www.daisho.be\/wp-content\/uploads\/2024\/08\/image-32.jpg","datePublished":"2020-01-18T14:25:37+00:00","dateModified":"2025-11-21T07:43:42+00:00","description":"Erschwinglich, robust, bestickt... Der Judokimono f\u00fcr Kinder \"Moskito Junior\" ist ideal f\u00fcr das Training und den Wettkampf. \u2713 Gepr\u00fcfter Judogi","breadcrumb":{"@id":"https:\/\/www.daisho.be\/de\/produit\/judogi-moskito-junior-competition-blau\/#breadcrumb"},"inLanguage":"de","potentialAction":[{"@type":"ReadAction","target":["https:\/\/www.daisho.be\/de\/produit\/judogi-moskito-junior-competition-blau\/"]}]},{"@type":"ImageObject","inLanguage":"de","@id":"https:\/\/www.daisho.be\/de\/produit\/judogi-moskito-junior-competition-blau\/#primaryimage","url":"https:\/\/www.daisho.be\/wp-content\/uploads\/2024\/08\/image-32.jpg","contentUrl":"https:\/\/www.daisho.be\/wp-content\/uploads\/2024\/08\/image-32.jpg","width":384,"height":543,"caption":"JUDOGI MOSKITO JUNIOR COMPETITION BLAU-1"},{"@type":"BreadcrumbList","@id":"https:\/\/www.daisho.be\/de\/produit\/judogi-moskito-junior-competition-blau\/#breadcrumb","itemListElement":[{"@type":"ListItem","position":1,"name":"Accueil","item":"https:\/\/www.daisho.be\/de\/"},{"@type":"ListItem","position":2,"name":"Produkte","item":"https:\/\/www.daisho.be\/de\/produkte\/"},{"@type":"ListItem","position":3,"name":"Ausr\u00fcstung und Kleidung f\u00fcr Kampfkunst und Kampfsport","item":"https:\/\/www.daisho.be\/de\/categorie-produit\/ausrustung-und-kleidung-fur-kampfkunst-und-kampfsport\/"},{"@type":"ListItem","position":4,"name":"Judo","item":"https:\/\/www.daisho.be\/de\/categorie-produit\/ausrustung-und-kleidung-fur-kampfkunst-und-kampfsport\/judo-de-2\/"},{"@type":"ListItem","position":5,"name":"Judo-Kimonos","item":"https:\/\/www.daisho.be\/de\/categorie-produit\/ausrustung-und-kleidung-fur-kampfkunst-und-kampfsport\/judo-de-2\/judo-kimonos-de\/"},{"@type":"ListItem","position":6,"name":"JUDOGI MOSKITO JUNIOR COMPETITION BLAU"}]},{"@type":"WebSite","@id":"https:\/\/www.daisho.be\/de\/#website","url":"https:\/\/www.daisho.be\/de\/","name":"Daisho","description":"Sp&eacute;cialiste de l'&eacute;quipement sportif d'arts martiaux","publisher":{"@id":"https:\/\/www.daisho.be\/de\/#organization"},"potentialAction":[{"@type":"SearchAction","target":{"@type":"EntryPoint","urlTemplate":"https:\/\/www.daisho.be\/de\/?s={search_term_string}"},"query-input":{"@type":"PropertyValueSpecification","valueRequired":true,"valueName":"search_term_string"}}],"inLanguage":"de"},{"@type":"Organization","@id":"https:\/\/www.daisho.be\/de\/#organization","name":"Daisho","url":"https:\/\/www.daisho.be\/de\/","logo":{"@type":"ImageObject","inLanguage":"de","@id":"https:\/\/www.daisho.be\/de\/#\/schema\/logo\/image\/","url":"https:\/\/www.daisho.be\/wp-content\/uploads\/2019\/07\/color-nothing-horizontale4x-e1564486100247.png","contentUrl":"https:\/\/www.daisho.be\/wp-content\/uploads\/2019\/07\/color-nothing-horizontale4x-e1564486100247.png","width":1547,"height":385,"caption":"Daisho"},"image":{"@id":"https:\/\/www.daisho.be\/de\/#\/schema\/logo\/image\/"}}]}},"_links":{"self":[{"href":"https:\/\/www.daisho.be\/de\/wp-json\/wp\/v2\/product\/453731","targetHints":{"allow":["GET"]}}],"collection":[{"href":"https:\/\/www.daisho.be\/de\/wp-json\/wp\/v2\/product"}],"about":[{"href":"https:\/\/www.daisho.be\/de\/wp-json\/wp\/v2\/types\/product"}],"replies":[{"embeddable":true,"href":"https:\/\/www.daisho.be\/de\/wp-json\/wp\/v2\/comments?post=453731"}],"wp:featuredmedia":[{"embeddable":true,"href":"https:\/\/www.daisho.be\/de\/wp-json\/wp\/v2\/media\/453745"}],"wp:attachment":[{"href":"https:\/\/www.daisho.be\/de\/wp-json\/wp\/v2\/media?parent=453731"}],"wp:term":[{"taxonomy":"product_brand","embeddable":true,"href":"https:\/\/www.daisho.be\/de\/wp-json\/wp\/v2\/product_brand?post=453731"},{"taxonomy":"product_cat","embeddable":true,"href":"https:\/\/www.daisho.be\/de\/wp-json\/wp\/v2\/product_cat?post=453731"},{"taxonomy":"product_tag","embeddable":true,"href":"https:\/\/www.daisho.be\/de\/wp-json\/wp\/v2\/product_tag?post=453731"},{"taxonomy":"sport","embeddable":true,"href":"https:\/\/www.daisho.be\/de\/wp-json\/wp\/v2\/sport?post=453731"}],"curies":[{"name":"wp","href":"https:\/\/api.w.org\/{rel}","templated":true}]}}