{"id":453695,"date":"2020-01-18T15:25:56","date_gmt":"2020-01-18T14:25:56","guid":{"rendered":"https:\/\/www.daisho.be\/produit\/judogi-moskito-plus-competition-weiss\/"},"modified":"2025-10-09T13:56:56","modified_gmt":"2025-10-09T11:56:56","slug":"judogi-moskito-plus-competition-weiss","status":"publish","type":"product","link":"https:\/\/www.daisho.be\/de\/produit\/judogi-moskito-plus-competition-weiss\/","title":{"rendered":"JUDOGI MOSKITO PLUS COMPETITION WEISS"},"content":{"rendered":"<p>Der Mosquito Plus ist eine sehr gute Wahl f\u00fcr alle K\u00e4mpfer, die nach einem schweren Judogi von ausgezeichneter Qualit\u00e4t suchen. Dieser Judo-Kimono ist aus fester und schwerer Baumwolle gefertigt.<br \/>\nMerkmale:<br \/>\n&#8211; Stickerei auf den Schultern,<br \/>\n&#8211; Jacke verst\u00e4rkt an Schultern, Brust und Revers,<br \/>\n&#8211; Knie mit Doppelstich,<br \/>\n&#8211; Hose mit Kordelzugg\u00fcrtel,<br \/>\n&#8211; auch geeignet f\u00fcr Ju-Jitsu oder als Keikogu f\u00fcr andere Kampfsportarten,<br \/>\n&#8211; Material: 100% Baumwolle, ca. 950 g\/m\u00b2,<br \/>\n&#8211; Schrumpfrate: 4%. <\/p>\n","protected":false},"excerpt":{"rendered":"<p>Der Mosquito Plus ist eine sehr gute Wahl f\u00fcr alle K\u00e4mpfer, die nach einem schweren Judogi von ausgezeichneter Qualit\u00e4t suchen. Dieser Judo-Kimono ist aus fester und schwerer Baumwolle gefertigt. Merkmale: &#8211; Stickerei auf den Schultern, &#8211; Jacke verst\u00e4rkt an Schultern, Brust und Revers, &#8211; Knie mit Doppelstich, &#8211; Hose mit Kordelzugg\u00fcrtel, &#8211; auch geeignet f\u00fcr [&hellip;]<\/p>\n","protected":false},"featured_media":453711,"comment_status":"closed","ping_status":"closed","template":"","meta":{"inline_featured_image":false},"product_brand":[],"product_cat":[2127,2230,2128,2118],"product_tag":[2155],"sport":[429,74,78],"class_list":{"0":"post-453695","1":"product","2":"type-product","3":"status-publish","4":"has-post-thumbnail","6":"product_cat-aikido-kimonos-de","7":"product_cat-judo-kimonos-de","8":"product_cat-jujitsu-kimono-de","9":"product_cat-kleidung-kimonos","10":"product_tag-moskito-de","11":"pa_size-381","12":"pa_size-380","13":"pa_size-379","14":"pa_size-387","15":"pa_size-378","16":"pa_size-386","17":"pa_size-377","18":"pa_size-385","19":"pa_size-376","20":"pa_size-384","21":"pa_size-383","22":"sport-aikido","23":"sport-jiu-jitsu","24":"sport-judo","26":"first","27":"outofstock","28":"taxable","29":"shipping-taxable","30":"purchasable","31":"product-type-variable"},"yoast_head":"<!-- This site is optimized with the Yoast SEO plugin v27.2 - https:\/\/yoast.com\/product\/yoast-seo-wordpress\/ -->\n<title>Wei\u00dfer Judo-Anzug f\u00fcr den Wettkampf - Judogi Moskito Plus | Daisho<\/title>\n<meta name=\"description\" content=\"Der Moskito Plus Judo-Kimono ist eine ausgezeichnete Wahl f\u00fcr alle, die Wettk\u00e4mpfe und Kampfsportarten lieben. \u2713 Hochwertiger Judogi\" \/>\n<meta name=\"robots\" content=\"index, follow, max-snippet:-1, max-image-preview:large, max-video-preview:-1\" \/>\n<link rel=\"canonical\" href=\"https:\/\/www.daisho.be\/de\/produit\/judogi-moskito-plus-competition-weiss\/\" \/>\n<meta property=\"og:locale\" content=\"de_DE\" \/>\n<meta property=\"og:type\" content=\"article\" \/>\n<meta property=\"og:title\" content=\"Wei\u00dfer Judo-Anzug f\u00fcr den Wettkampf - Judogi Moskito Plus | Daisho\" \/>\n<meta property=\"og:description\" content=\"Der Moskito Plus Judo-Kimono ist eine ausgezeichnete Wahl f\u00fcr alle, die Wettk\u00e4mpfe und Kampfsportarten lieben. \u2713 Hochwertiger Judogi\" \/>\n<meta property=\"og:url\" content=\"https:\/\/www.daisho.be\/de\/produit\/judogi-moskito-plus-competition-weiss\/\" \/>\n<meta property=\"og:site_name\" content=\"Daisho\" \/>\n<meta property=\"article:modified_time\" content=\"2025-10-09T11:56:56+00:00\" \/>\n<meta property=\"og:image\" content=\"https:\/\/www.daisho.be\/wp-content\/uploads\/2024\/08\/image-30.jpg\" \/>\n\t<meta property=\"og:image:width\" content=\"384\" \/>\n\t<meta property=\"og:image:height\" content=\"543\" \/>\n\t<meta property=\"og:image:type\" content=\"image\/jpeg\" \/>\n<meta name=\"twitter:card\" content=\"summary_large_image\" \/>\n<script type=\"application\/ld+json\" class=\"yoast-schema-graph\">{\"@context\":\"https:\/\/schema.org\",\"@graph\":[{\"@type\":\"WebPage\",\"@id\":\"https:\/\/www.daisho.be\/de\/produit\/judogi-moskito-plus-competition-weiss\/\",\"url\":\"https:\/\/www.daisho.be\/de\/produit\/judogi-moskito-plus-competition-weiss\/\",\"name\":\"Wei\u00dfer Judo-Anzug f\u00fcr den Wettkampf - Judogi Moskito Plus | Daisho\",\"isPartOf\":{\"@id\":\"https:\/\/www.daisho.be\/de\/#website\"},\"primaryImageOfPage\":{\"@id\":\"https:\/\/www.daisho.be\/de\/produit\/judogi-moskito-plus-competition-weiss\/#primaryimage\"},\"image\":{\"@id\":\"https:\/\/www.daisho.be\/de\/produit\/judogi-moskito-plus-competition-weiss\/#primaryimage\"},\"thumbnailUrl\":\"https:\/\/www.daisho.be\/wp-content\/uploads\/2024\/08\/image-30.jpg\",\"datePublished\":\"2020-01-18T14:25:56+00:00\",\"dateModified\":\"2025-10-09T11:56:56+00:00\",\"description\":\"Der Moskito Plus Judo-Kimono ist eine ausgezeichnete Wahl f\u00fcr alle, die Wettk\u00e4mpfe und Kampfsportarten lieben. \u2713 Hochwertiger Judogi\",\"breadcrumb\":{\"@id\":\"https:\/\/www.daisho.be\/de\/produit\/judogi-moskito-plus-competition-weiss\/#breadcrumb\"},\"inLanguage\":\"de\",\"potentialAction\":[{\"@type\":\"ReadAction\",\"target\":[\"https:\/\/www.daisho.be\/de\/produit\/judogi-moskito-plus-competition-weiss\/\"]}]},{\"@type\":\"ImageObject\",\"inLanguage\":\"de\",\"@id\":\"https:\/\/www.daisho.be\/de\/produit\/judogi-moskito-plus-competition-weiss\/#primaryimage\",\"url\":\"https:\/\/www.daisho.be\/wp-content\/uploads\/2024\/08\/image-30.jpg\",\"contentUrl\":\"https:\/\/www.daisho.be\/wp-content\/uploads\/2024\/08\/image-30.jpg\",\"width\":384,\"height\":543,\"caption\":\"JUDOGI MOSKITO PLUS COMPETITION WEISS-1\"},{\"@type\":\"BreadcrumbList\",\"@id\":\"https:\/\/www.daisho.be\/de\/produit\/judogi-moskito-plus-competition-weiss\/#breadcrumb\",\"itemListElement\":[{\"@type\":\"ListItem\",\"position\":1,\"name\":\"Accueil\",\"item\":\"https:\/\/www.daisho.be\/de\/\"},{\"@type\":\"ListItem\",\"position\":2,\"name\":\"Produkte\",\"item\":\"https:\/\/www.daisho.be\/de\/produkte\/\"},{\"@type\":\"ListItem\",\"position\":3,\"name\":\"Ausr\u00fcstung und Kleidung f\u00fcr Kampfkunst und Kampfsport\",\"item\":\"https:\/\/www.daisho.be\/de\/categorie-produit\/ausrustung-und-kleidung-fur-kampfkunst-und-kampfsport\/\"},{\"@type\":\"ListItem\",\"position\":4,\"name\":\"A\u00efkido\",\"item\":\"https:\/\/www.daisho.be\/de\/categorie-produit\/ausrustung-und-kleidung-fur-kampfkunst-und-kampfsport\/aikido-de\/\"},{\"@type\":\"ListItem\",\"position\":5,\"name\":\"Aikido Kimonos\",\"item\":\"https:\/\/www.daisho.be\/de\/categorie-produit\/ausrustung-und-kleidung-fur-kampfkunst-und-kampfsport\/aikido-de\/aikido-kimonos-de\/\"},{\"@type\":\"ListItem\",\"position\":6,\"name\":\"JUDOGI MOSKITO PLUS COMPETITION WEISS\"}]},{\"@type\":\"WebSite\",\"@id\":\"https:\/\/www.daisho.be\/de\/#website\",\"url\":\"https:\/\/www.daisho.be\/de\/\",\"name\":\"Daisho\",\"description\":\"Sp&eacute;cialiste de l'&eacute;quipement sportif d'arts martiaux\",\"publisher\":{\"@id\":\"https:\/\/www.daisho.be\/de\/#organization\"},\"potentialAction\":[{\"@type\":\"SearchAction\",\"target\":{\"@type\":\"EntryPoint\",\"urlTemplate\":\"https:\/\/www.daisho.be\/de\/?s={search_term_string}\"},\"query-input\":{\"@type\":\"PropertyValueSpecification\",\"valueRequired\":true,\"valueName\":\"search_term_string\"}}],\"inLanguage\":\"de\"},{\"@type\":\"Organization\",\"@id\":\"https:\/\/www.daisho.be\/de\/#organization\",\"name\":\"Daisho\",\"url\":\"https:\/\/www.daisho.be\/de\/\",\"logo\":{\"@type\":\"ImageObject\",\"inLanguage\":\"de\",\"@id\":\"https:\/\/www.daisho.be\/de\/#\/schema\/logo\/image\/\",\"url\":\"https:\/\/www.daisho.be\/wp-content\/uploads\/2019\/07\/color-nothing-horizontale4x-e1564486100247.png\",\"contentUrl\":\"https:\/\/www.daisho.be\/wp-content\/uploads\/2019\/07\/color-nothing-horizontale4x-e1564486100247.png\",\"width\":1547,\"height\":385,\"caption\":\"Daisho\"},\"image\":{\"@id\":\"https:\/\/www.daisho.be\/de\/#\/schema\/logo\/image\/\"}}]}<\/script>\n<!-- \/ Yoast SEO plugin. -->","yoast_head_json":{"title":"Wei\u00dfer Judo-Anzug f\u00fcr den Wettkampf - Judogi Moskito Plus | Daisho","description":"Der Moskito Plus Judo-Kimono ist eine ausgezeichnete Wahl f\u00fcr alle, die Wettk\u00e4mpfe und Kampfsportarten lieben. \u2713 Hochwertiger Judogi","robots":{"index":"index","follow":"follow","max-snippet":"max-snippet:-1","max-image-preview":"max-image-preview:large","max-video-preview":"max-video-preview:-1"},"canonical":"https:\/\/www.daisho.be\/de\/produit\/judogi-moskito-plus-competition-weiss\/","og_locale":"de_DE","og_type":"article","og_title":"Wei\u00dfer Judo-Anzug f\u00fcr den Wettkampf - Judogi Moskito Plus | Daisho","og_description":"Der Moskito Plus Judo-Kimono ist eine ausgezeichnete Wahl f\u00fcr alle, die Wettk\u00e4mpfe und Kampfsportarten lieben. \u2713 Hochwertiger Judogi","og_url":"https:\/\/www.daisho.be\/de\/produit\/judogi-moskito-plus-competition-weiss\/","og_site_name":"Daisho","article_modified_time":"2025-10-09T11:56:56+00:00","og_image":[{"width":384,"height":543,"url":"https:\/\/www.daisho.be\/wp-content\/uploads\/2024\/08\/image-30.jpg","type":"image\/jpeg"}],"twitter_card":"summary_large_image","schema":{"@context":"https:\/\/schema.org","@graph":[{"@type":"WebPage","@id":"https:\/\/www.daisho.be\/de\/produit\/judogi-moskito-plus-competition-weiss\/","url":"https:\/\/www.daisho.be\/de\/produit\/judogi-moskito-plus-competition-weiss\/","name":"Wei\u00dfer Judo-Anzug f\u00fcr den Wettkampf - Judogi Moskito Plus | Daisho","isPartOf":{"@id":"https:\/\/www.daisho.be\/de\/#website"},"primaryImageOfPage":{"@id":"https:\/\/www.daisho.be\/de\/produit\/judogi-moskito-plus-competition-weiss\/#primaryimage"},"image":{"@id":"https:\/\/www.daisho.be\/de\/produit\/judogi-moskito-plus-competition-weiss\/#primaryimage"},"thumbnailUrl":"https:\/\/www.daisho.be\/wp-content\/uploads\/2024\/08\/image-30.jpg","datePublished":"2020-01-18T14:25:56+00:00","dateModified":"2025-10-09T11:56:56+00:00","description":"Der Moskito Plus Judo-Kimono ist eine ausgezeichnete Wahl f\u00fcr alle, die Wettk\u00e4mpfe und Kampfsportarten lieben. \u2713 Hochwertiger Judogi","breadcrumb":{"@id":"https:\/\/www.daisho.be\/de\/produit\/judogi-moskito-plus-competition-weiss\/#breadcrumb"},"inLanguage":"de","potentialAction":[{"@type":"ReadAction","target":["https:\/\/www.daisho.be\/de\/produit\/judogi-moskito-plus-competition-weiss\/"]}]},{"@type":"ImageObject","inLanguage":"de","@id":"https:\/\/www.daisho.be\/de\/produit\/judogi-moskito-plus-competition-weiss\/#primaryimage","url":"https:\/\/www.daisho.be\/wp-content\/uploads\/2024\/08\/image-30.jpg","contentUrl":"https:\/\/www.daisho.be\/wp-content\/uploads\/2024\/08\/image-30.jpg","width":384,"height":543,"caption":"JUDOGI MOSKITO PLUS COMPETITION WEISS-1"},{"@type":"BreadcrumbList","@id":"https:\/\/www.daisho.be\/de\/produit\/judogi-moskito-plus-competition-weiss\/#breadcrumb","itemListElement":[{"@type":"ListItem","position":1,"name":"Accueil","item":"https:\/\/www.daisho.be\/de\/"},{"@type":"ListItem","position":2,"name":"Produkte","item":"https:\/\/www.daisho.be\/de\/produkte\/"},{"@type":"ListItem","position":3,"name":"Ausr\u00fcstung und Kleidung f\u00fcr Kampfkunst und Kampfsport","item":"https:\/\/www.daisho.be\/de\/categorie-produit\/ausrustung-und-kleidung-fur-kampfkunst-und-kampfsport\/"},{"@type":"ListItem","position":4,"name":"A\u00efkido","item":"https:\/\/www.daisho.be\/de\/categorie-produit\/ausrustung-und-kleidung-fur-kampfkunst-und-kampfsport\/aikido-de\/"},{"@type":"ListItem","position":5,"name":"Aikido Kimonos","item":"https:\/\/www.daisho.be\/de\/categorie-produit\/ausrustung-und-kleidung-fur-kampfkunst-und-kampfsport\/aikido-de\/aikido-kimonos-de\/"},{"@type":"ListItem","position":6,"name":"JUDOGI MOSKITO PLUS COMPETITION WEISS"}]},{"@type":"WebSite","@id":"https:\/\/www.daisho.be\/de\/#website","url":"https:\/\/www.daisho.be\/de\/","name":"Daisho","description":"Sp&eacute;cialiste de l'&eacute;quipement sportif d'arts martiaux","publisher":{"@id":"https:\/\/www.daisho.be\/de\/#organization"},"potentialAction":[{"@type":"SearchAction","target":{"@type":"EntryPoint","urlTemplate":"https:\/\/www.daisho.be\/de\/?s={search_term_string}"},"query-input":{"@type":"PropertyValueSpecification","valueRequired":true,"valueName":"search_term_string"}}],"inLanguage":"de"},{"@type":"Organization","@id":"https:\/\/www.daisho.be\/de\/#organization","name":"Daisho","url":"https:\/\/www.daisho.be\/de\/","logo":{"@type":"ImageObject","inLanguage":"de","@id":"https:\/\/www.daisho.be\/de\/#\/schema\/logo\/image\/","url":"https:\/\/www.daisho.be\/wp-content\/uploads\/2019\/07\/color-nothing-horizontale4x-e1564486100247.png","contentUrl":"https:\/\/www.daisho.be\/wp-content\/uploads\/2019\/07\/color-nothing-horizontale4x-e1564486100247.png","width":1547,"height":385,"caption":"Daisho"},"image":{"@id":"https:\/\/www.daisho.be\/de\/#\/schema\/logo\/image\/"}}]}},"_links":{"self":[{"href":"https:\/\/www.daisho.be\/de\/wp-json\/wp\/v2\/product\/453695","targetHints":{"allow":["GET"]}}],"collection":[{"href":"https:\/\/www.daisho.be\/de\/wp-json\/wp\/v2\/product"}],"about":[{"href":"https:\/\/www.daisho.be\/de\/wp-json\/wp\/v2\/types\/product"}],"replies":[{"embeddable":true,"href":"https:\/\/www.daisho.be\/de\/wp-json\/wp\/v2\/comments?post=453695"}],"wp:featuredmedia":[{"embeddable":true,"href":"https:\/\/www.daisho.be\/de\/wp-json\/wp\/v2\/media\/453711"}],"wp:attachment":[{"href":"https:\/\/www.daisho.be\/de\/wp-json\/wp\/v2\/media?parent=453695"}],"wp:term":[{"taxonomy":"product_brand","embeddable":true,"href":"https:\/\/www.daisho.be\/de\/wp-json\/wp\/v2\/product_brand?post=453695"},{"taxonomy":"product_cat","embeddable":true,"href":"https:\/\/www.daisho.be\/de\/wp-json\/wp\/v2\/product_cat?post=453695"},{"taxonomy":"product_tag","embeddable":true,"href":"https:\/\/www.daisho.be\/de\/wp-json\/wp\/v2\/product_tag?post=453695"},{"taxonomy":"sport","embeddable":true,"href":"https:\/\/www.daisho.be\/de\/wp-json\/wp\/v2\/sport?post=453695"}],"curies":[{"name":"wp","href":"https:\/\/api.w.org\/{rel}","templated":true}]}}