{"id":453637,"date":"2020-01-18T15:26:39","date_gmt":"2020-01-18T14:26:39","guid":{"rendered":"https:\/\/www.daisho.be\/produit\/judogi-moskito-plus-competition-blau\/"},"modified":"2024-12-05T09:29:34","modified_gmt":"2024-12-05T08:29:34","slug":"judogi-moskito-plus-competition-blau","status":"publish","type":"product","link":"https:\/\/www.daisho.be\/de\/produit\/judogi-moskito-plus-competition-blau\/","title":{"rendered":"JUDOGI MOSKITO PLUS COMPETITION BLAU"},"content":{"rendered":"<p>Der Moskito Plus Blau ist ein schwerer Judogi f\u00fcr den anspruchsvollen Athleten. Er wurde von erfahrenen Judoka entwickelt und im Laufe der Jahre st\u00e4ndig verbessert. Dieser Judokimono wurde f\u00fcr alle nationalen Meisterschaften und die deutsche Bundesliga zugelassen.<br \/>\nDieser Kimono eignet sich auch als Keikogi f\u00fcr die Aus\u00fcbung anderer Kampfsportarten und kann als Jiu-Jitsugi verwendet werden.<br \/>\nEigenschaften:<br \/>\n&#8211; Stickerei auf den Schultern,<br \/>\n&#8211; Jacke verst\u00e4rkt an Schultern, Brust und Revers,<br \/>\n&#8211; Knie mit Doppelstich,<br \/>\n&#8211; Hose mit Kordelzugg\u00fcrtel,<br \/>\n&#8211; auch f\u00fcr Ju-Jitsu geeignet,<br \/>\n&#8211; Material: 100% Baumwolle, ca. 950 g\/m\u00b2,<br \/>\n&#8211; Schrumpfungsrate: 4%.  <\/p>\n","protected":false},"excerpt":{"rendered":"<p>Der Moskito Plus Blau ist ein schwerer Judogi f\u00fcr den anspruchsvollen Athleten. Er wurde von erfahrenen Judoka entwickelt und im Laufe der Jahre st\u00e4ndig verbessert. Dieser Judokimono wurde f\u00fcr alle nationalen Meisterschaften und die deutsche Bundesliga zugelassen. Dieser Kimono eignet sich auch als Keikogi f\u00fcr die Aus\u00fcbung anderer Kampfsportarten und kann als Jiu-Jitsugi verwendet werden. [&hellip;]<\/p>\n","protected":false},"featured_media":453651,"comment_status":"closed","ping_status":"closed","template":"","meta":{"inline_featured_image":false},"product_brand":[],"product_cat":[2230,2128,2118],"product_tag":[2155],"sport":[429,74,78],"class_list":{"0":"post-453637","1":"product","2":"type-product","3":"status-publish","4":"has-post-thumbnail","6":"product_cat-judo-kimonos-de","7":"product_cat-jujitsu-kimono-de","8":"product_cat-kleidung-kimonos","9":"product_tag-moskito-de","10":"pa_size-381","11":"pa_size-380","12":"pa_size-379","13":"pa_size-387","14":"pa_size-378","15":"pa_size-386","16":"pa_size-377","17":"pa_size-385","18":"pa_size-376","19":"pa_size-384","20":"pa_size-383","21":"sport-aikido","22":"sport-jiu-jitsu","23":"sport-judo","25":"first","26":"onbackorder","27":"taxable","28":"shipping-taxable","29":"purchasable","30":"product-type-variable"},"yoast_head":"<!-- This site is optimized with the Yoast SEO plugin v27.2 - https:\/\/yoast.com\/product\/yoast-seo-wordpress\/ -->\n<title>Judo-Anzug Moskito (blau) f\u00fcr den Wettkampf - Judogi Plus<\/title>\n<meta name=\"description\" content=\"Mit diesem innovativen und bequemen Judo-Kimono k\u00f6nnen Sie beruhigt in den Wettkampf starten! \u2713 Judogi Moskito verst\u00e4rkt 100% Baumwolle\" \/>\n<meta name=\"robots\" content=\"index, follow, max-snippet:-1, max-image-preview:large, max-video-preview:-1\" \/>\n<link rel=\"canonical\" href=\"https:\/\/www.daisho.be\/de\/produit\/judogi-moskito-plus-competition-blau\/\" \/>\n<meta property=\"og:locale\" content=\"de_DE\" \/>\n<meta property=\"og:type\" content=\"article\" \/>\n<meta property=\"og:title\" content=\"Judo-Anzug Moskito (blau) f\u00fcr den Wettkampf - Judogi Plus\" \/>\n<meta property=\"og:description\" content=\"Mit diesem innovativen und bequemen Judo-Kimono k\u00f6nnen Sie beruhigt in den Wettkampf starten! \u2713 Judogi Moskito verst\u00e4rkt 100% Baumwolle\" \/>\n<meta property=\"og:url\" content=\"https:\/\/www.daisho.be\/de\/produit\/judogi-moskito-plus-competition-blau\/\" \/>\n<meta property=\"og:site_name\" content=\"Daisho\" \/>\n<meta property=\"article:modified_time\" content=\"2024-12-05T08:29:34+00:00\" \/>\n<meta property=\"og:image\" content=\"https:\/\/www.daisho.be\/wp-content\/uploads\/2024\/08\/image-24.jpg\" \/>\n\t<meta property=\"og:image:width\" content=\"384\" \/>\n\t<meta property=\"og:image:height\" content=\"543\" \/>\n\t<meta property=\"og:image:type\" content=\"image\/jpeg\" \/>\n<meta name=\"twitter:card\" content=\"summary_large_image\" \/>\n<script type=\"application\/ld+json\" class=\"yoast-schema-graph\">{\"@context\":\"https:\/\/schema.org\",\"@graph\":[{\"@type\":\"WebPage\",\"@id\":\"https:\/\/www.daisho.be\/de\/produit\/judogi-moskito-plus-competition-blau\/\",\"url\":\"https:\/\/www.daisho.be\/de\/produit\/judogi-moskito-plus-competition-blau\/\",\"name\":\"Judo-Anzug Moskito (blau) f\u00fcr den Wettkampf - Judogi Plus\",\"isPartOf\":{\"@id\":\"https:\/\/www.daisho.be\/de\/#website\"},\"primaryImageOfPage\":{\"@id\":\"https:\/\/www.daisho.be\/de\/produit\/judogi-moskito-plus-competition-blau\/#primaryimage\"},\"image\":{\"@id\":\"https:\/\/www.daisho.be\/de\/produit\/judogi-moskito-plus-competition-blau\/#primaryimage\"},\"thumbnailUrl\":\"https:\/\/www.daisho.be\/wp-content\/uploads\/2024\/08\/image-24.jpg\",\"datePublished\":\"2020-01-18T14:26:39+00:00\",\"dateModified\":\"2024-12-05T08:29:34+00:00\",\"description\":\"Mit diesem innovativen und bequemen Judo-Kimono k\u00f6nnen Sie beruhigt in den Wettkampf starten! \u2713 Judogi Moskito verst\u00e4rkt 100% Baumwolle\",\"breadcrumb\":{\"@id\":\"https:\/\/www.daisho.be\/de\/produit\/judogi-moskito-plus-competition-blau\/#breadcrumb\"},\"inLanguage\":\"de\",\"potentialAction\":[{\"@type\":\"ReadAction\",\"target\":[\"https:\/\/www.daisho.be\/de\/produit\/judogi-moskito-plus-competition-blau\/\"]}]},{\"@type\":\"ImageObject\",\"inLanguage\":\"de\",\"@id\":\"https:\/\/www.daisho.be\/de\/produit\/judogi-moskito-plus-competition-blau\/#primaryimage\",\"url\":\"https:\/\/www.daisho.be\/wp-content\/uploads\/2024\/08\/image-24.jpg\",\"contentUrl\":\"https:\/\/www.daisho.be\/wp-content\/uploads\/2024\/08\/image-24.jpg\",\"width\":384,\"height\":543,\"caption\":\"JUDOGI MOSKITO PLUS COMPETITION BLAU-1\"},{\"@type\":\"BreadcrumbList\",\"@id\":\"https:\/\/www.daisho.be\/de\/produit\/judogi-moskito-plus-competition-blau\/#breadcrumb\",\"itemListElement\":[{\"@type\":\"ListItem\",\"position\":1,\"name\":\"Accueil\",\"item\":\"https:\/\/www.daisho.be\/de\/\"},{\"@type\":\"ListItem\",\"position\":2,\"name\":\"Produkte\",\"item\":\"https:\/\/www.daisho.be\/de\/produkte\/\"},{\"@type\":\"ListItem\",\"position\":3,\"name\":\"Ausr\u00fcstung und Kleidung f\u00fcr Kampfkunst und Kampfsport\",\"item\":\"https:\/\/www.daisho.be\/de\/categorie-produit\/ausrustung-und-kleidung-fur-kampfkunst-und-kampfsport\/\"},{\"@type\":\"ListItem\",\"position\":4,\"name\":\"Judo\",\"item\":\"https:\/\/www.daisho.be\/de\/categorie-produit\/ausrustung-und-kleidung-fur-kampfkunst-und-kampfsport\/judo-de-2\/\"},{\"@type\":\"ListItem\",\"position\":5,\"name\":\"Judo-Kimonos\",\"item\":\"https:\/\/www.daisho.be\/de\/categorie-produit\/ausrustung-und-kleidung-fur-kampfkunst-und-kampfsport\/judo-de-2\/judo-kimonos-de\/\"},{\"@type\":\"ListItem\",\"position\":6,\"name\":\"JUDOGI MOSKITO PLUS COMPETITION BLAU\"}]},{\"@type\":\"WebSite\",\"@id\":\"https:\/\/www.daisho.be\/de\/#website\",\"url\":\"https:\/\/www.daisho.be\/de\/\",\"name\":\"Daisho\",\"description\":\"Sp&eacute;cialiste de l'&eacute;quipement sportif d'arts martiaux\",\"publisher\":{\"@id\":\"https:\/\/www.daisho.be\/de\/#organization\"},\"potentialAction\":[{\"@type\":\"SearchAction\",\"target\":{\"@type\":\"EntryPoint\",\"urlTemplate\":\"https:\/\/www.daisho.be\/de\/?s={search_term_string}\"},\"query-input\":{\"@type\":\"PropertyValueSpecification\",\"valueRequired\":true,\"valueName\":\"search_term_string\"}}],\"inLanguage\":\"de\"},{\"@type\":\"Organization\",\"@id\":\"https:\/\/www.daisho.be\/de\/#organization\",\"name\":\"Daisho\",\"url\":\"https:\/\/www.daisho.be\/de\/\",\"logo\":{\"@type\":\"ImageObject\",\"inLanguage\":\"de\",\"@id\":\"https:\/\/www.daisho.be\/de\/#\/schema\/logo\/image\/\",\"url\":\"https:\/\/www.daisho.be\/wp-content\/uploads\/2019\/07\/color-nothing-horizontale4x-e1564486100247.png\",\"contentUrl\":\"https:\/\/www.daisho.be\/wp-content\/uploads\/2019\/07\/color-nothing-horizontale4x-e1564486100247.png\",\"width\":1547,\"height\":385,\"caption\":\"Daisho\"},\"image\":{\"@id\":\"https:\/\/www.daisho.be\/de\/#\/schema\/logo\/image\/\"}}]}<\/script>\n<!-- \/ Yoast SEO plugin. -->","yoast_head_json":{"title":"Judo-Anzug Moskito (blau) f\u00fcr den Wettkampf - Judogi Plus","description":"Mit diesem innovativen und bequemen Judo-Kimono k\u00f6nnen Sie beruhigt in den Wettkampf starten! \u2713 Judogi Moskito verst\u00e4rkt 100% Baumwolle","robots":{"index":"index","follow":"follow","max-snippet":"max-snippet:-1","max-image-preview":"max-image-preview:large","max-video-preview":"max-video-preview:-1"},"canonical":"https:\/\/www.daisho.be\/de\/produit\/judogi-moskito-plus-competition-blau\/","og_locale":"de_DE","og_type":"article","og_title":"Judo-Anzug Moskito (blau) f\u00fcr den Wettkampf - Judogi Plus","og_description":"Mit diesem innovativen und bequemen Judo-Kimono k\u00f6nnen Sie beruhigt in den Wettkampf starten! \u2713 Judogi Moskito verst\u00e4rkt 100% Baumwolle","og_url":"https:\/\/www.daisho.be\/de\/produit\/judogi-moskito-plus-competition-blau\/","og_site_name":"Daisho","article_modified_time":"2024-12-05T08:29:34+00:00","og_image":[{"width":384,"height":543,"url":"https:\/\/www.daisho.be\/wp-content\/uploads\/2024\/08\/image-24.jpg","type":"image\/jpeg"}],"twitter_card":"summary_large_image","schema":{"@context":"https:\/\/schema.org","@graph":[{"@type":"WebPage","@id":"https:\/\/www.daisho.be\/de\/produit\/judogi-moskito-plus-competition-blau\/","url":"https:\/\/www.daisho.be\/de\/produit\/judogi-moskito-plus-competition-blau\/","name":"Judo-Anzug Moskito (blau) f\u00fcr den Wettkampf - Judogi Plus","isPartOf":{"@id":"https:\/\/www.daisho.be\/de\/#website"},"primaryImageOfPage":{"@id":"https:\/\/www.daisho.be\/de\/produit\/judogi-moskito-plus-competition-blau\/#primaryimage"},"image":{"@id":"https:\/\/www.daisho.be\/de\/produit\/judogi-moskito-plus-competition-blau\/#primaryimage"},"thumbnailUrl":"https:\/\/www.daisho.be\/wp-content\/uploads\/2024\/08\/image-24.jpg","datePublished":"2020-01-18T14:26:39+00:00","dateModified":"2024-12-05T08:29:34+00:00","description":"Mit diesem innovativen und bequemen Judo-Kimono k\u00f6nnen Sie beruhigt in den Wettkampf starten! \u2713 Judogi Moskito verst\u00e4rkt 100% Baumwolle","breadcrumb":{"@id":"https:\/\/www.daisho.be\/de\/produit\/judogi-moskito-plus-competition-blau\/#breadcrumb"},"inLanguage":"de","potentialAction":[{"@type":"ReadAction","target":["https:\/\/www.daisho.be\/de\/produit\/judogi-moskito-plus-competition-blau\/"]}]},{"@type":"ImageObject","inLanguage":"de","@id":"https:\/\/www.daisho.be\/de\/produit\/judogi-moskito-plus-competition-blau\/#primaryimage","url":"https:\/\/www.daisho.be\/wp-content\/uploads\/2024\/08\/image-24.jpg","contentUrl":"https:\/\/www.daisho.be\/wp-content\/uploads\/2024\/08\/image-24.jpg","width":384,"height":543,"caption":"JUDOGI MOSKITO PLUS COMPETITION BLAU-1"},{"@type":"BreadcrumbList","@id":"https:\/\/www.daisho.be\/de\/produit\/judogi-moskito-plus-competition-blau\/#breadcrumb","itemListElement":[{"@type":"ListItem","position":1,"name":"Accueil","item":"https:\/\/www.daisho.be\/de\/"},{"@type":"ListItem","position":2,"name":"Produkte","item":"https:\/\/www.daisho.be\/de\/produkte\/"},{"@type":"ListItem","position":3,"name":"Ausr\u00fcstung und Kleidung f\u00fcr Kampfkunst und Kampfsport","item":"https:\/\/www.daisho.be\/de\/categorie-produit\/ausrustung-und-kleidung-fur-kampfkunst-und-kampfsport\/"},{"@type":"ListItem","position":4,"name":"Judo","item":"https:\/\/www.daisho.be\/de\/categorie-produit\/ausrustung-und-kleidung-fur-kampfkunst-und-kampfsport\/judo-de-2\/"},{"@type":"ListItem","position":5,"name":"Judo-Kimonos","item":"https:\/\/www.daisho.be\/de\/categorie-produit\/ausrustung-und-kleidung-fur-kampfkunst-und-kampfsport\/judo-de-2\/judo-kimonos-de\/"},{"@type":"ListItem","position":6,"name":"JUDOGI MOSKITO PLUS COMPETITION BLAU"}]},{"@type":"WebSite","@id":"https:\/\/www.daisho.be\/de\/#website","url":"https:\/\/www.daisho.be\/de\/","name":"Daisho","description":"Sp&eacute;cialiste de l'&eacute;quipement sportif d'arts martiaux","publisher":{"@id":"https:\/\/www.daisho.be\/de\/#organization"},"potentialAction":[{"@type":"SearchAction","target":{"@type":"EntryPoint","urlTemplate":"https:\/\/www.daisho.be\/de\/?s={search_term_string}"},"query-input":{"@type":"PropertyValueSpecification","valueRequired":true,"valueName":"search_term_string"}}],"inLanguage":"de"},{"@type":"Organization","@id":"https:\/\/www.daisho.be\/de\/#organization","name":"Daisho","url":"https:\/\/www.daisho.be\/de\/","logo":{"@type":"ImageObject","inLanguage":"de","@id":"https:\/\/www.daisho.be\/de\/#\/schema\/logo\/image\/","url":"https:\/\/www.daisho.be\/wp-content\/uploads\/2019\/07\/color-nothing-horizontale4x-e1564486100247.png","contentUrl":"https:\/\/www.daisho.be\/wp-content\/uploads\/2019\/07\/color-nothing-horizontale4x-e1564486100247.png","width":1547,"height":385,"caption":"Daisho"},"image":{"@id":"https:\/\/www.daisho.be\/de\/#\/schema\/logo\/image\/"}}]}},"_links":{"self":[{"href":"https:\/\/www.daisho.be\/de\/wp-json\/wp\/v2\/product\/453637","targetHints":{"allow":["GET"]}}],"collection":[{"href":"https:\/\/www.daisho.be\/de\/wp-json\/wp\/v2\/product"}],"about":[{"href":"https:\/\/www.daisho.be\/de\/wp-json\/wp\/v2\/types\/product"}],"replies":[{"embeddable":true,"href":"https:\/\/www.daisho.be\/de\/wp-json\/wp\/v2\/comments?post=453637"}],"wp:featuredmedia":[{"embeddable":true,"href":"https:\/\/www.daisho.be\/de\/wp-json\/wp\/v2\/media\/453651"}],"wp:attachment":[{"href":"https:\/\/www.daisho.be\/de\/wp-json\/wp\/v2\/media?parent=453637"}],"wp:term":[{"taxonomy":"product_brand","embeddable":true,"href":"https:\/\/www.daisho.be\/de\/wp-json\/wp\/v2\/product_brand?post=453637"},{"taxonomy":"product_cat","embeddable":true,"href":"https:\/\/www.daisho.be\/de\/wp-json\/wp\/v2\/product_cat?post=453637"},{"taxonomy":"product_tag","embeddable":true,"href":"https:\/\/www.daisho.be\/de\/wp-json\/wp\/v2\/product_tag?post=453637"},{"taxonomy":"sport","embeddable":true,"href":"https:\/\/www.daisho.be\/de\/wp-json\/wp\/v2\/sport?post=453637"}],"curies":[{"name":"wp","href":"https:\/\/api.w.org\/{rel}","templated":true}]}}