{"id":453554,"date":"2020-02-09T23:44:50","date_gmt":"2020-02-09T22:44:50","guid":{"rendered":"https:\/\/www.daisho.be\/produit\/judogi-hose-hiku-shiai-2-ijf-weiss\/"},"modified":"2026-02-12T15:50:42","modified_gmt":"2026-02-12T14:50:42","slug":"judogi-hose-hiku-shiai-2-ijf-weiss","status":"publish","type":"product","link":"https:\/\/www.daisho.be\/de\/produit\/judogi-hose-hiku-shiai-2-ijf-weiss\/","title":{"rendered":"JUDOGI-HOSE HIKU SHIAI 2 &#8211; IJF &#8211; WEISS"},"content":{"rendered":"<p style=\"font-weight: 400\">Die Hiku Judoanz\u00fcge sind offiziell von der Internationalen Judof\u00f6deration IJF und der EJU f\u00fcr Spitzenathleten anerkannt und zugelassen.<\/p>\n<p style=\"font-weight: 400\">Judogi-Hose (oder Kimono-Hose) von ausgezeichneter Qualit\u00e4t aus dickem, rei\u00dffestem Baumwollgewebe.<\/p>\n<p style=\"font-weight: 400\"><u>Merkmale<\/u><u> <\/u><u>:<\/u><\/p>\n<p style=\"font-weight: 400\">&#8211; IJF-gepr\u00fcft,<br \/>\n&#8211; Hose mit Kordelzug,<br \/>\n&#8211; Knie mit Doppelstich,<br \/>\n&#8211; Material: 80% Baumwolle und 20% Polyester, 750 g \/ m\u00b2<br \/>\n&#8211; Schrumpfungsrate: ca. 7%,<br \/>\n&#8211; Gelieferte Artikel: nur Hose.<\/p>\n","protected":false},"excerpt":{"rendered":"<p>Die Hiku Judoanz\u00fcge sind offiziell von der Internationalen Judof\u00f6deration IJF und der EJU f\u00fcr Spitzenathleten anerkannt und zugelassen. Judogi-Hose (oder Kimono-Hose) von ausgezeichneter Qualit\u00e4t aus dickem, rei\u00dffestem Baumwollgewebe. Merkmale : &#8211; IJF-gepr\u00fcft, &#8211; Hose mit Kordelzug, &#8211; Knie mit Doppelstich, &#8211; Material: 80% Baumwolle und 20% Polyester, 750 g \/ m\u00b2 &#8211; Schrumpfungsrate: ca. 7%, [&hellip;]<\/p>\n","protected":false},"featured_media":453578,"comment_status":"open","ping_status":"closed","template":"","meta":{"inline_featured_image":false},"product_brand":[],"product_cat":[2174,2128,2118],"product_tag":[2231],"sport":[78],"class_list":{"0":"post-453554","1":"product","2":"type-product","3":"status-publish","4":"has-post-thumbnail","6":"product_cat-judo-hosen","7":"product_cat-jujitsu-kimono-de","8":"product_cat-kleidung-kimonos","9":"product_tag-hiku-de","10":"pa_size-380","11":"pa_size-379","12":"sport-judo","14":"first","15":"instock","16":"sale","17":"taxable","18":"shipping-taxable","19":"purchasable","20":"product-type-simple"},"yoast_head":"<!-- This site is optimized with the Yoast SEO plugin v27.2 - https:\/\/yoast.com\/product\/yoast-seo-wordpress\/ -->\n<title>JUDOGI-HOSE HIKU SHIAI 2 - IJF - WEISS &#8211; Daisho<\/title>\n<meta name=\"description\" content=\"Entdecken Sie den Hiku Judo-Anzug, der von der IJF und der EJU f\u00fcr Spitzenathleten zugelassen ist. Kaufen Sie ihn auf www.daisho.be|Daisho.\" \/>\n<meta name=\"robots\" content=\"index, follow, max-snippet:-1, max-image-preview:large, max-video-preview:-1\" \/>\n<link rel=\"canonical\" href=\"https:\/\/www.daisho.be\/de\/produit\/judogi-hose-hiku-shiai-2-ijf-weiss\/\" \/>\n<meta property=\"og:locale\" content=\"de_DE\" \/>\n<meta property=\"og:type\" content=\"article\" \/>\n<meta property=\"og:title\" content=\"JUDOGI-HOSE HIKU SHIAI 2 - IJF - WEISS &#8211; Daisho\" \/>\n<meta property=\"og:description\" content=\"Entdecken Sie den Hiku Judo-Anzug, der von der IJF und der EJU f\u00fcr Spitzenathleten zugelassen ist. Kaufen Sie ihn auf www.daisho.be|Daisho.\" \/>\n<meta property=\"og:url\" content=\"https:\/\/www.daisho.be\/de\/produit\/judogi-hose-hiku-shiai-2-ijf-weiss\/\" \/>\n<meta property=\"og:site_name\" content=\"Daisho\" \/>\n<meta property=\"article:modified_time\" content=\"2026-02-12T14:50:42+00:00\" \/>\n<meta property=\"og:image\" content=\"https:\/\/www.daisho.be\/wp-content\/uploads\/2024\/09\/image-31.jpg\" \/>\n\t<meta property=\"og:image:width\" content=\"384\" \/>\n\t<meta property=\"og:image:height\" content=\"543\" \/>\n\t<meta property=\"og:image:type\" content=\"image\/jpeg\" \/>\n<meta name=\"twitter:card\" content=\"summary_large_image\" \/>\n<script type=\"application\/ld+json\" class=\"yoast-schema-graph\">{\"@context\":\"https:\/\/schema.org\",\"@graph\":[{\"@type\":\"WebPage\",\"@id\":\"https:\/\/www.daisho.be\/de\/produit\/judogi-hose-hiku-shiai-2-ijf-weiss\/\",\"url\":\"https:\/\/www.daisho.be\/de\/produit\/judogi-hose-hiku-shiai-2-ijf-weiss\/\",\"name\":\"JUDOGI-HOSE HIKU SHIAI 2 - IJF - WEISS &#8211; Daisho\",\"isPartOf\":{\"@id\":\"https:\/\/www.daisho.be\/de\/#website\"},\"primaryImageOfPage\":{\"@id\":\"https:\/\/www.daisho.be\/de\/produit\/judogi-hose-hiku-shiai-2-ijf-weiss\/#primaryimage\"},\"image\":{\"@id\":\"https:\/\/www.daisho.be\/de\/produit\/judogi-hose-hiku-shiai-2-ijf-weiss\/#primaryimage\"},\"thumbnailUrl\":\"https:\/\/www.daisho.be\/wp-content\/uploads\/2024\/09\/image-31.jpg\",\"datePublished\":\"2020-02-09T22:44:50+00:00\",\"dateModified\":\"2026-02-12T14:50:42+00:00\",\"description\":\"Entdecken Sie den Hiku Judo-Anzug, der von der IJF und der EJU f\u00fcr Spitzenathleten zugelassen ist. Kaufen Sie ihn auf www.daisho.be|Daisho.\",\"breadcrumb\":{\"@id\":\"https:\/\/www.daisho.be\/de\/produit\/judogi-hose-hiku-shiai-2-ijf-weiss\/#breadcrumb\"},\"inLanguage\":\"de\",\"potentialAction\":[{\"@type\":\"ReadAction\",\"target\":[\"https:\/\/www.daisho.be\/de\/produit\/judogi-hose-hiku-shiai-2-ijf-weiss\/\"]}]},{\"@type\":\"ImageObject\",\"inLanguage\":\"de\",\"@id\":\"https:\/\/www.daisho.be\/de\/produit\/judogi-hose-hiku-shiai-2-ijf-weiss\/#primaryimage\",\"url\":\"https:\/\/www.daisho.be\/wp-content\/uploads\/2024\/09\/image-31.jpg\",\"contentUrl\":\"https:\/\/www.daisho.be\/wp-content\/uploads\/2024\/09\/image-31.jpg\",\"width\":384,\"height\":543,\"caption\":\"JUDOGIHOSE HIKU SHIAI 2 - IJF - WEISS-1\"},{\"@type\":\"BreadcrumbList\",\"@id\":\"https:\/\/www.daisho.be\/de\/produit\/judogi-hose-hiku-shiai-2-ijf-weiss\/#breadcrumb\",\"itemListElement\":[{\"@type\":\"ListItem\",\"position\":1,\"name\":\"Accueil\",\"item\":\"https:\/\/www.daisho.be\/de\/\"},{\"@type\":\"ListItem\",\"position\":2,\"name\":\"Produkte\",\"item\":\"https:\/\/www.daisho.be\/de\/produkte\/\"},{\"@type\":\"ListItem\",\"position\":3,\"name\":\"Ausr\u00fcstung und Kleidung f\u00fcr Kampfkunst und Kampfsport\",\"item\":\"https:\/\/www.daisho.be\/de\/categorie-produit\/ausrustung-und-kleidung-fur-kampfkunst-und-kampfsport\/\"},{\"@type\":\"ListItem\",\"position\":4,\"name\":\"Judo\",\"item\":\"https:\/\/www.daisho.be\/de\/categorie-produit\/ausrustung-und-kleidung-fur-kampfkunst-und-kampfsport\/judo-de-2\/\"},{\"@type\":\"ListItem\",\"position\":5,\"name\":\"Judo-Hosen\",\"item\":\"https:\/\/www.daisho.be\/de\/categorie-produit\/ausrustung-und-kleidung-fur-kampfkunst-und-kampfsport\/judo-de-2\/judo-hosen\/\"},{\"@type\":\"ListItem\",\"position\":6,\"name\":\"JUDOGI-HOSE HIKU SHIAI 2 &#8211; IJF &#8211; WEISS\"}]},{\"@type\":\"WebSite\",\"@id\":\"https:\/\/www.daisho.be\/de\/#website\",\"url\":\"https:\/\/www.daisho.be\/de\/\",\"name\":\"Daisho\",\"description\":\"Sp&eacute;cialiste de l'&eacute;quipement sportif d'arts martiaux\",\"publisher\":{\"@id\":\"https:\/\/www.daisho.be\/de\/#organization\"},\"potentialAction\":[{\"@type\":\"SearchAction\",\"target\":{\"@type\":\"EntryPoint\",\"urlTemplate\":\"https:\/\/www.daisho.be\/de\/?s={search_term_string}\"},\"query-input\":{\"@type\":\"PropertyValueSpecification\",\"valueRequired\":true,\"valueName\":\"search_term_string\"}}],\"inLanguage\":\"de\"},{\"@type\":\"Organization\",\"@id\":\"https:\/\/www.daisho.be\/de\/#organization\",\"name\":\"Daisho\",\"url\":\"https:\/\/www.daisho.be\/de\/\",\"logo\":{\"@type\":\"ImageObject\",\"inLanguage\":\"de\",\"@id\":\"https:\/\/www.daisho.be\/de\/#\/schema\/logo\/image\/\",\"url\":\"https:\/\/www.daisho.be\/wp-content\/uploads\/2019\/07\/color-nothing-horizontale4x-e1564486100247.png\",\"contentUrl\":\"https:\/\/www.daisho.be\/wp-content\/uploads\/2019\/07\/color-nothing-horizontale4x-e1564486100247.png\",\"width\":1547,\"height\":385,\"caption\":\"Daisho\"},\"image\":{\"@id\":\"https:\/\/www.daisho.be\/de\/#\/schema\/logo\/image\/\"}}]}<\/script>\n<!-- \/ Yoast SEO plugin. -->","yoast_head_json":{"title":"JUDOGI-HOSE HIKU SHIAI 2 - IJF - WEISS &#8211; Daisho","description":"Entdecken Sie den Hiku Judo-Anzug, der von der IJF und der EJU f\u00fcr Spitzenathleten zugelassen ist. Kaufen Sie ihn auf www.daisho.be|Daisho.","robots":{"index":"index","follow":"follow","max-snippet":"max-snippet:-1","max-image-preview":"max-image-preview:large","max-video-preview":"max-video-preview:-1"},"canonical":"https:\/\/www.daisho.be\/de\/produit\/judogi-hose-hiku-shiai-2-ijf-weiss\/","og_locale":"de_DE","og_type":"article","og_title":"JUDOGI-HOSE HIKU SHIAI 2 - IJF - WEISS &#8211; Daisho","og_description":"Entdecken Sie den Hiku Judo-Anzug, der von der IJF und der EJU f\u00fcr Spitzenathleten zugelassen ist. Kaufen Sie ihn auf www.daisho.be|Daisho.","og_url":"https:\/\/www.daisho.be\/de\/produit\/judogi-hose-hiku-shiai-2-ijf-weiss\/","og_site_name":"Daisho","article_modified_time":"2026-02-12T14:50:42+00:00","og_image":[{"width":384,"height":543,"url":"https:\/\/www.daisho.be\/wp-content\/uploads\/2024\/09\/image-31.jpg","type":"image\/jpeg"}],"twitter_card":"summary_large_image","schema":{"@context":"https:\/\/schema.org","@graph":[{"@type":"WebPage","@id":"https:\/\/www.daisho.be\/de\/produit\/judogi-hose-hiku-shiai-2-ijf-weiss\/","url":"https:\/\/www.daisho.be\/de\/produit\/judogi-hose-hiku-shiai-2-ijf-weiss\/","name":"JUDOGI-HOSE HIKU SHIAI 2 - IJF - WEISS &#8211; Daisho","isPartOf":{"@id":"https:\/\/www.daisho.be\/de\/#website"},"primaryImageOfPage":{"@id":"https:\/\/www.daisho.be\/de\/produit\/judogi-hose-hiku-shiai-2-ijf-weiss\/#primaryimage"},"image":{"@id":"https:\/\/www.daisho.be\/de\/produit\/judogi-hose-hiku-shiai-2-ijf-weiss\/#primaryimage"},"thumbnailUrl":"https:\/\/www.daisho.be\/wp-content\/uploads\/2024\/09\/image-31.jpg","datePublished":"2020-02-09T22:44:50+00:00","dateModified":"2026-02-12T14:50:42+00:00","description":"Entdecken Sie den Hiku Judo-Anzug, der von der IJF und der EJU f\u00fcr Spitzenathleten zugelassen ist. Kaufen Sie ihn auf www.daisho.be|Daisho.","breadcrumb":{"@id":"https:\/\/www.daisho.be\/de\/produit\/judogi-hose-hiku-shiai-2-ijf-weiss\/#breadcrumb"},"inLanguage":"de","potentialAction":[{"@type":"ReadAction","target":["https:\/\/www.daisho.be\/de\/produit\/judogi-hose-hiku-shiai-2-ijf-weiss\/"]}]},{"@type":"ImageObject","inLanguage":"de","@id":"https:\/\/www.daisho.be\/de\/produit\/judogi-hose-hiku-shiai-2-ijf-weiss\/#primaryimage","url":"https:\/\/www.daisho.be\/wp-content\/uploads\/2024\/09\/image-31.jpg","contentUrl":"https:\/\/www.daisho.be\/wp-content\/uploads\/2024\/09\/image-31.jpg","width":384,"height":543,"caption":"JUDOGIHOSE HIKU SHIAI 2 - IJF - WEISS-1"},{"@type":"BreadcrumbList","@id":"https:\/\/www.daisho.be\/de\/produit\/judogi-hose-hiku-shiai-2-ijf-weiss\/#breadcrumb","itemListElement":[{"@type":"ListItem","position":1,"name":"Accueil","item":"https:\/\/www.daisho.be\/de\/"},{"@type":"ListItem","position":2,"name":"Produkte","item":"https:\/\/www.daisho.be\/de\/produkte\/"},{"@type":"ListItem","position":3,"name":"Ausr\u00fcstung und Kleidung f\u00fcr Kampfkunst und Kampfsport","item":"https:\/\/www.daisho.be\/de\/categorie-produit\/ausrustung-und-kleidung-fur-kampfkunst-und-kampfsport\/"},{"@type":"ListItem","position":4,"name":"Judo","item":"https:\/\/www.daisho.be\/de\/categorie-produit\/ausrustung-und-kleidung-fur-kampfkunst-und-kampfsport\/judo-de-2\/"},{"@type":"ListItem","position":5,"name":"Judo-Hosen","item":"https:\/\/www.daisho.be\/de\/categorie-produit\/ausrustung-und-kleidung-fur-kampfkunst-und-kampfsport\/judo-de-2\/judo-hosen\/"},{"@type":"ListItem","position":6,"name":"JUDOGI-HOSE HIKU SHIAI 2 &#8211; IJF &#8211; WEISS"}]},{"@type":"WebSite","@id":"https:\/\/www.daisho.be\/de\/#website","url":"https:\/\/www.daisho.be\/de\/","name":"Daisho","description":"Sp&eacute;cialiste de l'&eacute;quipement sportif d'arts martiaux","publisher":{"@id":"https:\/\/www.daisho.be\/de\/#organization"},"potentialAction":[{"@type":"SearchAction","target":{"@type":"EntryPoint","urlTemplate":"https:\/\/www.daisho.be\/de\/?s={search_term_string}"},"query-input":{"@type":"PropertyValueSpecification","valueRequired":true,"valueName":"search_term_string"}}],"inLanguage":"de"},{"@type":"Organization","@id":"https:\/\/www.daisho.be\/de\/#organization","name":"Daisho","url":"https:\/\/www.daisho.be\/de\/","logo":{"@type":"ImageObject","inLanguage":"de","@id":"https:\/\/www.daisho.be\/de\/#\/schema\/logo\/image\/","url":"https:\/\/www.daisho.be\/wp-content\/uploads\/2019\/07\/color-nothing-horizontale4x-e1564486100247.png","contentUrl":"https:\/\/www.daisho.be\/wp-content\/uploads\/2019\/07\/color-nothing-horizontale4x-e1564486100247.png","width":1547,"height":385,"caption":"Daisho"},"image":{"@id":"https:\/\/www.daisho.be\/de\/#\/schema\/logo\/image\/"}}]}},"_links":{"self":[{"href":"https:\/\/www.daisho.be\/de\/wp-json\/wp\/v2\/product\/453554","targetHints":{"allow":["GET"]}}],"collection":[{"href":"https:\/\/www.daisho.be\/de\/wp-json\/wp\/v2\/product"}],"about":[{"href":"https:\/\/www.daisho.be\/de\/wp-json\/wp\/v2\/types\/product"}],"replies":[{"embeddable":true,"href":"https:\/\/www.daisho.be\/de\/wp-json\/wp\/v2\/comments?post=453554"}],"wp:featuredmedia":[{"embeddable":true,"href":"https:\/\/www.daisho.be\/de\/wp-json\/wp\/v2\/media\/453578"}],"wp:attachment":[{"href":"https:\/\/www.daisho.be\/de\/wp-json\/wp\/v2\/media?parent=453554"}],"wp:term":[{"taxonomy":"product_brand","embeddable":true,"href":"https:\/\/www.daisho.be\/de\/wp-json\/wp\/v2\/product_brand?post=453554"},{"taxonomy":"product_cat","embeddable":true,"href":"https:\/\/www.daisho.be\/de\/wp-json\/wp\/v2\/product_cat?post=453554"},{"taxonomy":"product_tag","embeddable":true,"href":"https:\/\/www.daisho.be\/de\/wp-json\/wp\/v2\/product_tag?post=453554"},{"taxonomy":"sport","embeddable":true,"href":"https:\/\/www.daisho.be\/de\/wp-json\/wp\/v2\/sport?post=453554"}],"curies":[{"name":"wp","href":"https:\/\/api.w.org\/{rel}","templated":true}]}}