{"id":453528,"date":"2020-02-09T23:46:50","date_gmt":"2020-02-09T22:46:50","guid":{"rendered":"https:\/\/www.daisho.be\/produit\/judogi-jacke-hiku-shiai-2-ijf-blau\/"},"modified":"2020-02-09T23:46:50","modified_gmt":"2020-02-09T22:46:50","slug":"judogi-jacke-hiku-shiai-2-ijf-blau","status":"publish","type":"product","link":"https:\/\/www.daisho.be\/de\/produit\/judogi-jacke-hiku-shiai-2-ijf-blau\/","title":{"rendered":"JUDOGI JACKE HIKU SHIAI 2 &#8211; IJF &#8211; BLAU"},"content":{"rendered":"<p>Hiku Judoanz\u00fcge sind offiziell von der Internationalen Judo Federation IJF und der EJU f\u00fcr Spitzenathleten anerkannt und zugelassen.<br \/>\nJudogi-Jacke (oder Judo-Kimono) von ausgezeichneter Qualit\u00e4t aus dickem, rei\u00dffestem Baumwollgewebe.<br \/>\nEigenschaften:<br \/>\n&#8211; Von der Internationalen Judo-F\u00f6deration genehmigt,<br \/>\n&#8211; Revers und R\u00fccken entsprechen den IJF-Regeln,<br \/>\n&#8211; Jacke verst\u00e4rkt an Schultern, Brust und Revers,<br \/>\n&#8211; Material: 80% Baumwolle und 20% Polyester, 750 g\/m\u00b2<br \/>\n&#8211; Schrumpfrate: ca. 3%,<br \/>\n&#8211; Gelieferte Artikel: nur Jacke.<\/p>\n","protected":false},"excerpt":{"rendered":"<p>Hiku Judoanz\u00fcge sind offiziell von der Internationalen Judo Federation IJF und der EJU f\u00fcr Spitzenathleten anerkannt und zugelassen. Judogi-Jacke (oder Judo-Kimono) von ausgezeichneter Qualit\u00e4t aus dickem, rei\u00dffestem Baumwollgewebe. Eigenschaften: &#8211; Von der Internationalen Judo-F\u00f6deration genehmigt, &#8211; Revers und R\u00fccken entsprechen den IJF-Regeln, &#8211; Jacke verst\u00e4rkt an Schultern, Brust und Revers, &#8211; Material: 80% Baumwolle und [&hellip;]<\/p>\n","protected":false},"featured_media":453551,"comment_status":"closed","ping_status":"closed","template":"","meta":{"inline_featured_image":false},"product_brand":[],"product_cat":[2230,2118],"product_tag":[2231],"sport":[78],"class_list":{"0":"post-453528","1":"product","2":"type-product","3":"status-publish","4":"has-post-thumbnail","6":"product_cat-judo-kimonos-de","7":"product_cat-kleidung-kimonos","8":"product_tag-hiku-de","9":"pa_size-380","10":"pa_size-388","11":"pa_size-387","12":"pa_size-378","13":"pa_size-385","14":"sport-judo","16":"first","17":"instock","18":"taxable","19":"shipping-taxable","20":"purchasable","21":"product-type-variable"},"yoast_head":"<!-- This site is optimized with the Yoast SEO plugin v27.2 - https:\/\/yoast.com\/product\/yoast-seo-wordpress\/ -->\n<title>Blauer Judo-Kimono (Jacke) f\u00fcr Wettk\u00e4mpfer - Judogi Hiku Shiai<\/title>\n<meta name=\"description\" content=\"Die ausgezeichnete Stoffqualit\u00e4t dieses Judo-Kimonos (Jacke) macht ihn zu einem Must-Have f\u00fcr alle Wettk\u00e4mpfer! \u2713 100% sichere Zahlung\" \/>\n<meta name=\"robots\" content=\"index, follow, max-snippet:-1, max-image-preview:large, max-video-preview:-1\" \/>\n<link rel=\"canonical\" href=\"https:\/\/www.daisho.be\/de\/produit\/judogi-jacke-hiku-shiai-2-ijf-blau\/\" \/>\n<meta property=\"og:locale\" content=\"de_DE\" \/>\n<meta property=\"og:type\" content=\"article\" \/>\n<meta property=\"og:title\" content=\"Blauer Judo-Kimono (Jacke) f\u00fcr Wettk\u00e4mpfer - Judogi Hiku Shiai\" \/>\n<meta property=\"og:description\" content=\"Die ausgezeichnete Stoffqualit\u00e4t dieses Judo-Kimonos (Jacke) macht ihn zu einem Must-Have f\u00fcr alle Wettk\u00e4mpfer! \u2713 100% sichere Zahlung\" \/>\n<meta property=\"og:url\" content=\"https:\/\/www.daisho.be\/de\/produit\/judogi-jacke-hiku-shiai-2-ijf-blau\/\" \/>\n<meta property=\"og:site_name\" content=\"Daisho\" \/>\n<meta property=\"og:image\" content=\"https:\/\/www.daisho.be\/wp-content\/uploads\/2023\/06\/image-14.jpg\" \/>\n\t<meta property=\"og:image:width\" content=\"384\" \/>\n\t<meta property=\"og:image:height\" content=\"543\" \/>\n\t<meta property=\"og:image:type\" content=\"image\/jpeg\" \/>\n<meta name=\"twitter:card\" content=\"summary_large_image\" \/>\n<script type=\"application\/ld+json\" class=\"yoast-schema-graph\">{\"@context\":\"https:\/\/schema.org\",\"@graph\":[{\"@type\":\"WebPage\",\"@id\":\"https:\/\/www.daisho.be\/de\/produit\/judogi-jacke-hiku-shiai-2-ijf-blau\/\",\"url\":\"https:\/\/www.daisho.be\/de\/produit\/judogi-jacke-hiku-shiai-2-ijf-blau\/\",\"name\":\"Blauer Judo-Kimono (Jacke) f\u00fcr Wettk\u00e4mpfer - Judogi Hiku Shiai\",\"isPartOf\":{\"@id\":\"https:\/\/www.daisho.be\/de\/#website\"},\"primaryImageOfPage\":{\"@id\":\"https:\/\/www.daisho.be\/de\/produit\/judogi-jacke-hiku-shiai-2-ijf-blau\/#primaryimage\"},\"image\":{\"@id\":\"https:\/\/www.daisho.be\/de\/produit\/judogi-jacke-hiku-shiai-2-ijf-blau\/#primaryimage\"},\"thumbnailUrl\":\"https:\/\/www.daisho.be\/wp-content\/uploads\/2023\/06\/image-14.jpg\",\"datePublished\":\"2020-02-09T22:46:50+00:00\",\"description\":\"Die ausgezeichnete Stoffqualit\u00e4t dieses Judo-Kimonos (Jacke) macht ihn zu einem Must-Have f\u00fcr alle Wettk\u00e4mpfer! \u2713 100% sichere Zahlung\",\"breadcrumb\":{\"@id\":\"https:\/\/www.daisho.be\/de\/produit\/judogi-jacke-hiku-shiai-2-ijf-blau\/#breadcrumb\"},\"inLanguage\":\"de\",\"potentialAction\":[{\"@type\":\"ReadAction\",\"target\":[\"https:\/\/www.daisho.be\/de\/produit\/judogi-jacke-hiku-shiai-2-ijf-blau\/\"]}]},{\"@type\":\"ImageObject\",\"inLanguage\":\"de\",\"@id\":\"https:\/\/www.daisho.be\/de\/produit\/judogi-jacke-hiku-shiai-2-ijf-blau\/#primaryimage\",\"url\":\"https:\/\/www.daisho.be\/wp-content\/uploads\/2023\/06\/image-14.jpg\",\"contentUrl\":\"https:\/\/www.daisho.be\/wp-content\/uploads\/2023\/06\/image-14.jpg\",\"width\":384,\"height\":543},{\"@type\":\"BreadcrumbList\",\"@id\":\"https:\/\/www.daisho.be\/de\/produit\/judogi-jacke-hiku-shiai-2-ijf-blau\/#breadcrumb\",\"itemListElement\":[{\"@type\":\"ListItem\",\"position\":1,\"name\":\"Accueil\",\"item\":\"https:\/\/www.daisho.be\/de\/\"},{\"@type\":\"ListItem\",\"position\":2,\"name\":\"Produkte\",\"item\":\"https:\/\/www.daisho.be\/de\/produkte\/\"},{\"@type\":\"ListItem\",\"position\":3,\"name\":\"Ausr\u00fcstung und Kleidung f\u00fcr Kampfkunst und Kampfsport\",\"item\":\"https:\/\/www.daisho.be\/de\/categorie-produit\/ausrustung-und-kleidung-fur-kampfkunst-und-kampfsport\/\"},{\"@type\":\"ListItem\",\"position\":4,\"name\":\"Judo\",\"item\":\"https:\/\/www.daisho.be\/de\/categorie-produit\/ausrustung-und-kleidung-fur-kampfkunst-und-kampfsport\/judo-de-2\/\"},{\"@type\":\"ListItem\",\"position\":5,\"name\":\"Judo-Kimonos\",\"item\":\"https:\/\/www.daisho.be\/de\/categorie-produit\/ausrustung-und-kleidung-fur-kampfkunst-und-kampfsport\/judo-de-2\/judo-kimonos-de\/\"},{\"@type\":\"ListItem\",\"position\":6,\"name\":\"JUDOGI JACKE HIKU SHIAI 2 &#8211; IJF &#8211; BLAU\"}]},{\"@type\":\"WebSite\",\"@id\":\"https:\/\/www.daisho.be\/de\/#website\",\"url\":\"https:\/\/www.daisho.be\/de\/\",\"name\":\"Daisho\",\"description\":\"Sp&eacute;cialiste de l'&eacute;quipement sportif d'arts martiaux\",\"publisher\":{\"@id\":\"https:\/\/www.daisho.be\/de\/#organization\"},\"potentialAction\":[{\"@type\":\"SearchAction\",\"target\":{\"@type\":\"EntryPoint\",\"urlTemplate\":\"https:\/\/www.daisho.be\/de\/?s={search_term_string}\"},\"query-input\":{\"@type\":\"PropertyValueSpecification\",\"valueRequired\":true,\"valueName\":\"search_term_string\"}}],\"inLanguage\":\"de\"},{\"@type\":\"Organization\",\"@id\":\"https:\/\/www.daisho.be\/de\/#organization\",\"name\":\"Daisho\",\"url\":\"https:\/\/www.daisho.be\/de\/\",\"logo\":{\"@type\":\"ImageObject\",\"inLanguage\":\"de\",\"@id\":\"https:\/\/www.daisho.be\/de\/#\/schema\/logo\/image\/\",\"url\":\"https:\/\/www.daisho.be\/wp-content\/uploads\/2019\/07\/color-nothing-horizontale4x-e1564486100247.png\",\"contentUrl\":\"https:\/\/www.daisho.be\/wp-content\/uploads\/2019\/07\/color-nothing-horizontale4x-e1564486100247.png\",\"width\":1547,\"height\":385,\"caption\":\"Daisho\"},\"image\":{\"@id\":\"https:\/\/www.daisho.be\/de\/#\/schema\/logo\/image\/\"}}]}<\/script>\n<!-- \/ Yoast SEO plugin. -->","yoast_head_json":{"title":"Blauer Judo-Kimono (Jacke) f\u00fcr Wettk\u00e4mpfer - Judogi Hiku Shiai","description":"Die ausgezeichnete Stoffqualit\u00e4t dieses Judo-Kimonos (Jacke) macht ihn zu einem Must-Have f\u00fcr alle Wettk\u00e4mpfer! \u2713 100% sichere Zahlung","robots":{"index":"index","follow":"follow","max-snippet":"max-snippet:-1","max-image-preview":"max-image-preview:large","max-video-preview":"max-video-preview:-1"},"canonical":"https:\/\/www.daisho.be\/de\/produit\/judogi-jacke-hiku-shiai-2-ijf-blau\/","og_locale":"de_DE","og_type":"article","og_title":"Blauer Judo-Kimono (Jacke) f\u00fcr Wettk\u00e4mpfer - Judogi Hiku Shiai","og_description":"Die ausgezeichnete Stoffqualit\u00e4t dieses Judo-Kimonos (Jacke) macht ihn zu einem Must-Have f\u00fcr alle Wettk\u00e4mpfer! \u2713 100% sichere Zahlung","og_url":"https:\/\/www.daisho.be\/de\/produit\/judogi-jacke-hiku-shiai-2-ijf-blau\/","og_site_name":"Daisho","og_image":[{"width":384,"height":543,"url":"https:\/\/www.daisho.be\/wp-content\/uploads\/2023\/06\/image-14.jpg","type":"image\/jpeg"}],"twitter_card":"summary_large_image","schema":{"@context":"https:\/\/schema.org","@graph":[{"@type":"WebPage","@id":"https:\/\/www.daisho.be\/de\/produit\/judogi-jacke-hiku-shiai-2-ijf-blau\/","url":"https:\/\/www.daisho.be\/de\/produit\/judogi-jacke-hiku-shiai-2-ijf-blau\/","name":"Blauer Judo-Kimono (Jacke) f\u00fcr Wettk\u00e4mpfer - Judogi Hiku Shiai","isPartOf":{"@id":"https:\/\/www.daisho.be\/de\/#website"},"primaryImageOfPage":{"@id":"https:\/\/www.daisho.be\/de\/produit\/judogi-jacke-hiku-shiai-2-ijf-blau\/#primaryimage"},"image":{"@id":"https:\/\/www.daisho.be\/de\/produit\/judogi-jacke-hiku-shiai-2-ijf-blau\/#primaryimage"},"thumbnailUrl":"https:\/\/www.daisho.be\/wp-content\/uploads\/2023\/06\/image-14.jpg","datePublished":"2020-02-09T22:46:50+00:00","description":"Die ausgezeichnete Stoffqualit\u00e4t dieses Judo-Kimonos (Jacke) macht ihn zu einem Must-Have f\u00fcr alle Wettk\u00e4mpfer! \u2713 100% sichere Zahlung","breadcrumb":{"@id":"https:\/\/www.daisho.be\/de\/produit\/judogi-jacke-hiku-shiai-2-ijf-blau\/#breadcrumb"},"inLanguage":"de","potentialAction":[{"@type":"ReadAction","target":["https:\/\/www.daisho.be\/de\/produit\/judogi-jacke-hiku-shiai-2-ijf-blau\/"]}]},{"@type":"ImageObject","inLanguage":"de","@id":"https:\/\/www.daisho.be\/de\/produit\/judogi-jacke-hiku-shiai-2-ijf-blau\/#primaryimage","url":"https:\/\/www.daisho.be\/wp-content\/uploads\/2023\/06\/image-14.jpg","contentUrl":"https:\/\/www.daisho.be\/wp-content\/uploads\/2023\/06\/image-14.jpg","width":384,"height":543},{"@type":"BreadcrumbList","@id":"https:\/\/www.daisho.be\/de\/produit\/judogi-jacke-hiku-shiai-2-ijf-blau\/#breadcrumb","itemListElement":[{"@type":"ListItem","position":1,"name":"Accueil","item":"https:\/\/www.daisho.be\/de\/"},{"@type":"ListItem","position":2,"name":"Produkte","item":"https:\/\/www.daisho.be\/de\/produkte\/"},{"@type":"ListItem","position":3,"name":"Ausr\u00fcstung und Kleidung f\u00fcr Kampfkunst und Kampfsport","item":"https:\/\/www.daisho.be\/de\/categorie-produit\/ausrustung-und-kleidung-fur-kampfkunst-und-kampfsport\/"},{"@type":"ListItem","position":4,"name":"Judo","item":"https:\/\/www.daisho.be\/de\/categorie-produit\/ausrustung-und-kleidung-fur-kampfkunst-und-kampfsport\/judo-de-2\/"},{"@type":"ListItem","position":5,"name":"Judo-Kimonos","item":"https:\/\/www.daisho.be\/de\/categorie-produit\/ausrustung-und-kleidung-fur-kampfkunst-und-kampfsport\/judo-de-2\/judo-kimonos-de\/"},{"@type":"ListItem","position":6,"name":"JUDOGI JACKE HIKU SHIAI 2 &#8211; IJF &#8211; BLAU"}]},{"@type":"WebSite","@id":"https:\/\/www.daisho.be\/de\/#website","url":"https:\/\/www.daisho.be\/de\/","name":"Daisho","description":"Sp&eacute;cialiste de l'&eacute;quipement sportif d'arts martiaux","publisher":{"@id":"https:\/\/www.daisho.be\/de\/#organization"},"potentialAction":[{"@type":"SearchAction","target":{"@type":"EntryPoint","urlTemplate":"https:\/\/www.daisho.be\/de\/?s={search_term_string}"},"query-input":{"@type":"PropertyValueSpecification","valueRequired":true,"valueName":"search_term_string"}}],"inLanguage":"de"},{"@type":"Organization","@id":"https:\/\/www.daisho.be\/de\/#organization","name":"Daisho","url":"https:\/\/www.daisho.be\/de\/","logo":{"@type":"ImageObject","inLanguage":"de","@id":"https:\/\/www.daisho.be\/de\/#\/schema\/logo\/image\/","url":"https:\/\/www.daisho.be\/wp-content\/uploads\/2019\/07\/color-nothing-horizontale4x-e1564486100247.png","contentUrl":"https:\/\/www.daisho.be\/wp-content\/uploads\/2019\/07\/color-nothing-horizontale4x-e1564486100247.png","width":1547,"height":385,"caption":"Daisho"},"image":{"@id":"https:\/\/www.daisho.be\/de\/#\/schema\/logo\/image\/"}}]}},"_links":{"self":[{"href":"https:\/\/www.daisho.be\/de\/wp-json\/wp\/v2\/product\/453528","targetHints":{"allow":["GET"]}}],"collection":[{"href":"https:\/\/www.daisho.be\/de\/wp-json\/wp\/v2\/product"}],"about":[{"href":"https:\/\/www.daisho.be\/de\/wp-json\/wp\/v2\/types\/product"}],"replies":[{"embeddable":true,"href":"https:\/\/www.daisho.be\/de\/wp-json\/wp\/v2\/comments?post=453528"}],"wp:featuredmedia":[{"embeddable":true,"href":"https:\/\/www.daisho.be\/de\/wp-json\/wp\/v2\/media\/453551"}],"wp:attachment":[{"href":"https:\/\/www.daisho.be\/de\/wp-json\/wp\/v2\/media?parent=453528"}],"wp:term":[{"taxonomy":"product_brand","embeddable":true,"href":"https:\/\/www.daisho.be\/de\/wp-json\/wp\/v2\/product_brand?post=453528"},{"taxonomy":"product_cat","embeddable":true,"href":"https:\/\/www.daisho.be\/de\/wp-json\/wp\/v2\/product_cat?post=453528"},{"taxonomy":"product_tag","embeddable":true,"href":"https:\/\/www.daisho.be\/de\/wp-json\/wp\/v2\/product_tag?post=453528"},{"taxonomy":"sport","embeddable":true,"href":"https:\/\/www.daisho.be\/de\/wp-json\/wp\/v2\/sport?post=453528"}],"curies":[{"name":"wp","href":"https:\/\/api.w.org\/{rel}","templated":true}]}}