{"id":453442,"date":"2020-02-29T22:40:34","date_gmt":"2020-02-29T21:40:34","guid":{"rendered":"https:\/\/www.daisho.be\/produit\/multi-elastiband-15kg-violett\/"},"modified":"2026-01-03T16:02:39","modified_gmt":"2026-01-03T15:02:39","slug":"multi-elastiband-15kg-violett","status":"publish","type":"product","link":"https:\/\/www.daisho.be\/de\/produit\/multi-elastiband-15kg-violett\/","title":{"rendered":"Multi Elastiband 15kg violett"},"content":{"rendered":"<p>Besteht aus zwei gro\u00dfen 16,5 cm langen Griffen an beiden Enden f\u00fcr eine einfache Passage der Oberschenkel oder beschuhten F\u00fc\u00dfe und 4 mittleren Griffen von je 11 cm.<br \/>\nGesamtl\u00e4nge: 110 cm.<br \/>\nDas innovative MultiElastiband\u00c2\u00ae kombiniert die Vorteile des Maxi-Elastibandes\u00c2\u00ae (breitere Griffe, gr\u00f6\u00dfere L\u00e4nge) und des klassischen Elastibandes\u00c2\u00ae (insgesamt 8 Griffe).<br \/>\nViolett, St\u00e4rke 15kg.<\/p>\n","protected":false},"excerpt":{"rendered":"<p>Besteht aus zwei gro\u00dfen 16,5 cm langen Griffen an beiden Enden f\u00fcr eine einfache Passage der Oberschenkel oder beschuhten F\u00fc\u00dfe und 4 mittleren Griffen von je 11 cm. Gesamtl\u00e4nge: 110 cm. Das innovative MultiElastiband\u00c2\u00ae kombiniert die Vorteile des Maxi-Elastibandes\u00c2\u00ae (breitere Griffe, gr\u00f6\u00dfere L\u00e4nge) und des klassischen Elastibandes\u00c2\u00ae (insgesamt 8 Griffe). Violett, St\u00e4rke 15kg.<\/p>\n","protected":false},"featured_media":649942,"comment_status":"open","ping_status":"closed","template":"","meta":{"inline_featured_image":false},"product_brand":[],"product_cat":[2055,2100],"product_tag":[2225],"sport":[],"class_list":{"0":"post-453442","1":"product","2":"type-product","3":"status-publish","4":"has-post-thumbnail","6":"product_cat-karate-trainingsmaterial","7":"product_cat-mma-trainingsmaterial","8":"product_tag-sveltus-de","9":"pa_size-sans-taille-defaut","11":"first","12":"instock","13":"taxable","14":"shipping-taxable","15":"purchasable","16":"product-type-simple"},"yoast_head":"<!-- This site is optimized with the Yoast SEO plugin v27.2 - https:\/\/yoast.com\/product\/yoast-seo-wordpress\/ -->\n<title>Multi Elastiband 15kg violett &#8211; Daisho<\/title>\n<meta name=\"robots\" content=\"index, follow, max-snippet:-1, max-image-preview:large, max-video-preview:-1\" \/>\n<link rel=\"canonical\" href=\"https:\/\/www.daisho.be\/de\/produit\/multi-elastiband-15kg-violett\/\" \/>\n<meta property=\"og:locale\" content=\"de_DE\" \/>\n<meta property=\"og:type\" content=\"article\" \/>\n<meta property=\"og:title\" content=\"Multi Elastiband 15kg violett &#8211; Daisho\" \/>\n<meta property=\"og:description\" content=\"Besteht aus zwei gro\u00dfen 16,5 cm langen Griffen an beiden Enden f\u00fcr eine einfache Passage der Oberschenkel oder beschuhten F\u00fc\u00dfe und 4 mittleren Griffen von je 11 cm. Gesamtl\u00e4nge: 110 cm. Das innovative MultiElastiband\u00c2\u00ae kombiniert die Vorteile des Maxi-Elastibandes\u00c2\u00ae (breitere Griffe, gr\u00f6\u00dfere L\u00e4nge) und des klassischen Elastibandes\u00c2\u00ae (insgesamt 8 Griffe). Violett, St\u00e4rke 15kg.\" \/>\n<meta property=\"og:url\" content=\"https:\/\/www.daisho.be\/de\/produit\/multi-elastiband-15kg-violett\/\" \/>\n<meta property=\"og:site_name\" content=\"Daisho\" \/>\n<meta property=\"article:modified_time\" content=\"2026-01-03T15:02:39+00:00\" \/>\n<meta property=\"og:image\" content=\"https:\/\/www.daisho.be\/wp-content\/uploads\/2026\/01\/image-56.jpg\" \/>\n\t<meta property=\"og:image:width\" content=\"1772\" \/>\n\t<meta property=\"og:image:height\" content=\"500\" \/>\n\t<meta property=\"og:image:type\" content=\"image\/jpeg\" \/>\n<meta name=\"twitter:card\" content=\"summary_large_image\" \/>\n<script type=\"application\/ld+json\" class=\"yoast-schema-graph\">{\"@context\":\"https:\/\/schema.org\",\"@graph\":[{\"@type\":\"WebPage\",\"@id\":\"https:\/\/www.daisho.be\/de\/produit\/multi-elastiband-15kg-violett\/\",\"url\":\"https:\/\/www.daisho.be\/de\/produit\/multi-elastiband-15kg-violett\/\",\"name\":\"Multi Elastiband 15kg violett &#8211; Daisho\",\"isPartOf\":{\"@id\":\"https:\/\/www.daisho.be\/de\/#website\"},\"primaryImageOfPage\":{\"@id\":\"https:\/\/www.daisho.be\/de\/produit\/multi-elastiband-15kg-violett\/#primaryimage\"},\"image\":{\"@id\":\"https:\/\/www.daisho.be\/de\/produit\/multi-elastiband-15kg-violett\/#primaryimage\"},\"thumbnailUrl\":\"https:\/\/www.daisho.be\/wp-content\/uploads\/2026\/01\/image-56.jpg\",\"datePublished\":\"2020-02-29T21:40:34+00:00\",\"dateModified\":\"2026-01-03T15:02:39+00:00\",\"breadcrumb\":{\"@id\":\"https:\/\/www.daisho.be\/de\/produit\/multi-elastiband-15kg-violett\/#breadcrumb\"},\"inLanguage\":\"de\",\"potentialAction\":[{\"@type\":\"ReadAction\",\"target\":[\"https:\/\/www.daisho.be\/de\/produit\/multi-elastiband-15kg-violett\/\"]}]},{\"@type\":\"ImageObject\",\"inLanguage\":\"de\",\"@id\":\"https:\/\/www.daisho.be\/de\/produit\/multi-elastiband-15kg-violett\/#primaryimage\",\"url\":\"https:\/\/www.daisho.be\/wp-content\/uploads\/2026\/01\/image-56.jpg\",\"contentUrl\":\"https:\/\/www.daisho.be\/wp-content\/uploads\/2026\/01\/image-56.jpg\",\"width\":1772,\"height\":500,\"caption\":\"Multi Elastiband 15kg violett -1\"},{\"@type\":\"BreadcrumbList\",\"@id\":\"https:\/\/www.daisho.be\/de\/produit\/multi-elastiband-15kg-violett\/#breadcrumb\",\"itemListElement\":[{\"@type\":\"ListItem\",\"position\":1,\"name\":\"Accueil\",\"item\":\"https:\/\/www.daisho.be\/de\/\"},{\"@type\":\"ListItem\",\"position\":2,\"name\":\"Produkte\",\"item\":\"https:\/\/www.daisho.be\/de\/produkte\/\"},{\"@type\":\"ListItem\",\"position\":3,\"name\":\"Ausr\u00fcstung und Kleidung f\u00fcr Kampfkunst und Kampfsport\",\"item\":\"https:\/\/www.daisho.be\/de\/categorie-produit\/ausrustung-und-kleidung-fur-kampfkunst-und-kampfsport\/\"},{\"@type\":\"ListItem\",\"position\":4,\"name\":\"Karate\",\"item\":\"https:\/\/www.daisho.be\/de\/categorie-produit\/ausrustung-und-kleidung-fur-kampfkunst-und-kampfsport\/karate-de-2\/\"},{\"@type\":\"ListItem\",\"position\":5,\"name\":\"Karate Trainingsmaterial\",\"item\":\"https:\/\/www.daisho.be\/de\/categorie-produit\/ausrustung-und-kleidung-fur-kampfkunst-und-kampfsport\/karate-de-2\/karate-trainingsmaterial\/\"},{\"@type\":\"ListItem\",\"position\":6,\"name\":\"Multi Elastiband 15kg violett\"}]},{\"@type\":\"WebSite\",\"@id\":\"https:\/\/www.daisho.be\/de\/#website\",\"url\":\"https:\/\/www.daisho.be\/de\/\",\"name\":\"Daisho\",\"description\":\"Sp&eacute;cialiste de l'&eacute;quipement sportif d'arts martiaux\",\"publisher\":{\"@id\":\"https:\/\/www.daisho.be\/de\/#organization\"},\"potentialAction\":[{\"@type\":\"SearchAction\",\"target\":{\"@type\":\"EntryPoint\",\"urlTemplate\":\"https:\/\/www.daisho.be\/de\/?s={search_term_string}\"},\"query-input\":{\"@type\":\"PropertyValueSpecification\",\"valueRequired\":true,\"valueName\":\"search_term_string\"}}],\"inLanguage\":\"de\"},{\"@type\":\"Organization\",\"@id\":\"https:\/\/www.daisho.be\/de\/#organization\",\"name\":\"Daisho\",\"url\":\"https:\/\/www.daisho.be\/de\/\",\"logo\":{\"@type\":\"ImageObject\",\"inLanguage\":\"de\",\"@id\":\"https:\/\/www.daisho.be\/de\/#\/schema\/logo\/image\/\",\"url\":\"https:\/\/www.daisho.be\/wp-content\/uploads\/2019\/07\/color-nothing-horizontale4x-e1564486100247.png\",\"contentUrl\":\"https:\/\/www.daisho.be\/wp-content\/uploads\/2019\/07\/color-nothing-horizontale4x-e1564486100247.png\",\"width\":1547,\"height\":385,\"caption\":\"Daisho\"},\"image\":{\"@id\":\"https:\/\/www.daisho.be\/de\/#\/schema\/logo\/image\/\"}}]}<\/script>\n<!-- \/ Yoast SEO plugin. -->","yoast_head_json":{"title":"Multi Elastiband 15kg violett &#8211; Daisho","robots":{"index":"index","follow":"follow","max-snippet":"max-snippet:-1","max-image-preview":"max-image-preview:large","max-video-preview":"max-video-preview:-1"},"canonical":"https:\/\/www.daisho.be\/de\/produit\/multi-elastiband-15kg-violett\/","og_locale":"de_DE","og_type":"article","og_title":"Multi Elastiband 15kg violett &#8211; Daisho","og_description":"Besteht aus zwei gro\u00dfen 16,5 cm langen Griffen an beiden Enden f\u00fcr eine einfache Passage der Oberschenkel oder beschuhten F\u00fc\u00dfe und 4 mittleren Griffen von je 11 cm. Gesamtl\u00e4nge: 110 cm. Das innovative MultiElastiband\u00c2\u00ae kombiniert die Vorteile des Maxi-Elastibandes\u00c2\u00ae (breitere Griffe, gr\u00f6\u00dfere L\u00e4nge) und des klassischen Elastibandes\u00c2\u00ae (insgesamt 8 Griffe). Violett, St\u00e4rke 15kg.","og_url":"https:\/\/www.daisho.be\/de\/produit\/multi-elastiband-15kg-violett\/","og_site_name":"Daisho","article_modified_time":"2026-01-03T15:02:39+00:00","og_image":[{"width":1772,"height":500,"url":"https:\/\/www.daisho.be\/wp-content\/uploads\/2026\/01\/image-56.jpg","type":"image\/jpeg"}],"twitter_card":"summary_large_image","schema":{"@context":"https:\/\/schema.org","@graph":[{"@type":"WebPage","@id":"https:\/\/www.daisho.be\/de\/produit\/multi-elastiband-15kg-violett\/","url":"https:\/\/www.daisho.be\/de\/produit\/multi-elastiband-15kg-violett\/","name":"Multi Elastiband 15kg violett &#8211; Daisho","isPartOf":{"@id":"https:\/\/www.daisho.be\/de\/#website"},"primaryImageOfPage":{"@id":"https:\/\/www.daisho.be\/de\/produit\/multi-elastiband-15kg-violett\/#primaryimage"},"image":{"@id":"https:\/\/www.daisho.be\/de\/produit\/multi-elastiband-15kg-violett\/#primaryimage"},"thumbnailUrl":"https:\/\/www.daisho.be\/wp-content\/uploads\/2026\/01\/image-56.jpg","datePublished":"2020-02-29T21:40:34+00:00","dateModified":"2026-01-03T15:02:39+00:00","breadcrumb":{"@id":"https:\/\/www.daisho.be\/de\/produit\/multi-elastiband-15kg-violett\/#breadcrumb"},"inLanguage":"de","potentialAction":[{"@type":"ReadAction","target":["https:\/\/www.daisho.be\/de\/produit\/multi-elastiband-15kg-violett\/"]}]},{"@type":"ImageObject","inLanguage":"de","@id":"https:\/\/www.daisho.be\/de\/produit\/multi-elastiband-15kg-violett\/#primaryimage","url":"https:\/\/www.daisho.be\/wp-content\/uploads\/2026\/01\/image-56.jpg","contentUrl":"https:\/\/www.daisho.be\/wp-content\/uploads\/2026\/01\/image-56.jpg","width":1772,"height":500,"caption":"Multi Elastiband 15kg violett -1"},{"@type":"BreadcrumbList","@id":"https:\/\/www.daisho.be\/de\/produit\/multi-elastiband-15kg-violett\/#breadcrumb","itemListElement":[{"@type":"ListItem","position":1,"name":"Accueil","item":"https:\/\/www.daisho.be\/de\/"},{"@type":"ListItem","position":2,"name":"Produkte","item":"https:\/\/www.daisho.be\/de\/produkte\/"},{"@type":"ListItem","position":3,"name":"Ausr\u00fcstung und Kleidung f\u00fcr Kampfkunst und Kampfsport","item":"https:\/\/www.daisho.be\/de\/categorie-produit\/ausrustung-und-kleidung-fur-kampfkunst-und-kampfsport\/"},{"@type":"ListItem","position":4,"name":"Karate","item":"https:\/\/www.daisho.be\/de\/categorie-produit\/ausrustung-und-kleidung-fur-kampfkunst-und-kampfsport\/karate-de-2\/"},{"@type":"ListItem","position":5,"name":"Karate Trainingsmaterial","item":"https:\/\/www.daisho.be\/de\/categorie-produit\/ausrustung-und-kleidung-fur-kampfkunst-und-kampfsport\/karate-de-2\/karate-trainingsmaterial\/"},{"@type":"ListItem","position":6,"name":"Multi Elastiband 15kg violett"}]},{"@type":"WebSite","@id":"https:\/\/www.daisho.be\/de\/#website","url":"https:\/\/www.daisho.be\/de\/","name":"Daisho","description":"Sp&eacute;cialiste de l'&eacute;quipement sportif d'arts martiaux","publisher":{"@id":"https:\/\/www.daisho.be\/de\/#organization"},"potentialAction":[{"@type":"SearchAction","target":{"@type":"EntryPoint","urlTemplate":"https:\/\/www.daisho.be\/de\/?s={search_term_string}"},"query-input":{"@type":"PropertyValueSpecification","valueRequired":true,"valueName":"search_term_string"}}],"inLanguage":"de"},{"@type":"Organization","@id":"https:\/\/www.daisho.be\/de\/#organization","name":"Daisho","url":"https:\/\/www.daisho.be\/de\/","logo":{"@type":"ImageObject","inLanguage":"de","@id":"https:\/\/www.daisho.be\/de\/#\/schema\/logo\/image\/","url":"https:\/\/www.daisho.be\/wp-content\/uploads\/2019\/07\/color-nothing-horizontale4x-e1564486100247.png","contentUrl":"https:\/\/www.daisho.be\/wp-content\/uploads\/2019\/07\/color-nothing-horizontale4x-e1564486100247.png","width":1547,"height":385,"caption":"Daisho"},"image":{"@id":"https:\/\/www.daisho.be\/de\/#\/schema\/logo\/image\/"}}]}},"_links":{"self":[{"href":"https:\/\/www.daisho.be\/de\/wp-json\/wp\/v2\/product\/453442","targetHints":{"allow":["GET"]}}],"collection":[{"href":"https:\/\/www.daisho.be\/de\/wp-json\/wp\/v2\/product"}],"about":[{"href":"https:\/\/www.daisho.be\/de\/wp-json\/wp\/v2\/types\/product"}],"replies":[{"embeddable":true,"href":"https:\/\/www.daisho.be\/de\/wp-json\/wp\/v2\/comments?post=453442"}],"wp:featuredmedia":[{"embeddable":true,"href":"https:\/\/www.daisho.be\/de\/wp-json\/wp\/v2\/media\/649942"}],"wp:attachment":[{"href":"https:\/\/www.daisho.be\/de\/wp-json\/wp\/v2\/media?parent=453442"}],"wp:term":[{"taxonomy":"product_brand","embeddable":true,"href":"https:\/\/www.daisho.be\/de\/wp-json\/wp\/v2\/product_brand?post=453442"},{"taxonomy":"product_cat","embeddable":true,"href":"https:\/\/www.daisho.be\/de\/wp-json\/wp\/v2\/product_cat?post=453442"},{"taxonomy":"product_tag","embeddable":true,"href":"https:\/\/www.daisho.be\/de\/wp-json\/wp\/v2\/product_tag?post=453442"},{"taxonomy":"sport","embeddable":true,"href":"https:\/\/www.daisho.be\/de\/wp-json\/wp\/v2\/sport?post=453442"}],"curies":[{"name":"wp","href":"https:\/\/api.w.org\/{rel}","templated":true}]}}