{"id":453404,"date":"2020-04-16T21:40:57","date_gmt":"2020-04-16T19:40:57","guid":{"rendered":"https:\/\/www.daisho.be\/produit\/springseil-stahl-300-cm-schwarz\/"},"modified":"2020-04-16T21:40:57","modified_gmt":"2020-04-16T19:40:57","slug":"springseil-stahl-300-cm-schwarz","status":"publish","type":"product","link":"https:\/\/www.daisho.be\/de\/produit\/springseil-stahl-300-cm-schwarz\/","title":{"rendered":"SPRINGSEIL STAHL 300 CM SCHWARZ"},"content":{"rendered":"<p>Dies ist die neueste Generation von professionellen Geschwindigkeitsseilen. Ideal f\u00fcr alle Arten des professionellen Springseiltrainings.<br \/>\nDas Seil ist sehr flexibel und h\u00e4ngt daher gerade, ohne spiralf\u00f6rmige Verwirbelungen.<br \/>\nStahlseil mit einer widerstandsf\u00e4higen Schutzbeschichtung. Die Griffe sind aus bruchsicherem Kunststoff und kugelgelagert.<br \/>\nMit eingebauten Stellschrauben ausgestattet, daher schnell und einfach in der L\u00e4nge verstellbar. Manuelle Einstellung, es ist kein Inbusschl\u00fcssel erforderlich.<br \/>\nSpringseil aus Stahl.<br \/>\nFarbe: schwarz.<br \/>\nL\u00e4nge: 300 cm.   <\/p>\n","protected":false},"excerpt":{"rendered":"<p>Dies ist die neueste Generation von professionellen Geschwindigkeitsseilen. Ideal f\u00fcr alle Arten des professionellen Springseiltrainings. Das Seil ist sehr flexibel und h\u00e4ngt daher gerade, ohne spiralf\u00f6rmige Verwirbelungen. Stahlseil mit einer widerstandsf\u00e4higen Schutzbeschichtung. Die Griffe sind aus bruchsicherem Kunststoff und kugelgelagert. Mit eingebauten Stellschrauben ausgestattet, daher schnell und einfach in der L\u00e4nge verstellbar. Manuelle Einstellung, es [&hellip;]<\/p>\n","protected":false},"featured_media":453407,"comment_status":"open","ping_status":"closed","template":"","meta":{"inline_featured_image":false},"product_brand":[],"product_cat":[2055,2133,2054,2043],"product_tag":[2040],"sport":[],"class_list":{"0":"post-453404","1":"product","2":"type-product","3":"status-publish","4":"has-post-thumbnail","6":"product_cat-karate-trainingsmaterial","7":"product_cat-muay-thai-trainingsmaterial","8":"product_cat-trainingsmaterial","9":"product_cat-trainingsmaterial-boxen","10":"product_tag-dax-de","11":"pa_size-sans-taille-defaut","13":"first","14":"instock","15":"taxable","16":"shipping-taxable","17":"purchasable","18":"product-type-simple"},"yoast_head":"<!-- This site is optimized with the Yoast SEO plugin v27.2 - https:\/\/yoast.com\/product\/yoast-seo-wordpress\/ -->\n<title>SPRINGSEIL STAHL 300 CM SCHWARZ &#8211; Daisho<\/title>\n<meta name=\"robots\" content=\"index, follow, max-snippet:-1, max-image-preview:large, max-video-preview:-1\" \/>\n<link rel=\"canonical\" href=\"https:\/\/www.daisho.be\/de\/produit\/springseil-stahl-300-cm-schwarz\/\" \/>\n<meta property=\"og:locale\" content=\"de_DE\" \/>\n<meta property=\"og:type\" content=\"article\" \/>\n<meta property=\"og:title\" content=\"SPRINGSEIL STAHL 300 CM SCHWARZ &#8211; Daisho\" \/>\n<meta property=\"og:description\" content=\"Dies ist die neueste Generation von professionellen Geschwindigkeitsseilen. Ideal f\u00fcr alle Arten des professionellen Springseiltrainings. Das Seil ist sehr flexibel und h\u00e4ngt daher gerade, ohne spiralf\u00f6rmige Verwirbelungen. Stahlseil mit einer widerstandsf\u00e4higen Schutzbeschichtung. Die Griffe sind aus bruchsicherem Kunststoff und kugelgelagert. Mit eingebauten Stellschrauben ausgestattet, daher schnell und einfach in der L\u00e4nge verstellbar. Manuelle Einstellung, es [&hellip;]\" \/>\n<meta property=\"og:url\" content=\"https:\/\/www.daisho.be\/de\/produit\/springseil-stahl-300-cm-schwarz\/\" \/>\n<meta property=\"og:site_name\" content=\"Daisho\" \/>\n<meta property=\"og:image\" content=\"https:\/\/www.daisho.be\/wp-content\/uploads\/2023\/08\/image-22.jpg\" \/>\n\t<meta property=\"og:image:width\" content=\"384\" \/>\n\t<meta property=\"og:image:height\" content=\"543\" \/>\n\t<meta property=\"og:image:type\" content=\"image\/jpeg\" \/>\n<meta name=\"twitter:card\" content=\"summary_large_image\" \/>\n<script type=\"application\/ld+json\" class=\"yoast-schema-graph\">{\"@context\":\"https:\/\/schema.org\",\"@graph\":[{\"@type\":\"WebPage\",\"@id\":\"https:\/\/www.daisho.be\/de\/produit\/springseil-stahl-300-cm-schwarz\/\",\"url\":\"https:\/\/www.daisho.be\/de\/produit\/springseil-stahl-300-cm-schwarz\/\",\"name\":\"SPRINGSEIL STAHL 300 CM SCHWARZ &#8211; Daisho\",\"isPartOf\":{\"@id\":\"https:\/\/www.daisho.be\/de\/#website\"},\"primaryImageOfPage\":{\"@id\":\"https:\/\/www.daisho.be\/de\/produit\/springseil-stahl-300-cm-schwarz\/#primaryimage\"},\"image\":{\"@id\":\"https:\/\/www.daisho.be\/de\/produit\/springseil-stahl-300-cm-schwarz\/#primaryimage\"},\"thumbnailUrl\":\"https:\/\/www.daisho.be\/wp-content\/uploads\/2023\/08\/image-22.jpg\",\"datePublished\":\"2020-04-16T19:40:57+00:00\",\"breadcrumb\":{\"@id\":\"https:\/\/www.daisho.be\/de\/produit\/springseil-stahl-300-cm-schwarz\/#breadcrumb\"},\"inLanguage\":\"de\",\"potentialAction\":[{\"@type\":\"ReadAction\",\"target\":[\"https:\/\/www.daisho.be\/de\/produit\/springseil-stahl-300-cm-schwarz\/\"]}]},{\"@type\":\"ImageObject\",\"inLanguage\":\"de\",\"@id\":\"https:\/\/www.daisho.be\/de\/produit\/springseil-stahl-300-cm-schwarz\/#primaryimage\",\"url\":\"https:\/\/www.daisho.be\/wp-content\/uploads\/2023\/08\/image-22.jpg\",\"contentUrl\":\"https:\/\/www.daisho.be\/wp-content\/uploads\/2023\/08\/image-22.jpg\",\"width\":384,\"height\":543},{\"@type\":\"BreadcrumbList\",\"@id\":\"https:\/\/www.daisho.be\/de\/produit\/springseil-stahl-300-cm-schwarz\/#breadcrumb\",\"itemListElement\":[{\"@type\":\"ListItem\",\"position\":1,\"name\":\"Accueil\",\"item\":\"https:\/\/www.daisho.be\/de\/\"},{\"@type\":\"ListItem\",\"position\":2,\"name\":\"Produkte\",\"item\":\"https:\/\/www.daisho.be\/de\/produkte\/\"},{\"@type\":\"ListItem\",\"position\":3,\"name\":\"Ausr\u00fcstung und Kleidung f\u00fcr Kampfkunst und Kampfsport\",\"item\":\"https:\/\/www.daisho.be\/de\/categorie-produit\/ausrustung-und-kleidung-fur-kampfkunst-und-kampfsport\/\"},{\"@type\":\"ListItem\",\"position\":4,\"name\":\"Karate\",\"item\":\"https:\/\/www.daisho.be\/de\/categorie-produit\/ausrustung-und-kleidung-fur-kampfkunst-und-kampfsport\/karate-de-2\/\"},{\"@type\":\"ListItem\",\"position\":5,\"name\":\"Karate Trainingsmaterial\",\"item\":\"https:\/\/www.daisho.be\/de\/categorie-produit\/ausrustung-und-kleidung-fur-kampfkunst-und-kampfsport\/karate-de-2\/karate-trainingsmaterial\/\"},{\"@type\":\"ListItem\",\"position\":6,\"name\":\"SPRINGSEIL STAHL 300 CM SCHWARZ\"}]},{\"@type\":\"WebSite\",\"@id\":\"https:\/\/www.daisho.be\/de\/#website\",\"url\":\"https:\/\/www.daisho.be\/de\/\",\"name\":\"Daisho\",\"description\":\"Sp&eacute;cialiste de l'&eacute;quipement sportif d'arts martiaux\",\"publisher\":{\"@id\":\"https:\/\/www.daisho.be\/de\/#organization\"},\"potentialAction\":[{\"@type\":\"SearchAction\",\"target\":{\"@type\":\"EntryPoint\",\"urlTemplate\":\"https:\/\/www.daisho.be\/de\/?s={search_term_string}\"},\"query-input\":{\"@type\":\"PropertyValueSpecification\",\"valueRequired\":true,\"valueName\":\"search_term_string\"}}],\"inLanguage\":\"de\"},{\"@type\":\"Organization\",\"@id\":\"https:\/\/www.daisho.be\/de\/#organization\",\"name\":\"Daisho\",\"url\":\"https:\/\/www.daisho.be\/de\/\",\"logo\":{\"@type\":\"ImageObject\",\"inLanguage\":\"de\",\"@id\":\"https:\/\/www.daisho.be\/de\/#\/schema\/logo\/image\/\",\"url\":\"https:\/\/www.daisho.be\/wp-content\/uploads\/2019\/07\/color-nothing-horizontale4x-e1564486100247.png\",\"contentUrl\":\"https:\/\/www.daisho.be\/wp-content\/uploads\/2019\/07\/color-nothing-horizontale4x-e1564486100247.png\",\"width\":1547,\"height\":385,\"caption\":\"Daisho\"},\"image\":{\"@id\":\"https:\/\/www.daisho.be\/de\/#\/schema\/logo\/image\/\"}}]}<\/script>\n<!-- \/ Yoast SEO plugin. -->","yoast_head_json":{"title":"SPRINGSEIL STAHL 300 CM SCHWARZ &#8211; Daisho","robots":{"index":"index","follow":"follow","max-snippet":"max-snippet:-1","max-image-preview":"max-image-preview:large","max-video-preview":"max-video-preview:-1"},"canonical":"https:\/\/www.daisho.be\/de\/produit\/springseil-stahl-300-cm-schwarz\/","og_locale":"de_DE","og_type":"article","og_title":"SPRINGSEIL STAHL 300 CM SCHWARZ &#8211; Daisho","og_description":"Dies ist die neueste Generation von professionellen Geschwindigkeitsseilen. Ideal f\u00fcr alle Arten des professionellen Springseiltrainings. Das Seil ist sehr flexibel und h\u00e4ngt daher gerade, ohne spiralf\u00f6rmige Verwirbelungen. Stahlseil mit einer widerstandsf\u00e4higen Schutzbeschichtung. Die Griffe sind aus bruchsicherem Kunststoff und kugelgelagert. Mit eingebauten Stellschrauben ausgestattet, daher schnell und einfach in der L\u00e4nge verstellbar. Manuelle Einstellung, es [&hellip;]","og_url":"https:\/\/www.daisho.be\/de\/produit\/springseil-stahl-300-cm-schwarz\/","og_site_name":"Daisho","og_image":[{"width":384,"height":543,"url":"https:\/\/www.daisho.be\/wp-content\/uploads\/2023\/08\/image-22.jpg","type":"image\/jpeg"}],"twitter_card":"summary_large_image","schema":{"@context":"https:\/\/schema.org","@graph":[{"@type":"WebPage","@id":"https:\/\/www.daisho.be\/de\/produit\/springseil-stahl-300-cm-schwarz\/","url":"https:\/\/www.daisho.be\/de\/produit\/springseil-stahl-300-cm-schwarz\/","name":"SPRINGSEIL STAHL 300 CM SCHWARZ &#8211; Daisho","isPartOf":{"@id":"https:\/\/www.daisho.be\/de\/#website"},"primaryImageOfPage":{"@id":"https:\/\/www.daisho.be\/de\/produit\/springseil-stahl-300-cm-schwarz\/#primaryimage"},"image":{"@id":"https:\/\/www.daisho.be\/de\/produit\/springseil-stahl-300-cm-schwarz\/#primaryimage"},"thumbnailUrl":"https:\/\/www.daisho.be\/wp-content\/uploads\/2023\/08\/image-22.jpg","datePublished":"2020-04-16T19:40:57+00:00","breadcrumb":{"@id":"https:\/\/www.daisho.be\/de\/produit\/springseil-stahl-300-cm-schwarz\/#breadcrumb"},"inLanguage":"de","potentialAction":[{"@type":"ReadAction","target":["https:\/\/www.daisho.be\/de\/produit\/springseil-stahl-300-cm-schwarz\/"]}]},{"@type":"ImageObject","inLanguage":"de","@id":"https:\/\/www.daisho.be\/de\/produit\/springseil-stahl-300-cm-schwarz\/#primaryimage","url":"https:\/\/www.daisho.be\/wp-content\/uploads\/2023\/08\/image-22.jpg","contentUrl":"https:\/\/www.daisho.be\/wp-content\/uploads\/2023\/08\/image-22.jpg","width":384,"height":543},{"@type":"BreadcrumbList","@id":"https:\/\/www.daisho.be\/de\/produit\/springseil-stahl-300-cm-schwarz\/#breadcrumb","itemListElement":[{"@type":"ListItem","position":1,"name":"Accueil","item":"https:\/\/www.daisho.be\/de\/"},{"@type":"ListItem","position":2,"name":"Produkte","item":"https:\/\/www.daisho.be\/de\/produkte\/"},{"@type":"ListItem","position":3,"name":"Ausr\u00fcstung und Kleidung f\u00fcr Kampfkunst und Kampfsport","item":"https:\/\/www.daisho.be\/de\/categorie-produit\/ausrustung-und-kleidung-fur-kampfkunst-und-kampfsport\/"},{"@type":"ListItem","position":4,"name":"Karate","item":"https:\/\/www.daisho.be\/de\/categorie-produit\/ausrustung-und-kleidung-fur-kampfkunst-und-kampfsport\/karate-de-2\/"},{"@type":"ListItem","position":5,"name":"Karate Trainingsmaterial","item":"https:\/\/www.daisho.be\/de\/categorie-produit\/ausrustung-und-kleidung-fur-kampfkunst-und-kampfsport\/karate-de-2\/karate-trainingsmaterial\/"},{"@type":"ListItem","position":6,"name":"SPRINGSEIL STAHL 300 CM SCHWARZ"}]},{"@type":"WebSite","@id":"https:\/\/www.daisho.be\/de\/#website","url":"https:\/\/www.daisho.be\/de\/","name":"Daisho","description":"Sp&eacute;cialiste de l'&eacute;quipement sportif d'arts martiaux","publisher":{"@id":"https:\/\/www.daisho.be\/de\/#organization"},"potentialAction":[{"@type":"SearchAction","target":{"@type":"EntryPoint","urlTemplate":"https:\/\/www.daisho.be\/de\/?s={search_term_string}"},"query-input":{"@type":"PropertyValueSpecification","valueRequired":true,"valueName":"search_term_string"}}],"inLanguage":"de"},{"@type":"Organization","@id":"https:\/\/www.daisho.be\/de\/#organization","name":"Daisho","url":"https:\/\/www.daisho.be\/de\/","logo":{"@type":"ImageObject","inLanguage":"de","@id":"https:\/\/www.daisho.be\/de\/#\/schema\/logo\/image\/","url":"https:\/\/www.daisho.be\/wp-content\/uploads\/2019\/07\/color-nothing-horizontale4x-e1564486100247.png","contentUrl":"https:\/\/www.daisho.be\/wp-content\/uploads\/2019\/07\/color-nothing-horizontale4x-e1564486100247.png","width":1547,"height":385,"caption":"Daisho"},"image":{"@id":"https:\/\/www.daisho.be\/de\/#\/schema\/logo\/image\/"}}]}},"_links":{"self":[{"href":"https:\/\/www.daisho.be\/de\/wp-json\/wp\/v2\/product\/453404","targetHints":{"allow":["GET"]}}],"collection":[{"href":"https:\/\/www.daisho.be\/de\/wp-json\/wp\/v2\/product"}],"about":[{"href":"https:\/\/www.daisho.be\/de\/wp-json\/wp\/v2\/types\/product"}],"replies":[{"embeddable":true,"href":"https:\/\/www.daisho.be\/de\/wp-json\/wp\/v2\/comments?post=453404"}],"wp:featuredmedia":[{"embeddable":true,"href":"https:\/\/www.daisho.be\/de\/wp-json\/wp\/v2\/media\/453407"}],"wp:attachment":[{"href":"https:\/\/www.daisho.be\/de\/wp-json\/wp\/v2\/media?parent=453404"}],"wp:term":[{"taxonomy":"product_brand","embeddable":true,"href":"https:\/\/www.daisho.be\/de\/wp-json\/wp\/v2\/product_brand?post=453404"},{"taxonomy":"product_cat","embeddable":true,"href":"https:\/\/www.daisho.be\/de\/wp-json\/wp\/v2\/product_cat?post=453404"},{"taxonomy":"product_tag","embeddable":true,"href":"https:\/\/www.daisho.be\/de\/wp-json\/wp\/v2\/product_tag?post=453404"},{"taxonomy":"sport","embeddable":true,"href":"https:\/\/www.daisho.be\/de\/wp-json\/wp\/v2\/sport?post=453404"}],"curies":[{"name":"wp","href":"https:\/\/api.w.org\/{rel}","templated":true}]}}