{"id":453352,"date":"2020-04-21T01:28:52","date_gmt":"2020-04-20T23:28:52","guid":{"rendered":"https:\/\/www.daisho.be\/produit\/boxstation\/"},"modified":"2026-01-08T11:25:47","modified_gmt":"2026-01-08T10:25:47","slug":"boxstation","status":"publish","type":"product","link":"https:\/\/www.daisho.be\/de\/produit\/boxstation\/","title":{"rendered":"BOXSTATION"},"content":{"rendered":"<p>Boxing Stand Power. Boxstation<br \/>\nAbmessungen: 146 x 120 x 206 cm,<br \/>\nGewicht: 70kg,<br \/>\nHergestellt aus hochdichtem Schaumstoff und 80 x 80 mm Stahlrohren.<\/p>\n<p>&#8211; Ein sehr vielseitiges Ger\u00e4t, das eine Vielzahl von Trainingsm\u00f6glichkeiten bietet, um Ihre Geschwindigkeit, Ausdauer und Koordination zu verbessern.<br \/>\n&#8211; 5 mm St\u00fctzbasis aus lackiertem Stahl mit S\u00e4ulenbefestigung.<br \/>\n&#8211; PU-Impaktkomponenten mit hoher Dichte.<br \/>\n&#8211; Kontaktzonen mit Federn, um den Aufprall aufzunehmen und zu absorbieren.<br \/>\n&#8211; 13 Kontaktzonen.<br \/>\n&#8211; Nummerierte Felder<\/p>\n<p>Transportkosten sind der Bestellung hinzuzuf\u00fcgen.<\/p>\n","protected":false},"excerpt":{"rendered":"<p>Boxing Stand Power. Boxstation Abmessungen: 146 x 120 x 206 cm, Gewicht: 70kg, Hergestellt aus hochdichtem Schaumstoff und 80 x 80 mm Stahlrohren. &#8211; Ein sehr vielseitiges Ger\u00e4t, das eine Vielzahl von Trainingsm\u00f6glichkeiten bietet, um Ihre Geschwindigkeit, Ausdauer und Koordination zu verbessern. &#8211; 5 mm St\u00fctzbasis aus lackiertem Stahl mit S\u00e4ulenbefestigung. &#8211; PU-Impaktkomponenten mit hoher [&hellip;]<\/p>\n","protected":false},"featured_media":453355,"comment_status":"open","ping_status":"closed","template":"","meta":{"inline_featured_image":false},"product_brand":[],"product_cat":[2132,2100,2043],"product_tag":[2223],"sport":[446,431],"class_list":{"0":"post-453352","1":"product","2":"type-product","3":"status-publish","4":"has-post-thumbnail","6":"product_cat-boxsacke","7":"product_cat-mma-trainingsmaterial","8":"product_cat-trainingsmaterial-boxen","9":"product_tag-ellipse-de","10":"product_shipping_class-schwere-produkte","11":"pa_size-sans-taille-defaut","12":"sport-boxe","13":"sport-mma","15":"first","16":"onbackorder","17":"taxable","18":"shipping-taxable","19":"purchasable","20":"product-type-simple"},"yoast_head":"<!-- This site is optimized with the Yoast SEO plugin v27.2 - https:\/\/yoast.com\/product\/yoast-seo-wordpress\/ -->\n<title>BOXSTATION &#8211; Daisho<\/title>\n<meta name=\"description\" content=\"Ein sehr vielseitiges Ger\u00e4t, das eine Vielzahl von Trainingsm\u00f6glichkeiten bietet, um Ihre Geschwindigkeit, Ausdauer und Koordination zu verbessern.\" \/>\n<meta name=\"robots\" content=\"index, follow, max-snippet:-1, max-image-preview:large, max-video-preview:-1\" \/>\n<link rel=\"canonical\" href=\"https:\/\/www.daisho.be\/de\/produit\/boxstation\/\" \/>\n<meta property=\"og:locale\" content=\"de_DE\" \/>\n<meta property=\"og:type\" content=\"article\" \/>\n<meta property=\"og:title\" content=\"BOXSTATION &#8211; Daisho\" \/>\n<meta property=\"og:description\" content=\"Ein sehr vielseitiges Ger\u00e4t, das eine Vielzahl von Trainingsm\u00f6glichkeiten bietet, um Ihre Geschwindigkeit, Ausdauer und Koordination zu verbessern.\" \/>\n<meta property=\"og:url\" content=\"https:\/\/www.daisho.be\/de\/produit\/boxstation\/\" \/>\n<meta property=\"og:site_name\" content=\"Daisho\" \/>\n<meta property=\"article:modified_time\" content=\"2026-01-08T10:25:47+00:00\" \/>\n<meta property=\"og:image\" content=\"https:\/\/www.daisho.be\/wp-content\/uploads\/2024\/05\/image-20.jpg\" \/>\n\t<meta property=\"og:image:width\" content=\"1000\" \/>\n\t<meta property=\"og:image:height\" content=\"1000\" \/>\n\t<meta property=\"og:image:type\" content=\"image\/jpeg\" \/>\n<meta name=\"twitter:card\" content=\"summary_large_image\" \/>\n<script type=\"application\/ld+json\" class=\"yoast-schema-graph\">{\"@context\":\"https:\/\/schema.org\",\"@graph\":[{\"@type\":\"WebPage\",\"@id\":\"https:\/\/www.daisho.be\/de\/produit\/boxstation\/\",\"url\":\"https:\/\/www.daisho.be\/de\/produit\/boxstation\/\",\"name\":\"BOXSTATION &#8211; Daisho\",\"isPartOf\":{\"@id\":\"https:\/\/www.daisho.be\/de\/#website\"},\"primaryImageOfPage\":{\"@id\":\"https:\/\/www.daisho.be\/de\/produit\/boxstation\/#primaryimage\"},\"image\":{\"@id\":\"https:\/\/www.daisho.be\/de\/produit\/boxstation\/#primaryimage\"},\"thumbnailUrl\":\"https:\/\/www.daisho.be\/wp-content\/uploads\/2024\/05\/image-20.jpg\",\"datePublished\":\"2020-04-20T23:28:52+00:00\",\"dateModified\":\"2026-01-08T10:25:47+00:00\",\"description\":\"Ein sehr vielseitiges Ger\u00e4t, das eine Vielzahl von Trainingsm\u00f6glichkeiten bietet, um Ihre Geschwindigkeit, Ausdauer und Koordination zu verbessern.\",\"breadcrumb\":{\"@id\":\"https:\/\/www.daisho.be\/de\/produit\/boxstation\/#breadcrumb\"},\"inLanguage\":\"de\",\"potentialAction\":[{\"@type\":\"ReadAction\",\"target\":[\"https:\/\/www.daisho.be\/de\/produit\/boxstation\/\"]}]},{\"@type\":\"ImageObject\",\"inLanguage\":\"de\",\"@id\":\"https:\/\/www.daisho.be\/de\/produit\/boxstation\/#primaryimage\",\"url\":\"https:\/\/www.daisho.be\/wp-content\/uploads\/2024\/05\/image-20.jpg\",\"contentUrl\":\"https:\/\/www.daisho.be\/wp-content\/uploads\/2024\/05\/image-20.jpg\",\"width\":1000,\"height\":1000,\"caption\":\"BOXSTATION-1\"},{\"@type\":\"BreadcrumbList\",\"@id\":\"https:\/\/www.daisho.be\/de\/produit\/boxstation\/#breadcrumb\",\"itemListElement\":[{\"@type\":\"ListItem\",\"position\":1,\"name\":\"Accueil\",\"item\":\"https:\/\/www.daisho.be\/de\/\"},{\"@type\":\"ListItem\",\"position\":2,\"name\":\"Produkte\",\"item\":\"https:\/\/www.daisho.be\/de\/produkte\/\"},{\"@type\":\"ListItem\",\"position\":3,\"name\":\"Kampfsportarten\",\"item\":\"https:\/\/www.daisho.be\/de\/categorie-produit\/kampfsportarten\/\"},{\"@type\":\"ListItem\",\"position\":4,\"name\":\"Boxs\u00e4cke\",\"item\":\"https:\/\/www.daisho.be\/de\/categorie-produit\/kampfsportarten\/boxsacke\/\"},{\"@type\":\"ListItem\",\"position\":5,\"name\":\"BOXSTATION\"}]},{\"@type\":\"WebSite\",\"@id\":\"https:\/\/www.daisho.be\/de\/#website\",\"url\":\"https:\/\/www.daisho.be\/de\/\",\"name\":\"Daisho\",\"description\":\"Sp&eacute;cialiste de l'&eacute;quipement sportif d'arts martiaux\",\"publisher\":{\"@id\":\"https:\/\/www.daisho.be\/de\/#organization\"},\"potentialAction\":[{\"@type\":\"SearchAction\",\"target\":{\"@type\":\"EntryPoint\",\"urlTemplate\":\"https:\/\/www.daisho.be\/de\/?s={search_term_string}\"},\"query-input\":{\"@type\":\"PropertyValueSpecification\",\"valueRequired\":true,\"valueName\":\"search_term_string\"}}],\"inLanguage\":\"de\"},{\"@type\":\"Organization\",\"@id\":\"https:\/\/www.daisho.be\/de\/#organization\",\"name\":\"Daisho\",\"url\":\"https:\/\/www.daisho.be\/de\/\",\"logo\":{\"@type\":\"ImageObject\",\"inLanguage\":\"de\",\"@id\":\"https:\/\/www.daisho.be\/de\/#\/schema\/logo\/image\/\",\"url\":\"https:\/\/www.daisho.be\/wp-content\/uploads\/2019\/07\/color-nothing-horizontale4x-e1564486100247.png\",\"contentUrl\":\"https:\/\/www.daisho.be\/wp-content\/uploads\/2019\/07\/color-nothing-horizontale4x-e1564486100247.png\",\"width\":1547,\"height\":385,\"caption\":\"Daisho\"},\"image\":{\"@id\":\"https:\/\/www.daisho.be\/de\/#\/schema\/logo\/image\/\"}}]}<\/script>\n<!-- \/ Yoast SEO plugin. -->","yoast_head_json":{"title":"BOXSTATION &#8211; Daisho","description":"Ein sehr vielseitiges Ger\u00e4t, das eine Vielzahl von Trainingsm\u00f6glichkeiten bietet, um Ihre Geschwindigkeit, Ausdauer und Koordination zu verbessern.","robots":{"index":"index","follow":"follow","max-snippet":"max-snippet:-1","max-image-preview":"max-image-preview:large","max-video-preview":"max-video-preview:-1"},"canonical":"https:\/\/www.daisho.be\/de\/produit\/boxstation\/","og_locale":"de_DE","og_type":"article","og_title":"BOXSTATION &#8211; Daisho","og_description":"Ein sehr vielseitiges Ger\u00e4t, das eine Vielzahl von Trainingsm\u00f6glichkeiten bietet, um Ihre Geschwindigkeit, Ausdauer und Koordination zu verbessern.","og_url":"https:\/\/www.daisho.be\/de\/produit\/boxstation\/","og_site_name":"Daisho","article_modified_time":"2026-01-08T10:25:47+00:00","og_image":[{"width":1000,"height":1000,"url":"https:\/\/www.daisho.be\/wp-content\/uploads\/2024\/05\/image-20.jpg","type":"image\/jpeg"}],"twitter_card":"summary_large_image","schema":{"@context":"https:\/\/schema.org","@graph":[{"@type":"WebPage","@id":"https:\/\/www.daisho.be\/de\/produit\/boxstation\/","url":"https:\/\/www.daisho.be\/de\/produit\/boxstation\/","name":"BOXSTATION &#8211; Daisho","isPartOf":{"@id":"https:\/\/www.daisho.be\/de\/#website"},"primaryImageOfPage":{"@id":"https:\/\/www.daisho.be\/de\/produit\/boxstation\/#primaryimage"},"image":{"@id":"https:\/\/www.daisho.be\/de\/produit\/boxstation\/#primaryimage"},"thumbnailUrl":"https:\/\/www.daisho.be\/wp-content\/uploads\/2024\/05\/image-20.jpg","datePublished":"2020-04-20T23:28:52+00:00","dateModified":"2026-01-08T10:25:47+00:00","description":"Ein sehr vielseitiges Ger\u00e4t, das eine Vielzahl von Trainingsm\u00f6glichkeiten bietet, um Ihre Geschwindigkeit, Ausdauer und Koordination zu verbessern.","breadcrumb":{"@id":"https:\/\/www.daisho.be\/de\/produit\/boxstation\/#breadcrumb"},"inLanguage":"de","potentialAction":[{"@type":"ReadAction","target":["https:\/\/www.daisho.be\/de\/produit\/boxstation\/"]}]},{"@type":"ImageObject","inLanguage":"de","@id":"https:\/\/www.daisho.be\/de\/produit\/boxstation\/#primaryimage","url":"https:\/\/www.daisho.be\/wp-content\/uploads\/2024\/05\/image-20.jpg","contentUrl":"https:\/\/www.daisho.be\/wp-content\/uploads\/2024\/05\/image-20.jpg","width":1000,"height":1000,"caption":"BOXSTATION-1"},{"@type":"BreadcrumbList","@id":"https:\/\/www.daisho.be\/de\/produit\/boxstation\/#breadcrumb","itemListElement":[{"@type":"ListItem","position":1,"name":"Accueil","item":"https:\/\/www.daisho.be\/de\/"},{"@type":"ListItem","position":2,"name":"Produkte","item":"https:\/\/www.daisho.be\/de\/produkte\/"},{"@type":"ListItem","position":3,"name":"Kampfsportarten","item":"https:\/\/www.daisho.be\/de\/categorie-produit\/kampfsportarten\/"},{"@type":"ListItem","position":4,"name":"Boxs\u00e4cke","item":"https:\/\/www.daisho.be\/de\/categorie-produit\/kampfsportarten\/boxsacke\/"},{"@type":"ListItem","position":5,"name":"BOXSTATION"}]},{"@type":"WebSite","@id":"https:\/\/www.daisho.be\/de\/#website","url":"https:\/\/www.daisho.be\/de\/","name":"Daisho","description":"Sp&eacute;cialiste de l'&eacute;quipement sportif d'arts martiaux","publisher":{"@id":"https:\/\/www.daisho.be\/de\/#organization"},"potentialAction":[{"@type":"SearchAction","target":{"@type":"EntryPoint","urlTemplate":"https:\/\/www.daisho.be\/de\/?s={search_term_string}"},"query-input":{"@type":"PropertyValueSpecification","valueRequired":true,"valueName":"search_term_string"}}],"inLanguage":"de"},{"@type":"Organization","@id":"https:\/\/www.daisho.be\/de\/#organization","name":"Daisho","url":"https:\/\/www.daisho.be\/de\/","logo":{"@type":"ImageObject","inLanguage":"de","@id":"https:\/\/www.daisho.be\/de\/#\/schema\/logo\/image\/","url":"https:\/\/www.daisho.be\/wp-content\/uploads\/2019\/07\/color-nothing-horizontale4x-e1564486100247.png","contentUrl":"https:\/\/www.daisho.be\/wp-content\/uploads\/2019\/07\/color-nothing-horizontale4x-e1564486100247.png","width":1547,"height":385,"caption":"Daisho"},"image":{"@id":"https:\/\/www.daisho.be\/de\/#\/schema\/logo\/image\/"}}]}},"_links":{"self":[{"href":"https:\/\/www.daisho.be\/de\/wp-json\/wp\/v2\/product\/453352","targetHints":{"allow":["GET"]}}],"collection":[{"href":"https:\/\/www.daisho.be\/de\/wp-json\/wp\/v2\/product"}],"about":[{"href":"https:\/\/www.daisho.be\/de\/wp-json\/wp\/v2\/types\/product"}],"replies":[{"embeddable":true,"href":"https:\/\/www.daisho.be\/de\/wp-json\/wp\/v2\/comments?post=453352"}],"wp:featuredmedia":[{"embeddable":true,"href":"https:\/\/www.daisho.be\/de\/wp-json\/wp\/v2\/media\/453355"}],"wp:attachment":[{"href":"https:\/\/www.daisho.be\/de\/wp-json\/wp\/v2\/media?parent=453352"}],"wp:term":[{"taxonomy":"product_brand","embeddable":true,"href":"https:\/\/www.daisho.be\/de\/wp-json\/wp\/v2\/product_brand?post=453352"},{"taxonomy":"product_cat","embeddable":true,"href":"https:\/\/www.daisho.be\/de\/wp-json\/wp\/v2\/product_cat?post=453352"},{"taxonomy":"product_tag","embeddable":true,"href":"https:\/\/www.daisho.be\/de\/wp-json\/wp\/v2\/product_tag?post=453352"},{"taxonomy":"sport","embeddable":true,"href":"https:\/\/www.daisho.be\/de\/wp-json\/wp\/v2\/sport?post=453352"}],"curies":[{"name":"wp","href":"https:\/\/api.w.org\/{rel}","templated":true}]}}