{"id":453267,"date":"2020-05-16T21:11:02","date_gmt":"2020-05-16T19:11:02","guid":{"rendered":"https:\/\/www.daisho.be\/produit\/vitaminkomplex\/"},"modified":"2020-05-16T21:11:02","modified_gmt":"2020-05-16T19:11:02","slug":"vitaminkomplex","status":"publish","type":"product","link":"https:\/\/www.daisho.be\/de\/produit\/vitaminkomplex\/","title":{"rendered":"VITAMINKOMPLEX"},"content":{"rendered":"<p>Vitamine sind f\u00fcr jeden Menschen wichtig. Deshalb ist unser VITAMIN KOMPLEX das ideale Produkt f\u00fcr jeden, der seinen Vitaminbedarf decken m\u00f6chte, um Mangelerscheinungen zu vermeiden und M\u00fcdigkeit zu bek\u00e4mpfen.<br \/>\nAls Sportler k\u00f6nnen Sie mit VITAMIN KOMPLEX Ihre k\u00f6rperliche Leistungsf\u00e4higkeit, Ihre Vitalit\u00e4t und damit auch Ihr Muskelwachstum maximieren. VITAMIN KOMPLEX spielt eine Rolle bei der Erholung, da es eine gro\u00dfe Anzahl von Vitaminen f\u00fcr Ihren K\u00f6rper bereitstellt. Das Coenzym Q10 hat eine antioxidative Wirkung und bek\u00e4mpft oxidativen Stress.<br \/>\nVorteile:<br \/>\n&#8211; Eine ultrakondensierte Formel, eine einzige Kapsel f\u00fcr eine gro\u00dfe Vitaminzufuhr<br \/>\n&#8211; Bek\u00e4mpft die t\u00e4gliche M\u00fcdigkeit und Mangelerscheinungen<br \/>\n&#8211; Optimiert die K\u00f6rperfunktionen und damit die Erholung.<br \/>\n&#8211; ANTIOXYDANTE WIRKUNG DURCH Q10.<br \/>\nZutaten: Vitamin C, Geliermittel: Magnesiumstearat, Coenzym Q10, Vitamin E, Vitamin B3, Trennmittel: Siliciumdioxid, Vitamin B5, Vitamin A, Vitamin B6, Vitamin D3, Vitamin B12, Vitamin B1, Vitamin B2, Vitamin B9, Vitamin B8, Kapselinhaltsstoff: Gelatine, Farbstoff: Titandioxid. Kann Spuren von Sojamilch, Gluten, Eiern, Fisch, Schalentieren und Sulfiten enthalten.<br \/>\nVitamin C tr\u00e4gt zur Verringerung von M\u00fcdigkeit und Erm\u00fcdung bei. Vitamin C tr\u00e4gt zu einem normalen Energiestoffwechsel bei.    <\/p>\n","protected":false},"excerpt":{"rendered":"<p>Vitamine sind f\u00fcr jeden Menschen wichtig. Deshalb ist unser VITAMIN KOMPLEX das ideale Produkt f\u00fcr jeden, der seinen Vitaminbedarf decken m\u00f6chte, um Mangelerscheinungen zu vermeiden und M\u00fcdigkeit zu bek\u00e4mpfen. Als Sportler k\u00f6nnen Sie mit VITAMIN KOMPLEX Ihre k\u00f6rperliche Leistungsf\u00e4higkeit, Ihre Vitalit\u00e4t und damit auch Ihr Muskelwachstum maximieren. VITAMIN KOMPLEX spielt eine Rolle bei der Erholung, [&hellip;]<\/p>\n","protected":false},"featured_media":453270,"comment_status":"open","ping_status":"closed","template":"","meta":{"inline_featured_image":false},"product_brand":[],"product_cat":[2218],"product_tag":[2194],"sport":[],"class_list":{"0":"post-453267","1":"product","2":"type-product","3":"status-publish","4":"has-post-thumbnail","6":"product_cat-vitamine-de","7":"product_tag-protech-evolution-de","8":"pa_size-sans-taille-defaut","10":"first","11":"instock","12":"taxable","13":"shipping-taxable","14":"purchasable","15":"product-type-variable"},"yoast_head":"<!-- This site is optimized with the Yoast SEO plugin v27.2 - https:\/\/yoast.com\/product\/yoast-seo-wordpress\/ -->\n<title>VITAMINKOMPLEX &#8211; Daisho<\/title>\n<meta name=\"robots\" content=\"index, follow, max-snippet:-1, max-image-preview:large, max-video-preview:-1\" \/>\n<link rel=\"canonical\" href=\"https:\/\/www.daisho.be\/de\/produit\/vitaminkomplex\/\" \/>\n<meta property=\"og:locale\" content=\"de_DE\" \/>\n<meta property=\"og:type\" content=\"article\" \/>\n<meta property=\"og:title\" content=\"VITAMINKOMPLEX &#8211; Daisho\" \/>\n<meta property=\"og:description\" content=\"Vitamine sind f\u00fcr jeden Menschen wichtig. Deshalb ist unser VITAMIN KOMPLEX das ideale Produkt f\u00fcr jeden, der seinen Vitaminbedarf decken m\u00f6chte, um Mangelerscheinungen zu vermeiden und M\u00fcdigkeit zu bek\u00e4mpfen. Als Sportler k\u00f6nnen Sie mit VITAMIN KOMPLEX Ihre k\u00f6rperliche Leistungsf\u00e4higkeit, Ihre Vitalit\u00e4t und damit auch Ihr Muskelwachstum maximieren. VITAMIN KOMPLEX spielt eine Rolle bei der Erholung, [&hellip;]\" \/>\n<meta property=\"og:url\" content=\"https:\/\/www.daisho.be\/de\/produit\/vitaminkomplex\/\" \/>\n<meta property=\"og:site_name\" content=\"Daisho\" \/>\n<meta property=\"og:image\" content=\"https:\/\/www.daisho.be\/wp-content\/uploads\/2022\/01\/image-9.png\" \/>\n\t<meta property=\"og:image:width\" content=\"713\" \/>\n\t<meta property=\"og:image:height\" content=\"844\" \/>\n\t<meta property=\"og:image:type\" content=\"image\/png\" \/>\n<meta name=\"twitter:card\" content=\"summary_large_image\" \/>\n<meta name=\"twitter:label1\" content=\"Gesch\u00e4tzte Lesezeit\" \/>\n\t<meta name=\"twitter:data1\" content=\"1\u00a0Minute\" \/>\n<script type=\"application\/ld+json\" class=\"yoast-schema-graph\">{\"@context\":\"https:\/\/schema.org\",\"@graph\":[{\"@type\":\"WebPage\",\"@id\":\"https:\/\/www.daisho.be\/de\/produit\/vitaminkomplex\/\",\"url\":\"https:\/\/www.daisho.be\/de\/produit\/vitaminkomplex\/\",\"name\":\"VITAMINKOMPLEX &#8211; Daisho\",\"isPartOf\":{\"@id\":\"https:\/\/www.daisho.be\/de\/#website\"},\"primaryImageOfPage\":{\"@id\":\"https:\/\/www.daisho.be\/de\/produit\/vitaminkomplex\/#primaryimage\"},\"image\":{\"@id\":\"https:\/\/www.daisho.be\/de\/produit\/vitaminkomplex\/#primaryimage\"},\"thumbnailUrl\":\"https:\/\/www.daisho.be\/wp-content\/uploads\/2022\/01\/image-9.png\",\"datePublished\":\"2020-05-16T19:11:02+00:00\",\"breadcrumb\":{\"@id\":\"https:\/\/www.daisho.be\/de\/produit\/vitaminkomplex\/#breadcrumb\"},\"inLanguage\":\"de\",\"potentialAction\":[{\"@type\":\"ReadAction\",\"target\":[\"https:\/\/www.daisho.be\/de\/produit\/vitaminkomplex\/\"]}]},{\"@type\":\"ImageObject\",\"inLanguage\":\"de\",\"@id\":\"https:\/\/www.daisho.be\/de\/produit\/vitaminkomplex\/#primaryimage\",\"url\":\"https:\/\/www.daisho.be\/wp-content\/uploads\/2022\/01\/image-9.png\",\"contentUrl\":\"https:\/\/www.daisho.be\/wp-content\/uploads\/2022\/01\/image-9.png\",\"width\":713,\"height\":844},{\"@type\":\"BreadcrumbList\",\"@id\":\"https:\/\/www.daisho.be\/de\/produit\/vitaminkomplex\/#breadcrumb\",\"itemListElement\":[{\"@type\":\"ListItem\",\"position\":1,\"name\":\"Accueil\",\"item\":\"https:\/\/www.daisho.be\/de\/\"},{\"@type\":\"ListItem\",\"position\":2,\"name\":\"Produkte\",\"item\":\"https:\/\/www.daisho.be\/de\/produkte\/\"},{\"@type\":\"ListItem\",\"position\":3,\"name\":\"Sportnahrung\",\"item\":\"https:\/\/www.daisho.be\/de\/categorie-produit\/sportnahrung\/\"},{\"@type\":\"ListItem\",\"position\":4,\"name\":\"Vitamine\",\"item\":\"https:\/\/www.daisho.be\/de\/categorie-produit\/sportnahrung\/vitamine-de\/\"},{\"@type\":\"ListItem\",\"position\":5,\"name\":\"VITAMINKOMPLEX\"}]},{\"@type\":\"WebSite\",\"@id\":\"https:\/\/www.daisho.be\/de\/#website\",\"url\":\"https:\/\/www.daisho.be\/de\/\",\"name\":\"Daisho\",\"description\":\"Sp&eacute;cialiste de l'&eacute;quipement sportif d'arts martiaux\",\"publisher\":{\"@id\":\"https:\/\/www.daisho.be\/de\/#organization\"},\"potentialAction\":[{\"@type\":\"SearchAction\",\"target\":{\"@type\":\"EntryPoint\",\"urlTemplate\":\"https:\/\/www.daisho.be\/de\/?s={search_term_string}\"},\"query-input\":{\"@type\":\"PropertyValueSpecification\",\"valueRequired\":true,\"valueName\":\"search_term_string\"}}],\"inLanguage\":\"de\"},{\"@type\":\"Organization\",\"@id\":\"https:\/\/www.daisho.be\/de\/#organization\",\"name\":\"Daisho\",\"url\":\"https:\/\/www.daisho.be\/de\/\",\"logo\":{\"@type\":\"ImageObject\",\"inLanguage\":\"de\",\"@id\":\"https:\/\/www.daisho.be\/de\/#\/schema\/logo\/image\/\",\"url\":\"https:\/\/www.daisho.be\/wp-content\/uploads\/2019\/07\/color-nothing-horizontale4x-e1564486100247.png\",\"contentUrl\":\"https:\/\/www.daisho.be\/wp-content\/uploads\/2019\/07\/color-nothing-horizontale4x-e1564486100247.png\",\"width\":1547,\"height\":385,\"caption\":\"Daisho\"},\"image\":{\"@id\":\"https:\/\/www.daisho.be\/de\/#\/schema\/logo\/image\/\"}}]}<\/script>\n<!-- \/ Yoast SEO plugin. -->","yoast_head_json":{"title":"VITAMINKOMPLEX &#8211; Daisho","robots":{"index":"index","follow":"follow","max-snippet":"max-snippet:-1","max-image-preview":"max-image-preview:large","max-video-preview":"max-video-preview:-1"},"canonical":"https:\/\/www.daisho.be\/de\/produit\/vitaminkomplex\/","og_locale":"de_DE","og_type":"article","og_title":"VITAMINKOMPLEX &#8211; Daisho","og_description":"Vitamine sind f\u00fcr jeden Menschen wichtig. Deshalb ist unser VITAMIN KOMPLEX das ideale Produkt f\u00fcr jeden, der seinen Vitaminbedarf decken m\u00f6chte, um Mangelerscheinungen zu vermeiden und M\u00fcdigkeit zu bek\u00e4mpfen. Als Sportler k\u00f6nnen Sie mit VITAMIN KOMPLEX Ihre k\u00f6rperliche Leistungsf\u00e4higkeit, Ihre Vitalit\u00e4t und damit auch Ihr Muskelwachstum maximieren. VITAMIN KOMPLEX spielt eine Rolle bei der Erholung, [&hellip;]","og_url":"https:\/\/www.daisho.be\/de\/produit\/vitaminkomplex\/","og_site_name":"Daisho","og_image":[{"width":713,"height":844,"url":"https:\/\/www.daisho.be\/wp-content\/uploads\/2022\/01\/image-9.png","type":"image\/png"}],"twitter_card":"summary_large_image","twitter_misc":{"Gesch\u00e4tzte Lesezeit":"1\u00a0Minute"},"schema":{"@context":"https:\/\/schema.org","@graph":[{"@type":"WebPage","@id":"https:\/\/www.daisho.be\/de\/produit\/vitaminkomplex\/","url":"https:\/\/www.daisho.be\/de\/produit\/vitaminkomplex\/","name":"VITAMINKOMPLEX &#8211; Daisho","isPartOf":{"@id":"https:\/\/www.daisho.be\/de\/#website"},"primaryImageOfPage":{"@id":"https:\/\/www.daisho.be\/de\/produit\/vitaminkomplex\/#primaryimage"},"image":{"@id":"https:\/\/www.daisho.be\/de\/produit\/vitaminkomplex\/#primaryimage"},"thumbnailUrl":"https:\/\/www.daisho.be\/wp-content\/uploads\/2022\/01\/image-9.png","datePublished":"2020-05-16T19:11:02+00:00","breadcrumb":{"@id":"https:\/\/www.daisho.be\/de\/produit\/vitaminkomplex\/#breadcrumb"},"inLanguage":"de","potentialAction":[{"@type":"ReadAction","target":["https:\/\/www.daisho.be\/de\/produit\/vitaminkomplex\/"]}]},{"@type":"ImageObject","inLanguage":"de","@id":"https:\/\/www.daisho.be\/de\/produit\/vitaminkomplex\/#primaryimage","url":"https:\/\/www.daisho.be\/wp-content\/uploads\/2022\/01\/image-9.png","contentUrl":"https:\/\/www.daisho.be\/wp-content\/uploads\/2022\/01\/image-9.png","width":713,"height":844},{"@type":"BreadcrumbList","@id":"https:\/\/www.daisho.be\/de\/produit\/vitaminkomplex\/#breadcrumb","itemListElement":[{"@type":"ListItem","position":1,"name":"Accueil","item":"https:\/\/www.daisho.be\/de\/"},{"@type":"ListItem","position":2,"name":"Produkte","item":"https:\/\/www.daisho.be\/de\/produkte\/"},{"@type":"ListItem","position":3,"name":"Sportnahrung","item":"https:\/\/www.daisho.be\/de\/categorie-produit\/sportnahrung\/"},{"@type":"ListItem","position":4,"name":"Vitamine","item":"https:\/\/www.daisho.be\/de\/categorie-produit\/sportnahrung\/vitamine-de\/"},{"@type":"ListItem","position":5,"name":"VITAMINKOMPLEX"}]},{"@type":"WebSite","@id":"https:\/\/www.daisho.be\/de\/#website","url":"https:\/\/www.daisho.be\/de\/","name":"Daisho","description":"Sp&eacute;cialiste de l'&eacute;quipement sportif d'arts martiaux","publisher":{"@id":"https:\/\/www.daisho.be\/de\/#organization"},"potentialAction":[{"@type":"SearchAction","target":{"@type":"EntryPoint","urlTemplate":"https:\/\/www.daisho.be\/de\/?s={search_term_string}"},"query-input":{"@type":"PropertyValueSpecification","valueRequired":true,"valueName":"search_term_string"}}],"inLanguage":"de"},{"@type":"Organization","@id":"https:\/\/www.daisho.be\/de\/#organization","name":"Daisho","url":"https:\/\/www.daisho.be\/de\/","logo":{"@type":"ImageObject","inLanguage":"de","@id":"https:\/\/www.daisho.be\/de\/#\/schema\/logo\/image\/","url":"https:\/\/www.daisho.be\/wp-content\/uploads\/2019\/07\/color-nothing-horizontale4x-e1564486100247.png","contentUrl":"https:\/\/www.daisho.be\/wp-content\/uploads\/2019\/07\/color-nothing-horizontale4x-e1564486100247.png","width":1547,"height":385,"caption":"Daisho"},"image":{"@id":"https:\/\/www.daisho.be\/de\/#\/schema\/logo\/image\/"}}]}},"_links":{"self":[{"href":"https:\/\/www.daisho.be\/de\/wp-json\/wp\/v2\/product\/453267","targetHints":{"allow":["GET"]}}],"collection":[{"href":"https:\/\/www.daisho.be\/de\/wp-json\/wp\/v2\/product"}],"about":[{"href":"https:\/\/www.daisho.be\/de\/wp-json\/wp\/v2\/types\/product"}],"replies":[{"embeddable":true,"href":"https:\/\/www.daisho.be\/de\/wp-json\/wp\/v2\/comments?post=453267"}],"wp:featuredmedia":[{"embeddable":true,"href":"https:\/\/www.daisho.be\/de\/wp-json\/wp\/v2\/media\/453270"}],"wp:attachment":[{"href":"https:\/\/www.daisho.be\/de\/wp-json\/wp\/v2\/media?parent=453267"}],"wp:term":[{"taxonomy":"product_brand","embeddable":true,"href":"https:\/\/www.daisho.be\/de\/wp-json\/wp\/v2\/product_brand?post=453267"},{"taxonomy":"product_cat","embeddable":true,"href":"https:\/\/www.daisho.be\/de\/wp-json\/wp\/v2\/product_cat?post=453267"},{"taxonomy":"product_tag","embeddable":true,"href":"https:\/\/www.daisho.be\/de\/wp-json\/wp\/v2\/product_tag?post=453267"},{"taxonomy":"sport","embeddable":true,"href":"https:\/\/www.daisho.be\/de\/wp-json\/wp\/v2\/sport?post=453267"}],"curies":[{"name":"wp","href":"https:\/\/api.w.org\/{rel}","templated":true}]}}