{"id":453237,"date":"2020-05-23T16:31:24","date_gmt":"2020-05-23T14:31:24","guid":{"rendered":"https:\/\/www.daisho.be\/produit\/wandhalterung-fuer-boxsack-l\/"},"modified":"2020-05-23T16:31:24","modified_gmt":"2020-05-23T14:31:24","slug":"wandhalterung-fuer-boxsack-l","status":"publish","type":"product","link":"https:\/\/www.daisho.be\/de\/produit\/wandhalterung-fuer-boxsack-l\/","title":{"rendered":"WANDHALTERUNG F\u00dcR BOXSACK L"},"content":{"rendered":"<p>Wandhalterung f\u00fcr einen Boxsack.<br \/>\nMa\u00dfe: 60 x 60 cm<br \/>\nMaterial: Stahl<\/p>\n","protected":false},"excerpt":{"rendered":"<p>Wandhalterung f\u00fcr einen Boxsack. Ma\u00dfe: 60 x 60 cm Material: Stahl<\/p>\n","protected":false},"featured_media":453241,"comment_status":"open","ping_status":"closed","template":"","meta":{"inline_featured_image":false},"product_brand":[],"product_cat":[2132,2055,2100,2043],"product_tag":[2053],"sport":[],"class_list":{"0":"post-453237","1":"product","2":"type-product","3":"status-publish","4":"has-post-thumbnail","6":"product_cat-boxsacke","7":"product_cat-karate-trainingsmaterial","8":"product_cat-mma-trainingsmaterial","9":"product_cat-trainingsmaterial-boxen","10":"product_tag-daisho-de","11":"pa_size-sans-taille","13":"first","14":"instock","15":"taxable","16":"shipping-taxable","17":"purchasable","18":"product-type-variable"},"yoast_head":"<!-- This site is optimized with the Yoast SEO plugin v27.2 - https:\/\/yoast.com\/product\/yoast-seo-wordpress\/ -->\n<title>WANDHALTERUNG F\u00dcR BOXSACK L &#8211; Daisho<\/title>\n<meta name=\"robots\" content=\"index, follow, max-snippet:-1, max-image-preview:large, max-video-preview:-1\" \/>\n<link rel=\"canonical\" href=\"https:\/\/www.daisho.be\/de\/produit\/wandhalterung-fuer-boxsack-l\/\" \/>\n<meta property=\"og:locale\" content=\"de_DE\" \/>\n<meta property=\"og:type\" content=\"article\" \/>\n<meta property=\"og:title\" content=\"WANDHALTERUNG F\u00dcR BOXSACK L &#8211; Daisho\" \/>\n<meta property=\"og:description\" content=\"Wandhalterung f\u00fcr einen Boxsack. Ma\u00dfe: 60 x 60 cm Material: Stahl\" \/>\n<meta property=\"og:url\" content=\"https:\/\/www.daisho.be\/de\/produit\/wandhalterung-fuer-boxsack-l\/\" \/>\n<meta property=\"og:site_name\" content=\"Daisho\" \/>\n<meta property=\"og:image\" content=\"https:\/\/www.daisho.be\/wp-content\/uploads\/2021\/01\/image.gif\" \/>\n\t<meta property=\"og:image:width\" content=\"260\" \/>\n\t<meta property=\"og:image:height\" content=\"260\" \/>\n\t<meta property=\"og:image:type\" content=\"image\/gif\" \/>\n<meta name=\"twitter:card\" content=\"summary_large_image\" \/>\n<script type=\"application\/ld+json\" class=\"yoast-schema-graph\">{\"@context\":\"https:\/\/schema.org\",\"@graph\":[{\"@type\":\"WebPage\",\"@id\":\"https:\/\/www.daisho.be\/de\/produit\/wandhalterung-fuer-boxsack-l\/\",\"url\":\"https:\/\/www.daisho.be\/de\/produit\/wandhalterung-fuer-boxsack-l\/\",\"name\":\"WANDHALTERUNG F\u00dcR BOXSACK L &#8211; Daisho\",\"isPartOf\":{\"@id\":\"https:\/\/www.daisho.be\/de\/#website\"},\"primaryImageOfPage\":{\"@id\":\"https:\/\/www.daisho.be\/de\/produit\/wandhalterung-fuer-boxsack-l\/#primaryimage\"},\"image\":{\"@id\":\"https:\/\/www.daisho.be\/de\/produit\/wandhalterung-fuer-boxsack-l\/#primaryimage\"},\"thumbnailUrl\":\"https:\/\/www.daisho.be\/wp-content\/uploads\/2021\/01\/image.gif\",\"datePublished\":\"2020-05-23T14:31:24+00:00\",\"breadcrumb\":{\"@id\":\"https:\/\/www.daisho.be\/de\/produit\/wandhalterung-fuer-boxsack-l\/#breadcrumb\"},\"inLanguage\":\"de\",\"potentialAction\":[{\"@type\":\"ReadAction\",\"target\":[\"https:\/\/www.daisho.be\/de\/produit\/wandhalterung-fuer-boxsack-l\/\"]}]},{\"@type\":\"ImageObject\",\"inLanguage\":\"de\",\"@id\":\"https:\/\/www.daisho.be\/de\/produit\/wandhalterung-fuer-boxsack-l\/#primaryimage\",\"url\":\"https:\/\/www.daisho.be\/wp-content\/uploads\/2021\/01\/image.gif\",\"contentUrl\":\"https:\/\/www.daisho.be\/wp-content\/uploads\/2021\/01\/image.gif\",\"width\":260,\"height\":260},{\"@type\":\"BreadcrumbList\",\"@id\":\"https:\/\/www.daisho.be\/de\/produit\/wandhalterung-fuer-boxsack-l\/#breadcrumb\",\"itemListElement\":[{\"@type\":\"ListItem\",\"position\":1,\"name\":\"Accueil\",\"item\":\"https:\/\/www.daisho.be\/de\/\"},{\"@type\":\"ListItem\",\"position\":2,\"name\":\"Produkte\",\"item\":\"https:\/\/www.daisho.be\/de\/produkte\/\"},{\"@type\":\"ListItem\",\"position\":3,\"name\":\"Ausr\u00fcstung und Kleidung f\u00fcr Kampfkunst und Kampfsport\",\"item\":\"https:\/\/www.daisho.be\/de\/categorie-produit\/ausrustung-und-kleidung-fur-kampfkunst-und-kampfsport\/\"},{\"@type\":\"ListItem\",\"position\":4,\"name\":\"Karate\",\"item\":\"https:\/\/www.daisho.be\/de\/categorie-produit\/ausrustung-und-kleidung-fur-kampfkunst-und-kampfsport\/karate-de-2\/\"},{\"@type\":\"ListItem\",\"position\":5,\"name\":\"Karate Trainingsmaterial\",\"item\":\"https:\/\/www.daisho.be\/de\/categorie-produit\/ausrustung-und-kleidung-fur-kampfkunst-und-kampfsport\/karate-de-2\/karate-trainingsmaterial\/\"},{\"@type\":\"ListItem\",\"position\":6,\"name\":\"WANDHALTERUNG F\u00dcR BOXSACK L\"}]},{\"@type\":\"WebSite\",\"@id\":\"https:\/\/www.daisho.be\/de\/#website\",\"url\":\"https:\/\/www.daisho.be\/de\/\",\"name\":\"Daisho\",\"description\":\"Sp&eacute;cialiste de l'&eacute;quipement sportif d'arts martiaux\",\"publisher\":{\"@id\":\"https:\/\/www.daisho.be\/de\/#organization\"},\"potentialAction\":[{\"@type\":\"SearchAction\",\"target\":{\"@type\":\"EntryPoint\",\"urlTemplate\":\"https:\/\/www.daisho.be\/de\/?s={search_term_string}\"},\"query-input\":{\"@type\":\"PropertyValueSpecification\",\"valueRequired\":true,\"valueName\":\"search_term_string\"}}],\"inLanguage\":\"de\"},{\"@type\":\"Organization\",\"@id\":\"https:\/\/www.daisho.be\/de\/#organization\",\"name\":\"Daisho\",\"url\":\"https:\/\/www.daisho.be\/de\/\",\"logo\":{\"@type\":\"ImageObject\",\"inLanguage\":\"de\",\"@id\":\"https:\/\/www.daisho.be\/de\/#\/schema\/logo\/image\/\",\"url\":\"https:\/\/www.daisho.be\/wp-content\/uploads\/2019\/07\/color-nothing-horizontale4x-e1564486100247.png\",\"contentUrl\":\"https:\/\/www.daisho.be\/wp-content\/uploads\/2019\/07\/color-nothing-horizontale4x-e1564486100247.png\",\"width\":1547,\"height\":385,\"caption\":\"Daisho\"},\"image\":{\"@id\":\"https:\/\/www.daisho.be\/de\/#\/schema\/logo\/image\/\"}}]}<\/script>\n<!-- \/ Yoast SEO plugin. -->","yoast_head_json":{"title":"WANDHALTERUNG F\u00dcR BOXSACK L &#8211; Daisho","robots":{"index":"index","follow":"follow","max-snippet":"max-snippet:-1","max-image-preview":"max-image-preview:large","max-video-preview":"max-video-preview:-1"},"canonical":"https:\/\/www.daisho.be\/de\/produit\/wandhalterung-fuer-boxsack-l\/","og_locale":"de_DE","og_type":"article","og_title":"WANDHALTERUNG F\u00dcR BOXSACK L &#8211; Daisho","og_description":"Wandhalterung f\u00fcr einen Boxsack. Ma\u00dfe: 60 x 60 cm Material: Stahl","og_url":"https:\/\/www.daisho.be\/de\/produit\/wandhalterung-fuer-boxsack-l\/","og_site_name":"Daisho","og_image":[{"width":260,"height":260,"url":"https:\/\/www.daisho.be\/wp-content\/uploads\/2021\/01\/image.gif","type":"image\/gif"}],"twitter_card":"summary_large_image","schema":{"@context":"https:\/\/schema.org","@graph":[{"@type":"WebPage","@id":"https:\/\/www.daisho.be\/de\/produit\/wandhalterung-fuer-boxsack-l\/","url":"https:\/\/www.daisho.be\/de\/produit\/wandhalterung-fuer-boxsack-l\/","name":"WANDHALTERUNG F\u00dcR BOXSACK L &#8211; Daisho","isPartOf":{"@id":"https:\/\/www.daisho.be\/de\/#website"},"primaryImageOfPage":{"@id":"https:\/\/www.daisho.be\/de\/produit\/wandhalterung-fuer-boxsack-l\/#primaryimage"},"image":{"@id":"https:\/\/www.daisho.be\/de\/produit\/wandhalterung-fuer-boxsack-l\/#primaryimage"},"thumbnailUrl":"https:\/\/www.daisho.be\/wp-content\/uploads\/2021\/01\/image.gif","datePublished":"2020-05-23T14:31:24+00:00","breadcrumb":{"@id":"https:\/\/www.daisho.be\/de\/produit\/wandhalterung-fuer-boxsack-l\/#breadcrumb"},"inLanguage":"de","potentialAction":[{"@type":"ReadAction","target":["https:\/\/www.daisho.be\/de\/produit\/wandhalterung-fuer-boxsack-l\/"]}]},{"@type":"ImageObject","inLanguage":"de","@id":"https:\/\/www.daisho.be\/de\/produit\/wandhalterung-fuer-boxsack-l\/#primaryimage","url":"https:\/\/www.daisho.be\/wp-content\/uploads\/2021\/01\/image.gif","contentUrl":"https:\/\/www.daisho.be\/wp-content\/uploads\/2021\/01\/image.gif","width":260,"height":260},{"@type":"BreadcrumbList","@id":"https:\/\/www.daisho.be\/de\/produit\/wandhalterung-fuer-boxsack-l\/#breadcrumb","itemListElement":[{"@type":"ListItem","position":1,"name":"Accueil","item":"https:\/\/www.daisho.be\/de\/"},{"@type":"ListItem","position":2,"name":"Produkte","item":"https:\/\/www.daisho.be\/de\/produkte\/"},{"@type":"ListItem","position":3,"name":"Ausr\u00fcstung und Kleidung f\u00fcr Kampfkunst und Kampfsport","item":"https:\/\/www.daisho.be\/de\/categorie-produit\/ausrustung-und-kleidung-fur-kampfkunst-und-kampfsport\/"},{"@type":"ListItem","position":4,"name":"Karate","item":"https:\/\/www.daisho.be\/de\/categorie-produit\/ausrustung-und-kleidung-fur-kampfkunst-und-kampfsport\/karate-de-2\/"},{"@type":"ListItem","position":5,"name":"Karate Trainingsmaterial","item":"https:\/\/www.daisho.be\/de\/categorie-produit\/ausrustung-und-kleidung-fur-kampfkunst-und-kampfsport\/karate-de-2\/karate-trainingsmaterial\/"},{"@type":"ListItem","position":6,"name":"WANDHALTERUNG F\u00dcR BOXSACK L"}]},{"@type":"WebSite","@id":"https:\/\/www.daisho.be\/de\/#website","url":"https:\/\/www.daisho.be\/de\/","name":"Daisho","description":"Sp&eacute;cialiste de l'&eacute;quipement sportif d'arts martiaux","publisher":{"@id":"https:\/\/www.daisho.be\/de\/#organization"},"potentialAction":[{"@type":"SearchAction","target":{"@type":"EntryPoint","urlTemplate":"https:\/\/www.daisho.be\/de\/?s={search_term_string}"},"query-input":{"@type":"PropertyValueSpecification","valueRequired":true,"valueName":"search_term_string"}}],"inLanguage":"de"},{"@type":"Organization","@id":"https:\/\/www.daisho.be\/de\/#organization","name":"Daisho","url":"https:\/\/www.daisho.be\/de\/","logo":{"@type":"ImageObject","inLanguage":"de","@id":"https:\/\/www.daisho.be\/de\/#\/schema\/logo\/image\/","url":"https:\/\/www.daisho.be\/wp-content\/uploads\/2019\/07\/color-nothing-horizontale4x-e1564486100247.png","contentUrl":"https:\/\/www.daisho.be\/wp-content\/uploads\/2019\/07\/color-nothing-horizontale4x-e1564486100247.png","width":1547,"height":385,"caption":"Daisho"},"image":{"@id":"https:\/\/www.daisho.be\/de\/#\/schema\/logo\/image\/"}}]}},"_links":{"self":[{"href":"https:\/\/www.daisho.be\/de\/wp-json\/wp\/v2\/product\/453237","targetHints":{"allow":["GET"]}}],"collection":[{"href":"https:\/\/www.daisho.be\/de\/wp-json\/wp\/v2\/product"}],"about":[{"href":"https:\/\/www.daisho.be\/de\/wp-json\/wp\/v2\/types\/product"}],"replies":[{"embeddable":true,"href":"https:\/\/www.daisho.be\/de\/wp-json\/wp\/v2\/comments?post=453237"}],"wp:featuredmedia":[{"embeddable":true,"href":"https:\/\/www.daisho.be\/de\/wp-json\/wp\/v2\/media\/453241"}],"wp:attachment":[{"href":"https:\/\/www.daisho.be\/de\/wp-json\/wp\/v2\/media?parent=453237"}],"wp:term":[{"taxonomy":"product_brand","embeddable":true,"href":"https:\/\/www.daisho.be\/de\/wp-json\/wp\/v2\/product_brand?post=453237"},{"taxonomy":"product_cat","embeddable":true,"href":"https:\/\/www.daisho.be\/de\/wp-json\/wp\/v2\/product_cat?post=453237"},{"taxonomy":"product_tag","embeddable":true,"href":"https:\/\/www.daisho.be\/de\/wp-json\/wp\/v2\/product_tag?post=453237"},{"taxonomy":"sport","embeddable":true,"href":"https:\/\/www.daisho.be\/de\/wp-json\/wp\/v2\/sport?post=453237"}],"curies":[{"name":"wp","href":"https:\/\/api.w.org\/{rel}","templated":true}]}}