{"id":453224,"date":"2020-05-27T11:04:57","date_gmt":"2020-05-27T09:04:57","guid":{"rendered":"https:\/\/www.daisho.be\/produit\/massagepistole-rot\/"},"modified":"2020-05-27T11:04:57","modified_gmt":"2020-05-27T09:04:57","slug":"massagepistole-rot","status":"publish","type":"product","link":"https:\/\/www.daisho.be\/de\/produit\/massagepistole-rot\/","title":{"rendered":"MASSAGEPISTOLE ROT"},"content":{"rendered":"<p>Die Massagepistolen von Swissplate folgen einem aktuellen Trend f\u00fcr den privaten Gebrauch als Massagehilfe.<br \/>\nTechnische Beschreibung:<br \/>\nDie Massagepistolen bewegen einen Massagekopf in verschiedenen Formen ca. 10mm auf einer Achse. Die Anwendung kann an jedem beliebigen K\u00f6rperteil mittels Druck, Geschwindigkeit und Varianz der Form des Massagekopfes erfolgen. Die Massagepistole V1 von SWISSPLATE folgte den folgenden Hauptpunkten: &#8211; Rote Lackierung in edlem Design oder Carbon Waterpaint-Look, &#8211; Batterie separat austausch- und aufladbar, &#8211; Ergonomischer Griff \u00fcber Batterie, &#8211; Hauptschalter an der Unterseite der Batterie, &#8211; Batteriestatus mittels farbiger Lichter auf der Batterie, &#8211; 6 Geschwindigkeitsstufen 20-53Hz, &#8211; Blaue LED-Anzeige auf der R\u00fcckseite, &#8211; AVC ca. 10 mm, &#8211; Lieferumfang 4 verschiedene K\u00f6pfe und Ladestation , Der Anwendungsbereich ist sehr vielseitig: &#8211; Schmerzbehandlung &#8211; Entspannung &#8211; Erh\u00f6hung der Flexibilit\u00e4t des K\u00f6rpers<br \/>\n&#8211; Stoffwechselunterst\u00fctzung<br \/>\nVerpackungsma\u00dfe: 36 x 28 x 9 cm<br \/>\nGewicht: 1100 gr<br \/>\nGer\u00e4tema\u00dfe: ca. 20 x 22 x 6 cm ohne Kopf. <\/p>\n","protected":false},"excerpt":{"rendered":"<p>Die Massagepistolen von Swissplate folgen einem aktuellen Trend f\u00fcr den privaten Gebrauch als Massagehilfe. Technische Beschreibung: Die Massagepistolen bewegen einen Massagekopf in verschiedenen Formen ca. 10mm auf einer Achse. Die Anwendung kann an jedem beliebigen K\u00f6rperteil mittels Druck, Geschwindigkeit und Varianz der Form des Massagekopfes erfolgen. Die Massagepistole V1 von SWISSPLATE folgte den folgenden Hauptpunkten: [&hellip;]<\/p>\n","protected":false},"featured_media":453227,"comment_status":"open","ping_status":"closed","template":"","meta":{"inline_featured_image":false},"product_brand":[],"product_cat":[2210],"product_tag":[2211],"sport":[],"class_list":{"0":"post-453224","1":"product","2":"type-product","3":"status-publish","4":"has-post-thumbnail","6":"product_cat-massage-therapie","7":"product_tag-swissplate-de","8":"pa_size-sans-taille","10":"first","11":"instock","12":"taxable","13":"shipping-taxable","14":"purchasable","15":"product-type-variable"},"yoast_head":"<!-- This site is optimized with the Yoast SEO plugin v27.2 - https:\/\/yoast.com\/product\/yoast-seo-wordpress\/ -->\n<title>MASSAGEPISTOLE ROT &#8211; Daisho<\/title>\n<meta name=\"robots\" content=\"index, follow, max-snippet:-1, max-image-preview:large, max-video-preview:-1\" \/>\n<link rel=\"canonical\" href=\"https:\/\/www.daisho.be\/de\/produit\/massagepistole-rot\/\" \/>\n<meta property=\"og:locale\" content=\"de_DE\" \/>\n<meta property=\"og:type\" content=\"article\" \/>\n<meta property=\"og:title\" content=\"MASSAGEPISTOLE ROT &#8211; Daisho\" \/>\n<meta property=\"og:description\" content=\"Die Massagepistolen von Swissplate folgen einem aktuellen Trend f\u00fcr den privaten Gebrauch als Massagehilfe. Technische Beschreibung: Die Massagepistolen bewegen einen Massagekopf in verschiedenen Formen ca. 10mm auf einer Achse. Die Anwendung kann an jedem beliebigen K\u00f6rperteil mittels Druck, Geschwindigkeit und Varianz der Form des Massagekopfes erfolgen. Die Massagepistole V1 von SWISSPLATE folgte den folgenden Hauptpunkten: [&hellip;]\" \/>\n<meta property=\"og:url\" content=\"https:\/\/www.daisho.be\/de\/produit\/massagepistole-rot\/\" \/>\n<meta property=\"og:site_name\" content=\"Daisho\" \/>\n<meta property=\"og:image\" content=\"https:\/\/www.daisho.be\/wp-content\/uploads\/2020\/05\/image-85.jpg\" \/>\n\t<meta property=\"og:image:width\" content=\"960\" \/>\n\t<meta property=\"og:image:height\" content=\"1280\" \/>\n\t<meta property=\"og:image:type\" content=\"image\/jpeg\" \/>\n<meta name=\"twitter:card\" content=\"summary_large_image\" \/>\n<meta name=\"twitter:label1\" content=\"Gesch\u00e4tzte Lesezeit\" \/>\n\t<meta name=\"twitter:data1\" content=\"1\u00a0Minute\" \/>\n<script type=\"application\/ld+json\" class=\"yoast-schema-graph\">{\"@context\":\"https:\/\/schema.org\",\"@graph\":[{\"@type\":\"WebPage\",\"@id\":\"https:\/\/www.daisho.be\/de\/produit\/massagepistole-rot\/\",\"url\":\"https:\/\/www.daisho.be\/de\/produit\/massagepistole-rot\/\",\"name\":\"MASSAGEPISTOLE ROT &#8211; Daisho\",\"isPartOf\":{\"@id\":\"https:\/\/www.daisho.be\/de\/#website\"},\"primaryImageOfPage\":{\"@id\":\"https:\/\/www.daisho.be\/de\/produit\/massagepistole-rot\/#primaryimage\"},\"image\":{\"@id\":\"https:\/\/www.daisho.be\/de\/produit\/massagepistole-rot\/#primaryimage\"},\"thumbnailUrl\":\"https:\/\/www.daisho.be\/wp-content\/uploads\/2020\/05\/image-85.jpg\",\"datePublished\":\"2020-05-27T09:04:57+00:00\",\"breadcrumb\":{\"@id\":\"https:\/\/www.daisho.be\/de\/produit\/massagepistole-rot\/#breadcrumb\"},\"inLanguage\":\"de\",\"potentialAction\":[{\"@type\":\"ReadAction\",\"target\":[\"https:\/\/www.daisho.be\/de\/produit\/massagepistole-rot\/\"]}]},{\"@type\":\"ImageObject\",\"inLanguage\":\"de\",\"@id\":\"https:\/\/www.daisho.be\/de\/produit\/massagepistole-rot\/#primaryimage\",\"url\":\"https:\/\/www.daisho.be\/wp-content\/uploads\/2020\/05\/image-85.jpg\",\"contentUrl\":\"https:\/\/www.daisho.be\/wp-content\/uploads\/2020\/05\/image-85.jpg\",\"width\":960,\"height\":1280},{\"@type\":\"BreadcrumbList\",\"@id\":\"https:\/\/www.daisho.be\/de\/produit\/massagepistole-rot\/#breadcrumb\",\"itemListElement\":[{\"@type\":\"ListItem\",\"position\":1,\"name\":\"Accueil\",\"item\":\"https:\/\/www.daisho.be\/de\/\"},{\"@type\":\"ListItem\",\"position\":2,\"name\":\"Produkte\",\"item\":\"https:\/\/www.daisho.be\/de\/produkte\/\"},{\"@type\":\"ListItem\",\"position\":3,\"name\":\"Sportlerpflege\",\"item\":\"https:\/\/www.daisho.be\/de\/categorie-produit\/sportlerpflege\/\"},{\"@type\":\"ListItem\",\"position\":4,\"name\":\"Massage-Therapie\",\"item\":\"https:\/\/www.daisho.be\/de\/categorie-produit\/sportlerpflege\/massage-therapie\/\"},{\"@type\":\"ListItem\",\"position\":5,\"name\":\"MASSAGEPISTOLE ROT\"}]},{\"@type\":\"WebSite\",\"@id\":\"https:\/\/www.daisho.be\/de\/#website\",\"url\":\"https:\/\/www.daisho.be\/de\/\",\"name\":\"Daisho\",\"description\":\"Sp&eacute;cialiste de l'&eacute;quipement sportif d'arts martiaux\",\"publisher\":{\"@id\":\"https:\/\/www.daisho.be\/de\/#organization\"},\"potentialAction\":[{\"@type\":\"SearchAction\",\"target\":{\"@type\":\"EntryPoint\",\"urlTemplate\":\"https:\/\/www.daisho.be\/de\/?s={search_term_string}\"},\"query-input\":{\"@type\":\"PropertyValueSpecification\",\"valueRequired\":true,\"valueName\":\"search_term_string\"}}],\"inLanguage\":\"de\"},{\"@type\":\"Organization\",\"@id\":\"https:\/\/www.daisho.be\/de\/#organization\",\"name\":\"Daisho\",\"url\":\"https:\/\/www.daisho.be\/de\/\",\"logo\":{\"@type\":\"ImageObject\",\"inLanguage\":\"de\",\"@id\":\"https:\/\/www.daisho.be\/de\/#\/schema\/logo\/image\/\",\"url\":\"https:\/\/www.daisho.be\/wp-content\/uploads\/2019\/07\/color-nothing-horizontale4x-e1564486100247.png\",\"contentUrl\":\"https:\/\/www.daisho.be\/wp-content\/uploads\/2019\/07\/color-nothing-horizontale4x-e1564486100247.png\",\"width\":1547,\"height\":385,\"caption\":\"Daisho\"},\"image\":{\"@id\":\"https:\/\/www.daisho.be\/de\/#\/schema\/logo\/image\/\"}}]}<\/script>\n<!-- \/ Yoast SEO plugin. -->","yoast_head_json":{"title":"MASSAGEPISTOLE ROT &#8211; Daisho","robots":{"index":"index","follow":"follow","max-snippet":"max-snippet:-1","max-image-preview":"max-image-preview:large","max-video-preview":"max-video-preview:-1"},"canonical":"https:\/\/www.daisho.be\/de\/produit\/massagepistole-rot\/","og_locale":"de_DE","og_type":"article","og_title":"MASSAGEPISTOLE ROT &#8211; Daisho","og_description":"Die Massagepistolen von Swissplate folgen einem aktuellen Trend f\u00fcr den privaten Gebrauch als Massagehilfe. Technische Beschreibung: Die Massagepistolen bewegen einen Massagekopf in verschiedenen Formen ca. 10mm auf einer Achse. Die Anwendung kann an jedem beliebigen K\u00f6rperteil mittels Druck, Geschwindigkeit und Varianz der Form des Massagekopfes erfolgen. Die Massagepistole V1 von SWISSPLATE folgte den folgenden Hauptpunkten: [&hellip;]","og_url":"https:\/\/www.daisho.be\/de\/produit\/massagepistole-rot\/","og_site_name":"Daisho","og_image":[{"width":960,"height":1280,"url":"https:\/\/www.daisho.be\/wp-content\/uploads\/2020\/05\/image-85.jpg","type":"image\/jpeg"}],"twitter_card":"summary_large_image","twitter_misc":{"Gesch\u00e4tzte Lesezeit":"1\u00a0Minute"},"schema":{"@context":"https:\/\/schema.org","@graph":[{"@type":"WebPage","@id":"https:\/\/www.daisho.be\/de\/produit\/massagepistole-rot\/","url":"https:\/\/www.daisho.be\/de\/produit\/massagepistole-rot\/","name":"MASSAGEPISTOLE ROT &#8211; Daisho","isPartOf":{"@id":"https:\/\/www.daisho.be\/de\/#website"},"primaryImageOfPage":{"@id":"https:\/\/www.daisho.be\/de\/produit\/massagepistole-rot\/#primaryimage"},"image":{"@id":"https:\/\/www.daisho.be\/de\/produit\/massagepistole-rot\/#primaryimage"},"thumbnailUrl":"https:\/\/www.daisho.be\/wp-content\/uploads\/2020\/05\/image-85.jpg","datePublished":"2020-05-27T09:04:57+00:00","breadcrumb":{"@id":"https:\/\/www.daisho.be\/de\/produit\/massagepistole-rot\/#breadcrumb"},"inLanguage":"de","potentialAction":[{"@type":"ReadAction","target":["https:\/\/www.daisho.be\/de\/produit\/massagepistole-rot\/"]}]},{"@type":"ImageObject","inLanguage":"de","@id":"https:\/\/www.daisho.be\/de\/produit\/massagepistole-rot\/#primaryimage","url":"https:\/\/www.daisho.be\/wp-content\/uploads\/2020\/05\/image-85.jpg","contentUrl":"https:\/\/www.daisho.be\/wp-content\/uploads\/2020\/05\/image-85.jpg","width":960,"height":1280},{"@type":"BreadcrumbList","@id":"https:\/\/www.daisho.be\/de\/produit\/massagepistole-rot\/#breadcrumb","itemListElement":[{"@type":"ListItem","position":1,"name":"Accueil","item":"https:\/\/www.daisho.be\/de\/"},{"@type":"ListItem","position":2,"name":"Produkte","item":"https:\/\/www.daisho.be\/de\/produkte\/"},{"@type":"ListItem","position":3,"name":"Sportlerpflege","item":"https:\/\/www.daisho.be\/de\/categorie-produit\/sportlerpflege\/"},{"@type":"ListItem","position":4,"name":"Massage-Therapie","item":"https:\/\/www.daisho.be\/de\/categorie-produit\/sportlerpflege\/massage-therapie\/"},{"@type":"ListItem","position":5,"name":"MASSAGEPISTOLE ROT"}]},{"@type":"WebSite","@id":"https:\/\/www.daisho.be\/de\/#website","url":"https:\/\/www.daisho.be\/de\/","name":"Daisho","description":"Sp&eacute;cialiste de l'&eacute;quipement sportif d'arts martiaux","publisher":{"@id":"https:\/\/www.daisho.be\/de\/#organization"},"potentialAction":[{"@type":"SearchAction","target":{"@type":"EntryPoint","urlTemplate":"https:\/\/www.daisho.be\/de\/?s={search_term_string}"},"query-input":{"@type":"PropertyValueSpecification","valueRequired":true,"valueName":"search_term_string"}}],"inLanguage":"de"},{"@type":"Organization","@id":"https:\/\/www.daisho.be\/de\/#organization","name":"Daisho","url":"https:\/\/www.daisho.be\/de\/","logo":{"@type":"ImageObject","inLanguage":"de","@id":"https:\/\/www.daisho.be\/de\/#\/schema\/logo\/image\/","url":"https:\/\/www.daisho.be\/wp-content\/uploads\/2019\/07\/color-nothing-horizontale4x-e1564486100247.png","contentUrl":"https:\/\/www.daisho.be\/wp-content\/uploads\/2019\/07\/color-nothing-horizontale4x-e1564486100247.png","width":1547,"height":385,"caption":"Daisho"},"image":{"@id":"https:\/\/www.daisho.be\/de\/#\/schema\/logo\/image\/"}}]}},"_links":{"self":[{"href":"https:\/\/www.daisho.be\/de\/wp-json\/wp\/v2\/product\/453224","targetHints":{"allow":["GET"]}}],"collection":[{"href":"https:\/\/www.daisho.be\/de\/wp-json\/wp\/v2\/product"}],"about":[{"href":"https:\/\/www.daisho.be\/de\/wp-json\/wp\/v2\/types\/product"}],"replies":[{"embeddable":true,"href":"https:\/\/www.daisho.be\/de\/wp-json\/wp\/v2\/comments?post=453224"}],"wp:featuredmedia":[{"embeddable":true,"href":"https:\/\/www.daisho.be\/de\/wp-json\/wp\/v2\/media\/453227"}],"wp:attachment":[{"href":"https:\/\/www.daisho.be\/de\/wp-json\/wp\/v2\/media?parent=453224"}],"wp:term":[{"taxonomy":"product_brand","embeddable":true,"href":"https:\/\/www.daisho.be\/de\/wp-json\/wp\/v2\/product_brand?post=453224"},{"taxonomy":"product_cat","embeddable":true,"href":"https:\/\/www.daisho.be\/de\/wp-json\/wp\/v2\/product_cat?post=453224"},{"taxonomy":"product_tag","embeddable":true,"href":"https:\/\/www.daisho.be\/de\/wp-json\/wp\/v2\/product_tag?post=453224"},{"taxonomy":"sport","embeddable":true,"href":"https:\/\/www.daisho.be\/de\/wp-json\/wp\/v2\/sport?post=453224"}],"curies":[{"name":"wp","href":"https:\/\/api.w.org\/{rel}","templated":true}]}}