{"id":453182,"date":"2020-05-31T23:13:35","date_gmt":"2020-05-31T21:13:35","guid":{"rendered":"https:\/\/www.daisho.be\/produit\/karategi-hayate-nf-2-kata\/"},"modified":"2025-10-09T13:56:29","modified_gmt":"2025-10-09T11:56:29","slug":"karategi-hayate-nf-2-kata","status":"publish","type":"product","link":"https:\/\/www.daisho.be\/de\/produit\/karategi-hayate-nf-2-kata\/","title":{"rendered":"KARATEGI HAYATE NF-2 KATA"},"content":{"rendered":"<p>Der Hayate NF-2 wurde von Anfang an als der leichteste verf\u00fcgbare Karategi entwickelt und verleiht Ihren Kata dank des unglaublich leichten Gewebes Definition und Klang.<br \/>\nMitsuboshi hat eine neue Poly-Baumwolle entwickelt, die speziell zusammengesetzt wurde, um einen kr\u00e4ftigen Klang zu erzielen, ohne das Gewicht eines gew\u00f6hnlichen Karategi zu haben. Schnell trocknend.<x id=\"gid_1\"><\/x>Das NF-2 wird von Mitsuboshi&#8217;s Schneiderei in ihrer Spezialwerkstatt in Iwate, Japan, hergestellt.<x id=\"gid_2\"><\/x> <x id=\"gid_3\"><\/x>Verbesserungen:<x id=\"gid_4\"><\/x>Das neue NF-2 bietet einen v\u00f6llig neu gestalteten Schritt. Dieses neue Design erm\u00f6glicht nun eine 180-Grad-Entfaltung.<\/p>\n<p>Technische Daten:<br \/>\n&#8211; WKF-zugelassen<br \/>\n&#8211; 70% Baumwolle, 30% Polyester<br \/>\n&#8211; Stoffgewicht: 280 g\/m\u00b2<br \/>\n&#8211; HA-Formgebung<br \/>\n&#8211; Karategi f\u00fcr die leichteste Kata<br \/>\n&#8211; Tiefer Klang<br \/>\n&#8211; Hergestellt in Japan.  <\/p>\n<p><img loading=\"lazy\" decoding=\"async\" class=\"size-full alignleft\" src=\"https:\/\/www.daisho.be\/wp-content\/uploads\/2023\/08\/image-5.png\" alt=\"\" width=\"172\" height=\"216\"><br \/>\n<img loading=\"lazy\" decoding=\"async\" class=\"size-full alignleft\" src=\"https:\/\/www.daisho.be\/wp-content\/uploads\/2023\/08\/image-7.png\" alt=\"\" width=\"179\" height=\"205\"><\/p>\n<p><img decoding=\"async\" class=\"size-full alignleft\" src=\"https:\/\/www.daisho.be\/wp-content\/uploads\/2023\/08\/image-6.png\" alt=\"\" width=\"50%\" height=\"\"><\/p>\n","protected":false},"excerpt":{"rendered":"<p>Der Hayate NF-2 wurde von Anfang an als der leichteste verf\u00fcgbare Karategi entwickelt und verleiht Ihren Kata dank des unglaublich leichten Gewebes Definition und Klang. Mitsuboshi hat eine neue Poly-Baumwolle entwickelt, die speziell zusammengesetzt wurde, um einen kr\u00e4ftigen Klang zu erzielen, ohne das Gewicht eines gew\u00f6hnlichen Karategi zu haben. Schnell trocknend.Das NF-2 wird von Mitsuboshi&#8217;s [&hellip;]<\/p>\n","protected":false},"featured_media":453188,"comment_status":"closed","ping_status":"closed","template":"","meta":{"inline_featured_image":false},"product_brand":[],"product_cat":[2008,2118],"product_tag":[2207],"sport":[73],"class_list":{"0":"post-453182","1":"product","2":"type-product","3":"status-publish","4":"has-post-thumbnail","6":"product_cat-karate-kimonos-de","7":"product_cat-kleidung-kimonos","8":"product_tag-hayate-de","9":"pa_size-380","10":"pa_size-388","11":"pa_size-379","12":"pa_size-387","13":"pa_size-378","14":"pa_size-386","15":"pa_size-377","16":"pa_size-385","17":"pa_size-376","18":"sport-karate","20":"first","21":"instock","22":"taxable","23":"shipping-taxable","24":"purchasable","25":"product-type-variable"},"yoast_head":"<!-- This site is optimized with the Yoast SEO plugin v27.2 - https:\/\/yoast.com\/product\/yoast-seo-wordpress\/ -->\n<title>Ultraleichter Karate Kimono (Hayate) - Karategi NF-2 f\u00fcr Kata<\/title>\n<meta name=\"description\" content=\"Setzen Sie auf einen Karate-Kimono mit Design &amp; ideal f\u00fcr die Aus\u00fcbung von Kata! \u2713 Ma\u00dfgeschneiderte Designs sind m\u00f6glich. \u2713 Schnell trocknender Karategi.\" \/>\n<meta name=\"robots\" content=\"index, follow, max-snippet:-1, max-image-preview:large, max-video-preview:-1\" \/>\n<link rel=\"canonical\" href=\"https:\/\/www.daisho.be\/de\/produit\/karategi-hayate-nf-2-kata\/\" \/>\n<meta property=\"og:locale\" content=\"de_DE\" \/>\n<meta property=\"og:type\" content=\"article\" \/>\n<meta property=\"og:title\" content=\"Ultraleichter Karate Kimono (Hayate) - Karategi NF-2 f\u00fcr Kata\" \/>\n<meta property=\"og:description\" content=\"Setzen Sie auf einen Karate-Kimono mit Design &amp; ideal f\u00fcr die Aus\u00fcbung von Kata! \u2713 Ma\u00dfgeschneiderte Designs sind m\u00f6glich. \u2713 Schnell trocknender Karategi.\" \/>\n<meta property=\"og:url\" content=\"https:\/\/www.daisho.be\/de\/produit\/karategi-hayate-nf-2-kata\/\" \/>\n<meta property=\"og:site_name\" content=\"Daisho\" \/>\n<meta property=\"article:modified_time\" content=\"2025-10-09T11:56:29+00:00\" \/>\n<meta property=\"og:image\" content=\"https:\/\/www.daisho.be\/wp-content\/uploads\/2024\/10\/image-51.jpg\" \/>\n\t<meta property=\"og:image:width\" content=\"1280\" \/>\n\t<meta property=\"og:image:height\" content=\"1920\" \/>\n\t<meta property=\"og:image:type\" content=\"image\/jpeg\" \/>\n<meta name=\"twitter:card\" content=\"summary_large_image\" \/>\n<meta name=\"twitter:label1\" content=\"Gesch\u00e4tzte Lesezeit\" \/>\n\t<meta name=\"twitter:data1\" content=\"1\u00a0Minute\" \/>\n<script type=\"application\/ld+json\" class=\"yoast-schema-graph\">{\"@context\":\"https:\/\/schema.org\",\"@graph\":[{\"@type\":\"WebPage\",\"@id\":\"https:\/\/www.daisho.be\/de\/produit\/karategi-hayate-nf-2-kata\/\",\"url\":\"https:\/\/www.daisho.be\/de\/produit\/karategi-hayate-nf-2-kata\/\",\"name\":\"Ultraleichter Karate Kimono (Hayate) - Karategi NF-2 f\u00fcr Kata\",\"isPartOf\":{\"@id\":\"https:\/\/www.daisho.be\/de\/#website\"},\"primaryImageOfPage\":{\"@id\":\"https:\/\/www.daisho.be\/de\/produit\/karategi-hayate-nf-2-kata\/#primaryimage\"},\"image\":{\"@id\":\"https:\/\/www.daisho.be\/de\/produit\/karategi-hayate-nf-2-kata\/#primaryimage\"},\"thumbnailUrl\":\"https:\/\/www.daisho.be\/wp-content\/uploads\/2024\/10\/image-51.jpg\",\"datePublished\":\"2020-05-31T21:13:35+00:00\",\"dateModified\":\"2025-10-09T11:56:29+00:00\",\"description\":\"Setzen Sie auf einen Karate-Kimono mit Design & ideal f\u00fcr die Aus\u00fcbung von Kata! \u2713 Ma\u00dfgeschneiderte Designs sind m\u00f6glich. \u2713 Schnell trocknender Karategi.\",\"breadcrumb\":{\"@id\":\"https:\/\/www.daisho.be\/de\/produit\/karategi-hayate-nf-2-kata\/#breadcrumb\"},\"inLanguage\":\"de\",\"potentialAction\":[{\"@type\":\"ReadAction\",\"target\":[\"https:\/\/www.daisho.be\/de\/produit\/karategi-hayate-nf-2-kata\/\"]}]},{\"@type\":\"ImageObject\",\"inLanguage\":\"de\",\"@id\":\"https:\/\/www.daisho.be\/de\/produit\/karategi-hayate-nf-2-kata\/#primaryimage\",\"url\":\"https:\/\/www.daisho.be\/wp-content\/uploads\/2024\/10\/image-51.jpg\",\"contentUrl\":\"https:\/\/www.daisho.be\/wp-content\/uploads\/2024\/10\/image-51.jpg\",\"width\":1280,\"height\":1920,\"caption\":\"KARATEGI HAYATE NF-2 KATA-1\"},{\"@type\":\"BreadcrumbList\",\"@id\":\"https:\/\/www.daisho.be\/de\/produit\/karategi-hayate-nf-2-kata\/#breadcrumb\",\"itemListElement\":[{\"@type\":\"ListItem\",\"position\":1,\"name\":\"Accueil\",\"item\":\"https:\/\/www.daisho.be\/de\/\"},{\"@type\":\"ListItem\",\"position\":2,\"name\":\"Produkte\",\"item\":\"https:\/\/www.daisho.be\/de\/produkte\/\"},{\"@type\":\"ListItem\",\"position\":3,\"name\":\"Ausr\u00fcstung und Kleidung f\u00fcr Kampfkunst und Kampfsport\",\"item\":\"https:\/\/www.daisho.be\/de\/categorie-produit\/ausrustung-und-kleidung-fur-kampfkunst-und-kampfsport\/\"},{\"@type\":\"ListItem\",\"position\":4,\"name\":\"Karate\",\"item\":\"https:\/\/www.daisho.be\/de\/categorie-produit\/ausrustung-und-kleidung-fur-kampfkunst-und-kampfsport\/karate-de-2\/\"},{\"@type\":\"ListItem\",\"position\":5,\"name\":\"Karate-Kimonos\",\"item\":\"https:\/\/www.daisho.be\/de\/categorie-produit\/ausrustung-und-kleidung-fur-kampfkunst-und-kampfsport\/karate-de-2\/karate-kimonos-de\/\"},{\"@type\":\"ListItem\",\"position\":6,\"name\":\"KARATEGI HAYATE NF-2 KATA\"}]},{\"@type\":\"WebSite\",\"@id\":\"https:\/\/www.daisho.be\/de\/#website\",\"url\":\"https:\/\/www.daisho.be\/de\/\",\"name\":\"Daisho\",\"description\":\"Sp&eacute;cialiste de l'&eacute;quipement sportif d'arts martiaux\",\"publisher\":{\"@id\":\"https:\/\/www.daisho.be\/de\/#organization\"},\"potentialAction\":[{\"@type\":\"SearchAction\",\"target\":{\"@type\":\"EntryPoint\",\"urlTemplate\":\"https:\/\/www.daisho.be\/de\/?s={search_term_string}\"},\"query-input\":{\"@type\":\"PropertyValueSpecification\",\"valueRequired\":true,\"valueName\":\"search_term_string\"}}],\"inLanguage\":\"de\"},{\"@type\":\"Organization\",\"@id\":\"https:\/\/www.daisho.be\/de\/#organization\",\"name\":\"Daisho\",\"url\":\"https:\/\/www.daisho.be\/de\/\",\"logo\":{\"@type\":\"ImageObject\",\"inLanguage\":\"de\",\"@id\":\"https:\/\/www.daisho.be\/de\/#\/schema\/logo\/image\/\",\"url\":\"https:\/\/www.daisho.be\/wp-content\/uploads\/2019\/07\/color-nothing-horizontale4x-e1564486100247.png\",\"contentUrl\":\"https:\/\/www.daisho.be\/wp-content\/uploads\/2019\/07\/color-nothing-horizontale4x-e1564486100247.png\",\"width\":1547,\"height\":385,\"caption\":\"Daisho\"},\"image\":{\"@id\":\"https:\/\/www.daisho.be\/de\/#\/schema\/logo\/image\/\"}}]}<\/script>\n<!-- \/ Yoast SEO plugin. -->","yoast_head_json":{"title":"Ultraleichter Karate Kimono (Hayate) - Karategi NF-2 f\u00fcr Kata","description":"Setzen Sie auf einen Karate-Kimono mit Design & ideal f\u00fcr die Aus\u00fcbung von Kata! \u2713 Ma\u00dfgeschneiderte Designs sind m\u00f6glich. \u2713 Schnell trocknender Karategi.","robots":{"index":"index","follow":"follow","max-snippet":"max-snippet:-1","max-image-preview":"max-image-preview:large","max-video-preview":"max-video-preview:-1"},"canonical":"https:\/\/www.daisho.be\/de\/produit\/karategi-hayate-nf-2-kata\/","og_locale":"de_DE","og_type":"article","og_title":"Ultraleichter Karate Kimono (Hayate) - Karategi NF-2 f\u00fcr Kata","og_description":"Setzen Sie auf einen Karate-Kimono mit Design & ideal f\u00fcr die Aus\u00fcbung von Kata! \u2713 Ma\u00dfgeschneiderte Designs sind m\u00f6glich. \u2713 Schnell trocknender Karategi.","og_url":"https:\/\/www.daisho.be\/de\/produit\/karategi-hayate-nf-2-kata\/","og_site_name":"Daisho","article_modified_time":"2025-10-09T11:56:29+00:00","og_image":[{"width":1280,"height":1920,"url":"https:\/\/www.daisho.be\/wp-content\/uploads\/2024\/10\/image-51.jpg","type":"image\/jpeg"}],"twitter_card":"summary_large_image","twitter_misc":{"Gesch\u00e4tzte Lesezeit":"1\u00a0Minute"},"schema":{"@context":"https:\/\/schema.org","@graph":[{"@type":"WebPage","@id":"https:\/\/www.daisho.be\/de\/produit\/karategi-hayate-nf-2-kata\/","url":"https:\/\/www.daisho.be\/de\/produit\/karategi-hayate-nf-2-kata\/","name":"Ultraleichter Karate Kimono (Hayate) - Karategi NF-2 f\u00fcr Kata","isPartOf":{"@id":"https:\/\/www.daisho.be\/de\/#website"},"primaryImageOfPage":{"@id":"https:\/\/www.daisho.be\/de\/produit\/karategi-hayate-nf-2-kata\/#primaryimage"},"image":{"@id":"https:\/\/www.daisho.be\/de\/produit\/karategi-hayate-nf-2-kata\/#primaryimage"},"thumbnailUrl":"https:\/\/www.daisho.be\/wp-content\/uploads\/2024\/10\/image-51.jpg","datePublished":"2020-05-31T21:13:35+00:00","dateModified":"2025-10-09T11:56:29+00:00","description":"Setzen Sie auf einen Karate-Kimono mit Design & ideal f\u00fcr die Aus\u00fcbung von Kata! \u2713 Ma\u00dfgeschneiderte Designs sind m\u00f6glich. \u2713 Schnell trocknender Karategi.","breadcrumb":{"@id":"https:\/\/www.daisho.be\/de\/produit\/karategi-hayate-nf-2-kata\/#breadcrumb"},"inLanguage":"de","potentialAction":[{"@type":"ReadAction","target":["https:\/\/www.daisho.be\/de\/produit\/karategi-hayate-nf-2-kata\/"]}]},{"@type":"ImageObject","inLanguage":"de","@id":"https:\/\/www.daisho.be\/de\/produit\/karategi-hayate-nf-2-kata\/#primaryimage","url":"https:\/\/www.daisho.be\/wp-content\/uploads\/2024\/10\/image-51.jpg","contentUrl":"https:\/\/www.daisho.be\/wp-content\/uploads\/2024\/10\/image-51.jpg","width":1280,"height":1920,"caption":"KARATEGI HAYATE NF-2 KATA-1"},{"@type":"BreadcrumbList","@id":"https:\/\/www.daisho.be\/de\/produit\/karategi-hayate-nf-2-kata\/#breadcrumb","itemListElement":[{"@type":"ListItem","position":1,"name":"Accueil","item":"https:\/\/www.daisho.be\/de\/"},{"@type":"ListItem","position":2,"name":"Produkte","item":"https:\/\/www.daisho.be\/de\/produkte\/"},{"@type":"ListItem","position":3,"name":"Ausr\u00fcstung und Kleidung f\u00fcr Kampfkunst und Kampfsport","item":"https:\/\/www.daisho.be\/de\/categorie-produit\/ausrustung-und-kleidung-fur-kampfkunst-und-kampfsport\/"},{"@type":"ListItem","position":4,"name":"Karate","item":"https:\/\/www.daisho.be\/de\/categorie-produit\/ausrustung-und-kleidung-fur-kampfkunst-und-kampfsport\/karate-de-2\/"},{"@type":"ListItem","position":5,"name":"Karate-Kimonos","item":"https:\/\/www.daisho.be\/de\/categorie-produit\/ausrustung-und-kleidung-fur-kampfkunst-und-kampfsport\/karate-de-2\/karate-kimonos-de\/"},{"@type":"ListItem","position":6,"name":"KARATEGI HAYATE NF-2 KATA"}]},{"@type":"WebSite","@id":"https:\/\/www.daisho.be\/de\/#website","url":"https:\/\/www.daisho.be\/de\/","name":"Daisho","description":"Sp&eacute;cialiste de l'&eacute;quipement sportif d'arts martiaux","publisher":{"@id":"https:\/\/www.daisho.be\/de\/#organization"},"potentialAction":[{"@type":"SearchAction","target":{"@type":"EntryPoint","urlTemplate":"https:\/\/www.daisho.be\/de\/?s={search_term_string}"},"query-input":{"@type":"PropertyValueSpecification","valueRequired":true,"valueName":"search_term_string"}}],"inLanguage":"de"},{"@type":"Organization","@id":"https:\/\/www.daisho.be\/de\/#organization","name":"Daisho","url":"https:\/\/www.daisho.be\/de\/","logo":{"@type":"ImageObject","inLanguage":"de","@id":"https:\/\/www.daisho.be\/de\/#\/schema\/logo\/image\/","url":"https:\/\/www.daisho.be\/wp-content\/uploads\/2019\/07\/color-nothing-horizontale4x-e1564486100247.png","contentUrl":"https:\/\/www.daisho.be\/wp-content\/uploads\/2019\/07\/color-nothing-horizontale4x-e1564486100247.png","width":1547,"height":385,"caption":"Daisho"},"image":{"@id":"https:\/\/www.daisho.be\/de\/#\/schema\/logo\/image\/"}}]}},"_links":{"self":[{"href":"https:\/\/www.daisho.be\/de\/wp-json\/wp\/v2\/product\/453182","targetHints":{"allow":["GET"]}}],"collection":[{"href":"https:\/\/www.daisho.be\/de\/wp-json\/wp\/v2\/product"}],"about":[{"href":"https:\/\/www.daisho.be\/de\/wp-json\/wp\/v2\/types\/product"}],"replies":[{"embeddable":true,"href":"https:\/\/www.daisho.be\/de\/wp-json\/wp\/v2\/comments?post=453182"}],"wp:featuredmedia":[{"embeddable":true,"href":"https:\/\/www.daisho.be\/de\/wp-json\/wp\/v2\/media\/453188"}],"wp:attachment":[{"href":"https:\/\/www.daisho.be\/de\/wp-json\/wp\/v2\/media?parent=453182"}],"wp:term":[{"taxonomy":"product_brand","embeddable":true,"href":"https:\/\/www.daisho.be\/de\/wp-json\/wp\/v2\/product_brand?post=453182"},{"taxonomy":"product_cat","embeddable":true,"href":"https:\/\/www.daisho.be\/de\/wp-json\/wp\/v2\/product_cat?post=453182"},{"taxonomy":"product_tag","embeddable":true,"href":"https:\/\/www.daisho.be\/de\/wp-json\/wp\/v2\/product_tag?post=453182"},{"taxonomy":"sport","embeddable":true,"href":"https:\/\/www.daisho.be\/de\/wp-json\/wp\/v2\/sport?post=453182"}],"curies":[{"name":"wp","href":"https:\/\/api.w.org\/{rel}","templated":true}]}}