{"id":453165,"date":"2020-06-23T09:21:39","date_gmt":"2020-06-23T07:21:39","guid":{"rendered":"https:\/\/www.daisho.be\/produit\/gummiband-turboarms-medium-400-cm\/"},"modified":"2026-01-06T11:51:48","modified_gmt":"2026-01-06T10:51:48","slug":"gummiband-turboarms-medium-400-cm","status":"publish","type":"product","link":"https:\/\/www.daisho.be\/de\/produit\/gummiband-turboarms-medium-400-cm\/","title":{"rendered":"GUMMIBAND TURBOARMS MEDIUM 400 CM"},"content":{"rendered":"<p>Der Widerstandsgummi Turboarms ist eine Ausr\u00fcstung f\u00fcr das Training von Schlag- und Wurftechniken.<br \/>\n Beim Widerstandstraining mit Zugseilen werden mehrere Muskelgruppen gleichzeitig trainiert.<br \/>\nDas mittlere Widerstandsniveau erm\u00f6glicht viele Wiederholungen und ist daher ideal f\u00fcr ein l\u00e4ngerfristiges Training.<\/p>\n<p>Geeignet f\u00fcr das Training zu Hause oder im Verein.<br \/>\nRobuste und langlebige Verarbeitung.<br \/>\nRobuste und leicht abwaschbare Griffe.<\/p>\n","protected":false},"excerpt":{"rendered":"<p>Der Widerstandsgummi Turboarms ist eine Ausr\u00fcstung f\u00fcr das Training von Schlag- und Wurftechniken. Beim Widerstandstraining mit Zugseilen werden mehrere Muskelgruppen gleichzeitig trainiert. Das mittlere Widerstandsniveau erm\u00f6glicht viele Wiederholungen und ist daher ideal f\u00fcr ein l\u00e4ngerfristiges Training. Geeignet f\u00fcr das Training zu Hause oder im Verein. Robuste und langlebige Verarbeitung. Robuste und leicht abwaschbare Griffe.<\/p>\n","protected":false},"featured_media":650961,"comment_status":"open","ping_status":"closed","template":"","meta":{"inline_featured_image":false},"product_brand":[],"product_cat":[2055,2100,2054,2043],"product_tag":[2040],"sport":[74,78,73,455],"class_list":{"0":"post-453165","1":"product","2":"type-product","3":"status-publish","4":"has-post-thumbnail","6":"product_cat-karate-trainingsmaterial","7":"product_cat-mma-trainingsmaterial","8":"product_cat-trainingsmaterial","9":"product_cat-trainingsmaterial-boxen","10":"product_tag-dax-de","11":"pa_size-sans-taille-defaut","12":"sport-jiu-jitsu","13":"sport-judo","14":"sport-karate","15":"sport-muay-thai","17":"first","18":"instock","19":"taxable","20":"shipping-taxable","21":"purchasable","22":"product-type-variable"},"yoast_head":"<!-- This site is optimized with the Yoast SEO plugin v27.2 - https:\/\/yoast.com\/product\/yoast-seo-wordpress\/ -->\n<title>GUMMIBAND TURBOARMS MEDIUM 400 CM &#8211; Daisho<\/title>\n<meta name=\"description\" content=\"Entdecken Sie das elastische Widerstandsband, das f\u00fcr das Training von Schlag- und Wurftechniken entwickelt wurde. Sie finden es unter www.daisho.be|Daisho.\" \/>\n<meta name=\"robots\" content=\"index, follow, max-snippet:-1, max-image-preview:large, max-video-preview:-1\" \/>\n<link rel=\"canonical\" href=\"https:\/\/www.daisho.be\/de\/produit\/gummiband-turboarms-medium-400-cm\/\" \/>\n<meta property=\"og:locale\" content=\"de_DE\" \/>\n<meta property=\"og:type\" content=\"article\" \/>\n<meta property=\"og:title\" content=\"GUMMIBAND TURBOARMS MEDIUM 400 CM &#8211; Daisho\" \/>\n<meta property=\"og:description\" content=\"Entdecken Sie das elastische Widerstandsband, das f\u00fcr das Training von Schlag- und Wurftechniken entwickelt wurde. Sie finden es unter www.daisho.be|Daisho.\" \/>\n<meta property=\"og:url\" content=\"https:\/\/www.daisho.be\/de\/produit\/gummiband-turboarms-medium-400-cm\/\" \/>\n<meta property=\"og:site_name\" content=\"Daisho\" \/>\n<meta property=\"article:modified_time\" content=\"2026-01-06T10:51:48+00:00\" \/>\n<meta property=\"og:image\" content=\"https:\/\/www.daisho.be\/wp-content\/uploads\/2026\/01\/image-142.jpg\" \/>\n\t<meta property=\"og:image:width\" content=\"736\" \/>\n\t<meta property=\"og:image:height\" content=\"1040\" \/>\n\t<meta property=\"og:image:type\" content=\"image\/jpeg\" \/>\n<meta name=\"twitter:card\" content=\"summary_large_image\" \/>\n<script type=\"application\/ld+json\" class=\"yoast-schema-graph\">{\"@context\":\"https:\/\/schema.org\",\"@graph\":[{\"@type\":\"WebPage\",\"@id\":\"https:\/\/www.daisho.be\/de\/produit\/gummiband-turboarms-medium-400-cm\/\",\"url\":\"https:\/\/www.daisho.be\/de\/produit\/gummiband-turboarms-medium-400-cm\/\",\"name\":\"GUMMIBAND TURBOARMS MEDIUM 400 CM &#8211; Daisho\",\"isPartOf\":{\"@id\":\"https:\/\/www.daisho.be\/de\/#website\"},\"primaryImageOfPage\":{\"@id\":\"https:\/\/www.daisho.be\/de\/produit\/gummiband-turboarms-medium-400-cm\/#primaryimage\"},\"image\":{\"@id\":\"https:\/\/www.daisho.be\/de\/produit\/gummiband-turboarms-medium-400-cm\/#primaryimage\"},\"thumbnailUrl\":\"https:\/\/www.daisho.be\/wp-content\/uploads\/2026\/01\/image-142.jpg\",\"datePublished\":\"2020-06-23T07:21:39+00:00\",\"dateModified\":\"2026-01-06T10:51:48+00:00\",\"description\":\"Entdecken Sie das elastische Widerstandsband, das f\u00fcr das Training von Schlag- und Wurftechniken entwickelt wurde. Sie finden es unter www.daisho.be|Daisho.\",\"breadcrumb\":{\"@id\":\"https:\/\/www.daisho.be\/de\/produit\/gummiband-turboarms-medium-400-cm\/#breadcrumb\"},\"inLanguage\":\"de\",\"potentialAction\":[{\"@type\":\"ReadAction\",\"target\":[\"https:\/\/www.daisho.be\/de\/produit\/gummiband-turboarms-medium-400-cm\/\"]}]},{\"@type\":\"ImageObject\",\"inLanguage\":\"de\",\"@id\":\"https:\/\/www.daisho.be\/de\/produit\/gummiband-turboarms-medium-400-cm\/#primaryimage\",\"url\":\"https:\/\/www.daisho.be\/wp-content\/uploads\/2026\/01\/image-142.jpg\",\"contentUrl\":\"https:\/\/www.daisho.be\/wp-content\/uploads\/2026\/01\/image-142.jpg\",\"width\":736,\"height\":1040,\"caption\":\"ELASTISCH TURBOARMS MEDIUM 400 CM-1\"},{\"@type\":\"BreadcrumbList\",\"@id\":\"https:\/\/www.daisho.be\/de\/produit\/gummiband-turboarms-medium-400-cm\/#breadcrumb\",\"itemListElement\":[{\"@type\":\"ListItem\",\"position\":1,\"name\":\"Accueil\",\"item\":\"https:\/\/www.daisho.be\/de\/\"},{\"@type\":\"ListItem\",\"position\":2,\"name\":\"Produkte\",\"item\":\"https:\/\/www.daisho.be\/de\/produkte\/\"},{\"@type\":\"ListItem\",\"position\":3,\"name\":\"Ausr\u00fcstung und Kleidung f\u00fcr Kampfkunst und Kampfsport\",\"item\":\"https:\/\/www.daisho.be\/de\/categorie-produit\/ausrustung-und-kleidung-fur-kampfkunst-und-kampfsport\/\"},{\"@type\":\"ListItem\",\"position\":4,\"name\":\"Karate\",\"item\":\"https:\/\/www.daisho.be\/de\/categorie-produit\/ausrustung-und-kleidung-fur-kampfkunst-und-kampfsport\/karate-de-2\/\"},{\"@type\":\"ListItem\",\"position\":5,\"name\":\"Karate Trainingsmaterial\",\"item\":\"https:\/\/www.daisho.be\/de\/categorie-produit\/ausrustung-und-kleidung-fur-kampfkunst-und-kampfsport\/karate-de-2\/karate-trainingsmaterial\/\"},{\"@type\":\"ListItem\",\"position\":6,\"name\":\"GUMMIBAND TURBOARMS MEDIUM 400 CM\"}]},{\"@type\":\"WebSite\",\"@id\":\"https:\/\/www.daisho.be\/de\/#website\",\"url\":\"https:\/\/www.daisho.be\/de\/\",\"name\":\"Daisho\",\"description\":\"Sp&eacute;cialiste de l'&eacute;quipement sportif d'arts martiaux\",\"publisher\":{\"@id\":\"https:\/\/www.daisho.be\/de\/#organization\"},\"potentialAction\":[{\"@type\":\"SearchAction\",\"target\":{\"@type\":\"EntryPoint\",\"urlTemplate\":\"https:\/\/www.daisho.be\/de\/?s={search_term_string}\"},\"query-input\":{\"@type\":\"PropertyValueSpecification\",\"valueRequired\":true,\"valueName\":\"search_term_string\"}}],\"inLanguage\":\"de\"},{\"@type\":\"Organization\",\"@id\":\"https:\/\/www.daisho.be\/de\/#organization\",\"name\":\"Daisho\",\"url\":\"https:\/\/www.daisho.be\/de\/\",\"logo\":{\"@type\":\"ImageObject\",\"inLanguage\":\"de\",\"@id\":\"https:\/\/www.daisho.be\/de\/#\/schema\/logo\/image\/\",\"url\":\"https:\/\/www.daisho.be\/wp-content\/uploads\/2019\/07\/color-nothing-horizontale4x-e1564486100247.png\",\"contentUrl\":\"https:\/\/www.daisho.be\/wp-content\/uploads\/2019\/07\/color-nothing-horizontale4x-e1564486100247.png\",\"width\":1547,\"height\":385,\"caption\":\"Daisho\"},\"image\":{\"@id\":\"https:\/\/www.daisho.be\/de\/#\/schema\/logo\/image\/\"}}]}<\/script>\n<!-- \/ Yoast SEO plugin. -->","yoast_head_json":{"title":"GUMMIBAND TURBOARMS MEDIUM 400 CM &#8211; Daisho","description":"Entdecken Sie das elastische Widerstandsband, das f\u00fcr das Training von Schlag- und Wurftechniken entwickelt wurde. Sie finden es unter www.daisho.be|Daisho.","robots":{"index":"index","follow":"follow","max-snippet":"max-snippet:-1","max-image-preview":"max-image-preview:large","max-video-preview":"max-video-preview:-1"},"canonical":"https:\/\/www.daisho.be\/de\/produit\/gummiband-turboarms-medium-400-cm\/","og_locale":"de_DE","og_type":"article","og_title":"GUMMIBAND TURBOARMS MEDIUM 400 CM &#8211; Daisho","og_description":"Entdecken Sie das elastische Widerstandsband, das f\u00fcr das Training von Schlag- und Wurftechniken entwickelt wurde. Sie finden es unter www.daisho.be|Daisho.","og_url":"https:\/\/www.daisho.be\/de\/produit\/gummiband-turboarms-medium-400-cm\/","og_site_name":"Daisho","article_modified_time":"2026-01-06T10:51:48+00:00","og_image":[{"width":736,"height":1040,"url":"https:\/\/www.daisho.be\/wp-content\/uploads\/2026\/01\/image-142.jpg","type":"image\/jpeg"}],"twitter_card":"summary_large_image","schema":{"@context":"https:\/\/schema.org","@graph":[{"@type":"WebPage","@id":"https:\/\/www.daisho.be\/de\/produit\/gummiband-turboarms-medium-400-cm\/","url":"https:\/\/www.daisho.be\/de\/produit\/gummiband-turboarms-medium-400-cm\/","name":"GUMMIBAND TURBOARMS MEDIUM 400 CM &#8211; Daisho","isPartOf":{"@id":"https:\/\/www.daisho.be\/de\/#website"},"primaryImageOfPage":{"@id":"https:\/\/www.daisho.be\/de\/produit\/gummiband-turboarms-medium-400-cm\/#primaryimage"},"image":{"@id":"https:\/\/www.daisho.be\/de\/produit\/gummiband-turboarms-medium-400-cm\/#primaryimage"},"thumbnailUrl":"https:\/\/www.daisho.be\/wp-content\/uploads\/2026\/01\/image-142.jpg","datePublished":"2020-06-23T07:21:39+00:00","dateModified":"2026-01-06T10:51:48+00:00","description":"Entdecken Sie das elastische Widerstandsband, das f\u00fcr das Training von Schlag- und Wurftechniken entwickelt wurde. Sie finden es unter www.daisho.be|Daisho.","breadcrumb":{"@id":"https:\/\/www.daisho.be\/de\/produit\/gummiband-turboarms-medium-400-cm\/#breadcrumb"},"inLanguage":"de","potentialAction":[{"@type":"ReadAction","target":["https:\/\/www.daisho.be\/de\/produit\/gummiband-turboarms-medium-400-cm\/"]}]},{"@type":"ImageObject","inLanguage":"de","@id":"https:\/\/www.daisho.be\/de\/produit\/gummiband-turboarms-medium-400-cm\/#primaryimage","url":"https:\/\/www.daisho.be\/wp-content\/uploads\/2026\/01\/image-142.jpg","contentUrl":"https:\/\/www.daisho.be\/wp-content\/uploads\/2026\/01\/image-142.jpg","width":736,"height":1040,"caption":"ELASTISCH TURBOARMS MEDIUM 400 CM-1"},{"@type":"BreadcrumbList","@id":"https:\/\/www.daisho.be\/de\/produit\/gummiband-turboarms-medium-400-cm\/#breadcrumb","itemListElement":[{"@type":"ListItem","position":1,"name":"Accueil","item":"https:\/\/www.daisho.be\/de\/"},{"@type":"ListItem","position":2,"name":"Produkte","item":"https:\/\/www.daisho.be\/de\/produkte\/"},{"@type":"ListItem","position":3,"name":"Ausr\u00fcstung und Kleidung f\u00fcr Kampfkunst und Kampfsport","item":"https:\/\/www.daisho.be\/de\/categorie-produit\/ausrustung-und-kleidung-fur-kampfkunst-und-kampfsport\/"},{"@type":"ListItem","position":4,"name":"Karate","item":"https:\/\/www.daisho.be\/de\/categorie-produit\/ausrustung-und-kleidung-fur-kampfkunst-und-kampfsport\/karate-de-2\/"},{"@type":"ListItem","position":5,"name":"Karate Trainingsmaterial","item":"https:\/\/www.daisho.be\/de\/categorie-produit\/ausrustung-und-kleidung-fur-kampfkunst-und-kampfsport\/karate-de-2\/karate-trainingsmaterial\/"},{"@type":"ListItem","position":6,"name":"GUMMIBAND TURBOARMS MEDIUM 400 CM"}]},{"@type":"WebSite","@id":"https:\/\/www.daisho.be\/de\/#website","url":"https:\/\/www.daisho.be\/de\/","name":"Daisho","description":"Sp&eacute;cialiste de l'&eacute;quipement sportif d'arts martiaux","publisher":{"@id":"https:\/\/www.daisho.be\/de\/#organization"},"potentialAction":[{"@type":"SearchAction","target":{"@type":"EntryPoint","urlTemplate":"https:\/\/www.daisho.be\/de\/?s={search_term_string}"},"query-input":{"@type":"PropertyValueSpecification","valueRequired":true,"valueName":"search_term_string"}}],"inLanguage":"de"},{"@type":"Organization","@id":"https:\/\/www.daisho.be\/de\/#organization","name":"Daisho","url":"https:\/\/www.daisho.be\/de\/","logo":{"@type":"ImageObject","inLanguage":"de","@id":"https:\/\/www.daisho.be\/de\/#\/schema\/logo\/image\/","url":"https:\/\/www.daisho.be\/wp-content\/uploads\/2019\/07\/color-nothing-horizontale4x-e1564486100247.png","contentUrl":"https:\/\/www.daisho.be\/wp-content\/uploads\/2019\/07\/color-nothing-horizontale4x-e1564486100247.png","width":1547,"height":385,"caption":"Daisho"},"image":{"@id":"https:\/\/www.daisho.be\/de\/#\/schema\/logo\/image\/"}}]}},"_links":{"self":[{"href":"https:\/\/www.daisho.be\/de\/wp-json\/wp\/v2\/product\/453165","targetHints":{"allow":["GET"]}}],"collection":[{"href":"https:\/\/www.daisho.be\/de\/wp-json\/wp\/v2\/product"}],"about":[{"href":"https:\/\/www.daisho.be\/de\/wp-json\/wp\/v2\/types\/product"}],"replies":[{"embeddable":true,"href":"https:\/\/www.daisho.be\/de\/wp-json\/wp\/v2\/comments?post=453165"}],"wp:featuredmedia":[{"embeddable":true,"href":"https:\/\/www.daisho.be\/de\/wp-json\/wp\/v2\/media\/650961"}],"wp:attachment":[{"href":"https:\/\/www.daisho.be\/de\/wp-json\/wp\/v2\/media?parent=453165"}],"wp:term":[{"taxonomy":"product_brand","embeddable":true,"href":"https:\/\/www.daisho.be\/de\/wp-json\/wp\/v2\/product_brand?post=453165"},{"taxonomy":"product_cat","embeddable":true,"href":"https:\/\/www.daisho.be\/de\/wp-json\/wp\/v2\/product_cat?post=453165"},{"taxonomy":"product_tag","embeddable":true,"href":"https:\/\/www.daisho.be\/de\/wp-json\/wp\/v2\/product_tag?post=453165"},{"taxonomy":"sport","embeddable":true,"href":"https:\/\/www.daisho.be\/de\/wp-json\/wp\/v2\/sport?post=453165"}],"curies":[{"name":"wp","href":"https:\/\/api.w.org\/{rel}","templated":true}]}}