{"id":453150,"date":"2020-06-26T17:58:17","date_gmt":"2020-06-26T15:58:17","guid":{"rendered":"https:\/\/www.daisho.be\/produit\/boxsack-mit-silhouette\/"},"modified":"2025-11-18T17:39:32","modified_gmt":"2025-11-18T16:39:32","slug":"boxsack-mit-silhouette","status":"publish","type":"product","link":"https:\/\/www.daisho.be\/de\/produit\/boxsack-mit-silhouette\/","title":{"rendered":"BOXSACK MIT SILHOUETTE"},"content":{"rendered":"<p>Boxsack aus Polyester, verst\u00e4rkt mit metallischen Aufh\u00e4ngeketten.<br \/>\nVollst\u00e4ndige Silhouette des Boxers in Guard-Position mit verteilten Zahlen, um die Schlagkombinationen zu trainieren.<\/p>\n<p> Material: Polyester<br \/>\n Besteht aus einer Kette zur Anbringung an einer Halterung (Wand oder Decke)<br \/>\n Gr\u00f6\u00dfe des Sacks: 1,45 m<br \/>\n Gewicht: 45 kg<br \/>\n Der Sack besteht aus einer kompletten Silhouette eines Boxers (in Wachposition) und mehreren Zahlen (von 1 bis 8).<br \/>\n Vorder- und R\u00fcckseite.<br \/>\n Seine gro\u00dfe Gr\u00f6\u00dfe erm\u00f6glicht die Arbeit mit &#8222;Faust&#8220;- und &#8222;Fu\u00df&#8220;-Angriffen (englisches und franz\u00f6sisches Boxen). Die Silhouette des Boxers aus der Deckung heraus erm\u00f6glicht es, die Zielbereiche visuell zu markieren. Die Zahlen erm\u00f6glichen es dem Trainer, Schlagkombinationen anzuk\u00fcndigen, je nach der technischen Arbeit, die er durchf\u00fchren m\u00f6chte.  <\/p>\n","protected":false},"excerpt":{"rendered":"<p>Boxsack aus Polyester, verst\u00e4rkt mit metallischen Aufh\u00e4ngeketten. Vollst\u00e4ndige Silhouette des Boxers in Guard-Position mit verteilten Zahlen, um die Schlagkombinationen zu trainieren. Material: Polyester Besteht aus einer Kette zur Anbringung an einer Halterung (Wand oder Decke) Gr\u00f6\u00dfe des Sacks: 1,45 m Gewicht: 45 kg Der Sack besteht aus einer kompletten Silhouette eines Boxers (in Wachposition) und [&hellip;]<\/p>\n","protected":false},"featured_media":453152,"comment_status":"closed","ping_status":"closed","template":"","meta":{"inline_featured_image":false},"product_brand":[],"product_cat":[2132,2055,2027,2043],"product_tag":[2554],"sport":[73,455,79],"class_list":{"0":"post-453150","1":"product","2":"type-product","3":"status-publish","4":"has-post-thumbnail","6":"product_cat-boxsacke","7":"product_cat-karate-trainingsmaterial","8":"product_cat-taekwondo-trainingsmaterial","9":"product_cat-trainingsmaterial-boxen","10":"product_tag-kostenvoranschlag","11":"product_shipping_class-schwere-produkte","12":"pa_size-sans-taille","13":"sport-karate","14":"sport-muay-thai","15":"sport-taekwondo","17":"first","18":"instock","19":"taxable","20":"shipping-taxable","21":"purchasable","22":"product-type-simple"},"yoast_head":"<!-- This site is optimized with the Yoast SEO plugin v27.2 - https:\/\/yoast.com\/product\/yoast-seo-wordpress\/ -->\n<title>BOXSACK MIT SILHOUETTE &#8211; Daisho<\/title>\n<meta name=\"robots\" content=\"index, follow, max-snippet:-1, max-image-preview:large, max-video-preview:-1\" \/>\n<link rel=\"canonical\" href=\"https:\/\/www.daisho.be\/de\/produit\/boxsack-mit-silhouette\/\" \/>\n<meta property=\"og:locale\" content=\"de_DE\" \/>\n<meta property=\"og:type\" content=\"article\" \/>\n<meta property=\"og:title\" content=\"BOXSACK MIT SILHOUETTE &#8211; Daisho\" \/>\n<meta property=\"og:description\" content=\"Boxsack aus Polyester, verst\u00e4rkt mit metallischen Aufh\u00e4ngeketten. Vollst\u00e4ndige Silhouette des Boxers in Guard-Position mit verteilten Zahlen, um die Schlagkombinationen zu trainieren. Material: Polyester Besteht aus einer Kette zur Anbringung an einer Halterung (Wand oder Decke) Gr\u00f6\u00dfe des Sacks: 1,45 m Gewicht: 45 kg Der Sack besteht aus einer kompletten Silhouette eines Boxers (in Wachposition) und [&hellip;]\" \/>\n<meta property=\"og:url\" content=\"https:\/\/www.daisho.be\/de\/produit\/boxsack-mit-silhouette\/\" \/>\n<meta property=\"og:site_name\" content=\"Daisho\" \/>\n<meta property=\"article:modified_time\" content=\"2025-11-18T16:39:32+00:00\" \/>\n<meta property=\"og:image\" content=\"https:\/\/www.daisho.be\/wp-content\/uploads\/2024\/11\/image-20.png\" \/>\n\t<meta property=\"og:image:width\" content=\"760\" \/>\n\t<meta property=\"og:image:height\" content=\"1004\" \/>\n\t<meta property=\"og:image:type\" content=\"image\/png\" \/>\n<meta name=\"twitter:card\" content=\"summary_large_image\" \/>\n<meta name=\"twitter:label1\" content=\"Gesch\u00e4tzte Lesezeit\" \/>\n\t<meta name=\"twitter:data1\" content=\"1\u00a0Minute\" \/>\n<script type=\"application\/ld+json\" class=\"yoast-schema-graph\">{\"@context\":\"https:\/\/schema.org\",\"@graph\":[{\"@type\":\"WebPage\",\"@id\":\"https:\/\/www.daisho.be\/de\/produit\/boxsack-mit-silhouette\/\",\"url\":\"https:\/\/www.daisho.be\/de\/produit\/boxsack-mit-silhouette\/\",\"name\":\"BOXSACK MIT SILHOUETTE &#8211; Daisho\",\"isPartOf\":{\"@id\":\"https:\/\/www.daisho.be\/de\/#website\"},\"primaryImageOfPage\":{\"@id\":\"https:\/\/www.daisho.be\/de\/produit\/boxsack-mit-silhouette\/#primaryimage\"},\"image\":{\"@id\":\"https:\/\/www.daisho.be\/de\/produit\/boxsack-mit-silhouette\/#primaryimage\"},\"thumbnailUrl\":\"https:\/\/www.daisho.be\/wp-content\/uploads\/2024\/11\/image-20.png\",\"datePublished\":\"2020-06-26T15:58:17+00:00\",\"dateModified\":\"2025-11-18T16:39:32+00:00\",\"breadcrumb\":{\"@id\":\"https:\/\/www.daisho.be\/de\/produit\/boxsack-mit-silhouette\/#breadcrumb\"},\"inLanguage\":\"de\",\"potentialAction\":[{\"@type\":\"ReadAction\",\"target\":[\"https:\/\/www.daisho.be\/de\/produit\/boxsack-mit-silhouette\/\"]}]},{\"@type\":\"ImageObject\",\"inLanguage\":\"de\",\"@id\":\"https:\/\/www.daisho.be\/de\/produit\/boxsack-mit-silhouette\/#primaryimage\",\"url\":\"https:\/\/www.daisho.be\/wp-content\/uploads\/2024\/11\/image-20.png\",\"contentUrl\":\"https:\/\/www.daisho.be\/wp-content\/uploads\/2024\/11\/image-20.png\",\"width\":760,\"height\":1004,\"caption\":\"BOXSACK MIT SILHOUETTE-1\"},{\"@type\":\"BreadcrumbList\",\"@id\":\"https:\/\/www.daisho.be\/de\/produit\/boxsack-mit-silhouette\/#breadcrumb\",\"itemListElement\":[{\"@type\":\"ListItem\",\"position\":1,\"name\":\"Accueil\",\"item\":\"https:\/\/www.daisho.be\/de\/\"},{\"@type\":\"ListItem\",\"position\":2,\"name\":\"Produkte\",\"item\":\"https:\/\/www.daisho.be\/de\/produkte\/\"},{\"@type\":\"ListItem\",\"position\":3,\"name\":\"Kampfsportarten\",\"item\":\"https:\/\/www.daisho.be\/de\/categorie-produit\/kampfsportarten\/\"},{\"@type\":\"ListItem\",\"position\":4,\"name\":\"Boxs\u00e4cke\",\"item\":\"https:\/\/www.daisho.be\/de\/categorie-produit\/kampfsportarten\/boxsacke\/\"},{\"@type\":\"ListItem\",\"position\":5,\"name\":\"BOXSACK MIT SILHOUETTE\"}]},{\"@type\":\"WebSite\",\"@id\":\"https:\/\/www.daisho.be\/de\/#website\",\"url\":\"https:\/\/www.daisho.be\/de\/\",\"name\":\"Daisho\",\"description\":\"Sp&eacute;cialiste de l'&eacute;quipement sportif d'arts martiaux\",\"publisher\":{\"@id\":\"https:\/\/www.daisho.be\/de\/#organization\"},\"potentialAction\":[{\"@type\":\"SearchAction\",\"target\":{\"@type\":\"EntryPoint\",\"urlTemplate\":\"https:\/\/www.daisho.be\/de\/?s={search_term_string}\"},\"query-input\":{\"@type\":\"PropertyValueSpecification\",\"valueRequired\":true,\"valueName\":\"search_term_string\"}}],\"inLanguage\":\"de\"},{\"@type\":\"Organization\",\"@id\":\"https:\/\/www.daisho.be\/de\/#organization\",\"name\":\"Daisho\",\"url\":\"https:\/\/www.daisho.be\/de\/\",\"logo\":{\"@type\":\"ImageObject\",\"inLanguage\":\"de\",\"@id\":\"https:\/\/www.daisho.be\/de\/#\/schema\/logo\/image\/\",\"url\":\"https:\/\/www.daisho.be\/wp-content\/uploads\/2019\/07\/color-nothing-horizontale4x-e1564486100247.png\",\"contentUrl\":\"https:\/\/www.daisho.be\/wp-content\/uploads\/2019\/07\/color-nothing-horizontale4x-e1564486100247.png\",\"width\":1547,\"height\":385,\"caption\":\"Daisho\"},\"image\":{\"@id\":\"https:\/\/www.daisho.be\/de\/#\/schema\/logo\/image\/\"}}]}<\/script>\n<!-- \/ Yoast SEO plugin. -->","yoast_head_json":{"title":"BOXSACK MIT SILHOUETTE &#8211; Daisho","robots":{"index":"index","follow":"follow","max-snippet":"max-snippet:-1","max-image-preview":"max-image-preview:large","max-video-preview":"max-video-preview:-1"},"canonical":"https:\/\/www.daisho.be\/de\/produit\/boxsack-mit-silhouette\/","og_locale":"de_DE","og_type":"article","og_title":"BOXSACK MIT SILHOUETTE &#8211; Daisho","og_description":"Boxsack aus Polyester, verst\u00e4rkt mit metallischen Aufh\u00e4ngeketten. Vollst\u00e4ndige Silhouette des Boxers in Guard-Position mit verteilten Zahlen, um die Schlagkombinationen zu trainieren. Material: Polyester Besteht aus einer Kette zur Anbringung an einer Halterung (Wand oder Decke) Gr\u00f6\u00dfe des Sacks: 1,45 m Gewicht: 45 kg Der Sack besteht aus einer kompletten Silhouette eines Boxers (in Wachposition) und [&hellip;]","og_url":"https:\/\/www.daisho.be\/de\/produit\/boxsack-mit-silhouette\/","og_site_name":"Daisho","article_modified_time":"2025-11-18T16:39:32+00:00","og_image":[{"width":760,"height":1004,"url":"https:\/\/www.daisho.be\/wp-content\/uploads\/2024\/11\/image-20.png","type":"image\/png"}],"twitter_card":"summary_large_image","twitter_misc":{"Gesch\u00e4tzte Lesezeit":"1\u00a0Minute"},"schema":{"@context":"https:\/\/schema.org","@graph":[{"@type":"WebPage","@id":"https:\/\/www.daisho.be\/de\/produit\/boxsack-mit-silhouette\/","url":"https:\/\/www.daisho.be\/de\/produit\/boxsack-mit-silhouette\/","name":"BOXSACK MIT SILHOUETTE &#8211; Daisho","isPartOf":{"@id":"https:\/\/www.daisho.be\/de\/#website"},"primaryImageOfPage":{"@id":"https:\/\/www.daisho.be\/de\/produit\/boxsack-mit-silhouette\/#primaryimage"},"image":{"@id":"https:\/\/www.daisho.be\/de\/produit\/boxsack-mit-silhouette\/#primaryimage"},"thumbnailUrl":"https:\/\/www.daisho.be\/wp-content\/uploads\/2024\/11\/image-20.png","datePublished":"2020-06-26T15:58:17+00:00","dateModified":"2025-11-18T16:39:32+00:00","breadcrumb":{"@id":"https:\/\/www.daisho.be\/de\/produit\/boxsack-mit-silhouette\/#breadcrumb"},"inLanguage":"de","potentialAction":[{"@type":"ReadAction","target":["https:\/\/www.daisho.be\/de\/produit\/boxsack-mit-silhouette\/"]}]},{"@type":"ImageObject","inLanguage":"de","@id":"https:\/\/www.daisho.be\/de\/produit\/boxsack-mit-silhouette\/#primaryimage","url":"https:\/\/www.daisho.be\/wp-content\/uploads\/2024\/11\/image-20.png","contentUrl":"https:\/\/www.daisho.be\/wp-content\/uploads\/2024\/11\/image-20.png","width":760,"height":1004,"caption":"BOXSACK MIT SILHOUETTE-1"},{"@type":"BreadcrumbList","@id":"https:\/\/www.daisho.be\/de\/produit\/boxsack-mit-silhouette\/#breadcrumb","itemListElement":[{"@type":"ListItem","position":1,"name":"Accueil","item":"https:\/\/www.daisho.be\/de\/"},{"@type":"ListItem","position":2,"name":"Produkte","item":"https:\/\/www.daisho.be\/de\/produkte\/"},{"@type":"ListItem","position":3,"name":"Kampfsportarten","item":"https:\/\/www.daisho.be\/de\/categorie-produit\/kampfsportarten\/"},{"@type":"ListItem","position":4,"name":"Boxs\u00e4cke","item":"https:\/\/www.daisho.be\/de\/categorie-produit\/kampfsportarten\/boxsacke\/"},{"@type":"ListItem","position":5,"name":"BOXSACK MIT SILHOUETTE"}]},{"@type":"WebSite","@id":"https:\/\/www.daisho.be\/de\/#website","url":"https:\/\/www.daisho.be\/de\/","name":"Daisho","description":"Sp&eacute;cialiste de l'&eacute;quipement sportif d'arts martiaux","publisher":{"@id":"https:\/\/www.daisho.be\/de\/#organization"},"potentialAction":[{"@type":"SearchAction","target":{"@type":"EntryPoint","urlTemplate":"https:\/\/www.daisho.be\/de\/?s={search_term_string}"},"query-input":{"@type":"PropertyValueSpecification","valueRequired":true,"valueName":"search_term_string"}}],"inLanguage":"de"},{"@type":"Organization","@id":"https:\/\/www.daisho.be\/de\/#organization","name":"Daisho","url":"https:\/\/www.daisho.be\/de\/","logo":{"@type":"ImageObject","inLanguage":"de","@id":"https:\/\/www.daisho.be\/de\/#\/schema\/logo\/image\/","url":"https:\/\/www.daisho.be\/wp-content\/uploads\/2019\/07\/color-nothing-horizontale4x-e1564486100247.png","contentUrl":"https:\/\/www.daisho.be\/wp-content\/uploads\/2019\/07\/color-nothing-horizontale4x-e1564486100247.png","width":1547,"height":385,"caption":"Daisho"},"image":{"@id":"https:\/\/www.daisho.be\/de\/#\/schema\/logo\/image\/"}}]}},"_links":{"self":[{"href":"https:\/\/www.daisho.be\/de\/wp-json\/wp\/v2\/product\/453150","targetHints":{"allow":["GET"]}}],"collection":[{"href":"https:\/\/www.daisho.be\/de\/wp-json\/wp\/v2\/product"}],"about":[{"href":"https:\/\/www.daisho.be\/de\/wp-json\/wp\/v2\/types\/product"}],"replies":[{"embeddable":true,"href":"https:\/\/www.daisho.be\/de\/wp-json\/wp\/v2\/comments?post=453150"}],"wp:featuredmedia":[{"embeddable":true,"href":"https:\/\/www.daisho.be\/de\/wp-json\/wp\/v2\/media\/453152"}],"wp:attachment":[{"href":"https:\/\/www.daisho.be\/de\/wp-json\/wp\/v2\/media?parent=453150"}],"wp:term":[{"taxonomy":"product_brand","embeddable":true,"href":"https:\/\/www.daisho.be\/de\/wp-json\/wp\/v2\/product_brand?post=453150"},{"taxonomy":"product_cat","embeddable":true,"href":"https:\/\/www.daisho.be\/de\/wp-json\/wp\/v2\/product_cat?post=453150"},{"taxonomy":"product_tag","embeddable":true,"href":"https:\/\/www.daisho.be\/de\/wp-json\/wp\/v2\/product_tag?post=453150"},{"taxonomy":"sport","embeddable":true,"href":"https:\/\/www.daisho.be\/de\/wp-json\/wp\/v2\/sport?post=453150"}],"curies":[{"name":"wp","href":"https:\/\/api.w.org\/{rel}","templated":true}]}}