{"id":453143,"date":"2020-07-09T13:15:52","date_gmt":"2020-07-09T11:15:52","guid":{"rendered":"https:\/\/www.daisho.be\/produit\/tatami-start\/"},"modified":"2026-04-14T14:02:58","modified_gmt":"2026-04-14T12:02:58","slug":"tatami-start","status":"publish","type":"product","link":"https:\/\/www.daisho.be\/de\/produit\/tatami-start\/","title":{"rendered":"TATAMI START"},"content":{"rendered":"<p>Der Tatami Start von ProGame ist eine Einstiegsl\u00f6sung f\u00fcr diejenigen, die in die Welt der Kampfk\u00fcnste einsteigen wollen und f\u00fcr diejenigen, die ihre \u00dcbungen auf sichere Weise durchf\u00fchren m\u00f6chten.<br \/>\nExtrem vielseitig, aus expandiertem Polyethylenschaum, dank seines Puzzle-Haken-Systems kann er in k\u00fcrzester Zeit installiert werden und garantiert eine konstante Leistung bei jeder Art von Training.<br \/>\nAufgrund seiner Leichtigkeit ist es auch ein ausgezeichnetes Produkt f\u00fcr den Hausgebrauch und zur F\u00f6rderung der Motorik von Kindern.<br \/>\nEigenschaften:<br \/>\nFarbe: Grau \/ Schwarz<br \/>\nReversibel.<br \/>\nEmpfohlen f\u00fcr: Fitness zu Hause, Kickboxen, Muay Thai, Kardio-Fitness.<br \/>\nAbmessungen: 1000 x 1000 x 20 mm.<br \/>\nGewicht: 1,4 kg.<br \/>\nHinweis:<br \/>\nDie Abschlusskanten sind nicht im Lieferumfang der Tatamis enthalten.<br \/>\nBitte kontaktieren Sie uns, um die Verf\u00fcgbarkeit von Bordsteinen zu pr\u00fcfen.<\/p>\n","protected":false},"excerpt":{"rendered":"<p>Der Tatami Start von ProGame ist eine Einstiegsl\u00f6sung f\u00fcr diejenigen, die in die Welt der Kampfk\u00fcnste einsteigen wollen und f\u00fcr diejenigen, die ihre \u00dcbungen auf sichere Weise durchf\u00fchren m\u00f6chten. Extrem vielseitig, aus expandiertem Polyethylenschaum, dank seines Puzzle-Haken-Systems kann er in k\u00fcrzester Zeit installiert werden und garantiert eine konstante Leistung bei jeder Art von Training. Aufgrund [&hellip;]<\/p>\n","protected":false},"featured_media":520241,"comment_status":"closed","ping_status":"closed","template":"","meta":{"inline_featured_image":false},"product_brand":[],"product_cat":[2094,2016],"product_tag":[2030],"sport":[73,455,79],"class_list":{"0":"post-453143","1":"product","2":"type-product","3":"status-publish","4":"has-post-thumbnail","6":"product_cat-krav-maga-trainingsmaterial","7":"product_cat-tatamis-fur-judo-karate-und-taekwondo-kampfkunste","8":"product_tag-progame-tatamis-de","9":"product_shipping_class-grose-produkte","10":"pa_size-2-cm","11":"sport-karate","12":"sport-muay-thai","13":"sport-taekwondo","15":"first","16":"instock","17":"taxable","18":"shipping-taxable","19":"purchasable","20":"product-type-variable"},"yoast_head":"<!-- This site is optimized with the Yoast SEO plugin v27.2 - https:\/\/yoast.com\/product\/yoast-seo-wordpress\/ -->\n<title>TATAMI START &#8211; Daisho<\/title>\n<meta name=\"description\" content=\"Die Progame Start-Tatamis sind eine Einstiegsl\u00f6sung und wurden f\u00fcr den Einstieg in die Kampfk\u00fcnste entwickelt. Kaufen Sie sie auf unserer Website www.daisho.be|Daisho\" \/>\n<meta name=\"robots\" content=\"index, follow, max-snippet:-1, max-image-preview:large, max-video-preview:-1\" \/>\n<link rel=\"canonical\" href=\"https:\/\/www.daisho.be\/de\/produit\/tatami-start\/\" \/>\n<meta property=\"og:locale\" content=\"de_DE\" \/>\n<meta property=\"og:type\" content=\"article\" \/>\n<meta property=\"og:title\" content=\"TATAMI START &#8211; Daisho\" \/>\n<meta property=\"og:description\" content=\"Die Progame Start-Tatamis sind eine Einstiegsl\u00f6sung und wurden f\u00fcr den Einstieg in die Kampfk\u00fcnste entwickelt. Kaufen Sie sie auf unserer Website www.daisho.be|Daisho\" \/>\n<meta property=\"og:url\" content=\"https:\/\/www.daisho.be\/de\/produit\/tatami-start\/\" \/>\n<meta property=\"og:site_name\" content=\"Daisho\" \/>\n<meta property=\"article:modified_time\" content=\"2026-04-14T12:02:58+00:00\" \/>\n<meta property=\"og:image\" content=\"https:\/\/www.daisho.be\/wp-content\/uploads\/2023\/11\/image-70.jpg\" \/>\n\t<meta property=\"og:image:width\" content=\"1920\" \/>\n\t<meta property=\"og:image:height\" content=\"1440\" \/>\n\t<meta property=\"og:image:type\" content=\"image\/jpeg\" \/>\n<meta name=\"twitter:card\" content=\"summary_large_image\" \/>\n<meta name=\"twitter:label1\" content=\"Gesch\u00e4tzte Lesezeit\" \/>\n\t<meta name=\"twitter:data1\" content=\"1\u00a0Minute\" \/>\n<script type=\"application\/ld+json\" class=\"yoast-schema-graph\">{\"@context\":\"https:\/\/schema.org\",\"@graph\":[{\"@type\":\"WebPage\",\"@id\":\"https:\/\/www.daisho.be\/de\/produit\/tatami-start\/\",\"url\":\"https:\/\/www.daisho.be\/de\/produit\/tatami-start\/\",\"name\":\"TATAMI START &#8211; Daisho\",\"isPartOf\":{\"@id\":\"https:\/\/www.daisho.be\/de\/#website\"},\"primaryImageOfPage\":{\"@id\":\"https:\/\/www.daisho.be\/de\/produit\/tatami-start\/#primaryimage\"},\"image\":{\"@id\":\"https:\/\/www.daisho.be\/de\/produit\/tatami-start\/#primaryimage\"},\"thumbnailUrl\":\"https:\/\/www.daisho.be\/wp-content\/uploads\/2023\/11\/image-70.jpg\",\"datePublished\":\"2020-07-09T11:15:52+00:00\",\"dateModified\":\"2026-04-14T12:02:58+00:00\",\"description\":\"Die Progame Start-Tatamis sind eine Einstiegsl\u00f6sung und wurden f\u00fcr den Einstieg in die Kampfk\u00fcnste entwickelt. Kaufen Sie sie auf unserer Website www.daisho.be|Daisho\",\"breadcrumb\":{\"@id\":\"https:\/\/www.daisho.be\/de\/produit\/tatami-start\/#breadcrumb\"},\"inLanguage\":\"de\",\"potentialAction\":[{\"@type\":\"ReadAction\",\"target\":[\"https:\/\/www.daisho.be\/de\/produit\/tatami-start\/\"]}]},{\"@type\":\"ImageObject\",\"inLanguage\":\"de\",\"@id\":\"https:\/\/www.daisho.be\/de\/produit\/tatami-start\/#primaryimage\",\"url\":\"https:\/\/www.daisho.be\/wp-content\/uploads\/2023\/11\/image-70.jpg\",\"contentUrl\":\"https:\/\/www.daisho.be\/wp-content\/uploads\/2023\/11\/image-70.jpg\",\"width\":1920,\"height\":1440,\"caption\":\"TATAMI START-1\"},{\"@type\":\"BreadcrumbList\",\"@id\":\"https:\/\/www.daisho.be\/de\/produit\/tatami-start\/#breadcrumb\",\"itemListElement\":[{\"@type\":\"ListItem\",\"position\":1,\"name\":\"Accueil\",\"item\":\"https:\/\/www.daisho.be\/de\/\"},{\"@type\":\"ListItem\",\"position\":2,\"name\":\"Produkte\",\"item\":\"https:\/\/www.daisho.be\/de\/produkte\/\"},{\"@type\":\"ListItem\",\"position\":3,\"name\":\"Ausr\u00fcstung und Kleidung f\u00fcr Kampfkunst und Kampfsport\",\"item\":\"https:\/\/www.daisho.be\/de\/categorie-produit\/ausrustung-und-kleidung-fur-kampfkunst-und-kampfsport\/\"},{\"@type\":\"ListItem\",\"position\":4,\"name\":\"Krav Maga\",\"item\":\"https:\/\/www.daisho.be\/de\/categorie-produit\/ausrustung-und-kleidung-fur-kampfkunst-und-kampfsport\/krav-maga-de\/\"},{\"@type\":\"ListItem\",\"position\":5,\"name\":\"Krav-Maga Trainingsmaterial\",\"item\":\"https:\/\/www.daisho.be\/de\/categorie-produit\/ausrustung-und-kleidung-fur-kampfkunst-und-kampfsport\/krav-maga-de\/krav-maga-trainingsmaterial\/\"},{\"@type\":\"ListItem\",\"position\":6,\"name\":\"TATAMI START\"}]},{\"@type\":\"WebSite\",\"@id\":\"https:\/\/www.daisho.be\/de\/#website\",\"url\":\"https:\/\/www.daisho.be\/de\/\",\"name\":\"Daisho\",\"description\":\"Sp&eacute;cialiste de l'&eacute;quipement sportif d'arts martiaux\",\"publisher\":{\"@id\":\"https:\/\/www.daisho.be\/de\/#organization\"},\"potentialAction\":[{\"@type\":\"SearchAction\",\"target\":{\"@type\":\"EntryPoint\",\"urlTemplate\":\"https:\/\/www.daisho.be\/de\/?s={search_term_string}\"},\"query-input\":{\"@type\":\"PropertyValueSpecification\",\"valueRequired\":true,\"valueName\":\"search_term_string\"}}],\"inLanguage\":\"de\"},{\"@type\":\"Organization\",\"@id\":\"https:\/\/www.daisho.be\/de\/#organization\",\"name\":\"Daisho\",\"url\":\"https:\/\/www.daisho.be\/de\/\",\"logo\":{\"@type\":\"ImageObject\",\"inLanguage\":\"de\",\"@id\":\"https:\/\/www.daisho.be\/de\/#\/schema\/logo\/image\/\",\"url\":\"https:\/\/www.daisho.be\/wp-content\/uploads\/2019\/07\/color-nothing-horizontale4x-e1564486100247.png\",\"contentUrl\":\"https:\/\/www.daisho.be\/wp-content\/uploads\/2019\/07\/color-nothing-horizontale4x-e1564486100247.png\",\"width\":1547,\"height\":385,\"caption\":\"Daisho\"},\"image\":{\"@id\":\"https:\/\/www.daisho.be\/de\/#\/schema\/logo\/image\/\"}}]}<\/script>\n<!-- \/ Yoast SEO plugin. -->","yoast_head_json":{"title":"TATAMI START &#8211; Daisho","description":"Die Progame Start-Tatamis sind eine Einstiegsl\u00f6sung und wurden f\u00fcr den Einstieg in die Kampfk\u00fcnste entwickelt. Kaufen Sie sie auf unserer Website www.daisho.be|Daisho","robots":{"index":"index","follow":"follow","max-snippet":"max-snippet:-1","max-image-preview":"max-image-preview:large","max-video-preview":"max-video-preview:-1"},"canonical":"https:\/\/www.daisho.be\/de\/produit\/tatami-start\/","og_locale":"de_DE","og_type":"article","og_title":"TATAMI START &#8211; Daisho","og_description":"Die Progame Start-Tatamis sind eine Einstiegsl\u00f6sung und wurden f\u00fcr den Einstieg in die Kampfk\u00fcnste entwickelt. Kaufen Sie sie auf unserer Website www.daisho.be|Daisho","og_url":"https:\/\/www.daisho.be\/de\/produit\/tatami-start\/","og_site_name":"Daisho","article_modified_time":"2026-04-14T12:02:58+00:00","og_image":[{"width":1920,"height":1440,"url":"https:\/\/www.daisho.be\/wp-content\/uploads\/2023\/11\/image-70.jpg","type":"image\/jpeg"}],"twitter_card":"summary_large_image","twitter_misc":{"Gesch\u00e4tzte Lesezeit":"1\u00a0Minute"},"schema":{"@context":"https:\/\/schema.org","@graph":[{"@type":"WebPage","@id":"https:\/\/www.daisho.be\/de\/produit\/tatami-start\/","url":"https:\/\/www.daisho.be\/de\/produit\/tatami-start\/","name":"TATAMI START &#8211; Daisho","isPartOf":{"@id":"https:\/\/www.daisho.be\/de\/#website"},"primaryImageOfPage":{"@id":"https:\/\/www.daisho.be\/de\/produit\/tatami-start\/#primaryimage"},"image":{"@id":"https:\/\/www.daisho.be\/de\/produit\/tatami-start\/#primaryimage"},"thumbnailUrl":"https:\/\/www.daisho.be\/wp-content\/uploads\/2023\/11\/image-70.jpg","datePublished":"2020-07-09T11:15:52+00:00","dateModified":"2026-04-14T12:02:58+00:00","description":"Die Progame Start-Tatamis sind eine Einstiegsl\u00f6sung und wurden f\u00fcr den Einstieg in die Kampfk\u00fcnste entwickelt. Kaufen Sie sie auf unserer Website www.daisho.be|Daisho","breadcrumb":{"@id":"https:\/\/www.daisho.be\/de\/produit\/tatami-start\/#breadcrumb"},"inLanguage":"de","potentialAction":[{"@type":"ReadAction","target":["https:\/\/www.daisho.be\/de\/produit\/tatami-start\/"]}]},{"@type":"ImageObject","inLanguage":"de","@id":"https:\/\/www.daisho.be\/de\/produit\/tatami-start\/#primaryimage","url":"https:\/\/www.daisho.be\/wp-content\/uploads\/2023\/11\/image-70.jpg","contentUrl":"https:\/\/www.daisho.be\/wp-content\/uploads\/2023\/11\/image-70.jpg","width":1920,"height":1440,"caption":"TATAMI START-1"},{"@type":"BreadcrumbList","@id":"https:\/\/www.daisho.be\/de\/produit\/tatami-start\/#breadcrumb","itemListElement":[{"@type":"ListItem","position":1,"name":"Accueil","item":"https:\/\/www.daisho.be\/de\/"},{"@type":"ListItem","position":2,"name":"Produkte","item":"https:\/\/www.daisho.be\/de\/produkte\/"},{"@type":"ListItem","position":3,"name":"Ausr\u00fcstung und Kleidung f\u00fcr Kampfkunst und Kampfsport","item":"https:\/\/www.daisho.be\/de\/categorie-produit\/ausrustung-und-kleidung-fur-kampfkunst-und-kampfsport\/"},{"@type":"ListItem","position":4,"name":"Krav Maga","item":"https:\/\/www.daisho.be\/de\/categorie-produit\/ausrustung-und-kleidung-fur-kampfkunst-und-kampfsport\/krav-maga-de\/"},{"@type":"ListItem","position":5,"name":"Krav-Maga Trainingsmaterial","item":"https:\/\/www.daisho.be\/de\/categorie-produit\/ausrustung-und-kleidung-fur-kampfkunst-und-kampfsport\/krav-maga-de\/krav-maga-trainingsmaterial\/"},{"@type":"ListItem","position":6,"name":"TATAMI START"}]},{"@type":"WebSite","@id":"https:\/\/www.daisho.be\/de\/#website","url":"https:\/\/www.daisho.be\/de\/","name":"Daisho","description":"Sp&eacute;cialiste de l'&eacute;quipement sportif d'arts martiaux","publisher":{"@id":"https:\/\/www.daisho.be\/de\/#organization"},"potentialAction":[{"@type":"SearchAction","target":{"@type":"EntryPoint","urlTemplate":"https:\/\/www.daisho.be\/de\/?s={search_term_string}"},"query-input":{"@type":"PropertyValueSpecification","valueRequired":true,"valueName":"search_term_string"}}],"inLanguage":"de"},{"@type":"Organization","@id":"https:\/\/www.daisho.be\/de\/#organization","name":"Daisho","url":"https:\/\/www.daisho.be\/de\/","logo":{"@type":"ImageObject","inLanguage":"de","@id":"https:\/\/www.daisho.be\/de\/#\/schema\/logo\/image\/","url":"https:\/\/www.daisho.be\/wp-content\/uploads\/2019\/07\/color-nothing-horizontale4x-e1564486100247.png","contentUrl":"https:\/\/www.daisho.be\/wp-content\/uploads\/2019\/07\/color-nothing-horizontale4x-e1564486100247.png","width":1547,"height":385,"caption":"Daisho"},"image":{"@id":"https:\/\/www.daisho.be\/de\/#\/schema\/logo\/image\/"}}]}},"_links":{"self":[{"href":"https:\/\/www.daisho.be\/de\/wp-json\/wp\/v2\/product\/453143","targetHints":{"allow":["GET"]}}],"collection":[{"href":"https:\/\/www.daisho.be\/de\/wp-json\/wp\/v2\/product"}],"about":[{"href":"https:\/\/www.daisho.be\/de\/wp-json\/wp\/v2\/types\/product"}],"replies":[{"embeddable":true,"href":"https:\/\/www.daisho.be\/de\/wp-json\/wp\/v2\/comments?post=453143"}],"wp:featuredmedia":[{"embeddable":true,"href":"https:\/\/www.daisho.be\/de\/wp-json\/wp\/v2\/media\/520241"}],"wp:attachment":[{"href":"https:\/\/www.daisho.be\/de\/wp-json\/wp\/v2\/media?parent=453143"}],"wp:term":[{"taxonomy":"product_brand","embeddable":true,"href":"https:\/\/www.daisho.be\/de\/wp-json\/wp\/v2\/product_brand?post=453143"},{"taxonomy":"product_cat","embeddable":true,"href":"https:\/\/www.daisho.be\/de\/wp-json\/wp\/v2\/product_cat?post=453143"},{"taxonomy":"product_tag","embeddable":true,"href":"https:\/\/www.daisho.be\/de\/wp-json\/wp\/v2\/product_tag?post=453143"},{"taxonomy":"sport","embeddable":true,"href":"https:\/\/www.daisho.be\/de\/wp-json\/wp\/v2\/sport?post=453143"}],"curies":[{"name":"wp","href":"https:\/\/api.w.org\/{rel}","templated":true}]}}