{"id":453108,"date":"2020-07-23T13:01:10","date_gmt":"2020-07-23T11:01:10","guid":{"rendered":"https:\/\/www.daisho.be\/produit\/hydroalkoholisches-gel-100ml-flasche-mit-deckel-karton-mit-12-stueck\/"},"modified":"2020-07-23T13:01:10","modified_gmt":"2020-07-23T11:01:10","slug":"hydroalkoholisches-gel-100ml-flasche-mit-deckel-karton-mit-12-stueck","status":"publish","type":"product","link":"https:\/\/www.daisho.be\/de\/produit\/hydroalkoholisches-gel-100ml-flasche-mit-deckel-karton-mit-12-stueck\/","title":{"rendered":"HYDROALKOHOLISCHES GEL &#8211; 100ml Flasche mit Deckel &#8211; Karton mit 12 St\u00fcck"},"content":{"rendered":"<p>H\u00e4ndedesinfektion durch Reibung.<br \/>\nParf\u00fcm- und farbstofffrei.<br \/>\nKein Absp\u00fclen oder Trocknen der H\u00e4nde erforderlich.<br \/>\nEntspricht den Normen EN 13727, EN 1500, EN 12791, EN 13624, EN 14348 und EN 14476.<\/p>\n","protected":false},"excerpt":{"rendered":"<p>H\u00e4ndedesinfektion durch Reibung. Parf\u00fcm- und farbstofffrei. Kein Absp\u00fclen oder Trocknen der H\u00e4nde erforderlich. Entspricht den Normen EN 13727, EN 1500, EN 12791, EN 13624, EN 14348 und EN 14476.<\/p>\n","protected":false},"featured_media":453111,"comment_status":"open","ping_status":"closed","template":"","meta":{"inline_featured_image":false},"product_brand":[],"product_cat":[2203],"product_tag":[2152],"sport":[],"class_list":{"0":"post-453108","1":"product","2":"type-product","3":"status-publish","4":"has-post-thumbnail","6":"product_cat-hygiene-de","7":"product_tag-sporti-de","8":"pa_size-sans-taille","10":"first","11":"instock","12":"taxable","13":"shipping-taxable","14":"purchasable","15":"product-type-variable"},"yoast_head":"<!-- This site is optimized with the Yoast SEO plugin v27.2 - https:\/\/yoast.com\/product\/yoast-seo-wordpress\/ -->\n<title>HYDROALKOHOLISCHES GEL - 100ml Flasche mit Deckel - Karton mit 12 St\u00fcck &#8211; Daisho<\/title>\n<meta name=\"robots\" content=\"index, follow, max-snippet:-1, max-image-preview:large, max-video-preview:-1\" \/>\n<link rel=\"canonical\" href=\"https:\/\/www.daisho.be\/de\/produit\/hydroalkoholisches-gel-100ml-flasche-mit-deckel-karton-mit-12-stueck\/\" \/>\n<meta property=\"og:locale\" content=\"de_DE\" \/>\n<meta property=\"og:type\" content=\"article\" \/>\n<meta property=\"og:title\" content=\"HYDROALKOHOLISCHES GEL - 100ml Flasche mit Deckel - Karton mit 12 St\u00fcck &#8211; Daisho\" \/>\n<meta property=\"og:description\" content=\"H\u00e4ndedesinfektion durch Reibung. Parf\u00fcm- und farbstofffrei. Kein Absp\u00fclen oder Trocknen der H\u00e4nde erforderlich. Entspricht den Normen EN 13727, EN 1500, EN 12791, EN 13624, EN 14348 und EN 14476.\" \/>\n<meta property=\"og:url\" content=\"https:\/\/www.daisho.be\/de\/produit\/hydroalkoholisches-gel-100ml-flasche-mit-deckel-karton-mit-12-stueck\/\" \/>\n<meta property=\"og:site_name\" content=\"Daisho\" \/>\n<meta property=\"og:image\" content=\"https:\/\/www.daisho.be\/wp-content\/uploads\/2020\/07\/image-10.png\" \/>\n\t<meta property=\"og:image:width\" content=\"79\" \/>\n\t<meta property=\"og:image:height\" content=\"125\" \/>\n\t<meta property=\"og:image:type\" content=\"image\/png\" \/>\n<meta name=\"twitter:card\" content=\"summary_large_image\" \/>\n<script type=\"application\/ld+json\" class=\"yoast-schema-graph\">{\"@context\":\"https:\/\/schema.org\",\"@graph\":[{\"@type\":\"WebPage\",\"@id\":\"https:\/\/www.daisho.be\/de\/produit\/hydroalkoholisches-gel-100ml-flasche-mit-deckel-karton-mit-12-stueck\/\",\"url\":\"https:\/\/www.daisho.be\/de\/produit\/hydroalkoholisches-gel-100ml-flasche-mit-deckel-karton-mit-12-stueck\/\",\"name\":\"HYDROALKOHOLISCHES GEL - 100ml Flasche mit Deckel - Karton mit 12 St\u00fcck &#8211; Daisho\",\"isPartOf\":{\"@id\":\"https:\/\/www.daisho.be\/de\/#website\"},\"primaryImageOfPage\":{\"@id\":\"https:\/\/www.daisho.be\/de\/produit\/hydroalkoholisches-gel-100ml-flasche-mit-deckel-karton-mit-12-stueck\/#primaryimage\"},\"image\":{\"@id\":\"https:\/\/www.daisho.be\/de\/produit\/hydroalkoholisches-gel-100ml-flasche-mit-deckel-karton-mit-12-stueck\/#primaryimage\"},\"thumbnailUrl\":\"https:\/\/www.daisho.be\/wp-content\/uploads\/2020\/07\/image-10.png\",\"datePublished\":\"2020-07-23T11:01:10+00:00\",\"breadcrumb\":{\"@id\":\"https:\/\/www.daisho.be\/de\/produit\/hydroalkoholisches-gel-100ml-flasche-mit-deckel-karton-mit-12-stueck\/#breadcrumb\"},\"inLanguage\":\"de\",\"potentialAction\":[{\"@type\":\"ReadAction\",\"target\":[\"https:\/\/www.daisho.be\/de\/produit\/hydroalkoholisches-gel-100ml-flasche-mit-deckel-karton-mit-12-stueck\/\"]}]},{\"@type\":\"ImageObject\",\"inLanguage\":\"de\",\"@id\":\"https:\/\/www.daisho.be\/de\/produit\/hydroalkoholisches-gel-100ml-flasche-mit-deckel-karton-mit-12-stueck\/#primaryimage\",\"url\":\"https:\/\/www.daisho.be\/wp-content\/uploads\/2020\/07\/image-10.png\",\"contentUrl\":\"https:\/\/www.daisho.be\/wp-content\/uploads\/2020\/07\/image-10.png\",\"width\":79,\"height\":125},{\"@type\":\"BreadcrumbList\",\"@id\":\"https:\/\/www.daisho.be\/de\/produit\/hydroalkoholisches-gel-100ml-flasche-mit-deckel-karton-mit-12-stueck\/#breadcrumb\",\"itemListElement\":[{\"@type\":\"ListItem\",\"position\":1,\"name\":\"Accueil\",\"item\":\"https:\/\/www.daisho.be\/de\/\"},{\"@type\":\"ListItem\",\"position\":2,\"name\":\"Produkte\",\"item\":\"https:\/\/www.daisho.be\/de\/produkte\/\"},{\"@type\":\"ListItem\",\"position\":3,\"name\":\"Sportlerpflege\",\"item\":\"https:\/\/www.daisho.be\/de\/categorie-produit\/sportlerpflege\/\"},{\"@type\":\"ListItem\",\"position\":4,\"name\":\"Hygiene\",\"item\":\"https:\/\/www.daisho.be\/de\/categorie-produit\/sportlerpflege\/hygiene-de\/\"},{\"@type\":\"ListItem\",\"position\":5,\"name\":\"HYDROALKOHOLISCHES GEL &#8211; 100ml Flasche mit Deckel &#8211; Karton mit 12 St\u00fcck\"}]},{\"@type\":\"WebSite\",\"@id\":\"https:\/\/www.daisho.be\/de\/#website\",\"url\":\"https:\/\/www.daisho.be\/de\/\",\"name\":\"Daisho\",\"description\":\"Sp&eacute;cialiste de l'&eacute;quipement sportif d'arts martiaux\",\"publisher\":{\"@id\":\"https:\/\/www.daisho.be\/de\/#organization\"},\"potentialAction\":[{\"@type\":\"SearchAction\",\"target\":{\"@type\":\"EntryPoint\",\"urlTemplate\":\"https:\/\/www.daisho.be\/de\/?s={search_term_string}\"},\"query-input\":{\"@type\":\"PropertyValueSpecification\",\"valueRequired\":true,\"valueName\":\"search_term_string\"}}],\"inLanguage\":\"de\"},{\"@type\":\"Organization\",\"@id\":\"https:\/\/www.daisho.be\/de\/#organization\",\"name\":\"Daisho\",\"url\":\"https:\/\/www.daisho.be\/de\/\",\"logo\":{\"@type\":\"ImageObject\",\"inLanguage\":\"de\",\"@id\":\"https:\/\/www.daisho.be\/de\/#\/schema\/logo\/image\/\",\"url\":\"https:\/\/www.daisho.be\/wp-content\/uploads\/2019\/07\/color-nothing-horizontale4x-e1564486100247.png\",\"contentUrl\":\"https:\/\/www.daisho.be\/wp-content\/uploads\/2019\/07\/color-nothing-horizontale4x-e1564486100247.png\",\"width\":1547,\"height\":385,\"caption\":\"Daisho\"},\"image\":{\"@id\":\"https:\/\/www.daisho.be\/de\/#\/schema\/logo\/image\/\"}}]}<\/script>\n<!-- \/ Yoast SEO plugin. -->","yoast_head_json":{"title":"HYDROALKOHOLISCHES GEL - 100ml Flasche mit Deckel - Karton mit 12 St\u00fcck &#8211; Daisho","robots":{"index":"index","follow":"follow","max-snippet":"max-snippet:-1","max-image-preview":"max-image-preview:large","max-video-preview":"max-video-preview:-1"},"canonical":"https:\/\/www.daisho.be\/de\/produit\/hydroalkoholisches-gel-100ml-flasche-mit-deckel-karton-mit-12-stueck\/","og_locale":"de_DE","og_type":"article","og_title":"HYDROALKOHOLISCHES GEL - 100ml Flasche mit Deckel - Karton mit 12 St\u00fcck &#8211; Daisho","og_description":"H\u00e4ndedesinfektion durch Reibung. Parf\u00fcm- und farbstofffrei. Kein Absp\u00fclen oder Trocknen der H\u00e4nde erforderlich. Entspricht den Normen EN 13727, EN 1500, EN 12791, EN 13624, EN 14348 und EN 14476.","og_url":"https:\/\/www.daisho.be\/de\/produit\/hydroalkoholisches-gel-100ml-flasche-mit-deckel-karton-mit-12-stueck\/","og_site_name":"Daisho","og_image":[{"width":79,"height":125,"url":"https:\/\/www.daisho.be\/wp-content\/uploads\/2020\/07\/image-10.png","type":"image\/png"}],"twitter_card":"summary_large_image","schema":{"@context":"https:\/\/schema.org","@graph":[{"@type":"WebPage","@id":"https:\/\/www.daisho.be\/de\/produit\/hydroalkoholisches-gel-100ml-flasche-mit-deckel-karton-mit-12-stueck\/","url":"https:\/\/www.daisho.be\/de\/produit\/hydroalkoholisches-gel-100ml-flasche-mit-deckel-karton-mit-12-stueck\/","name":"HYDROALKOHOLISCHES GEL - 100ml Flasche mit Deckel - Karton mit 12 St\u00fcck &#8211; Daisho","isPartOf":{"@id":"https:\/\/www.daisho.be\/de\/#website"},"primaryImageOfPage":{"@id":"https:\/\/www.daisho.be\/de\/produit\/hydroalkoholisches-gel-100ml-flasche-mit-deckel-karton-mit-12-stueck\/#primaryimage"},"image":{"@id":"https:\/\/www.daisho.be\/de\/produit\/hydroalkoholisches-gel-100ml-flasche-mit-deckel-karton-mit-12-stueck\/#primaryimage"},"thumbnailUrl":"https:\/\/www.daisho.be\/wp-content\/uploads\/2020\/07\/image-10.png","datePublished":"2020-07-23T11:01:10+00:00","breadcrumb":{"@id":"https:\/\/www.daisho.be\/de\/produit\/hydroalkoholisches-gel-100ml-flasche-mit-deckel-karton-mit-12-stueck\/#breadcrumb"},"inLanguage":"de","potentialAction":[{"@type":"ReadAction","target":["https:\/\/www.daisho.be\/de\/produit\/hydroalkoholisches-gel-100ml-flasche-mit-deckel-karton-mit-12-stueck\/"]}]},{"@type":"ImageObject","inLanguage":"de","@id":"https:\/\/www.daisho.be\/de\/produit\/hydroalkoholisches-gel-100ml-flasche-mit-deckel-karton-mit-12-stueck\/#primaryimage","url":"https:\/\/www.daisho.be\/wp-content\/uploads\/2020\/07\/image-10.png","contentUrl":"https:\/\/www.daisho.be\/wp-content\/uploads\/2020\/07\/image-10.png","width":79,"height":125},{"@type":"BreadcrumbList","@id":"https:\/\/www.daisho.be\/de\/produit\/hydroalkoholisches-gel-100ml-flasche-mit-deckel-karton-mit-12-stueck\/#breadcrumb","itemListElement":[{"@type":"ListItem","position":1,"name":"Accueil","item":"https:\/\/www.daisho.be\/de\/"},{"@type":"ListItem","position":2,"name":"Produkte","item":"https:\/\/www.daisho.be\/de\/produkte\/"},{"@type":"ListItem","position":3,"name":"Sportlerpflege","item":"https:\/\/www.daisho.be\/de\/categorie-produit\/sportlerpflege\/"},{"@type":"ListItem","position":4,"name":"Hygiene","item":"https:\/\/www.daisho.be\/de\/categorie-produit\/sportlerpflege\/hygiene-de\/"},{"@type":"ListItem","position":5,"name":"HYDROALKOHOLISCHES GEL &#8211; 100ml Flasche mit Deckel &#8211; Karton mit 12 St\u00fcck"}]},{"@type":"WebSite","@id":"https:\/\/www.daisho.be\/de\/#website","url":"https:\/\/www.daisho.be\/de\/","name":"Daisho","description":"Sp&eacute;cialiste de l'&eacute;quipement sportif d'arts martiaux","publisher":{"@id":"https:\/\/www.daisho.be\/de\/#organization"},"potentialAction":[{"@type":"SearchAction","target":{"@type":"EntryPoint","urlTemplate":"https:\/\/www.daisho.be\/de\/?s={search_term_string}"},"query-input":{"@type":"PropertyValueSpecification","valueRequired":true,"valueName":"search_term_string"}}],"inLanguage":"de"},{"@type":"Organization","@id":"https:\/\/www.daisho.be\/de\/#organization","name":"Daisho","url":"https:\/\/www.daisho.be\/de\/","logo":{"@type":"ImageObject","inLanguage":"de","@id":"https:\/\/www.daisho.be\/de\/#\/schema\/logo\/image\/","url":"https:\/\/www.daisho.be\/wp-content\/uploads\/2019\/07\/color-nothing-horizontale4x-e1564486100247.png","contentUrl":"https:\/\/www.daisho.be\/wp-content\/uploads\/2019\/07\/color-nothing-horizontale4x-e1564486100247.png","width":1547,"height":385,"caption":"Daisho"},"image":{"@id":"https:\/\/www.daisho.be\/de\/#\/schema\/logo\/image\/"}}]}},"_links":{"self":[{"href":"https:\/\/www.daisho.be\/de\/wp-json\/wp\/v2\/product\/453108","targetHints":{"allow":["GET"]}}],"collection":[{"href":"https:\/\/www.daisho.be\/de\/wp-json\/wp\/v2\/product"}],"about":[{"href":"https:\/\/www.daisho.be\/de\/wp-json\/wp\/v2\/types\/product"}],"replies":[{"embeddable":true,"href":"https:\/\/www.daisho.be\/de\/wp-json\/wp\/v2\/comments?post=453108"}],"wp:featuredmedia":[{"embeddable":true,"href":"https:\/\/www.daisho.be\/de\/wp-json\/wp\/v2\/media\/453111"}],"wp:attachment":[{"href":"https:\/\/www.daisho.be\/de\/wp-json\/wp\/v2\/media?parent=453108"}],"wp:term":[{"taxonomy":"product_brand","embeddable":true,"href":"https:\/\/www.daisho.be\/de\/wp-json\/wp\/v2\/product_brand?post=453108"},{"taxonomy":"product_cat","embeddable":true,"href":"https:\/\/www.daisho.be\/de\/wp-json\/wp\/v2\/product_cat?post=453108"},{"taxonomy":"product_tag","embeddable":true,"href":"https:\/\/www.daisho.be\/de\/wp-json\/wp\/v2\/product_tag?post=453108"},{"taxonomy":"sport","embeddable":true,"href":"https:\/\/www.daisho.be\/de\/wp-json\/wp\/v2\/sport?post=453108"}],"curies":[{"name":"wp","href":"https:\/\/api.w.org\/{rel}","templated":true}]}}