{"id":453067,"date":"2020-07-23T16:02:06","date_gmt":"2020-07-23T14:02:06","guid":{"rendered":"https:\/\/www.daisho.be\/produit\/desinfektionsmatte-pro-san-kit\/"},"modified":"2026-03-31T14:52:12","modified_gmt":"2026-03-31T12:52:12","slug":"desinfektionsmatte-pro-san-kit","status":"publish","type":"product","link":"https:\/\/www.daisho.be\/de\/produit\/desinfektionsmatte-pro-san-kit\/","title":{"rendered":"DESINFEKTIONSMATTE PRO-SAN KIT"},"content":{"rendered":"<p>Die Pro-San Matte ist eine desinfizierende Matte, die von ProGame Tatami by Trocellen hergestellt wird.<br \/>\nDas Produkt hat eine Basis aus wasserdichtem, vernetztem Polyethylenschaum und eine Oberseite aus synthetischem Polyestergewebe.<br \/>\nDas graue Reinigungstuch hat eine spezielle dreidimensionale Konstruktion, die in der Lage ist, bis zu 200 cc Fl\u00fcssigkeit f\u00fcr mehr als 2 Stunden zu binden und eine lang anhaltende Absorption zu gew\u00e4hrleisten.<br \/>\nDas Trockengewebe (schwarz) mit einem sehr saugf\u00e4higen Schwamm garantiert eine maximale Trocknungseffizienz bei Kontakt.<br \/>\nDie Pro-San Matte kann am Eingang von Orten wie Dojos, Turnhallen, Spielotheken, Sporthallen, Gesch\u00e4ften&#8230; verlegt werden.<\/p>\n<p>Das Set besteht aus: 1 Clean-Teppich + 1 Dry-Teppich + 2 Abschlusskanten<br \/>\nBei einer Mindestabnahme von 50 Sets kann das Logo des Clubs aufgedruckt werden.<\/p>\n","protected":false},"excerpt":{"rendered":"<p>Die Pro-San Matte ist eine desinfizierende Matte, die von ProGame Tatami by Trocellen hergestellt wird. Das Produkt hat eine Basis aus wasserdichtem, vernetztem Polyethylenschaum und eine Oberseite aus synthetischem Polyestergewebe. Das graue Reinigungstuch hat eine spezielle dreidimensionale Konstruktion, die in der Lage ist, bis zu 200 cc Fl\u00fcssigkeit f\u00fcr mehr als 2 Stunden zu binden [&hellip;]<\/p>\n","protected":false},"featured_media":453069,"comment_status":"closed","ping_status":"closed","template":"","meta":{"inline_featured_image":false},"product_brand":[],"product_cat":[2203,2169,2016],"product_tag":[2030],"sport":[],"class_list":{"0":"post-453067","1":"product","2":"type-product","3":"status-publish","4":"has-post-thumbnail","6":"product_cat-hygiene-de","7":"product_cat-pflege","8":"product_cat-tatamis-fur-judo-karate-und-taekwondo-kampfkunste","9":"product_tag-progame-tatamis-de","10":"pa_size-sans-taille","12":"first","13":"instock","14":"taxable","15":"shipping-taxable","16":"purchasable","17":"product-type-simple"},"yoast_head":"<!-- This site is optimized with the Yoast SEO plugin v27.2 - https:\/\/yoast.com\/product\/yoast-seo-wordpress\/ -->\n<title>DESINFEKTIONSMATTE PRO-SAN KIT &#8211; Daisho<\/title>\n<meta name=\"description\" content=\"Pro-San Desinfektionsmatte, langanhaltende Absorption, effiziente Trocknung, ideal f\u00fcr Sporteing\u00e4nge. Finden Sie sie unter www.daisho.be|Daisho\" \/>\n<meta name=\"robots\" content=\"index, follow, max-snippet:-1, max-image-preview:large, max-video-preview:-1\" \/>\n<link rel=\"canonical\" href=\"https:\/\/www.daisho.be\/de\/produit\/desinfektionsmatte-pro-san-kit\/\" \/>\n<meta property=\"og:locale\" content=\"de_DE\" \/>\n<meta property=\"og:type\" content=\"article\" \/>\n<meta property=\"og:title\" content=\"DESINFEKTIONSMATTE PRO-SAN KIT &#8211; Daisho\" \/>\n<meta property=\"og:description\" content=\"Pro-San Desinfektionsmatte, langanhaltende Absorption, effiziente Trocknung, ideal f\u00fcr Sporteing\u00e4nge. Finden Sie sie unter www.daisho.be|Daisho\" \/>\n<meta property=\"og:url\" content=\"https:\/\/www.daisho.be\/de\/produit\/desinfektionsmatte-pro-san-kit\/\" \/>\n<meta property=\"og:site_name\" content=\"Daisho\" \/>\n<meta property=\"article:modified_time\" content=\"2026-03-31T12:52:12+00:00\" \/>\n<meta property=\"og:image\" content=\"https:\/\/www.daisho.be\/wp-content\/uploads\/2024\/01\/image-160.jpg\" \/>\n\t<meta property=\"og:image:width\" content=\"1190\" \/>\n\t<meta property=\"og:image:height\" content=\"662\" \/>\n\t<meta property=\"og:image:type\" content=\"image\/jpeg\" \/>\n<meta name=\"twitter:card\" content=\"summary_large_image\" \/>\n<meta name=\"twitter:label1\" content=\"Gesch\u00e4tzte Lesezeit\" \/>\n\t<meta name=\"twitter:data1\" content=\"1\u00a0Minute\" \/>\n<script type=\"application\/ld+json\" class=\"yoast-schema-graph\">{\"@context\":\"https:\/\/schema.org\",\"@graph\":[{\"@type\":\"WebPage\",\"@id\":\"https:\/\/www.daisho.be\/de\/produit\/desinfektionsmatte-pro-san-kit\/\",\"url\":\"https:\/\/www.daisho.be\/de\/produit\/desinfektionsmatte-pro-san-kit\/\",\"name\":\"DESINFEKTIONSMATTE PRO-SAN KIT &#8211; Daisho\",\"isPartOf\":{\"@id\":\"https:\/\/www.daisho.be\/de\/#website\"},\"primaryImageOfPage\":{\"@id\":\"https:\/\/www.daisho.be\/de\/produit\/desinfektionsmatte-pro-san-kit\/#primaryimage\"},\"image\":{\"@id\":\"https:\/\/www.daisho.be\/de\/produit\/desinfektionsmatte-pro-san-kit\/#primaryimage\"},\"thumbnailUrl\":\"https:\/\/www.daisho.be\/wp-content\/uploads\/2024\/01\/image-160.jpg\",\"datePublished\":\"2020-07-23T14:02:06+00:00\",\"dateModified\":\"2026-03-31T12:52:12+00:00\",\"description\":\"Pro-San Desinfektionsmatte, langanhaltende Absorption, effiziente Trocknung, ideal f\u00fcr Sporteing\u00e4nge. Finden Sie sie unter www.daisho.be|Daisho\",\"breadcrumb\":{\"@id\":\"https:\/\/www.daisho.be\/de\/produit\/desinfektionsmatte-pro-san-kit\/#breadcrumb\"},\"inLanguage\":\"de\",\"potentialAction\":[{\"@type\":\"ReadAction\",\"target\":[\"https:\/\/www.daisho.be\/de\/produit\/desinfektionsmatte-pro-san-kit\/\"]}]},{\"@type\":\"ImageObject\",\"inLanguage\":\"de\",\"@id\":\"https:\/\/www.daisho.be\/de\/produit\/desinfektionsmatte-pro-san-kit\/#primaryimage\",\"url\":\"https:\/\/www.daisho.be\/wp-content\/uploads\/2024\/01\/image-160.jpg\",\"contentUrl\":\"https:\/\/www.daisho.be\/wp-content\/uploads\/2024\/01\/image-160.jpg\",\"width\":1190,\"height\":662,\"caption\":\"DESINFIZIERENDE MATTE PRO-SAN KIT-1\"},{\"@type\":\"BreadcrumbList\",\"@id\":\"https:\/\/www.daisho.be\/de\/produit\/desinfektionsmatte-pro-san-kit\/#breadcrumb\",\"itemListElement\":[{\"@type\":\"ListItem\",\"position\":1,\"name\":\"Accueil\",\"item\":\"https:\/\/www.daisho.be\/de\/\"},{\"@type\":\"ListItem\",\"position\":2,\"name\":\"Produkte\",\"item\":\"https:\/\/www.daisho.be\/de\/produkte\/\"},{\"@type\":\"ListItem\",\"position\":3,\"name\":\"Sportlerpflege\",\"item\":\"https:\/\/www.daisho.be\/de\/categorie-produit\/sportlerpflege\/\"},{\"@type\":\"ListItem\",\"position\":4,\"name\":\"Hygiene\",\"item\":\"https:\/\/www.daisho.be\/de\/categorie-produit\/sportlerpflege\/hygiene-de\/\"},{\"@type\":\"ListItem\",\"position\":5,\"name\":\"DESINFEKTIONSMATTE PRO-SAN KIT\"}]},{\"@type\":\"WebSite\",\"@id\":\"https:\/\/www.daisho.be\/de\/#website\",\"url\":\"https:\/\/www.daisho.be\/de\/\",\"name\":\"Daisho\",\"description\":\"Sp&eacute;cialiste de l'&eacute;quipement sportif d'arts martiaux\",\"publisher\":{\"@id\":\"https:\/\/www.daisho.be\/de\/#organization\"},\"potentialAction\":[{\"@type\":\"SearchAction\",\"target\":{\"@type\":\"EntryPoint\",\"urlTemplate\":\"https:\/\/www.daisho.be\/de\/?s={search_term_string}\"},\"query-input\":{\"@type\":\"PropertyValueSpecification\",\"valueRequired\":true,\"valueName\":\"search_term_string\"}}],\"inLanguage\":\"de\"},{\"@type\":\"Organization\",\"@id\":\"https:\/\/www.daisho.be\/de\/#organization\",\"name\":\"Daisho\",\"url\":\"https:\/\/www.daisho.be\/de\/\",\"logo\":{\"@type\":\"ImageObject\",\"inLanguage\":\"de\",\"@id\":\"https:\/\/www.daisho.be\/de\/#\/schema\/logo\/image\/\",\"url\":\"https:\/\/www.daisho.be\/wp-content\/uploads\/2019\/07\/color-nothing-horizontale4x-e1564486100247.png\",\"contentUrl\":\"https:\/\/www.daisho.be\/wp-content\/uploads\/2019\/07\/color-nothing-horizontale4x-e1564486100247.png\",\"width\":1547,\"height\":385,\"caption\":\"Daisho\"},\"image\":{\"@id\":\"https:\/\/www.daisho.be\/de\/#\/schema\/logo\/image\/\"}}]}<\/script>\n<!-- \/ Yoast SEO plugin. -->","yoast_head_json":{"title":"DESINFEKTIONSMATTE PRO-SAN KIT &#8211; Daisho","description":"Pro-San Desinfektionsmatte, langanhaltende Absorption, effiziente Trocknung, ideal f\u00fcr Sporteing\u00e4nge. Finden Sie sie unter www.daisho.be|Daisho","robots":{"index":"index","follow":"follow","max-snippet":"max-snippet:-1","max-image-preview":"max-image-preview:large","max-video-preview":"max-video-preview:-1"},"canonical":"https:\/\/www.daisho.be\/de\/produit\/desinfektionsmatte-pro-san-kit\/","og_locale":"de_DE","og_type":"article","og_title":"DESINFEKTIONSMATTE PRO-SAN KIT &#8211; Daisho","og_description":"Pro-San Desinfektionsmatte, langanhaltende Absorption, effiziente Trocknung, ideal f\u00fcr Sporteing\u00e4nge. Finden Sie sie unter www.daisho.be|Daisho","og_url":"https:\/\/www.daisho.be\/de\/produit\/desinfektionsmatte-pro-san-kit\/","og_site_name":"Daisho","article_modified_time":"2026-03-31T12:52:12+00:00","og_image":[{"width":1190,"height":662,"url":"https:\/\/www.daisho.be\/wp-content\/uploads\/2024\/01\/image-160.jpg","type":"image\/jpeg"}],"twitter_card":"summary_large_image","twitter_misc":{"Gesch\u00e4tzte Lesezeit":"1\u00a0Minute"},"schema":{"@context":"https:\/\/schema.org","@graph":[{"@type":"WebPage","@id":"https:\/\/www.daisho.be\/de\/produit\/desinfektionsmatte-pro-san-kit\/","url":"https:\/\/www.daisho.be\/de\/produit\/desinfektionsmatte-pro-san-kit\/","name":"DESINFEKTIONSMATTE PRO-SAN KIT &#8211; Daisho","isPartOf":{"@id":"https:\/\/www.daisho.be\/de\/#website"},"primaryImageOfPage":{"@id":"https:\/\/www.daisho.be\/de\/produit\/desinfektionsmatte-pro-san-kit\/#primaryimage"},"image":{"@id":"https:\/\/www.daisho.be\/de\/produit\/desinfektionsmatte-pro-san-kit\/#primaryimage"},"thumbnailUrl":"https:\/\/www.daisho.be\/wp-content\/uploads\/2024\/01\/image-160.jpg","datePublished":"2020-07-23T14:02:06+00:00","dateModified":"2026-03-31T12:52:12+00:00","description":"Pro-San Desinfektionsmatte, langanhaltende Absorption, effiziente Trocknung, ideal f\u00fcr Sporteing\u00e4nge. Finden Sie sie unter www.daisho.be|Daisho","breadcrumb":{"@id":"https:\/\/www.daisho.be\/de\/produit\/desinfektionsmatte-pro-san-kit\/#breadcrumb"},"inLanguage":"de","potentialAction":[{"@type":"ReadAction","target":["https:\/\/www.daisho.be\/de\/produit\/desinfektionsmatte-pro-san-kit\/"]}]},{"@type":"ImageObject","inLanguage":"de","@id":"https:\/\/www.daisho.be\/de\/produit\/desinfektionsmatte-pro-san-kit\/#primaryimage","url":"https:\/\/www.daisho.be\/wp-content\/uploads\/2024\/01\/image-160.jpg","contentUrl":"https:\/\/www.daisho.be\/wp-content\/uploads\/2024\/01\/image-160.jpg","width":1190,"height":662,"caption":"DESINFIZIERENDE MATTE PRO-SAN KIT-1"},{"@type":"BreadcrumbList","@id":"https:\/\/www.daisho.be\/de\/produit\/desinfektionsmatte-pro-san-kit\/#breadcrumb","itemListElement":[{"@type":"ListItem","position":1,"name":"Accueil","item":"https:\/\/www.daisho.be\/de\/"},{"@type":"ListItem","position":2,"name":"Produkte","item":"https:\/\/www.daisho.be\/de\/produkte\/"},{"@type":"ListItem","position":3,"name":"Sportlerpflege","item":"https:\/\/www.daisho.be\/de\/categorie-produit\/sportlerpflege\/"},{"@type":"ListItem","position":4,"name":"Hygiene","item":"https:\/\/www.daisho.be\/de\/categorie-produit\/sportlerpflege\/hygiene-de\/"},{"@type":"ListItem","position":5,"name":"DESINFEKTIONSMATTE PRO-SAN KIT"}]},{"@type":"WebSite","@id":"https:\/\/www.daisho.be\/de\/#website","url":"https:\/\/www.daisho.be\/de\/","name":"Daisho","description":"Sp&eacute;cialiste de l'&eacute;quipement sportif d'arts martiaux","publisher":{"@id":"https:\/\/www.daisho.be\/de\/#organization"},"potentialAction":[{"@type":"SearchAction","target":{"@type":"EntryPoint","urlTemplate":"https:\/\/www.daisho.be\/de\/?s={search_term_string}"},"query-input":{"@type":"PropertyValueSpecification","valueRequired":true,"valueName":"search_term_string"}}],"inLanguage":"de"},{"@type":"Organization","@id":"https:\/\/www.daisho.be\/de\/#organization","name":"Daisho","url":"https:\/\/www.daisho.be\/de\/","logo":{"@type":"ImageObject","inLanguage":"de","@id":"https:\/\/www.daisho.be\/de\/#\/schema\/logo\/image\/","url":"https:\/\/www.daisho.be\/wp-content\/uploads\/2019\/07\/color-nothing-horizontale4x-e1564486100247.png","contentUrl":"https:\/\/www.daisho.be\/wp-content\/uploads\/2019\/07\/color-nothing-horizontale4x-e1564486100247.png","width":1547,"height":385,"caption":"Daisho"},"image":{"@id":"https:\/\/www.daisho.be\/de\/#\/schema\/logo\/image\/"}}]}},"_links":{"self":[{"href":"https:\/\/www.daisho.be\/de\/wp-json\/wp\/v2\/product\/453067","targetHints":{"allow":["GET"]}}],"collection":[{"href":"https:\/\/www.daisho.be\/de\/wp-json\/wp\/v2\/product"}],"about":[{"href":"https:\/\/www.daisho.be\/de\/wp-json\/wp\/v2\/types\/product"}],"replies":[{"embeddable":true,"href":"https:\/\/www.daisho.be\/de\/wp-json\/wp\/v2\/comments?post=453067"}],"wp:featuredmedia":[{"embeddable":true,"href":"https:\/\/www.daisho.be\/de\/wp-json\/wp\/v2\/media\/453069"}],"wp:attachment":[{"href":"https:\/\/www.daisho.be\/de\/wp-json\/wp\/v2\/media?parent=453067"}],"wp:term":[{"taxonomy":"product_brand","embeddable":true,"href":"https:\/\/www.daisho.be\/de\/wp-json\/wp\/v2\/product_brand?post=453067"},{"taxonomy":"product_cat","embeddable":true,"href":"https:\/\/www.daisho.be\/de\/wp-json\/wp\/v2\/product_cat?post=453067"},{"taxonomy":"product_tag","embeddable":true,"href":"https:\/\/www.daisho.be\/de\/wp-json\/wp\/v2\/product_tag?post=453067"},{"taxonomy":"sport","embeddable":true,"href":"https:\/\/www.daisho.be\/de\/wp-json\/wp\/v2\/sport?post=453067"}],"curies":[{"name":"wp","href":"https:\/\/api.w.org\/{rel}","templated":true}]}}