{"id":453056,"date":"2020-08-01T00:04:04","date_gmt":"2020-07-31T22:04:04","guid":{"rendered":"https:\/\/www.daisho.be\/produit\/sanosil-s003-oberflaechen-desinfektionsmittel-10-kg\/"},"modified":"2026-04-10T09:27:19","modified_gmt":"2026-04-10T07:27:19","slug":"sanosil-s003-oberflaechen-desinfektionsmittel-10-kg","status":"publish","type":"product","link":"https:\/\/www.daisho.be\/de\/produit\/sanosil-s003-oberflaechen-desinfektionsmittel-10-kg\/","title":{"rendered":"SANOSIL S003 OBERFL\u00c4CHEN-DESINFEKTIONSMITTEL &#8211; 10 KG"},"content":{"rendered":"<p>Sanosil Desinfektionsmittel f\u00fcr Ihre Tatamis f\u00fcr Kampfsportarten und Judo- und Karatematten.<br \/>\nSanosil bek\u00e4mpft aktiv Bakterien, Hefepilze, Viren (Grippe, Corona) und Biofilme. Es ist auch wirksam gegen Fu\u00df- und Hautpilze bei Sportlern. <\/p>\n<p>Hergestellt in der Schweiz, DGHM \/ VAH zertifiziert.<br \/>\nGeeignet f\u00fcr Judomatten, Karatematten, Gymnastikmatten, Multisportmatten&#8230; und versiegelte Parkettb\u00f6den. Es greift die Teppiche nicht an und verursacht keine Verf\u00e4rbungen.<br \/>\nReizt die Haut nicht. <\/p>\n<p>Anwendung: Reinigen Sie die Oberfl\u00e4che normal und entfernen Sie Staub und Schmutz. Anschlie\u00dfend Sanosil S002 unverd\u00fcnnt mit einem Tuch auf die gereinigte Fl\u00e4che auftragen, so dass sich ein feuchter Film bildet. Tropfenbildung vermeiden.<br \/>\nWeitere Informationen sind auf Anfrage mit einem Produktdatenblatt in englischer Sprache erh\u00e4ltlich.  <\/p>\n<p>Dies ist die bew\u00e4hrte Sanosil Wasserstoffperoxid\/Silber-Formel. Das Wasserstoffperoxid zerf\u00e4llt nach der Anwendung in Wasser und Sauerstoff. Das Silber verst\u00e4rkt die desinfizierende Wirkung und hemmt die Rekontamination durch den Depoteffekt.  <\/p>\n<p>Geeignet f\u00fcr Wischdesinfektion, Tauchdesinfektion, gezielte Spr\u00fchdesinfektion.<br \/>\nGebrauchsfertig, ohne Alkohole, Chlor, QAC, Farben oder Duftstoffe.<br \/>\nNicht entflammbar.<br \/>\nAuch f\u00fcr Oberfl\u00e4chen geeignet, die mit Lebensmitteln in Ber\u00fchrung kommen.<\/p>\n","protected":false},"excerpt":{"rendered":"<p>Sanosil Desinfektionsmittel f\u00fcr Ihre Tatamis f\u00fcr Kampfsportarten und Judo- und Karatematten. Sanosil bek\u00e4mpft aktiv Bakterien, Hefepilze, Viren (Grippe, Corona) und Biofilme. Es ist auch wirksam gegen Fu\u00df- und Hautpilze bei Sportlern. Hergestellt in der Schweiz, DGHM \/ VAH zertifiziert. Geeignet f\u00fcr Judomatten, Karatematten, Gymnastikmatten, Multisportmatten&#8230; und versiegelte Parkettb\u00f6den. Es greift die Teppiche nicht an und [&hellip;]<\/p>\n","protected":false},"featured_media":515428,"comment_status":"open","ping_status":"closed","template":"","meta":{"inline_featured_image":false},"product_brand":[],"product_cat":[2203,2017,2016],"product_tag":[2204],"sport":[],"class_list":{"0":"post-453056","1":"product","2":"type-product","3":"status-publish","4":"has-post-thumbnail","6":"product_cat-hygiene-de","7":"product_cat-pflegeprodukte","8":"product_cat-tatamis-fur-judo-karate-und-taekwondo-kampfkunste","9":"product_tag-sanosil-de","10":"pa_size-sans-taille-defaut","12":"first","13":"instock","14":"taxable","15":"shipping-taxable","16":"purchasable","17":"product-type-simple"},"yoast_head":"<!-- This site is optimized with the Yoast SEO plugin v27.2 - https:\/\/yoast.com\/product\/yoast-seo-wordpress\/ -->\n<title>SANOSIL S003 OBERFL\u00c4CHEN-DESINFEKTIONSMITTEL - 10 KG &#8211; Daisho<\/title>\n<meta name=\"description\" content=\"Das Sanosil Desinfektionsmittel wurde entwickelt, um alle Oberfl\u00e4chen in Ihren Sporthallen oder Dojos zu reinigen. Sie finden es unter www.daisho.be|Daisho.\" \/>\n<meta name=\"robots\" content=\"index, follow, max-snippet:-1, max-image-preview:large, max-video-preview:-1\" \/>\n<link rel=\"canonical\" href=\"https:\/\/www.daisho.be\/de\/produit\/sanosil-s003-oberflaechen-desinfektionsmittel-10-kg\/\" \/>\n<meta property=\"og:locale\" content=\"de_DE\" \/>\n<meta property=\"og:type\" content=\"article\" \/>\n<meta property=\"og:title\" content=\"SANOSIL S003 OBERFL\u00c4CHEN-DESINFEKTIONSMITTEL - 10 KG &#8211; Daisho\" \/>\n<meta property=\"og:description\" content=\"Das Sanosil Desinfektionsmittel wurde entwickelt, um alle Oberfl\u00e4chen in Ihren Sporthallen oder Dojos zu reinigen. Sie finden es unter www.daisho.be|Daisho.\" \/>\n<meta property=\"og:url\" content=\"https:\/\/www.daisho.be\/de\/produit\/sanosil-s003-oberflaechen-desinfektionsmittel-10-kg\/\" \/>\n<meta property=\"og:site_name\" content=\"Daisho\" \/>\n<meta property=\"article:modified_time\" content=\"2026-04-10T07:27:19+00:00\" \/>\n<meta property=\"og:image\" content=\"https:\/\/www.daisho.be\/wp-content\/uploads\/2025\/04\/image-33.jpg\" \/>\n\t<meta property=\"og:image:width\" content=\"510\" \/>\n\t<meta property=\"og:image:height\" content=\"720\" \/>\n\t<meta property=\"og:image:type\" content=\"image\/jpeg\" \/>\n<meta name=\"twitter:card\" content=\"summary_large_image\" \/>\n<meta name=\"twitter:label1\" content=\"Gesch\u00e4tzte Lesezeit\" \/>\n\t<meta name=\"twitter:data1\" content=\"1\u00a0Minute\" \/>\n<script type=\"application\/ld+json\" class=\"yoast-schema-graph\">{\"@context\":\"https:\/\/schema.org\",\"@graph\":[{\"@type\":\"WebPage\",\"@id\":\"https:\/\/www.daisho.be\/de\/produit\/sanosil-s003-oberflaechen-desinfektionsmittel-10-kg\/\",\"url\":\"https:\/\/www.daisho.be\/de\/produit\/sanosil-s003-oberflaechen-desinfektionsmittel-10-kg\/\",\"name\":\"SANOSIL S003 OBERFL\u00c4CHEN-DESINFEKTIONSMITTEL - 10 KG &#8211; Daisho\",\"isPartOf\":{\"@id\":\"https:\/\/www.daisho.be\/de\/#website\"},\"primaryImageOfPage\":{\"@id\":\"https:\/\/www.daisho.be\/de\/produit\/sanosil-s003-oberflaechen-desinfektionsmittel-10-kg\/#primaryimage\"},\"image\":{\"@id\":\"https:\/\/www.daisho.be\/de\/produit\/sanosil-s003-oberflaechen-desinfektionsmittel-10-kg\/#primaryimage\"},\"thumbnailUrl\":\"https:\/\/www.daisho.be\/wp-content\/uploads\/2025\/04\/image-33.jpg\",\"datePublished\":\"2020-07-31T22:04:04+00:00\",\"dateModified\":\"2026-04-10T07:27:19+00:00\",\"description\":\"Das Sanosil Desinfektionsmittel wurde entwickelt, um alle Oberfl\u00e4chen in Ihren Sporthallen oder Dojos zu reinigen. Sie finden es unter www.daisho.be|Daisho.\",\"breadcrumb\":{\"@id\":\"https:\/\/www.daisho.be\/de\/produit\/sanosil-s003-oberflaechen-desinfektionsmittel-10-kg\/#breadcrumb\"},\"inLanguage\":\"de\",\"potentialAction\":[{\"@type\":\"ReadAction\",\"target\":[\"https:\/\/www.daisho.be\/de\/produit\/sanosil-s003-oberflaechen-desinfektionsmittel-10-kg\/\"]}]},{\"@type\":\"ImageObject\",\"inLanguage\":\"de\",\"@id\":\"https:\/\/www.daisho.be\/de\/produit\/sanosil-s003-oberflaechen-desinfektionsmittel-10-kg\/#primaryimage\",\"url\":\"https:\/\/www.daisho.be\/wp-content\/uploads\/2025\/04\/image-33.jpg\",\"contentUrl\":\"https:\/\/www.daisho.be\/wp-content\/uploads\/2025\/04\/image-33.jpg\",\"width\":510,\"height\":720,\"caption\":\"DESINFEKTIONSMITTEL F\u00dcR OBERFL\u00c4CHEN SANOSIL S003 - 10 KG-1\"},{\"@type\":\"BreadcrumbList\",\"@id\":\"https:\/\/www.daisho.be\/de\/produit\/sanosil-s003-oberflaechen-desinfektionsmittel-10-kg\/#breadcrumb\",\"itemListElement\":[{\"@type\":\"ListItem\",\"position\":1,\"name\":\"Accueil\",\"item\":\"https:\/\/www.daisho.be\/de\/\"},{\"@type\":\"ListItem\",\"position\":2,\"name\":\"Produkte\",\"item\":\"https:\/\/www.daisho.be\/de\/produkte\/\"},{\"@type\":\"ListItem\",\"position\":3,\"name\":\"Sportlerpflege\",\"item\":\"https:\/\/www.daisho.be\/de\/categorie-produit\/sportlerpflege\/\"},{\"@type\":\"ListItem\",\"position\":4,\"name\":\"Hygiene\",\"item\":\"https:\/\/www.daisho.be\/de\/categorie-produit\/sportlerpflege\/hygiene-de\/\"},{\"@type\":\"ListItem\",\"position\":5,\"name\":\"SANOSIL S003 OBERFL\u00c4CHEN-DESINFEKTIONSMITTEL &#8211; 10 KG\"}]},{\"@type\":\"WebSite\",\"@id\":\"https:\/\/www.daisho.be\/de\/#website\",\"url\":\"https:\/\/www.daisho.be\/de\/\",\"name\":\"Daisho\",\"description\":\"Sp&eacute;cialiste de l'&eacute;quipement sportif d'arts martiaux\",\"publisher\":{\"@id\":\"https:\/\/www.daisho.be\/de\/#organization\"},\"potentialAction\":[{\"@type\":\"SearchAction\",\"target\":{\"@type\":\"EntryPoint\",\"urlTemplate\":\"https:\/\/www.daisho.be\/de\/?s={search_term_string}\"},\"query-input\":{\"@type\":\"PropertyValueSpecification\",\"valueRequired\":true,\"valueName\":\"search_term_string\"}}],\"inLanguage\":\"de\"},{\"@type\":\"Organization\",\"@id\":\"https:\/\/www.daisho.be\/de\/#organization\",\"name\":\"Daisho\",\"url\":\"https:\/\/www.daisho.be\/de\/\",\"logo\":{\"@type\":\"ImageObject\",\"inLanguage\":\"de\",\"@id\":\"https:\/\/www.daisho.be\/de\/#\/schema\/logo\/image\/\",\"url\":\"https:\/\/www.daisho.be\/wp-content\/uploads\/2019\/07\/color-nothing-horizontale4x-e1564486100247.png\",\"contentUrl\":\"https:\/\/www.daisho.be\/wp-content\/uploads\/2019\/07\/color-nothing-horizontale4x-e1564486100247.png\",\"width\":1547,\"height\":385,\"caption\":\"Daisho\"},\"image\":{\"@id\":\"https:\/\/www.daisho.be\/de\/#\/schema\/logo\/image\/\"}}]}<\/script>\n<!-- \/ Yoast SEO plugin. -->","yoast_head_json":{"title":"SANOSIL S003 OBERFL\u00c4CHEN-DESINFEKTIONSMITTEL - 10 KG &#8211; Daisho","description":"Das Sanosil Desinfektionsmittel wurde entwickelt, um alle Oberfl\u00e4chen in Ihren Sporthallen oder Dojos zu reinigen. Sie finden es unter www.daisho.be|Daisho.","robots":{"index":"index","follow":"follow","max-snippet":"max-snippet:-1","max-image-preview":"max-image-preview:large","max-video-preview":"max-video-preview:-1"},"canonical":"https:\/\/www.daisho.be\/de\/produit\/sanosil-s003-oberflaechen-desinfektionsmittel-10-kg\/","og_locale":"de_DE","og_type":"article","og_title":"SANOSIL S003 OBERFL\u00c4CHEN-DESINFEKTIONSMITTEL - 10 KG &#8211; Daisho","og_description":"Das Sanosil Desinfektionsmittel wurde entwickelt, um alle Oberfl\u00e4chen in Ihren Sporthallen oder Dojos zu reinigen. Sie finden es unter www.daisho.be|Daisho.","og_url":"https:\/\/www.daisho.be\/de\/produit\/sanosil-s003-oberflaechen-desinfektionsmittel-10-kg\/","og_site_name":"Daisho","article_modified_time":"2026-04-10T07:27:19+00:00","og_image":[{"width":510,"height":720,"url":"https:\/\/www.daisho.be\/wp-content\/uploads\/2025\/04\/image-33.jpg","type":"image\/jpeg"}],"twitter_card":"summary_large_image","twitter_misc":{"Gesch\u00e4tzte Lesezeit":"1\u00a0Minute"},"schema":{"@context":"https:\/\/schema.org","@graph":[{"@type":"WebPage","@id":"https:\/\/www.daisho.be\/de\/produit\/sanosil-s003-oberflaechen-desinfektionsmittel-10-kg\/","url":"https:\/\/www.daisho.be\/de\/produit\/sanosil-s003-oberflaechen-desinfektionsmittel-10-kg\/","name":"SANOSIL S003 OBERFL\u00c4CHEN-DESINFEKTIONSMITTEL - 10 KG &#8211; Daisho","isPartOf":{"@id":"https:\/\/www.daisho.be\/de\/#website"},"primaryImageOfPage":{"@id":"https:\/\/www.daisho.be\/de\/produit\/sanosil-s003-oberflaechen-desinfektionsmittel-10-kg\/#primaryimage"},"image":{"@id":"https:\/\/www.daisho.be\/de\/produit\/sanosil-s003-oberflaechen-desinfektionsmittel-10-kg\/#primaryimage"},"thumbnailUrl":"https:\/\/www.daisho.be\/wp-content\/uploads\/2025\/04\/image-33.jpg","datePublished":"2020-07-31T22:04:04+00:00","dateModified":"2026-04-10T07:27:19+00:00","description":"Das Sanosil Desinfektionsmittel wurde entwickelt, um alle Oberfl\u00e4chen in Ihren Sporthallen oder Dojos zu reinigen. Sie finden es unter www.daisho.be|Daisho.","breadcrumb":{"@id":"https:\/\/www.daisho.be\/de\/produit\/sanosil-s003-oberflaechen-desinfektionsmittel-10-kg\/#breadcrumb"},"inLanguage":"de","potentialAction":[{"@type":"ReadAction","target":["https:\/\/www.daisho.be\/de\/produit\/sanosil-s003-oberflaechen-desinfektionsmittel-10-kg\/"]}]},{"@type":"ImageObject","inLanguage":"de","@id":"https:\/\/www.daisho.be\/de\/produit\/sanosil-s003-oberflaechen-desinfektionsmittel-10-kg\/#primaryimage","url":"https:\/\/www.daisho.be\/wp-content\/uploads\/2025\/04\/image-33.jpg","contentUrl":"https:\/\/www.daisho.be\/wp-content\/uploads\/2025\/04\/image-33.jpg","width":510,"height":720,"caption":"DESINFEKTIONSMITTEL F\u00dcR OBERFL\u00c4CHEN SANOSIL S003 - 10 KG-1"},{"@type":"BreadcrumbList","@id":"https:\/\/www.daisho.be\/de\/produit\/sanosil-s003-oberflaechen-desinfektionsmittel-10-kg\/#breadcrumb","itemListElement":[{"@type":"ListItem","position":1,"name":"Accueil","item":"https:\/\/www.daisho.be\/de\/"},{"@type":"ListItem","position":2,"name":"Produkte","item":"https:\/\/www.daisho.be\/de\/produkte\/"},{"@type":"ListItem","position":3,"name":"Sportlerpflege","item":"https:\/\/www.daisho.be\/de\/categorie-produit\/sportlerpflege\/"},{"@type":"ListItem","position":4,"name":"Hygiene","item":"https:\/\/www.daisho.be\/de\/categorie-produit\/sportlerpflege\/hygiene-de\/"},{"@type":"ListItem","position":5,"name":"SANOSIL S003 OBERFL\u00c4CHEN-DESINFEKTIONSMITTEL &#8211; 10 KG"}]},{"@type":"WebSite","@id":"https:\/\/www.daisho.be\/de\/#website","url":"https:\/\/www.daisho.be\/de\/","name":"Daisho","description":"Sp&eacute;cialiste de l'&eacute;quipement sportif d'arts martiaux","publisher":{"@id":"https:\/\/www.daisho.be\/de\/#organization"},"potentialAction":[{"@type":"SearchAction","target":{"@type":"EntryPoint","urlTemplate":"https:\/\/www.daisho.be\/de\/?s={search_term_string}"},"query-input":{"@type":"PropertyValueSpecification","valueRequired":true,"valueName":"search_term_string"}}],"inLanguage":"de"},{"@type":"Organization","@id":"https:\/\/www.daisho.be\/de\/#organization","name":"Daisho","url":"https:\/\/www.daisho.be\/de\/","logo":{"@type":"ImageObject","inLanguage":"de","@id":"https:\/\/www.daisho.be\/de\/#\/schema\/logo\/image\/","url":"https:\/\/www.daisho.be\/wp-content\/uploads\/2019\/07\/color-nothing-horizontale4x-e1564486100247.png","contentUrl":"https:\/\/www.daisho.be\/wp-content\/uploads\/2019\/07\/color-nothing-horizontale4x-e1564486100247.png","width":1547,"height":385,"caption":"Daisho"},"image":{"@id":"https:\/\/www.daisho.be\/de\/#\/schema\/logo\/image\/"}}]}},"_links":{"self":[{"href":"https:\/\/www.daisho.be\/de\/wp-json\/wp\/v2\/product\/453056","targetHints":{"allow":["GET"]}}],"collection":[{"href":"https:\/\/www.daisho.be\/de\/wp-json\/wp\/v2\/product"}],"about":[{"href":"https:\/\/www.daisho.be\/de\/wp-json\/wp\/v2\/types\/product"}],"replies":[{"embeddable":true,"href":"https:\/\/www.daisho.be\/de\/wp-json\/wp\/v2\/comments?post=453056"}],"wp:featuredmedia":[{"embeddable":true,"href":"https:\/\/www.daisho.be\/de\/wp-json\/wp\/v2\/media\/515428"}],"wp:attachment":[{"href":"https:\/\/www.daisho.be\/de\/wp-json\/wp\/v2\/media?parent=453056"}],"wp:term":[{"taxonomy":"product_brand","embeddable":true,"href":"https:\/\/www.daisho.be\/de\/wp-json\/wp\/v2\/product_brand?post=453056"},{"taxonomy":"product_cat","embeddable":true,"href":"https:\/\/www.daisho.be\/de\/wp-json\/wp\/v2\/product_cat?post=453056"},{"taxonomy":"product_tag","embeddable":true,"href":"https:\/\/www.daisho.be\/de\/wp-json\/wp\/v2\/product_tag?post=453056"},{"taxonomy":"sport","embeddable":true,"href":"https:\/\/www.daisho.be\/de\/wp-json\/wp\/v2\/sport?post=453056"}],"curies":[{"name":"wp","href":"https:\/\/api.w.org\/{rel}","templated":true}]}}